{"id":935,"date":"2024-12-19T03:39:00","date_gmt":"2024-12-19T03:39:00","guid":{"rendered":"https:\/\/fmp-components.com\/product\/10015-factory-price-small-double-acting-hydraulic-piston-cylinder-for-agriculture\/"},"modified":"2024-12-19T09:04:10","modified_gmt":"2024-12-19T09:04:10","slug":"10015-factory-price-small-double-acting-hydraulic-piston-cylinder-for-agriculture","status":"publish","type":"product","link":"https:\/\/fmp-components.com\/fi\/product\/10015-factory-price-small-double-acting-hydraulic-piston-cylinder-for-agriculture\/","title":{"rendered":"10015 Tehtaan hintainen pieni kaksitoiminen hydraulinen m\u00e4nt\u00e4sylinteri maatalouteen"},"content":{"rendered":"<p>Tehdashintainen 10015 pienikokoinen kaksitoiminen hydraulinen m\u00e4nt\u00e4sylinteri on erityisesti suunniteltu vastaamaan maataloussovellusten vaativiin tarpeisiin. T\u00e4m\u00e4 hydraulisylinteri yhdist\u00e4\u00e4 korkean suorituskyvyn ja edullisuuden, ja se on olennainen ty\u00f6kalu maataloustoimintojen tehokkuuden ja tuottavuuden parantamiseen.<\/p>\n<h4>T\u00e4rkeimm\u00e4t ominaisuudet:<\/h4>\n<ul>\n<li><strong>Kaksitoiminen mekanismi:<\/strong><br \/>\nT\u00e4m\u00e4 hydraulinen m\u00e4nt\u00e4sylinteri toimii sek\u00e4 pidennys- ett\u00e4 sis\u00e4\u00e4nvetoasennossa, mik\u00e4 tarjoaa monipuolisia toimintoja monenlaisiin maatalousteht\u00e4viin. Kaksitoiminen rakenne varmistaa tasaisen ja hallitun liikkeen, joten se sopii erinomaisesti esimerkiksi nostamiseen, ty\u00f6nt\u00e4miseen ja vet\u00e4miseen.<\/li>\n<li><strong>Kompakti ja kevyt:<\/strong><br \/>\n10015-sylinterin pieni koko mahdollistaa helpon asennuksen ahtaisiin tiloihin suorituskyvyst\u00e4 tinkim\u00e4tt\u00e4. Sen kevyt rakenne helpottaa ohjattavuutta, joten se sopii erilaisiin maatalouskoneisiin ja -laitteisiin.<\/li>\n<li><strong>Kustannustehokas ratkaisu:<\/strong><br \/>\nTehdashintaan tarjottava hydraulinen m\u00e4nt\u00e4sylinteri tarjoaa erinomaista vastinetta rahalle laadusta tinkim\u00e4tt\u00e4. Se on suunniteltu tarjoamaan luotettavaa suorituskyky\u00e4 ja auttamaan viljelij\u00f6it\u00e4 hallitsemaan kustannuksia tehokkaasti.<\/li>\n<li><strong>Kest\u00e4v\u00e4 rakenne:<\/strong><br \/>\nKorkealaatuisista materiaaleista valmistettu 10015-hydraulisylinteri on suunniteltu kest\u00e4viksi ja pitk\u00e4ik\u00e4isiksi. Se kest\u00e4\u00e4 maatalousymp\u00e4rist\u00f6jen rasitukset ja varmistaa tasaisen suorituskyvyn my\u00f6s haastavissa olosuhteissa.<\/li>\n<li><strong>Suuri kuormituskapasiteetti:<\/strong><br \/>\nT\u00e4m\u00e4 hydraulisylinteri on suunniteltu k\u00e4sittelem\u00e4\u00e4n huomattavia kuormia ja tarjoamaan tarvittavan voiman tehokkaaseen toimintaan. Sen suuri kuormituskapasiteetti parantaa tuottavuutta esimerkiksi maanmuokkauksessa, ty\u00f6koneiden nostamisessa ja lis\u00e4laitteiden k\u00e4yt\u00f6ss\u00e4.<\/li>\n<\/ul>\n<p><img decoding=\"async\" src=\"https:\/\/hzpt.com\/wp-content\/uploads\/2023\/12\/random-2.webp\" alt=\"\" title=\"\"><\/p>\n<h4>Tekniset tiedot:<\/h4>\n<table style=\"width: 95.4545%; height: 176px;\">\n<thead>\n<tr>\n<th>Tekniset tiedot<\/th>\n<th>Kuvaus<\/th>\n<\/tr>\n<\/thead>\n<tbody>\n<tr>\n<td><strong>Rei\u00e4n koko<\/strong><\/td>\n<td>Mukautettava<\/td>\n<\/tr>\n<tr>\n<td><strong>Iskun pituus<\/strong><\/td>\n<td>Erilaisia \u200b\u200bvaihtoehtoja saatavilla<\/td>\n<\/tr>\n<tr>\n<td><strong>Maksimipaine<\/strong><\/td>\n<td>Jopa 3000 PSI:t\u00e4<\/td>\n<\/tr>\n<tr>\n<td><strong>Materiaali<\/strong><\/td>\n<td>Korkealaatuinen ter\u00e4s tai alumiini<\/td>\n<\/tr>\n<tr>\n<td><strong>Yhteystyyppi<\/strong><\/td>\n<td>Laipallinen tai kierteinen<\/td>\n<\/tr>\n<\/tbody>\n<\/table>\n<h4>Toimintaperiaate:<\/h4>\n<p>Pieni kaksitoiminen hydraulinen m\u00e4nt\u00e4sylinteri 10015 toimii hydraulinesteen paineen periaatteella. Kun hydraulinestett\u00e4 pumpataan sylinteriin, se kohdistaa voimaa m\u00e4nt\u00e4\u00e4n, jolloin syntyy lineaarinen liike molempiin suuntiin. T\u00e4m\u00e4 ominaisuus mahdollistaa tehokkaan ja tarkan hallinnan erilaisissa maataloustoiminnoissa, mik\u00e4 parantaa kokonaistehokkuutta.<\/p>\n<p>Tehdashintainen 10015 pienikokoinen kaksitoiminen hydraulinen m\u00e4nt\u00e4sylinteri on luotettava ja kustannustehokas ratkaisu maatalousk\u00e4ytt\u00f6\u00f6n. Sen kest\u00e4v\u00e4 rakenne, kompakti muotoilu ja suuri kuormituskapasiteetti tekev\u00e4t siit\u00e4 korvaamattoman lis\u00e4n mihin tahansa maataloustoimintaan ja auttavat parantamaan tuottavuutta ja tehokkuutta pellolla.<\/p>\n<h2>Usein kysytyt kysymykset<\/h2>\n<p>K1: Mik\u00e4 on t\u00e4m\u00e4n hydraulisen m\u00e4nt\u00e4sylinterin kuormituskapasiteetti?<\/p>\n<p>A1: Sylinteri pystyy k\u00e4sittelem\u00e4\u00e4n raskaita kuormia.<\/p>\n<p>K2: Onko hydraulim\u00e4nt\u00e4sylinteri helppo asentaa?<br \/>\n<img decoding=\"async\" src=\"https:\/\/hzpt.com\/wp-content\/uploads\/2023\/12\/random-3.webp\" alt=\"\" title=\"\"><\/p>\n<p>A2: Kyll\u00e4, tuotteemme mukana tulee kattava asennusopas.<\/p>\n<p>K3: Kuinka usein hydrauliikka\u00f6ljy on vaihdettava?<\/p>\n<p>A3: \u00d6ljy tulee vaihtaa mukana toimitetun k\u00e4ytt\u00f6- ja huolto-oppaan mukaisesti.<\/p>\n<p>K4: Mik\u00e4 on hydraulisen m\u00e4nt\u00e4sylinterin kapasiteetti?<\/p>\n<p>A4: Hydraulinen m\u00e4nt\u00e4sylinterimme tarjoaa suuren kapasiteetin.<\/p>\n<p>K5: Millaisiin koneisiin t\u00e4m\u00e4 hydraulinen m\u00e4nt\u00e4sylinteri sopii?<\/p>\n<p>A5: Se on suunniteltu erityisesti maatalouskoneille.<\/p>\n<h2>Hitsatun T-tyyppisen sylinterin edut<\/h2>\n<ul>\n<li style=\"list-style-type: none;\">\n<ul>\n<li><strong>Lis\u00e4\u00e4ntynyt voima:<\/strong> Hitsatut T-tyyppiset sylinterit tunnetaan suuresta lujuudestaan, mink\u00e4 ansiosta ne sopivat raskasta nostoa vaativiin sovelluksiin. N\u00e4iden sylinterien valmistuksessa k\u00e4ytetty hitsausprosessi varmistaa, ett\u00e4 sylinteriss\u00e4 ei ole heikkoja kohtia ja se kest\u00e4\u00e4 suurta painetta ja rasitusta.<\/li>\n<\/ul>\n<\/li>\n<\/ul>\n<p>Kun sylinteriin kohdistetaan painetta, se jakautuu tasaisesti koko pinnalle, mik\u00e4 tekee siit\u00e4 kest\u00e4v\u00e4n muodonmuutokselle. T\u00e4m\u00e4 ominaisuus varmistaa, ett\u00e4 sylinteri s\u00e4ilytt\u00e4\u00e4 muotonsa ja rakenteellisen eheytens\u00e4 my\u00f6s \u00e4\u00e4rimm\u00e4isiss\u00e4 olosuhteissa.<\/p>\n<ul>\n<li style=\"list-style-type: none;\">\n<ul>\n<li><strong>Vuotojen ehk\u00e4isy:<\/strong> Hitsatut T-tyyppiset sylinterit on suunniteltu est\u00e4m\u00e4\u00e4n vuodot. Valmistusprosessissa k\u00e4ytetty hitsausprosessi varmistaa, ett\u00e4 sylinteri on t\u00e4ysin tiivis ja vapaa mahdollisista vuodoista. T\u00e4m\u00e4 ominaisuus tekee niist\u00e4 sopivia k\u00e4ytett\u00e4v\u00e4ksi sovelluksissa, joissa vuoto voi aiheuttaa vakavia vaurioita tai vammoja.<\/li>\n<\/ul>\n<\/li>\n<\/ul>\n<p>Hitsatut liitokset ovat sileit\u00e4, ilman rakoja tai uria, joihin roskat tai lika voisivat ker\u00e4\u00e4nty\u00e4, mik\u00e4 v\u00e4hent\u00e4\u00e4 korroosion ja sylinterin vaurioitumisen riski\u00e4.<\/p>\n<ul>\n<li style=\"list-style-type: none;\">\n<ul>\n<li><strong>Mukautettava:<\/strong> Hitsattuja T-tyyppisi\u00e4 sylintereit\u00e4 voidaan r\u00e4\u00e4t\u00e4l\u00f6id\u00e4 tiettyihin sovelluksiin. Sylintereit\u00e4 on saatavana eri kokoisina ja muotoisina, ja ne voidaan valmistaa vastaamaan sovelluksen erityisvaatimuksia.<\/li>\n<\/ul>\n<\/li>\n<\/ul>\n<p>R\u00e4\u00e4t\u00e4l\u00f6intiprosessi mahdollistaa sylinterin suorituskyvyn optimoinnin varmistaen, ett\u00e4 se sopii aiottuun k\u00e4ytt\u00f6tarkoitukseen. T\u00e4m\u00e4 ominaisuus tekee hitsatuista T-tyyppisist\u00e4 sylintereist\u00e4 ihanteellisia k\u00e4ytett\u00e4v\u00e4ksi erilaisissa teollisissa sovelluksissa, kuten rakentamisessa, kaivostoiminnassa ja materiaalink\u00e4sittelyss\u00e4.<\/p>\n<ul>\n<li style=\"list-style-type: none;\">\n<ul>\n<li><strong>Kustannustehokas:<\/strong> Hitsatut T-tyyppiset sylinterit ovat kustannustehokkaita verrattuna muuntyyppisiin sylintereihin. N\u00e4iden sylinterien valmistuksessa k\u00e4ytetty valmistusprosessi on yksinkertainen, mink\u00e4 ansiosta ne ovat halvempia kuin muuntyyppiset sylinterit.<\/li>\n<\/ul>\n<\/li>\n<\/ul>\n<p>Lis\u00e4ksi hitsattujen T-tyyppisten sylinterien korkea lujuus ja kest\u00e4vyys v\u00e4hent\u00e4v\u00e4t usein teht\u00e4vien korjausten ja vaihtojen tarvetta, mik\u00e4 s\u00e4\u00e4st\u00e4\u00e4 yll\u00e4pitokustannuksissa. T\u00e4m\u00e4 ominaisuus tekee niist\u00e4 suositun valinnan monilla toimialoilla, erityisesti niill\u00e4, joilla on rajallinen budjetti.<\/p>\n<ul>\n<li style=\"list-style-type: none;\">\n<ul>\n<li><strong>Lis\u00e4\u00e4ntynyt tehokkuus:<\/strong> Hitsatut T-tyyppiset sylinterit ovat eritt\u00e4in tehokkaita ja toimivia. Sylinterin rakenne varmistaa, ett\u00e4 k\u00e4ytetty voima siirtyy suoraan kuormaan, mik\u00e4 v\u00e4hent\u00e4\u00e4 energiah\u00e4vi\u00f6t\u00e4 ja lis\u00e4\u00e4 tehokkuutta.<\/li>\n<\/ul>\n<\/li>\n<\/ul>\n<p>Hitsatut liitokset ovat vahvoja ja j\u00e4ykki\u00e4, mik\u00e4 minimoi taipuman ja varmistaa, ett\u00e4 sylinteri s\u00e4ilytt\u00e4\u00e4 muotonsa ja rakenteellisen eheytens\u00e4 my\u00f6s \u00e4\u00e4rimm\u00e4isiss\u00e4 olosuhteissa. T\u00e4m\u00e4 ominaisuus tekee hitsatuista T-tyyppisist\u00e4 sylintereist\u00e4 ihanteellisia k\u00e4ytett\u00e4v\u00e4ksi sovelluksissa, jotka vaativat korkeaa hy\u00f6tysuhdetta ja luotettavuutta.<\/p>\n<h2>Hitsatun T-tyyppisen sylinterin k\u00e4ytt\u00f6<\/h2>\n<h3>Johdanto<\/h3>\n<p>Hitsattu T-kappale on hydraulinen sylinterityyppi, jota k\u00e4ytet\u00e4\u00e4n yleisesti teollisissa sovelluksissa. Se on suunniteltu tarjoamaan suuri voima kompaktissa ja kustannustehokkaassa paketissa. T\u00e4m\u00e4n tyyppinen sylinteri koostuu hitsatusta T-kappaleesta ja T-kappaleeseen kiinnitetyst\u00e4 m\u00e4nn\u00e4nvarresta. T-kappale on yhdistetty sylinterin runkoon ja sis\u00e4lt\u00e4\u00e4 m\u00e4nn\u00e4n, joka liikkuu edestakaisin rungon sis\u00e4ll\u00e4 voiman tuottamiseksi.<\/p>\n<h3>Hitsatun T-tyyppisen sylinterin edut<\/h3>\n<p>Hitsatun T-tyyppisen sylinterin k\u00e4yt\u00f6ll\u00e4 teollisissa sovelluksissa on useita etuja:<\/p>\n<ul>\n<li><b>Kompakti muotoilu:<\/b> Hitsatut T-tyyppiset sylinterit on suunniteltu kompakteiksi, mik\u00e4 tekee niist\u00e4 ihanteellisia k\u00e4ytett\u00e4v\u00e4ksi sovelluksissa, joissa tilaa on rajoitetusti.<\/li>\n<li><b>Korkea hy\u00f6tysuhde:<\/b> Hitsatut T-tyyppiset sylinterit ovat eritt\u00e4in tehokkaita, mik\u00e4 tarkoittaa, ett\u00e4 ne voivat tuottaa suuren m\u00e4\u00e4r\u00e4n voimaa minimaalisella energiankulutuksella.<\/li>\n<li><b>Kest\u00e4v\u00e4:<\/b> Hitsatut T-tyyppiset sylinterit on suunniteltu eritt\u00e4in kest\u00e4viksi, mik\u00e4 tarkoittaa, ett\u00e4 ne kest\u00e4v\u00e4t ankaria k\u00e4ytt\u00f6olosuhteita ja ovat pitk\u00e4ik\u00e4isi\u00e4.<\/li>\n<li><b>Kustannustehokas:<\/b> Hitsatut T-tyyppiset sylinterit ovat kustannustehokkaita, mik\u00e4 tarkoittaa hyv\u00e4\u00e4 vastinetta rahalle.<\/li>\n<\/ul>\n<h3>Hitsatun T-tyyppisen sylinterin sovellukset<\/h3>\n<p>Hitsattujen T-tyyppisten sylintereiden sovelluksia on monia eri teollisuudenaloilla, mukaan lukien:<\/p>\n<ul>\n<li><b>Valmistus:<\/b> Hitsattuja T-tyyppisi\u00e4 sylintereit\u00e4 k\u00e4ytet\u00e4\u00e4n valmistuksessa koneiden k\u00e4ytt\u00e4miseen, raskaiden kuormien siirt\u00e4miseen ja metalliosien muotoiluun.<\/li>\n<li><b>Maatalous:<\/b> Hitsattuja T-tyyppisi\u00e4 sylintereit\u00e4 k\u00e4ytet\u00e4\u00e4n maataloudessa traktoreiden, puimureiden ja muiden maatalouslaitteiden hydraulij\u00e4rjestelmien k\u00e4ytt\u00e4miseen.<\/li>\n<li><b>Rakentaminen:<\/b> Hitsattuja T-tyyppisi\u00e4 sylintereit\u00e4 k\u00e4ytet\u00e4\u00e4n rakennusalalla koneiden, kuten nostureiden, kaivinkoneiden ja kaivinkoneiden, k\u00e4ytt\u00e4miseen.<\/li>\n<li><b>Kaivostoiminta:<\/b> Hitsattuja T-tyyppisi\u00e4 sylintereit\u00e4 k\u00e4ytet\u00e4\u00e4n kaivosteollisuudessa hydraulisten j\u00e4rjestelmien k\u00e4ytt\u00e4miseen raskaissa laitteissa, kuten puskutraktoreissa, kuormaajissa ja kallioporakoneissa.<\/li>\n<li><b>Kuljetus:<\/b> Hitsattuja T-tyyppisi\u00e4 sylintereit\u00e4 k\u00e4ytet\u00e4\u00e4n kuljetuksessa hydraulij\u00e4rjestelmien k\u00e4ytt\u00e4miseen kuorma-autoissa, linja-autoissa ja muissa ajoneuvoissa.<\/li>\n<\/ul>\n<p>Yhteenvetona voidaan todeta, ett\u00e4 hitsatut T-tyyppiset sylinterit ovat t\u00e4rke\u00e4 komponentti monissa teollisissa sovelluksissa. Ne on suunniteltu kompakteiksi, tehokkaiksi, kest\u00e4viksi ja kustannustehokkaiksi, mik\u00e4 tekee niist\u00e4 ihanteellisen valinnan monenlaisiin sovelluksiin. K\u00e4ytitp\u00e4 sitten koneita tuotantolaitoksessa, maatalouskoneita maatilalla tai raskaita laitteita kaivoksessa, hitsatut T-tyyppiset sylinterit voivat auttaa sinua suorittamaan ty\u00f6t tehokkaasti ja tuloksellisesti.<\/p>\n<p><img loading=\"lazy\" decoding=\"async\" class=\"size-full wp-image-974 aligncenter\" src=\"https:\/\/fmp-components.com\/wp-content\/uploads\/2024\/12\/application-of-Welded-Tee-Type-Cylinder.webp\" alt=\"hitsatun T-tyyppisen sylinterin k\u00e4ytt\u00f6\" width=\"760\" height=\"860\" title=\"\" srcset=\"https:\/\/fmp-components.com\/wp-content\/uploads\/2024\/12\/application-of-Welded-Tee-Type-Cylinder.webp 760w, https:\/\/fmp-components.com\/wp-content\/uploads\/2024\/12\/application-of-Welded-Tee-Type-Cylinder-480x543.webp 480w\" sizes=\"(min-width: 0px) and (max-width: 480px) 480px, (min-width: 481px) 760px, 100vw\" \/><\/p>\n<h3>Tietoja FMP:st\u00e4<\/h3>\n<p>FMP on Italiassa toimiva, yli 30 vuoden kokemuksella toimiva, erityyppisten hydraulisylintereiden ammattimainen valmistaja ja myyj\u00e4. Meill\u00e4 on yli 100 laitetta, mukaan lukien automaattiset kaasusuojatut hitsauskoneet, syv\u00e4reik\u00e4porauskoneet, CNC-sorvit, sylinterihiomakoneet, automaattiset puhdistuskoneet, automaattiset asennuskoneet, automaattiset hydraulisylintereiden suorituskyvyn testauspenkit, automaattiset maalauslinjat ja paljon muuta.<\/p>\n<p>Hydraulisylinterimme ovat korkealaatuisia ja ne on k\u00e4sitelty ja tarkastettu tiukasti varmistaaksemme asiakkaillemme huippuluokan suorituskyvyn. Tarjoamme laajan valikoiman tuotteita, mukaan lukien:<\/p>\n<ul>\n<li>Hydraulinen sylinteri<\/li>\n<li>Hydraulisylinterin korvakorusylinteri<\/li>\n<li>Kaksisuuntainen automaattinen teleskooppinen hydraulisylinteri<\/li>\n<\/ul>\n<p>T\u00e4ss\u00e4 on viisi syyt\u00e4, miksi sinun kannattaa valita FMP:n:<\/p>\n<ol>\n<li><strong>Suunnittelupalvelu:<\/strong> Kokenut suunnittelutiimimme voi auttaa sinua luomaan uusia tuotteita tai parantamaan olemassa olevia tarpeitasi vastaavaksi.<\/li>\n<li><strong>Tuotepalvelu:<\/strong> Raaka-aineista kuljetukseen, tuotteemme k\u00e4yv\u00e4t l\u00e4pi tiukan testauksen ja kokoonpanon laadunvalvontaa varten.<\/li>\n<li><strong>N\u00e4yteprosessi:<\/strong> Voimme kehitt\u00e4\u00e4 n\u00e4ytteit\u00e4 tarpeidesi mukaan ja muokata niit\u00e4 vastaamaan tarpeitasi.<\/li>\n<li><strong>Tutkimus ja kehitys:<\/strong> Tutkimme jatkuvasti uusia markkinatarpeita ja kehit\u00e4mme uusia malleja pysy\u00e4ksemme kehityksen k\u00e4rjess\u00e4.<\/li>\n<li><strong>Korkealaatuiset tuotteet:<\/strong> Hydraulisylinterimme on valmistettu laadukkaista materiaaleista ja ne k\u00e4yv\u00e4t l\u00e4pi tiukat k\u00e4sittely- ja tarkastusprosessit, mik\u00e4 varmistaa parhaan mahdollisen suorituskyvyn ja pitk\u00e4n k\u00e4ytt\u00f6i\u00e4n investoinnillesi.<\/li>\n<\/ol>\n<p>FMP:ll\u00e4 olemme sitoutuneet tarjoamaan asiakkaillemme markkinoiden parhaat hydraulisylinterit. Ota meihin yhteytt\u00e4 jo t\u00e4n\u00e4\u00e4n saadaksesi lis\u00e4tietoja tuotteistamme ja siit\u00e4, miten voimme auttaa sinua t\u00e4ytt\u00e4m\u00e4\u00e4n hydraulisylinteritarpeesi.<\/p>\n<p><img decoding=\"async\" src=\"https:\/\/fmp-components.com\/wp-content\/uploads\/2024\/12\/fmp-factory-4.webp\" alt=\"FMP-tehdas\" width=\"800\" title=\"\"><br \/>\nTekij\u00e4: CX<\/p>","protected":false},"excerpt":{"rendered":"<p>The 10015 Factory Price Small Double Acting Hydraulic Piston Cylinder is specifically designed to meet the demanding needs of agricultural applications. Combining high performance with affordability, this hydraulic cylinder is an essential tool for enhancing efficiency and productivity in farming operations. Key Features: Double Acting Mechanism: This hydraulic piston cylinder operates in both extension and [&hellip;]<\/p>","protected":false},"featured_media":1132,"comment_status":"closed","ping_status":"closed","template":"","meta":{"_et_pb_use_builder":"","_et_pb_old_content":"","_et_gb_content_width":""},"product_brand":[],"product_cat":[31],"product_tag":[34,35],"class_list":{"0":"post-935","1":"product","2":"type-product","3":"status-publish","4":"has-post-thumbnail","6":"product_cat-welded-tee-type-cylinder","7":"product_tag-hydraulic-cylinder","8":"product_tag-welded-tee-type-cylinder","10":"first","11":"instock","12":"product-type-simple"},"_links":{"self":[{"href":"https:\/\/fmp-components.com\/fi\/wp-json\/wp\/v2\/product\/935","targetHints":{"allow":["GET"]}}],"collection":[{"href":"https:\/\/fmp-components.com\/fi\/wp-json\/wp\/v2\/product"}],"about":[{"href":"https:\/\/fmp-components.com\/fi\/wp-json\/wp\/v2\/types\/product"}],"replies":[{"embeddable":true,"href":"https:\/\/fmp-components.com\/fi\/wp-json\/wp\/v2\/comments?post=935"}],"wp:featuredmedia":[{"embeddable":true,"href":"https:\/\/fmp-components.com\/fi\/wp-json\/wp\/v2\/media\/1132"}],"wp:attachment":[{"href":"https:\/\/fmp-components.com\/fi\/wp-json\/wp\/v2\/media?parent=935"}],"wp:term":[{"taxonomy":"product_brand","embeddable":true,"href":"https:\/\/fmp-components.com\/fi\/wp-json\/wp\/v2\/product_brand?post=935"},{"taxonomy":"product_cat","embeddable":true,"href":"https:\/\/fmp-components.com\/fi\/wp-json\/wp\/v2\/product_cat?post=935"},{"taxonomy":"product_tag","embeddable":true,"href":"https:\/\/fmp-components.com\/fi\/wp-json\/wp\/v2\/product_tag?post=935"}],"curies":[{"name":"wp","href":"https:\/\/api.w.org\/{rel}","templated":true}]}}