{"id":930,"date":"2024-12-19T03:39:00","date_gmt":"2024-12-19T03:39:00","guid":{"rendered":"https:\/\/fmp-components.com\/product\/10010-industrial-double-acting-welded-hydraulic-cylinder-for-sale\/"},"modified":"2024-12-19T09:00:52","modified_gmt":"2024-12-19T09:00:52","slug":"10010-industrial-double-acting-welded-hydraulic-cylinder-for-sale","status":"publish","type":"product","link":"https:\/\/fmp-components.com\/fi\/product\/10010-industrial-double-acting-welded-hydraulic-cylinder-for-sale\/","title":{"rendered":"10010 Teollinen kaksitoiminen hitsattu hydraulisylinteri myyt\u00e4v\u00e4n\u00e4"},"content":{"rendered":"<p>10010-sarjan teollisuusk\u00e4ytt\u00f6\u00f6n tarkoitettu kaksitoiminen hitsattu hydraulisylinteri on tehokas ratkaisu vaativiin teollisiin sovelluksiin. Kest\u00e4vyys ja tehokkuus mieless\u00e4 suunniteltu hydraulisylinteri sopii erinomaisesti monenlaisiin k\u00e4ytt\u00f6tarkoituksiin, kuten rakentamiseen, valmistukseen ja raskaiden koneiden k\u00e4ytt\u00f6\u00f6n.<\/p>\n<h4>T\u00e4rkeimm\u00e4t ominaisuudet:<\/h4>\n<ul>\n<li><strong>Kaksitoiminen rakenne:<\/strong><br \/>\nT\u00e4m\u00e4 hydraulisylinteri toimii tehokkaasti sek\u00e4 pidennys- ett\u00e4 sis\u00e4\u00e4nvetoasennossa, mik\u00e4 mahdollistaa monipuoliset k\u00e4ytt\u00f6tarkoitukset. Kaksitoiminen mekanismi varmistaa tasaisen ja hallitun liikkeen, mik\u00e4 tekee siit\u00e4 ihanteellisen teht\u00e4viin, jotka vaativat tarkkaa asemointia ja voimaa.<\/li>\n<li><strong>Hitsattu rakenne:<\/strong><br \/>\nHitsattu rakenne parantaa sylinterin rakenteellista eheytt\u00e4 ja tarjoaa poikkeuksellisen lujuuden ja kest\u00e4vyyden. T\u00e4m\u00e4 vankka rakenne minimoi vuotojen ja vikojen riskin varmistaen luotettavan suorituskyvyn ankarissa ty\u00f6olosuhteissa.<\/li>\n<li><strong>Suuri kuormituskapasiteetti:<\/strong><br \/>\nMerkitt\u00e4vien kuormien k\u00e4sittelyyn rakennettu 10010-hydraulisylinteri pystyy tuottamaan suuren voiman, joten se sopii raskaisiin sovelluksiin. Sen suuri kuormituskapasiteetti varmistaa, ett\u00e4 se pystyy t\u00e4ytt\u00e4m\u00e4\u00e4n erilaisten teollisten teht\u00e4vien vaatimukset vaarantamatta turvallisuutta tai suorituskyky\u00e4.<\/li>\n<li><strong>Korroosionkest\u00e4vyys:<\/strong><br \/>\nKorkealaatuisista materiaaleista valmistettu hydraulisylinteri on korroosio- ja kulumisnkest\u00e4v\u00e4, mik\u00e4 varmistaa pitk\u00e4n k\u00e4ytt\u00f6i\u00e4n my\u00f6s haastavissa ymp\u00e4rist\u00f6iss\u00e4. Kest\u00e4vyytens\u00e4 ansiosta se on ihanteellinen valinta ulkok\u00e4ytt\u00f6\u00f6n, joissa altistuminen s\u00e4\u00e4olosuhteille on huolenaihe.<\/li>\n<li><strong>Monipuoliset sovellukset:<\/strong><br \/>\n10010-sarjan teollisuusk\u00e4ytt\u00f6\u00f6n tarkoitettu kaksitoiminen hitsattu hydraulisylinteri sopii t\u00e4ydellisesti monenlaisiin k\u00e4ytt\u00f6tarkoituksiin, kuten nosto-, ty\u00f6nt\u00f6- ja vetoteht\u00e4viin esimerkiksi rakennus-, maatalous- ja valmistusteollisuudessa.<\/li>\n<\/ul>\n<p><img decoding=\"async\" src=\"https:\/\/hzpt.com\/wp-content\/uploads\/2023\/12\/random-1.webp?v=1694163707\" alt=\"\" title=\"\"><\/p>\n<h4>Tekniset tiedot:<\/h4>\n<table style=\"width: 100.094%; height: 251px;\">\n<thead>\n<tr>\n<th>Tekniset tiedot<\/th>\n<th>Kuvaus<\/th>\n<\/tr>\n<\/thead>\n<tbody>\n<tr>\n<td><strong>Rei\u00e4n koko<\/strong><\/td>\n<td>Mukautettava<\/td>\n<\/tr>\n<tr>\n<td><strong>Iskun pituus<\/strong><\/td>\n<td>Erilaisia \u200b\u200bvaihtoehtoja saatavilla<\/td>\n<\/tr>\n<tr>\n<td><strong>Maksimipaine<\/strong><\/td>\n<td>Jopa 3000 PSI:t\u00e4<\/td>\n<\/tr>\n<tr>\n<td><strong>Materiaali<\/strong><\/td>\n<td>Korkean lujuuden ter\u00e4s<\/td>\n<\/tr>\n<tr>\n<td><strong>Yhteystyyppi<\/strong><\/td>\n<td>Laipallinen tai kierteinen<\/td>\n<\/tr>\n<\/tbody>\n<\/table>\n<h4>Toimintaperiaate:<\/h4>\n<p>Teollinen kaksitoiminen hitsattu 10010-hydraulisylinteri toimii hydraulinesteen paineen periaatteella. Kun hydraulinestett\u00e4 pumpataan sylinteriin, se kohdistaa painetta m\u00e4nt\u00e4\u00e4n, jolloin syntyy lineaarinen voima molempiin suuntiin. T\u00e4m\u00e4 kaksisuuntainen liike on v\u00e4ltt\u00e4m\u00e4t\u00f6nt\u00e4 teht\u00e4viss\u00e4, jotka vaativat tarkkaa ohjausta ja tehokkuutta, mink\u00e4 vuoksi se on kriittinen komponentti monissa hydraulij\u00e4rjestelmiss\u00e4.<\/p>\n<p>Yhteenvetona voidaan todeta, ett\u00e4 10010-sarjan teollisuusk\u00e4ytt\u00f6\u00f6n tarkoitettu kaksitoiminen hitsattu hydraulisylinteri on kest\u00e4v\u00e4 ja tehokas ratkaisu erilaisiin teollisiin sovelluksiin. Sen ainutlaatuiset ominaisuudet, kuten kaksitoiminen rakenne, hitsattu rakenne ja suuri kuormituskapasiteetti, tekev\u00e4t siit\u00e4 olennaisen ty\u00f6kalun tuottavuuden ja luotettavuuden parantamiseksi vaativissa ymp\u00e4rist\u00f6iss\u00e4.<\/p>\n<p>&nbsp;<\/p>\n<p><img decoding=\"async\" src=\"https:\/\/hzpt.com\/wp-content\/uploads\/2023\/12\/random-2.webp\" alt=\"\" title=\"\"><\/p>\n<h2>Hitsatun T-tyyppisen sylinterin edut<\/h2>\n<ul>\n<li style=\"list-style-type: none;\">\n<ul>\n<li><strong>Lis\u00e4\u00e4ntynyt voima:<\/strong> Hitsatut T-tyyppiset sylinterit tunnetaan suuresta lujuudestaan, mink\u00e4 ansiosta ne sopivat raskasta nostoa vaativiin sovelluksiin. N\u00e4iden sylinterien valmistuksessa k\u00e4ytetty hitsausprosessi varmistaa, ett\u00e4 sylinteriss\u00e4 ei ole heikkoja kohtia ja se kest\u00e4\u00e4 suurta painetta ja rasitusta.<\/li>\n<\/ul>\n<\/li>\n<\/ul>\n<p>Kun sylinteriin kohdistetaan painetta, se jakautuu tasaisesti koko pinnalle, mik\u00e4 tekee siit\u00e4 kest\u00e4v\u00e4n muodonmuutokselle. T\u00e4m\u00e4 ominaisuus varmistaa, ett\u00e4 sylinteri s\u00e4ilytt\u00e4\u00e4 muotonsa ja rakenteellisen eheytens\u00e4 my\u00f6s \u00e4\u00e4rimm\u00e4isiss\u00e4 olosuhteissa.<\/p>\n<ul>\n<li style=\"list-style-type: none;\">\n<ul>\n<li><strong>Vuotojen ehk\u00e4isy:<\/strong> Hitsatut T-tyyppiset sylinterit on suunniteltu est\u00e4m\u00e4\u00e4n vuodot. Valmistusprosessissa k\u00e4ytetty hitsausprosessi varmistaa, ett\u00e4 sylinteri on t\u00e4ysin tiivis ja vapaa mahdollisista vuodoista. T\u00e4m\u00e4 ominaisuus tekee niist\u00e4 sopivia k\u00e4ytett\u00e4v\u00e4ksi sovelluksissa, joissa vuoto voi aiheuttaa vakavia vaurioita tai vammoja.<\/li>\n<\/ul>\n<\/li>\n<\/ul>\n<p>Hitsatut liitokset ovat sileit\u00e4, ilman rakoja tai uria, joihin roskat tai lika voisivat ker\u00e4\u00e4nty\u00e4, mik\u00e4 v\u00e4hent\u00e4\u00e4 korroosion ja sylinterin vaurioitumisen riski\u00e4.<\/p>\n<ul>\n<li style=\"list-style-type: none;\">\n<ul>\n<li><strong>Mukautettava:<\/strong> Hitsattuja T-tyyppisi\u00e4 sylintereit\u00e4 voidaan r\u00e4\u00e4t\u00e4l\u00f6id\u00e4 tiettyihin sovelluksiin. Sylintereit\u00e4 on saatavana eri kokoisina ja muotoisina, ja ne voidaan valmistaa vastaamaan sovelluksen erityisvaatimuksia.<\/li>\n<\/ul>\n<\/li>\n<\/ul>\n<p>R\u00e4\u00e4t\u00e4l\u00f6intiprosessi mahdollistaa sylinterin suorituskyvyn optimoinnin varmistaen, ett\u00e4 se sopii aiottuun k\u00e4ytt\u00f6tarkoitukseen. T\u00e4m\u00e4 ominaisuus tekee hitsatuista T-tyyppisist\u00e4 sylintereist\u00e4 ihanteellisia k\u00e4ytett\u00e4v\u00e4ksi erilaisissa teollisissa sovelluksissa, kuten rakentamisessa, kaivostoiminnassa ja materiaalink\u00e4sittelyss\u00e4.<\/p>\n<ul>\n<li style=\"list-style-type: none;\">\n<ul>\n<li><strong>Kustannustehokas:<\/strong> Hitsatut T-tyyppiset sylinterit ovat kustannustehokkaita verrattuna muuntyyppisiin sylintereihin. N\u00e4iden sylinterien valmistuksessa k\u00e4ytetty valmistusprosessi on yksinkertainen, mink\u00e4 ansiosta ne ovat halvempia kuin muuntyyppiset sylinterit.<\/li>\n<\/ul>\n<\/li>\n<\/ul>\n<p>Lis\u00e4ksi hitsattujen T-tyyppisten sylinterien korkea lujuus ja kest\u00e4vyys v\u00e4hent\u00e4v\u00e4t usein teht\u00e4vien korjausten ja vaihtojen tarvetta, mik\u00e4 s\u00e4\u00e4st\u00e4\u00e4 yll\u00e4pitokustannuksissa. T\u00e4m\u00e4 ominaisuus tekee niist\u00e4 suositun valinnan monilla toimialoilla, erityisesti niill\u00e4, joilla on rajallinen budjetti.<\/p>\n<ul>\n<li style=\"list-style-type: none;\">\n<ul>\n<li><strong>Lis\u00e4\u00e4ntynyt tehokkuus:<\/strong> Hitsatut T-tyyppiset sylinterit ovat eritt\u00e4in tehokkaita ja toimivia. Sylinterin rakenne varmistaa, ett\u00e4 k\u00e4ytetty voima siirtyy suoraan kuormaan, mik\u00e4 v\u00e4hent\u00e4\u00e4 energiah\u00e4vi\u00f6t\u00e4 ja lis\u00e4\u00e4 tehokkuutta.<\/li>\n<\/ul>\n<\/li>\n<\/ul>\n<p>Hitsatut liitokset ovat vahvoja ja j\u00e4ykki\u00e4, mik\u00e4 minimoi taipuman ja varmistaa, ett\u00e4 sylinteri s\u00e4ilytt\u00e4\u00e4 muotonsa ja rakenteellisen eheytens\u00e4 my\u00f6s \u00e4\u00e4rimm\u00e4isiss\u00e4 olosuhteissa. T\u00e4m\u00e4 ominaisuus tekee hitsatuista T-tyyppisist\u00e4 sylintereist\u00e4 ihanteellisia k\u00e4ytett\u00e4v\u00e4ksi sovelluksissa, jotka vaativat korkeaa hy\u00f6tysuhdetta ja luotettavuutta.<\/p>\n<h2>Hitsatun T-tyyppisen sylinterin k\u00e4ytt\u00f6<\/h2>\n<ol>\n<li>\n<h3>Autoteollisuus<\/h3>\n<p>Hitsattuja T-tyyppisi\u00e4 sylintereit\u00e4 k\u00e4ytet\u00e4\u00e4n laajalti autoteollisuudessa. Niit\u00e4 k\u00e4ytet\u00e4\u00e4n autojen ovissa, konepeltien ja tavaratilan nostimissa, avoautojen katoissa ja ohjaustehostimissa. N\u00e4it\u00e4 sylintereit\u00e4 suositaan, koska ne pystyv\u00e4t tuottamaan suuren voiman pienell\u00e4 tilantarpeella. T-tyyppinen sylinterirakenne sopii hyvin sovelluksiin, joissa voima on siirrett\u00e4v\u00e4 kahteen eri suuntaan.<\/p>\n<p>Lis\u00e4ksi n\u00e4iden sylinterien hitsattu rakenne mahdollistaa niiden toiminnan korkeissa l\u00e4mp\u00f6tiloissa ja paineissa ilman vuotoja. T\u00e4m\u00e4 tekee niist\u00e4 sopivia k\u00e4ytett\u00e4v\u00e4ksi moottoreissa, vaihteistoissa ja jarruj\u00e4rjestelmiss\u00e4.<\/li>\n<li>\n<h3>Valmistava teollisuus<\/h3>\n<p>Hitsattuja T-tyyppisi\u00e4 sylintereit\u00e4 k\u00e4ytet\u00e4\u00e4n my\u00f6s valmistusteollisuudessa. Niit\u00e4 k\u00e4ytet\u00e4\u00e4n hydraulisissa puristimissa, takomokoneissa ja metallinleikkauskoneissa. N\u00e4iden sylinterien suuri voimantuotto tekee niist\u00e4 ihanteellisia sovelluksiin, joissa tarvitaan paljon voimaa pieness\u00e4 tilassa.<\/p>\n<p>T-tyyppinen sylinterirakenne sopii my\u00f6s hyvin sovelluksiin, joissa voima on siirrett\u00e4v\u00e4 kahteen eri suuntaan. Esimerkiksi hydraulisessa puristimessa T-tyyppist\u00e4 sylinteri\u00e4 voidaan k\u00e4ytt\u00e4\u00e4 voiman kohdistamiseen sek\u00e4 pystysuoraan ett\u00e4 vaakasuoraan, mik\u00e4 mahdollistaa monimutkaisemmat valmistusprosessit.<\/li>\n<li>\n<h3>Ilmailuteollisuus<\/h3>\n<p>Hitsattuja T-tyyppisi\u00e4 sylintereit\u00e4 k\u00e4ytet\u00e4\u00e4n ilmailuteollisuudessa monissa eri sovelluksissa. Niit\u00e4 k\u00e4ytet\u00e4\u00e4n laskutelinej\u00e4rjestelmiss\u00e4, rahtiluukuissa ja lennonohjausj\u00e4rjestelmiss\u00e4. N\u00e4iden sylinterien suuri voimantuotto ja kompakti rakenne tekev\u00e4t niist\u00e4 ihanteellisia k\u00e4ytett\u00e4v\u00e4ksi lentokoneen rajoitetussa tilassa.<\/p>\n<p>N\u00e4iden sylinterien hitsattu rakenne tekee niist\u00e4 my\u00f6s kest\u00e4vi\u00e4 lennon aikana esiintyville korkeille paineille ja l\u00e4mp\u00f6tiloille. Lis\u00e4ksi T-tyyppinen sylinterirakenne mahdollistaa voiman siirt\u00e4misen kahteen eri suuntaan, joten se sopii hyvin sovelluksiin, joissa voima on kohdistettava kulmassa.<\/li>\n<li>\n<h3>Rakennusteollisuus<\/h3>\n<p>Hitsattuja T-yhdetyyppisi\u00e4 sylintereit\u00e4 k\u00e4ytet\u00e4\u00e4n rakennusteollisuudessa raskaisiin nosto- ja siirtosovelluksiin. Niit\u00e4 k\u00e4ytet\u00e4\u00e4n nostureissa, kaivinkoneissa ja traktorikaivureissa. N\u00e4iden sylinterien suuri voimantuotto ja kompakti rakenne tekev\u00e4t niist\u00e4 ihanteellisia k\u00e4ytett\u00e4v\u00e4ksi rakennusty\u00f6maan rajoitetussa tilassa.<\/p>\n<p>T-tyyppisen sylinterin rakenne mahdollistaa voiman siirt\u00e4misen kahteen eri suuntaan, joten se sopii hyvin sovelluksiin, joissa voima on kohdistettava kulmassa. Lis\u00e4ksi n\u00e4iden sylinterien hitsattu rakenne mahdollistaa niiden toiminnan korkeissa paineissa ja l\u00e4mp\u00f6tiloissa ilman vuotoja, mik\u00e4 tekee niist\u00e4 sopivia k\u00e4ytett\u00e4v\u00e4ksi ankarissa ulko-olosuhteissa.<\/li>\n<li><img decoding=\"async\" src=\"https:\/\/hzpt.com\/wp-content\/uploads\/2023\/12\/random-1.webp?v=1694163707\" alt=\"\" title=\"\"><\/li>\n<\/ol>\n<h3>Tietoja FMP:st\u00e4<\/h3>\n<p>FMP on johtava hydraulisylintereiden valmistaja ja toimittaja, jolla on yli 30 vuoden kokemus alalta. Italiassa sijaitseva huippumoderni teollisuusalueemme k\u00e4sitt\u00e4\u00e4 yli 100 edistynytt\u00e4 laitetta, jotka takaavat korkealaatuisen tuotannon. Olemme erikoistuneet erityyppisiin hydraulisylintereihin, kuten automaattisiin kaasusuojattuihin hitsauskoneisiin, syv\u00e4reik\u00e4porauskoneisiin, CNC-sorveihin, sylinterihiomakoneisiin, automaattisiin puhdistuskoneisiin, automaattisiin asennuskoneisiin, automaattisiin hydraulisylintereiden suorituskyvyn testauspenkkeihin ja automaattisiin maalauslinjoihin.<\/p>\n<p><img decoding=\"async\" src=\"https:\/\/fmp-components.com\/wp-content\/uploads\/2024\/12\/fmp-factory-4.webp\" alt=\"FMP-tehdas\" width=\"800\" title=\"\"><\/p>\n<p>FMP:ll\u00e4 olemme ylpeit\u00e4 voidessamme toimittaa poikkeuksellisen laadukkaita tuotteita arvokkaille asiakkaillemme. T\u00e4ss\u00e4 on viisi syyt\u00e4, miksi sinun kannattaa valita tuotteemme ja tehd\u00e4 yhteisty\u00f6t\u00e4 kanssamme:<\/p>\n<ol>\n<li>Tiukka k\u00e4sittely ja tarkastus: Jokainen hydraulisylinteri k\u00e4y l\u00e4pi tiukan k\u00e4sittelyn ja tarkastuksen korkeimpien laatu- ja suorituskykystandardien varmistamiseksi. Asiakastyytyv\u00e4isyys on meille etusijalla.<\/li>\n<li>Suunnittelupalvelu: Kokenut suunnittelutiimimme voi auttaa sinua tuotesuunnittelussa ja -kehityksess\u00e4. Tarvitsetpa sitten uusia tuotteita tai parannuksia olemassa oleviin, olemme t\u00e4\u00e4ll\u00e4 tukemassa sinua.<\/li>\n<li>Kattava tuotepalvelu: Tarjoamme kokonaisvaltaisia \u200b\u200btuotepalveluita raaka-aineista leikkaamiseen, karkeaan k\u00e4sittelyyn, testaukseen, puhdistukseen, kokoonpanoon, pakkaamiseen ja kuljetukseen. Voit luottaa meihin saumattoman valmistusprosessin suhteen.<\/li>\n<li>N\u00e4yteprosessi: Tarjoamme n\u00e4ytteiden kehitt\u00e4mist\u00e4 erityisvaatimustesi mukaisesti. Tiimimme muokkaa n\u00e4ytteit\u00e4 jatkuvasti tarpeidesi mukaan ja varmistaa t\u00e4yden tyytyv\u00e4isyyden.<\/li>\n<li>Tutkimus- ja kehitysvalmiudet: Pysymme kehityksen k\u00e4rjess\u00e4 tutkimalla ja kehitt\u00e4m\u00e4ll\u00e4 uusia malleja uusien markkinatarpeiden ilmaantuessa. Sitoutumisemme innovaatioihin takaa, ett\u00e4 sinulla on aina p\u00e4\u00e4sy uusimpiin ja edistyneimpiin hydraulisylinterituotteisiin.<\/li>\n<\/ol>\n<p>Omistautumisemme huippuosaamiseen, laajan tuotevalikoimamme ja asiakaskeskeisen l\u00e4hestymistapamme ansiosta FMP on ihanteellinen kumppanisi kaikkiin hydraulisylintereihisi. Ota meihin yhteytt\u00e4 jo t\u00e4n\u00e4\u00e4n keskustellaksesi vaatimuksistasi ja kokeaksesi ylivoimaisen laadun ja palvelun, joka erottaa meid\u00e4t kilpailijoista.<\/p>\n<p>Tekij\u00e4: CX<\/p>","protected":false},"excerpt":{"rendered":"<p>The 10010 Industrial Double Acting Welded Hydraulic Cylinder is a high-performance solution designed for demanding industrial applications. Engineered with durability and efficiency in mind, this hydraulic cylinder is ideal for a variety of uses, including construction, manufacturing, and heavy machinery operations. Key Features: Double Acting Design: This hydraulic cylinder functions effectively in both extension and [&hellip;]<\/p>","protected":false},"featured_media":1133,"comment_status":"closed","ping_status":"closed","template":"","meta":{"_et_pb_use_builder":"","_et_pb_old_content":"","_et_gb_content_width":""},"product_brand":[],"product_cat":[31],"product_tag":[34,35],"class_list":{"0":"post-930","1":"product","2":"type-product","3":"status-publish","4":"has-post-thumbnail","6":"product_cat-welded-tee-type-cylinder","7":"product_tag-hydraulic-cylinder","8":"product_tag-welded-tee-type-cylinder","10":"first","11":"instock","12":"product-type-simple"},"_links":{"self":[{"href":"https:\/\/fmp-components.com\/fi\/wp-json\/wp\/v2\/product\/930","targetHints":{"allow":["GET"]}}],"collection":[{"href":"https:\/\/fmp-components.com\/fi\/wp-json\/wp\/v2\/product"}],"about":[{"href":"https:\/\/fmp-components.com\/fi\/wp-json\/wp\/v2\/types\/product"}],"replies":[{"embeddable":true,"href":"https:\/\/fmp-components.com\/fi\/wp-json\/wp\/v2\/comments?post=930"}],"wp:featuredmedia":[{"embeddable":true,"href":"https:\/\/fmp-components.com\/fi\/wp-json\/wp\/v2\/media\/1133"}],"wp:attachment":[{"href":"https:\/\/fmp-components.com\/fi\/wp-json\/wp\/v2\/media?parent=930"}],"wp:term":[{"taxonomy":"product_brand","embeddable":true,"href":"https:\/\/fmp-components.com\/fi\/wp-json\/wp\/v2\/product_brand?post=930"},{"taxonomy":"product_cat","embeddable":true,"href":"https:\/\/fmp-components.com\/fi\/wp-json\/wp\/v2\/product_cat?post=930"},{"taxonomy":"product_tag","embeddable":true,"href":"https:\/\/fmp-components.com\/fi\/wp-json\/wp\/v2\/product_tag?post=930"}],"curies":[{"name":"wp","href":"https:\/\/api.w.org\/{rel}","templated":true}]}}