{"id":927,"date":"2024-12-19T03:39:00","date_gmt":"2024-12-19T03:39:00","guid":{"rendered":"https:\/\/fmp-components.com\/product\/10007-high-quality-double-acting-hydraulic-ram-cylinder-for-sale\/"},"modified":"2024-12-19T09:01:14","modified_gmt":"2024-12-19T09:01:14","slug":"10007-high-quality-double-acting-hydraulic-ram-cylinder-for-sale","status":"publish","type":"product","link":"https:\/\/fmp-components.com\/fi\/product\/10007-high-quality-double-acting-hydraulic-ram-cylinder-for-sale\/","title":{"rendered":"10007 Korkealaatuinen kaksitoiminen hydraulinen sylinteri myyt\u00e4v\u00e4n\u00e4"},"content":{"rendered":"<h3>Tutustu hydraulisylinterin tehoon<\/h3>\n<p>Koe tehokas teho FMP:n ensiluokkaisen laadukkaan kaksitoimisen hydraulisen m\u00e4nn\u00e4n sylinterin avulla. Perustamisestaan \u200b\u200bvuonna 2006 l\u00e4htien FMP on ollut eturintamassa tarjoamalla huippuluokan hydraulisia ratkaisuja teollisuudenaloille ymp\u00e4ri maailmaa ja mullistanut tavan, jolla valjastamme ja hy\u00f6dynn\u00e4mme hydraulista voimaa. Sitoutumalla innovaatioihin ja laatuun FMP on suunnitellut hydraulisen m\u00e4nn\u00e4n sylinterin vastaamaan nykyaikaisten sovellusten vaativiin tarpeisiin varmistaen, ett\u00e4 yritykset voivat toimia huipputehokkaasti.<\/p>\n<p><img loading=\"lazy\" decoding=\"async\" class=\"size-full wp-image-976 aligncenter\" src=\"https:\/\/fmp-components.com\/wp-content\/uploads\/2024\/12\/Welded-Tee-Type-Cylinder2.webp\" alt=\"Hitsattu T-tyyppinen sylinteri\" width=\"764\" height=\"675\" title=\"\" srcset=\"https:\/\/fmp-components.com\/wp-content\/uploads\/2024\/12\/Welded-Tee-Type-Cylinder2.webp 764w, https:\/\/fmp-components.com\/wp-content\/uploads\/2024\/12\/Welded-Tee-Type-Cylinder2-480x424.webp 480w\" sizes=\"(min-width: 0px) and (max-width: 480px) 480px, (min-width: 481px) 764px, 100vw\" \/><\/p>\n<h3>Ominaisuudet ja tekniset tiedot<\/h3>\n<h4>T\u00e4rkeimm\u00e4t tuotteen ominaisuudet<\/h4>\n<ul>\n<li><strong>Energiatehokas:<\/strong><br \/>\nKaksitoiminen hydraulisylinteri on suunniteltu maksimoimaan energiatehokkuus, mik\u00e4 mahdollistaa sen tehokkaan toiminnan ja minimoi energiankulutuksen. T\u00e4m\u00e4 ominaisuus ei ainoastaan \u200b\u200balenna k\u00e4ytt\u00f6kustannuksia, vaan my\u00f6s edist\u00e4\u00e4 ymp\u00e4rist\u00f6n kest\u00e4vyytt\u00e4 pienent\u00e4m\u00e4ll\u00e4 hydraulisten toimintojen kokonaisenergiajalanj\u00e4lke\u00e4.<\/li>\n<li><strong>Korkea operatiivinen tehokkuus:<\/strong><br \/>\nOptimaalista suorituskyky\u00e4 varten suunniteltu hydraulinen m\u00e4nn\u00e4n sylinteri tarjoaa poikkeuksellisen k\u00e4ytt\u00f6tehokkuuden. Sen kest\u00e4v\u00e4 rakenne ja edistynyt suunnittelu mahdollistavat sen luotettavan toiminnan korkeassa paineessa ja raskaissa kuormissa, mik\u00e4 tekee siit\u00e4 ihanteellisen erilaisiin vaativiin teollisiin sovelluksiin.<\/li>\n<li><strong>Turvallinen ja luotettava:<\/strong><br \/>\nTurvallisuus on ensiarvoisen t\u00e4rke\u00e4\u00e4 hydraulisen m\u00e4nn\u00e4n sylinterin suunnittelussa. Korkealaatuisista materiaaleista valmistettu ja edistyksellisi\u00e4 turvaominaisuuksia sis\u00e4lt\u00e4v\u00e4 sylinteri on vuotojen ja vikojen kest\u00e4v\u00e4. T\u00e4m\u00e4 luotettavuus varmistaa, ett\u00e4 k\u00e4ytt\u00e4j\u00e4t voivat ty\u00f6skennell\u00e4 luottavaisin mielin tiet\u00e4en, ett\u00e4 laite on turvallinen ja luotettava jopa haastavimmissakin ymp\u00e4rist\u00f6iss\u00e4.<\/li>\n<\/ul>\n<h3>Hydraulisten j\u00e4rjestelmien toimintaperiaate<\/h3>\n<p>Hydraulinen m\u00e4nn\u00e4n sylinteri toimii nestepaineen perusperiaatteella. Kun hydraulinestett\u00e4 sy\u00f6tet\u00e4\u00e4n sylinteriin, se kohdistaa painetta sylinterin sis\u00e4ll\u00e4 olevaan m\u00e4nt\u00e4\u00e4n. T\u00e4m\u00e4 paine tuottaa lineaarisen voiman, jonka ansiosta m\u00e4nt\u00e4 voi liikkua molempiin suuntiin, mik\u00e4 on olennaista monissa sovelluksissa.<\/p>\n<p>Kun hydraulineste virtaa sylinteriin, se ty\u00f6nt\u00e4\u00e4 m\u00e4nt\u00e4\u00e4 luoden tarvittavan voiman raskaiden kuormien nostamiseen tai siirt\u00e4miseen. Kaksitoiminen rakenne mahdollistaa sylinterin ty\u00f6skentelyn sek\u00e4 ojennus- ett\u00e4 sis\u00e4\u00e4nvetovaiheessa, mik\u00e4 maksimoi tehokkuuden ja monipuolisuuden. T\u00e4m\u00e4 toimintaperiaate tekee hydraulij\u00e4rjestelmist\u00e4 niin tehokkaita ja toimivia erilaisissa teollisissa sovelluksissa rakentamisesta valmistukseen.<\/p>\n<p>Yhteenvetona voidaan todeta, ett\u00e4 FMP:n kaksitoiminen hydraulinen m\u00e4nn\u00e4nsylinteri on tehokkuuden ja luotettavuuden voimanpes\u00e4. Ainutlaatuisten ominaisuuksiensa, teknisten tietojensa ja vankan toimintaperiaatteensa ansiosta se on v\u00e4ltt\u00e4m\u00e4t\u00f6n ty\u00f6kalu yrityksille, jotka haluavat parantaa hydrauliikkatoimintojaan ja saavuttaa suuremman tuottavuuden. Koe hydrauliteknologian teho FMP:n avulla ja mullista tapa, jolla hy\u00f6dynn\u00e4t energiaa toiminnoissasi.<\/p>\n<p><img decoding=\"async\" src=\"https:\/\/hzpt.com\/wp-content\/uploads\/2023\/12\/random-2.webp\" alt=\"\" title=\"\"><\/p>\n<h2>Hitsatun T-tyyppisen sylinterin edut<\/h2>\n<ul>\n<li style=\"list-style-type: none;\">\n<ul>\n<li><strong>Lis\u00e4\u00e4ntynyt voima:<\/strong> Hitsatut T-tyyppiset sylinterit tunnetaan suuresta lujuudestaan, mink\u00e4 ansiosta ne sopivat raskasta nostoa vaativiin sovelluksiin. N\u00e4iden sylinterien valmistuksessa k\u00e4ytetty hitsausprosessi varmistaa, ett\u00e4 sylinteriss\u00e4 ei ole heikkoja kohtia ja se kest\u00e4\u00e4 suurta painetta ja rasitusta.<\/li>\n<\/ul>\n<\/li>\n<\/ul>\n<p>Kun sylinteriin kohdistetaan painetta, se jakautuu tasaisesti koko pinnalle, mik\u00e4 tekee siit\u00e4 kest\u00e4v\u00e4n muodonmuutokselle. T\u00e4m\u00e4 ominaisuus varmistaa, ett\u00e4 sylinteri s\u00e4ilytt\u00e4\u00e4 muotonsa ja rakenteellisen eheytens\u00e4 my\u00f6s \u00e4\u00e4rimm\u00e4isiss\u00e4 olosuhteissa.<\/p>\n<ul>\n<li style=\"list-style-type: none;\">\n<ul>\n<li><strong>Vuotojen ehk\u00e4isy:<\/strong> Hitsatut T-tyyppiset sylinterit on suunniteltu est\u00e4m\u00e4\u00e4n vuodot. Valmistusprosessissa k\u00e4ytetty hitsausprosessi varmistaa, ett\u00e4 sylinteri on t\u00e4ysin tiivis ja vapaa mahdollisista vuodoista. T\u00e4m\u00e4 ominaisuus tekee niist\u00e4 sopivia k\u00e4ytett\u00e4v\u00e4ksi sovelluksissa, joissa vuoto voi aiheuttaa vakavia vaurioita tai vammoja.<\/li>\n<\/ul>\n<\/li>\n<\/ul>\n<p>Hitsatut liitokset ovat sileit\u00e4, ilman rakoja tai uria, joihin roskat tai lika voisivat ker\u00e4\u00e4nty\u00e4, mik\u00e4 v\u00e4hent\u00e4\u00e4 korroosion ja sylinterin vaurioitumisen riski\u00e4.<\/p>\n<ul>\n<li style=\"list-style-type: none;\">\n<ul>\n<li><strong>Mukautettava:<\/strong> Hitsattuja T-tyyppisi\u00e4 sylintereit\u00e4 voidaan r\u00e4\u00e4t\u00e4l\u00f6id\u00e4 tiettyihin sovelluksiin. Sylintereit\u00e4 on saatavana eri kokoisina ja muotoisina, ja ne voidaan valmistaa vastaamaan sovelluksen erityisvaatimuksia.<\/li>\n<\/ul>\n<\/li>\n<\/ul>\n<p>R\u00e4\u00e4t\u00e4l\u00f6intiprosessi mahdollistaa sylinterin suorituskyvyn optimoinnin varmistaen, ett\u00e4 se sopii aiottuun k\u00e4ytt\u00f6tarkoitukseen. T\u00e4m\u00e4 ominaisuus tekee hitsatuista T-tyyppisist\u00e4 sylintereist\u00e4 ihanteellisia k\u00e4ytett\u00e4v\u00e4ksi erilaisissa teollisissa sovelluksissa, kuten rakentamisessa, kaivostoiminnassa ja materiaalink\u00e4sittelyss\u00e4.<\/p>\n<ul>\n<li style=\"list-style-type: none;\">\n<ul>\n<li><strong>Kustannustehokas:<\/strong> Hitsatut T-tyyppiset sylinterit ovat kustannustehokkaita verrattuna muuntyyppisiin sylintereihin. N\u00e4iden sylinterien valmistuksessa k\u00e4ytetty valmistusprosessi on yksinkertainen, mink\u00e4 ansiosta ne ovat halvempia kuin muuntyyppiset sylinterit.<\/li>\n<\/ul>\n<\/li>\n<\/ul>\n<p>Lis\u00e4ksi hitsattujen T-tyyppisten sylinterien korkea lujuus ja kest\u00e4vyys v\u00e4hent\u00e4v\u00e4t usein teht\u00e4vien korjausten ja vaihtojen tarvetta, mik\u00e4 s\u00e4\u00e4st\u00e4\u00e4 yll\u00e4pitokustannuksissa. T\u00e4m\u00e4 ominaisuus tekee niist\u00e4 suositun valinnan monilla toimialoilla, erityisesti niill\u00e4, joilla on rajallinen budjetti.<\/p>\n<ul>\n<li style=\"list-style-type: none;\">\n<ul>\n<li><strong>Lis\u00e4\u00e4ntynyt tehokkuus:<\/strong> Hitsatut T-tyyppiset sylinterit ovat eritt\u00e4in tehokkaita ja toimivia. Sylinterin rakenne varmistaa, ett\u00e4 k\u00e4ytetty voima siirtyy suoraan kuormaan, mik\u00e4 v\u00e4hent\u00e4\u00e4 energiah\u00e4vi\u00f6t\u00e4 ja lis\u00e4\u00e4 tehokkuutta.<\/li>\n<\/ul>\n<\/li>\n<\/ul>\n<p>Hitsatut liitokset ovat vahvoja ja j\u00e4ykki\u00e4, mik\u00e4 minimoi taipuman ja varmistaa, ett\u00e4 sylinteri s\u00e4ilytt\u00e4\u00e4 muotonsa ja rakenteellisen eheytens\u00e4 my\u00f6s \u00e4\u00e4rimm\u00e4isiss\u00e4 olosuhteissa. T\u00e4m\u00e4 ominaisuus tekee hitsatuista T-tyyppisist\u00e4 sylintereist\u00e4 ihanteellisia k\u00e4ytett\u00e4v\u00e4ksi sovelluksissa, jotka vaativat korkeaa hy\u00f6tysuhdetta ja luotettavuutta.<\/p>\n<p><img decoding=\"async\" class=\"aligncenter\" src=\"https:\/\/hzpt.com\/wp-content\/uploads\/2023\/12\/random-4.webp\" alt=\"\" title=\"\"><\/p>\n<h2>Hitsatun T-tyyppisen sylinterin k\u00e4ytt\u00f6<\/h2>\n<h3>Johdanto<\/h3>\n<p>Hitsattu T-kappale on hydraulinen sylinterityyppi, jota k\u00e4ytet\u00e4\u00e4n yleisesti teollisissa sovelluksissa. Se on suunniteltu tarjoamaan suuri voima kompaktissa ja kustannustehokkaassa paketissa. T\u00e4m\u00e4n tyyppinen sylinteri koostuu hitsatusta T-kappaleesta ja T-kappaleeseen kiinnitetyst\u00e4 m\u00e4nn\u00e4nvarresta. T-kappale on yhdistetty sylinterin runkoon ja sis\u00e4lt\u00e4\u00e4 m\u00e4nn\u00e4n, joka liikkuu edestakaisin rungon sis\u00e4ll\u00e4 voiman tuottamiseksi.<\/p>\n<h3>Hitsatun T-tyyppisen sylinterin edut<\/h3>\n<p>Hitsatun T-tyyppisen sylinterin k\u00e4yt\u00f6ll\u00e4 teollisissa sovelluksissa on useita etuja:<\/p>\n<ul>\n<li><b>Kompakti muotoilu:<\/b> Hitsatut T-tyyppiset sylinterit on suunniteltu kompakteiksi, mik\u00e4 tekee niist\u00e4 ihanteellisia k\u00e4ytett\u00e4v\u00e4ksi sovelluksissa, joissa tilaa on rajoitetusti.<\/li>\n<li><b>Korkea hy\u00f6tysuhde:<\/b> Hitsatut T-tyyppiset sylinterit ovat eritt\u00e4in tehokkaita, mik\u00e4 tarkoittaa, ett\u00e4 ne voivat tuottaa suuren m\u00e4\u00e4r\u00e4n voimaa minimaalisella energiankulutuksella.<\/li>\n<li><b>Kest\u00e4v\u00e4:<\/b> Hitsatut T-tyyppiset sylinterit on suunniteltu eritt\u00e4in kest\u00e4viksi, mik\u00e4 tarkoittaa, ett\u00e4 ne kest\u00e4v\u00e4t ankaria k\u00e4ytt\u00f6olosuhteita ja ovat pitk\u00e4ik\u00e4isi\u00e4.<\/li>\n<li><b>Kustannustehokas:<\/b> Hitsatut T-tyyppiset sylinterit ovat kustannustehokkaita, mik\u00e4 tarkoittaa hyv\u00e4\u00e4 vastinetta rahalle.<\/li>\n<\/ul>\n<p><img loading=\"lazy\" decoding=\"async\" class=\"size-full wp-image-977 aligncenter\" src=\"https:\/\/fmp-components.com\/wp-content\/uploads\/2024\/12\/Welded-Tee-Type-Cylinder3.webp\" alt=\"Hitsattu T-tyyppinen sylinteri\" width=\"653\" height=\"600\" title=\"\" srcset=\"https:\/\/fmp-components.com\/wp-content\/uploads\/2024\/12\/Welded-Tee-Type-Cylinder3.webp 653w, https:\/\/fmp-components.com\/wp-content\/uploads\/2024\/12\/Welded-Tee-Type-Cylinder3-480x441.webp 480w\" sizes=\"(min-width: 0px) and (max-width: 480px) 480px, (min-width: 481px) 653px, 100vw\" \/><\/p>\n<h3>Hitsatun T-tyyppisen sylinterin sovellukset<\/h3>\n<p>Hitsattujen T-tyyppisten sylintereiden sovelluksia on monia eri teollisuudenaloilla, mukaan lukien:<\/p>\n<ul>\n<li><b>Valmistus:<\/b> Hitsattuja T-tyyppisi\u00e4 sylintereit\u00e4 k\u00e4ytet\u00e4\u00e4n valmistuksessa koneiden k\u00e4ytt\u00e4miseen, raskaiden kuormien siirt\u00e4miseen ja metalliosien muotoiluun.<\/li>\n<li><b>Maatalous:<\/b> Hitsattuja T-tyyppisi\u00e4 sylintereit\u00e4 k\u00e4ytet\u00e4\u00e4n maataloudessa traktoreiden, puimureiden ja muiden maatalouslaitteiden hydraulij\u00e4rjestelmien k\u00e4ytt\u00e4miseen.<\/li>\n<li><b>Rakentaminen:<\/b> Hitsattuja T-tyyppisi\u00e4 sylintereit\u00e4 k\u00e4ytet\u00e4\u00e4n rakennusalalla koneiden, kuten nostureiden, kaivinkoneiden ja kaivinkoneiden, k\u00e4ytt\u00e4miseen.<\/li>\n<li><b>Kaivostoiminta:<\/b> Hitsattuja T-tyyppisi\u00e4 sylintereit\u00e4 k\u00e4ytet\u00e4\u00e4n kaivosteollisuudessa hydraulisten j\u00e4rjestelmien k\u00e4ytt\u00e4miseen raskaissa laitteissa, kuten puskutraktoreissa, kuormaajissa ja kallioporakoneissa.<\/li>\n<li><b>Kuljetus:<\/b> Hitsattuja T-tyyppisi\u00e4 sylintereit\u00e4 k\u00e4ytet\u00e4\u00e4n kuljetuksessa hydraulij\u00e4rjestelmien k\u00e4ytt\u00e4miseen kuorma-autoissa, linja-autoissa ja muissa ajoneuvoissa.<\/li>\n<\/ul>\n<p>Yhteenvetona voidaan todeta, ett\u00e4 hitsatut T-tyyppiset sylinterit ovat t\u00e4rke\u00e4 komponentti monissa teollisissa sovelluksissa. Ne on suunniteltu kompakteiksi, tehokkaiksi, kest\u00e4viksi ja kustannustehokkaiksi, mik\u00e4 tekee niist\u00e4 ihanteellisen valinnan monenlaisiin sovelluksiin. K\u00e4ytitp\u00e4 sitten koneita tuotantolaitoksessa, maatalouskoneita maatilalla tai raskaita laitteita kaivoksessa, hitsatut T-tyyppiset sylinterit voivat auttaa sinua suorittamaan ty\u00f6t tehokkaasti ja tuloksellisesti.<\/p>\n<h3>Tietoja FMP:st\u00e4<\/h3>\n<p>Yli 30 vuotta toiminut FMP on tunnettu erilaisten hydraulisylintereiden valmistaja ja toimittaja. Teollisuusalueemme sijaitsee Italiassa, ja olemme ylpeit\u00e4 voidessamme k\u00e4ytt\u00e4\u00e4 yli 100 huippuluokan laitetta. Laaja konevalikoimamme sis\u00e4lt\u00e4\u00e4 automaattisia kaasusuojattuja hitsauskoneita, syv\u00e4reik\u00e4porauskoneita, CNC-sorveja, sylinterihiomakoneita, automaattisia puhdistuskoneita, automaattisia asennuskoneita, automaattisia hydraulisylintereiden suorituskyvyn testauspenkkej\u00e4, automaattisia maalauslinjoja ja paljon muuta.<\/p>\n<p><img decoding=\"async\" src=\"https:\/\/fmp-components.com\/wp-content\/uploads\/2024\/12\/fmp-factory-4.webp\" alt=\"FMP-tehdas\" width=\"800\" title=\"\"><\/p>\n<p>Hydraulisylinterien osalta FMP takaa parhaan mahdollisen laadun ja luotettavuuden. Jokainen hydraulisylinteri k\u00e4y l\u00e4pi perusteellisen k\u00e4sittelyn ja tarkastuksen taatakseen poikkeuksellisen suorituskyvyn arvokkaille asiakkaillemme. Olemme ylpeit\u00e4 voidessamme tarjota seuraavat edut:<\/p>\n<ol>\n<li><strong>Suunnittelupalvelu:<\/strong> Kokenut suunnittelutiimimme on erinomaista nivelakseleiden tuotesuunnittelussa ja -kehityksess\u00e4. Jos sinulla on erityisvaatimuksia uusille tuotteille tai etsit lis\u00e4parannuksia, olemme t\u00e4\u00e4ll\u00e4 tukemassa sinua.<\/li>\n<li><strong>Tuotepalvelu:<\/strong> Kattava tuotepalvelumme sis\u00e4lt\u00e4\u00e4 virtaviivaistetun prosessin raaka-aineista kuljetukseen. Varmistamme tarkat vaiheet, kuten leikkaamisen, karkean k\u00e4sittelyn, testauksen, puhdistuksen, kokoonpanon, pakkauksen ja kuljetuksen, toimittaaksemme huippuluokan hydraulisylintereit\u00e4.<\/li>\n<li><strong>N\u00e4yteprosessi:<\/strong> FMP:ll\u00e4 ymm\u00e4rr\u00e4mme r\u00e4\u00e4t\u00e4l\u00f6ityjen n\u00e4ytteiden t\u00e4rkeyden. Meill\u00e4 on valmiudet kehitt\u00e4\u00e4 n\u00e4ytteit\u00e4 tarpeidesi perusteella ja muokata niit\u00e4 jatkuvasti vastaamaan erityistarpeitasi.<\/li>\n<li><strong>Tutkimus ja kehitys:<\/strong> Eteenp\u00e4in katsovana yrityksen\u00e4 seuraamme jatkuvasti markkinoiden kehittyvi\u00e4 tarpeita, erityisesti uusien ajoneuvojen markkinoille tulon yhteydess\u00e4. T\u00e4m\u00e4 antaa meille mahdollisuuden kehitt\u00e4\u00e4 uusia malleja ja pysy\u00e4 alan eturintamassa.<\/li>\n<li><strong>Mukauttaminen:<\/strong> Olemme erikoistuneet erityyppisten hydraulisylintereiden valmistukseen ja myyntiin, ja otamme mielell\u00e4mme vastaan \u200b\u200br\u00e4\u00e4t\u00e4l\u00f6ityj\u00e4 tuotteita. Tarvitsetpa sitten tiettyj\u00e4 kokoja, toimintoja tai muita eritelmi\u00e4, tiimimme on omistautunut t\u00e4ytt\u00e4m\u00e4\u00e4n ainutlaatuiset vaatimuksesi.<\/li>\n<\/ol>\n<p>FMP:n avulla voit luottaa siihen, ett\u00e4 tuotteemme valmistetaan tarkasti ja ett\u00e4 ne k\u00e4yv\u00e4t l\u00e4pi tiukat laadunvalvontatoimenpiteet. Kutsumme sinut yhteisty\u00f6kumppaniksemme kaikissa hydraulisylintereihin liittyviss\u00e4 tarpeissasi. Ota yhteytt\u00e4 jo t\u00e4n\u00e4\u00e4n ja tutustu mahdollisuuksiin.<\/p>\n<p><img loading=\"lazy\" decoding=\"async\" class=\"size-full wp-image-974 aligncenter\" src=\"https:\/\/fmp-components.com\/wp-content\/uploads\/2024\/12\/application-of-Welded-Tee-Type-Cylinder.webp\" alt=\"hitsatun T-tyyppisen sylinterin k\u00e4ytt\u00f6\" width=\"760\" height=\"860\" title=\"\" srcset=\"https:\/\/fmp-components.com\/wp-content\/uploads\/2024\/12\/application-of-Welded-Tee-Type-Cylinder.webp 760w, https:\/\/fmp-components.com\/wp-content\/uploads\/2024\/12\/application-of-Welded-Tee-Type-Cylinder-480x543.webp 480w\" sizes=\"(min-width: 0px) and (max-width: 480px) 480px, (min-width: 481px) 760px, 100vw\" \/><\/p>\n<h2>Usein kysytyt kysymykset<\/h2>\n<p><b>Kysymys 1:<\/b> Mik\u00e4 on hydraulinen m\u00e4nn\u00e4n sylinteri?<\/p>\n<p><b>A1:<\/b> Hydraulinen m\u00e4nn\u00e4nsylinteri on tehokas hydraulinen ratkaisu, joka hy\u00f6dynt\u00e4\u00e4 nestepaineen voimaa.<\/p>\n<p><b>Kysymys 2:<\/b> Mitk\u00e4 ovat hydraulisen sylinterin t\u00e4rkeimm\u00e4t ominaisuudet?<\/p>\n<p><b>A2:<\/b> Hydraulinen m\u00e4nn\u00e4n sylinteri on energiatehokas, eritt\u00e4in toimiva, turvallinen ja luotettava.<\/p>\n<p><b>K3:<\/b> Mit\u00e4 sovelluksia hydraulisylinterill\u00e4 on?<\/p>\n<p><b>A3:<\/b> Hydraulista m\u00e4nn\u00e4n sylinteri\u00e4 k\u00e4ytet\u00e4\u00e4n laajalti\u2026<\/p>\n<p><b>K4:<\/b> Miksi minun pit\u00e4isi valita FMP:n hydraulinen m\u00e4nn\u00e4n sylinteri?<\/p>\n<p><b>A4:<\/b> FMP:n hydraulinen m\u00e4nn\u00e4nsylinteri on eritt\u00e4in laadukas ja tarjoaa korkeaa suorituskyky\u00e4, luotettavuutta ja energiatehokkuutta.<\/p>\n<p><b>K5:<\/b> Mit\u00e4 muita tuotteita FMP tarjoaa?<\/p>\n<p><b>A5:<\/b> Hydraulisten m\u00e4nt\u00e4sylinterien lis\u00e4ksi FMP tarjoaa useita muita hydraulisia ratkaisuja eri teollisuudenaloille ja sovelluksiin, mukaan lukien trukkien hydraulisylinterit, kaivosautojen sylinterit ja saniteettikoneiden hydraulisylinterit.<\/p>\n<p>Tekij\u00e4: CX<\/p>","protected":false},"excerpt":{"rendered":"<p>Discover the Power of the Hydraulic Ram Cylinder Experience high-efficiency power with FMP&#8217;s superior quality Double Acting Hydraulic Ram Cylinder. Since its establishment in 2006, FMP has been at the forefront of providing top-of-the-line hydraulic solutions to industries around the world, revolutionizing the way we harness and utilize hydraulic power. With a commitment to innovation [&hellip;]<\/p>","protected":false},"featured_media":1132,"comment_status":"closed","ping_status":"closed","template":"","meta":{"_et_pb_use_builder":"","_et_pb_old_content":"","_et_gb_content_width":""},"product_brand":[],"product_cat":[31],"product_tag":[34,35],"class_list":{"0":"post-927","1":"product","2":"type-product","3":"status-publish","4":"has-post-thumbnail","6":"product_cat-welded-tee-type-cylinder","7":"product_tag-hydraulic-cylinder","8":"product_tag-welded-tee-type-cylinder","10":"first","11":"instock","12":"product-type-simple"},"_links":{"self":[{"href":"https:\/\/fmp-components.com\/fi\/wp-json\/wp\/v2\/product\/927","targetHints":{"allow":["GET"]}}],"collection":[{"href":"https:\/\/fmp-components.com\/fi\/wp-json\/wp\/v2\/product"}],"about":[{"href":"https:\/\/fmp-components.com\/fi\/wp-json\/wp\/v2\/types\/product"}],"replies":[{"embeddable":true,"href":"https:\/\/fmp-components.com\/fi\/wp-json\/wp\/v2\/comments?post=927"}],"wp:featuredmedia":[{"embeddable":true,"href":"https:\/\/fmp-components.com\/fi\/wp-json\/wp\/v2\/media\/1132"}],"wp:attachment":[{"href":"https:\/\/fmp-components.com\/fi\/wp-json\/wp\/v2\/media?parent=927"}],"wp:term":[{"taxonomy":"product_brand","embeddable":true,"href":"https:\/\/fmp-components.com\/fi\/wp-json\/wp\/v2\/product_brand?post=927"},{"taxonomy":"product_cat","embeddable":true,"href":"https:\/\/fmp-components.com\/fi\/wp-json\/wp\/v2\/product_cat?post=927"},{"taxonomy":"product_tag","embeddable":true,"href":"https:\/\/fmp-components.com\/fi\/wp-json\/wp\/v2\/product_tag?post=927"}],"curies":[{"name":"wp","href":"https:\/\/api.w.org\/{rel}","templated":true}]}}