{"id":926,"date":"2024-12-19T03:39:00","date_gmt":"2024-12-19T03:39:00","guid":{"rendered":"https:\/\/fmp-components.com\/product\/10006-factory-price-stainless-steel-cylinder-piston-hydraulic-cylinder\/"},"modified":"2024-12-19T09:00:21","modified_gmt":"2024-12-19T09:00:21","slug":"10006-factory-price-stainless-steel-cylinder-piston-hydraulic-cylinder","status":"publish","type":"product","link":"https:\/\/fmp-components.com\/fi\/product\/10006-factory-price-stainless-steel-cylinder-piston-hydraulic-cylinder\/","title":{"rendered":"10006 Tehtaan hinta ruostumattomasta ter\u00e4ksest\u00e4 valmistettu sylinterim\u00e4nt\u00e4hydraulisylinteri"},"content":{"rendered":"<h3>Ruostumattomasta ter\u00e4ksest\u00e4 valmistetun sylinterim\u00e4nt\u00e4hydraulisylinterin toiminnot ja merkitys<\/h3>\n<p>Ruostumattomasta ter\u00e4ksest\u00e4 valmistettu sylinterim\u00e4nt\u00e4hydraulisylinteri on olennainen osa lukuisten koneiden toimintaa eri teollisuudenaloilla. Sen ensisijainen teht\u00e4v\u00e4 on muuntaa nesteenergia lineaariseksi mekaaniseksi voimaksi, mik\u00e4 mahdollistaa tarkan liikkeen, jota tarvitaan monenlaisten teht\u00e4vien suorittamiseen. T\u00e4m\u00e4 ominaisuus tekee siit\u00e4 olennaisen osan monista teollisista sovelluksista, kuten valmistuksesta, rakentamisesta ja autoteollisuudesta. Ruostumattomasta ter\u00e4ksest\u00e4 valmistettujen hydraulisylinterien luotettavuus ja tehokkuus parantavat tuottavuutta ja varmistavat sujuvan toiminnan, mik\u00e4 korostaa niiden merkityst\u00e4 nykyaikaisissa koneissa.<\/p>\n<h3>Ainutlaatuiset ominaisuudet ja edut<\/h3>\n<ul>\n<li><strong>Energiatehokas:<\/strong><br \/>\nRuostumattomasta ter\u00e4ksest\u00e4 valmistetun sylinterim\u00e4nt\u00e4hydraulisylinterin suunnittelussa korostetaan energiatehokkuutta, mink\u00e4 ansiosta se toimii minimaalisella virrankulutuksella. T\u00e4m\u00e4 tehokkuus ei ainoastaan \u200b\u200bv\u00e4henn\u00e4 k\u00e4ytt\u00f6kustannuksia, vaan my\u00f6s edist\u00e4\u00e4 kest\u00e4vyytt\u00e4 minimoimalla j\u00e4tett\u00e4 ja parantamalla hydraulisten j\u00e4rjestelmien yleist\u00e4 tehokkuutta.<\/li>\n<li><strong>Korkea suorituskyky:<\/strong><br \/>\nT\u00e4m\u00e4 hydraulisylinteri on suunniteltu erinomaiseen toimivuuteen, ja se tarjoaa tasaisen ja tehokkaan suorituskyvyn. Sen kest\u00e4v\u00e4 rakenne varmistaa, ett\u00e4 se pystyy k\u00e4sittelem\u00e4\u00e4n merkitt\u00e4vi\u00e4 kuormia ja toimimaan tehokkaasti vaativissa ymp\u00e4rist\u00f6iss\u00e4. Ruostumattomasta ter\u00e4ksest\u00e4 valmistettujen sylinterien korkea suorituskyky tekee niist\u00e4 sopivia tarkkuutta ja luotettavuutta vaativiin sovelluksiin.<\/li>\n<li><strong>Turvallisuus:<\/strong><br \/>\nTurvallisuus on ruostumattomasta ter\u00e4ksest\u00e4 valmistetun sylinterim\u00e4nt\u00e4hydraulisylinterin kriittinen ominaisuus. Sen korkealaatuisesta ruostumattomasta ter\u00e4ksest\u00e4 valmistettu rakenne tarjoaa korroosion- ja kulumiskest\u00e4vyyden varmistaen pitk\u00e4n k\u00e4ytt\u00f6i\u00e4n. Lis\u00e4ksi hydraulisylinteri on suunniteltu turvamekanismeilla, jotka est\u00e4v\u00e4t vuodot ja viat, jolloin k\u00e4ytt\u00e4j\u00e4t voivat ty\u00f6skennell\u00e4 luottavaisin mielin korkeapaineisissa ymp\u00e4rist\u00f6iss\u00e4.<\/li>\n<\/ul>\n<h3>Hydraulij\u00e4rjestelm\u00e4n ymm\u00e4rt\u00e4minen<\/h3>\n<p>Hydraulij\u00e4rjestelm\u00e4 on hienostunut komponenttien verkosto, jotka toimivat yhdess\u00e4 voiman siirt\u00e4miseksi ja liikkeen helpottamiseksi. T\u00e4ss\u00e4 j\u00e4rjestelm\u00e4ss\u00e4 ruostumattomasta ter\u00e4ksest\u00e4 valmistettu sylinterim\u00e4nt\u00e4hydraulisylinteri toimii keskeisen\u00e4 toimijana, joka muuntaa hydraulisen energian mekaaniseksi voimaksi.<\/p>\n<p>Kun hydraulinestett\u00e4 pumpataan sylinteriin, se kohdistaa painetta m\u00e4nt\u00e4\u00e4n, joka sitten liikkuu lineaariseen suuntaan. T\u00e4m\u00e4 liike tuottaa voiman, jota tarvitaan erilaisten teht\u00e4vien suorittamiseen, kuten raskaiden esineiden nostamiseen, ty\u00f6nt\u00e4miseen tai vet\u00e4miseen. Ruostumattomasta ter\u00e4ksest\u00e4 valmistetun sylinterim\u00e4nt\u00e4hydraulisylinterin toiminnan ymm\u00e4rt\u00e4minen on ensiarvoisen t\u00e4rke\u00e4\u00e4 hydraulij\u00e4rjestelm\u00e4n kokonaistoiminnan ymm\u00e4rt\u00e4miseksi.<\/p>\n<p>Jokainen hydraulij\u00e4rjestelm\u00e4n komponentti \u2013 kuten pumput, venttiilit ja letkut \u2013 on vuorovaikutuksessa hydraulisylinterin kanssa luoden saumattoman tehonkulun. Ymm\u00e4rt\u00e4m\u00e4ll\u00e4, miten ruostumattomasta ter\u00e4ksest\u00e4 valmistettu sylinterim\u00e4nt\u00e4hydraulisylinteri integroituu n\u00e4ihin muihin elementteihin, voidaan arvioida hydraulij\u00e4rjestelmien monimutkaisuutta ja tehokkuutta kokonaisuutena.<\/p>\n<p>Yhteenvetona voidaan todeta, ett\u00e4 ruostumattomasta ter\u00e4ksest\u00e4 valmistettu sylinterim\u00e4nt\u00e4hydraulisylinteri on elint\u00e4rke\u00e4 komponentti, joka parantaa hydraulisten j\u00e4rjestelmien toimivuutta ja turvallisuutta. Sen ainutlaatuiset ominaisuudet ja edut tekev\u00e4t siit\u00e4 korvaamattoman monissa teollisissa sovelluksissa varmistaen, ett\u00e4 koneet toimivat tehokkaasti ja tuloksellisesti.<img decoding=\"async\" src=\"https:\/\/hzpt.com\/wp-content\/uploads\/2023\/12\/random-2.webp\" alt=\"\" title=\"\"><\/p>\n<h2>Hitsatun T-tyyppisen sylinterin edut<\/h2>\n<ul>\n<li style=\"list-style-type: none;\">\n<ul>\n<li><strong>Lis\u00e4\u00e4ntynyt voima:<\/strong> Hitsatut T-tyyppiset sylinterit tunnetaan suuresta lujuudestaan, mink\u00e4 ansiosta ne sopivat raskasta nostoa vaativiin sovelluksiin. N\u00e4iden sylinterien valmistuksessa k\u00e4ytetty hitsausprosessi varmistaa, ett\u00e4 sylinteriss\u00e4 ei ole heikkoja kohtia ja se kest\u00e4\u00e4 suurta painetta ja rasitusta.<\/li>\n<\/ul>\n<\/li>\n<\/ul>\n<p>Kun sylinteriin kohdistetaan painetta, se jakautuu tasaisesti koko pinnalle, mik\u00e4 tekee siit\u00e4 kest\u00e4v\u00e4n muodonmuutokselle. T\u00e4m\u00e4 ominaisuus varmistaa, ett\u00e4 sylinteri s\u00e4ilytt\u00e4\u00e4 muotonsa ja rakenteellisen eheytens\u00e4 my\u00f6s \u00e4\u00e4rimm\u00e4isiss\u00e4 olosuhteissa.<\/p>\n<ul>\n<li style=\"list-style-type: none;\">\n<ul>\n<li><strong>Vuotojen ehk\u00e4isy:<\/strong> Hitsatut T-tyyppiset sylinterit on suunniteltu est\u00e4m\u00e4\u00e4n vuodot. Valmistusprosessissa k\u00e4ytetty hitsausprosessi varmistaa, ett\u00e4 sylinteri on t\u00e4ysin tiivis ja vapaa mahdollisista vuodoista. T\u00e4m\u00e4 ominaisuus tekee niist\u00e4 sopivia k\u00e4ytett\u00e4v\u00e4ksi sovelluksissa, joissa vuoto voi aiheuttaa vakavia vaurioita tai vammoja.<\/li>\n<\/ul>\n<\/li>\n<\/ul>\n<p>Hitsatut liitokset ovat sileit\u00e4, ilman rakoja tai uria, joihin roskat tai lika voisivat ker\u00e4\u00e4nty\u00e4, mik\u00e4 v\u00e4hent\u00e4\u00e4 korroosion ja sylinterin vaurioitumisen riski\u00e4.<\/p>\n<ul>\n<li style=\"list-style-type: none;\">\n<ul>\n<li><strong>Mukautettava:<\/strong> Hitsattuja T-tyyppisi\u00e4 sylintereit\u00e4 voidaan r\u00e4\u00e4t\u00e4l\u00f6id\u00e4 tiettyihin sovelluksiin. Sylintereit\u00e4 on saatavana eri kokoisina ja muotoisina, ja ne voidaan valmistaa vastaamaan sovelluksen erityisvaatimuksia.<\/li>\n<\/ul>\n<\/li>\n<\/ul>\n<p>R\u00e4\u00e4t\u00e4l\u00f6intiprosessi mahdollistaa sylinterin suorituskyvyn optimoinnin varmistaen, ett\u00e4 se sopii aiottuun k\u00e4ytt\u00f6tarkoitukseen. T\u00e4m\u00e4 ominaisuus tekee hitsatuista T-tyyppisist\u00e4 sylintereist\u00e4 ihanteellisia k\u00e4ytett\u00e4v\u00e4ksi erilaisissa teollisissa sovelluksissa, kuten rakentamisessa, kaivostoiminnassa ja materiaalink\u00e4sittelyss\u00e4.<\/p>\n<ul>\n<li style=\"list-style-type: none;\">\n<ul>\n<li><strong>Kustannustehokas:<\/strong> Hitsatut T-tyyppiset sylinterit ovat kustannustehokkaita verrattuna muuntyyppisiin sylintereihin. N\u00e4iden sylinterien valmistuksessa k\u00e4ytetty valmistusprosessi on yksinkertainen, mink\u00e4 ansiosta ne ovat halvempia kuin muuntyyppiset sylinterit.<\/li>\n<\/ul>\n<\/li>\n<\/ul>\n<p>Lis\u00e4ksi hitsattujen T-tyyppisten sylinterien korkea lujuus ja kest\u00e4vyys v\u00e4hent\u00e4v\u00e4t usein teht\u00e4vien korjausten ja vaihtojen tarvetta, mik\u00e4 s\u00e4\u00e4st\u00e4\u00e4 yll\u00e4pitokustannuksissa. T\u00e4m\u00e4 ominaisuus tekee niist\u00e4 suositun valinnan monilla toimialoilla, erityisesti niill\u00e4, joilla on rajallinen budjetti.<\/p>\n<ul>\n<li style=\"list-style-type: none;\">\n<ul>\n<li><strong>Lis\u00e4\u00e4ntynyt tehokkuus:<\/strong> Hitsatut T-tyyppiset sylinterit ovat eritt\u00e4in tehokkaita ja toimivia. Sylinterin rakenne varmistaa, ett\u00e4 k\u00e4ytetty voima siirtyy suoraan kuormaan, mik\u00e4 v\u00e4hent\u00e4\u00e4 energiah\u00e4vi\u00f6t\u00e4 ja lis\u00e4\u00e4 tehokkuutta.<\/li>\n<\/ul>\n<\/li>\n<\/ul>\n<p>Hitsatut liitokset ovat vahvoja ja j\u00e4ykki\u00e4, mik\u00e4 minimoi taipuman ja varmistaa, ett\u00e4 sylinteri s\u00e4ilytt\u00e4\u00e4 muotonsa ja rakenteellisen eheytens\u00e4 my\u00f6s \u00e4\u00e4rimm\u00e4isiss\u00e4 olosuhteissa. T\u00e4m\u00e4 ominaisuus tekee hitsatuista T-tyyppisist\u00e4 sylintereist\u00e4 ihanteellisia k\u00e4ytett\u00e4v\u00e4ksi sovelluksissa, jotka vaativat korkeaa hy\u00f6tysuhdetta ja luotettavuutta.<\/p>\n<p><img loading=\"lazy\" decoding=\"async\" class=\"size-full wp-image-977 aligncenter\" src=\"https:\/\/fmp-components.com\/wp-content\/uploads\/2024\/12\/Welded-Tee-Type-Cylinder3.webp\" alt=\"Hitsattu T-tyyppinen sylinteri\" width=\"653\" height=\"600\" title=\"\" srcset=\"https:\/\/fmp-components.com\/wp-content\/uploads\/2024\/12\/Welded-Tee-Type-Cylinder3.webp 653w, https:\/\/fmp-components.com\/wp-content\/uploads\/2024\/12\/Welded-Tee-Type-Cylinder3-480x441.webp 480w\" sizes=\"(min-width: 0px) and (max-width: 480px) 480px, (min-width: 481px) 653px, 100vw\" \/><\/p>\n<h2>Hitsatun T-tyyppisen sylinterin k\u00e4ytt\u00f6<\/h2>\n<h3>Johdanto<\/h3>\n<p>Hitsattu T-kappale on hydraulinen sylinterityyppi, jota k\u00e4ytet\u00e4\u00e4n yleisesti teollisissa sovelluksissa. Se on suunniteltu tarjoamaan suuri voima kompaktissa ja kustannustehokkaassa paketissa. T\u00e4m\u00e4n tyyppinen sylinteri koostuu hitsatusta T-kappaleesta ja T-kappaleeseen kiinnitetyst\u00e4 m\u00e4nn\u00e4nvarresta. T-kappale on yhdistetty sylinterin runkoon ja sis\u00e4lt\u00e4\u00e4 m\u00e4nn\u00e4n, joka liikkuu edestakaisin rungon sis\u00e4ll\u00e4 voiman tuottamiseksi.<\/p>\n<h3>Hitsatun T-tyyppisen sylinterin edut<\/h3>\n<p>Hitsatun T-tyyppisen sylinterin k\u00e4yt\u00f6ll\u00e4 teollisissa sovelluksissa on useita etuja:<\/p>\n<ul>\n<li><b>Kompakti muotoilu:<\/b> Hitsatut T-tyyppiset sylinterit on suunniteltu kompakteiksi, mik\u00e4 tekee niist\u00e4 ihanteellisia k\u00e4ytett\u00e4v\u00e4ksi sovelluksissa, joissa tilaa on rajoitetusti.<\/li>\n<li><b>Korkea hy\u00f6tysuhde:<\/b> Hitsatut T-tyyppiset sylinterit ovat eritt\u00e4in tehokkaita, mik\u00e4 tarkoittaa, ett\u00e4 ne voivat tuottaa suuren m\u00e4\u00e4r\u00e4n voimaa minimaalisella energiankulutuksella.<\/li>\n<li><b>Kest\u00e4v\u00e4:<\/b> Hitsatut T-tyyppiset sylinterit on suunniteltu eritt\u00e4in kest\u00e4viksi, mik\u00e4 tarkoittaa, ett\u00e4 ne kest\u00e4v\u00e4t ankaria k\u00e4ytt\u00f6olosuhteita ja ovat pitk\u00e4ik\u00e4isi\u00e4.<\/li>\n<li><b>Kustannustehokas:<\/b> Hitsatut T-tyyppiset sylinterit ovat kustannustehokkaita, mik\u00e4 tarkoittaa hyv\u00e4\u00e4 vastinetta rahalle.<\/li>\n<\/ul>\n<h3>Hitsatun T-tyyppisen sylinterin sovellukset<\/h3>\n<p>Hitsattujen T-tyyppisten sylintereiden sovelluksia on monia eri teollisuudenaloilla, mukaan lukien:<\/p>\n<ul>\n<li><b>Valmistus:<\/b> Hitsattuja T-tyyppisi\u00e4 sylintereit\u00e4 k\u00e4ytet\u00e4\u00e4n valmistuksessa koneiden k\u00e4ytt\u00e4miseen, raskaiden kuormien siirt\u00e4miseen ja metalliosien muotoiluun.<\/li>\n<li><b>Maatalous:<\/b> Hitsattuja T-tyyppisi\u00e4 sylintereit\u00e4 k\u00e4ytet\u00e4\u00e4n maataloudessa traktoreiden, puimureiden ja muiden maatalouslaitteiden hydraulij\u00e4rjestelmien k\u00e4ytt\u00e4miseen.<\/li>\n<li><b>Rakentaminen:<\/b> Hitsattuja T-tyyppisi\u00e4 sylintereit\u00e4 k\u00e4ytet\u00e4\u00e4n rakennusalalla koneiden, kuten nostureiden, kaivinkoneiden ja kaivinkoneiden, k\u00e4ytt\u00e4miseen.<\/li>\n<li><b>Kaivostoiminta:<\/b> Hitsattuja T-tyyppisi\u00e4 sylintereit\u00e4 k\u00e4ytet\u00e4\u00e4n kaivosteollisuudessa hydraulisten j\u00e4rjestelmien k\u00e4ytt\u00e4miseen raskaissa laitteissa, kuten puskutraktoreissa, kuormaajissa ja kallioporakoneissa.<\/li>\n<li><b>Kuljetus:<\/b> Hitsattuja T-tyyppisi\u00e4 sylintereit\u00e4 k\u00e4ytet\u00e4\u00e4n kuljetuksessa hydraulij\u00e4rjestelmien k\u00e4ytt\u00e4miseen kuorma-autoissa, linja-autoissa ja muissa ajoneuvoissa.<\/li>\n<\/ul>\n<p>Yhteenvetona voidaan todeta, ett\u00e4 hitsatut T-tyyppiset sylinterit ovat t\u00e4rke\u00e4 komponentti monissa teollisissa sovelluksissa. Ne on suunniteltu kompakteiksi, tehokkaiksi, kest\u00e4viksi ja kustannustehokkaiksi, mik\u00e4 tekee niist\u00e4 ihanteellisen valinnan monenlaisiin sovelluksiin. K\u00e4ytitp\u00e4 sitten koneita tuotantolaitoksessa, maatalouskoneita maatilalla tai raskaita laitteita kaivoksessa, hitsatut T-tyyppiset sylinterit voivat auttaa sinua suorittamaan ty\u00f6t tehokkaasti ja tuloksellisesti.<\/p>\n<p><img loading=\"lazy\" decoding=\"async\" class=\"size-full wp-image-974 aligncenter\" src=\"https:\/\/fmp-components.com\/wp-content\/uploads\/2024\/12\/application-of-Welded-Tee-Type-Cylinder.webp\" alt=\"hitsatun T-tyyppisen sylinterin k\u00e4ytt\u00f6\" width=\"760\" height=\"860\" title=\"\" srcset=\"https:\/\/fmp-components.com\/wp-content\/uploads\/2024\/12\/application-of-Welded-Tee-Type-Cylinder.webp 760w, https:\/\/fmp-components.com\/wp-content\/uploads\/2024\/12\/application-of-Welded-Tee-Type-Cylinder-480x543.webp 480w\" sizes=\"(min-width: 0px) and (max-width: 480px) 480px, (min-width: 481px) 760px, 100vw\" \/><\/p>\n<h3>Tietoja FMP:st\u00e4<\/h3>\n<p>FMP on johtava hydraulisylintereiden valmistaja, jolla on yli 30 vuoden kokemus. Teollisuusalueemme sijaitsee Italiassa ja meill\u00e4 on yli 100 laitetta, mukaan lukien automaattiset kaasusuojatut hitsauskoneet, syv\u00e4reik\u00e4porauskoneet, CNC-sorvit, sylinterihiomakoneet, automaattiset puhdistuskoneet, automaattiset asennuskoneet, automaattiset hydraulisylintereiden suorituskyvyn testauspenkit, automaattiset maalauslinjat ja paljon muuta.<\/p>\n<p>Hydraulisylintereihimme kuuluvat korvakorusylinterit, kaksisuuntaiset automaattiset teleskooppisylinterit ja muut. Jokainen sylinteri k\u00e4y l\u00e4pi tiukan k\u00e4sittelyn ja tarkastuksen varmistaaksemme asiakkaillemme korkean laadun.<\/p>\n<p>T\u00e4ss\u00e4 on viisi syyt\u00e4 valita FMP:n:<\/p>\n<ul>\n<li><b>Suunnittelupalvelu:<\/b> Kokenut suunnittelutiimimme voi auttaa uusien tuotteiden kehitt\u00e4misess\u00e4 ja olemassa olevien mallien parantamisessa.<\/li>\n<li><b>Tuotepalvelu:<\/b> Kattava tuotantoprosessimme sis\u00e4lt\u00e4\u00e4 raaka-aineiden valinnan, leikkaamisen, karkean k\u00e4sittelyn, testauksen, puhdistuksen, kokoonpanon, pakkauksen ja kuljetuksen.<\/li>\n<li><b>N\u00e4yteprosessi:<\/b> Voimme kehitt\u00e4\u00e4 n\u00e4ytteit\u00e4 tarpeidesi mukaan ja muokata niit\u00e4, kunnes ne vastaavat tarpeitasi.<\/li>\n<li><b>Tutkimus ja kehitys:<\/b> Tutkimme aktiivisesti markkinoita tunnistaaksemme uusia tarpeita ja kehitt\u00e4\u00e4ksemme uusia malleja n\u00e4iden tarpeiden t\u00e4ytt\u00e4miseksi.<\/li>\n<li><b>Kokea:<\/b> Yli 30 vuoden kokemuksella alalta olemme rakentaneet maineen laadusta, luotettavuudesta ja asiakastyytyv\u00e4isyydest\u00e4.<\/li>\n<\/ul>\n<p><img decoding=\"async\" src=\"https:\/\/fmp-components.com\/wp-content\/uploads\/2024\/12\/fmp-factory-4.webp\" alt=\"FMP-tehdas\" width=\"800\" title=\"\"><\/p>\n<h2>Usein kysytyt kysymykset<\/h2>\n<p>K: Mik\u00e4 on hydraulisylinterin k\u00e4ytt\u00f6ik\u00e4?<br \/>\nA: Asianmukaisella huollolla hydraulisylinteri voi kest\u00e4\u00e4 jopa 10 vuotta tai enemm\u00e4n.<\/p>\n<p>K: Kuinka usein hydrauliikka\u00f6ljy pit\u00e4isi vaihtaa?<br \/>\nA: Se riippuu k\u00e4yt\u00f6st\u00e4, mutta yleens\u00e4 se tulisi vaihtaa 1-2 vuoden v\u00e4lein.<\/p>\n<p>K: Mill\u00e4 teollisuudenaloilla k\u00e4ytet\u00e4\u00e4n hydraulisylintereit\u00e4?<br \/>\nA: Hydraulisylintereit\u00e4 k\u00e4ytet\u00e4\u00e4n muun muassa rakentamisessa, valmistuksessa ja autoteollisuudessa.<\/p>\n<p>K: Miten voin varmistaa, ett\u00e4 hydraulisylinterini kest\u00e4\u00e4 pitk\u00e4\u00e4n?<br \/>\nA: S\u00e4\u00e4nn\u00f6llinen huolto, oikea k\u00e4ytt\u00f6 ja oikean \u00f6ljyn ja tiivisteiden valinta pident\u00e4v\u00e4t hydraulisylinterin k\u00e4ytt\u00f6ik\u00e4\u00e4.<\/p>\n<p>K: Voinko mukauttaa hydraulisylinteri\u00e4ni?<br \/>\nV: Kyll\u00e4, FMP tarjoaa r\u00e4\u00e4t\u00e4l\u00f6ityj\u00e4 ratkaisuja, jotka t\u00e4ytt\u00e4v\u00e4t erityisvaatimuksesi.<\/p>\n<p>Tekij\u00e4: CX<\/p>","protected":false},"excerpt":{"rendered":"<p>Functions and Importance of the Stainless Steel Cylinder Piston Hydraulic Cylinder The stainless steel cylinder piston hydraulic cylinder is an essential component in the operation of numerous machines across various industries. Its primary function is to convert fluid power into linear mechanical force, enabling precise movement necessary for executing a wide range of tasks. This [&hellip;]<\/p>","protected":false},"featured_media":1132,"comment_status":"closed","ping_status":"closed","template":"","meta":{"_et_pb_use_builder":"","_et_pb_old_content":"","_et_gb_content_width":""},"product_brand":[],"product_cat":[31],"product_tag":[34,35],"class_list":{"0":"post-926","1":"product","2":"type-product","3":"status-publish","4":"has-post-thumbnail","6":"product_cat-welded-tee-type-cylinder","7":"product_tag-hydraulic-cylinder","8":"product_tag-welded-tee-type-cylinder","10":"first","11":"instock","12":"product-type-simple"},"_links":{"self":[{"href":"https:\/\/fmp-components.com\/fi\/wp-json\/wp\/v2\/product\/926","targetHints":{"allow":["GET"]}}],"collection":[{"href":"https:\/\/fmp-components.com\/fi\/wp-json\/wp\/v2\/product"}],"about":[{"href":"https:\/\/fmp-components.com\/fi\/wp-json\/wp\/v2\/types\/product"}],"replies":[{"embeddable":true,"href":"https:\/\/fmp-components.com\/fi\/wp-json\/wp\/v2\/comments?post=926"}],"wp:featuredmedia":[{"embeddable":true,"href":"https:\/\/fmp-components.com\/fi\/wp-json\/wp\/v2\/media\/1132"}],"wp:attachment":[{"href":"https:\/\/fmp-components.com\/fi\/wp-json\/wp\/v2\/media?parent=926"}],"wp:term":[{"taxonomy":"product_brand","embeddable":true,"href":"https:\/\/fmp-components.com\/fi\/wp-json\/wp\/v2\/product_brand?post=926"},{"taxonomy":"product_cat","embeddable":true,"href":"https:\/\/fmp-components.com\/fi\/wp-json\/wp\/v2\/product_cat?post=926"},{"taxonomy":"product_tag","embeddable":true,"href":"https:\/\/fmp-components.com\/fi\/wp-json\/wp\/v2\/product_tag?post=926"}],"curies":[{"name":"wp","href":"https:\/\/api.w.org\/{rel}","templated":true}]}}