{"id":923,"date":"2024-12-19T03:39:00","date_gmt":"2024-12-19T03:39:00","guid":{"rendered":"https:\/\/fmp-components.com\/product\/10003-high-quality-stainless-steel-welded-hydraulic-cylinder-for-tractor\/"},"modified":"2024-12-19T09:02:01","modified_gmt":"2024-12-19T09:02:01","slug":"10003-high-quality-stainless-steel-welded-hydraulic-cylinder-for-tractor","status":"publish","type":"product","link":"https:\/\/fmp-components.com\/fi\/product\/10003-high-quality-stainless-steel-welded-hydraulic-cylinder-for-tractor\/","title":{"rendered":"10003 Korkealaatuinen ruostumattomasta ter\u00e4ksest\u00e4 hitsattu hydraulisylinteri traktoriin"},"content":{"rendered":"<p>Korkealaatuinen ruostumattomasta ter\u00e4ksest\u00e4 hitsattu 10003-hydraulisylinteri on erityisesti suunniteltu k\u00e4ytett\u00e4v\u00e4ksi traktoreissa, ja se tarjoaa luotettavaa suorituskyky\u00e4 ja poikkeuksellista kest\u00e4vyytt\u00e4 vaativissa maatalousymp\u00e4rist\u00f6iss\u00e4. T\u00e4m\u00e4 hydraulisylinteri on suunniteltu vastaamaan nykyaikaisen maatalouden tiukkoja vaatimuksia, ja se on olennainen osa traktorisi toiminnan tehokkuuden ja tuottavuuden parantamista.<\/p>\n<p><img loading=\"lazy\" decoding=\"async\" class=\"size-full wp-image-977 aligncenter\" src=\"https:\/\/fmp-components.com\/wp-content\/uploads\/2024\/12\/Welded-Tee-Type-Cylinder3.webp\" alt=\"Hitsattu T-tyyppinen sylinteri\" width=\"653\" height=\"600\" title=\"\" srcset=\"https:\/\/fmp-components.com\/wp-content\/uploads\/2024\/12\/Welded-Tee-Type-Cylinder3.webp 653w, https:\/\/fmp-components.com\/wp-content\/uploads\/2024\/12\/Welded-Tee-Type-Cylinder3-480x441.webp 480w\" sizes=\"(min-width: 0px) and (max-width: 480px) 480px, (min-width: 481px) 653px, 100vw\" \/><\/p>\n<h4>T\u00e4rkeimm\u00e4t ominaisuudet:<\/h4>\n<ul>\n<li><strong>Hitsattu rakenne:<\/strong><br \/>\nHydraulisylinterin hitsattu rakenne varmistaa paremman rakenteellisen eheyden ja vuotojenkest\u00e4vyyden. T\u00e4m\u00e4 kest\u00e4v\u00e4 rakenne on elint\u00e4rke\u00e4 maatalousk\u00e4yt\u00f6ss\u00e4 usein esiintyvien korkeiden paineiden ja ankarien olosuhteiden kest\u00e4miseksi.<\/li>\n<li><strong>Ruostumaton ter\u00e4s Materiaali:<\/strong><br \/>\nKorkealaatuisesta ruostumattomasta ter\u00e4ksest\u00e4 valmistettu hydraulisylinteri tarjoaa poikkeuksellisen korroosionkest\u00e4vyyden ja kest\u00e4vyyden. Materiaalivalintansa ansiosta se sopii erinomaisesti ulkok\u00e4ytt\u00f6\u00f6n, sill\u00e4 se suojaa s\u00e4\u00e4lt\u00e4 ja pident\u00e4\u00e4 k\u00e4ytt\u00f6ik\u00e4\u00e4.<\/li>\n<li><strong>Suuri kuormituskapasiteetti:<\/strong><br \/>\n10003-hydraulisylinteri on suunniteltu k\u00e4sittelem\u00e4\u00e4n merkitt\u00e4vi\u00e4 kuormia ja tarjoaa tehokasta voimaa erilaisiin traktorin k\u00e4ytt\u00f6tarkoituksiin. Olipa kyseess\u00e4 sitten raskaiden ty\u00f6koneiden nostaminen tai vaativien teht\u00e4vien suorittaminen, t\u00e4m\u00e4 sylinteri varmistaa luotettavan ja tehokkaan suorituskyvyn.<\/li>\n<li><strong>Monipuoliset sovellukset:<\/strong><br \/>\nT\u00e4m\u00e4 hydraulisylinteri on suunniteltu monenlaisiin k\u00e4ytt\u00f6tarkoituksiin, kuten auraukseen, nostamiseen ja hinaamiseen. Sen monipuolisuus tekee siit\u00e4 sopivan erityyppisille traktoreille ja maatalouskoneille, mik\u00e4 parantaa yleist\u00e4 toiminnan tehokkuutta.<\/li>\n<li><strong>Sujuva toiminta:<\/strong><br \/>\nOptimaalista hydraulivirtausta varten suunniteltu sylinteri tarjoaa tasaisen ja hallitun liikkeen. T\u00e4m\u00e4 ominaisuus mahdollistaa tarkat s\u00e4\u00e4d\u00f6t, mik\u00e4 parantaa traktorin toiminnan tarkkuutta ja minimoi koneiden kulumisen.<\/li>\n<\/ul>\n<h4>Tekniset tiedot:<\/h4>\n<table style=\"width: 92.5714%; height: 202px;\">\n<thead>\n<tr>\n<th>Tekniset tiedot<\/th>\n<th>Kuvaus<\/th>\n<\/tr>\n<\/thead>\n<tbody>\n<tr>\n<td><strong>Rei\u00e4n koko<\/strong><\/td>\n<td>Mukautettava<\/td>\n<\/tr>\n<tr>\n<td><strong>Iskun pituus<\/strong><\/td>\n<td>Erilaisia \u200b\u200bvaihtoehtoja saatavilla<\/td>\n<\/tr>\n<tr>\n<td><strong>Maksimipaine<\/strong><\/td>\n<td>Jopa 3000 PSI:t\u00e4<\/td>\n<\/tr>\n<tr>\n<td><strong>Materiaali<\/strong><\/td>\n<td>Korkealaatuista ruostumatonta ter\u00e4st\u00e4<\/td>\n<\/tr>\n<tr>\n<td><strong>Yhteystyyppi<\/strong><\/td>\n<td>Laipallinen tai kierteinen<\/td>\n<\/tr>\n<\/tbody>\n<\/table>\n<h4>Toimintaperiaate:<\/h4>\n<p>Korkealaatuinen ruostumattomasta ter\u00e4ksest\u00e4 hitsattu hydraulisylinteri 10003 toimii hydraulinesteen paineen periaatteella. Kun hydraulinestett\u00e4 pumpataan sylinteriin, se kohdistaa voimaa m\u00e4nt\u00e4\u00e4n, mik\u00e4 tuottaa lineaarista liikett\u00e4. T\u00e4m\u00e4 liike mahdollistaa traktorin suorittamisen erilaisissa teht\u00e4viss\u00e4 raskaiden laitteiden nostamisesta lis\u00e4laitteiden tarkkaan s\u00e4\u00e4t\u00f6\u00f6n.<\/p>\n<p>Yhteenvetona voidaan todeta, ett\u00e4 korkealaatuinen ruostumattomasta ter\u00e4ksest\u00e4 hitsattu 10003 hydraulisylinteri on kest\u00e4v\u00e4 ja tehokas ratkaisu traktorik\u00e4ytt\u00f6\u00f6n. Sen hitsattu rakenne, ruostumaton ter\u00e4s ja suuri kuormituskapasiteetti tekev\u00e4t siit\u00e4 olennaisen ty\u00f6kalun maataloustoiminnan tuottavuuden ja luotettavuuden parantamiseksi. Olitpa sitten kynt\u00e4m\u00e4ss\u00e4 peltoja tai nostamassa raskaita kuormia, t\u00e4m\u00e4 hydraulisylinteri on suunniteltu vastaamaan nykyaikaisen maatalouden vaatimuksiin.<\/p>\n<p>&nbsp;<\/p>\n<p><img decoding=\"async\" src=\"https:\/\/hzpt.com\/wp-content\/uploads\/2023\/12\/random-1.webp?v=1694163707\" alt=\"\" title=\"\"><\/p>\n<h2>Hitsatun T-tyyppisen sylinterin edut<\/h2>\n<ul>\n<li style=\"list-style-type: none;\">\n<ul>\n<li><strong>Lis\u00e4\u00e4ntynyt voima:<\/strong> Hitsatut T-tyyppiset sylinterit tunnetaan suuresta lujuudestaan, mink\u00e4 ansiosta ne sopivat raskasta nostoa vaativiin sovelluksiin. N\u00e4iden sylinterien valmistuksessa k\u00e4ytetty hitsausprosessi varmistaa, ett\u00e4 sylinteriss\u00e4 ei ole heikkoja kohtia ja se kest\u00e4\u00e4 suurta painetta ja rasitusta.<\/li>\n<\/ul>\n<\/li>\n<\/ul>\n<p>Kun sylinteriin kohdistetaan painetta, se jakautuu tasaisesti koko pinnalle, mik\u00e4 tekee siit\u00e4 kest\u00e4v\u00e4n muodonmuutokselle. T\u00e4m\u00e4 ominaisuus varmistaa, ett\u00e4 sylinteri s\u00e4ilytt\u00e4\u00e4 muotonsa ja rakenteellisen eheytens\u00e4 my\u00f6s \u00e4\u00e4rimm\u00e4isiss\u00e4 olosuhteissa.<\/p>\n<ul>\n<li style=\"list-style-type: none;\">\n<ul>\n<li><strong>Vuotojen ehk\u00e4isy:<\/strong> Hitsatut T-tyyppiset sylinterit on suunniteltu est\u00e4m\u00e4\u00e4n vuodot. Valmistusprosessissa k\u00e4ytetty hitsausprosessi varmistaa, ett\u00e4 sylinteri on t\u00e4ysin tiivis ja vapaa mahdollisista vuodoista. T\u00e4m\u00e4 ominaisuus tekee niist\u00e4 sopivia k\u00e4ytett\u00e4v\u00e4ksi sovelluksissa, joissa vuoto voi aiheuttaa vakavia vaurioita tai vammoja.<\/li>\n<\/ul>\n<\/li>\n<\/ul>\n<p>Hitsatut liitokset ovat sileit\u00e4, ilman rakoja tai uria, joihin roskat tai lika voisivat ker\u00e4\u00e4nty\u00e4, mik\u00e4 v\u00e4hent\u00e4\u00e4 korroosion ja sylinterin vaurioitumisen riski\u00e4.<\/p>\n<ul>\n<li style=\"list-style-type: none;\">\n<ul>\n<li><strong>Mukautettava:<\/strong> Hitsattuja T-tyyppisi\u00e4 sylintereit\u00e4 voidaan r\u00e4\u00e4t\u00e4l\u00f6id\u00e4 tiettyihin sovelluksiin. Sylintereit\u00e4 on saatavana eri kokoisina ja muotoisina, ja ne voidaan valmistaa vastaamaan sovelluksen erityisvaatimuksia.<\/li>\n<\/ul>\n<\/li>\n<\/ul>\n<p>R\u00e4\u00e4t\u00e4l\u00f6intiprosessi mahdollistaa sylinterin suorituskyvyn optimoinnin varmistaen, ett\u00e4 se sopii aiottuun k\u00e4ytt\u00f6tarkoitukseen. T\u00e4m\u00e4 ominaisuus tekee hitsatuista T-tyyppisist\u00e4 sylintereist\u00e4 ihanteellisia k\u00e4ytett\u00e4v\u00e4ksi erilaisissa teollisissa sovelluksissa, kuten rakentamisessa, kaivostoiminnassa ja materiaalink\u00e4sittelyss\u00e4.<\/p>\n<ul>\n<li style=\"list-style-type: none;\">\n<ul>\n<li><strong>Kustannustehokas:<\/strong> Hitsatut T-tyyppiset sylinterit ovat kustannustehokkaita verrattuna muuntyyppisiin sylintereihin. N\u00e4iden sylinterien valmistuksessa k\u00e4ytetty valmistusprosessi on yksinkertainen, mink\u00e4 ansiosta ne ovat halvempia kuin muuntyyppiset sylinterit.<\/li>\n<\/ul>\n<\/li>\n<\/ul>\n<p>Lis\u00e4ksi hitsattujen T-tyyppisten sylinterien korkea lujuus ja kest\u00e4vyys v\u00e4hent\u00e4v\u00e4t usein teht\u00e4vien korjausten ja vaihtojen tarvetta, mik\u00e4 s\u00e4\u00e4st\u00e4\u00e4 yll\u00e4pitokustannuksissa. T\u00e4m\u00e4 ominaisuus tekee niist\u00e4 suositun valinnan monilla toimialoilla, erityisesti niill\u00e4, joilla on rajallinen budjetti.<\/p>\n<ul>\n<li style=\"list-style-type: none;\">\n<ul>\n<li><strong>Lis\u00e4\u00e4ntynyt tehokkuus:<\/strong> Hitsatut T-tyyppiset sylinterit ovat eritt\u00e4in tehokkaita ja toimivia. Sylinterin rakenne varmistaa, ett\u00e4 k\u00e4ytetty voima siirtyy suoraan kuormaan, mik\u00e4 v\u00e4hent\u00e4\u00e4 energiah\u00e4vi\u00f6t\u00e4 ja lis\u00e4\u00e4 tehokkuutta.<\/li>\n<\/ul>\n<\/li>\n<\/ul>\n<p>Hitsatut liitokset ovat vahvoja ja j\u00e4ykki\u00e4, mik\u00e4 minimoi taipuman ja varmistaa, ett\u00e4 sylinteri s\u00e4ilytt\u00e4\u00e4 muotonsa ja rakenteellisen eheytens\u00e4 my\u00f6s \u00e4\u00e4rimm\u00e4isiss\u00e4 olosuhteissa. T\u00e4m\u00e4 ominaisuus tekee hitsatuista T-tyyppisist\u00e4 sylintereist\u00e4 ihanteellisia k\u00e4ytett\u00e4v\u00e4ksi sovelluksissa, jotka vaativat korkeaa hy\u00f6tysuhdetta ja luotettavuutta.<\/p>\n<p><img decoding=\"async\" class=\"aligncenter\" src=\"https:\/\/hzpt.com\/wp-content\/uploads\/2023\/12\/random-4.webp\" alt=\"\" title=\"\"><\/p>\n<h2>Hitsatun T-tyyppisen sylinterin k\u00e4ytt\u00f6<\/h2>\n<h3>Johdanto<\/h3>\n<p>Hitsattu T-kappale on hydraulinen sylinterityyppi, jota k\u00e4ytet\u00e4\u00e4n yleisesti teollisissa sovelluksissa. Se on suunniteltu tarjoamaan suuri voima kompaktissa ja kustannustehokkaassa paketissa. T\u00e4m\u00e4n tyyppinen sylinteri koostuu hitsatusta T-kappaleesta ja T-kappaleeseen kiinnitetyst\u00e4 m\u00e4nn\u00e4nvarresta. T-kappale on yhdistetty sylinterin runkoon ja sis\u00e4lt\u00e4\u00e4 m\u00e4nn\u00e4n, joka liikkuu edestakaisin rungon sis\u00e4ll\u00e4 voiman tuottamiseksi.<\/p>\n<h3>Hitsatun T-tyyppisen sylinterin edut<\/h3>\n<p>Hitsatun T-tyyppisen sylinterin k\u00e4yt\u00f6ll\u00e4 teollisissa sovelluksissa on useita etuja:<\/p>\n<ul>\n<li><b>Kompakti muotoilu:<\/b> Hitsatut T-tyyppiset sylinterit on suunniteltu kompakteiksi, mik\u00e4 tekee niist\u00e4 ihanteellisia k\u00e4ytett\u00e4v\u00e4ksi sovelluksissa, joissa tilaa on rajoitetusti.<\/li>\n<li><b>Korkea hy\u00f6tysuhde:<\/b> Hitsatut T-tyyppiset sylinterit ovat eritt\u00e4in tehokkaita, mik\u00e4 tarkoittaa, ett\u00e4 ne voivat tuottaa suuren m\u00e4\u00e4r\u00e4n voimaa minimaalisella energiankulutuksella.<\/li>\n<li><b>Kest\u00e4v\u00e4:<\/b> Hitsatut T-tyyppiset sylinterit on suunniteltu eritt\u00e4in kest\u00e4viksi, mik\u00e4 tarkoittaa, ett\u00e4 ne kest\u00e4v\u00e4t ankaria k\u00e4ytt\u00f6olosuhteita ja ovat pitk\u00e4ik\u00e4isi\u00e4.<\/li>\n<li><b>Kustannustehokas:<\/b> Hitsatut T-tyyppiset sylinterit ovat kustannustehokkaita, mik\u00e4 tarkoittaa hyv\u00e4\u00e4 vastinetta rahalle.<\/li>\n<\/ul>\n<h3>Hitsatun T-tyyppisen sylinterin sovellukset<\/h3>\n<p>Hitsattujen T-tyyppisten sylintereiden sovelluksia on monia eri teollisuudenaloilla, mukaan lukien:<\/p>\n<ul>\n<li><b>Valmistus:<\/b> Hitsattuja T-tyyppisi\u00e4 sylintereit\u00e4 k\u00e4ytet\u00e4\u00e4n valmistuksessa koneiden k\u00e4ytt\u00e4miseen, raskaiden kuormien siirt\u00e4miseen ja metalliosien muotoiluun.<\/li>\n<li><b>Maatalous:<\/b> Hitsattuja T-tyyppisi\u00e4 sylintereit\u00e4 k\u00e4ytet\u00e4\u00e4n maataloudessa traktoreiden, puimureiden ja muiden maatalouslaitteiden hydraulij\u00e4rjestelmien k\u00e4ytt\u00e4miseen.<\/li>\n<li><b>Rakentaminen:<\/b> Hitsattuja T-tyyppisi\u00e4 sylintereit\u00e4 k\u00e4ytet\u00e4\u00e4n rakennusalalla koneiden, kuten nostureiden, kaivinkoneiden ja kaivinkoneiden, k\u00e4ytt\u00e4miseen.<\/li>\n<li><b>Kaivostoiminta:<\/b> Hitsattuja T-tyyppisi\u00e4 sylintereit\u00e4 k\u00e4ytet\u00e4\u00e4n kaivosteollisuudessa hydraulisten j\u00e4rjestelmien k\u00e4ytt\u00e4miseen raskaissa laitteissa, kuten puskutraktoreissa, kuormaajissa ja kallioporakoneissa.<\/li>\n<li><b>Kuljetus:<\/b> Hitsattuja T-tyyppisi\u00e4 sylintereit\u00e4 k\u00e4ytet\u00e4\u00e4n kuljetuksessa hydraulij\u00e4rjestelmien k\u00e4ytt\u00e4miseen kuorma-autoissa, linja-autoissa ja muissa ajoneuvoissa.<\/li>\n<\/ul>\n<h3>Johtop\u00e4\u00e4t\u00f6s<\/h3>\n<p>Yhteenvetona voidaan todeta, ett\u00e4 hitsatut T-tyyppiset sylinterit ovat t\u00e4rke\u00e4 komponentti monissa teollisissa sovelluksissa. Ne on suunniteltu kompakteiksi, tehokkaiksi, kest\u00e4viksi ja kustannustehokkaiksi, mik\u00e4 tekee niist\u00e4 ihanteellisen valinnan monenlaisiin sovelluksiin. K\u00e4ytitp\u00e4 sitten koneita tuotantolaitoksessa, maatalouskoneita maatilalla tai raskaita laitteita kaivoksessa, hitsatut T-tyyppiset sylinterit voivat auttaa sinua suorittamaan ty\u00f6t tehokkaasti ja tuloksellisesti.<\/p>\n<h3>Tietoja FMP:st\u00e4<\/h3>\n<p>FMP on johtava hydraulisylintereiden valmistaja, jolla on yli 30 vuoden kokemus alalta. Teollisuusalueemme sijaitsee Italiassa, ja meill\u00e4 on yli 100 laitetta, mukaan lukien automaattiset kaasusuojatut hitsauskoneet, syv\u00e4reik\u00e4porauskoneet, CNC-sorvit, sylinterihiomakoneet, automaattiset puhdistuskoneet, automaattiset asennuskoneet, automaattiset hydraulisylintereiden suorituskyvyn testauspenkit, automaattiset maalauslinjat ja paljon muuta. Olemme ylpeit\u00e4 voidessamme valmistaa korkealaatuisia hydraulisylintereit\u00e4, jotka takaavat asiakkaidemme tarpeiden t\u00e4ytt\u00e4misen.<\/p>\n<h4>Tuotteemme ja yrityksemme edut<\/h4>\n<ul>\n<li><strong>Hydraulisylinteri:<\/strong> Yrityksemme valmistaa laajan valikoiman hydraulisylintereit\u00e4, mukaan lukien hydraulisylinterien korvakorusylinterit ja kaksisuuntaiset automaattiset teleskooppihydraulisylinterit. Jokainen hydraulisylinteri k\u00e4y l\u00e4pi tiukan k\u00e4sittelyn ja tarkastuksen varmistaakseen hyv\u00e4n laadun asiakkaillemme.<\/li>\n<li><strong>Suunnittelupalvelu:<\/strong> Suunnittelutiimill\u00e4mme on laaja kokemus nivelakseleiden tuotesuunnittelusta ja -kehityksest\u00e4. Jos sinulla on tarpeita uusille tuotteille tai haluat lis\u00e4parannuksia, tuemme sinua.<\/li>\n<li><strong>Tuotepalvelu:<\/strong> Noudatamme tiukkoja prosesseja raaka-aineista kuljetukseen, mukaan lukien leikkaus, karkea k\u00e4sittely, testaus, puhdistus, kokoonpano, pakkaaminen ja kuljetus.<\/li>\n<li><strong>N\u00e4yteprosessi:<\/strong> Voimme kehitt\u00e4\u00e4 n\u00e4ytteit\u00e4 tarpeidesi mukaan ja muokata niit\u00e4 jatkuvasti tarpeidesi mukaan.<\/li>\n<li><strong>Tutkimus ja kehitys:<\/strong> Olemme sitoutuneet pysym\u00e4\u00e4n ajan tasalla uusimmista markkinatrendeist\u00e4 ja uusista automalleista. Tutkimme markkinoiden uusia tarpeita ja kehit\u00e4mme uusia malleja vastaamaan n\u00e4ihin tarpeisiin.<\/li>\n<\/ul>\n<p>Olemme omistautuneet tarjoamaan asiakkaillemme korkealaatuisia tuotteita ja palveluita. Tarvitsetpa sitten vakio- tai r\u00e4\u00e4t\u00e4l\u00f6ityj\u00e4 hydraulisylintereit\u00e4, FMP:ll\u00e4 on kokemus ja asiantuntemus tarpeidesi t\u00e4ytt\u00e4miseksi. Ota yhteytt\u00e4 jo t\u00e4n\u00e4\u00e4n saadaksesi lis\u00e4tietoja tuotteistamme ja siit\u00e4, miten voimme auttaa yrityst\u00e4si.<\/p>\n<p><img decoding=\"async\" src=\"https:\/\/fmp-components.com\/wp-content\/uploads\/2024\/12\/fmp-factory-4.webp\" alt=\"FMP-tehdas\" width=\"800\" title=\"\"><br \/>\nTekij\u00e4: CX<\/p>","protected":false},"excerpt":{"rendered":"<p>The 10003 High Quality Stainless Steel Welded Hydraulic Cylinder is specifically designed for use in tractors, providing reliable performance and exceptional durability in demanding agricultural environments. Engineered to meet the rigorous requirements of modern farming, this hydraulic cylinder is an essential component for enhancing the efficiency and productivity of your tractor operations. Key Features: Welded [&hellip;]<\/p>","protected":false},"featured_media":1132,"comment_status":"closed","ping_status":"closed","template":"","meta":{"_et_pb_use_builder":"","_et_pb_old_content":"","_et_gb_content_width":""},"product_brand":[],"product_cat":[31],"product_tag":[34,35],"class_list":{"0":"post-923","1":"product","2":"type-product","3":"status-publish","4":"has-post-thumbnail","6":"product_cat-welded-tee-type-cylinder","7":"product_tag-hydraulic-cylinder","8":"product_tag-welded-tee-type-cylinder","10":"first","11":"instock","12":"product-type-simple"},"_links":{"self":[{"href":"https:\/\/fmp-components.com\/fi\/wp-json\/wp\/v2\/product\/923","targetHints":{"allow":["GET"]}}],"collection":[{"href":"https:\/\/fmp-components.com\/fi\/wp-json\/wp\/v2\/product"}],"about":[{"href":"https:\/\/fmp-components.com\/fi\/wp-json\/wp\/v2\/types\/product"}],"replies":[{"embeddable":true,"href":"https:\/\/fmp-components.com\/fi\/wp-json\/wp\/v2\/comments?post=923"}],"wp:featuredmedia":[{"embeddable":true,"href":"https:\/\/fmp-components.com\/fi\/wp-json\/wp\/v2\/media\/1132"}],"wp:attachment":[{"href":"https:\/\/fmp-components.com\/fi\/wp-json\/wp\/v2\/media?parent=923"}],"wp:term":[{"taxonomy":"product_brand","embeddable":true,"href":"https:\/\/fmp-components.com\/fi\/wp-json\/wp\/v2\/product_brand?post=923"},{"taxonomy":"product_cat","embeddable":true,"href":"https:\/\/fmp-components.com\/fi\/wp-json\/wp\/v2\/product_cat?post=923"},{"taxonomy":"product_tag","embeddable":true,"href":"https:\/\/fmp-components.com\/fi\/wp-json\/wp\/v2\/product_tag?post=923"}],"curies":[{"name":"wp","href":"https:\/\/api.w.org\/{rel}","templated":true}]}}