{"id":919,"date":"2024-12-19T03:39:00","date_gmt":"2024-12-19T03:39:00","guid":{"rendered":"https:\/\/fmp-components.com\/product\/10001-selected-products-double-acting-hydraulic-cylinder-with-end-plug-hole-for-agricultural-machinery-american-standard-black-serious\/"},"modified":"2024-12-26T09:00:43","modified_gmt":"2024-12-26T09:00:43","slug":"10001-selected-products-double-acting-hydraulic-cylinder-with-end-plug-hole-for-agricultural-machinery-american-standard-black-serious","status":"publish","type":"product","link":"https:\/\/fmp-components.com\/fi\/product\/10001-selected-products-double-acting-hydraulic-cylinder-with-end-plug-hole-for-agricultural-machinery-american-standard-black-serious\/","title":{"rendered":"10001 Valitut tuotteet Kaksitoiminen hydraulisylinteri, jossa p\u00e4\u00e4tytulppareik\u00e4 maatalouskoneisiin, American Standard BLACK Serious"},"content":{"rendered":"<div class=\"ChatMessage_chatMessage__xkgHx\" data-complete=\"true\">\n<div class=\"ChatMessage_messageRow__DHlnq\">\n<div class=\"ChatMessage_messageWrapper__4Ugd6\">\n<div class=\"Message_rowWithFooter__FShU6\">\n<div class=\"Message_row__ug_UU\">\n<div class=\"Message_messageBubbleWrapper__sEq8z\">\n<div class=\"Message_leftSideMessageBubble__VPdk6\">\n<div class=\"Message_messageTextContainer__w64Sc\">\n<div>\n<div class=\"Markdown_markdownContainer__Tz3HQ\">\n<p>10001 Selected Products -sarjan kaksitoiminen hydraulisylinteri on suunniteltu maatalouskoneisiin ja tarjoaa luotettavaa suorituskyky\u00e4 ja kest\u00e4vyytt\u00e4. Amerikkalaisten standardien t\u00e4ytt\u00e4miseksi suunniteltu hydraulisylinteri on varustettu p\u00e4\u00e4tytulpparei\u00e4ll\u00e4, joka parantaa monipuolisuutta erilaisissa sovelluksissa.<\/p>\n<h4>T\u00e4rkeimm\u00e4t ominaisuudet:<\/h4>\n<ul>\n<li><strong>Kaksitoiminen mekanismi:<\/strong><br \/>\nT\u00e4m\u00e4 hydraulisylinteri toimii sek\u00e4 pidennys- ett\u00e4 sis\u00e4\u00e4nvetoasennossa, mik\u00e4 varmistaa tehokkaan ja hallitun liikkeen. Kaksitoiminen rakenne parantaa sen toimivuutta monenlaisissa maatalousteht\u00e4viss\u00e4 ty\u00f6koneiden nostamisesta ty\u00f6nt\u00e4miseen ja vet\u00e4miseen.<\/li>\n<li><strong>P\u00e4\u00e4tytulpan rei\u00e4n suunnittelu:<\/strong><br \/>\nP\u00e4\u00e4tytulpan rei\u00e4n ansiosta se on helppo kiinnitt\u00e4\u00e4 ja mukauttaa, joten se sopii erilaisiin maatalouskoneiden kokoonpanoihin. T\u00e4m\u00e4 ominaisuus parantaa sylinterin mukautuvuutta ja varmistaa, ett\u00e4 se t\u00e4ytt\u00e4\u00e4 erityiset k\u00e4ytt\u00f6tarpeet.<\/li>\n<li><strong>Korkealaatuinen rakenne:<\/strong><br \/>\nEnsiluokkaisista materiaaleista valmistettu 10001-hydraulisylinteri on rakennettu kest\u00e4m\u00e4\u00e4n maatalousymp\u00e4rist\u00f6jen vaativat olosuhteet. Sen kest\u00e4v\u00e4 rakenne takaa pitk\u00e4kestoisen suorituskyvyn ja luotettavuuden my\u00f6s raskaissa kuormissa.<\/li>\n<li><strong>Yhdenmukaisuus amerikkalaisten standardien kanssa:<\/strong><br \/>\nT\u00e4m\u00e4 amerikkalaisten teollisuusstandardien t\u00e4ytt\u00e4miseksi suunniteltu hydraulisylinteri takaa yhteensopivuuden ja turvallisuuden maataloussovelluksissa. Viljelij\u00e4t voivat luottaa sen laatuun ja suorituskykyyn toiminnassaan.<\/li>\n<li><strong>Monipuoliset sovellukset:<\/strong><br \/>\n10001-hydraulisylinteri sopii erinomaisesti erilaisiin maatalouskoneisiin, kuten traktoreihin, puimureihin ja kuormaajiin. Sen monipuolisuus tekee siit\u00e4 arvokkaan lis\u00e4n mihin tahansa maataloustoimintaan.<\/li>\n<\/ul>\n<h4>Tekniset tiedot:<\/h4>\n<table style=\"width: 97.8316%; height: 216px;\">\n<thead>\n<tr>\n<th>Tekniset tiedot<\/th>\n<th>Kuvaus<\/th>\n<\/tr>\n<\/thead>\n<tbody>\n<tr>\n<td><strong>Kantavuus<\/strong><\/td>\n<td>Mukautettava<\/td>\n<\/tr>\n<tr>\n<td><strong>Rei\u00e4n koko<\/strong><\/td>\n<td>Erilaisia \u200b\u200bvaihtoehtoja saatavilla<\/td>\n<\/tr>\n<tr>\n<td><strong>Iskun pituus<\/strong><\/td>\n<td>Mukautettava<\/td>\n<\/tr>\n<tr>\n<td><strong>Maksimipaine<\/strong><\/td>\n<td>Jopa 3000 PSI:t\u00e4<\/td>\n<\/tr>\n<tr>\n<td><strong>Materiaali<\/strong><\/td>\n<td>Korkealaatuinen ter\u00e4s<\/td>\n<\/tr>\n<tr>\n<td><strong>Yhteystyyppi<\/strong><\/td>\n<td>Laipallinen tai kierteinen<\/td>\n<\/tr>\n<\/tbody>\n<\/table>\n<h4>Toimintaperiaate:<\/h4>\n<p>10001-mallin kaksitoiminen hydraulisylinteri toimii hydraulinesteen paineen perusteella. Kun hydraulinestett\u00e4 pumpataan sylinteriin, se kohdistaa voimaa m\u00e4nt\u00e4\u00e4n, jolloin syntyy lineaarinen liike molempiin suuntiin. T\u00e4m\u00e4 tehokas mekanismi mahdollistaa tarkan hallinnan maatalousteht\u00e4viss\u00e4, mik\u00e4 parantaa tehokkuutta ja tuottavuutta.<\/p>\n<p>Yhteenvetona voidaan todeta, ett\u00e4 10001 Selected Products -sarjan kaksitoiminen hydraulisylinteri, jossa on p\u00e4\u00e4tytulppareik\u00e4, on luotettava ja monipuolinen ratkaisu maatalouskoneisiin. Sen kest\u00e4v\u00e4 rakenne, amerikkalaisten standardien noudattaminen ja mukautuvuus tekev\u00e4t siit\u00e4 v\u00e4ltt\u00e4m\u00e4tt\u00f6m\u00e4n ty\u00f6kalun maanviljelij\u00f6ille, jotka haluavat parantaa toiminnan tehokkuutta.<\/p>\n<\/div>\n<\/div>\n<\/div>\n<\/div>\n<\/div>\n<\/div>\n<\/div>\n<\/div>\n<\/div>\n<\/div>\n<p><img decoding=\"async\" src=\"https:\/\/hzpt.com\/wp-content\/uploads\/2023\/12\/random-2.webp\" alt=\"\" title=\"\"><\/p>\n<h2>Tuotteen esittely<\/h2>\n<p>Kaksitoiminen hydraulisylinteri, jossa on p\u00e4\u00e4tytulppareik\u00e4, on monipuolinen ja luotettava hydraulisylinteri, joka on suunniteltu vastaamaan esimerkiksi maatalouden, kaivostoiminnan ja rakennusteollisuuden vaativiin tarpeisiin. T\u00e4ll\u00e4 tuotteella on pitk\u00e4 historia todistetusta suorituskyvyst\u00e4 ja kest\u00e4vyydest\u00e4, ja sit\u00e4 on saatavana useissa eri tyypeiss\u00e4 ja kokoisina sopimaan erilaisiin k\u00e4ytt\u00f6tarkoituksiin.<\/p>\n<p>T\u00e4m\u00e4n hydraulisylinterin asentaminen ja huolto on helppoa, joten se on suosittu valinta yrityksille, jotka etsiv\u00e4t vaivatonta tuotetta, joka tuottaa poikkeuksellisia tuloksia. Olitpa sitten maanviljelij\u00e4, rakennusty\u00f6ntekij\u00e4 tai kaivosty\u00f6l\u00e4inen, kaksitoiminen hydraulisylinteri p\u00e4\u00e4tytulpparei\u00e4ll\u00e4 on v\u00e4ltt\u00e4m\u00e4t\u00f6n ty\u00f6kalu, joka auttaa sinua suorittamaan ty\u00f6t nopeasti, tehokkaasti ja turvallisesti.<\/p>\n<h2>Tuotevalikoima ja markkinointi<\/h2>\n<p>Oikean hydrauli\u00f6ljyn ja tiivisteen valinta on ratkaisevan t\u00e4rke\u00e4\u00e4 kaksitoimisen hydraulisylinterin tehokkaan toiminnan kannalta. Hydrauli\u00f6ljy on t\u00e4rke\u00e4\u00e4 vaihtaa s\u00e4\u00e4nn\u00f6llisesti ja hydraulisylinteri mitata optimaalisen suorituskyvyn varmistamiseksi. FMP:ll\u00e4 annamme ohjeita oikean hydrauli\u00f6ljyn ja tiivisteen valintaan sek\u00e4 hydraulisylinterin vaihtoon ja mittaamiseen.<\/p>\n<p>FMP on johtava nimi mobiilikoneiden hydraulisylintereiden markkinoilla Italiassa. Tarjoamme laajan valikoiman tuotteita, kuten hydraulisia kallistussylintereit\u00e4, hydraulisia ohjaussylintereit\u00e4 ja hydraulisia nostosylintereit\u00e4, jotka kaikki on suunniteltu tarjoamaan poikkeuksellista suorituskyky\u00e4 ja kest\u00e4vyytt\u00e4. 200 000 sarjan suunnittelukapasiteettimme sek\u00e4 300 erilaista t\u00e4ysautomaattista CNC-tuotantolaitetta ja t\u00e4ysautomaattista hydraulisylintereiden kokoonpanolaitteistoa varmistavat, ett\u00e4 pystymme vastaamaan kaikenkokoisten yritysten tarpeisiin.<\/p>\n<p>Tarvitsetpa sitten kaksitoimista hydraulisylinteri\u00e4 maatalous-, rakennus- tai kaivosk\u00e4ytt\u00f6\u00f6n, FMP:ll\u00e4 on tarvitsemasi tuote kilpailukykyiseen hintaan. Tarjoamme my\u00f6s erinomaista palvelua varmistaaksemme, ett\u00e4 asiakkaamme ovat t\u00e4ysin tyytyv\u00e4isi\u00e4 ostoksiinsa.<\/p>\n<p>Lis\u00e4ksi FMP toimittaa laajan valikoiman muita hydraulisylintereit\u00e4, kuten henkil\u00f6nostinten sylintereit\u00e4, teollisuusajoneuvojen hydraulisylintereit\u00e4, porauslauttojen sylintereit\u00e4, autonostureiden sylintereit\u00e4, rakennuskoneiden hydraulisylintereit\u00e4, trukkien hydraulisylintereit\u00e4, kaivoskuorma-autojen sylintereit\u00e4, saniteettikoneiden hydraulisylintereit\u00e4 ja paljon muuta. Tarjoamme my\u00f6s r\u00e4\u00e4t\u00e4l\u00f6intipalveluita asiakkaille, joilla on erityisvaatimuksia.<\/p>\n<p><img decoding=\"async\" src=\"https:\/\/hzpt.com\/wp-content\/uploads\/2023\/12\/random-6.webp\" alt=\"FMP-tehdas\" title=\"\"><\/p>\n<h2>Usein kysytyt kysymykset<\/h2>\n<p>K: Mihin k\u00e4ytet\u00e4\u00e4n kaksitoimista hydraulisylinteri\u00e4, jossa on p\u00e4\u00e4tytulppareik\u00e4?<\/p>\n<p>A: Kaksitoimista hydraulisylinteri\u00e4 k\u00e4ytet\u00e4\u00e4n useissa eri sovelluksissa, kuten maataloudessa, rakennusalalla, kaivosteollisuudessa ja muussa. N\u00e4m\u00e4 sylinterit ovat raskaiden koneiden olennaisia \u200b\u200bosia, jotka tarjoavat tarvittavan voiman suurten kuormien nostamiseen, ty\u00f6nt\u00e4miseen ja vet\u00e4miseen.<\/p>\n<p>K: Miten hydrauliikkaj\u00e4rjestelm\u00e4 toimii?<\/p>\n<p>A: Hydraulij\u00e4rjestelm\u00e4 toimii k\u00e4ytt\u00e4m\u00e4ll\u00e4 paineistettua nestett\u00e4, joka kohdistaa voimaa m\u00e4nt\u00e4\u00e4n. M\u00e4nt\u00e4 sitten liikuttaa kuormaa, mik\u00e4 mahdollistaa raskaiden koneiden helpon ja tehokkaan liikkumisen. Hydraulij\u00e4rjestelm\u00e4 toimii Pascalin lain periaatteella, jonka mukaan suljettuun nesteeseen kohdistettu paine v\u00e4littyy tasaisesti koko nesteeseen kaikkiin suuntiin.<\/p>\n<p>K: Mitk\u00e4 ovat kaksitoimisen hydraulisylinterin edut?<\/p>\n<p>A: Kaksitoiminen hydraulisylinteri on energiatehokas, eritt\u00e4in tehokas ja turvallinen k\u00e4ytt\u00e4\u00e4. Se tarjoaa poikkeuksellisen suorituskyvyn ja kest\u00e4vyyden, mik\u00e4 tekee siit\u00e4 v\u00e4ltt\u00e4m\u00e4tt\u00f6m\u00e4n ty\u00f6kalun raskaiden koneiden sujuvaan toimintaan.<\/p>\n<h2>Hitsatun T-tyyppisen sylinterin edut<\/h2>\n<ul>\n<li style=\"list-style-type: none;\">\n<ul>\n<li><strong>Lis\u00e4\u00e4ntynyt voima:<\/strong> Hitsatut T-tyyppiset sylinterit tunnetaan suuresta lujuudestaan, mink\u00e4 ansiosta ne sopivat raskasta nostoa vaativiin sovelluksiin. N\u00e4iden sylinterien valmistuksessa k\u00e4ytetty hitsausprosessi varmistaa, ett\u00e4 sylinteriss\u00e4 ei ole heikkoja kohtia ja se kest\u00e4\u00e4 suurta painetta ja rasitusta.<\/li>\n<\/ul>\n<\/li>\n<\/ul>\n<p>Kun sylinteriin kohdistetaan painetta, se jakautuu tasaisesti koko pinnalle, mik\u00e4 tekee siit\u00e4 kest\u00e4v\u00e4n muodonmuutokselle. T\u00e4m\u00e4 ominaisuus varmistaa, ett\u00e4 sylinteri s\u00e4ilytt\u00e4\u00e4 muotonsa ja rakenteellisen eheytens\u00e4 my\u00f6s \u00e4\u00e4rimm\u00e4isiss\u00e4 olosuhteissa.<\/p>\n<ul>\n<li style=\"list-style-type: none;\">\n<ul>\n<li><strong>Vuotojen ehk\u00e4isy:<\/strong> Hitsatut T-tyyppiset sylinterit on suunniteltu est\u00e4m\u00e4\u00e4n vuodot. Valmistusprosessissa k\u00e4ytetty hitsausprosessi varmistaa, ett\u00e4 sylinteri on t\u00e4ysin tiivis ja vapaa mahdollisista vuodoista. T\u00e4m\u00e4 ominaisuus tekee niist\u00e4 sopivia k\u00e4ytett\u00e4v\u00e4ksi sovelluksissa, joissa vuoto voi aiheuttaa vakavia vaurioita tai vammoja.<\/li>\n<\/ul>\n<\/li>\n<\/ul>\n<p>Hitsatut liitokset ovat sileit\u00e4, ilman rakoja tai uria, joihin roskat tai lika voisivat ker\u00e4\u00e4nty\u00e4, mik\u00e4 v\u00e4hent\u00e4\u00e4 korroosion ja sylinterin vaurioitumisen riski\u00e4.<\/p>\n<ul>\n<li style=\"list-style-type: none;\">\n<ul>\n<li><strong>Mukautettava:<\/strong> Hitsattuja T-tyyppisi\u00e4 sylintereit\u00e4 voidaan r\u00e4\u00e4t\u00e4l\u00f6id\u00e4 tiettyihin sovelluksiin. Sylintereit\u00e4 on saatavana eri kokoisina ja muotoisina, ja ne voidaan valmistaa vastaamaan sovelluksen erityisvaatimuksia.<\/li>\n<\/ul>\n<\/li>\n<\/ul>\n<p>R\u00e4\u00e4t\u00e4l\u00f6intiprosessi mahdollistaa sylinterin suorituskyvyn optimoinnin varmistaen, ett\u00e4 se sopii aiottuun k\u00e4ytt\u00f6tarkoitukseen. T\u00e4m\u00e4 ominaisuus tekee hitsatuista T-tyyppisist\u00e4 sylintereist\u00e4 ihanteellisia k\u00e4ytett\u00e4v\u00e4ksi erilaisissa teollisissa sovelluksissa, kuten rakentamisessa, kaivostoiminnassa ja materiaalink\u00e4sittelyss\u00e4.<\/p>\n<ul>\n<li style=\"list-style-type: none;\">\n<ul>\n<li><strong>Kustannustehokas:<\/strong> Hitsatut T-tyyppiset sylinterit ovat kustannustehokkaita verrattuna muuntyyppisiin sylintereihin. N\u00e4iden sylinterien valmistuksessa k\u00e4ytetty valmistusprosessi on yksinkertainen, mink\u00e4 ansiosta ne ovat halvempia kuin muuntyyppiset sylinterit.<\/li>\n<\/ul>\n<\/li>\n<\/ul>\n<p>Lis\u00e4ksi hitsattujen T-tyyppisten sylinterien korkea lujuus ja kest\u00e4vyys v\u00e4hent\u00e4v\u00e4t usein teht\u00e4vien korjausten ja vaihtojen tarvetta, mik\u00e4 s\u00e4\u00e4st\u00e4\u00e4 yll\u00e4pitokustannuksissa. T\u00e4m\u00e4 ominaisuus tekee niist\u00e4 suositun valinnan monilla toimialoilla, erityisesti niill\u00e4, joilla on rajallinen budjetti.<\/p>\n<ul>\n<li style=\"list-style-type: none;\">\n<ul>\n<li><strong>Lis\u00e4\u00e4ntynyt tehokkuus:<\/strong> Hitsatut T-tyyppiset sylinterit ovat eritt\u00e4in tehokkaita ja toimivia. Sylinterin rakenne varmistaa, ett\u00e4 k\u00e4ytetty voima siirtyy suoraan kuormaan, mik\u00e4 v\u00e4hent\u00e4\u00e4 energiah\u00e4vi\u00f6t\u00e4 ja lis\u00e4\u00e4 tehokkuutta.<\/li>\n<\/ul>\n<\/li>\n<\/ul>\n<p>Hitsatut liitokset ovat vahvoja ja j\u00e4ykki\u00e4, mik\u00e4 minimoi taipuman ja varmistaa, ett\u00e4 sylinteri s\u00e4ilytt\u00e4\u00e4 muotonsa ja rakenteellisen eheytens\u00e4 my\u00f6s \u00e4\u00e4rimm\u00e4isiss\u00e4 olosuhteissa. T\u00e4m\u00e4 ominaisuus tekee hitsatuista T-tyyppisist\u00e4 sylintereist\u00e4 ihanteellisia k\u00e4ytett\u00e4v\u00e4ksi sovelluksissa, jotka vaativat korkeaa hy\u00f6tysuhdetta ja luotettavuutta.<\/p>\n<p><img loading=\"lazy\" decoding=\"async\" class=\"size-full wp-image-977 aligncenter\" src=\"https:\/\/fmp-components.com\/wp-content\/uploads\/2024\/12\/Welded-Tee-Type-Cylinder3.webp\" alt=\"Hitsattu T-tyyppinen sylinteri\" width=\"653\" height=\"600\" title=\"\" srcset=\"https:\/\/fmp-components.com\/wp-content\/uploads\/2024\/12\/Welded-Tee-Type-Cylinder3.webp 653w, https:\/\/fmp-components.com\/wp-content\/uploads\/2024\/12\/Welded-Tee-Type-Cylinder3-480x441.webp 480w\" sizes=\"(min-width: 0px) and (max-width: 480px) 480px, (min-width: 481px) 653px, 100vw\" \/><\/p>\n<h2>Hitsatun T-tyyppisen sylinterin k\u00e4ytt\u00f6<\/h2>\n<ol>\n<li>\n<h3>Autoteollisuus<\/h3>\n<p>Hitsattuja T-tyyppisi\u00e4 sylintereit\u00e4 k\u00e4ytet\u00e4\u00e4n laajalti autoteollisuudessa. Niit\u00e4 k\u00e4ytet\u00e4\u00e4n autojen ovissa, konepeltien ja tavaratilan nostimissa, avoautojen katoissa ja ohjaustehostimissa. N\u00e4it\u00e4 sylintereit\u00e4 suositaan, koska ne pystyv\u00e4t tuottamaan suuren voiman pienell\u00e4 tilantarpeella. T-tyyppinen sylinterirakenne sopii hyvin sovelluksiin, joissa voima on siirrett\u00e4v\u00e4 kahteen eri suuntaan.<\/p>\n<p>Lis\u00e4ksi n\u00e4iden sylinterien hitsattu rakenne mahdollistaa niiden toiminnan korkeissa l\u00e4mp\u00f6tiloissa ja paineissa ilman vuotoja. T\u00e4m\u00e4 tekee niist\u00e4 sopivia k\u00e4ytett\u00e4v\u00e4ksi moottoreissa, vaihteistoissa ja jarruj\u00e4rjestelmiss\u00e4.<\/li>\n<li>\n<h3>Valmistava teollisuus<\/h3>\n<p>Hitsattuja T-tyyppisi\u00e4 sylintereit\u00e4 k\u00e4ytet\u00e4\u00e4n my\u00f6s valmistusteollisuudessa. Niit\u00e4 k\u00e4ytet\u00e4\u00e4n hydraulisissa puristimissa, takomokoneissa ja metallinleikkauskoneissa. N\u00e4iden sylinterien suuri voimantuotto tekee niist\u00e4 ihanteellisia sovelluksiin, joissa tarvitaan paljon voimaa pieness\u00e4 tilassa.<\/p>\n<p>T-tyyppinen sylinterirakenne sopii my\u00f6s hyvin sovelluksiin, joissa voima on siirrett\u00e4v\u00e4 kahteen eri suuntaan. Esimerkiksi hydraulisessa puristimessa T-tyyppist\u00e4 sylinteri\u00e4 voidaan k\u00e4ytt\u00e4\u00e4 voiman kohdistamiseen sek\u00e4 pystysuoraan ett\u00e4 vaakasuoraan, mik\u00e4 mahdollistaa monimutkaisemmat valmistusprosessit.<\/li>\n<li>\n<h3>Ilmailuteollisuus<\/h3>\n<p>Hitsattuja T-tyyppisi\u00e4 sylintereit\u00e4 k\u00e4ytet\u00e4\u00e4n ilmailuteollisuudessa monissa eri sovelluksissa. Niit\u00e4 k\u00e4ytet\u00e4\u00e4n laskutelinej\u00e4rjestelmiss\u00e4, rahtiluukuissa ja lennonohjausj\u00e4rjestelmiss\u00e4. N\u00e4iden sylinterien suuri voimantuotto ja kompakti rakenne tekev\u00e4t niist\u00e4 ihanteellisia k\u00e4ytett\u00e4v\u00e4ksi lentokoneen rajoitetussa tilassa.<\/p>\n<p>N\u00e4iden sylinterien hitsattu rakenne tekee niist\u00e4 my\u00f6s kest\u00e4vi\u00e4 lennon aikana esiintyville korkeille paineille ja l\u00e4mp\u00f6tiloille. Lis\u00e4ksi T-tyyppinen sylinterirakenne mahdollistaa voiman siirt\u00e4misen kahteen eri suuntaan, joten se sopii hyvin sovelluksiin, joissa voima on kohdistettava kulmassa.<\/li>\n<li>\n<h3>Rakennusteollisuus<\/h3>\n<p>Hitsattuja T-yhdetyyppisi\u00e4 sylintereit\u00e4 k\u00e4ytet\u00e4\u00e4n rakennusteollisuudessa raskaisiin nosto- ja siirtosovelluksiin. Niit\u00e4 k\u00e4ytet\u00e4\u00e4n nostureissa, kaivinkoneissa ja traktorikaivureissa. N\u00e4iden sylinterien suuri voimantuotto ja kompakti rakenne tekev\u00e4t niist\u00e4 ihanteellisia k\u00e4ytett\u00e4v\u00e4ksi rakennusty\u00f6maan rajoitetussa tilassa.<\/p>\n<p>T-tyyppisen sylinterin rakenne mahdollistaa voiman siirt\u00e4misen kahteen eri suuntaan, joten se sopii hyvin sovelluksiin, joissa voima on kohdistettava kulmassa. Lis\u00e4ksi n\u00e4iden sylinterien hitsattu rakenne mahdollistaa niiden toiminnan korkeissa paineissa ja l\u00e4mp\u00f6tiloissa ilman vuotoja, mik\u00e4 tekee niist\u00e4 sopivia k\u00e4ytett\u00e4v\u00e4ksi ankarissa ulko-olosuhteissa.<\/li>\n<\/ol>\n<h3>Tietoja FMP:st\u00e4<\/h3>\n<p>FMP on vakiintunut yritys, jolla on yli 30 vuoden kokemus erilaisten hydraulisylintereiden valmistuksesta ja myynnist\u00e4. Teollisuusalueemme sijaitsee Italiassa, ja olemme ylpeit\u00e4 huippumodernista laitoksestamme, joka on varustettu yli 100 edistyneell\u00e4 laitteella, mukaan lukien automaattiset kaasusuojatut hitsauskoneet, syv\u00e4reik\u00e4porauskoneet, CNC-sorvit, sylinterihiomakoneet, automaattiset puhdistuskoneet, automaattiset asennuskoneet, automaattiset hydraulisylintereiden suorituskyvyn testauspenkit ja automaattiset maalauslinjat.<\/p>\n<p><img decoding=\"async\" src=\"https:\/\/fmp-components.com\/wp-content\/uploads\/2024\/12\/fmp-factory-4.webp\" alt=\"FMP-tehdas\" width=\"800\" title=\"\"><\/p>\n<p>FMP:ll\u00e4 asetamme tuotteidemme laadun ja luotettavuuden etusijalle. Jokainen hydraulisylinteri k\u00e4y l\u00e4pi tiukan k\u00e4sittelyn ja tarkastuksen varmistaaksemme huippulaadun asiakkaillemme.<\/p>\n<p>T\u00e4ss\u00e4 ovat tuotteidemme ja yrityksemme t\u00e4rkeimm\u00e4t edut ja ominaisuudet:<\/p>\n<ol>\n<li>Suunnittelupalvelu: Kokenut suunnittelutiimimme on erikoistunut nivelakseleiden tuotesuunnitteluun ja -kehitykseen. Olipa sinulla sitten erityisvaatimuksia uusille tuotteille tai haluat lis\u00e4parannuksia, olemme t\u00e4\u00e4ll\u00e4 tukemassa sinua.<\/li>\n<li>Tuotepalvelu: Kattava tuotepalvelumme sis\u00e4lt\u00e4\u00e4 virtaviivaistetun prosessin raaka-aineista kuljetukseen. Hoidamme kaiken leikkaamisesta ja karkeak\u00e4sittelyst\u00e4 testaukseen, puhdistukseen, kokoonpanoon, pakkaamiseen ja kuljetukseen varmistaen saumattoman kokemuksen asiakkaillemme.<\/li>\n<li>N\u00e4yteprosessi: Tarjoamme n\u00e4ytteiden kehitt\u00e4mist\u00e4 tarpeidesi mukaan. Tiimimme muokkaa n\u00e4ytteit\u00e4 jatkuvasti vastaamaan erityistarpeitasi, mik\u00e4 takaa asiakastyytyv\u00e4isyyden.<\/li>\n<li>Tutkimus ja kehitys: Pysymme markkinoiden eturintamassa tutkimalla uusia markkinatarpeita ja kehitt\u00e4m\u00e4ll\u00e4 uusia malleja aina, kun uusia autoja lanseerataan. T\u00e4m\u00e4 omistautuminen tutkimukseen ja kehitykseen antaa meille mahdollisuuden tarjota innovatiivisia ratkaisuja asiakkaillemme.<\/li>\n<li>R\u00e4\u00e4t\u00e4l\u00f6inti: Vakiohydraulisylinteritarjontamme lis\u00e4ksi otamme vastaan \u200b\u200br\u00e4\u00e4t\u00e4l\u00f6intipyynt\u00f6j\u00e4. Tiimimme voi tehd\u00e4 tiivist\u00e4 yhteisty\u00f6t\u00e4 kanssasi kehitt\u00e4\u00e4kseen r\u00e4\u00e4t\u00e4l\u00f6ityj\u00e4 ratkaisuja, jotka vastaavat t\u00e4ydellisesti ainutlaatuisia vaatimuksiasi.<\/li>\n<\/ol>\n<p>Valitse FMP luotettavien ja korkealaatuisten hydraulisylintereiden hankkimiseksi. Tee yhteisty\u00f6t\u00e4 kanssamme ja koe sitoutumisemme huippuosaamiseen. Ota meihin yhteytt\u00e4 jo t\u00e4n\u00e4\u00e4n keskustellaksesi hydraulisylinteritarpeistasi ja siit\u00e4, miten voimme auttaa sinua.<\/p>\n<p>Tekij\u00e4: CX<\/p>","protected":false},"excerpt":{"rendered":"<p>The 10001 Selected Products Double Acting Hydraulic Cylinder is engineered for agricultural machinery, providing reliable performance and durability. Designed to meet American standards, this hydraulic cylinder features an end plug hole for enhanced versatility in various applications. Key Features: Double Acting Mechanism: This hydraulic cylinder operates in both extension and retraction, ensuring efficient and controlled [&hellip;]<\/p>","protected":false},"featured_media":1132,"comment_status":"closed","ping_status":"closed","template":"","meta":{"_et_pb_use_builder":"","_et_pb_old_content":"","_et_gb_content_width":""},"product_brand":[],"product_cat":[31],"product_tag":[34,35],"class_list":{"0":"post-919","1":"product","2":"type-product","3":"status-publish","4":"has-post-thumbnail","6":"product_cat-welded-tee-type-cylinder","7":"product_tag-hydraulic-cylinder","8":"product_tag-welded-tee-type-cylinder","10":"first","11":"instock","12":"product-type-simple"},"_links":{"self":[{"href":"https:\/\/fmp-components.com\/fi\/wp-json\/wp\/v2\/product\/919","targetHints":{"allow":["GET"]}}],"collection":[{"href":"https:\/\/fmp-components.com\/fi\/wp-json\/wp\/v2\/product"}],"about":[{"href":"https:\/\/fmp-components.com\/fi\/wp-json\/wp\/v2\/types\/product"}],"replies":[{"embeddable":true,"href":"https:\/\/fmp-components.com\/fi\/wp-json\/wp\/v2\/comments?post=919"}],"wp:featuredmedia":[{"embeddable":true,"href":"https:\/\/fmp-components.com\/fi\/wp-json\/wp\/v2\/media\/1132"}],"wp:attachment":[{"href":"https:\/\/fmp-components.com\/fi\/wp-json\/wp\/v2\/media?parent=919"}],"wp:term":[{"taxonomy":"product_brand","embeddable":true,"href":"https:\/\/fmp-components.com\/fi\/wp-json\/wp\/v2\/product_brand?post=919"},{"taxonomy":"product_cat","embeddable":true,"href":"https:\/\/fmp-components.com\/fi\/wp-json\/wp\/v2\/product_cat?post=919"},{"taxonomy":"product_tag","embeddable":true,"href":"https:\/\/fmp-components.com\/fi\/wp-json\/wp\/v2\/product_tag?post=919"}],"curies":[{"name":"wp","href":"https:\/\/api.w.org\/{rel}","templated":true}]}}