{"id":885,"date":"2024-12-19T02:48:59","date_gmt":"2024-12-19T02:48:59","guid":{"rendered":"https:\/\/fmp-components.com\/?page_id=8"},"modified":"2024-12-19T02:50:44","modified_gmt":"2024-12-19T02:50:44","slug":"hydraulic-cylinder-for-double-shield-tunnel-boring-machine","status":"publish","type":"product","link":"https:\/\/fmp-components.com\/fi\/product\/hydraulic-cylinder-for-double-shield-tunnel-boring-machine\/","title":{"rendered":"Hydraulinen sylinteri kaksoissuojatulle tunneliporauskoneelle"},"content":{"rendered":"<p style=\"text-align: center;\"><span style=\"font-size: 18pt;\">Hydraulinen sylinteri kaksoissuojatulle tunneliporauskoneelle<\/span><\/p>\n<p>Hydraulisylinteri kaksoissuojatuille tunnelinporauskoneille on olennainen osa, joka on suunniteltu parantamaan tunnelin louhinnan tehokkuutta ja tarkkuutta. T\u00e4m\u00e4 edistynyt hydrauliikkaj\u00e4rjestelm\u00e4 mahdollistaa tehokkaan toiminnan ainutlaatuisen kaksoissuojatun kehyksen sis\u00e4ll\u00e4, jolloin tunnelin louhinta ja tukirakenteiden asennus voidaan suorittaa samanaikaisesti.<\/p>\n<p><img loading=\"lazy\" decoding=\"async\" class=\"alignnone size-full wp-image-911\" src=\"https:\/\/fmp-components.com\/wp-content\/uploads\/2024\/12\/Double-Shield-Tunnel-Boring-Machine-Support-Shoe-Cylinder-1.webp\" alt=\"Tuplasuojatun tunnelinporauskoneen tukikenk\u00e4sylinteri\" width=\"980\" height=\"554\" title=\"\" srcset=\"https:\/\/fmp-components.com\/wp-content\/uploads\/2024\/12\/Double-Shield-Tunnel-Boring-Machine-Support-Shoe-Cylinder-1.webp 980w, https:\/\/fmp-components.com\/wp-content\/uploads\/2024\/12\/Double-Shield-Tunnel-Boring-Machine-Support-Shoe-Cylinder-1-480x271.webp 480w\" sizes=\"(min-width: 0px) and (max-width: 480px) 480px, (min-width: 481px) 980px, 100vw\" \/><\/p>\n<h4>T\u00e4rkeimm\u00e4t ominaisuudet:<\/h4>\n<ul>\n<li><strong>Suuri ty\u00f6nt\u00f6voima:<\/strong><br \/>\nN\u00e4m\u00e4 hydraulisylinterit on suunniteltu tuottamaan huomattavaa voimaa, ja ne mahdollistavat nopean kaivamisen, mik\u00e4 lyhent\u00e4\u00e4 merkitt\u00e4v\u00e4sti projektin aikataulua ja parantaa kokonaistuottavuutta.<\/li>\n<li><strong>Vankka kest\u00e4vyys:<\/strong><br \/>\nEritt\u00e4in lujista materiaaleista valmistetut sylinterit on rakennettu kest\u00e4m\u00e4\u00e4n tunnelointien ankaria olosuhteita, mik\u00e4 varmistaa pitk\u00e4ik\u00e4isen suorituskyvyn ja luotettavuuden.<\/li>\n<li><strong>Tarkkuusohjaus:<\/strong><br \/>\nHydraulij\u00e4rjestelm\u00e4 mahdollistaa porakoneen tarkan liikkeen ja ohjauksen, mik\u00e4 mahdollistaa tarkan kohdistuksen ja tunneloinnin, mik\u00e4 on ratkaisevan t\u00e4rke\u00e4\u00e4 projektin eritelmien ja turvallisuusstandardien t\u00e4ytt\u00e4miseksi.<\/li>\n<li><strong>Parannettu vakaus:<\/strong><br \/>\nN\u00e4m\u00e4 sylinterit edist\u00e4v\u00e4t kaksoissuojausj\u00e4rjestelm\u00e4n yleist\u00e4 vakautta varmistaen turvallisen toiminnan erilaisissa geologisissa muodostumissa ja minimoiden onnettomuusriskin.<\/li>\n<li><strong>Monipuoliset sovellukset:<\/strong><br \/>\nN\u00e4m\u00e4 hydraulisylinterit sopivat monenlaisiin projekteihin, kuten metroj\u00e4rjestelmiin, yleishy\u00f6dyllisiin tunneleihin ja infrastruktuurikehitykseen, ja ne voidaan mukauttaa erilaisiin tunnelointitarpeisiin.<\/li>\n<li><strong>V\u00e4h\u00e4iset huoltovaatimukset:<\/strong><br \/>\nKest\u00e4v\u00e4 rakenne v\u00e4hent\u00e4\u00e4 kulumista, mik\u00e4 johtaa alhaisempiin yll\u00e4pitokustannuksiin ja lyhyempiin seisokkiaikoihin ja parantaa projektin kokonaistehokkuutta.<\/li>\n<li><strong>Edistyneet turvaominaisuudet:<\/strong><br \/>\nN\u00e4m\u00e4 hydraulisylinterit on varustettu turvamekanismeilla, jotka est\u00e4v\u00e4t vahingossa tapahtuvan irtoamisen, ja ne varmistavat turvallisen toiminnan suojaten sek\u00e4 miehist\u00f6\u00e4 ett\u00e4 koneita kaivamisen aikana.<\/li>\n<\/ul>\n<p>Hydraulisylinteri kaksoissuojatuille tunnelinporauskoneille on elint\u00e4rke\u00e4 osa nykyaikaista tunneliteknologiaa, ja se tarjoaa korkean suorituskyvyn, kest\u00e4vyyden ja turvallisuuden. Sen integrointi tunnelinporauskoneisiin parantaa merkitt\u00e4v\u00e4sti maanalaisten rakennusprojektien tehokkuutta ja onnistumista, mik\u00e4 tekee siit\u00e4 v\u00e4ltt\u00e4m\u00e4tt\u00f6m\u00e4n infrastruktuurin kehitt\u00e4misess\u00e4.<\/p>\n<h2>Tuplasuojatun tunnelinporauskoneen tukikenk\u00e4sylinteri<\/h2>\n<p><img loading=\"lazy\" decoding=\"async\" class=\"size-full wp-image-912 aligncenter\" src=\"https:\/\/fmp-components.com\/wp-content\/uploads\/2024\/12\/Double-Shield-Tunnel-Boring-Machine-Support-Shoe-Cylinder.webp\" alt=\"Tuplasuojatun tunnelinporauskoneen tukikenk\u00e4sylinteri\" width=\"500\" height=\"200\" title=\"\" srcset=\"https:\/\/fmp-components.com\/wp-content\/uploads\/2024\/12\/Double-Shield-Tunnel-Boring-Machine-Support-Shoe-Cylinder.webp 500w, https:\/\/fmp-components.com\/wp-content\/uploads\/2024\/12\/Double-Shield-Tunnel-Boring-Machine-Support-Shoe-Cylinder-480x192.webp 480w\" sizes=\"(min-width: 0px) and (max-width: 480px) 480px, (min-width: 481px) 500px, 100vw\" \/><\/p>\n<table style=\"width: 94.1786%; height: 146px;\" border=\"1\" cellspacing=\"0\" cellpadding=\"0\">\n<tbody>\n<tr>\n<td>Tuotteen nimi<\/td>\n<td>Tuplasuojatun tunnelinporauskoneen tukikenk\u00e4sylinteri<\/td>\n<\/tr>\n<tr>\n<td>Ominaisuudet:<\/td>\n<td>Tarjoaa jyrsinp\u00e4\u00e4n tunneloinnin ty\u00f6nt\u00f6voiman<\/td>\n<\/tr>\n<tr>\n<td>Rei\u00e4n halkaisija:<\/td>\n<td>320 mm\uff5e700 mm<\/td>\n<\/tr>\n<tr>\n<td>Tangon halkaisija:<\/td>\n<td>220 mm\uff5e500 mm<br \/>\nIsku: 300 mm\uff5e1200 mm<\/td>\n<\/tr>\n<tr>\n<td>Paine:<\/td>\n<td>jopa 35 MPa<\/td>\n<\/tr>\n<tr>\n<td>Sovellukset:<\/td>\n<td>Tuplasuojattu tunnelinporauskone<\/td>\n<\/tr>\n<\/tbody>\n<\/table>\n<h2>Tuplasuojatun tunnelin porauskoneen v\u00e4\u00e4nt\u00f6sylinteri<\/h2>\n<p><img loading=\"lazy\" decoding=\"async\" class=\"size-full wp-image-907 aligncenter\" src=\"https:\/\/fmp-components.com\/wp-content\/uploads\/2024\/12\/Double-Shield-Tunnel-Boring-Machine-Torque-Cylinder.webp\" alt=\"Tuplasuojatun tunnelin porauskoneen v\u00e4\u00e4nt\u00f6sylinteri\" width=\"500\" height=\"200\" title=\"\" srcset=\"https:\/\/fmp-components.com\/wp-content\/uploads\/2024\/12\/Double-Shield-Tunnel-Boring-Machine-Torque-Cylinder.webp 500w, https:\/\/fmp-components.com\/wp-content\/uploads\/2024\/12\/Double-Shield-Tunnel-Boring-Machine-Torque-Cylinder-480x192.webp 480w\" sizes=\"(min-width: 0px) and (max-width: 480px) 480px, (min-width: 481px) 500px, 100vw\" \/><\/p>\n<table style=\"width: 94.832%; height: 150px;\" border=\"1\" cellspacing=\"0\" cellpadding=\"0\">\n<tbody>\n<tr>\n<td>Tuotteen nimi<\/td>\n<td>Tuplasuojatun tunnelin porauskoneen v\u00e4\u00e4nt\u00f6sylinteri<\/td>\n<\/tr>\n<tr>\n<td>Ominaisuudet:<\/td>\n<td>Siirr\u00e4 leikkuup\u00e4\u00e4n v\u00e4\u00e4nt\u00f6momentti<\/td>\n<\/tr>\n<tr>\n<td>Tekniset tiedot:<\/td>\n<td>V\u00e4\u00e4nt\u00f6momenttisylintereiden erilaisia \u200b\u200brakenteita ja eritelmi\u00e4 voidaan suunnitella ja valmistaa asiakkaan vaatimusten mukaisesti<\/td>\n<\/tr>\n<tr>\n<td>Paine:<\/td>\n<td>jopa 25 MPa<br \/>\nErikoisvaatimukset jopa 35 MPa<\/td>\n<\/tr>\n<tr>\n<td>Sovellukset:<\/td>\n<td>Tuplasuojattu tunnelinporauskone<\/td>\n<\/tr>\n<\/tbody>\n<\/table>\n<h2>Tuplasuojatun tunnelinporauskoneen p\u00e4\u00e4ty\u00f6nt\u00f6sylinteri<\/h2>\n<p><img loading=\"lazy\" decoding=\"async\" class=\"size-full wp-image-906 aligncenter\" src=\"https:\/\/fmp-components.com\/wp-content\/uploads\/2024\/12\/Double-Shield-Tunnel-Boring-Machine-Main-Thrust-Cylinder.webp\" alt=\"Tuplasuojatun tunnelinporauskoneen p\u00e4\u00e4ty\u00f6nt\u00f6sylinteri\" width=\"500\" height=\"200\" title=\"\" srcset=\"https:\/\/fmp-components.com\/wp-content\/uploads\/2024\/12\/Double-Shield-Tunnel-Boring-Machine-Main-Thrust-Cylinder.webp 500w, https:\/\/fmp-components.com\/wp-content\/uploads\/2024\/12\/Double-Shield-Tunnel-Boring-Machine-Main-Thrust-Cylinder-480x192.webp 480w\" sizes=\"(min-width: 0px) and (max-width: 480px) 480px, (min-width: 481px) 500px, 100vw\" \/><\/p>\n<table style=\"width: 96.1207%; height: 146px;\" border=\"1\" cellspacing=\"0\" cellpadding=\"0\">\n<tbody>\n<tr>\n<td>Tuotteen nimi<\/td>\n<td>Tuplasuojatun tunnelinporauskoneen p\u00e4\u00e4ty\u00f6nt\u00f6sylinteri<\/td>\n<\/tr>\n<tr>\n<td>Ominaisuudet:<\/td>\n<td>Tarjoaa TBM:n eteenp\u00e4in suuntautuvan tunneloinnin ty\u00f6nt\u00f6voiman<\/td>\n<\/tr>\n<tr>\n<td>Rei\u00e4n halkaisija:<\/td>\n<td>220 mm\uff5e380 mm<\/td>\n<\/tr>\n<tr>\n<td>Tangon halkaisija:<\/td>\n<td>150 mm\uff5e280 mm<br \/>\nIsku: 1100 mm\uff5e1700 mm<\/td>\n<\/tr>\n<tr>\n<td>Paine:<\/td>\n<td>jopa 35 MPa<\/td>\n<\/tr>\n<tr>\n<td>Sovellukset:<\/td>\n<td>Tuplasuojattu tunnelinporauskone<\/td>\n<\/tr>\n<\/tbody>\n<\/table>\n<h2>Tuplasuojatun tunnelinporauskoneen aputy\u00f6nt\u00f6sylinteri<\/h2>\n<p><img loading=\"lazy\" decoding=\"async\" class=\"size-full wp-image-904 aligncenter\" src=\"https:\/\/fmp-components.com\/wp-content\/uploads\/2024\/12\/Double-Shield-Tunnel-Boring-Machine-Auxiliary-Thrust-Cylinder.webp\" alt=\"Tuplasuojatun tunnelinporauskoneen aputy\u00f6nt\u00f6sylinteri\" width=\"500\" height=\"200\" title=\"\" srcset=\"https:\/\/fmp-components.com\/wp-content\/uploads\/2024\/12\/Double-Shield-Tunnel-Boring-Machine-Auxiliary-Thrust-Cylinder.webp 500w, https:\/\/fmp-components.com\/wp-content\/uploads\/2024\/12\/Double-Shield-Tunnel-Boring-Machine-Auxiliary-Thrust-Cylinder-480x192.webp 480w\" sizes=\"(min-width: 0px) and (max-width: 480px) 480px, (min-width: 481px) 500px, 100vw\" \/><\/p>\n<table style=\"width: 97.5599%; height: 190px;\" border=\"1\" cellspacing=\"0\" cellpadding=\"0\">\n<tbody>\n<tr>\n<td>Tuotteen nimi<\/td>\n<td>Tuplasuojatun tunnelinporauskoneen aputy\u00f6nt\u00f6sylinteri<\/td>\n<\/tr>\n<tr>\n<td>Ominaisuudet:<\/td>\n<td>Tukipy\u00f6r\u00e4n eteenp\u00e4in liikkuminen putkikappaleen ty\u00f6nt\u00e4miseksi aputy\u00f6nt\u00f6sylinterin reaktiovoiman avulla<\/td>\n<\/tr>\n<tr>\n<td>Rei\u00e4n halkaisija:<\/td>\n<td>220 mm\uff5e320 mm<\/td>\n<\/tr>\n<tr>\n<td>Tangon halkaisija:<\/td>\n<td>180 mm\uff5e240 mm<br \/>\nIsku: 2100 mm\uff5e2600 mm<\/td>\n<\/tr>\n<tr>\n<td>Paine:<\/td>\n<td>jopa 35 MPa<br \/>\nErikoisvaatimukset jopa 45 MPa<\/td>\n<\/tr>\n<tr>\n<td>Sovellukset:<\/td>\n<td>Tuplasuojattu tunnelinporauskone<\/td>\n<\/tr>\n<\/tbody>\n<\/table>\n<h3><\/h3>\n<h3>Miten kaksoissuojatun tunneliporauskoneen hydraulisylinteri toimii?<\/h3>\n<p>Double Shield Tunnel Boring Machinen (TBM) hydraulisylinterill\u00e4 on ratkaiseva rooli tunnelointiprosessissa. T\u00e4ss\u00e4 on yleiskatsaus sen toiminnasta:<\/p>\n<ul>\n<li><strong>Hydraulinen energiantuotanto:<\/strong><br \/>\nHydraulij\u00e4rjestelm\u00e4 tuottaa tehoa hydraulinesteell\u00e4, jota paineistetaan hydraulipumppujen avulla. T\u00e4m\u00e4 paineistus luo voiman, joka v\u00e4littyy hydraulisylintereihin.<\/li>\n<li><strong>Ty\u00f6nt\u00f6voiman generointi:<\/strong><br \/>\nHydraulisylinteri muuntaa hydraulinesteen energian mekaaniseksi energiaksi, joka antaa ty\u00f6nt\u00f6voiman TBM:lle. T\u00e4m\u00e4 ty\u00f6nt\u00f6voima ty\u00f6nt\u00e4\u00e4 konetta eteenp\u00e4in kallioon tai maaper\u00e4\u00e4n, mik\u00e4 mahdollistaa tehokkaan kaivamisen.<\/li>\n<li><strong>Kaksoissuojamekanismi:<\/strong><br \/>\nKaksoissuojaisessa TBM:ss\u00e4 on kaksi suojaa: etusuoja (leikkaussuoja) ja takasuoja (tukisuoja). Hydraulisylinterit on integroitu molempiin suojiin, mik\u00e4 mahdollistaa samanaikaisen kaivun ja tuen asennuksen.<\/li>\n<li><strong>Leikkuup\u00e4\u00e4n k\u00e4ytt\u00f6:<\/strong><br \/>\nHydraulisylinterit ohjaavat TBM:n etuosassa olevan leikkuup\u00e4\u00e4n liikett\u00e4. Ne ojentuvat ja vet\u00e4ytyv\u00e4t sis\u00e4\u00e4np\u00e4in ja auttavat asettamaan leikkuuty\u00f6kalut tehokkaaseen maan l\u00e4pi murtautumiseen.<\/li>\n<\/ul>\n<p><img loading=\"lazy\" decoding=\"async\" class=\"alignnone size-full wp-image-909\" src=\"https:\/\/fmp-components.com\/wp-content\/uploads\/2024\/12\/Double-Shield-Tunnel-Boring-Machine-Torque-Cylinder-1.webp\" alt=\"Tuplasuojattu tunnelinporauskoneen v\u00e4\u00e4nt\u00f6momenttisylinteri\" width=\"1024\" height=\"555\" title=\"\" srcset=\"https:\/\/fmp-components.com\/wp-content\/uploads\/2024\/12\/Double-Shield-Tunnel-Boring-Machine-Torque-Cylinder-1.webp 1024w, https:\/\/fmp-components.com\/wp-content\/uploads\/2024\/12\/Double-Shield-Tunnel-Boring-Machine-Torque-Cylinder-1-980x531.webp 980w, https:\/\/fmp-components.com\/wp-content\/uploads\/2024\/12\/Double-Shield-Tunnel-Boring-Machine-Torque-Cylinder-1-480x260.webp 480w\" sizes=\"(min-width: 0px) and (max-width: 480px) 480px, (min-width: 481px) and (max-width: 980px) 980px, (min-width: 981px) 1024px, 100vw\" \/><\/p>\n<ul>\n<li><strong>Tukiasennus:<\/strong><br \/>\nKoneen edetess\u00e4 takasuoja k\u00e4ytt\u00e4\u00e4 hydraulisylintereit\u00e4 tukirakenteiden (kuten segmenttien tai vuorausten) asentamiseen leikkuup\u00e4\u00e4n taakse varmistaen tunnelin vakauden kaivamisen aikana.<\/li>\n<li><strong>Palautteen hallinta:<\/strong><br \/>\nHydraulij\u00e4rjestelm\u00e4 on varustettu antureilla ja ohjausj\u00e4rjestelmill\u00e4, jotka valvovat hydraulisylintereiden painetta ja asentoa. T\u00e4m\u00e4 takaisinkytkent\u00e4 mahdollistaa tarkat s\u00e4\u00e4d\u00f6t, mik\u00e4 varmistaa optimaalisen suorituskyvyn ja turvallisuuden.<\/li>\n<li><strong>Vakaus ja turvallisuus:<\/strong><br \/>\nHydraulisylinterit edist\u00e4v\u00e4t TBM:n yleist\u00e4 vakautta auttaen yll\u00e4pit\u00e4m\u00e4\u00e4n linjausta ja tasapainoa, mik\u00e4 v\u00e4hent\u00e4\u00e4 onnettomuuksien ja toimintah\u00e4iri\u00f6iden riski\u00e4.<\/li>\n<li><strong>Sopeutumiskyky:<\/strong><br \/>\nHydraulij\u00e4rjestelm\u00e4\u00e4 voidaan s\u00e4\u00e4t\u00e4\u00e4 erilaisten maaper\u00e4tyyppien ja geologisten olosuhteiden mukaan, mik\u00e4 tekee siit\u00e4 monipuolisen erilaisiin tunneliprojekteihin.<\/li>\n<\/ul>\n<p>Tehokkaan ty\u00f6nt\u00f6voiman, vakauden ja tuen hallinnan ansiosta kaksoissuojatun tunnelinporauskoneen hydraulisylinterit ovat v\u00e4ltt\u00e4m\u00e4tt\u00f6mi\u00e4 tunnelin louhinnan onnistumiselle ja turvallisuudelle, mik\u00e4 parantaa nykyaikaisen maanalaisen rakentamisen tehokkuutta ja luotettavuutta.<\/p>\n<p><img loading=\"lazy\" decoding=\"async\" class=\"alignnone  wp-image-914\" src=\"https:\/\/fmp-components.com\/wp-content\/uploads\/2024\/12\/Double-Shield-Tunnel-Boring-Machine-Main-Thrust-Cylinder-1.webp\" alt=\"Tuplasuojatun tunnelinporauskoneen p\u00e4\u00e4ty\u00f6nt\u00f6sylinteri\" width=\"907\" height=\"305\" title=\"\" srcset=\"https:\/\/fmp-components.com\/wp-content\/uploads\/2024\/12\/Double-Shield-Tunnel-Boring-Machine-Main-Thrust-Cylinder-1.webp 907w, https:\/\/fmp-components.com\/wp-content\/uploads\/2024\/12\/Double-Shield-Tunnel-Boring-Machine-Main-Thrust-Cylinder-1-480x161.webp 480w\" sizes=\"(min-width: 0px) and (max-width: 480px) 480px, (min-width: 481px) 907px, 100vw\" \/><\/p>\n<h3>Tietoja FMP:st\u00e4<\/h3>\n<p>FMP on hydraulisten sylinterien tuotantoon erikoistunut konepajayritys. Perustamisestaan \u200b\u200bl\u00e4htien yritys on keskittynyt hydraulisen teknologian tutkimukseen ja valmistukseen ja siirtynyt menestyksekk\u00e4\u00e4sti monipuolisesta tuotevalikoimasta, joka sis\u00e4lsi sadonkorjuu- ja rakennuskoneita, maataloustraktorien osiin erikoistumiseen. Yli kymmenen vuoden kokemuksella valmistuksesta ja johtamisesta FMP varmistaa korkealaatuiset tuotteet edistyneiden tuotantotekniikoiden avulla.<\/p>\n<p>Yrityksen kehittyess\u00e4 se on kehitt\u00e4nyt kattavan koneistuslinjan, kokoonpanolinjan ja pinnoituslinjan. Tiimimme koostuu ammattitaitoisesta johtohenkil\u00f6st\u00f6st\u00e4, kokeneista mekaanisista suunnittelijoista ja korkeasti koulutetuista teknikoista, jotka ty\u00f6skentelev\u00e4t yhdess\u00e4 yll\u00e4pit\u00e4\u00e4kseen vakaata tuotannon laatua ja samalla tehokkaasti hallitakseen prosessin jatkuvuutta ja tehokkuutta.<\/p>\n<p>FMP noudattaa filosofiaa, jonka mukaan \u201dteknologinen innovaatio edist\u00e4\u00e4 kehityst\u00e4, laatu luo br\u00e4ndej\u00e4, k\u00e4sity\u00f6taito varmistaa laadun ja rakentaa pitk\u00e4aikaisia, kaikkia hy\u00f6dytt\u00e4vi\u00e4 suhteita\u201d. Sitoutumisemme korkealaatuisten tuotteiden ja erinomaisen asiakaspalvelun tarjoamiseen on edelleen keskeinen tavoitteemme, kun jatkamme markkinoiden kehittyvien tarpeiden t\u00e4ytt\u00e4mist\u00e4.<\/p>\n<p><img loading=\"lazy\" decoding=\"async\" class=\"alignnone size-full wp-image-426\" src=\"https:\/\/fmp-components.com\/wp-content\/uploads\/2024\/12\/Sanitation-Machinery-Locking-Hydraulic-Cylinder-factory.webp\" sizes=\"(min-width: 0px) and (max-width: 480px) 480px, (min-width: 481px) and (max-width: 980px) 980px, (min-width: 981px) and (max-width: 1280px) 1280px, (min-width: 1281px) 1414px, 100vw\" srcset=\"https:\/\/fmp-components.com\/wp-content\/uploads\/2024\/12\/Sanitation-Machinery-Locking-Hydraulic-Cylinder-factory.webp 1414w, https:\/\/fmp-components.com\/wp-content\/uploads\/2024\/12\/Sanitation-Machinery-Locking-Hydraulic-Cylinder-factory-1280x529.webp 1280w, https:\/\/fmp-components.com\/wp-content\/uploads\/2024\/12\/Sanitation-Machinery-Locking-Hydraulic-Cylinder-factory-980x405.webp 980w, https:\/\/fmp-components.com\/wp-content\/uploads\/2024\/12\/Sanitation-Machinery-Locking-Hydraulic-Cylinder-factory-480x198.webp 480w\" alt=\"Sanitaatio-Koneet-Lukitus-Hydraulinen-Sylinteri-tehdas\" width=\"1414\" height=\"584\" title=\"\"><\/p>\n<p>Tekij\u00e4: CX<\/p>","protected":false},"excerpt":{"rendered":"<p>Kaksoissuojattujen tunnelinporauskoneiden hydraulisylinteri on kriittinen komponentti, joka on suunniteltu tarjoamaan vankkaa ty\u00f6nt\u00f6voimaa ja tarkkaa ohjausta tunnelointiprosessin aikana. N\u00e4m\u00e4 sylinterit on suunniteltu toimimaan tehokkaasti haastavissa geologisissa olosuhteissa, ja ne tukevat kaksoissuojaj\u00e4rjestelm\u00e4\u00e4, mik\u00e4 mahdollistaa samanaikaisen kaivamisen ja tuenta-asennuksen. Niiden kest\u00e4v\u00e4 rakenne varmistaa pitk\u00e4ik\u00e4isyyden ja luotettavuuden, kun taas edistynyt hydrauliikkatekniikka mahdollistaa sujuvat ja tarkat liikkeet, jotka ovat v\u00e4ltt\u00e4m\u00e4tt\u00f6mi\u00e4 linjauksen ja turvallisuuden yll\u00e4pit\u00e4miseksi. T\u00e4m\u00e4 hydrauliikkaj\u00e4rjestelm\u00e4 parantaa merkitt\u00e4v\u00e4sti tunnelinrakentamisen tehokkuutta ja vaikuttavuutta, joten se soveltuu erilaisiin maanalaisiin projekteihin, kuten metroj\u00e4rjestelmiin ja yleishy\u00f6dyllisiin tunneleihin.<\/p>","protected":false},"featured_media":908,"comment_status":"open","ping_status":"closed","template":"","meta":{"_et_pb_use_builder":"","_et_pb_old_content":"","_et_gb_content_width":""},"product_brand":[],"product_cat":[30],"product_tag":[],"class_list":{"0":"post-885","1":"product","2":"type-product","3":"status-publish","4":"has-post-thumbnail","6":"product_cat-tunnel-boring-machine-hydraulic-cylinders","8":"first","9":"instock","10":"shipping-taxable","11":"product-type-simple"},"_links":{"self":[{"href":"https:\/\/fmp-components.com\/fi\/wp-json\/wp\/v2\/product\/885","targetHints":{"allow":["GET"]}}],"collection":[{"href":"https:\/\/fmp-components.com\/fi\/wp-json\/wp\/v2\/product"}],"about":[{"href":"https:\/\/fmp-components.com\/fi\/wp-json\/wp\/v2\/types\/product"}],"replies":[{"embeddable":true,"href":"https:\/\/fmp-components.com\/fi\/wp-json\/wp\/v2\/comments?post=885"}],"wp:featuredmedia":[{"embeddable":true,"href":"https:\/\/fmp-components.com\/fi\/wp-json\/wp\/v2\/media\/908"}],"wp:attachment":[{"href":"https:\/\/fmp-components.com\/fi\/wp-json\/wp\/v2\/media?parent=885"}],"wp:term":[{"taxonomy":"product_brand","embeddable":true,"href":"https:\/\/fmp-components.com\/fi\/wp-json\/wp\/v2\/product_brand?post=885"},{"taxonomy":"product_cat","embeddable":true,"href":"https:\/\/fmp-components.com\/fi\/wp-json\/wp\/v2\/product_cat?post=885"},{"taxonomy":"product_tag","embeddable":true,"href":"https:\/\/fmp-components.com\/fi\/wp-json\/wp\/v2\/product_tag?post=885"}],"curies":[{"name":"wp","href":"https:\/\/api.w.org\/{rel}","templated":true}]}}