{"id":883,"date":"2024-12-19T02:28:37","date_gmt":"2024-12-19T02:28:37","guid":{"rendered":"https:\/\/fmp-components.com\/?page_id=8"},"modified":"2024-12-19T02:28:37","modified_gmt":"2024-12-19T02:28:37","slug":"hydraulic-cylinder-for-open-tunnel-boring-machine","status":"publish","type":"product","link":"https:\/\/fmp-components.com\/fi\/product\/hydraulic-cylinder-for-open-tunnel-boring-machine\/","title":{"rendered":"Hydraulinen sylinteri avoimen tunnelin porauskoneelle"},"content":{"rendered":"<p style=\"text-align: center;\"><span style=\"font-size: 18pt;\">Hydraulinen sylinteri avoimen tunnelin porauskoneelle<\/span><\/p>\n<p>Avoimen tunnelin porakoneiden hydraulisylinteri on olennainen osa, joka on suunniteltu parantamaan tunnelin louhintaprosessien tehokkuutta ja vaikuttavuutta. N\u00e4m\u00e4 hydraulisylinterit on suunniteltu tarjoamaan tehokasta ty\u00f6nt\u00f6voimaa ja tarkkaa ohjausta, ja ne mahdollistavat sujuvan toiminnan vaativissa ymp\u00e4rist\u00f6iss\u00e4.\u00a0\u00a0\u00a0<img loading=\"lazy\" decoding=\"async\" class=\"wp-image-896 aligncenter\" src=\"https:\/\/fmp-components.com\/wp-content\/uploads\/2024\/12\/The-Role-of-Open-Tunnel-Boring-Machine-Shield-Cylinder.webp\" alt=\"Avoimen tunnelinporauskoneen suojasylinterin rooli\" width=\"722\" height=\"457\" title=\"\" srcset=\"https:\/\/fmp-components.com\/wp-content\/uploads\/2024\/12\/The-Role-of-Open-Tunnel-Boring-Machine-Shield-Cylinder.webp 722w, https:\/\/fmp-components.com\/wp-content\/uploads\/2024\/12\/The-Role-of-Open-Tunnel-Boring-Machine-Shield-Cylinder-480x304.webp 480w\" sizes=\"(min-width: 0px) and (max-width: 480px) 480px, (min-width: 481px) 722px, 100vw\" \/><\/p>\n<h4>T\u00e4rkeimm\u00e4t ominaisuudet:<\/h4>\n<ul>\n<li><strong>Korkea suorituskyky:<\/strong> N\u00e4m\u00e4 sylinterit pystyv\u00e4t tuottamaan merkitt\u00e4v\u00e4\u00e4 voimaa ja varmistavat nopean ja tehokkaan tunneloinnin, mik\u00e4 lyhent\u00e4\u00e4 projektien aikatauluja ja lis\u00e4\u00e4 tuottavuutta.<\/li>\n<li><strong>Kest\u00e4v\u00e4 muotoilu:<\/strong> Eritt\u00e4in lujista materiaaleista valmistetut sylinterit on rakennettu kest\u00e4m\u00e4\u00e4n ankaria olosuhteita, kuten korkeita paineita ja hankaavia ymp\u00e4rist\u00f6j\u00e4, mik\u00e4 varmistaa pitk\u00e4n k\u00e4ytt\u00f6i\u00e4n.<\/li>\n<li><strong>Tarkkuustekniikka:<\/strong> Hydraulij\u00e4rjestelm\u00e4 mahdollistaa porakoneen tarkan liikkeen ja ohjauksen, mik\u00e4 mahdollistaa tarkan tunnelin louhinnan ja kohdistuksen, mik\u00e4 on ratkaisevan t\u00e4rke\u00e4\u00e4 onnistuneen kaivamisen kannalta.<\/li>\n<li><strong>Parannettu vakaus:<\/strong> N\u00e4m\u00e4 sylinterit edist\u00e4v\u00e4t porakoneen yleist\u00e4 vakautta, jolloin se voi navigoida erilaisissa geologisissa muodostelmissa vaarantamatta turvallisuutta.<\/li>\n<li><strong>Monipuoliset sovellukset:<\/strong> N\u00e4m\u00e4 sylinterit sopivat monenlaisiin projekteihin, kuten metroihin, yleishy\u00f6dyllisiin tunneleihin ja infrastruktuurin kehitt\u00e4miseen, ja ne ovat mukautettavissa erilaisiin tunnelointitarpeisiin.<\/li>\n<li><strong>Minimaalinen huolto:<\/strong> Kest\u00e4v\u00e4 rakenne v\u00e4hent\u00e4\u00e4 kulumista, mik\u00e4 johtaa alhaisempiin yll\u00e4pitokustannuksiin ja minimoi seisokkiajat ja parantaa projektin kokonaistehokkuutta.<\/li>\n<li><strong>Turvamekanismit:<\/strong> Edistyksellisill\u00e4 turvaominaisuuksilla varustetut hydraulisylinterit est\u00e4v\u00e4t vahingossa tapahtuvan irtoamisen ja varmistavat turvallisen ja luotettavan toiminnan kaivamisen aikana.<\/li>\n<\/ul>\n<p>Avoimen tunnelin porauskoneiden hydraulisylinteri on ratkaisevan t\u00e4rke\u00e4 osa nykyaikaista tunneliteknologiaa, sill\u00e4 se tarjoaa korkean suorituskyvyn, luotettavuuden ja turvallisuuden. Sen integrointi tunnelin porauskoneisiin parantaa merkitt\u00e4v\u00e4sti maanalaisten rakennusprojektien tehokkuutta ja edist\u00e4\u00e4 olennaisen infrastruktuurin onnistunutta valmistumista.<\/p>\n<h2>Avoimen tunnelin porauskoneen tukikenk\u00e4sylinteri<\/h2>\n<p><img loading=\"lazy\" decoding=\"async\" class=\"size-full wp-image-893 aligncenter\" src=\"https:\/\/fmp-components.com\/wp-content\/uploads\/2024\/12\/Open-Tunnel-Boring-Machine-Support-Shoe-Cylinder.webp\" alt=\"Avoimen tunnelin porauskoneen tukikenk\u00e4sylinteri\" width=\"500\" height=\"200\" title=\"\" srcset=\"https:\/\/fmp-components.com\/wp-content\/uploads\/2024\/12\/Open-Tunnel-Boring-Machine-Support-Shoe-Cylinder.webp 500w, https:\/\/fmp-components.com\/wp-content\/uploads\/2024\/12\/Open-Tunnel-Boring-Machine-Support-Shoe-Cylinder-480x192.webp 480w\" sizes=\"(min-width: 0px) and (max-width: 480px) 480px, (min-width: 481px) 500px, 100vw\" \/><\/p>\n<table style=\"width: 95.809%; height: 180px;\" border=\"1\" cellspacing=\"0\" cellpadding=\"0\">\n<tbody>\n<tr>\n<td>Tuotteen nimi<\/td>\n<td>Avoimen tunnelin porauskoneen tukikenk\u00e4sylinteri<\/td>\n<\/tr>\n<tr>\n<td>Ominaisuudet:<\/td>\n<td>Tarjoaa jyrsinp\u00e4\u00e4n tunneloinnin ty\u00f6nt\u00f6voiman<\/td>\n<\/tr>\n<tr>\n<td>Rei\u00e4n halkaisija:<\/td>\n<td>\u00a0480 mm\uff5e1000 mm<\/td>\n<\/tr>\n<tr>\n<td>Tangon halkaisija:<\/td>\n<td>400 mm\uff5e730 mm<br \/>\nIskunpituus 400 mm\uff5e825 mm<\/td>\n<\/tr>\n<tr>\n<td>Paine:<\/td>\n<td>jopa 35 MPa<\/td>\n<\/tr>\n<tr>\n<td>Sovellukset:<\/td>\n<td>Avoin tunneliporauskone<\/td>\n<\/tr>\n<\/tbody>\n<\/table>\n<h2><img loading=\"lazy\" decoding=\"async\" class=\"alignnone  wp-image-902\" src=\"https:\/\/fmp-components.com\/wp-content\/uploads\/2024\/12\/Open-Tunnel-Boring-Machine-Support-Shoe-Cylinder-1.webp\" alt=\"Avoimen tunnelin porauskoneen tukikenk\u00e4sylinteri\" width=\"891\" height=\"502\" title=\"\">Avoimen tunnelin porauskoneen ty\u00f6nt\u00f6sylinteri<\/h2>\n<p><img loading=\"lazy\" decoding=\"async\" class=\"size-full wp-image-894 aligncenter\" src=\"https:\/\/fmp-components.com\/wp-content\/uploads\/2024\/12\/Open-Tunnel-Boring-Machine-Thrust-Cylinder.webp\" alt=\"Avoimen tunnelin porauskoneen ty\u00f6nt\u00f6sylinteri\" width=\"500\" height=\"200\" title=\"\" srcset=\"https:\/\/fmp-components.com\/wp-content\/uploads\/2024\/12\/Open-Tunnel-Boring-Machine-Thrust-Cylinder.webp 500w, https:\/\/fmp-components.com\/wp-content\/uploads\/2024\/12\/Open-Tunnel-Boring-Machine-Thrust-Cylinder-480x192.webp 480w\" sizes=\"(min-width: 0px) and (max-width: 480px) 480px, (min-width: 481px) 500px, 100vw\" \/><\/p>\n<table style=\"width: 95.7726%; height: 154px;\" border=\"1\" cellspacing=\"0\" cellpadding=\"0\">\n<tbody>\n<tr>\n<td>Tuotteen nimi<\/td>\n<td>Avoimen tunnelin porauskoneen ty\u00f6nt\u00f6sylinteri<\/td>\n<\/tr>\n<tr>\n<td>Ominaisuudet:<\/td>\n<td>Tarjoaa tunnelinporauskoneen ty\u00f6nt\u00f6voiman eteenp\u00e4in tunnelointia varten<\/td>\n<\/tr>\n<tr>\n<td>Rei\u00e4n halkaisija:<\/td>\n<td>300 mm\uff5e600 mm<\/td>\n<\/tr>\n<tr>\n<td>Tangon halkaisija:<\/td>\n<td>200 mm\uff5e400 mm<br \/>\nIskunpituus 1100 mm\uff5e2050 mm<\/td>\n<\/tr>\n<tr>\n<td>Paine:<\/td>\n<td>jopa 35 MPa<\/td>\n<\/tr>\n<tr>\n<td>Sovellukset:<\/td>\n<td>Avoin tunneliporauskone<\/td>\n<\/tr>\n<\/tbody>\n<\/table>\n<h2><img loading=\"lazy\" decoding=\"async\" class=\"alignnone  wp-image-898\" src=\"https:\/\/fmp-components.com\/wp-content\/uploads\/2024\/12\/Tunnel-Boring-Machine-Thrust-Cylinder-1.webp\" alt=\"Tunnelinporauskoneen ty\u00f6nt\u00f6sylinteri\" width=\"883\" height=\"474\" title=\"\">Avoimen tunnelin porauskoneen v\u00e4\u00e4nt\u00f6sylinteri<\/h2>\n<p><img loading=\"lazy\" decoding=\"async\" class=\"size-full wp-image-892 aligncenter\" src=\"https:\/\/fmp-components.com\/wp-content\/uploads\/2024\/12\/Open-Tunnel-Boring-Machine-Shield-Cylinder.webp\" alt=\"Avoimen tunnelin porauskoneen suojasylinteri\" width=\"500\" height=\"200\" title=\"\" srcset=\"https:\/\/fmp-components.com\/wp-content\/uploads\/2024\/12\/Open-Tunnel-Boring-Machine-Shield-Cylinder.webp 500w, https:\/\/fmp-components.com\/wp-content\/uploads\/2024\/12\/Open-Tunnel-Boring-Machine-Shield-Cylinder-480x192.webp 480w\" sizes=\"(min-width: 0px) and (max-width: 480px) 480px, (min-width: 481px) 500px, 100vw\" \/><\/p>\n<table style=\"width: 97.0823%; height: 142px;\" border=\"1\" cellspacing=\"0\" cellpadding=\"0\">\n<tbody>\n<tr style=\"height: 23px;\">\n<td style=\"height: 23px;\">Tuotteen nimi<\/td>\n<td style=\"height: 23px;\">Avoimen tunnelin porauskoneen v\u00e4\u00e4nt\u00f6sylinteri<\/td>\n<\/tr>\n<tr style=\"height: 23px;\">\n<td style=\"height: 23px;\">Ominaisuudet:<\/td>\n<td style=\"height: 23px;\">K\u00e4ytet\u00e4\u00e4n tunnelinporauskoneen suunnan s\u00e4\u00e4t\u00f6\u00f6n ja jyrsinp\u00e4\u00e4n v\u00e4\u00e4nt\u00f6momentin siirtoon<\/td>\n<\/tr>\n<tr style=\"height: 23px;\">\n<td style=\"height: 23px;\">Rei\u00e4n halkaisija:<\/td>\n<td style=\"height: 23px;\">220 mm\uff5e450 mm<\/td>\n<\/tr>\n<tr style=\"height: 47px;\">\n<td style=\"height: 47px;\">Tangon halkaisija:<\/td>\n<td style=\"height: 47px;\">125 mm\uff5e260 mm<br \/>\nIsku 200 mm\uff5e260 mm<\/td>\n<\/tr>\n<tr style=\"height: 23px;\">\n<td style=\"height: 23px;\">Paine:<\/td>\n<td style=\"height: 23px;\">jopa 35 MPa<\/td>\n<\/tr>\n<tr style=\"height: 23px;\">\n<td style=\"height: 23px;\">Sovellukset:<\/td>\n<td style=\"height: 23px;\">Avoin tunneliporauskone<\/td>\n<\/tr>\n<\/tbody>\n<\/table>\n<p><img loading=\"lazy\" decoding=\"async\" class=\"alignnone  wp-image-897\" src=\"https:\/\/fmp-components.com\/wp-content\/uploads\/2024\/12\/Tunnel-Boring-Machine-Torque-Cylinder-1.webp\" alt=\"Tunnelinporauskoneen v\u00e4\u00e4nt\u00f6momentti-sylinteri\" width=\"863\" height=\"578\" title=\"\"><\/p>\n<p><img loading=\"lazy\" decoding=\"async\" class=\"alignnone  wp-image-901\" src=\"https:\/\/fmp-components.com\/wp-content\/uploads\/2024\/12\/Open-Tunnel-Boring-Machine-Torque-Cylinder-1.webp\" alt=\"Avoimen tunnelin porauskoneen v\u00e4\u00e4nt\u00f6sylinteri\" width=\"884\" height=\"328\" title=\"\" srcset=\"https:\/\/fmp-components.com\/wp-content\/uploads\/2024\/12\/Open-Tunnel-Boring-Machine-Torque-Cylinder-1.webp 884w, https:\/\/fmp-components.com\/wp-content\/uploads\/2024\/12\/Open-Tunnel-Boring-Machine-Torque-Cylinder-1-480x178.webp 480w\" sizes=\"(min-width: 0px) and (max-width: 480px) 480px, (min-width: 481px) 884px, 100vw\" \/><\/p>\n<h2>Avoimen tunnelin porauskoneen suojasylinteri<\/h2>\n<p><img loading=\"lazy\" decoding=\"async\" class=\"size-full wp-image-895 aligncenter\" src=\"https:\/\/fmp-components.com\/wp-content\/uploads\/2024\/12\/Open-Tunnel-Boring-Machine-Torque-Cylinder.webp\" alt=\"Avoimen tunnelin porauskoneen v\u00e4\u00e4nt\u00f6sylinteri\" width=\"500\" height=\"200\" title=\"\" srcset=\"https:\/\/fmp-components.com\/wp-content\/uploads\/2024\/12\/Open-Tunnel-Boring-Machine-Torque-Cylinder.webp 500w, https:\/\/fmp-components.com\/wp-content\/uploads\/2024\/12\/Open-Tunnel-Boring-Machine-Torque-Cylinder-480x192.webp 480w\" sizes=\"(min-width: 0px) and (max-width: 480px) 480px, (min-width: 481px) 500px, 100vw\" \/><\/p>\n<table style=\"width: 96.9901%; height: 226px;\" border=\"1\" cellspacing=\"0\" cellpadding=\"0\">\n<tbody>\n<tr style=\"height: 23px;\">\n<td style=\"height: 23px; width: 17.706%;\">Tuotteen nimi<\/td>\n<td style=\"height: 23px; width: 82.1826%;\">Avoimen tunnelin porauskoneen suojasylinteri<\/td>\n<\/tr>\n<tr style=\"height: 47px;\">\n<td style=\"height: 47px; width: 17.706%;\">Ominaisuudet:<\/td>\n<td style=\"height: 47px; width: 82.1826%;\">Vakauttaa leikkuup\u00e4\u00e4n\/est\u00e4 konvergenssin aiheuttama jumiutuminen<\/td>\n<\/tr>\n<tr style=\"height: 47px;\">\n<td style=\"height: 47px; width: 17.706%;\">Rei\u00e4n halkaisija:<\/td>\n<td style=\"height: 47px; width: 82.1826%;\">130 mm\uff5e360 mm<\/td>\n<\/tr>\n<tr style=\"height: 47px;\">\n<td style=\"height: 47px; width: 17.706%;\">Tangon halkaisija:<\/td>\n<td style=\"height: 47px; width: 82.1826%;\">80 mm\uff5e220 mm<br \/>\nIskunpituus 100 mm\uff5e420 mm<\/td>\n<\/tr>\n<tr style=\"height: 47px;\">\n<td style=\"height: 47px; width: 17.706%;\">Paine:<\/td>\n<td style=\"height: 47px; width: 82.1826%;\">jopa 25 MPa<br \/>\nErityisvaatimukset jopa 35 MPa<\/td>\n<\/tr>\n<tr style=\"height: 23px;\">\n<td style=\"height: 23px; width: 17.706%;\">Sovellukset:<\/td>\n<td style=\"height: 23px; width: 82.1826%;\">Avoin tunneliporauskone<\/td>\n<\/tr>\n<\/tbody>\n<\/table>\n<h3><img loading=\"lazy\" decoding=\"async\" class=\"alignnone  wp-image-899\" src=\"https:\/\/fmp-components.com\/wp-content\/uploads\/2024\/12\/Open-Tunnel-Boring-Machine-Shield-Cylinder-1.webp\" alt=\"Avoimen tunnelin porauskoneen suojasylinteri\" width=\"900\" height=\"378\" title=\"\">Avoimen tunnelin porauskoneen hydraulisylinterin edut<\/h3>\n<ol>\n<li><strong>Suuri ty\u00f6nt\u00f6voima:<\/strong><br \/>\nAvoimen tunnelin porauskoneen hydraulisylinterit on suunniteltu tuottamaan voimakas ty\u00f6nt\u00f6voima, mik\u00e4 mahdollistaa nopean kaivun ja tehokkaan tunnelinporauksen. T\u00e4m\u00e4 kapasiteetti nopeuttaa projektin valmistumista ja parantaa tuottavuutta.<\/li>\n<li><strong>Kest\u00e4v\u00e4 rakenne:<\/strong><br \/>\nN\u00e4m\u00e4 eritt\u00e4in lujista materiaaleista valmistetut hydraulisylinterit on rakennettu kest\u00e4m\u00e4\u00e4n ankaria olosuhteita ja \u00e4\u00e4rimm\u00e4isi\u00e4 paineita, mik\u00e4 varmistaa pitk\u00e4aikaisen luotettavuuden ja v\u00e4hent\u00e4\u00e4 vikaantumisriski\u00e4 k\u00e4yt\u00f6n aikana.<\/li>\n<li><strong>Tarkkuusohjaus:<\/strong><br \/>\nHydraulij\u00e4rjestelm\u00e4 tarjoaa porakoneen tarkan liikkeen ja ohjauksen, mik\u00e4 mahdollistaa tarkan tunnelin louhinnan ja kohdistuksen. T\u00e4m\u00e4 tarkkuus on v\u00e4ltt\u00e4m\u00e4t\u00f6nt\u00e4 tunnelin eheyden yll\u00e4pit\u00e4miseksi ja projektin eritelmien t\u00e4ytt\u00e4miseksi.<\/li>\n<li><strong>Parannettu vakaus:<\/strong><br \/>\nN\u00e4m\u00e4 sylinterit edist\u00e4v\u00e4t porakoneen yleist\u00e4 vakautta, jolloin se voi navigoida erilaisissa geologisissa muodostelmissa vaarantamatta turvallisuutta. T\u00e4m\u00e4 vakaus v\u00e4hent\u00e4\u00e4 onnettomuuksien ja toimintah\u00e4iri\u00f6iden riski\u00e4.<\/li>\n<li><strong>V\u00e4hemm\u00e4n huoltotarvetta:<\/strong><br \/>\nKest\u00e4v\u00e4 rakenne minimoi kulumisen, mik\u00e4 johtaa alhaisempiin yll\u00e4pitokustannuksiin ja lyhyempiin seisokkiaikoihin. T\u00e4m\u00e4 tehokkuus varmistaa, ett\u00e4 porakone pysyy toiminnassa pidemp\u00e4\u00e4n, mik\u00e4 parantaa projektin kokonaistehokkuutta.<\/li>\n<li><strong>Monipuolisuus sovelluksissa:<\/strong><br \/>\nN\u00e4m\u00e4 hydraulisylinterit sopivat monenlaisiin tunneliprojekteihin, kuten metroihin, vesijohtoj\u00e4rjestelmiin ja yleishy\u00f6dyllisiin tunneleihin, ja ne mukautuvat erilaisiin tarpeisiin, mik\u00e4 tekee niist\u00e4 arvokkaan ty\u00f6kalun erilaisissa rakennusymp\u00e4rist\u00f6iss\u00e4.<\/li>\n<li><strong>Turvaominaisuudet:<\/strong><br \/>\nEdistyksellisill\u00e4 turvamekanismeilla varustetut hydraulisylinterit est\u00e4v\u00e4t vahingossa tapahtuvan irtoamisen, mik\u00e4 varmistaa turvallisen ja luotettavan toiminnan vaativissa kaivuuteht\u00e4viss\u00e4. T\u00e4m\u00e4 parantaa sek\u00e4 k\u00e4ytt\u00e4jien ett\u00e4 laitteiden turvallisuutta.<\/li>\n<li><strong>Kompakti muotoilu ja suuri teho:<\/strong><br \/>\nHydraulinen rakenne mahdollistaa huomattavan voimantuotannon kompaktissa muodossa, mik\u00e4 helpottaa raskaiden kuormien ja monimutkaisten liikkeiden hallintaa ilman, ett\u00e4 koneen kokonaiskoko kasvaa.<\/li>\n<\/ol>\n<p>Hy\u00f6dynt\u00e4m\u00e4ll\u00e4 n\u00e4it\u00e4 etuja avoimen tunnelinporauskoneen hydraulisylintereill\u00e4 on ratkaiseva rooli nykyaikaisten tunneliprojektien tehokkuudessa, turvallisuudessa ja onnistumisessa. Niiden suorituskyky ja luotettavuus ovat avainasemassa tehokkaan maanalaisen rakentamisen saavuttamisessa.<\/p>\n<h2><img loading=\"lazy\" decoding=\"async\" class=\"alignnone  wp-image-903\" src=\"https:\/\/fmp-components.com\/wp-content\/uploads\/2024\/12\/Hydraulic-Cylinder-for-Open-Tunnel-Boring-Machine-1.webp\" alt=\"Hydraulinen sylinteri avoimen tunnelin porauskoneeseen\" width=\"893\" height=\"607\" title=\"\"><\/h2>\n<h3>Avoimen tunnelin porauskoneen hydraulisylinterin k\u00e4ytt\u00f6<\/h3>\n<p>Avoimen tunnelin porauskoneen (OTBM) hydraulisylinterit ovat olennainen osa erilaisia \u200b\u200bmaanalaisia \u200b\u200bkaivuprojekteja, ja ne tarjoavat monipuolisuutta ja tehokkuutta sovelluksissaan. T\u00e4ss\u00e4 on joitakin keskeisi\u00e4 sovelluksia:<\/p>\n<ol>\n<li><strong>Metron rakentaminen:<\/strong><br \/>\nHydraulisylintereit\u00e4 k\u00e4ytet\u00e4\u00e4n tunnelien kaivamiseen metroj\u00e4rjestelmille, mik\u00e4 mahdollistaa maanalaisten joukkoliikennereittien nopean ja turvallisen luomisen kaupunkialueilla.<\/li>\n<li><strong>Tunnelointi:<\/strong><br \/>\nN\u00e4m\u00e4 sylinterit helpottavat t\u00e4rkeiden yleishy\u00f6dyllisten linjojen, kuten veden, kaasun ja s\u00e4hk\u00f6n, asentamista mahdollistamalla tunnelien luomisen, joihin n\u00e4m\u00e4 palvelut kulkevat maan alla.<\/li>\n<li><strong>Viem\u00e4ri- ja salaojitusj\u00e4rjestelm\u00e4t:<\/strong><br \/>\nOTBM-hydraulisylintereit\u00e4 k\u00e4ytet\u00e4\u00e4n viem\u00e4ri- ja salaojatunneleiden rakentamisessa, mik\u00e4 varmistaa tehokkaan j\u00e4tehuollon ja hulevesien hallinnan kaupunkiymp\u00e4rist\u00f6iss\u00e4.<\/li>\n<li><strong>Maanalaiset varastotilat:<\/strong><br \/>\nNiit\u00e4 k\u00e4ytet\u00e4\u00e4n maanalaisten varastointitunnelien, kuten polttoainevarastojen tai datakeskusten, louhinnassa, mik\u00e4 tarjoaa turvallisen ymp\u00e4rist\u00f6n herkille materiaaleille.<\/li>\n<li><strong>Kaivostoiminta:<\/strong><br \/>\nHydraulisylintereill\u00e4 on ratkaiseva rooli kaivostoiminnan tunnelointiprosessissa, sill\u00e4 ne mahdollistavat mineraalien ja luonnonvarojen louhinnan maan alta.<\/li>\n<li><strong>Liikennetunnelit:<\/strong><br \/>\nN\u00e4it\u00e4 sylintereit\u00e4 k\u00e4ytet\u00e4\u00e4n liikennetunneleiden, mukaan lukien ajoneuvojen ja rautateiden tunnelien, rakentamisessa, mik\u00e4 varmistaa turvallisen ja tehokkaan kulun vuoristo- tai kaupunkialueilla.<\/li>\n<li><strong>Infrastruktuurin kehitt\u00e4minen:<\/strong><br \/>\nOTBM-hydraulisylinterit osallistuvat erilaisiin infrastruktuurihankkeisiin, mukaan lukien maanalaisten pys\u00e4k\u00f6intitilojen ja rakennusten kellarien rakentaminen.<\/li>\n<li><strong>Ymp\u00e4rist\u00f6hankkeet:<\/strong><br \/>\nNiit\u00e4 k\u00e4ytet\u00e4\u00e4n my\u00f6s ymp\u00e4rist\u00f6n kunnostukseen t\u00e4ht\u00e4\u00e4viss\u00e4 hankkeissa, kuten pohjaveden hallintaan tarkoitettujen tunnelien luomisessa tai saastuneiden alueiden puhdistamisessa.<\/li>\n<\/ol>\n<p>Tukemalla n\u00e4it\u00e4 monipuolisia sovelluksia avoimen tunnelin porauskoneen hydraulisylinterit parantavat nykyaikaisten maanalaisten rakennusprojektien tehokkuutta, turvallisuutta ja vaikuttavuutta. Niiden rooli on ratkaiseva t\u00e4rkeiden infrastruktuurien ja palveluiden kehitt\u00e4misen helpottamisessa.<\/p>\n<p><img loading=\"lazy\" decoding=\"async\" class=\"alignnone  wp-image-900\" src=\"https:\/\/fmp-components.com\/wp-content\/uploads\/2024\/12\/Open-Tunnel-Boring-Machine-Thrust-Cylinder-1.webp\" alt=\"Avoimen tunnelin porauskoneen ty\u00f6nt\u00f6sylinteri\" width=\"897\" height=\"345\" title=\"\" srcset=\"https:\/\/fmp-components.com\/wp-content\/uploads\/2024\/12\/Open-Tunnel-Boring-Machine-Thrust-Cylinder-1.webp 897w, https:\/\/fmp-components.com\/wp-content\/uploads\/2024\/12\/Open-Tunnel-Boring-Machine-Thrust-Cylinder-1-480x184.webp 480w\" sizes=\"(min-width: 0px) and (max-width: 480px) 480px, (min-width: 481px) 897px, 100vw\" \/><\/p>\n<h3>Tietoja FMP:st\u00e4<\/h3>\n<p>FMP on hydraulisten sylinterien tuotantoon erikoistunut konepajayritys. Perustamisestaan \u200b\u200bl\u00e4htien yritys on keskittynyt hydraulisen teknologian tutkimukseen ja valmistukseen ja siirtynyt menestyksekk\u00e4\u00e4sti monipuolisesta tuotevalikoimasta, joka sis\u00e4lsi sadonkorjuu- ja rakennuskoneita, maataloustraktorien osiin erikoistumiseen. Yli kymmenen vuoden kokemuksella valmistuksesta ja johtamisesta FMP varmistaa korkealaatuiset tuotteet edistyneiden tuotantotekniikoiden avulla.<\/p>\n<p>Yrityksen kehittyess\u00e4 se on kehitt\u00e4nyt kattavan koneistuslinjan, kokoonpanolinjan ja pinnoituslinjan. Tiimimme koostuu ammattitaitoisesta johtohenkil\u00f6st\u00f6st\u00e4, kokeneista mekaanisista suunnittelijoista ja korkeasti koulutetuista teknikoista, jotka ty\u00f6skentelev\u00e4t yhdess\u00e4 yll\u00e4pit\u00e4\u00e4kseen vakaata tuotannon laatua ja samalla tehokkaasti hallitakseen prosessin jatkuvuutta ja tehokkuutta.<\/p>\n<p>FMP noudattaa filosofiaa, jonka mukaan \u201dteknologinen innovaatio edist\u00e4\u00e4 kehityst\u00e4, laatu luo br\u00e4ndej\u00e4, k\u00e4sity\u00f6taito varmistaa laadun ja rakentaa pitk\u00e4aikaisia, kaikkia hy\u00f6dytt\u00e4vi\u00e4 suhteita\u201d. Sitoutumisemme korkealaatuisten tuotteiden ja erinomaisen asiakaspalvelun tarjoamiseen on edelleen keskeinen tavoitteemme, kun jatkamme markkinoiden kehittyvien tarpeiden t\u00e4ytt\u00e4mist\u00e4.<\/p>\n<p><img loading=\"lazy\" decoding=\"async\" class=\"alignnone size-full wp-image-426\" src=\"https:\/\/fmp-components.com\/wp-content\/uploads\/2024\/12\/Sanitation-Machinery-Locking-Hydraulic-Cylinder-factory.webp\" sizes=\"(min-width: 0px) and (max-width: 480px) 480px, (min-width: 481px) and (max-width: 980px) 980px, (min-width: 981px) and (max-width: 1280px) 1280px, (min-width: 1281px) 1414px, 100vw\" srcset=\"https:\/\/fmp-components.com\/wp-content\/uploads\/2024\/12\/Sanitation-Machinery-Locking-Hydraulic-Cylinder-factory.webp 1414w, https:\/\/fmp-components.com\/wp-content\/uploads\/2024\/12\/Sanitation-Machinery-Locking-Hydraulic-Cylinder-factory-1280x529.webp 1280w, https:\/\/fmp-components.com\/wp-content\/uploads\/2024\/12\/Sanitation-Machinery-Locking-Hydraulic-Cylinder-factory-980x405.webp 980w, https:\/\/fmp-components.com\/wp-content\/uploads\/2024\/12\/Sanitation-Machinery-Locking-Hydraulic-Cylinder-factory-480x198.webp 480w\" alt=\"Sanitaatio-Koneet-Lukitus-Hydraulinen-Sylinteri-tehdas\" width=\"1414\" height=\"584\" title=\"\"><\/p>\n<p>Tekij\u00e4: CX<\/p>","protected":false},"excerpt":{"rendered":"<p>Avoimen tunnelin porauskoneiden hydraulisylinteri on t\u00e4rke\u00e4 komponentti, joka on suunniteltu tarjoamaan tehokasta ty\u00f6nt\u00f6voimaa ja tarkkaa ohjausta kaivuprosessin aikana. N\u00e4m\u00e4 sylinterit on suunniteltu kest\u00e4m\u00e4\u00e4n korkeita paineita ja haastavia ymp\u00e4rist\u00f6olosuhteita, ja ne mahdollistavat tehokkaan tunnelointitoiminnan helpottamalla porauskoneen sujuvaa liikett\u00e4 ja vakautta. Niiden kest\u00e4v\u00e4 rakenne takaa pitk\u00e4aikaisen kest\u00e4vyyden, mik\u00e4 tekee niist\u00e4 ihanteellisia erilaisiin maanalaisiin projekteihin, mukaan lukien laajamittaiset infrastruktuurihankkeet. Parannetun hydraulisen suorituskyvyn ansiosta n\u00e4m\u00e4 sylinterit edist\u00e4v\u00e4t merkitt\u00e4v\u00e4sti avoimen tunnelin poraustoiminnan yleist\u00e4 tehokkuutta ja turvallisuutta.<\/p>","protected":false},"featured_media":891,"comment_status":"open","ping_status":"closed","template":"","meta":{"_et_pb_use_builder":"","_et_pb_old_content":"","_et_gb_content_width":""},"product_brand":[],"product_cat":[30],"product_tag":[],"class_list":{"0":"post-883","1":"product","2":"type-product","3":"status-publish","4":"has-post-thumbnail","6":"product_cat-tunnel-boring-machine-hydraulic-cylinders","8":"first","9":"instock","10":"shipping-taxable","11":"product-type-simple"},"_links":{"self":[{"href":"https:\/\/fmp-components.com\/fi\/wp-json\/wp\/v2\/product\/883","targetHints":{"allow":["GET"]}}],"collection":[{"href":"https:\/\/fmp-components.com\/fi\/wp-json\/wp\/v2\/product"}],"about":[{"href":"https:\/\/fmp-components.com\/fi\/wp-json\/wp\/v2\/types\/product"}],"replies":[{"embeddable":true,"href":"https:\/\/fmp-components.com\/fi\/wp-json\/wp\/v2\/comments?post=883"}],"wp:featuredmedia":[{"embeddable":true,"href":"https:\/\/fmp-components.com\/fi\/wp-json\/wp\/v2\/media\/891"}],"wp:attachment":[{"href":"https:\/\/fmp-components.com\/fi\/wp-json\/wp\/v2\/media?parent=883"}],"wp:term":[{"taxonomy":"product_brand","embeddable":true,"href":"https:\/\/fmp-components.com\/fi\/wp-json\/wp\/v2\/product_brand?post=883"},{"taxonomy":"product_cat","embeddable":true,"href":"https:\/\/fmp-components.com\/fi\/wp-json\/wp\/v2\/product_cat?post=883"},{"taxonomy":"product_tag","embeddable":true,"href":"https:\/\/fmp-components.com\/fi\/wp-json\/wp\/v2\/product_tag?post=883"}],"curies":[{"name":"wp","href":"https:\/\/api.w.org\/{rel}","templated":true}]}}