{"id":866,"date":"2024-12-19T00:54:04","date_gmt":"2024-12-19T00:54:04","guid":{"rendered":"https:\/\/fmp-components.com\/?page_id=8"},"modified":"2024-12-19T02:46:26","modified_gmt":"2024-12-19T02:46:26","slug":"hydraulic-cylinder-for-shield-machine","status":"publish","type":"product","link":"https:\/\/fmp-components.com\/fi\/product\/hydraulic-cylinder-for-shield-machine\/","title":{"rendered":"Hydraulinen sylinteri kilpikoneelle"},"content":{"rendered":"<p style=\"text-align: center;\"><span style=\"font-size: 18pt;\">Hydraulinen sylinteri kilpikoneelle<\/span><\/p>\n<p>Suojakoneiden hydraulisylinteri on olennainen osa, joka on suunniteltu erityisesti tunnelinporaussovelluksiin. N\u00e4m\u00e4 sylinterit on suunniteltu tuottamaan tehokasta ty\u00f6nt\u00f6voimaa ja tukea, ja niill\u00e4 on ratkaiseva rooli maanalaisissa kaivauksissa k\u00e4ytett\u00e4vien suojakoneiden tehokkaassa toiminnassa.<\/p>\n<p><img loading=\"lazy\" decoding=\"async\" class=\"alignnone size-full wp-image-870\" src=\"https:\/\/fmp-components.com\/wp-content\/uploads\/2024\/12\/Shield-Machine-Thrust-Cylinder-2.webp\" alt=\"Kilpi-kone-ty\u00f6nt\u00f6voimasylinteri\" width=\"1024\" height=\"559\" title=\"\" srcset=\"https:\/\/fmp-components.com\/wp-content\/uploads\/2024\/12\/Shield-Machine-Thrust-Cylinder-2.webp 1024w, https:\/\/fmp-components.com\/wp-content\/uploads\/2024\/12\/Shield-Machine-Thrust-Cylinder-2-980x535.webp 980w, https:\/\/fmp-components.com\/wp-content\/uploads\/2024\/12\/Shield-Machine-Thrust-Cylinder-2-480x262.webp 480w\" sizes=\"(min-width: 0px) and (max-width: 480px) 480px, (min-width: 481px) and (max-width: 980px) 980px, (min-width: 981px) 1024px, 100vw\" \/><\/p>\n<h4>T\u00e4rkeimm\u00e4t ominaisuudet:<\/h4>\n<ul>\n<li><strong>Korkea paineenkest\u00e4vyys:<\/strong> \u00c4\u00e4rimm\u00e4isi\u00e4 paineita kest\u00e4m\u00e4\u00e4n rakennetut hydraulisylinterit varmistavat luotettavan suorituskyvyn my\u00f6s haastavissa geologisissa olosuhteissa.<\/li>\n<li><strong>Kest\u00e4v\u00e4 rakenne:<\/strong> Ne on valmistettu eritt\u00e4in lujista materiaaleista, ja ne on suunniteltu kest\u00e4m\u00e4\u00e4n vaativia olosuhteita, mik\u00e4 takaa pitk\u00e4n k\u00e4ytt\u00f6i\u00e4n ja v\u00e4hent\u00e4\u00e4 huoltotarvetta.<\/li>\n<li><strong>Tarkkuusliike:<\/strong> Hydraulisylinterit mahdollistavat suojan tarkat ja hallitut liikkeet, mik\u00e4 mahdollistaa tehokkaan tunneloinnin ja kohdistuksen rei\u00e4n sis\u00e4ll\u00e4.<\/li>\n<li><strong>Vakaus ja tuki:<\/strong> Ne vaikuttavat merkitt\u00e4v\u00e4sti suojakoneen yleiseen vakauteen, mahdollistaen sen navigoinnin erilaisissa maaper\u00e4tyypeiss\u00e4 ja yll\u00e4pit\u00e4en toimintavarmuutta.<\/li>\n<li><strong>Monipuoliset sovellukset:<\/strong> N\u00e4m\u00e4 sylinterit sopivat erilaisiin tunneliprojekteihin ja ovat ihanteellisia metrojen, viem\u00e4rij\u00e4rjestelmien ja muun maanalaisen infrastruktuurin rakentamiseen.<\/li>\n<\/ul>\n<p>Hydraulisylinteri kilpikoneille on elint\u00e4rke\u00e4 ty\u00f6kalu nykyaikaisessa tunnelointitekniikassa, sill\u00e4 se varmistaa turvalliset, tehokkaat ja tulokselliset kaivuprosessit. Sen kest\u00e4v\u00e4 rakenne ja korkea suorituskyky tekev\u00e4t siit\u00e4 v\u00e4ltt\u00e4m\u00e4tt\u00f6m\u00e4n komponentin onnistuneissa maanalaisissa projekteissa.<\/p>\n<p><img loading=\"lazy\" decoding=\"async\" class=\"alignnone wp-image-868\" src=\"https:\/\/fmp-components.com\/wp-content\/uploads\/2024\/12\/Shield-Machine-Articulated-Cylinder-for-Tunnel-Boring.webp\" alt=\"Shield Machine -nivelsylinteri tunnelinporaukseen\" width=\"904\" height=\"303\" title=\"\" srcset=\"https:\/\/fmp-components.com\/wp-content\/uploads\/2024\/12\/Shield-Machine-Articulated-Cylinder-for-Tunnel-Boring.webp 904w, https:\/\/fmp-components.com\/wp-content\/uploads\/2024\/12\/Shield-Machine-Articulated-Cylinder-for-Tunnel-Boring-480x161.webp 480w\" sizes=\"(min-width: 0px) and (max-width: 480px) 480px, (min-width: 481px) 904px, 100vw\" \/><\/p>\n<h2>Kilpikoneen ty\u00f6nt\u00f6sylinteri<\/h2>\n<p><img loading=\"lazy\" decoding=\"async\" class=\"size-full wp-image-878 aligncenter\" src=\"https:\/\/fmp-components.com\/wp-content\/uploads\/2024\/12\/Shield-Machine-Thrust-Cylinder-for-Tunnel-Boring.webp\" alt=\"Suojakoneen ty\u00f6nt\u00f6sylinteri tunnelinporaukseen\" width=\"500\" height=\"200\" title=\"\" srcset=\"https:\/\/fmp-components.com\/wp-content\/uploads\/2024\/12\/Shield-Machine-Thrust-Cylinder-for-Tunnel-Boring.webp 500w, https:\/\/fmp-components.com\/wp-content\/uploads\/2024\/12\/Shield-Machine-Thrust-Cylinder-for-Tunnel-Boring-480x192.webp 480w\" sizes=\"(min-width: 0px) and (max-width: 480px) 480px, (min-width: 481px) 500px, 100vw\" \/><\/p>\n<table style=\"width: 97.095%; height: 210px;\" border=\"1\" cellspacing=\"0\" cellpadding=\"0\">\n<tbody>\n<tr>\n<td>Tuotteen nimi<\/td>\n<td>Kilpikoneen ty\u00f6nt\u00f6sylinteri<\/td>\n<\/tr>\n<tr>\n<td>Ominaisuudet:<\/td>\n<td>Siirr\u00e4 suojakonetta eteenp\u00e4in<\/td>\n<\/tr>\n<tr>\n<td>Rei\u00e4n halkaisija:<\/td>\n<td>140 mm\uff5e550 mm<\/td>\n<\/tr>\n<tr>\n<td>Tangon halkaisija:<\/td>\n<td>120 mm\uff5e420 mm<br \/>\nIsku: 900 mm\uff5e4100 mm<\/td>\n<\/tr>\n<tr>\n<td>Paine:<\/td>\n<td>jopa 35 MPa<br \/>\nErikoisvaatimukset voivat olla jopa 45 MPa<\/td>\n<\/tr>\n<tr>\n<td>Sovellukset:<\/td>\n<td>Kilpikone, tunnelinporauskoneet<\/td>\n<\/tr>\n<\/tbody>\n<\/table>\n<h2><img loading=\"lazy\" decoding=\"async\" class=\"alignnone wp-image-872\" src=\"https:\/\/fmp-components.com\/wp-content\/uploads\/2024\/12\/Shield-Machine-Thrust-Cylinder.webp\" alt=\"Kilpi-kone-ty\u00f6nt\u00f6voimasylinteri\" width=\"901\" height=\"513\" title=\"\">Kilpikoneen nivelsylinteri<\/h2>\n<p><img loading=\"lazy\" decoding=\"async\" class=\"size-full wp-image-875 aligncenter\" src=\"https:\/\/fmp-components.com\/wp-content\/uploads\/2024\/12\/Shield-Machine-Articulated-Cylinder-for-Tunnel-Boring-1.webp\" alt=\"Shield Machine -nivelsylinteri tunnelinporaukseen\" width=\"500\" height=\"200\" title=\"\" srcset=\"https:\/\/fmp-components.com\/wp-content\/uploads\/2024\/12\/Shield-Machine-Articulated-Cylinder-for-Tunnel-Boring-1.webp 500w, https:\/\/fmp-components.com\/wp-content\/uploads\/2024\/12\/Shield-Machine-Articulated-Cylinder-for-Tunnel-Boring-1-480x192.webp 480w\" sizes=\"(min-width: 0px) and (max-width: 480px) 480px, (min-width: 481px) 500px, 100vw\" \/><\/p>\n<table style=\"width: 97.2566%; height: 209px;\" border=\"1\" cellspacing=\"0\" cellpadding=\"0\">\n<tbody>\n<tr>\n<td>Tuotteen nimi<\/td>\n<td>Kilpikoneen nivelsylinteri<\/td>\n<\/tr>\n<tr>\n<td>Ominaisuudet:<\/td>\n<td>Aktiivinen nivel: ter\u00e4p\u00e4\u00e4n ohjaus\/koordinoitu ty\u00f6kalunvaihto<br \/>\nPassiivinen nivelt\u00e4minen: ved\u00e4 kilven h\u00e4nt\u00e4\u00e4 eteenp\u00e4in<\/td>\n<\/tr>\n<tr>\n<td>Rei\u00e4n halkaisija:<\/td>\n<td>125 mm\uff5e550 mm<\/td>\n<\/tr>\n<tr>\n<td>Tangon halkaisija:<\/td>\n<td>\u00a070 mm\uff5e370 mm<br \/>\nIskunpituus 140 mm\uff5e1200 mm<\/td>\n<\/tr>\n<tr>\n<td>Paine:<\/td>\n<td>Jopa 35 MPa<\/td>\n<\/tr>\n<tr>\n<td>Sovellukset:<\/td>\n<td>Kilpikone, tunnelinporauskoneet<\/td>\n<\/tr>\n<\/tbody>\n<\/table>\n<p><img loading=\"lazy\" decoding=\"async\" class=\"alignnone wp-image-882\" src=\"https:\/\/fmp-components.com\/wp-content\/uploads\/2024\/12\/Shield-Machine-Articulated-Cylinder-1.webp\" alt=\"Kilpi-kone-nivelsylinteri\" width=\"901\" height=\"501\" title=\"\" srcset=\"https:\/\/fmp-components.com\/wp-content\/uploads\/2024\/12\/Shield-Machine-Articulated-Cylinder-1.webp 901w, https:\/\/fmp-components.com\/wp-content\/uploads\/2024\/12\/Shield-Machine-Articulated-Cylinder-1-480x267.webp 480w\" sizes=\"(min-width: 0px) and (max-width: 480px) 480px, (min-width: 481px) 901px, 100vw\" \/><\/p>\n<h2>Suojauskoneen kokoonpanon nostosylinteri<\/h2>\n<p><img loading=\"lazy\" decoding=\"async\" class=\"size-full wp-image-876 aligncenter\" src=\"https:\/\/fmp-components.com\/wp-content\/uploads\/2024\/12\/Shield-Machine-Assembly-Lifting-Cylinder-for-Tunnel-Boring.webp\" alt=\"Suojakoneen kokoonpanon nostosylinteri tunnelinporaukseen\" width=\"500\" height=\"200\" title=\"\" srcset=\"https:\/\/fmp-components.com\/wp-content\/uploads\/2024\/12\/Shield-Machine-Assembly-Lifting-Cylinder-for-Tunnel-Boring.webp 500w, https:\/\/fmp-components.com\/wp-content\/uploads\/2024\/12\/Shield-Machine-Assembly-Lifting-Cylinder-for-Tunnel-Boring-480x192.webp 480w\" sizes=\"(min-width: 0px) and (max-width: 480px) 480px, (min-width: 481px) 500px, 100vw\" \/><\/p>\n<table style=\"width: 97.9899%; height: 171px;\" border=\"1\" cellspacing=\"0\" cellpadding=\"0\">\n<tbody>\n<tr>\n<td>Tuotteen nimi<\/td>\n<td>Suojauskoneen kokoonpanon nostosylinteri<\/td>\n<\/tr>\n<tr>\n<td>Ominaisuudet:<\/td>\n<td>Siirr\u00e4 segmentit m\u00e4\u00e4r\u00e4ttyyn paikkaan ja kokoa ne renkaaksi<\/td>\n<\/tr>\n<tr>\n<td>Tekniset tiedot:<\/td>\n<td>Yleens\u00e4 kaksikerroksinen rakenne<br \/>\nSis\u00e4inen pieni \u00f6ljysylinteri tarjoaa ty\u00f6nt\u00f6voiman ja vetovoiman<br \/>\nPieni m\u00e4nn\u00e4nvarsi kiinte\u00e4<br \/>\nSuuret m\u00e4nn\u00e4nvarret kest\u00e4v\u00e4t suuria sivuttaisvoimia teleskooppity\u00f6nn\u00f6ss\u00e4<\/td>\n<\/tr>\n<tr>\n<td>Sovellukset:<\/td>\n<td>Kilpikone, tunnelinporauskoneet<\/td>\n<\/tr>\n<\/tbody>\n<\/table>\n<h2><img loading=\"lazy\" decoding=\"async\" class=\"alignnone wp-image-881\" src=\"https:\/\/fmp-components.com\/wp-content\/uploads\/2024\/12\/Shield-Machine-Assembly-Lifting-Cylinder-1.webp\" alt=\"Suojauskoneen kokoonpanon nostosylinteri\" width=\"896\" height=\"637\" title=\"\" srcset=\"https:\/\/fmp-components.com\/wp-content\/uploads\/2024\/12\/Shield-Machine-Assembly-Lifting-Cylinder-1.webp 896w, https:\/\/fmp-components.com\/wp-content\/uploads\/2024\/12\/Shield-Machine-Assembly-Lifting-Cylinder-1-480x341.webp 480w\" sizes=\"(min-width: 0px) and (max-width: 480px) 480px, (min-width: 481px) 896px, 100vw\" \/>Suojakoneen v\u00e4\u00e4nt\u00f6momentin vastainen sylinteri<\/h2>\n<p><img loading=\"lazy\" decoding=\"async\" class=\"size-full wp-image-874 aligncenter\" src=\"https:\/\/fmp-components.com\/wp-content\/uploads\/2024\/12\/Shield-Machine-Anti-torque-Cylinder-for-Tunnel-Boring-1.webp\" alt=\"Shield Machine -v\u00e4\u00e4nt\u00f6momentin vastainen sylinteri tunnelinporaukseen\" width=\"500\" height=\"200\" title=\"\" srcset=\"https:\/\/fmp-components.com\/wp-content\/uploads\/2024\/12\/Shield-Machine-Anti-torque-Cylinder-for-Tunnel-Boring-1.webp 500w, https:\/\/fmp-components.com\/wp-content\/uploads\/2024\/12\/Shield-Machine-Anti-torque-Cylinder-for-Tunnel-Boring-1-480x192.webp 480w\" sizes=\"(min-width: 0px) and (max-width: 480px) 480px, (min-width: 481px) 500px, 100vw\" \/><\/p>\n<table style=\"width: 97.4236%; height: 200px;\" border=\"1\" cellspacing=\"0\" cellpadding=\"0\">\n<tbody>\n<tr>\n<td>Tuotteen nimi<\/td>\n<td>Suojakoneen v\u00e4\u00e4nt\u00f6momentin vastainen sylinteri<\/td>\n<\/tr>\n<tr>\n<td>Ominaisuudet:<\/td>\n<td>Siirt\u00e4\u00e4 v\u00e4\u00e4nt\u00f6momentin, kun leikkuup\u00e4\u00e4 py\u00f6rii<\/td>\n<\/tr>\n<tr>\n<td>Rei\u00e4n halkaisija:<\/td>\n<td>330 mm\uff5e570 mm<\/td>\n<\/tr>\n<tr>\n<td>Tangon halkaisija:<\/td>\n<td>260 mm\uff5e530 mm<br \/>\nIskunpituus 120 mm\uff5e160 mm<\/td>\n<\/tr>\n<tr>\n<td>Paine:<\/td>\n<td>Yleens\u00e4 jopa 35 MPa<br \/>\nMaksimi jopa 42 MPa<\/td>\n<\/tr>\n<tr>\n<td>Sovellukset:<\/td>\n<td>Kilpikone, tunnelinporauskoneet<\/td>\n<\/tr>\n<\/tbody>\n<\/table>\n<p><img loading=\"lazy\" decoding=\"async\" class=\"alignnone wp-image-880\" src=\"https:\/\/fmp-components.com\/wp-content\/uploads\/2024\/12\/Shield-Machine-Anti-torque-Cylinder-1.webp\" alt=\"Suoja-kone-v\u00e4\u00e4nt\u00f6momentin vastainen-sylinteri\" width=\"906\" height=\"453\" title=\"\"><\/p>\n<h2>Kilpikoneen murskaimen sylinteri<\/h2>\n<p><img loading=\"lazy\" decoding=\"async\" class=\"size-full wp-image-877 aligncenter\" src=\"https:\/\/fmp-components.com\/wp-content\/uploads\/2024\/12\/Shield-Machine-Crusher-Cylinder-for-Tunnel-Boring.webp\" alt=\"Suojauskoneen murskaimen sylinteri tunnelinporaukseen\" width=\"500\" height=\"200\" title=\"\" srcset=\"https:\/\/fmp-components.com\/wp-content\/uploads\/2024\/12\/Shield-Machine-Crusher-Cylinder-for-Tunnel-Boring.webp 500w, https:\/\/fmp-components.com\/wp-content\/uploads\/2024\/12\/Shield-Machine-Crusher-Cylinder-for-Tunnel-Boring-480x192.webp 480w\" sizes=\"(min-width: 0px) and (max-width: 480px) 480px, (min-width: 481px) 500px, 100vw\" \/><\/p>\n<table style=\"width: 97.4971%; height: 117px;\" border=\"1\" cellspacing=\"0\" cellpadding=\"0\">\n<tbody>\n<tr style=\"height: 23px;\">\n<td style=\"height: 23px;\">Tuotteen nimi<\/td>\n<td style=\"height: 23px;\">Kilpikoneen murskaimen sylinteri<\/td>\n<\/tr>\n<tr style=\"height: 23px;\">\n<td style=\"height: 23px;\">Ominaisuudet:<\/td>\n<td style=\"height: 23px;\">Kiinnit\u00e4 murskauspihdit varmistaaksesi, ett\u00e4 suuret sorapalat murskautuvat ennen kuin ne p\u00e4\u00e4sev\u00e4t poistoaukkoon<\/td>\n<\/tr>\n<tr style=\"height: 23px;\">\n<td style=\"height: 23px;\">\n<div class=\"txtboxL\">Tekniset tiedot:<\/div>\n<\/td>\n<td style=\"height: 23px;\">Murskainten sylintereiden eritelmi\u00e4 voidaan suunnitella ja valmistaa asiakkaan vaatimusten mukaisesti<\/td>\n<\/tr>\n<tr style=\"height: 23px;\">\n<td style=\"height: 23px;\">Sovellukset:<\/td>\n<td style=\"height: 23px;\">Kilpikone, tunnelinporauskoneet<\/td>\n<\/tr>\n<\/tbody>\n<\/table>\n<p><img loading=\"lazy\" decoding=\"async\" class=\"alignnone wp-image-869\" src=\"https:\/\/fmp-components.com\/wp-content\/uploads\/2024\/12\/Shield-Machine-Crusher-Cylinder-for-Tunnel-Boring2.webp\" alt=\"Suojauskoneen murskaimen sylinteri tunnelinporaukseen2\" width=\"907\" height=\"324\" title=\"\" srcset=\"https:\/\/fmp-components.com\/wp-content\/uploads\/2024\/12\/Shield-Machine-Crusher-Cylinder-for-Tunnel-Boring2.webp 907w, https:\/\/fmp-components.com\/wp-content\/uploads\/2024\/12\/Shield-Machine-Crusher-Cylinder-for-Tunnel-Boring2-480x171.webp 480w\" sizes=\"(min-width: 0px) and (max-width: 480px) 480px, (min-width: 481px) 907px, 100vw\" \/><\/p>\n<h3>Suojauskoneen hydraulisylinterin edut<\/h3>\n<ol>\n<li><strong>Korkea hy\u00f6tysuhde:<\/strong><br \/>\nKilpikoneiden hydraulisylinterit on suunniteltu tuottamaan voimakas ty\u00f6nt\u00f6voima, mik\u00e4 parantaa merkitt\u00e4v\u00e4sti tunnelointit\u00f6iden nopeutta ja tehokkuutta. T\u00e4m\u00e4 ominaisuus antaa rakennustiimeille mahdollisuuden suorittaa projektit nopeammin, mik\u00e4 lyhent\u00e4\u00e4 projektin kokonaisaikataulua. Nopeampien kaivuunopeusten ansiosta urakoitsijat voivat noudattaa m\u00e4\u00e4r\u00e4aikoja tehokkaammin, mik\u00e4 johtaa tuottavuuden kasvuun ja kustannuss\u00e4\u00e4st\u00f6ihin.<\/li>\n<li><strong>Vankka kest\u00e4vyys:<\/strong><br \/>\nN\u00e4m\u00e4 hydraulisylinterit on valmistettu eritt\u00e4in lujista materiaaleista, jotka on erityisesti suunniteltu kest\u00e4m\u00e4\u00e4n ankaria ymp\u00e4rist\u00f6olosuhteita ja tunnelointiprosessissa esiintyvi\u00e4 \u00e4\u00e4rimm\u00e4isi\u00e4 paineita. Niiden vankka kest\u00e4vyys takaa pitk\u00e4aikaisen luotettavuuden ja minimoi kalliisiin viiv\u00e4styksiin johtavien vikojen riskin. T\u00e4m\u00e4 joustavuus tekee niist\u00e4 sopivia erilaisiin geologisiin muodostumiin ja varmistaa tasaisen suorituskyvyn koko projektin elinkaaren ajan.<\/li>\n<li><strong>Tarkkuusohjaus:<\/strong><br \/>\nSuojauskoneen sylintereiden hydrauliikkaj\u00e4rjestelm\u00e4 mahdollistaa suojauskoneen eritt\u00e4in tarkan liikkeen, mik\u00e4 on olennaista tarkan tunneloinnin ja kohdistuksen kannalta. T\u00e4m\u00e4 tarkkuus on ratkaisevan t\u00e4rke\u00e4\u00e4 onnistuneen kaivamisen kannalta, sill\u00e4 se antaa k\u00e4ytt\u00e4jille mahdollisuuden navigoida monimutkaisissa maanalaisissa ymp\u00e4rist\u00f6iss\u00e4 luottavaisin mielin. Kyky hallita hienoja liikkeit\u00e4 v\u00e4hent\u00e4\u00e4 kohdistusvirheiden riski\u00e4 ja varmistaa, ett\u00e4 tunneli t\u00e4ytt\u00e4\u00e4 m\u00e4\u00e4ritellyt suunnitteluparametrit.<\/li>\n<li><strong>Parannettu vakaus:<\/strong><br \/>\nN\u00e4ill\u00e4 sylintereill\u00e4 on t\u00e4rke\u00e4 rooli suojakoneen vakauden yll\u00e4pit\u00e4misess\u00e4 k\u00e4yt\u00f6n aikana. Tarjoamalla tasaista tukea ne mahdollistavat koneen navigoinnin erilaisissa geologisissa olosuhteissa vaarantamatta turvallisuutta. T\u00e4m\u00e4 vakaus on v\u00e4ltt\u00e4m\u00e4t\u00f6nt\u00e4 onnettomuuksien ehk\u00e4isemiseksi ja sek\u00e4 ty\u00f6ntekij\u00f6iden ett\u00e4 itse koneen turvallisuuden varmistamiseksi, erityisesti arvaamattomissa ymp\u00e4rist\u00f6iss\u00e4.<\/li>\n<li><strong>V\u00e4hemm\u00e4n huoltoa:<\/strong><br \/>\nSuojakoneiden hydraulisylintereiden kest\u00e4v\u00e4 rakenne minimoi kulumisen, mik\u00e4 johtaa alhaisempiin huoltokustannuksiin ja lyhyempiin seisokkiaikoihin. V\u00e4hent\u00e4m\u00e4ll\u00e4 korjauksia ja vaihtoja n\u00e4m\u00e4 sylinterit edist\u00e4v\u00e4t projektin kokonaistehokkuutta. T\u00e4m\u00e4 huoltotarpeen v\u00e4heneminen paitsi s\u00e4\u00e4st\u00e4\u00e4 rahaa, my\u00f6s mahdollistaa jatkuvamman toiminnan ja parantaa tuottavuutta ty\u00f6maalla.<\/li>\n<li><strong>Monipuolisuus:<\/strong><br \/>\nKilpikoneiden hydraulisylinterit soveltuvat monenlaisiin k\u00e4ytt\u00f6tarkoituksiin, kuten metroihin, viem\u00e4rij\u00e4rjestelmiin ja muihin maanalaisiin infrastruktuurikohteisiin. Niiden muunneltavuus tekee niist\u00e4 ihanteellisen valinnan erilaisiin tunnelointitarpeisiin, jolloin urakoitsijat voivat k\u00e4ytt\u00e4\u00e4 samoja laitteita eri projekteissa. T\u00e4m\u00e4 monipuolisuus yksinkertaistaa logistiikkaa ja v\u00e4hent\u00e4\u00e4 useiden erikoisty\u00f6kalujen tarvetta.<\/li>\n<li><strong>Turvaominaisuudet:<\/strong><br \/>\nEdistyksellisill\u00e4 turvamekanismeilla varustetut hydraulisylinterit auttavat est\u00e4m\u00e4\u00e4n vahingossa tapahtuvan irtoamisen k\u00e4yt\u00f6n aikana. T\u00e4m\u00e4 ominaisuus varmistaa turvallisen toiminnan my\u00f6s vaativissa kaivuuteht\u00e4viss\u00e4 ja parantaa merkitt\u00e4v\u00e4sti tunnelointiprosessin turvallisuutta. T\u00e4llaiset turvatoimenpiteet ovat ratkaisevan t\u00e4rkeit\u00e4 turvallisen ty\u00f6ymp\u00e4rist\u00f6n yll\u00e4pit\u00e4miseksi ja ty\u00f6ntekij\u00f6iden hyvinvoinnin suojelemiseksi.<\/li>\n<li><strong>Hydraulinen teho:<\/strong><br \/>\nHydraulisten j\u00e4rjestelmien k\u00e4ytt\u00f6 n\u00e4iss\u00e4 sylintereiss\u00e4 mahdollistaa suuremman voimantuotannon kompaktissa rakenteessa. T\u00e4m\u00e4 ominaisuus helpottaa raskaiden kuormien k\u00e4sittely\u00e4 ja monimutkaisten liikkeiden suorittamista tarkasti. Hydraulinen teho mahdollistaa suojakoneiden tehokkaan toiminnan jopa haastavissa olosuhteissa, mik\u00e4 parantaa tunnelointitoimintojen kokonaistehokkuutta.<\/li>\n<\/ol>\n<p>Hy\u00f6dynt\u00e4m\u00e4ll\u00e4 n\u00e4it\u00e4 etuja suojakoneiden hydraulisylintereill\u00e4 on ratkaiseva rooli nykyaikaisten tunneliprojektien onnistumisessa, sill\u00e4 ne varmistavat tehokkuuden, turvallisuuden ja luotettavuuden koko kaivuprosessin ajan. Niiden integrointi tunnelikoneihin on elint\u00e4rke\u00e4\u00e4 nykyaikaisen infrastruktuurikehityksen vaatimusten t\u00e4ytt\u00e4miseksi.<\/p>\n<p><img loading=\"lazy\" decoding=\"async\" class=\"alignnone wp-image-879\" src=\"https:\/\/fmp-components.com\/wp-content\/uploads\/2024\/12\/Shield-Machine-Crusher-Cylinder-1.webp\" alt=\"Kilpi-kone-murskain-sylinteri\" width=\"903\" height=\"601\" title=\"\"><\/p>\n<h3>Tietoja FMP:st\u00e4<\/h3>\n<p>FMP on hydraulisten sylinterien tuotantoon erikoistunut konepajayritys. Perustamisestaan \u200b\u200bl\u00e4htien yritys on keskittynyt hydraulisen teknologian tutkimukseen ja valmistukseen ja siirtynyt menestyksekk\u00e4\u00e4sti monipuolisesta tuotevalikoimasta, joka sis\u00e4lsi sadonkorjuu- ja rakennuskoneita, maataloustraktorien osiin erikoistumiseen. Yli kymmenen vuoden kokemuksella valmistuksesta ja johtamisesta FMP varmistaa korkealaatuiset tuotteet edistyneiden tuotantotekniikoiden avulla.<\/p>\n<p>Yrityksen kehittyess\u00e4 se on kehitt\u00e4nyt kattavan koneistuslinjan, kokoonpanolinjan ja pinnoituslinjan. Tiimimme koostuu ammattitaitoisesta johtohenkil\u00f6st\u00f6st\u00e4, kokeneista mekaanisista suunnittelijoista ja korkeasti koulutetuista teknikoista, jotka ty\u00f6skentelev\u00e4t yhdess\u00e4 yll\u00e4pit\u00e4\u00e4kseen vakaata tuotannon laatua ja samalla tehokkaasti hallitakseen prosessin jatkuvuutta ja tehokkuutta.<\/p>\n<p>FMP noudattaa filosofiaa, jonka mukaan \u201dteknologinen innovaatio edist\u00e4\u00e4 kehityst\u00e4, laatu luo br\u00e4ndej\u00e4, k\u00e4sity\u00f6taito varmistaa laadun ja rakentaa pitk\u00e4aikaisia, kaikkia hy\u00f6dytt\u00e4vi\u00e4 suhteita\u201d. Sitoutumisemme korkealaatuisten tuotteiden ja erinomaisen asiakaspalvelun tarjoamiseen on edelleen keskeinen tavoitteemme, kun jatkamme markkinoiden kehittyvien tarpeiden t\u00e4ytt\u00e4mist\u00e4.<\/p>\n<p><img loading=\"lazy\" decoding=\"async\" class=\"alignnone size-full wp-image-426\" src=\"https:\/\/fmp-components.com\/wp-content\/uploads\/2024\/12\/Sanitation-Machinery-Locking-Hydraulic-Cylinder-factory.webp\" sizes=\"(min-width: 0px) and (max-width: 480px) 480px, (min-width: 481px) and (max-width: 980px) 980px, (min-width: 981px) and (max-width: 1280px) 1280px, (min-width: 1281px) 1414px, 100vw\" srcset=\"https:\/\/fmp-components.com\/wp-content\/uploads\/2024\/12\/Sanitation-Machinery-Locking-Hydraulic-Cylinder-factory.webp 1414w, https:\/\/fmp-components.com\/wp-content\/uploads\/2024\/12\/Sanitation-Machinery-Locking-Hydraulic-Cylinder-factory-1280x529.webp 1280w, https:\/\/fmp-components.com\/wp-content\/uploads\/2024\/12\/Sanitation-Machinery-Locking-Hydraulic-Cylinder-factory-980x405.webp 980w, https:\/\/fmp-components.com\/wp-content\/uploads\/2024\/12\/Sanitation-Machinery-Locking-Hydraulic-Cylinder-factory-480x198.webp 480w\" alt=\"Sanitaatio-Koneet-Lukitus-Hydraulinen-Sylinteri-tehdas\" width=\"1414\" height=\"584\" title=\"\"><\/p>\n<p>Tekij\u00e4: CX<\/p>","protected":false},"excerpt":{"rendered":"<p>Suojakoneiden hydraulisylinteri on kriittinen komponentti, joka on suunniteltu tarjoamaan tehokasta ty\u00f6nt\u00f6voimaa ja tukea tunnelinporauksessa. N\u00e4m\u00e4 sylinterit on suunniteltu kest\u00e4m\u00e4\u00e4n korkeita paineita ja ankaria olosuhteita, mik\u00e4 varmistaa luotettavan suorituskyvyn kaivuprosessin aikana. Kest\u00e4v\u00e4n rakenteensa ansiosta ne mahdollistavat suojan tarkat liikkeet, mik\u00e4 mahdollistaa tarkan tunneloinnin ja tehokkaan toiminnan. Hydraulisylintereill\u00e4 on my\u00f6s t\u00e4rke\u00e4 rooli koneen vakauden yll\u00e4pit\u00e4misess\u00e4, mink\u00e4 ansiosta se voi navigoida erilaisissa geologisissa muodostumissa. Niiden kest\u00e4vyys ja tehokkuus tekev\u00e4t niist\u00e4 v\u00e4ltt\u00e4m\u00e4tt\u00f6mi\u00e4 nykyaikaisissa tunneliprojekteissa ja edist\u00e4v\u00e4t maanalaisen infrastruktuurin onnistunutta valmistumista.<\/p>","protected":false},"featured_media":873,"comment_status":"open","ping_status":"closed","template":"","meta":{"_et_pb_use_builder":"","_et_pb_old_content":"","_et_gb_content_width":""},"product_brand":[],"product_cat":[30],"product_tag":[],"class_list":{"0":"post-866","1":"product","2":"type-product","3":"status-publish","4":"has-post-thumbnail","6":"product_cat-tunnel-boring-machine-hydraulic-cylinders","8":"first","9":"instock","10":"shipping-taxable","11":"product-type-simple"},"_links":{"self":[{"href":"https:\/\/fmp-components.com\/fi\/wp-json\/wp\/v2\/product\/866","targetHints":{"allow":["GET"]}}],"collection":[{"href":"https:\/\/fmp-components.com\/fi\/wp-json\/wp\/v2\/product"}],"about":[{"href":"https:\/\/fmp-components.com\/fi\/wp-json\/wp\/v2\/types\/product"}],"replies":[{"embeddable":true,"href":"https:\/\/fmp-components.com\/fi\/wp-json\/wp\/v2\/comments?post=866"}],"wp:featuredmedia":[{"embeddable":true,"href":"https:\/\/fmp-components.com\/fi\/wp-json\/wp\/v2\/media\/873"}],"wp:attachment":[{"href":"https:\/\/fmp-components.com\/fi\/wp-json\/wp\/v2\/media?parent=866"}],"wp:term":[{"taxonomy":"product_brand","embeddable":true,"href":"https:\/\/fmp-components.com\/fi\/wp-json\/wp\/v2\/product_brand?post=866"},{"taxonomy":"product_cat","embeddable":true,"href":"https:\/\/fmp-components.com\/fi\/wp-json\/wp\/v2\/product_cat?post=866"},{"taxonomy":"product_tag","embeddable":true,"href":"https:\/\/fmp-components.com\/fi\/wp-json\/wp\/v2\/product_tag?post=866"}],"curies":[{"name":"wp","href":"https:\/\/api.w.org\/{rel}","templated":true}]}}