{"id":816,"date":"2024-12-18T07:55:12","date_gmt":"2024-12-18T07:55:12","guid":{"rendered":"https:\/\/fmp-components.com\/?page_id=8"},"modified":"2024-12-18T08:06:02","modified_gmt":"2024-12-18T08:06:02","slug":"hydraulic-cylinder-for-wave-tide-power-generation","status":"publish","type":"product","link":"https:\/\/fmp-components.com\/fi\/product\/hydraulic-cylinder-for-wave-tide-power-generation\/","title":{"rendered":"Hydraulinen sylinteri aalto-\/vuorovesivoiman tuotantoon"},"content":{"rendered":"<p style=\"text-align: center;\"><span style=\"font-size: 18pt;\">Hydraulinen sylinteri aalto-\/vuorovesivoiman tuotantoon<\/span><\/p>\n<p>Aalto-\/vuorovesivoiman tuottamiseen tarkoitettu hydraulisylinteri on huippuluokan laite, joka on suunniteltu hy\u00f6dynt\u00e4m\u00e4\u00e4n valtameren aaltojen ja vuorovesiliikkeiden energiaa. T\u00e4m\u00e4 innovatiivinen ratkaisu muuntaa kineettisen energian k\u00e4ytt\u00f6kelpoiseksi energiaksi, mik\u00e4 edist\u00e4\u00e4 kest\u00e4v\u00e4\u00e4 energiantuotantoa.<\/p>\n<h4>T\u00e4rkeimm\u00e4t ominaisuudet:<\/h4>\n<ul>\n<li><strong>Kest\u00e4v\u00e4 muotoilu:<\/strong> Hydraulisylinterimme on suunniteltu kest\u00e4m\u00e4\u00e4n ankaria meriymp\u00e4rist\u00f6j\u00e4, ja se on valmistettu eritt\u00e4in lujista materiaaleista, jotka kest\u00e4v\u00e4t korroosiota ja kulumista.<\/li>\n<li><strong>Korkea hy\u00f6tysuhde:<\/strong> Maksimaalisen energianoton takaamiseksi optimoitu hydrauliikkaj\u00e4rjestelm\u00e4 varmistaa aalto- ja vuorovesienergian tehokkaan muuntamisen hydrauliseksi voimaksi.<\/li>\n<li><strong>Monipuolinen sovellus:<\/strong> T\u00e4m\u00e4 hydraulisylinteri soveltuu erilaisiin merienergiaprojekteihin, mukaan lukien offshore- ja rannikkoasennukset, ja se voidaan integroida olemassa oleviin s\u00e4hk\u00f6j\u00e4rjestelmiin tai k\u00e4ytt\u00e4\u00e4 uudiskohteissa.<\/li>\n<li><strong>Helppo huolto:<\/strong> Helppok\u00e4ytt\u00f6iseksi suunniteltu hydraulisylinteri yksinkertaistaa huoltotoimenpiteit\u00e4 varmistaen pitk\u00e4aikaisen luotettavuuden ja v\u00e4hent\u00e4en seisokkiaikoja.<\/li>\n<li><strong>Ymp\u00e4rist\u00f6yst\u00e4v\u00e4llinen:<\/strong> Hy\u00f6dynt\u00e4m\u00e4ll\u00e4 uusiutuvaa merienergiaa t\u00e4m\u00e4 tuote auttaa v\u00e4hent\u00e4m\u00e4\u00e4n hiilidioksidip\u00e4\u00e4st\u00f6j\u00e4 ja edist\u00e4\u00e4 kest\u00e4vi\u00e4 energiaratkaisuja.<\/li>\n<\/ul>\n<p>Aalto-\/vuorovesivoiman tuotantoon tarkoitettu hydraulisylinteri edustaa merkitt\u00e4v\u00e4\u00e4 edistysaskelta uusiutuvan energian alalla. Hy\u00f6dynt\u00e4m\u00e4ll\u00e4 tehokkaasti valtamerten liikkeiden voiman sill\u00e4 on ratkaiseva rooli siirtymisess\u00e4 kohti kest\u00e4v\u00e4mp\u00e4\u00e4 energiatulevaisuutta.<\/p>\n<h2>Aalto-\/vuorovesivoiman tuotantolaitteiden hydraulisylinteri<\/h2>\n<table border=\"1\" cellspacing=\"0\" cellpadding=\"0\">\n<tbody>\n<tr>\n<td>Tuotteen nimi<\/td>\n<td>Aalto-\/vuorovesivoiman tuotantolaitteiden sylinteri<\/td>\n<\/tr>\n<tr>\n<td>Ominaisuudet:<\/td>\n<td>Muunna aaltoenergia hydrauliseksi energiaksi, joka ty\u00f6nt\u00e4\u00e4 hydraulisylintereit\u00e4 liikkumaan. Korkeapaineinen \u00f6ljy py\u00f6ritt\u00e4\u00e4 sitten s\u00e4hk\u00f6moottoria, joka tuottaa s\u00e4hk\u00f6\u00e4, joka lopulta muunnetaan s\u00e4hk\u00f6energiaksi.<\/td>\n<\/tr>\n<tr>\n<td>Rei\u00e4n halkaisija:<\/td>\n<td>\u00a0Jopa 250 mm<\/td>\n<\/tr>\n<tr>\n<td>Tangon halkaisija:<\/td>\n<td>Jopa 190 mm<br \/>\nIskunpituus jopa 4800 mm<\/td>\n<\/tr>\n<tr>\n<td>Paine:<\/td>\n<td>jopa 31,5 MPa<\/td>\n<\/tr>\n<tr>\n<td>Sovellukset:<\/td>\n<td>Aalto-\/vuorovesivoiman tuotanto<\/td>\n<\/tr>\n<\/tbody>\n<\/table>\n<h3>Hydraulisylinterien edut aalto-\/vuorovesivoiman tuotantolaitteissa<\/h3>\n<p>Hydraulisylintereill\u00e4 on ratkaiseva rooli aalto- ja vuorovesivoiman tuotantoj\u00e4rjestelmien toiminnassa. T\u00e4ss\u00e4 ovat hydraulisylintereiden k\u00e4yt\u00f6n t\u00e4rkeimm\u00e4t edut t\u00e4ss\u00e4 yhteydess\u00e4:<\/p>\n<ol>\n<li><strong>Suuri tehotiheys:<\/strong> Hydraulisylinterit tarjoavat erinomaisen teho-painosuhteen, mik\u00e4 mahdollistaa kompaktin ja tehokkaan rakenteen. T\u00e4m\u00e4 on erityisen hy\u00f6dyllist\u00e4 aalto- ja vuorovesivoimasovelluksissa, joissa tila on rajallinen ja laitteet on usein upotettava veteen.<\/li>\n<li><strong>Kest\u00e4vyys ja luotettavuus:<\/strong> Kest\u00e4vyydest\u00e4\u00e4n tunnetut hydraulisylinterit kest\u00e4v\u00e4t ankaria meriymp\u00e4rist\u00f6j\u00e4, kuten suolavett\u00e4 ja \u00e4\u00e4rimm\u00e4isi\u00e4 s\u00e4\u00e4olosuhteita. Ne on rakennettu pitk\u00e4aikaiseen k\u00e4ytt\u00f6\u00f6n minimaalisella huollolla, joten ne sopivat ihanteellisesti j\u00e4rjestelmiin, jotka altistuvat jatkuvasti luonnonvoimille.<\/li>\n<li><strong>Tarkka ohjaus:<\/strong> N\u00e4m\u00e4 sylinterit tarjoavat tarkan hallinnan aalto- ja vuorovesienergiaj\u00e4rjestelmien komponenttien liikkeille. T\u00e4m\u00e4 on olennaista energian talteenoton optimoimiseksi ja muuttuviin ymp\u00e4rist\u00f6olosuhteisiin sopeutumiseksi.<\/li>\n<li><strong>Skaalautuvuus:<\/strong> Hydraulij\u00e4rjestelm\u00e4t ovat helposti skaalautuvia, mik\u00e4 mahdollistaa r\u00e4\u00e4t\u00e4l\u00f6innin vaihtelevien s\u00e4hk\u00f6ntuotantotarpeiden mukaan. Muuttamalla sylinterien kokoa ja lukum\u00e4\u00e4r\u00e4\u00e4 laitteet voidaan r\u00e4\u00e4t\u00e4l\u00f6id\u00e4 tiettyihin energiantarpeisiin.<\/li>\n<li><strong>Energianmuunnostehokkuus:<\/strong> Hydraulisylinterit muuntavat aaltojen ja vuoroveden liikkeet tehokkaasti mekaaniseksi energiaksi, talteenottavat tehokkaasti energiaa ja muuntavat sen py\u00f6rimisliikkeeksi generaattoreille tai muille laitteille.<\/li>\n<li><strong>Minimaalinen ymp\u00e4rist\u00f6vaikutus:<\/strong> Verrattuna muihin energiantuotantomenetelmiin, hydraulisylintereill\u00e4 on pieni ymp\u00e4rist\u00f6jalanj\u00e4lki. Ne eiv\u00e4t tuota suoria p\u00e4\u00e4st\u00f6j\u00e4 ja toimivat hiljaisesti, mik\u00e4 minimoi melusaasteen ja suojelee meren ekosysteemej\u00e4.<\/li>\n<li><strong>Suunnittelun joustavuus:<\/strong> Hydraulisylinterit tarjoavat merkitt\u00e4v\u00e4\u00e4 suunnittelun joustavuutta, jonka avulla insin\u00f6\u00f6rit voivat mukauttaa kokoa, iskunpituutta ja voimaa j\u00e4rjestelm\u00e4n suorituskyvyn ja tehokkuuden optimoimiseksi tietyiss\u00e4 aalto- ja vuorovesivoiman tuotantosovelluksissa.<\/li>\n<\/ol>\n<p><img loading=\"lazy\" decoding=\"async\" class=\"alignnone  wp-image-819\" src=\"https:\/\/fmp-components.com\/wp-content\/uploads\/2024\/12\/Wave-Tide-Power-Generation-Equipment-Hydraulic-Cylinder.webp\" alt=\"Aaltovesivoiman tuotantolaitteiden hydraulisylinteri\" width=\"925\" height=\"308\" title=\"\" srcset=\"https:\/\/fmp-components.com\/wp-content\/uploads\/2024\/12\/Wave-Tide-Power-Generation-Equipment-Hydraulic-Cylinder.webp 925w, https:\/\/fmp-components.com\/wp-content\/uploads\/2024\/12\/Wave-Tide-Power-Generation-Equipment-Hydraulic-Cylinder-480x160.webp 480w\" sizes=\"(min-width: 0px) and (max-width: 480px) 480px, (min-width: 481px) 925px, 100vw\" \/><\/p>\n<h3>Valitse FMP-hydraulisylinterit aalto-\/vuorovesivoiman tuotantoon<\/h3>\n<p>FMP on johtava aalto- ja vuorovesivoiman tuotantoon suunniteltujen hydraulisylintereiden valmistaja. Laadustaan, kest\u00e4vyydest\u00e4\u00e4n ja luotettavuudestaan \u200b\u200btunnetut FMP-sylinterit sopivat t\u00e4ydellisesti ankariin meriymp\u00e4rist\u00f6ihin.<\/p>\n<h4>FMP-hydraulisylinterien valinnan edut:<\/h4>\n<ul>\n<li><strong>Korkea hy\u00f6tysuhde:<\/strong> FMP-hydraulisylinterit on suunniteltu optimaalista hy\u00f6tysuhdetta varten, ja ne muuntavat aalto- ja vuorovesienergian hydrauliseksi tehoksi minimaalisilla h\u00e4vi\u00f6ill\u00e4.<\/li>\n<li><strong>Pitk\u00e4 k\u00e4ytt\u00f6ik\u00e4:<\/strong> Kest\u00e4v\u00e4t sylinterit on rakennettu kest\u00e4m\u00e4\u00e4n, ja niiss\u00e4 on kest\u00e4v\u00e4t komponentit ja rakenne, jotka kest\u00e4v\u00e4t vaativia meriolosuhteita.<\/li>\n<li><strong>V\u00e4h\u00e4inen huoltotarve:<\/strong> Minimoimaan huollon tarpeet suunnitellut FMP-hydraulisylinterit vaativat vain v\u00e4h\u00e4n huoltoa ja takaavat samalla luotettavan suorituskyvyn.<\/li>\n<li><strong>Mukautettava muotoilu:<\/strong> FMP tarjoaa laajan valikoiman hydraulisylintereit\u00e4, jotka on r\u00e4\u00e4t\u00e4l\u00f6ity vastaamaan kunkin aalto- ja vuorovesivoiman tuotantoprojektin erityisvaatimuksia.<\/li>\n<\/ul>\n<p>FMP-hydraulisylintereit\u00e4 on k\u00e4ytetty menestyksekk\u00e4\u00e4sti useissa projekteissa maailmanlaajuisesti, mukaan lukien Oysterin aaltovoimalaitos Orkneyssa, Skotlannissa, ja Penghun vuorovesilaguuni Taiwanissa.<\/p>\n<h4>Huomioitavaa FMP-hydraulisylinterien valinnassa:<\/h4>\n<ol>\n<li><strong>S\u00e4hk\u00f6ntuotantolaitteen tyyppi:<\/strong> Hydraulisylintereidesi erityisvaatimukset riippuvat k\u00e4ytetyst\u00e4 laitteesta. Esimerkiksi aaltoenergiamuuntimet (WEC) saattavat tarvita sylintereit\u00e4, joilla on suuri tehotiheys ja pidempi iskunpituus, kun taas vuorovesitulvat vaativat sylintereit\u00e4, joilla on suurempi voimakapasiteetti.<\/li>\n<li><strong>K\u00e4ytt\u00f6ymp\u00e4rist\u00f6:<\/strong> Ota huomioon tekij\u00e4t, kuten veden syvyys, suolapitoisuus ja l\u00e4mp\u00f6tila, sill\u00e4 ne voivat vaikuttaa hydraulisylintereiden suorituskykyyn ja pitk\u00e4ik\u00e4isyyteen.<\/li>\n<li><strong>Budjetti:<\/strong> FMP tarjoaa laajan valikoiman hydraulisylintereit\u00e4 eri hintaluokissa. On t\u00e4rke\u00e4\u00e4 l\u00f6yt\u00e4\u00e4 tasapaino budjettisi ja tarvitsemasi laadun ja suorituskyvyn v\u00e4lill\u00e4.<\/li>\n<\/ol>\n<p>Jos tarvitset apua oikeiden FMP-hydraulisylinterien valinnassa aalto- tai vuorovesivoiman tuotantoprojektiisi, ota rohkeasti yhteytt\u00e4 suoraan FMP:hen. Heid\u00e4n kokeneet insin\u00f6\u00f6rins\u00e4 ovat valmiita auttamaan sinua l\u00f6yt\u00e4m\u00e4\u00e4n parhaat ratkaisut, jotka on r\u00e4\u00e4t\u00e4l\u00f6ity erityistarpeisiisi.<\/p>\n<p><img loading=\"lazy\" decoding=\"async\" class=\"alignnone size-full wp-image-818\" src=\"https:\/\/fmp-components.com\/wp-content\/uploads\/2024\/12\/Wave-Tide-Power-Generation-Equipment-Hydraulic-Cylinder-Advantages.webp\" alt=\"Aalto-Vuorovesivoiman tuotantolaitteet-Hydraulisylinteri-Edut\" width=\"1000\" height=\"501\" title=\"\" srcset=\"https:\/\/fmp-components.com\/wp-content\/uploads\/2024\/12\/Wave-Tide-Power-Generation-Equipment-Hydraulic-Cylinder-Advantages.webp 1000w, https:\/\/fmp-components.com\/wp-content\/uploads\/2024\/12\/Wave-Tide-Power-Generation-Equipment-Hydraulic-Cylinder-Advantages-980x491.webp 980w, https:\/\/fmp-components.com\/wp-content\/uploads\/2024\/12\/Wave-Tide-Power-Generation-Equipment-Hydraulic-Cylinder-Advantages-480x240.webp 480w\" sizes=\"(min-width: 0px) and (max-width: 480px) 480px, (min-width: 481px) and (max-width: 980px) 980px, (min-width: 981px) 1000px, 100vw\" \/><\/p>\n<h3>Tietoja FMP:st\u00e4<\/h3>\n<p>FMP on hydraulisten sylinterien tuotantoon erikoistunut konepajayritys. Perustamisestaan \u200b\u200bl\u00e4htien yritys on keskittynyt hydraulisen teknologian tutkimukseen ja valmistukseen ja siirtynyt menestyksekk\u00e4\u00e4sti monipuolisesta tuotevalikoimasta, joka sis\u00e4lsi sadonkorjuu- ja rakennuskoneita, maataloustraktorien osiin erikoistumiseen. Yli kymmenen vuoden kokemuksella valmistuksesta ja johtamisesta FMP varmistaa korkealaatuiset tuotteet edistyneiden tuotantotekniikoiden avulla.<\/p>\n<p>Yrityksen kehittyess\u00e4 se on kehitt\u00e4nyt kattavan koneistuslinjan, kokoonpanolinjan ja pinnoituslinjan. Tiimimme koostuu ammattitaitoisesta johtohenkil\u00f6st\u00f6st\u00e4, kokeneista mekaanisista suunnittelijoista ja korkeasti koulutetuista teknikoista, jotka ty\u00f6skentelev\u00e4t yhdess\u00e4 yll\u00e4pit\u00e4\u00e4kseen vakaata tuotannon laatua ja samalla tehokkaasti hallitakseen prosessin jatkuvuutta ja tehokkuutta.<\/p>\n<p>FMP noudattaa filosofiaa, jonka mukaan \u201dteknologinen innovaatio edist\u00e4\u00e4 kehityst\u00e4, laatu luo br\u00e4ndej\u00e4, k\u00e4sity\u00f6taito varmistaa laadun ja rakentaa pitk\u00e4aikaisia, kaikkia hy\u00f6dytt\u00e4vi\u00e4 suhteita\u201d. Sitoutumisemme korkealaatuisten tuotteiden ja erinomaisen asiakaspalvelun tarjoamiseen on edelleen keskeinen tavoitteemme, kun jatkamme markkinoiden kehittyvien tarpeiden t\u00e4ytt\u00e4mist\u00e4.<\/p>\n<p><img loading=\"lazy\" decoding=\"async\" class=\"alignnone size-full wp-image-426\" src=\"https:\/\/fmp-components.com\/wp-content\/uploads\/2024\/12\/Sanitation-Machinery-Locking-Hydraulic-Cylinder-factory.webp\" sizes=\"(min-width: 0px) and (max-width: 480px) 480px, (min-width: 481px) and (max-width: 980px) 980px, (min-width: 981px) and (max-width: 1280px) 1280px, (min-width: 1281px) 1414px, 100vw\" srcset=\"https:\/\/fmp-components.com\/wp-content\/uploads\/2024\/12\/Sanitation-Machinery-Locking-Hydraulic-Cylinder-factory.webp 1414w, https:\/\/fmp-components.com\/wp-content\/uploads\/2024\/12\/Sanitation-Machinery-Locking-Hydraulic-Cylinder-factory-1280x529.webp 1280w, https:\/\/fmp-components.com\/wp-content\/uploads\/2024\/12\/Sanitation-Machinery-Locking-Hydraulic-Cylinder-factory-980x405.webp 980w, https:\/\/fmp-components.com\/wp-content\/uploads\/2024\/12\/Sanitation-Machinery-Locking-Hydraulic-Cylinder-factory-480x198.webp 480w\" alt=\"Sanitaatio-Koneet-Lukitus-Hydraulinen-Sylinteri-tehdas\" width=\"1414\" height=\"584\" title=\"\"><\/p>\n<p>Tekij\u00e4: CX<\/p>","protected":false},"excerpt":{"rendered":"<p>Aalto-\/vuorovesivoiman tuotantolaitteiston hydraulisylinteri on t\u00e4rke\u00e4 hydraulinen komponentti, joka on suunniteltu hy\u00f6dynt\u00e4m\u00e4\u00e4n valtameren aaltojen ja vuorovesiliikkeiden energiaa. T\u00e4ll\u00e4 sylinterill\u00e4 on ratkaiseva rooli veden kineettisen energian muuntamisessa mekaaniseksi voimaksi, mik\u00e4 helpottaa erilaisten energiantuotantomekanismien toimintaa. Se on valmistettu eritt\u00e4in lujista ja korroosionkest\u00e4vist\u00e4 materiaaleista, ja se on suunniteltu kest\u00e4m\u00e4\u00e4n ankaria meriymp\u00e4rist\u00f6j\u00e4, mukaan lukien altistuminen suolavedelle ja \u00e4\u00e4rimm\u00e4iset s\u00e4\u00e4olosuhteet. Hydraulij\u00e4rjestelm\u00e4 mahdollistaa sujuvat ja tehokkaat liikkeet, maksimoiden energian talteenoton ja varmistaen samalla laitteiden luotettavuuden ja kest\u00e4vyyden. T\u00e4m\u00e4 hydraulisylinteri on v\u00e4ltt\u00e4m\u00e4t\u00f6n aalto- ja vuorovesivoimaj\u00e4rjestelmien suorituskyvyn optimoimiseksi, mik\u00e4 edist\u00e4\u00e4 merkitt\u00e4v\u00e4sti kest\u00e4vi\u00e4 ja uusiutuvia energiaratkaisuja.<\/p>","protected":false},"featured_media":817,"comment_status":"open","ping_status":"closed","template":"","meta":{"_et_pb_use_builder":"","_et_pb_old_content":"","_et_gb_content_width":""},"product_brand":[],"product_cat":[29],"product_tag":[],"class_list":{"0":"post-816","1":"product","2":"type-product","3":"status-publish","4":"has-post-thumbnail","6":"product_cat-energy-technology-hydraulic-cylinders","8":"first","9":"instock","10":"shipping-taxable","11":"product-type-simple"},"_links":{"self":[{"href":"https:\/\/fmp-components.com\/fi\/wp-json\/wp\/v2\/product\/816","targetHints":{"allow":["GET"]}}],"collection":[{"href":"https:\/\/fmp-components.com\/fi\/wp-json\/wp\/v2\/product"}],"about":[{"href":"https:\/\/fmp-components.com\/fi\/wp-json\/wp\/v2\/types\/product"}],"replies":[{"embeddable":true,"href":"https:\/\/fmp-components.com\/fi\/wp-json\/wp\/v2\/comments?post=816"}],"wp:featuredmedia":[{"embeddable":true,"href":"https:\/\/fmp-components.com\/fi\/wp-json\/wp\/v2\/media\/817"}],"wp:attachment":[{"href":"https:\/\/fmp-components.com\/fi\/wp-json\/wp\/v2\/media?parent=816"}],"wp:term":[{"taxonomy":"product_brand","embeddable":true,"href":"https:\/\/fmp-components.com\/fi\/wp-json\/wp\/v2\/product_brand?post=816"},{"taxonomy":"product_cat","embeddable":true,"href":"https:\/\/fmp-components.com\/fi\/wp-json\/wp\/v2\/product_cat?post=816"},{"taxonomy":"product_tag","embeddable":true,"href":"https:\/\/fmp-components.com\/fi\/wp-json\/wp\/v2\/product_tag?post=816"}],"curies":[{"name":"wp","href":"https:\/\/api.w.org\/{rel}","templated":true}]}}