{"id":809,"date":"2024-12-18T07:45:43","date_gmt":"2024-12-18T07:45:43","guid":{"rendered":"https:\/\/fmp-components.com\/?page_id=8"},"modified":"2024-12-18T07:51:27","modified_gmt":"2024-12-18T07:51:27","slug":"desalination-equipment-hydraulic-cylinders","status":"publish","type":"product","link":"https:\/\/fmp-components.com\/fi\/product\/desalination-equipment-hydraulic-cylinders\/","title":{"rendered":"Suolanpoistolaitteiden hydraulisylinterit"},"content":{"rendered":"<p style=\"text-align: center;\"><span style=\"font-size: 18pt;\">Suolanpoistolaitteiden hydraulisylinterit<\/span><\/p>\n<p>Suolanpoistolaitteiden hydraulisylinterit ovat olennaisia \u200b\u200bhydraulisia komponentteja, jotka on erityisesti suunniteltu k\u00e4ytett\u00e4v\u00e4ksi suolanpoistolaitoksissa. N\u00e4ill\u00e4 sylintereill\u00e4 on ratkaiseva rooli vedenk\u00e4sittelyprosessiin osallistuvien eri koneiden, kuten pumppujen, venttiilien ja suodatusj\u00e4rjestelmien, liikkeen ja toiminnan helpottamisessa.<\/p>\n<h4>T\u00e4rkeimm\u00e4t ominaisuudet:<\/h4>\n<ul>\n<li><strong>Korkean lujuuden omaava rakenne:<\/strong> Kest\u00e4vist\u00e4 ja korroosionkest\u00e4vist\u00e4 materiaaleista valmistetut hydraulisylinterit on suunniteltu kest\u00e4m\u00e4\u00e4n suolanpoistotoimille tyypillisi\u00e4 ankaria ymp\u00e4rist\u00f6j\u00e4, kuten altistumista suolavedelle ja korkeille paineille.<\/li>\n<li><strong>Luotettava suorituskyky:<\/strong> N\u00e4m\u00e4 tehokkaaksi suunnitellut sylinterit tarjoavat tasaisen ja tehokkaan hydraulisen voiman, mik\u00e4 varmistaa suolanpoistolaitteiden tehokkaan toiminnan ja edist\u00e4\u00e4 vedenk\u00e4sittelyprosessin yleist\u00e4 luotettavuutta.<\/li>\n<li><strong>Tarkka ohjaus:<\/strong> Hydraulinen rakenne mahdollistaa sujuvat ja tarkat s\u00e4\u00e4d\u00f6t, mik\u00e4 parantaa venttiilien ja pumppujen toiminnan tehokkuutta, mik\u00e4 on ratkaisevan t\u00e4rke\u00e4\u00e4 veden virtauksen ja k\u00e4sittelyprosessien optimoimiseksi.<\/li>\n<li><strong>Monipuolinen sovellus:<\/strong> N\u00e4m\u00e4 hydraulisylinterit soveltuvat erilaisiin suolanpoistotekniikoihin, kuten k\u00e4\u00e4nteisosmoosiin ja monivaiheiseen flash-tislaukseen, ja ne mukautuvat erilaisiin k\u00e4ytt\u00f6tarpeisiin, mik\u00e4 tekee niist\u00e4 monipuolisia erilaisiin sovelluksiin.<\/li>\n<li><strong>V\u00e4h\u00e4iset huoltovaatimukset:<\/strong> N\u00e4m\u00e4 sylinterit on suunniteltu minimoimaan kulumisen, mik\u00e4 v\u00e4hent\u00e4\u00e4 tihe\u00e4n huollon tarvetta ja alentaa k\u00e4ytt\u00f6kustannuksia sek\u00e4 lis\u00e4\u00e4 tuottavuutta suolanpoistolaitoksissa.<\/li>\n<\/ul>\n<p>Yhteenvetona voidaan todeta, ett\u00e4 suolanpoistolaitteiden hydraulisylinterit ovat elint\u00e4rkeit\u00e4 komponentteja, jotka optimoivat suolanpoistolaitosten suorituskyvyn ja tehokkuuden, parantaen merkitt\u00e4v\u00e4sti niiden tehokkuutta makean veden toimittamisessa merivedest\u00e4 ja varmistaen kest\u00e4v\u00e4n vesivarojen hallinnan.<\/p>\n<h2>Suolanpoistolaitteiden hydraulisylinteri<\/h2>\n<table style=\"width: 98.4268%; height: 316px;\" border=\"1\" cellspacing=\"0\" cellpadding=\"0\">\n<tbody>\n<tr>\n<td>Tuotteen nimi<\/td>\n<td>Hydrauliset sylinterit suolanpoistolaitteisiin<\/td>\n<\/tr>\n<tr>\n<td>Ominaisuudet:<\/td>\n<td>Ota ja purista merivesi ja toimita se suodatuslaitteeseen.<\/td>\n<\/tr>\n<tr>\n<td>Rei\u00e4n halkaisija:<\/td>\n<td>Jopa 300 mm<\/td>\n<\/tr>\n<tr>\n<td>Tangon halkaisija:<\/td>\n<td>Jopa 185 mm<br \/>\nIskunpituus jopa 1000 mm<\/td>\n<\/tr>\n<tr>\n<td>K\u00e4ytt\u00f6l\u00e4mp\u00f6tila:<\/td>\n<td>-20\u201330 \u2103<\/td>\n<\/tr>\n<tr>\n<td>Ty\u00f6nopeus:<\/td>\n<td>jopa 110 mm\/s<\/td>\n<\/tr>\n<tr>\n<td>Ty\u00f6taajuus:<\/td>\n<td>24 tuntia<\/td>\n<\/tr>\n<tr>\n<td>Sis\u00e4inen ja ulkoinen vuoto:<\/td>\n<td>&lt; 5 ml\/min<\/td>\n<\/tr>\n<tr>\n<td>Paine:<\/td>\n<td>jopa 11 MPa<br \/>\naloituspaine &lt;0,1 MPa<\/td>\n<\/tr>\n<tr>\n<td>Sovellukset:<\/td>\n<td>Suolanpoistolaitteet<\/td>\n<\/tr>\n<\/tbody>\n<\/table>\n<h2>Suolanpoistolaitteiden hydraulisylinterin suunnitteluominaisuudet<\/h2>\n<ul>\n<li><strong>Korroosionkest\u00e4vyys:<\/strong> Valmistettu duplex-ruostumattomasta ter\u00e4ksest\u00e4 ilman hitsauksia, t\u00e4m\u00e4 rakenne kest\u00e4\u00e4 tehokkaasti meriveden korroosiota varmistaen pitk\u00e4n k\u00e4ytt\u00f6i\u00e4n ja luotettavuuden.<\/li>\n<li><strong>Parannettu kest\u00e4vyys:<\/strong> Hydraulisylinterin runko ja m\u00e4nn\u00e4nvarsi on p\u00e4\u00e4llystetty keraamisella maalilla, mik\u00e4 parantaa pinnan kulutuskest\u00e4vyytt\u00e4 ja yleist\u00e4 kest\u00e4vyytt\u00e4.<\/li>\n<li><strong>R\u00e4\u00e4t\u00e4l\u00f6ity tiivistys:<\/strong> Mikrobien ja hienon hiekan tehokkaaseen poistamiseen merivedest\u00e4 k\u00e4ytet\u00e4\u00e4n erityisi\u00e4 tiivistyskokoonpanoja ja -materiaaleja, mik\u00e4 maksimoi tiivisteiden luotettavuuden ja k\u00e4ytt\u00f6i\u00e4n.<\/li>\n<li><strong>Optimoitu venttiilien suunnittelu:<\/strong> Hydraulisylinteriss\u00e4 on erityisesti suunniteltu meriveden tulo- ja poistoventtiili, joka varmistaa meriveden tehokkaan kuljetuksen.<\/li>\n<li><strong>Puhdas kokoonpanoprosessi:<\/strong> Ainutlaatuinen kokoonpano- ja rasvanpoistomenetelm\u00e4 varmistaa, ett\u00e4 hydraulisylinteri on \u00f6ljytahraton, mik\u00e4 yll\u00e4pit\u00e4\u00e4 optimaalista suorituskyky\u00e4 ja puhtautta.<\/li>\n<\/ul>\n<p><img loading=\"lazy\" decoding=\"async\" class=\"wp-image-813 aligncenter\" src=\"https:\/\/fmp-components.com\/wp-content\/uploads\/2024\/12\/Hydraulic-Cylinders-in-Desalination-Equipment-Benefits.webp\" alt=\"Hydraulisylinterien-suolanpoistolaitteiden-edut\" width=\"814\" height=\"407\" title=\"\"><\/p>\n<h2>Hydraulisylinterien edut suolanpoistolaitteissa<\/h2>\n<p>Hydraulisylinterit tarjoavat lukuisia etuja suolanpoistolaitteille, mukaan lukien:<\/p>\n<ol>\n<li><strong>Korkea teho-painosuhde:<\/strong> N\u00e4m\u00e4 sylinterit tarjoavat huomattavaa voimaa pysyen samalla suhteellisen kevyin\u00e4, mik\u00e4 on ratkaisevan t\u00e4rke\u00e4\u00e4 suolanpoistoj\u00e4rjestelmiss\u00e4, joiden on kuljetettava raskaita komponentteja, kuten k\u00e4\u00e4nteisosmoosikalvoja ja suolaliuoksen ker\u00e4\u00e4ji\u00e4.<\/li>\n<li><strong>Portaaton nopeuden s\u00e4\u00e4t\u00f6:<\/strong> Hydraulisylintereit\u00e4 voidaan s\u00e4\u00e4t\u00e4\u00e4 liikkumaan eri nopeuksilla, mik\u00e4 mahdollistaa suolanpoistoprosessien tarkan hallinnan, kuten suolaliuoksen hylkimisnopeuden ja kalvonpuhdistuksen nopeuden.<\/li>\n<li><strong>Paikannustarkkuus:<\/strong> Ne mahdollistavat laitteiston osien tarkan sijoittelun, mik\u00e4 varmistaa optimaalisen toiminnan ja tehokkuuden suolanpoistoprosesseissa.<\/li>\n<li><strong>Tehokas energiank\u00e4ytt\u00f6:<\/strong> Hydraulij\u00e4rjestelm\u00e4t tunnetaan energiatehokkuudestaan, mik\u00e4 on olennaista jatkuvasti toimiville suolanpoistolaitoksille.<\/li>\n<li><strong>Kest\u00e4vyys ja luotettavuus:<\/strong> Hydraulisylinterit on rakennettu kest\u00e4viksi ja luotettaviksi, ja ne kest\u00e4v\u00e4t suolanpoistolaitoksille tyypillisi\u00e4 ankaria olosuhteita, kuten korkeita l\u00e4mp\u00f6tiloja ja altistumista sy\u00f6vytt\u00e4ville kemikaaleille.<\/li>\n<\/ol>\n<p><img loading=\"lazy\" decoding=\"async\" class=\"alignnone  wp-image-814\" src=\"https:\/\/fmp-components.com\/wp-content\/uploads\/2024\/12\/Desalination-Equipment-Hydraulic-Cylinder.webp\" alt=\"Suolanpoistolaitteet-hydraulinen-sylinteri\" width=\"900\" height=\"451\" title=\"\"><\/p>\n<h3>Tietoja FMP:st\u00e4<\/h3>\n<p>FMP on hydraulisten sylinterien tuotantoon erikoistunut konepajayritys. Perustamisestaan \u200b\u200bl\u00e4htien yritys on keskittynyt hydraulisen teknologian tutkimukseen ja valmistukseen ja siirtynyt menestyksekk\u00e4\u00e4sti monipuolisesta tuotevalikoimasta, joka sis\u00e4lsi sadonkorjuu- ja rakennuskoneita, maataloustraktorien osiin erikoistumiseen. Yli kymmenen vuoden kokemuksella valmistuksesta ja johtamisesta FMP varmistaa korkealaatuiset tuotteet edistyneiden tuotantotekniikoiden avulla.<\/p>\n<p>Yrityksen kehittyess\u00e4 se on kehitt\u00e4nyt kattavan koneistuslinjan, kokoonpanolinjan ja pinnoituslinjan. Tiimimme koostuu ammattitaitoisesta johtohenkil\u00f6st\u00f6st\u00e4, kokeneista mekaanisista suunnittelijoista ja korkeasti koulutetuista teknikoista, jotka ty\u00f6skentelev\u00e4t yhdess\u00e4 yll\u00e4pit\u00e4\u00e4kseen vakaata tuotannon laatua ja samalla tehokkaasti hallitakseen prosessin jatkuvuutta ja tehokkuutta.<\/p>\n<p>FMP noudattaa filosofiaa, jonka mukaan \u201dteknologinen innovaatio edist\u00e4\u00e4 kehityst\u00e4, laatu luo br\u00e4ndej\u00e4, k\u00e4sity\u00f6taito varmistaa laadun ja rakentaa pitk\u00e4aikaisia, kaikkia hy\u00f6dytt\u00e4vi\u00e4 suhteita\u201d. Sitoutumisemme korkealaatuisten tuotteiden ja erinomaisen asiakaspalvelun tarjoamiseen on edelleen keskeinen tavoitteemme, kun jatkamme markkinoiden kehittyvien tarpeiden t\u00e4ytt\u00e4mist\u00e4.<\/p>\n<p><img loading=\"lazy\" decoding=\"async\" class=\"alignnone size-full wp-image-426\" src=\"https:\/\/fmp-components.com\/wp-content\/uploads\/2024\/12\/Sanitation-Machinery-Locking-Hydraulic-Cylinder-factory.webp\" sizes=\"(min-width: 0px) and (max-width: 480px) 480px, (min-width: 481px) and (max-width: 980px) 980px, (min-width: 981px) and (max-width: 1280px) 1280px, (min-width: 1281px) 1414px, 100vw\" srcset=\"https:\/\/fmp-components.com\/wp-content\/uploads\/2024\/12\/Sanitation-Machinery-Locking-Hydraulic-Cylinder-factory.webp 1414w, https:\/\/fmp-components.com\/wp-content\/uploads\/2024\/12\/Sanitation-Machinery-Locking-Hydraulic-Cylinder-factory-1280x529.webp 1280w, https:\/\/fmp-components.com\/wp-content\/uploads\/2024\/12\/Sanitation-Machinery-Locking-Hydraulic-Cylinder-factory-980x405.webp 980w, https:\/\/fmp-components.com\/wp-content\/uploads\/2024\/12\/Sanitation-Machinery-Locking-Hydraulic-Cylinder-factory-480x198.webp 480w\" alt=\"Sanitaatio-Koneet-Lukitus-Hydraulinen-Sylinteri-tehdas\" width=\"1414\" height=\"584\" title=\"\"><\/p>\n<p>Tekij\u00e4: CX<\/p>\n<p>&nbsp;<\/p>","protected":false},"excerpt":{"rendered":"<p>Suolanpoistolaitteiden hydraulisylinterit ovat kriittisi\u00e4 komponentteja, joita k\u00e4ytet\u00e4\u00e4n suolanpoistolaitoksissa helpottamaan vedenk\u00e4sittelyprosessiin osallistuvien erilaisten koneiden liikett\u00e4 ja toimintaa. N\u00e4m\u00e4 hydraulisylinterit tarjoavat tarvittavan voiman venttiilien, pumppujen ja muiden laitteiden ohjaamiseen varmistaen tehokkaan toiminnan meriveden muuntamisessa makeaksi vedeksi. Ne on valmistettu eritt\u00e4in lujista ja korroosionkest\u00e4vist\u00e4 materiaaleista, ja ne on suunniteltu kest\u00e4m\u00e4\u00e4n suolanpoistoymp\u00e4rist\u00f6ille tyypillisi\u00e4 ankaria olosuhteita, kuten altistumista suolavedelle ja korkeille paineille. Sujuva hydraulinen toiminta mahdollistaa tarkan ohjauksen ja s\u00e4\u00e4d\u00f6t, mik\u00e4 parantaa suolanpoistoprosessin yleist\u00e4 tehokkuutta ja luotettavuutta. N\u00e4ill\u00e4 hydraulisylintereill\u00e4 on t\u00e4rke\u00e4 rooli suolanpoistolaitteiden suorituskyvyn optimoinnissa, mik\u00e4 edist\u00e4\u00e4 merkitt\u00e4v\u00e4sti tehokasta vesivarojen hallintaa.<\/p>","protected":false},"featured_media":812,"comment_status":"open","ping_status":"closed","template":"","meta":{"_et_pb_use_builder":"","_et_pb_old_content":"","_et_gb_content_width":""},"product_brand":[],"product_cat":[29],"product_tag":[],"class_list":{"0":"post-809","1":"product","2":"type-product","3":"status-publish","4":"has-post-thumbnail","6":"product_cat-energy-technology-hydraulic-cylinders","8":"first","9":"instock","10":"shipping-taxable","11":"product-type-simple"},"_links":{"self":[{"href":"https:\/\/fmp-components.com\/fi\/wp-json\/wp\/v2\/product\/809","targetHints":{"allow":["GET"]}}],"collection":[{"href":"https:\/\/fmp-components.com\/fi\/wp-json\/wp\/v2\/product"}],"about":[{"href":"https:\/\/fmp-components.com\/fi\/wp-json\/wp\/v2\/types\/product"}],"replies":[{"embeddable":true,"href":"https:\/\/fmp-components.com\/fi\/wp-json\/wp\/v2\/comments?post=809"}],"wp:featuredmedia":[{"embeddable":true,"href":"https:\/\/fmp-components.com\/fi\/wp-json\/wp\/v2\/media\/812"}],"wp:attachment":[{"href":"https:\/\/fmp-components.com\/fi\/wp-json\/wp\/v2\/media?parent=809"}],"wp:term":[{"taxonomy":"product_brand","embeddable":true,"href":"https:\/\/fmp-components.com\/fi\/wp-json\/wp\/v2\/product_brand?post=809"},{"taxonomy":"product_cat","embeddable":true,"href":"https:\/\/fmp-components.com\/fi\/wp-json\/wp\/v2\/product_cat?post=809"},{"taxonomy":"product_tag","embeddable":true,"href":"https:\/\/fmp-components.com\/fi\/wp-json\/wp\/v2\/product_tag?post=809"}],"curies":[{"name":"wp","href":"https:\/\/api.w.org\/{rel}","templated":true}]}}