{"id":7977,"date":"2025-04-15T01:36:16","date_gmt":"2025-04-15T01:36:16","guid":{"rendered":"https:\/\/fmp-components.com\/?post_type=product&#038;p=7977"},"modified":"2025-04-15T01:50:22","modified_gmt":"2025-04-15T01:50:22","slug":"plastic-gear-set","status":"publish","type":"product","link":"https:\/\/fmp-components.com\/fi\/product\/plastic-gear-set\/","title":{"rendered":"Muovinen vaihdesarja"},"content":{"rendered":"<h2>Muoviset hammaspy\u00f6r\u00e4sarjat: Tarkkuutta ja monipuolisuutta mekaanisiin sovelluksiin<\/h2>\n<p>Muoviset hammaspy\u00f6r\u00e4sarjat ovat olennaisia \u200b\u200bkomponentteja nykyaikaisissa mekaanisissa j\u00e4rjestelmiss\u00e4, ja ne tarjoavat kevyit\u00e4, kest\u00e4vi\u00e4 ja kustannustehokkaita ratkaisuja voimansiirtoon. N\u00e4m\u00e4 sarjat sis\u00e4lt\u00e4v\u00e4t tyypillisesti erikokoisia ja -hammaslukuisia hammaspy\u00f6ri\u00e4, jotka on suunniteltu toimimaan saumattomasti yhdess\u00e4 sovelluksissa robotiikasta kulutuselektroniikkaan. Italian innovaatiovetoisissa kaupungeissa, kuten Milanossa, Venetsiassa, Firenzess\u00e4 ja Bolognassa, muovisia hammaspy\u00f6r\u00e4sarjoja k\u00e4ytet\u00e4\u00e4n laajalti niiden ruostumattoman luonteen, v\u00e4h\u00e4isen huollontarpeen ja voiteluvapaan toiminnan vuoksi. Korkealaatuisista teknisist\u00e4 muoveista valmistetut ne tarjoavat luotettavaa suorituskyky\u00e4 eri teollisuudenaloilla.<\/p>\n<div>\n<h3 dir=\"auto\">Muovisten vaihdesarjojen edut<\/h3>\n<p class=\"break-words\" dir=\"auto\">Muoviset hammaspy\u00f6r\u00e4sarjat tarjoavat useita etuja, jotka tekev\u00e4t niist\u00e4 ensisijaisen vaihtoehdon metallisiin vaihtoehtoihin verrattuna, erityisesti Italian suunnittelu- ja valmistuskeskuksissa:<\/p>\n<ul class=\"marker:text-secondary\" dir=\"auto\">\n<li class=\"break-words\"><strong>Kevyt<\/strong>Muoviset hammaspy\u00f6r\u00e4t on valmistettu materiaaleista, kuten polyasetaalista (POM), nailonista ja Duraconista, ja ne v\u00e4hent\u00e4v\u00e4t j\u00e4rjestelm\u00e4n painoa, joten ne sopivat ihanteellisesti Firenzen robotiikkalaboratorioiden tai Venetsian automaatiosektoreiden sovelluksiin.<\/li>\n<li class=\"break-words\"><strong>Korroosionkest\u00e4vyys<\/strong>Toisin kuin metalliset hammaspy\u00f6r\u00e4t, muoviset hammaspy\u00f6r\u00e4sarjat ovat ruostumattomia, mik\u00e4 varmistaa pitk\u00e4n k\u00e4ytt\u00f6i\u00e4n kosteissa ymp\u00e4rist\u00f6iss\u00e4 tai kemikaaleille altistuvissa olosuhteissa, jotka ovat yleisi\u00e4 Bolognan teollisuusalueilla.<\/li>\n<li class=\"break-words\"><strong>Hiljainen<\/strong>Muoviset hammaspy\u00f6r\u00e4t toimivat hiljaa, mink\u00e4 ansiosta ne sopivat Milanon teknologiavetoisilla markkinoilla valmistettuihin kulutuselektroniikkaan ja l\u00e4\u00e4kinn\u00e4llisiin laitteisiin.<\/li>\n<li class=\"break-words\"><strong>Kustannustehokas tuotanto<\/strong>Ruiskuvalu mahdollistaa suurten volyymien tuotannon alhaisilla kustannuksilla, mik\u00e4 tukee skaalautuvaa valmistusta italialaisille yrityksille.<\/li>\n<li class=\"break-words\"><strong>Ei voitelua tarvita<\/strong>Monet muoviset hammaspy\u00f6r\u00e4t, kuten nailonista valmistetut, voidaan yhdist\u00e4\u00e4 metallivaihteisiin ilman voitelua, mik\u00e4 v\u00e4hent\u00e4\u00e4 yll\u00e4pitokustannuksia.<\/li>\n<\/ul>\n<p class=\"break-words\" dir=\"auto\">Vaikka niiden lujuus on metallia heikompi, huolellinen materiaalivalinta ja suunnittelu lievent\u00e4v\u00e4t n\u00e4it\u00e4 rajoituksia varmistaen luotettavan suorituskyvyn tietyill\u00e4 kuormilla ja olosuhteissa.<\/p>\n<div>\n<h3 dir=\"auto\">Muovisissa vaihdesarjoissa k\u00e4ytetyt materiaalit<\/h3>\n<p class=\"break-words\" dir=\"auto\">Muovisen hammaspy\u00f6r\u00e4sarjan suorituskyky riippuu suuresti sen materiaalista. Yleisi\u00e4 vaihtoehtoja ovat:<\/p>\n<ul class=\"marker:text-secondary\" dir=\"auto\">\n<li class=\"break-words\"><strong>Polyasetaali (POM)<\/strong>Tunnettu alhaisesta kitkastaan \u200b\u200bja korkeasta kulutuskest\u00e4vyydest\u00e4\u00e4n, ihanteellinen tarkkuusvaihteisiin autoteollisuudessa ja teollisuudessa.<\/li>\n<li class=\"break-words\"><strong>Nailon (MC901)<\/strong>Tarjoaa erinomaisen vetolujuuden ja elastisuuden, t\u00e4ydellinen Bolognan koneteollisuuden raskaisiin vaihteistoihin.<\/li>\n<li class=\"break-words\"><strong>Duracon<\/strong>Kustannustehokas vaihtoehto ruiskuvaletuille vaihteille, sopii kevyen kuormituksen sovelluksiin, kuten tee-se-itse-projekteihin Firenzess\u00e4.<\/li>\n<li class=\"break-words\"><strong>PEEK ja U-PE<\/strong>K\u00e4ytet\u00e4\u00e4n tehokkaissa ymp\u00e4rist\u00f6iss\u00e4, jotka vaativat kemikaalien kest\u00e4vyytt\u00e4, usein Milanon l\u00e4\u00e4kinn\u00e4llisten laitteiden valmistuksessa.<\/li>\n<li class=\"break-words\"><strong>Vahvistetut variantit<\/strong>Ruostumattomasta ter\u00e4ksest\u00e4 tai messingist\u00e4 valmistetuilla navoilla (esim. asetaalilla ja SUS303-ytimell\u00e4) varustetut hammaspy\u00f6r\u00e4t parantavat kest\u00e4vyytt\u00e4 vaativissa ymp\u00e4rist\u00f6iss\u00e4.<\/li>\n<\/ul>\n<p class=\"break-words\" dir=\"auto\">N\u00e4iden materiaalien avulla italialaiset valmistajat voivat r\u00e4\u00e4t\u00e4l\u00f6id\u00e4 vaihdesarjoja erityistarpeisiin tasapainottaen lujuuden, painon ja ymp\u00e4rist\u00f6nkest\u00e4vyyden.<\/p>\n<p dir=\"auto\"><img loading=\"lazy\" decoding=\"async\" class=\"size-full wp-image-7983 aligncenter\" src=\"https:\/\/fmp-components.com\/wp-content\/uploads\/2025\/04\/plastic-gear-set-product.webp\" alt=\"muovinen vaihdesarjatuote\" width=\"853\" height=\"697\" title=\"\" srcset=\"https:\/\/fmp-components.com\/wp-content\/uploads\/2025\/04\/plastic-gear-set-product.webp 853w, https:\/\/fmp-components.com\/wp-content\/uploads\/2025\/04\/plastic-gear-set-product-480x392.webp 480w\" sizes=\"(min-width: 0px) and (max-width: 480px) 480px, (min-width: 481px) 853px, 100vw\" \/><\/p>\n<div>\n<h3 dir=\"auto\">Muovisten vaihdesarjojen vaihteiden tyypit<\/h3>\n<p class=\"break-words\" dir=\"auto\">Muoviset vaihdelaatikot sis\u00e4lt\u00e4v\u00e4t tyypillisesti erilaisia \u200b\u200bvaihdetyyppej\u00e4, jotka sopivat erilaisiin mekaanisiin vaatimuksiin:<\/p>\n<ul class=\"marker:text-secondary\" dir=\"auto\">\n<li class=\"break-words\"><strong>Lieripy\u00f6r\u00e4t<\/strong>Yksinkertainen ja tehokas, k\u00e4ytet\u00e4\u00e4n suoraviivaiseen tehonsiirtoon kuluttajatuotteissa.<\/li>\n<li class=\"break-words\"><strong>Kartiopy\u00f6r\u00e4t<\/strong>Helpottaa kulmaliikett\u00e4, joka on yleist\u00e4 robotiikassa ja autoteollisuudessa Venetsiassa.<\/li>\n<li class=\"break-words\"><strong>Jiirin hammaspy\u00f6r\u00e4t<\/strong>Mahdollistaa 90 asteen voimansiirron, ihanteellinen kompakteille koneille.<\/li>\n<li class=\"break-words\"><strong>Madonpy\u00f6r\u00e4t ja madot<\/strong>Tarjoaa korkeat v\u00e4lityssuhteet tarkkaa ohjausta varten, k\u00e4ytet\u00e4\u00e4n Milanon automaatiolaitteissa.<\/li>\n<li class=\"break-words\"><strong>R\u00e4kit<\/strong>Muunna py\u00f6rimisliike lineaariseksi, tukien sovelluksia, kuten CNC-koneita Bolognassa.<\/li>\n<\/ul>\n<p class=\"break-words\" dir=\"auto\">Moduulien koko vaihtelee 0,5:st\u00e4 4:\u00e4\u00e4n, ja hampaan viimeistely on leikattu tai ruiskuvalettu esimerkiksi JIS N9-N12 -luokkiin, mik\u00e4 varmistaa yhteensopivuuden erilaisten j\u00e4rjestelmien kanssa.<\/p>\n<div>\n<h3 dir=\"auto\">Sovellukset eri toimialoilla<\/h3>\n<p class=\"break-words\" dir=\"auto\">Muoviset hammaspy\u00f6r\u00e4sarjat ovat monipuolisia ja palvelevat laajaa valikoimaa teollisuudenaloja Italian vilkkaalla taloudella:<\/p>\n<ul class=\"marker:text-secondary\" dir=\"auto\">\n<li class=\"break-words\"><strong>Robotiikka<\/strong>Kevyet vaihteet mahdollistavat ketter\u00e4n liikkeen Firenzen teknologiakeskuksissa kehitetyiss\u00e4 prototyypeiss\u00e4.<\/li>\n<li class=\"break-words\"><strong>Kulutuselektroniikka<\/strong>Hiljaiset ja kest\u00e4v\u00e4t vaihteet k\u00e4ytt\u00e4v\u00e4t laitteita, kuten tulostimia ja kameroita, jotka ovat suosittuja Milanon suunnittelustudioissa.<\/li>\n<li class=\"break-words\"><strong>L\u00e4\u00e4ketieteelliset laitteet<\/strong>Bolognassa valmistettujen diagnostiikkaty\u00f6kalujen luotettavuuden takaavat ruostumattomat hammaspy\u00f6r\u00e4t.<\/li>\n<li class=\"break-words\"><strong>Autoteollisuus<\/strong>Muoviset hammaspy\u00f6r\u00e4t v\u00e4hent\u00e4v\u00e4t apuj\u00e4rjestelmien painoa ja tukevat Venetsian autoteollisuuden toimittajia.<\/li>\n<li class=\"break-words\"><strong>Tee-se-itse ja koulutus<\/strong>Edulliset varustesarjat inspiroivat innovaatioita luokkahuoneissa ja tekij\u00e4tiloissa ymp\u00e4ri Italiaa.<\/li>\n<\/ul>\n<p class=\"break-words\" dir=\"auto\">Niiden sopeutumiskyky tekee niist\u00e4 sek\u00e4 prototyyppien ett\u00e4 tuotannon kulmakiven Italian teollisuusmaisemassa.<\/p>\n<div>\n<h2 class=\"\" dir=\"auto\">Tietoja FMP:st\u00e4: Luotettava muovisten hammaspy\u00f6rien l\u00e4hde<\/h2>\n<p class=\"break-words\" dir=\"auto\">FMP:ll\u00e4 olemme ylpeit\u00e4 siit\u00e4, ett\u00e4 olemme johtava muovivaihteiden valmistaja, joka palvelee yrityksi\u00e4 Milanossa, Venetsiassa, Firenzess\u00e4 ja Bolognassa. Laaja valikoimamme sis\u00e4lt\u00e4\u00e4 lieri\u00f6-, kartio-, jiiri-, mato- ja hammaspy\u00f6r\u00e4t, jotka on valmistettu tarkasti vastaamaan eri teollisuudenalojen tarpeisiin robotiikasta autoteollisuuteen. Olemme erikoistuneet:<\/p>\n<ul class=\"marker:text-secondary\" dir=\"auto\">\n<li class=\"break-words\"><strong>Kattavat varusteratkaisut<\/strong>Tarjoaa erilaisia \u200b\u200bmuovisia vaihdetyyppej\u00e4 kaikkiin mekaanisiin sovelluksiin.<\/li>\n<li class=\"break-words\"><strong>Mukautettu valmistus<\/strong>Otamme vastaan \u200b\u200bt\u00e4ysin r\u00e4\u00e4t\u00e4l\u00f6ityj\u00e4 tilauksia ja suunnittelemme vaihteita tarkkojen eritelmiesi mukaisesti, olipa kyseess\u00e4 sitten prototyypit tai suurtuotanto.<\/li>\n<li class=\"break-words\"><strong>Nopea tuki<\/strong>Etk\u00f6 l\u00f6yd\u00e4 tarvitsemaasi vaihdemallia luettelostamme? Emme todenn\u00e4k\u00f6isesti ole viel\u00e4 ladanneet sit\u00e4 palveluun. L\u00e4het\u00e4 meille vaatimuksesi s\u00e4hk\u00f6postitse, niin insin\u00f6\u00f6rimme vastaavat 24 tunnin kuluessa r\u00e4\u00e4t\u00e4l\u00f6idyll\u00e4 ratkaisulla.<\/li>\n<\/ul>\n<p class=\"break-words\" dir=\"auto\">Italian valmistusmaan syd\u00e4mess\u00e4 sijaitseva FMP yhdist\u00e4\u00e4 huippuluokan ruiskupuristuksen sitoutumiseen laatuun varmistaen projektiesi onnistumisen. Ota yhteytt\u00e4 jo t\u00e4n\u00e4\u00e4n: <a href=\"mailto:info@fmpcomponents.it\">info@fmpcomponents.it<\/a> ja tutustu siihen, miten muoviset hammaspy\u00f6r\u00e4sarjamme voivat edist\u00e4\u00e4 innovaatioitasi.<\/p>\n<p dir=\"auto\"><img loading=\"lazy\" decoding=\"async\" class=\"wp-image-7981 aligncenter\" src=\"https:\/\/fmp-components.com\/wp-content\/uploads\/2025\/04\/plastic-gear-set-factory.webp\" alt=\"muovinen vaihdelaatikkotehdas\" width=\"901\" height=\"751\" title=\"\" srcset=\"https:\/\/fmp-components.com\/wp-content\/uploads\/2025\/04\/plastic-gear-set-factory.webp 901w, https:\/\/fmp-components.com\/wp-content\/uploads\/2025\/04\/plastic-gear-set-factory-480x400.webp 480w\" sizes=\"(min-width: 0px) and (max-width: 480px) 480px, (min-width: 481px) 901px, 100vw\" \/><\/p>\n<\/div>\n<\/div>\n<\/div>\n<\/div>\n<\/div>","protected":false},"excerpt":{"rendered":"<p>Plastic Gear Sets: Precision and Versatility for Mechanical Applications Plastic gear sets are essential components in modern mechanical systems, offering lightweight, durable, and cost-effective solutions for power transmission. These sets typically include gears of varying sizes and tooth counts, designed to work seamlessly together in applications ranging from robotics to consumer electronics. In Italy\u2019s innovation-driven [&hellip;]<\/p>","protected":false},"featured_media":7960,"comment_status":"open","ping_status":"closed","template":"","meta":{"_et_pb_use_builder":"","_et_pb_old_content":"","_et_gb_content_width":""},"product_brand":[],"product_cat":[117],"product_tag":[],"class_list":{"0":"post-7977","1":"product","2":"type-product","3":"status-publish","4":"has-post-thumbnail","6":"product_cat-plastic-gears","8":"first","9":"instock","10":"shipping-taxable","11":"product-type-simple"},"_links":{"self":[{"href":"https:\/\/fmp-components.com\/fi\/wp-json\/wp\/v2\/product\/7977","targetHints":{"allow":["GET"]}}],"collection":[{"href":"https:\/\/fmp-components.com\/fi\/wp-json\/wp\/v2\/product"}],"about":[{"href":"https:\/\/fmp-components.com\/fi\/wp-json\/wp\/v2\/types\/product"}],"replies":[{"embeddable":true,"href":"https:\/\/fmp-components.com\/fi\/wp-json\/wp\/v2\/comments?post=7977"}],"wp:featuredmedia":[{"embeddable":true,"href":"https:\/\/fmp-components.com\/fi\/wp-json\/wp\/v2\/media\/7960"}],"wp:attachment":[{"href":"https:\/\/fmp-components.com\/fi\/wp-json\/wp\/v2\/media?parent=7977"}],"wp:term":[{"taxonomy":"product_brand","embeddable":true,"href":"https:\/\/fmp-components.com\/fi\/wp-json\/wp\/v2\/product_brand?post=7977"},{"taxonomy":"product_cat","embeddable":true,"href":"https:\/\/fmp-components.com\/fi\/wp-json\/wp\/v2\/product_cat?post=7977"},{"taxonomy":"product_tag","embeddable":true,"href":"https:\/\/fmp-components.com\/fi\/wp-json\/wp\/v2\/product_tag?post=7977"}],"curies":[{"name":"wp","href":"https:\/\/api.w.org\/{rel}","templated":true}]}}