{"id":7972,"date":"2025-04-15T01:12:03","date_gmt":"2025-04-15T01:12:03","guid":{"rendered":"https:\/\/fmp-components.com\/?post_type=product&#038;p=7972"},"modified":"2025-04-15T01:46:57","modified_gmt":"2025-04-15T01:46:57","slug":"injection-plastic-parts-customization","status":"publish","type":"product","link":"https:\/\/fmp-components.com\/fi\/product\/injection-plastic-parts-customization\/","title":{"rendered":"Ruiskutusmuovien osien r\u00e4\u00e4t\u00e4l\u00f6inti"},"content":{"rendered":"<h2>Ruiskuvalulla valmistetut muoviosat: Tarkkuusvalmistus monipuolisiin sovelluksiin<\/h2>\n<p>Ruiskuvalulla valmistetut muoviosat ovat olennainen osa nykyaikaista valmistusta, ja ne tarjoavat vertaansa vailla olevaa tarkkuutta, skaalautuvuutta ja monipuolisuutta. Muovin ruiskuvalu on prosessi, jossa sulaa muovihartsia ruiskutetaan metallimuotin onteloon, j\u00e4\u00e4hdytet\u00e4\u00e4n ja j\u00e4hmetet\u00e4\u00e4n korkealaatuisten komponenttien muodostamiseksi. T\u00e4t\u00e4 menetelm\u00e4\u00e4 k\u00e4ytet\u00e4\u00e4n laajalti eri toimialoilla, kuten autoteollisuudessa, l\u00e4\u00e4kinn\u00e4llisten laitteiden ja kulutuselektroniikan alalla, koska se mahdollistaa monimutkaisten geometrioiden tuottamisen minimaalisella j\u00e4tteell\u00e4. Milanon, Venetsian, Firenzen ja Bolognan kaltaisissa kaupungeissa, joissa innovaatio ja k\u00e4sity\u00f6taito kukoistavat, ruiskuvalu tukee paikallisia toimialoja tarjoamalla r\u00e4\u00e4t\u00e4l\u00f6ityj\u00e4 ratkaisuja, jotka on r\u00e4\u00e4t\u00e4l\u00f6ity erityistarpeisiin.<\/p>\n<p><img loading=\"lazy\" decoding=\"async\" class=\"size-full wp-image-7973 aligncenter\" src=\"https:\/\/fmp-components.com\/wp-content\/uploads\/2025\/04\/injection-module-parts.webp\" alt=\"ruiskutusmoduulin osat\" width=\"1059\" height=\"428\" title=\"\" srcset=\"https:\/\/fmp-components.com\/wp-content\/uploads\/2025\/04\/injection-module-parts.webp 1059w, https:\/\/fmp-components.com\/wp-content\/uploads\/2025\/04\/injection-module-parts-980x396.webp 980w, https:\/\/fmp-components.com\/wp-content\/uploads\/2025\/04\/injection-module-parts-480x194.webp 480w\" sizes=\"(min-width: 0px) and (max-width: 480px) 480px, (min-width: 481px) and (max-width: 980px) 980px, (min-width: 981px) 1059px, 100vw\" \/><\/p>\n<h3>Miksi valita ruiskuvalu?<\/h3>\n<p>Ruiskuvalu erottuu edukseen kyvyll\u00e4\u00e4n tuottaa muoviosia mittakaavassa tasaisella laadulla. Prosessissa sulaa muovia ruiskutetaan tarkasti valmistettuun muottiin, joka sitten j\u00e4\u00e4hdytet\u00e4\u00e4n kiinte\u00e4n osan luomiseksi. T\u00e4m\u00e4 menetelm\u00e4 varmistaa alhaiset yksikk\u00f6kustannukset, mik\u00e4 tekee siit\u00e4 ihanteellisen suuren volyymin tuotantoon Italian teollisuuskeskuksissa, kuten Milanossa ja Bolognassa. Keskeisi\u00e4 etuja ovat:<\/p>\n<div>\n<ul class=\"marker:text-secondary\" dir=\"auto\">\n<li class=\"break-words\"><strong>Kustannustehokkuus<\/strong>Kun muotti on luotu, osakohtainen hinta laskee merkitt\u00e4v\u00e4sti, erityisesti suurilla m\u00e4\u00e4rill\u00e4.<\/li>\n<li class=\"break-words\"><strong>Korkea tarkkuus<\/strong>Jopa +\/- 0,003 tuuman (0,08 mm) toleranssit varmistavat, ett\u00e4 osat t\u00e4ytt\u00e4v\u00e4t tarkat vaatimukset.<\/li>\n<li class=\"break-words\"><strong>Materiaalien monipuolisuus<\/strong>Yli 200 termoplastista hartsia, mukaan lukien HDPE, ABS ja polykarbonaatti, soveltuvat erilaisiin k\u00e4ytt\u00f6tarkoituksiin.<\/li>\n<li class=\"break-words\"><strong>Skaalautuvuus<\/strong>T\u00e4ydellinen pienten m\u00e4\u00e4rien prototyyppien valmistukseen Firenzen suunnittelustudioissa tai suurten m\u00e4\u00e4rien tuotantoon Venetsian tuotantolaitoksissa.<\/li>\n<\/ul>\n<p class=\"break-words\" dir=\"auto\">Yleisi\u00e4 sovelluksia ovat autoteollisuuden komponentit, l\u00e4\u00e4kinn\u00e4llisten laitteiden kotelot ja kuluttajatuotteiden kotelot, jotka kaikki hy\u00f6tyv\u00e4t prosessin joustavuudesta ja kest\u00e4vyydest\u00e4.<\/p>\n<p dir=\"auto\"><img loading=\"lazy\" decoding=\"async\" class=\"wp-image-7976 aligncenter\" src=\"https:\/\/fmp-components.com\/wp-content\/uploads\/2025\/04\/Auto-Industrial-Spare-Parts-Molding-Nylon-Injection-Plastic-Spur-Pinion-Gears.webp\" alt=\"Autoteollisuuden varaosat muovaus nailonruiskutuksella varustetut muoviset hammaspy\u00f6r\u00e4t\" width=\"931\" height=\"931\" title=\"\" srcset=\"https:\/\/fmp-components.com\/wp-content\/uploads\/2025\/04\/Auto-Industrial-Spare-Parts-Molding-Nylon-Injection-Plastic-Spur-Pinion-Gears.webp 931w, https:\/\/fmp-components.com\/wp-content\/uploads\/2025\/04\/Auto-Industrial-Spare-Parts-Molding-Nylon-Injection-Plastic-Spur-Pinion-Gears-480x480.webp 480w\" sizes=\"(min-width: 0px) and (max-width: 480px) 480px, (min-width: 481px) 931px, 100vw\" \/><\/p>\n<div>\n<h3 dir=\"auto\">Ruiskuvalun ominaisuudet<\/h3>\n<p class=\"break-words\" dir=\"auto\">Ruiskuvalu soveltuu monenlaisille osille ja niiden monimutkaisuuksille. Tyypillisi\u00e4 ominaisuuksia ovat:<\/p>\n<ul class=\"marker:text-secondary\" dir=\"auto\">\n<li class=\"break-words\"><strong>Kokorajoitukset<\/strong>Jopa 480 mm x 751 mm x 203 mm (18,9 tuumaa x 29,6 tuumaa x 8 tuumaa).<\/li>\n<li class=\"break-words\"><strong>\u00c4\u00e4nenvoimakkuus<\/strong>Sopii osille, joiden koko on enint\u00e4\u00e4n 59 kuutiotuumaa (966 837 kuutiomillimetri\u00e4).<\/li>\n<li class=\"break-words\"><strong>Toleranssit<\/strong>Vakioty\u00f6st\u00f6toleranssit +\/- 0,003 tuumaa (0,08 mm), hartsitoleranssien ollessa jopa +\/- 0,002 tuumaa\/tuumaa.<\/li>\n<li class=\"break-words\"><strong>Muottityypit<\/strong>Alumiini- ja ter\u00e4smuotit, mukaan lukien yksi-, monipes\u00e4- ja perhemuotit, tukevat nopeaa prototyyppien valmistusta ja tuotantoa.<\/li>\n<\/ul>\n<p class=\"break-words\" dir=\"auto\">N\u00e4m\u00e4 ominaisuudet tekev\u00e4t ruiskuvalumenetelm\u00e4st\u00e4 ihanteellisen monimutkaisten osien, kuten hammaspy\u00f6rien, koteloiden ja toiminnallisten prototyyppien, valmistukseen, erityisesti Italian muotoilukeskeisten kaupunkien yrityksille.<\/p>\n<\/div>\n<div>\n<h3 dir=\"auto\">Mukautettujen muoviosien materiaalit<\/h3>\n<p class=\"break-words\" dir=\"auto\">Materiaalin valinta on ratkaisevan t\u00e4rke\u00e4\u00e4 osan suorituskyvyn kannalta. Ruiskuvalu tukee laajaa valikoimaa kestomuoveja, joista jokaisella on ainutlaatuiset ominaisuudet:<\/p>\n<ul class=\"marker:text-secondary\" dir=\"auto\">\n<li class=\"break-words\"><strong>HDPE<\/strong>Korkea lujuus-painosuhde, ihanteellinen kest\u00e4viin s\u00e4ili\u00f6ihin ja putkistoihin.<\/li>\n<li class=\"break-words\"><strong>Polypropeeni (PP)<\/strong>Kemikaalinkest\u00e4v\u00e4 ja elintarviketurvallinen, t\u00e4ydellinen pakkaamiseen ja l\u00e4\u00e4kinn\u00e4llisiin laitteisiin.<\/li>\n<li class=\"break-words\"><strong>ABS-jarrut<\/strong>Iskunkest\u00e4v\u00e4 ja monipuolinen, k\u00e4ytet\u00e4\u00e4n autoteollisuudessa ja kulutuselektroniikassa.<\/li>\n<li class=\"break-words\"><strong>Polykarbonaatti<\/strong>L\u00e4pin\u00e4kyv\u00e4 ja kest\u00e4v\u00e4, sopii optisiin ja l\u00e4\u00e4ketieteellisiin sovelluksiin.<\/li>\n<li class=\"break-words\"><strong>Nailon 6\/66<\/strong>Korkea vetolujuus, k\u00e4ytet\u00e4\u00e4n yleisesti vaihteissa ja mekaanisissa komponenteissa.<\/li>\n<li class=\"break-words\"><strong>Asetaali (POM)<\/strong>V\u00e4h\u00e4kitkainen ja kulutusta kest\u00e4v\u00e4, ihanteellinen tarkkuusvaihteille ja -laakereille.<\/li>\n<\/ul>\n<p class=\"break-words\" dir=\"auto\">FMP k\u00e4ytt\u00e4\u00e4 n\u00e4it\u00e4 materiaaleja t\u00e4ytt\u00e4\u00e4kseen tiukat alan standardit varmistaen, ett\u00e4 osat ovat sek\u00e4 toimivia ett\u00e4 esteettisesti miellytt\u00e4vi\u00e4.<\/p>\n<p dir=\"auto\"><img loading=\"lazy\" decoding=\"async\" class=\"size-full wp-image-7975 aligncenter\" src=\"https:\/\/fmp-components.com\/wp-content\/uploads\/2025\/04\/Materials-for-Custom-Plastic-Parts-1.webp\" alt=\"Mukautettujen muoviosien materiaalit\" width=\"750\" height=\"1276\" title=\"\" srcset=\"https:\/\/fmp-components.com\/wp-content\/uploads\/2025\/04\/Materials-for-Custom-Plastic-Parts-1.webp 750w, https:\/\/fmp-components.com\/wp-content\/uploads\/2025\/04\/Materials-for-Custom-Plastic-Parts-1-480x817.webp 480w\" sizes=\"(min-width: 0px) and (max-width: 480px) 480px, (min-width: 481px) 750px, 100vw\" \/><\/p>\n<h3>Pintak\u00e4sittely ja laadunvarmistus<\/h3>\n<p>Ruiskuvalu tarjoaa erilaisia \u200b\u200bpintak\u00e4sittelyj\u00e4 osien ulkon\u00e4\u00f6n ja toimivuuden parantamiseksi, mukaan lukien kiilt\u00e4v\u00e4t, mattapintaiset, teksturoidut tai kiillotetut vaihtoehdot. Laadunvarmistus saavutetaan:<\/p>\n<p>Sertifioinnit: ISO 9001:2015, ISO 13485 ja ITAR-vaatimustenmukaisuus.<br \/>\nTarkastus: Ensimm\u00e4isen artikkelin tarkastus (FAI) ja tuotanto-osien hyv\u00e4ksynt\u00e4prosessi (PPAP) takaavat tarkkuuden.<br \/>\nToleranssit: Kriittisten ominaisuuksien toleransseja voidaan valvoa tarkasti, jotta varmistetaan yhdenmukaisuus tuotantoer\u00e4st\u00e4 toiseen.<br \/>\nN\u00e4m\u00e4 standardit ovat v\u00e4ltt\u00e4m\u00e4tt\u00f6mi\u00e4 esimerkiksi l\u00e4\u00e4ketieteen ja autoteollisuuden kaltaisille toimialoille, jotka ovat yleisi\u00e4 Italian teollisuussektorilla.<\/p>\n<div>\n<h2 class=\"\" dir=\"auto\">Tietoa FMP:st\u00e4: Kumppanisi r\u00e4\u00e4t\u00e4l\u00f6ityjen muovivaihteiden valmistuksessa<\/h2>\n<p class=\"break-words\" dir=\"auto\">FMP:ll\u00e4 olemme erikoistuneet korkealaatuisten ruiskuvalulla valmistettujen muoviosien toimittamiseen, erityisesti muovisten hammaspy\u00f6rien valmistukseen erilaisissa sovelluksissa. Toimimme Italian valmistusteollisuuden ekosysteemin syd\u00e4mess\u00e4 ja palvelemme yrityksi\u00e4 Milanossa, Venetsiassa, Firenzess\u00e4 ja Bolognassa yhdist\u00e4en tarkkuustekniikan innovatiiviseen suunnitteluun. Tarjontamme sis\u00e4lt\u00e4\u00e4:<\/p>\n<ul class=\"marker:text-secondary\" dir=\"auto\">\n<li class=\"break-words\"><strong>Erilaiset varustetyypit<\/strong>Lieri\u00f6hammaspy\u00f6rist\u00e4 kierre- ja kartiohammaspy\u00f6riin, valmistamme komponentteja autoteollisuuteen, teollisuuteen ja kuluttajasovelluksiin.<\/li>\n<li class=\"break-words\"><strong>Mukauttaminen<\/strong>Otamme vastaan \u200b\u200bt\u00e4ysin r\u00e4\u00e4t\u00e4l\u00f6ityj\u00e4 tilauksia ja r\u00e4\u00e4t\u00e4l\u00f6imme vaihteet tarkkojen eritelmiesi mukaisesti, olipa kyseess\u00e4 sitten prototyyppien valmistus tai laajamittainen tuotanto.<\/li>\n<li class=\"break-words\"><strong>Nopea reagointi<\/strong>Jos et l\u00f6yd\u00e4 haluamaasi vaihdemallia tuoteluettelostamme, emme todenn\u00e4k\u00f6isesti ole viel\u00e4 ladanneet sit\u00e4 palveluumme. L\u00e4het\u00e4 meille vain s\u00e4hk\u00f6postia vaatimuksestasi, niin insin\u00f6\u00f6rimme vastaavat 24 tunnin kuluessa r\u00e4\u00e4t\u00e4l\u00f6idyll\u00e4 ratkaisulla.<\/li>\n<\/ul>\n<p class=\"break-words\" dir=\"auto\">FMP:n sitoutuminen laatuun ja nopeuteen varmistaa, ett\u00e4 projektisi pysyy aikataulussa, olitpa sitten innovoimassa Firenzen suunnittelustudioissa tai skaalaamassa tuotantoa Milanon teollisuusalueilla. Ota meihin yhteytt\u00e4 jo t\u00e4n\u00e4\u00e4n: <a href=\"mailto:info@fmpcomponents.it\">info@fmpcomponents.it<\/a> keskustellaksemme tarpeistasi ja kokeaksemme italialaista k\u00e4sity\u00f6taitoa parhaimmillaan.<\/p>\n<p dir=\"auto\"><img loading=\"lazy\" decoding=\"async\" class=\"wp-image-7981 aligncenter\" src=\"https:\/\/fmp-components.com\/wp-content\/uploads\/2025\/04\/plastic-gear-set-factory.webp\" alt=\"muovinen vaihdelaatikkotehdas\" width=\"874\" height=\"728\" title=\"\" srcset=\"https:\/\/fmp-components.com\/wp-content\/uploads\/2025\/04\/plastic-gear-set-factory.webp 874w, https:\/\/fmp-components.com\/wp-content\/uploads\/2025\/04\/plastic-gear-set-factory-480x400.webp 480w\" sizes=\"(min-width: 0px) and (max-width: 480px) 480px, (min-width: 481px) 874px, 100vw\" \/><\/p>\n<\/div>\n<\/div>\n<\/div>","protected":false},"excerpt":{"rendered":"<p>Injection Plastic Parts: Precision Manufacturing for Diverse Applications Injection plastic parts are integral to modern manufacturing, offering unmatched precision, scalability, and versatility. Plastic injection molding is a process where molten plastic resin is injected into a metal mold cavity, cooled, and solidified to form high-quality components. This method is widely adopted across industries like automotive, [&hellip;]<\/p>","protected":false},"featured_media":4663,"comment_status":"open","ping_status":"closed","template":"","meta":{"_et_pb_use_builder":"","_et_pb_old_content":"","_et_gb_content_width":""},"product_brand":[],"product_cat":[117],"product_tag":[],"class_list":{"0":"post-7972","1":"product","2":"type-product","3":"status-publish","4":"has-post-thumbnail","6":"product_cat-plastic-gears","8":"first","9":"instock","10":"shipping-taxable","11":"product-type-simple"},"_links":{"self":[{"href":"https:\/\/fmp-components.com\/fi\/wp-json\/wp\/v2\/product\/7972","targetHints":{"allow":["GET"]}}],"collection":[{"href":"https:\/\/fmp-components.com\/fi\/wp-json\/wp\/v2\/product"}],"about":[{"href":"https:\/\/fmp-components.com\/fi\/wp-json\/wp\/v2\/types\/product"}],"replies":[{"embeddable":true,"href":"https:\/\/fmp-components.com\/fi\/wp-json\/wp\/v2\/comments?post=7972"}],"wp:featuredmedia":[{"embeddable":true,"href":"https:\/\/fmp-components.com\/fi\/wp-json\/wp\/v2\/media\/4663"}],"wp:attachment":[{"href":"https:\/\/fmp-components.com\/fi\/wp-json\/wp\/v2\/media?parent=7972"}],"wp:term":[{"taxonomy":"product_brand","embeddable":true,"href":"https:\/\/fmp-components.com\/fi\/wp-json\/wp\/v2\/product_brand?post=7972"},{"taxonomy":"product_cat","embeddable":true,"href":"https:\/\/fmp-components.com\/fi\/wp-json\/wp\/v2\/product_cat?post=7972"},{"taxonomy":"product_tag","embeddable":true,"href":"https:\/\/fmp-components.com\/fi\/wp-json\/wp\/v2\/product_tag?post=7972"}],"curies":[{"name":"wp","href":"https:\/\/api.w.org\/{rel}","templated":true}]}}