{"id":7915,"date":"2025-04-11T02:22:27","date_gmt":"2025-04-11T02:22:27","guid":{"rendered":"https:\/\/fmp-components.com\/?post_type=product&#038;p=7915"},"modified":"2025-04-11T03:15:34","modified_gmt":"2025-04-11T03:15:34","slug":"precision-gear-ring-and-pinion","status":"publish","type":"product","link":"https:\/\/fmp-components.com\/fi\/product\/precision-gear-ring-and-pinion\/","title":{"rendered":"Tarkkuusvaihteen rengas ja hammaspy\u00f6r\u00e4"},"content":{"rendered":"<div>\n<h2 dir=\"auto\">Suunniteltua huippuosaamista Italian teille<\/h2>\n<p class=\"break-words\" dir=\"auto\">Kun on kyse ajoneuvosi suorituskyvyn optimoinnista, Precision Gear -hammaspy\u00f6r\u00e4- ja vetopy\u00f6r\u00e4sarjat ovat ensisijainen valinta kuljettajille kaikkialla Italiassa, Milanon vilkkailta kaduilta Firenzen luonnonkauniille teille. N\u00e4m\u00e4 korkealaatuiset vaihteistosarjat on valmistettu edistyneill\u00e4 valmistustekniikoilla ja ensiluokkaisilla 8620-takomilla, mik\u00e4 varmistaa kest\u00e4vyyden ja tarkkuuden sek\u00e4 katu- ett\u00e4 rata-ajossa. Olitpa sitten p\u00e4ivitt\u00e4m\u00e4ss\u00e4 muskeliautoa Venetsiassa tai hienos\u00e4\u00e4t\u00e4m\u00e4ss\u00e4 nelivetoa maastoseikkailuihin Bolognan l\u00e4hell\u00e4, Precision Gear tarjoaa laajan valikoiman v\u00e4lityssuhteita \u2013 kuten 3.08:1 GM:lle 8.5\/8.6 tuumaa, 4.56:1 Dana 44:lle tai 5.13:1 Fordille 8.8 tuumaa \u2013 vastaamaan erityistarpeitasi. N\u00e4m\u00e4 vaihteistosarjat on suunniteltu kest\u00e4m\u00e4\u00e4n suurten hevosvoimien rasituksia, ja ne tarjoavat tehokkaan voimansiirron, jotta ajoneuvosi liikkuu tasaisesti maastosta riippumatta.<\/p>\n<p dir=\"auto\"><img loading=\"lazy\" decoding=\"async\" class=\"size-full wp-image-7917 aligncenter\" src=\"https:\/\/fmp-components.com\/wp-content\/uploads\/2025\/04\/Precision-Gear-Ring-and-Pinion-2.webp\" alt=\"Tarkkuushammaspy\u00f6r\u00e4 ja -rengas\" width=\"800\" height=\"800\" title=\"\" srcset=\"https:\/\/fmp-components.com\/wp-content\/uploads\/2025\/04\/Precision-Gear-Ring-and-Pinion-2.webp 800w, https:\/\/fmp-components.com\/wp-content\/uploads\/2025\/04\/Precision-Gear-Ring-and-Pinion-2-480x480.webp 480w\" sizes=\"(min-width: 0px) and (max-width: 480px) 480px, (min-width: 481px) 800px, 100vw\" \/><\/p>\n<h3 dir=\"auto\">Tekniset tiedot<\/h3>\n<\/div>\n<div>\n<table style=\"width: 100%;\" border=\"1\" width=\"100%\" cellspacing=\"0\" cellpadding=\"0\">\n<tbody>\n<tr>\n<td colspan=\"1\" rowspan=\"1\">\n<div class=\"magic-13\" data-spm-anchor-id=\"a2700.details-description.0.i1.1c4atCsDtCsDdk\">Saatavilla oleva materiaali:<\/div>\n<\/td>\n<td colspan=\"1\" rowspan=\"1\">\n<div class=\"magic-14\">Messinki, kupari, hiiliter\u00e4s, ruostumaton ter\u00e4s, ter\u00e4sseos, alumiiniseos jne.<\/div>\n<\/td>\n<\/tr>\n<tr>\n<td colspan=\"1\" rowspan=\"1\">\n<div class=\"magic-13\">Toleranssi:<\/div>\n<\/td>\n<td colspan=\"1\" rowspan=\"1\">\n<div class=\"magic-14\">Piirustuksen mukaan (+\/- 0,05 mm, +\/- 0,01 mm)<\/div>\n<\/td>\n<\/tr>\n<tr>\n<td colspan=\"1\" rowspan=\"1\">\n<div class=\"magic-13\">Pintak\u00e4sittely:<\/div>\n<\/td>\n<td colspan=\"1\" rowspan=\"1\">\n<div class=\"magic-14\">Sinkkipinnoitettu, nikkel\u00f6ity, kromattu, anodisoitu, fosfatoitu, kemiallinen mustuminen, suolahauteen nitraus jne.<\/div>\n<\/td>\n<\/tr>\n<tr>\n<td colspan=\"1\" rowspan=\"1\">\n<div class=\"magic-13\">L\u00e4pimenoaika:<\/div>\n<\/td>\n<td colspan=\"1\" rowspan=\"1\">\n<div class=\"magic-14\">20\u201345 p\u00e4iv\u00e4\u00e4 riippuu m\u00e4\u00e4rist\u00e4 ja monimutkaisuudesta<\/div>\n<\/td>\n<\/tr>\n<tr>\n<td colspan=\"1\" rowspan=\"1\">\n<div class=\"magic-13\">Sovellus:<\/div>\n<\/td>\n<td colspan=\"1\" rowspan=\"1\">\n<div class=\"magic-14\">Trukki, nosturi, juna, kuorma-auto, ruohonleikkuri, rautatiekalusto, l\u00e4\u00e4kinn\u00e4llinen laite, teollisuuskone, auto, s\u00e4hk\u00f6<br \/>\nlaite, automaatiokone, muut teollisuudenalat jne.<\/div>\n<\/td>\n<\/tr>\n<tr>\n<td colspan=\"1\" rowspan=\"1\">\n<div class=\"magic-13\">Maksuehto:<\/div>\n<\/td>\n<td colspan=\"1\" rowspan=\"1\">\n<div class=\"magic-14\">\n<p>L\/C n\u00e4k\u00f6havainto<\/p>\n<div>T\/T 30% -talletus ja saldo 70% maksetaan ennen l\u00e4hetyst\u00e4.<\/div>\n<\/div>\n<\/td>\n<\/tr>\n<tr>\n<td colspan=\"1\" rowspan=\"1\">\n<div class=\"magic-13\">Tuotantolaitteet:<\/div>\n<\/td>\n<td colspan=\"1\" rowspan=\"1\">\n<div class=\"magic-14\">CNC-ty\u00f6st\u00f6keskus, CNC-sorvi, hiomakone, jyrsin, saha, hitsauskone, hydraulinen puristin, poraus<br \/>\nja kierteityskone, hammaspy\u00f6r\u00e4n muotoilukone jne.<\/div>\n<\/td>\n<\/tr>\n<tr>\n<td colspan=\"1\" rowspan=\"1\">\n<div class=\"magic-13\">Tarkastuslaitteet:<\/div>\n<\/td>\n<td colspan=\"1\" rowspan=\"1\">\n<div class=\"magic-14\">Elektroninen Penumatic-mittauslaite, kolmen koordinaatin mittauslaitteet, Rockwellin kovuusmittari, digitaalinen ultra\u00e4\u00e4nivirhe<br \/>\nDetektori, Pinnan karheuden mittauslaite, Leeb-kovuusmittari, Verhousmittauslaite, Suolaruiskutustesteri, Vaihteet<br \/>\nMittauskeskus tms.<\/div>\n<\/td>\n<\/tr>\n<tr>\n<td colspan=\"1\" rowspan=\"1\">\n<div class=\"magic-13\">Laadunvalvonta:<\/div>\n<\/td>\n<td colspan=\"1\" rowspan=\"1\">\n<div class=\"magic-14\">\n<p>1. Saapuva materiaali tarkistetaan ennen tuotantoa.<\/p>\n<div data-spm-anchor-id=\"a2700.pc-decorate.0.i39.bc343333CIclSA\">2. Tiukka k\u00e4sittelyn laadunvalvonta.<\/div>\n<div data-spm-anchor-id=\"a2700.pc-decorate.0.i39.bc343333CIclSA\">3.100%-tarkastus ennen l\u00e4hetyst\u00e4.<\/div>\n<div data-spm-anchor-id=\"a2700.pc-decorate.0.i39.bc343333CIclSA\">4. Olemme vastuussa tuotteen laadusta loppuk\u00e4ytt\u00e4j\u00e4lle.<\/div>\n<\/div>\n<\/td>\n<\/tr>\n<tr>\n<td colspan=\"1\" rowspan=\"1\">\n<div class=\"magic-13\">Paketti:<\/div>\n<\/td>\n<td colspan=\"1\" rowspan=\"1\">\n<div class=\"magic-14\">\n<p>Menetelm\u00e4 1: Pahvilaatikko tai aaltopahvi<\/p>\n<div data-spm-anchor-id=\"a2700.pc-decorate.0.i43.bc343333CIclSA\">Menetelm\u00e4 2: Puukotelo tai puinen laatikko<\/div>\n<div data-spm-anchor-id=\"a2700.pc-decorate.0.i43.bc343333CIclSA\">Menetelm\u00e4 3: Rautakori tai muovikori<\/div>\n<div data-spm-anchor-id=\"a2700.pc-decorate.0.i43.bc343333CIclSA\">Menetelm\u00e4 4: Lava<\/div>\n<\/div>\n<\/td>\n<\/tr>\n<tr>\n<td colspan=\"1\" rowspan=\"1\">\n<div class=\"magic-13\">Myynnin j\u00e4lkeinen palvelu:<\/div>\n<\/td>\n<td colspan=\"1\" rowspan=\"1\">\n<div class=\"magic-14\">Seuraamme asiakkaiden tavaroita ja autamme ratkaisemaan ongelmia myynnin j\u00e4lkeen<\/div>\n<\/td>\n<\/tr>\n<\/tbody>\n<\/table>\n<div>\n<h2 dir=\"auto\">Monipuolista suorituskyky\u00e4 jokaiselle ajolle<\/h2>\n<p class=\"break-words\" dir=\"auto\">Precision Gear -hammaspy\u00f6r\u00e4- ja vetopy\u00f6r\u00e4sarjat on valmistettu tarjoamaan poikkeuksellista vastinetta rahalle laadusta tinkim\u00e4tt\u00e4, mik\u00e4 tekee niist\u00e4 ensiluokkaisen valinnan autoharrastajille esimerkiksi Roomassa ja Torinossa. Saatavilla on vaihtoehdot GM:lle, Fordille, Danalle, Toyotalle ja muille, joten n\u00e4m\u00e4 vetopy\u00f6r\u00e4sarjat sopivat monenlaisille ajoneuvoille varmistaen yhteensopivuuden ja suorituskyvyn. Esimerkiksi mallit, kuten F88\/410 Ford 8.8 in. 4.10 Gears tai TOY\/456 Toyota 8 in. 4.56 Gears, on rakennettu kest\u00e4m\u00e4\u00e4n vaativia olosuhteita ja tarjoamaan luotettavuutta p\u00e4ivitt\u00e4isiin ty\u00f6matkoihin Napolissa tai vauhdikkaisiin ajomatkoihin Toscanan kukkuloilla. Asiakkaiden 4,0 t\u00e4hden luokituksen ansiosta Precision Gear -sarjat ovat synonyymeja vahvuudelle ja kohtuuhintaisuudelle, ja ne auttavat italialaisia \u200b\u200bkuljettajia saavuttamaan suorituskykytavoitteensa luottavaisin mielin.<\/p>\n<h3 dir=\"auto\">FMP: Luotettu kumppanisi r\u00e4\u00e4t\u00e4l\u00f6ityihin varusteratkaisuihin<\/h3>\n<p dir=\"auto\">FMP:ll\u00e4 olemme ylpeit\u00e4 siit\u00e4, ett\u00e4 olemme johtava rengas- ja vetopy\u00f6r\u00e4vaihteiden valmistaja, ja tarjoamme laajan valikoiman tarkkuusvaihteita Italian autoteollisuuden tarpeisiin. Toimimme alan syd\u00e4mess\u00e4 ja valmistamme vaihteita erilaisiin sovelluksiin sek\u00e4 erikoistumme ainutlaatuisten ajoneuvojen r\u00e4\u00e4t\u00e4l\u00f6ityihin ratkaisuihin.<\/p>\n<p dir=\"auto\">Jos et l\u00f6yd\u00e4 tarvitsemaasi mallia tuoteluettelostamme, \u00e4l\u00e4 huoli \u2013 emme todenn\u00e4k\u00f6isesti ole viel\u00e4 ladanneet sit\u00e4 palveluumme. L\u00e4het\u00e4 meille vain s\u00e4hk\u00f6postia vaatimuksesi, niin yksi kokeneista insin\u00f6\u00f6reist\u00e4mme vastaa 24 tunnin kuluessa tarjotakseen r\u00e4\u00e4t\u00e4l\u00f6ity\u00e4 apua.<\/p>\n<\/div>\n<p dir=\"auto\"><img loading=\"lazy\" decoding=\"async\" class=\"wp-image-7919 aligncenter\" src=\"https:\/\/fmp-components.com\/wp-content\/uploads\/2025\/04\/Precision-Gear-Ring-and-Pinion-3.webp\" alt=\"Tarkkuusvaihteen rengas ja hammaspy\u00f6r\u00e4\" width=\"860\" height=\"860\" title=\"\" srcset=\"https:\/\/fmp-components.com\/wp-content\/uploads\/2025\/04\/Precision-Gear-Ring-and-Pinion-3.webp 860w, https:\/\/fmp-components.com\/wp-content\/uploads\/2025\/04\/Precision-Gear-Ring-and-Pinion-3-480x480.webp 480w\" sizes=\"(min-width: 0px) and (max-width: 480px) 480px, (min-width: 481px) 860px, 100vw\" \/><\/p>\n<\/div>","protected":false},"excerpt":{"rendered":"<p>Engineered Excellence for Italian Roads When it comes to optimizing your vehicle\u2019s performance, Precision Gear ring and pinion sets are the go-to choice for drivers across Italy, from the bustling streets of Milan to the scenic roads of Florence. These high-quality gear sets are engineered with advanced manufacturing techniques and premium 8620 forgings, ensuring durability [&hellip;]<\/p>","protected":false},"featured_media":7916,"comment_status":"open","ping_status":"closed","template":"","meta":{"_et_pb_use_builder":"","_et_pb_old_content":"","_et_gb_content_width":""},"product_brand":[],"product_cat":[114],"product_tag":[],"class_list":{"0":"post-7915","1":"product","2":"type-product","3":"status-publish","4":"has-post-thumbnail","6":"product_cat-ring-gear","8":"first","9":"instock","10":"shipping-taxable","11":"product-type-simple"},"_links":{"self":[{"href":"https:\/\/fmp-components.com\/fi\/wp-json\/wp\/v2\/product\/7915","targetHints":{"allow":["GET"]}}],"collection":[{"href":"https:\/\/fmp-components.com\/fi\/wp-json\/wp\/v2\/product"}],"about":[{"href":"https:\/\/fmp-components.com\/fi\/wp-json\/wp\/v2\/types\/product"}],"replies":[{"embeddable":true,"href":"https:\/\/fmp-components.com\/fi\/wp-json\/wp\/v2\/comments?post=7915"}],"wp:featuredmedia":[{"embeddable":true,"href":"https:\/\/fmp-components.com\/fi\/wp-json\/wp\/v2\/media\/7916"}],"wp:attachment":[{"href":"https:\/\/fmp-components.com\/fi\/wp-json\/wp\/v2\/media?parent=7915"}],"wp:term":[{"taxonomy":"product_brand","embeddable":true,"href":"https:\/\/fmp-components.com\/fi\/wp-json\/wp\/v2\/product_brand?post=7915"},{"taxonomy":"product_cat","embeddable":true,"href":"https:\/\/fmp-components.com\/fi\/wp-json\/wp\/v2\/product_cat?post=7915"},{"taxonomy":"product_tag","embeddable":true,"href":"https:\/\/fmp-components.com\/fi\/wp-json\/wp\/v2\/product_tag?post=7915"}],"curies":[{"name":"wp","href":"https:\/\/api.w.org\/{rel}","templated":true}]}}