{"id":791,"date":"2024-12-18T06:57:05","date_gmt":"2024-12-18T06:57:05","guid":{"rendered":"https:\/\/fmp-components.com\/?page_id=8"},"modified":"2024-12-18T07:38:40","modified_gmt":"2024-12-18T07:38:40","slug":"hydraulic-cylinder-for-stacker-reclaimer","status":"publish","type":"product","link":"https:\/\/fmp-components.com\/fi\/product\/hydraulic-cylinder-for-stacker-reclaimer\/","title":{"rendered":"Hydraulinen sylinteri pinoamisvaunun talteenotolle"},"content":{"rendered":"<p style=\"text-align: center;\"><span style=\"font-size: 18pt;\">Hydraulinen sylinteri pinoamisvaunun talteenotolle<\/span><\/p>\n<p>Pinoamis- ja purkauslaitteiden hydraulisylinteri on olennainen hydraulinen komponentti, joka on suunniteltu parantamaan irtomateriaalien k\u00e4sittelyss\u00e4 k\u00e4ytett\u00e4vien pinoamis- ja purkamislaitteiden tehokkuutta ja toimivuutta. T\u00e4ll\u00e4 sylinterill\u00e4 on ratkaiseva rooli tarvittavien nosto- ja liikeominaisuuksien tarjoamisessa materiaalien, kuten hiilen, viljan ja mineraalien, tarkkaan pinoamiseen ja purkamiseen.<\/p>\n<p><img loading=\"lazy\" decoding=\"async\" class=\"alignnone size-full wp-image-804\" src=\"https:\/\/fmp-components.com\/wp-content\/uploads\/2024\/12\/Stacker-Reclaimer-Belt-Tensioning-Cylinder-1-1.webp\" alt=\"Pinoamislaitteen-Kierr\u00e4tyshihnan-kiristyssylinteri-1\" width=\"1024\" height=\"545\" title=\"\" srcset=\"https:\/\/fmp-components.com\/wp-content\/uploads\/2024\/12\/Stacker-Reclaimer-Belt-Tensioning-Cylinder-1-1.webp 1024w, https:\/\/fmp-components.com\/wp-content\/uploads\/2024\/12\/Stacker-Reclaimer-Belt-Tensioning-Cylinder-1-1-980x522.webp 980w, https:\/\/fmp-components.com\/wp-content\/uploads\/2024\/12\/Stacker-Reclaimer-Belt-Tensioning-Cylinder-1-1-480x255.webp 480w\" sizes=\"(min-width: 0px) and (max-width: 480px) 480px, (min-width: 481px) and (max-width: 980px) 980px, (min-width: 981px) 1024px, 100vw\" \/><\/p>\n<h4>T\u00e4rkeimm\u00e4t ominaisuudet:<\/h4>\n<ul>\n<li><strong>Suuri kuormituskapasiteetti:<\/strong> T\u00e4m\u00e4 hydraulisylinteri on suunniteltu k\u00e4sittelem\u00e4\u00e4n merkitt\u00e4vi\u00e4 painoja, ja se varmistaa turvallisen ja luotettavan toiminnan raskaissa nostoteht\u00e4viss\u00e4, mik\u00e4 on ratkaisevan t\u00e4rke\u00e4\u00e4 tehokkaan materiaalinhallinnan kannalta.<\/li>\n<li><strong>Kest\u00e4v\u00e4 rakenne:<\/strong> Se on valmistettu eritt\u00e4in lujista materiaaleista, ja se on suunniteltu kest\u00e4m\u00e4\u00e4n teollisuusymp\u00e4rist\u00f6jen ankaria olosuhteita, kuten altistumista hankaaville materiaaleille, kosteudelle ja \u00e4\u00e4rimm\u00e4isille l\u00e4mp\u00f6tiloille, mik\u00e4 varmistaa pitk\u00e4n k\u00e4ytt\u00f6i\u00e4n.<\/li>\n<li><strong>Sujuva toiminta:<\/strong> Edistyksellinen hydraulinen rakenne mahdollistaa sujuvat ja hallitut liikkeet, mik\u00e4 mahdollistaa puomin ja muiden komponenttien nopeat s\u00e4\u00e4d\u00f6t optimaalisen sijoittelun saavuttamiseksi pinoamis- ja takaisinottoprosessien aikana.<\/li>\n<li><strong>Parannettu turvallisuus:<\/strong> Varustettu turvaominaisuuksilla, jotka est\u00e4v\u00e4t ylikuormituksen ja varmistavat turvallisen k\u00e4yt\u00f6n, suojaten sek\u00e4 k\u00e4ytt\u00e4ji\u00e4 ett\u00e4 laitteita materiaalink\u00e4sittelyteht\u00e4vien aikana.<\/li>\n<li><strong>Monipuolinen sovellus:<\/strong> T\u00e4m\u00e4 hydraulisylinteri soveltuu erilaisiin pinoamisvaunujen ja -purkukoneiden kokoonpanoihin, ja se mukautuu erilaisiin k\u00e4ytt\u00f6tarpeisiin, mik\u00e4 tekee siit\u00e4 ihanteellisen erilaisiin irtotavaran k\u00e4sittelysovelluksiin.<\/li>\n<li><strong>V\u00e4h\u00e4iset huoltovaatimukset:<\/strong> Se on suunniteltu minimoimaan kulumisen, mik\u00e4 v\u00e4hent\u00e4\u00e4 tihe\u00e4n huollon tarvetta, mik\u00e4 lis\u00e4\u00e4 tuottavuutta ja alentaa k\u00e4ytt\u00f6kustannuksia.<\/li>\n<\/ul>\n<p>Yhteenvetona voidaan todeta, ett\u00e4 pinoamis- ja kierr\u00e4tyslaitteiden hydraulisylinteri on t\u00e4rke\u00e4 komponentti, joka optimoi pinoamis- ja kierr\u00e4tyslaitteiden suorituskyvyn ja tehokkuuden parantaen merkitt\u00e4v\u00e4sti niiden tehokkuutta irtomateriaalin k\u00e4sittelyss\u00e4 eri toimialoilla.<\/p>\n<h2>Pinoamislaitteen takaisinlaittoluuranko, pikisylinteri<\/h2>\n<p>Pinoamisvaunun rungon kallistussylinteri on t\u00e4rke\u00e4 hydraulinen komponentti, joka on suunniteltu ohjaamaan runkorungon kallistusliikett\u00e4 pinoamisvaunujen purkajissa. T\u00e4m\u00e4 sylinteri tarjoaa tarvittavan voiman rungon kulman s\u00e4\u00e4t\u00e4miseen, mik\u00e4 mahdollistaa tarkan asemoinnin irtomateriaalien, kuten hiilen, viljan ja mineraalien, pinoamisen ja purkamisen aikana. Se on valmistettu eritt\u00e4in lujista materiaaleista ja suunniteltu kest\u00e4m\u00e4\u00e4n teollisuusymp\u00e4rist\u00f6jen vaativia olosuhteita, mik\u00e4 varmistaa kest\u00e4vyyden ja luotettavuuden raskaiden kuormien alla. Sujuva hydraulinen toiminta mahdollistaa nopeat ja tarkat s\u00e4\u00e4d\u00f6t, mik\u00e4 parantaa toiminnan tehokkuutta ja turvallisuutta. T\u00e4m\u00e4 kallistussylinteri on olennainen pinoamisvaunujen purkajien suorituskyvyn optimoimiseksi ja edist\u00e4\u00e4 merkitt\u00e4v\u00e4sti tehokasta irtomateriaalin k\u00e4sittely\u00e4 erilaisissa sovelluksissa.<\/p>\n<p><img loading=\"lazy\" decoding=\"async\" class=\"size-full wp-image-799 aligncenter\" src=\"https:\/\/fmp-components.com\/wp-content\/uploads\/2024\/12\/Stacker-Reclaimer-Skeleton-Pitch-Cylinder.webp\" alt=\"Pinoamislaitteen takaisinlaittoluuranko, pikisylinteri\" width=\"500\" height=\"200\" title=\"\" srcset=\"https:\/\/fmp-components.com\/wp-content\/uploads\/2024\/12\/Stacker-Reclaimer-Skeleton-Pitch-Cylinder.webp 500w, https:\/\/fmp-components.com\/wp-content\/uploads\/2024\/12\/Stacker-Reclaimer-Skeleton-Pitch-Cylinder-480x192.webp 480w\" sizes=\"(min-width: 0px) and (max-width: 480px) 480px, (min-width: 481px) 500px, 100vw\" \/><\/p>\n<table style=\"width: 91.0504%; height: 178px;\" border=\"1\" cellspacing=\"0\" cellpadding=\"0\">\n<tbody>\n<tr style=\"height: 23px;\">\n<td style=\"height: 23px;\">Tuotteen nimi<\/td>\n<td style=\"height: 23px;\">Pinoamislaitteen takaisinlaittoluuranko, pikisylinteri<\/td>\n<\/tr>\n<tr style=\"height: 23px;\">\n<td style=\"height: 23px;\">Ominaisuudet:<\/td>\n<td style=\"height: 23px;\">Toteuta ulokkeen kallistusliike<\/td>\n<\/tr>\n<tr style=\"height: 23px;\">\n<td style=\"height: 23px;\">Rei\u00e4n halkaisija:<\/td>\n<td style=\"height: 23px;\">300 mm\uff5e400 m<\/td>\n<\/tr>\n<tr style=\"height: 47px;\">\n<td style=\"height: 47px;\">Tangon halkaisija:<\/td>\n<td style=\"height: 47px;\">200 mm\uff5e320 mm<br \/>\nIskunpituus 1000 mm\uff5e4500 mm<\/td>\n<\/tr>\n<tr style=\"height: 23px;\">\n<td style=\"height: 23px;\">Paine:<\/td>\n<td style=\"height: 23px;\">jopa 35 MPa<\/td>\n<\/tr>\n<tr style=\"height: 23px;\">\n<td style=\"height: 23px;\">Sovellukset:<\/td>\n<td style=\"height: 23px;\">Pinoamislaitteen kierr\u00e4tyslaite<\/td>\n<\/tr>\n<\/tbody>\n<\/table>\n<p><img loading=\"lazy\" decoding=\"async\" class=\"alignnone  wp-image-807\" src=\"https:\/\/fmp-components.com\/wp-content\/uploads\/2024\/12\/Stacker-Reclaimer-Skeleton-Pitch-Cylinder-2.webp\" alt=\"Pinoamislaite-Ruuranko-Pitch-Sylinteri\" width=\"849\" height=\"433\" title=\"\"><\/p>\n<p><img loading=\"lazy\" decoding=\"async\" class=\"alignnone  wp-image-803\" src=\"https:\/\/fmp-components.com\/wp-content\/uploads\/2024\/12\/Stacker-Reclaimer-Skeleton-Pitch-Cylinder-1.webp\" alt=\"Pinoamislaitteen takaisinlaittoluuranko, pikisylinteri\" width=\"864\" height=\"259\" title=\"\" srcset=\"https:\/\/fmp-components.com\/wp-content\/uploads\/2024\/12\/Stacker-Reclaimer-Skeleton-Pitch-Cylinder-1.webp 864w, https:\/\/fmp-components.com\/wp-content\/uploads\/2024\/12\/Stacker-Reclaimer-Skeleton-Pitch-Cylinder-1-480x144.webp 480w\" sizes=\"(min-width: 0px) and (max-width: 480px) 480px, (min-width: 481px) 864px, 100vw\" \/><\/p>\n<h2>Pinoamislaitteen purkaja J\u00e4lkiruiskutussylinteri<\/h2>\n<p>Pinoamisvaunun nostolaitteen jatkesylinteri on t\u00e4rke\u00e4 hydraulinen komponentti, jota k\u00e4ytet\u00e4\u00e4n pinoamisvaunujen nostolaitteen jatkemekanismin kallistuskulman ohjaamiseen. T\u00e4m\u00e4 sylinteri tarjoaa tarvittavan voiman tarkkoihin s\u00e4\u00e4t\u00f6ihin, joiden avulla nostolaite voi tehokkaasti pinota ja noutaa irtomateriaaleja, kuten hiilt\u00e4, \u200b\u200brautamalmia ja viljaa. Se on valmistettu eritt\u00e4in lujista materiaaleista ja suunniteltu kest\u00e4m\u00e4\u00e4n teollisuusymp\u00e4rist\u00f6jen ankaria olosuhteita, mik\u00e4 varmistaa kest\u00e4vyyden ja luotettavan suorituskyvyn merkitt\u00e4vien kuormien alla. Sujuva hydraulinen toiminta mahdollistaa nopean ja tarkan asemoinnin, mik\u00e4 parantaa toiminnan tehokkuutta ja turvallisuutta materiaalink\u00e4sittelyss\u00e4. T\u00e4m\u00e4 kallistussylinteri on v\u00e4ltt\u00e4m\u00e4t\u00f6n pinoamisvaunujen nostolaitteiden toiminnan optimoimiseksi ja parantaa merkitt\u00e4v\u00e4sti irtomateriaalien hallintaj\u00e4rjestelmien tehokkuutta.<\/p>\n<p><img loading=\"lazy\" decoding=\"async\" class=\"size-full wp-image-798 aligncenter\" src=\"https:\/\/fmp-components.com\/wp-content\/uploads\/2024\/12\/Stacker-Reclaimer-Chaser-Pitch-Cylinder.webp\" alt=\"Pinoamislaitteen purkaja J\u00e4lkiruiskutussylinteri\" width=\"500\" height=\"200\" title=\"\" srcset=\"https:\/\/fmp-components.com\/wp-content\/uploads\/2024\/12\/Stacker-Reclaimer-Chaser-Pitch-Cylinder.webp 500w, https:\/\/fmp-components.com\/wp-content\/uploads\/2024\/12\/Stacker-Reclaimer-Chaser-Pitch-Cylinder-480x192.webp 480w\" sizes=\"(min-width: 0px) and (max-width: 480px) 480px, (min-width: 481px) 500px, 100vw\" \/><\/p>\n<table style=\"width: 93.3894%; height: 160px;\" border=\"1\" cellspacing=\"0\" cellpadding=\"0\">\n<tbody>\n<tr>\n<td>Tuotteen nimi<\/td>\n<td>Pinoamislaitteen purkaja J\u00e4lkiruiskutussylinteri<\/td>\n<\/tr>\n<tr>\n<td>Ominaisuudet:<\/td>\n<td>Ymm\u00e4rr\u00e4 h\u00e4nt\u00e4vy\u00f6mekanismin nostoliike<\/td>\n<\/tr>\n<tr>\n<td>Rei\u00e4n halkaisija:<\/td>\n<td>300 mm\uff5e400 m<\/td>\n<\/tr>\n<tr>\n<td>Tangon halkaisija:<\/td>\n<td>200 mm\uff5e320 mm<br \/>\nIskunpituus 1000 mm\uff5e4500 mm<\/td>\n<\/tr>\n<tr>\n<td>Paine:<\/td>\n<td>jopa 35 MPa<\/td>\n<\/tr>\n<tr>\n<td>Sovellukset:<\/td>\n<td>Pinoamislaitteen kierr\u00e4tyslaite<\/td>\n<\/tr>\n<\/tbody>\n<\/table>\n<p><img loading=\"lazy\" decoding=\"async\" class=\"alignnone  wp-image-808\" src=\"https:\/\/fmp-components.com\/wp-content\/uploads\/2024\/12\/Stacker-Reclaimer-Chaser-Pitch-Cylinders-1-1.webp\" alt=\"Pinoamis- ja kierr\u00e4tysty\u00f6kalut-uurre-piki-sylinterit-1\" width=\"860\" height=\"475\" title=\"\"><\/p>\n<p><img loading=\"lazy\" decoding=\"async\" class=\"alignnone  wp-image-802\" src=\"https:\/\/fmp-components.com\/wp-content\/uploads\/2024\/12\/Stacker-Reclaimer-Chaser-Pitch-Cylinder-1.webp\" alt=\"Pinoamislaitteen purkaja J\u00e4lkiruiskutussylinteri\" width=\"871\" height=\"289\" title=\"\" srcset=\"https:\/\/fmp-components.com\/wp-content\/uploads\/2024\/12\/Stacker-Reclaimer-Chaser-Pitch-Cylinder-1.webp 871w, https:\/\/fmp-components.com\/wp-content\/uploads\/2024\/12\/Stacker-Reclaimer-Chaser-Pitch-Cylinder-1-480x159.webp 480w\" sizes=\"(min-width: 0px) and (max-width: 480px) 480px, (min-width: 481px) 871px, 100vw\" \/><\/p>\n<h2>Pinoamislaitteen hihnan kiristyssylinteri<\/h2>\n<p>Pinoamisvaunun hihnan kiristyssylinteri on olennainen hydraulinen komponentti, joka on suunniteltu yll\u00e4pit\u00e4m\u00e4\u00e4n pinoamisvaunujen kuljetinhihnojen oikeaa kireytt\u00e4. T\u00e4m\u00e4 sylinteri tarjoaa tarvittavan voiman hihnan kireyden s\u00e4\u00e4t\u00e4miseen ja yll\u00e4pit\u00e4miseen varmistaen optimaalisen suorituskyvyn irtomateriaalien, kuten hiilen, viljan ja mineraalien, pinoamisen ja kierr\u00e4tyksen aikana. Se on valmistettu eritt\u00e4in lujista materiaaleista ja suunniteltu kest\u00e4m\u00e4\u00e4n teollisuusymp\u00e4rist\u00f6jen ankaria vaatimuksia, tarjoten kest\u00e4vyytt\u00e4 ja luotettavuutta raskaiden kuormien alla. Sujuva hydraulinen toiminta mahdollistaa tarkat s\u00e4\u00e4d\u00f6t, parantaa toiminnan tehokkuutta ja est\u00e4\u00e4 hihnan luistamisen tai kulumisen. T\u00e4m\u00e4 kiristyssylinteri on ratkaisevan t\u00e4rke\u00e4 kuljetinj\u00e4rjestelmien suorituskyvyn ja pitk\u00e4ik\u00e4isyyden optimoimiseksi irtomateriaalien k\u00e4sittelysovelluksissa.<\/p>\n<p><img loading=\"lazy\" decoding=\"async\" class=\"size-full wp-image-797 aligncenter\" src=\"https:\/\/fmp-components.com\/wp-content\/uploads\/2024\/12\/Stacker-Reclaimer-Belt-Tensioning-Cylinder.webp\" alt=\"Pinoamislaitteen hihnan kiristyssylinteri\" width=\"500\" height=\"200\" title=\"\" srcset=\"https:\/\/fmp-components.com\/wp-content\/uploads\/2024\/12\/Stacker-Reclaimer-Belt-Tensioning-Cylinder.webp 500w, https:\/\/fmp-components.com\/wp-content\/uploads\/2024\/12\/Stacker-Reclaimer-Belt-Tensioning-Cylinder-480x192.webp 480w\" sizes=\"(min-width: 0px) and (max-width: 480px) 480px, (min-width: 481px) 500px, 100vw\" \/><\/p>\n<table style=\"width: 93.3905%; height: 211px;\" border=\"1\" cellspacing=\"0\" cellpadding=\"0\">\n<tbody>\n<tr style=\"height: 47px;\">\n<td style=\"height: 47px;\">Tuotteen nimi<\/td>\n<td style=\"height: 47px;\">Pinoamislaitteen hihnan kiristyssylinteri<\/td>\n<\/tr>\n<tr style=\"height: 23px;\">\n<td style=\"height: 23px;\">Ominaisuudet:<\/td>\n<td style=\"height: 23px;\">Tarkista hihnan kireys ja l\u00f6ysyys<\/td>\n<\/tr>\n<tr style=\"height: 47px;\">\n<td style=\"height: 47px;\">Rei\u00e4n halkaisija:<\/td>\n<td style=\"height: 47px;\">80 mm\uff5e180 m<\/td>\n<\/tr>\n<tr style=\"height: 47px;\">\n<td style=\"height: 47px;\">Tangon halkaisija:<\/td>\n<td style=\"height: 47px;\">45 mm\uff5e120 mm<br \/>\nIsku 500 mm\uff5e1500 mm<\/td>\n<\/tr>\n<tr style=\"height: 23px;\">\n<td style=\"height: 23px;\">Paine:<\/td>\n<td style=\"height: 23px;\">jopa 35 MPa<\/td>\n<\/tr>\n<tr style=\"height: 23px;\">\n<td style=\"height: 23px;\">Sovellukset:<\/td>\n<td style=\"height: 23px;\">Pinoamislaitteen kierr\u00e4tyslaite<\/td>\n<\/tr>\n<\/tbody>\n<\/table>\n<h2><img loading=\"lazy\" decoding=\"async\" class=\"alignnone  wp-image-801\" src=\"https:\/\/fmp-components.com\/wp-content\/uploads\/2024\/12\/Stacker-Reclaimer-Belt-Tensioning-Cylinder-1.webp\" alt=\"Pinoamislaitteen hihnan kiristyssylinteri\" width=\"865\" height=\"255\" title=\"\" srcset=\"https:\/\/fmp-components.com\/wp-content\/uploads\/2024\/12\/Stacker-Reclaimer-Belt-Tensioning-Cylinder-1.webp 865w, https:\/\/fmp-components.com\/wp-content\/uploads\/2024\/12\/Stacker-Reclaimer-Belt-Tensioning-Cylinder-1-480x141.webp 480w\" sizes=\"(min-width: 0px) and (max-width: 480px) 480px, (min-width: 481px) 865px, 100vw\" \/>Pinoamislaitteen hydraulisylinterin edut<\/h2>\n<p>Pinoamislaitteen hydraulisylinteri tarjoaa useita keskeisi\u00e4 etuja, jotka parantavat pinoamislaitteiden suorituskyky\u00e4 ja luotettavuutta irtomateriaalien k\u00e4sittelyss\u00e4.<\/p>\n<ol>\n<li><strong>Suuri kuormituskapasiteetti:<\/strong> T\u00e4m\u00e4 hydraulisylinteri on suunniteltu k\u00e4sittelem\u00e4\u00e4n merkitt\u00e4vi\u00e4 painoja, ja se varmistaa turvallisen ja tehokkaan toiminnan raskaissa nosto- ja materiaalink\u00e4sittelyteht\u00e4viss\u00e4, mik\u00e4 on ratkaisevan t\u00e4rke\u00e4\u00e4 tehokkaan suorituskyvyn kannalta teollisuusymp\u00e4rist\u00f6iss\u00e4.<\/li>\n<li><strong>Tarkka ohjaus:<\/strong> Hydraulij\u00e4rjestelm\u00e4 mahdollistaa sujuvat ja tarkat s\u00e4\u00e4d\u00f6t, joiden avulla k\u00e4ytt\u00e4j\u00e4t voivat sijoittaa pinoamisvaunun tehokkaasti. T\u00e4m\u00e4 tarkkuus v\u00e4hent\u00e4\u00e4 onnettomuusriski\u00e4 ja parantaa yleist\u00e4 toiminnan tehokkuutta.<\/li>\n<li><strong>Kest\u00e4v\u00e4 rakenne:<\/strong> Eritt\u00e4in lujista materiaaleista valmistettu hydraulisylinteri on rakennettu kest\u00e4m\u00e4\u00e4n ankaria teollisuusolosuhteita, kuten altistumista hankaaville materiaaleille, kosteudelle ja \u00e4\u00e4rimm\u00e4isille l\u00e4mp\u00f6tiloille, mik\u00e4 varmistaa kest\u00e4vyyden ja pitk\u00e4ik\u00e4isen suorituskyvyn.<\/li>\n<li><strong>Parannetut turvaominaisuudet:<\/strong> Ylikuormituksen est\u00e4miseksi ja turvallisen k\u00e4yt\u00f6n varmistamiseksi hydraulisylinteri suojaa sek\u00e4 k\u00e4ytt\u00e4ji\u00e4 ett\u00e4 laitteita materiaalink\u00e4sittelyprosessien aikana.<\/li>\n<li><strong>Tehokas toiminta:<\/strong> Tasainen hydraulinen toiminta minimoi sek\u00e4 sylinterin ett\u00e4 pinoamislaitteen kulumisen, mik\u00e4 v\u00e4hent\u00e4\u00e4 huoltotarvetta ja parantaa tuottavuutta.<\/li>\n<li><strong>Monipuolinen sovellus:<\/strong> T\u00e4m\u00e4 hydraulisylinteri soveltuu erilaisiin pinoamisvaunujen purkukokoonpanoihin ja mukautuu erilaisiin k\u00e4ytt\u00f6tarpeisiin, mik\u00e4 tekee siit\u00e4 ihanteellisen monenlaisiin irtotavaran k\u00e4sittelysovelluksiin.<\/li>\n<li><strong>V\u00e4h\u00e4iset huoltovaatimukset:<\/strong> Se on suunniteltu minimoimaan kulumisen, mik\u00e4 v\u00e4hent\u00e4\u00e4 huoltotarvetta ja seisokkiaikoja, mik\u00e4 johtaa alhaisempiin k\u00e4ytt\u00f6kustannuksiin ja lis\u00e4\u00e4ntyneeseen tuottavuuteen.<\/li>\n<li><strong>Parannettu materiaalink\u00e4sittely:<\/strong> Yll\u00e4pit\u00e4m\u00e4ll\u00e4 komponenttien optimaalista kireytt\u00e4 ja sijoittelua hydraulisylinteri parantaa pinoamis- ja kierr\u00e4tystoimintojen tehokkuutta, mik\u00e4 edist\u00e4\u00e4 irtomateriaalien parempaa kokonaishallintaa.<\/li>\n<\/ol>\n<p>Yhteenvetona voidaan todeta, ett\u00e4 pinoamisvaunun hydraulisylinteri on olennainen pinoamisvaunujen tehokkuuden, turvallisuuden ja luotettavuuden optimoimiseksi, mik\u00e4 parantaa merkitt\u00e4v\u00e4sti niiden suorituskyky\u00e4 erilaisissa teollisissa sovelluksissa.<\/p>\n<p><img loading=\"lazy\" decoding=\"async\" class=\"alignnone  wp-image-805\" src=\"https:\/\/fmp-components.com\/wp-content\/uploads\/2024\/12\/Chaser-Pitch-Cylinder-for-Stacker-Reclaimer.webp\" alt=\"Chaser-Pitch-sylinteri-pinoamiskoneen-kierr\u00e4tyskoneeseen\" width=\"911\" height=\"501\" title=\"\"><\/p>\n<h3>Tietoja FMP:st\u00e4<\/h3>\n<p>FMP on hydraulisten sylinterien tuotantoon erikoistunut konepajayritys. Perustamisestaan \u200b\u200bl\u00e4htien yritys on keskittynyt hydraulisen teknologian tutkimukseen ja valmistukseen ja siirtynyt menestyksekk\u00e4\u00e4sti monipuolisesta tuotevalikoimasta, joka sis\u00e4lsi sadonkorjuu- ja rakennuskoneita, maataloustraktorien osiin erikoistumiseen. Yli kymmenen vuoden kokemuksella valmistuksesta ja johtamisesta FMP varmistaa korkealaatuiset tuotteet edistyneiden tuotantotekniikoiden avulla.<\/p>\n<p>Yrityksen kehittyess\u00e4 se on kehitt\u00e4nyt kattavan koneistuslinjan, kokoonpanolinjan ja pinnoituslinjan. Tiimimme koostuu ammattitaitoisesta johtohenkil\u00f6st\u00f6st\u00e4, kokeneista mekaanisista suunnittelijoista ja korkeasti koulutetuista teknikoista, jotka ty\u00f6skentelev\u00e4t yhdess\u00e4 yll\u00e4pit\u00e4\u00e4kseen vakaata tuotannon laatua ja samalla tehokkaasti hallitakseen prosessin jatkuvuutta ja tehokkuutta.<\/p>\n<p>FMP noudattaa filosofiaa, jonka mukaan \u201dteknologinen innovaatio edist\u00e4\u00e4 kehityst\u00e4, laatu luo br\u00e4ndej\u00e4, k\u00e4sity\u00f6taito varmistaa laadun ja rakentaa pitk\u00e4aikaisia, kaikkia hy\u00f6dytt\u00e4vi\u00e4 suhteita\u201d. Sitoutumisemme korkealaatuisten tuotteiden ja erinomaisen asiakaspalvelun tarjoamiseen on edelleen keskeinen tavoitteemme, kun jatkamme markkinoiden kehittyvien tarpeiden t\u00e4ytt\u00e4mist\u00e4.<\/p>\n<p><img loading=\"lazy\" decoding=\"async\" class=\"alignnone size-full wp-image-426\" src=\"https:\/\/fmp-components.com\/wp-content\/uploads\/2024\/12\/Sanitation-Machinery-Locking-Hydraulic-Cylinder-factory.webp\" sizes=\"(min-width: 0px) and (max-width: 480px) 480px, (min-width: 481px) and (max-width: 980px) 980px, (min-width: 981px) and (max-width: 1280px) 1280px, (min-width: 1281px) 1414px, 100vw\" srcset=\"https:\/\/fmp-components.com\/wp-content\/uploads\/2024\/12\/Sanitation-Machinery-Locking-Hydraulic-Cylinder-factory.webp 1414w, https:\/\/fmp-components.com\/wp-content\/uploads\/2024\/12\/Sanitation-Machinery-Locking-Hydraulic-Cylinder-factory-1280x529.webp 1280w, https:\/\/fmp-components.com\/wp-content\/uploads\/2024\/12\/Sanitation-Machinery-Locking-Hydraulic-Cylinder-factory-980x405.webp 980w, https:\/\/fmp-components.com\/wp-content\/uploads\/2024\/12\/Sanitation-Machinery-Locking-Hydraulic-Cylinder-factory-480x198.webp 480w\" alt=\"Sanitaatio-Koneet-Lukitus-Hydraulinen-Sylinteri-tehdas\" width=\"1414\" height=\"584\" title=\"\"><\/p>\n<p>Tekij\u00e4: CX<\/p>","protected":false},"excerpt":{"rendered":"<p>Pinoamisvaunun hydraulisylinteri on t\u00e4rke\u00e4 hydraulinen komponentti irtomateriaalin k\u00e4sittelyj\u00e4rjestelmiss\u00e4, ja se on suunniteltu tarjoamaan pinoamisvaunuille ja purkuvaunuille tarvittavat nosto- ja liikeominaisuudet. T\u00e4m\u00e4 sylinteri mahdollistaa puomin ja muiden k\u00e4ytt\u00f6mekanismien tarkan hallinnan, mik\u00e4 mahdollistaa materiaalien, kuten hiilen, viljan ja mineraalien, tehokkaan pinoamisen ja purun. Se on valmistettu eritt\u00e4in lujista materiaaleista ja suunniteltu kest\u00e4m\u00e4\u00e4n teollisuusymp\u00e4rist\u00f6jen vaativia olosuhteita varmistaen kest\u00e4vyyden ja luotettavuuden raskaiden kuormien alla. Sujuva hydraulinen toiminta mahdollistaa nopeat s\u00e4\u00e4d\u00f6t ja parantaa toiminnan tehokkuutta, mik\u00e4 tekee siit\u00e4 olennaisen pinoamisvaunujen purkuvaunujen suorituskyvyn optimoinnissa erilaisissa sovelluksissa, kuten satamissa, voimalaitoksissa ja tuotantolaitoksissa.<\/p>","protected":false},"featured_media":796,"comment_status":"open","ping_status":"closed","template":"","meta":{"_et_pb_use_builder":"","_et_pb_old_content":"","_et_gb_content_width":""},"product_brand":[],"product_cat":[28],"product_tag":[],"class_list":{"0":"post-791","1":"product","2":"type-product","3":"status-publish","4":"has-post-thumbnail","6":"product_cat-offshore-hydraulic-cylinders","8":"first","9":"instock","10":"shipping-taxable","11":"product-type-simple"},"_links":{"self":[{"href":"https:\/\/fmp-components.com\/fi\/wp-json\/wp\/v2\/product\/791","targetHints":{"allow":["GET"]}}],"collection":[{"href":"https:\/\/fmp-components.com\/fi\/wp-json\/wp\/v2\/product"}],"about":[{"href":"https:\/\/fmp-components.com\/fi\/wp-json\/wp\/v2\/types\/product"}],"replies":[{"embeddable":true,"href":"https:\/\/fmp-components.com\/fi\/wp-json\/wp\/v2\/comments?post=791"}],"wp:featuredmedia":[{"embeddable":true,"href":"https:\/\/fmp-components.com\/fi\/wp-json\/wp\/v2\/media\/796"}],"wp:attachment":[{"href":"https:\/\/fmp-components.com\/fi\/wp-json\/wp\/v2\/media?parent=791"}],"wp:term":[{"taxonomy":"product_brand","embeddable":true,"href":"https:\/\/fmp-components.com\/fi\/wp-json\/wp\/v2\/product_brand?post=791"},{"taxonomy":"product_cat","embeddable":true,"href":"https:\/\/fmp-components.com\/fi\/wp-json\/wp\/v2\/product_cat?post=791"},{"taxonomy":"product_tag","embeddable":true,"href":"https:\/\/fmp-components.com\/fi\/wp-json\/wp\/v2\/product_tag?post=791"}],"curies":[{"name":"wp","href":"https:\/\/api.w.org\/{rel}","templated":true}]}}