{"id":7898,"date":"2025-04-09T08:43:15","date_gmt":"2025-04-09T08:43:15","guid":{"rendered":"https:\/\/fmp-components.com\/?post_type=product&#038;p=7898"},"modified":"2025-04-14T08:55:11","modified_gmt":"2025-04-14T08:55:11","slug":"internal-ring-gear","status":"publish","type":"product","link":"https:\/\/fmp-components.com\/fi\/product\/internal-ring-gear\/","title":{"rendered":"Sis\u00e4inen hammaspy\u00f6r\u00e4"},"content":{"rendered":"<h2>Sis\u00e4isten hammaskeh\u00e4vaihteiden ymm\u00e4rt\u00e4minen<\/h2>\n<div><\/div>\n<div>Sis\u00e4inen <a href=\"https:\/\/fmp-components.com\/fi\/ring-gear\/\">hammaspy\u00f6r\u00e4t<\/a> ovat olennaisia \u200b\u200bkomponentteja mekaanisissa j\u00e4rjestelmiss\u00e4, jotka on suunniteltu v\u00e4hent\u00e4m\u00e4\u00e4n nopeutta ja lis\u00e4\u00e4m\u00e4\u00e4n v\u00e4\u00e4nt\u00f6momenttia riviakselisovelluksissa. Toisin kuin ulkoisissa hammaspy\u00f6riss\u00e4, n\u00e4iss\u00e4 lieri\u00f6m\u00e4isiss\u00e4 hammaspy\u00f6riss\u00e4 on sis\u00e4halkaisijaan leikatut hampaat, joiden ansiosta ne sopivat saumattomasti lieri\u00f6hammaspy\u00f6riin tai hammaspy\u00f6riin. T\u00e4m\u00e4 rakenne mahdollistaa k\u00e4ytt\u00f6hammaspy\u00f6r\u00e4n py\u00f6rimisen hammaspy\u00f6r\u00e4n sis\u00e4ll\u00e4, mik\u00e4 tarjoaa tasaisen ja tehokkaan suorituskyvyn. Sis\u00e4isi\u00e4 hammaskeh\u00e4hammaspy\u00f6ri\u00e4 k\u00e4ytet\u00e4\u00e4n laajalti planeettavaihteistoissa, hammaspy\u00f6r\u00e4kytkimiss\u00e4 ja muissa kokoonpanoissa, jotka vaativat kompakteja, suurta v\u00e4\u00e4nt\u00f6momenttia vaativia ratkaisuja. N\u00e4iden hammaspy\u00f6rien valmistuksessa k\u00e4ytet\u00e4\u00e4n tyypillisesti hammaspy\u00f6r\u00e4n muotoilukoneita, joissa on hammaspy\u00f6r\u00e4leikkurit, vaikka nykyaikaiset tekniikat, kuten kaavin, ovat parantaneet tuotantotehokkuutta. Niiden monimutkainen geometria asettaa kuitenkin haasteita \u2013 erityisesti ohuemmille renkaille, joissa voi esiinty\u00e4 rakenteellisia eheysongelmia tai rasituksia koneistuksesta.<\/div>\n<h3>Tekniset tiedot<\/h3>\n<p>Sis\u00e4inen keh\u00e4py\u00f6r\u00e4, jonka vanteen sis\u00e4pinnalla on hammastus.<\/p>\n<table border=\"1\" width=\"881\" cellspacing=\"0\" cellpadding=\"0\">\n<tbody>\n<tr>\n<td height=\"39\">Tuotteet<\/td>\n<td>Sis\u00e4inen hammaspy\u00f6r\u00e4<\/td>\n<\/tr>\n<tr>\n<td height=\"39\">Mittatilausty\u00f6n\u00e4 tehty<\/td>\n<td>\u221a<\/td>\n<\/tr>\n<tr>\n<td height=\"39\">Vaihdeprofiilin tyyppi<\/td>\n<td>Sylinterim\u00e4inen rengasvaihde<\/td>\n<\/tr>\n<tr>\n<td height=\"39\">Vaihteiden hampaiden valmistus<\/td>\n<td>Vaihteiden muotoilu<\/td>\n<\/tr>\n<tr>\n<td height=\"39\">Vaihteiden hampaiden hionta<\/td>\n<td>* Tarvittaessa<\/td>\n<\/tr>\n<tr>\n<td height=\"39\">Moduuli (M)<\/td>\n<td>Mukautettu<\/td>\n<\/tr>\n<tr>\n<td height=\"39\">Hampaiden lukum\u00e4\u00e4r\u00e4 (Z)<\/td>\n<td>Mukautettu<\/td>\n<\/tr>\n<tr>\n<td>Painekulma (\u03b1)<\/td>\n<td>Mukautettu<\/td>\n<\/tr>\n<tr>\n<td height=\"31\">Kierteen kulma (\u03b2)<\/td>\n<td>Mukautettu<\/td>\n<\/tr>\n<tr>\n<td height=\"23\">Hampaiden tarkkuusluokka<\/td>\n<td>ISO 8-9 -luokka<\/td>\n<\/tr>\n<tr>\n<td height=\"15\">L\u00e4mp\u00f6k\u00e4sittely<\/td>\n<td>Sammutus ja p\u00e4\u00e4st\u00f6\/induktiokarkaisu<\/td>\n<\/tr>\n<tr>\n<td>Kovuus<\/td>\n<td>230\u2013260 HB<\/td>\n<\/tr>\n<\/tbody>\n<\/table>\n<p>&nbsp;<\/p>\n<table style=\"width: 99.1544%;\" border=\"1\" width=\"796\" cellspacing=\"0\" cellpadding=\"0\">\n<tbody>\n<tr>\n<td style=\"width: 116.377%;\" colspan=\"6\" height=\"36\">TER\u00c4SLAADUN VERTAILU<\/td>\n<\/tr>\n<tr>\n<td style=\"width: 18.5139%;\" height=\"36\">KIINA\/GB<\/td>\n<td style=\"width: 18.136%;\">ISO<\/td>\n<td style=\"width: 17.3804%;\">GOST<\/td>\n<td style=\"width: 10.0756%;\">ASTM<\/td>\n<td style=\"width: 16.4987%;\">JIS<\/td>\n<td style=\"width: 35.7722%;\">DIN-koodi<\/td>\n<\/tr>\n<tr>\n<td style=\"width: 18.5139%;\" height=\"36\">45<\/td>\n<td style=\"width: 18.136%;\">C45E4<\/td>\n<td style=\"width: 17.3804%;\">45<\/td>\n<td style=\"width: 10.0756%;\">1045<\/td>\n<td style=\"width: 16.4987%;\">S45C<\/td>\n<td style=\"width: 35.7722%;\">CK45<\/td>\n<\/tr>\n<tr>\n<td style=\"width: 18.5139%;\" height=\"36\">40Cr<\/td>\n<td style=\"width: 18.136%;\">41Cr4<\/td>\n<td style=\"width: 17.3804%;\">40 kertaa<\/td>\n<td style=\"width: 10.0756%;\">5140<\/td>\n<td style=\"width: 16.4987%;\">SCr440<\/td>\n<td style=\"width: 35.7722%;\">41Cr4<\/td>\n<\/tr>\n<tr>\n<td style=\"width: 18.5139%;\" height=\"36\">20CrMo<\/td>\n<td style=\"width: 18.136%;\">18CrMo4<\/td>\n<td style=\"width: 17.3804%;\">20HM<\/td>\n<td style=\"width: 10.0756%;\">4118<\/td>\n<td style=\"width: 16.4987%;\">SCM22<\/td>\n<td style=\"width: 35.7722%;\">25CrMo4<\/td>\n<\/tr>\n<tr>\n<td style=\"width: 18.5139%;\" height=\"36\">42CrMo<\/td>\n<td style=\"width: 18.136%;\">42CrMo4<\/td>\n<td style=\"width: 17.3804%;\">38XM<\/td>\n<td style=\"width: 10.0756%;\">4140<\/td>\n<td style=\"width: 16.4987%;\">SCM440<\/td>\n<td style=\"width: 35.7722%;\">42CrMo4<\/td>\n<\/tr>\n<tr>\n<td style=\"width: 18.5139%;\" height=\"36\">20CrMnTi<\/td>\n<td style=\"width: 18.136%;\"><\/td>\n<td style=\"width: 17.3804%;\">18X\u0413T<\/td>\n<td style=\"width: 10.0756%;\"><\/td>\n<td style=\"width: 16.4987%;\">SMK22<\/td>\n<td style=\"width: 35.7722%;\"><\/td>\n<\/tr>\n<tr>\n<td style=\"width: 18.5139%;\" height=\"36\">20Cr2Ni4<\/td>\n<td style=\"width: 18.136%;\"><\/td>\n<td style=\"width: 17.3804%;\">20X2H4A<\/td>\n<td style=\"width: 10.0756%;\"><\/td>\n<td style=\"width: 16.4987%;\"><\/td>\n<td style=\"width: 35.7722%;\"><\/td>\n<\/tr>\n<tr>\n<td style=\"width: 18.5139%;\" height=\"36\">20CrNiMo<\/td>\n<td style=\"width: 18.136%;\">20CrNiMo2<\/td>\n<td style=\"width: 17.3804%;\">20XHM<\/td>\n<td style=\"width: 10.0756%;\">8720<\/td>\n<td style=\"width: 16.4987%;\">SNCM220<\/td>\n<td style=\"width: 35.7722%;\">21NiCrMo2<\/td>\n<\/tr>\n<tr>\n<td style=\"width: 18.5139%;\" height=\"36\">40CrNiMoA<\/td>\n<td style=\"width: 18.136%;\"><\/td>\n<td style=\"width: 17.3804%;\">40XH2MA\/<br \/>\n40XHMA<\/td>\n<td style=\"width: 10.0756%;\">4340<\/td>\n<td style=\"width: 16.4987%;\">SNCM439<\/td>\n<td style=\"width: 35.7722%;\">40NiCrMo6\/<br \/>\n36NiCrMo4<\/td>\n<\/tr>\n<tr>\n<td style=\"width: 18.5139%;\" height=\"36\">20CrNi2Mo<\/td>\n<td style=\"width: 18.136%;\">20NiCrMo7<\/td>\n<td style=\"width: 17.3804%;\">20XH2MA<\/td>\n<td style=\"width: 10.0756%;\">4320<\/td>\n<td style=\"width: 16.4987%;\">SNCM420<\/td>\n<td style=\"width: 35.7722%;\"><\/td>\n<\/tr>\n<\/tbody>\n<\/table>\n<p><img loading=\"lazy\" decoding=\"async\" class=\"alignnone size-full wp-image-7899\" src=\"https:\/\/fmp-components.com\/wp-content\/uploads\/2025\/04\/internal-ring-gear-product-image.webp\" alt=\"sis\u00e4inen-keh\u00e4py\u00f6r\u00e4-tuotekuva\" width=\"2000\" height=\"1400\" title=\"\" srcset=\"https:\/\/fmp-components.com\/wp-content\/uploads\/2025\/04\/internal-ring-gear-product-image.webp 2000w, https:\/\/fmp-components.com\/wp-content\/uploads\/2025\/04\/internal-ring-gear-product-image-1280x896.webp 1280w, https:\/\/fmp-components.com\/wp-content\/uploads\/2025\/04\/internal-ring-gear-product-image-980x686.webp 980w, https:\/\/fmp-components.com\/wp-content\/uploads\/2025\/04\/internal-ring-gear-product-image-480x336.webp 480w\" sizes=\"(min-width: 0px) and (max-width: 480px) 480px, (min-width: 481px) and (max-width: 980px) 980px, (min-width: 981px) and (max-width: 1280px) 1280px, (min-width: 1281px) 2000px, 100vw\" \/><\/p>\n<h2>Suunnittelu- ja sovellusn\u00e4kemykset<\/h2>\n<div>Sis\u00e4puolisen hammaskeh\u00e4n suorituskyky riippuu keskeisist\u00e4 parametreista, kuten ulkohalkaisijasta, paksuudesta ja hammasprofiilista. Riitt\u00e4v\u00e4n suuri ulkohalkaisija varmistaa rakenteellisen vakauden, kun taas riitt\u00e4v\u00e4 paksuus est\u00e4\u00e4 liiallisen rasituksen k\u00e4yt\u00f6n aikana. N\u00e4m\u00e4 hammaspy\u00f6r\u00e4t voidaan valmistaa materiaaleista, kuten ter\u00e4ksest\u00e4, messingist\u00e4, pronssista tai muovista, ja karkaisu suoritetaan lujuus- ja kest\u00e4vyysvaatimusten mukaisesti. Kun hammaspy\u00f6r\u00e4\u00e4 yhdistet\u00e4\u00e4n lieri\u00f6py\u00f6r\u00e4\u00e4n tai hammaspy\u00f6r\u00e4\u00e4n, on t\u00e4rke\u00e4\u00e4 varmistaa yhteensopivuus nousun, puristuskulman ja kierukkakulman (kierrevaihteilla) suhteen, ja samalla on tarkistettava evolventti-, trokoidi- ja trimmaush\u00e4iri\u00f6t virheett\u00f6m\u00e4n toiminnan varmistamiseksi. Sis\u00e4puoliset hammaspy\u00f6r\u00e4t ovat loistavia planeettavaihteistoissa, sill\u00e4 ne tarjoavat erilaisia \u200b\u200bnopeusv\u00e4lityssuhteita ja py\u00f6rimissuuntia kokoonpanosta riippuen, mik\u00e4 tekee niist\u00e4 monipuolisen valinnan eri toimialoilla.<\/div>\n<div><img loading=\"lazy\" decoding=\"async\" class=\"size-full wp-image-7913 aligncenter\" src=\"https:\/\/fmp-components.com\/wp-content\/uploads\/2025\/04\/internal_spur_ring_gear.webp\" alt=\"sis\u00e4inen_kantapy\u00f6r\u00e4\" width=\"1024\" height=\"764\" title=\"\" srcset=\"https:\/\/fmp-components.com\/wp-content\/uploads\/2025\/04\/internal_spur_ring_gear.webp 1024w, https:\/\/fmp-components.com\/wp-content\/uploads\/2025\/04\/internal_spur_ring_gear-980x731.webp 980w, https:\/\/fmp-components.com\/wp-content\/uploads\/2025\/04\/internal_spur_ring_gear-480x358.webp 480w\" sizes=\"(min-width: 0px) and (max-width: 480px) 480px, (min-width: 481px) and (max-width: 980px) 980px, (min-width: 981px) 1024px, 100vw\" \/><\/div>\n<div>\n<h2>FMP: Luotettu kumppanisi Italiassa<\/h2>\n<p>FMP:ll\u00e4 olemme ylpeit\u00e4 voidessamme valmistaa laajan valikoiman sis\u00e4hammaspy\u00f6ri\u00e4 teollisuuden tarpeisiin kaikkialla Italiassa, Milanon kukoistavista valmistuskeskuksista Venetsian tarkkuustekniikan keskuksiin, Firenzen k\u00e4sity\u00f6pajoihin ja Bolognan autoteollisuuteen. Tuotevalikoimaamme kuuluu eri kokoisia ja eritelmi\u00e4 sis\u00e4lt\u00e4vi\u00e4 vakiohammaspy\u00f6ri\u00e4, mutta vahvuutemme on r\u00e4\u00e4t\u00e4l\u00f6inniss\u00e4 \u2013 ratkaisujen r\u00e4\u00e4t\u00e4l\u00f6imisess\u00e4 juuri sinun tarpeisiisi. Jos et n\u00e4e haluamaasi mallia tuoteluettelossamme, se tarkoittaa yksinkertaisesti sit\u00e4, ettemme ole viel\u00e4 listanneet sit\u00e4. Ota yhteytt\u00e4 s\u00e4hk\u00f6postitse ja kerro meille spesifikaatiosi, niin taitavat insin\u00f6\u00f6rimme vastaavat 24 tunnin kuluessa r\u00e4\u00e4t\u00e4l\u00f6idyll\u00e4 ratkaisulla.<\/p>\n<p><img loading=\"lazy\" decoding=\"async\" class=\"size-full wp-image-7914 aligncenter\" src=\"https:\/\/fmp-components.com\/wp-content\/uploads\/2025\/04\/fmp-ring-gear-product.webp\" alt=\"fmp-keh\u00e4py\u00f6r\u00e4tuote\" width=\"1040\" height=\"502\" title=\"\" srcset=\"https:\/\/fmp-components.com\/wp-content\/uploads\/2025\/04\/fmp-ring-gear-product.webp 1040w, https:\/\/fmp-components.com\/wp-content\/uploads\/2025\/04\/fmp-ring-gear-product-980x473.webp 980w, https:\/\/fmp-components.com\/wp-content\/uploads\/2025\/04\/fmp-ring-gear-product-480x232.webp 480w\" sizes=\"(min-width: 0px) and (max-width: 480px) 480px, (min-width: 481px) and (max-width: 980px) 980px, (min-width: 981px) 1040px, 100vw\" \/><\/p>\n<\/div>","protected":false},"excerpt":{"rendered":"<p>Understanding Internal Ring Gears Internal ring gears are essential components in mechanical systems designed to reduce speed and increase torque in inline shaft applications. Unlike external gears, these cylindrical gears feature teeth cut into the inside diameter, allowing them to mesh seamlessly with spur gears or pinions. This design enables the driving pinion to rotate [&hellip;]<\/p>","protected":false},"featured_media":7911,"comment_status":"open","ping_status":"closed","template":"","meta":{"_et_pb_use_builder":"","_et_pb_old_content":"","_et_gb_content_width":""},"product_brand":[],"product_cat":[114],"product_tag":[],"class_list":{"0":"post-7898","1":"product","2":"type-product","3":"status-publish","4":"has-post-thumbnail","6":"product_cat-ring-gear","8":"first","9":"instock","10":"shipping-taxable","11":"product-type-simple"},"_links":{"self":[{"href":"https:\/\/fmp-components.com\/fi\/wp-json\/wp\/v2\/product\/7898","targetHints":{"allow":["GET"]}}],"collection":[{"href":"https:\/\/fmp-components.com\/fi\/wp-json\/wp\/v2\/product"}],"about":[{"href":"https:\/\/fmp-components.com\/fi\/wp-json\/wp\/v2\/types\/product"}],"replies":[{"embeddable":true,"href":"https:\/\/fmp-components.com\/fi\/wp-json\/wp\/v2\/comments?post=7898"}],"wp:featuredmedia":[{"embeddable":true,"href":"https:\/\/fmp-components.com\/fi\/wp-json\/wp\/v2\/media\/7911"}],"wp:attachment":[{"href":"https:\/\/fmp-components.com\/fi\/wp-json\/wp\/v2\/media?parent=7898"}],"wp:term":[{"taxonomy":"product_brand","embeddable":true,"href":"https:\/\/fmp-components.com\/fi\/wp-json\/wp\/v2\/product_brand?post=7898"},{"taxonomy":"product_cat","embeddable":true,"href":"https:\/\/fmp-components.com\/fi\/wp-json\/wp\/v2\/product_cat?post=7898"},{"taxonomy":"product_tag","embeddable":true,"href":"https:\/\/fmp-components.com\/fi\/wp-json\/wp\/v2\/product_tag?post=7898"}],"curies":[{"name":"wp","href":"https:\/\/api.w.org\/{rel}","templated":true}]}}