{"id":7870,"date":"2025-04-09T06:42:37","date_gmt":"2025-04-09T06:42:37","guid":{"rendered":"https:\/\/fmp-components.com\/?post_type=product&#038;p=7870"},"modified":"2025-04-09T07:33:27","modified_gmt":"2025-04-09T07:33:27","slug":"herringbone-gear","status":"publish","type":"product","link":"https:\/\/fmp-components.com\/fi\/product\/herringbone-gear\/","title":{"rendered":"Kalanruotopyydykset"},"content":{"rendered":"<h2 class=\"\" dir=\"auto\">Mit\u00e4 ovat kalanruotovaihteet?<\/h2>\n<p class=\"break-words\" dir=\"auto\">Kalanruotohammaspy\u00f6r\u00e4 on tietyntyyppinen kaksoiskierukkahammaspy\u00f6r\u00e4, jolle on ominaista sen erottuva V-muotoinen hammaskuvio. Kuvittele kaksi kierukkahammaspy\u00f6r\u00e4\u00e4, joissa vastakkaiset k\u00e4det \u2013 vasen ja oikea \u2013 on liitetty vierekk\u00e4in. Ylh\u00e4\u00e4lt\u00e4 katsottuna urat muistuttavat kirjainta \"V\" ja muodostavat kalanruotokuvion, aivan kuten kalan luut. Toisin kuin tavalliset kierukkahammaspy\u00f6r\u00e4t, kalanruotohammaspy\u00f6r\u00e4t poistavat ylim\u00e4\u00e4r\u00e4isi\u00e4 aksiaalikuormia, koska toisen puolen ty\u00f6nt\u00f6voima kumoaa toisen puolen ty\u00f6nt\u00f6voiman. T\u00e4m\u00e4 ainutlaatuinen rakenne tekee niist\u00e4 ihanteellisia suuren v\u00e4\u00e4nt\u00f6momentin sovelluksiin, joissa vakaus ja tehokkuus ovat ensiarvoisen t\u00e4rkeit\u00e4.<\/p>\n<p dir=\"auto\"><img loading=\"lazy\" decoding=\"async\" class=\"size-full wp-image-7871 aligncenter\" src=\"https:\/\/fmp-components.com\/wp-content\/uploads\/2025\/04\/Herringbone-Gear-Product-Image-1.webp\" alt=\"Kalanruotopyydysten tuotekuva\" width=\"938\" height=\"312\" title=\"\" srcset=\"https:\/\/fmp-components.com\/wp-content\/uploads\/2025\/04\/Herringbone-Gear-Product-Image-1.webp 938w, https:\/\/fmp-components.com\/wp-content\/uploads\/2025\/04\/Herringbone-Gear-Product-Image-1-480x160.webp 480w\" sizes=\"(min-width: 0px) and (max-width: 480px) 480px, (min-width: 481px) 938px, 100vw\" \/><\/p>\n<h2 class=\"\" dir=\"auto\">Kalanruotovaihteiden edut<\/h2>\n<p class=\"break-words\" dir=\"auto\">Kalanruotokuvioiset pyydykset erottuvat joukosta useiden keskeisten etujen ansiosta:<\/p>\n<ul class=\"marker:text-secondary\" dir=\"auto\">\n<li class=\"break-words\">Ei aksiaalista kuormitusta: Vastakkaiset kierrehampaat neutraloivat aksiaalisen ty\u00f6nt\u00f6voiman, mik\u00e4 poistaa tarpeen suurille ty\u00f6nt\u00f6laakereille ja yksinkertaistaa mekaanisia rakenteita.<\/li>\n<li class=\"break-words\">Sujuva voimansiirto: Useat hampaat kytkeytyv\u00e4t samanaikaisesti, mik\u00e4 varmistaa sujuvan ja hiljaisen toiminnan minimoimalla t\u00e4rin\u00e4n \u2013 t\u00e4ydellinen tarkkuuskoneisiin.<\/li>\n<li class=\"break-words\">Suuri kuormituskapasiteetti: Pidennetty hampaan pituus mahdollistaa kalanruotokuvioisten hammaspy\u00f6rien merkitt\u00e4v\u00e4n v\u00e4\u00e4nt\u00f6momentin k\u00e4sittelyn, mik\u00e4 tekee niist\u00e4 erinomaisen valinnan raskaisiin laitteisiin.<\/li>\n<li class=\"break-words\">Parannettu kest\u00e4vyys: Tasapainoinen rakenne v\u00e4hent\u00e4\u00e4 kulumista ja pident\u00e4\u00e4 vaihteen k\u00e4ytt\u00f6ik\u00e4\u00e4 my\u00f6s vaativissa olosuhteissa.<\/li>\n<\/ul>\n<p class=\"break-words\" dir=\"auto\">N\u00e4m\u00e4 edut tekev\u00e4t kalanruotohammasrattaista ylivoimaisen vaihtoehdon perinteisille kierre- tai lieri\u00f6hammasrattaille tietyiss\u00e4 sovelluksissa.<\/p>\n<h2 dir=\"auto\">Kalanruotokuvioisten vaihteiden materiaali<\/h2>\n<p>Kalanruotohammaspy\u00f6rien valmistukseen k\u00e4ytet\u00e4\u00e4n yleens\u00e4 42CrMo-ter\u00e4st\u00e4 ja 40CrNiMo-ter\u00e4st\u00e4.<\/p>\n<table style=\"width: 97.0475%;\" border=\"1\" width=\"881\" cellspacing=\"0\" cellpadding=\"0\">\n<colgroup>\n<col \/>\n<col \/><\/colgroup>\n<tbody>\n<tr>\n<td style=\"width: 51.7084%;\" height=\"39\">Mittatilausty\u00f6n\u00e4 tehty<\/td>\n<td style=\"width: 51.7084%;\">\u221a<\/td>\n<\/tr>\n<tr>\n<td style=\"width: 51.7084%;\" height=\"39\">Vaihdeprofiilin tyyppi<\/td>\n<td style=\"width: 51.7084%;\">Kalanruoto<\/td>\n<\/tr>\n<tr>\n<td style=\"width: 51.7084%;\" height=\"39\">Vaihteiden hampaiden valmistus<\/td>\n<td style=\"width: 51.7084%;\">Hammaspy\u00f6rien jyrsint\u00e4<\/td>\n<\/tr>\n<tr>\n<td style=\"width: 51.7084%;\" height=\"39\">Vaihteiden hampaiden hionta<\/td>\n<td style=\"width: 51.7084%;\">Null<\/td>\n<\/tr>\n<tr>\n<td style=\"width: 51.7084%;\" height=\"39\">Moduuli (M)<\/td>\n<td style=\"width: 51.7084%;\">10<\/td>\n<\/tr>\n<tr>\n<td style=\"width: 51.7084%;\" height=\"39\">Hampaiden lukum\u00e4\u00e4r\u00e4 (Z)<\/td>\n<td style=\"width: 51.7084%;\"><span style=\"font-family: verdana, geneva, sans-serif;\">30<\/span><\/td>\n<\/tr>\n<tr>\n<td style=\"width: 51.7084%;\">Painekulma (\u03b1)<\/td>\n<td style=\"width: 51.7084%;\">20\u00b0<\/td>\n<\/tr>\n<tr>\n<td style=\"width: 51.7084%;\" height=\"31\">Kierteen kulma (\u03b2)<\/td>\n<td style=\"width: 51.7084%;\">Mukautettu<\/td>\n<\/tr>\n<tr>\n<td style=\"width: 51.7084%;\" height=\"23\">Hampaiden tarkkuusluokka<\/td>\n<td style=\"width: 51.7084%;\">ISO 8-9<\/td>\n<\/tr>\n<tr>\n<td style=\"width: 51.7084%;\" height=\"15\">L\u00e4mp\u00f6k\u00e4sittely<\/td>\n<td style=\"width: 51.7084%;\">Sammutus ja p\u00e4\u00e4st\u00f6<\/td>\n<\/tr>\n<\/tbody>\n<\/table>\n<p>&nbsp;<\/p>\n<table style=\"width: 99.0394%;\" border=\"1\" width=\"796\" cellspacing=\"0\" cellpadding=\"0\">\n<tbody>\n<tr>\n<td style=\"width: 116.625%;\" colspan=\"6\" height=\"36\">TER\u00c4SLAADUN VERTAILU<\/td>\n<\/tr>\n<tr>\n<td style=\"width: 18.5139%;\" height=\"36\">KIINA\/GB<\/td>\n<td style=\"width: 18.136%;\">ISO<\/td>\n<td style=\"width: 17.3804%;\">GOST<\/td>\n<td style=\"width: 10.0756%;\">ASTM<\/td>\n<td style=\"width: 16.4987%;\">JIS<\/td>\n<td style=\"width: 36.0202%;\">DIN-koodi<\/td>\n<\/tr>\n<tr>\n<td style=\"width: 18.5139%;\" height=\"36\">45<\/td>\n<td style=\"width: 18.136%;\">C45E4<\/td>\n<td style=\"width: 17.3804%;\">45<\/td>\n<td style=\"width: 10.0756%;\">1045<\/td>\n<td style=\"width: 16.4987%;\">S45C<\/td>\n<td style=\"width: 36.0202%;\">CK45<\/td>\n<\/tr>\n<tr>\n<td style=\"width: 18.5139%;\" height=\"36\">40Cr<\/td>\n<td style=\"width: 18.136%;\">41Cr4<\/td>\n<td style=\"width: 17.3804%;\">40 kertaa<\/td>\n<td style=\"width: 10.0756%;\">5140<\/td>\n<td style=\"width: 16.4987%;\">SCr440<\/td>\n<td style=\"width: 36.0202%;\">41Cr4<\/td>\n<\/tr>\n<tr>\n<td style=\"width: 18.5139%;\" height=\"36\">20CrMo<\/td>\n<td style=\"width: 18.136%;\">18CrMo4<\/td>\n<td style=\"width: 17.3804%;\">20HM<\/td>\n<td style=\"width: 10.0756%;\">4118<\/td>\n<td style=\"width: 16.4987%;\">SCM22<\/td>\n<td style=\"width: 36.0202%;\">25CrMo4<\/td>\n<\/tr>\n<tr>\n<td style=\"width: 18.5139%;\" height=\"36\">42CrMo<\/td>\n<td style=\"width: 18.136%;\">42CrMo4<\/td>\n<td style=\"width: 17.3804%;\">38XM<\/td>\n<td style=\"width: 10.0756%;\">4140<\/td>\n<td style=\"width: 16.4987%;\">SCM440<\/td>\n<td style=\"width: 36.0202%;\">42CrMo4<\/td>\n<\/tr>\n<tr>\n<td style=\"width: 18.5139%;\" height=\"36\">20CrMnTi<\/td>\n<td style=\"width: 18.136%;\"><\/td>\n<td style=\"width: 17.3804%;\">18X\u0413T<\/td>\n<td style=\"width: 10.0756%;\"><\/td>\n<td style=\"width: 16.4987%;\">SMK22<\/td>\n<td style=\"width: 36.0202%;\"><\/td>\n<\/tr>\n<tr>\n<td style=\"width: 18.5139%;\" height=\"36\">20Cr2Ni4<\/td>\n<td style=\"width: 18.136%;\"><\/td>\n<td style=\"width: 17.3804%;\">20X2H4A<\/td>\n<td style=\"width: 10.0756%;\"><\/td>\n<td style=\"width: 16.4987%;\"><\/td>\n<td style=\"width: 36.0202%;\"><\/td>\n<\/tr>\n<tr>\n<td style=\"width: 18.5139%;\" height=\"36\">20CrNiMo<\/td>\n<td style=\"width: 18.136%;\">20CrNiMo2<\/td>\n<td style=\"width: 17.3804%;\">20XHM<\/td>\n<td style=\"width: 10.0756%;\">8720<\/td>\n<td style=\"width: 16.4987%;\">SNCM220<\/td>\n<td style=\"width: 36.0202%;\">21NiCrMo2<\/td>\n<\/tr>\n<tr>\n<td style=\"width: 18.5139%;\" height=\"36\">40CrNiMoA<\/td>\n<td style=\"width: 18.136%;\"><\/td>\n<td style=\"width: 17.3804%;\">40XH2MA\/<br \/>\n40XHMA<\/td>\n<td style=\"width: 10.0756%;\">4340<\/td>\n<td style=\"width: 16.4987%;\">SNCM439<\/td>\n<td style=\"width: 36.0202%;\">40NiCrMo6\/<br \/>\n36NiCrMo4<\/td>\n<\/tr>\n<tr>\n<td style=\"width: 18.5139%;\" height=\"36\">20CrNi2Mo<\/td>\n<td style=\"width: 18.136%;\">20NiCrMo7<\/td>\n<td style=\"width: 17.3804%;\">20XH2MA<\/td>\n<td style=\"width: 10.0756%;\">4320<\/td>\n<td style=\"width: 16.4987%;\">SNCM420<\/td>\n<td style=\"width: 36.0202%;\"><\/td>\n<\/tr>\n<\/tbody>\n<\/table>\n<p><span style=\"color: #333333; font-size: 26px;\">Ero kierukkavaihteen ja kalanruotovaihteen v\u00e4lill\u00e4<\/span><\/p>\n<div>\n<p class=\"break-words\" dir=\"auto\">Mekaanisessa voimansiirrossa k\u00e4ytet\u00e4\u00e4n sek\u00e4 kierukka- ett\u00e4 kalanruotohammaspy\u00f6r\u00e4st\u00f6j\u00e4, jotka tarjoavat tasaisen ja hiljaisen toiminnan, mutta ne eroavat toisistaan \u200b\u200bmerkitt\u00e4v\u00e4sti suunnittelun, suorituskyvyn ja sovelluksen suhteen. Alla on ytimek\u00e4s vertailu:<\/p>\n<h3 dir=\"auto\">Keskeiset erot<\/h3>\n<ol class=\"marker:text-secondary\" dir=\"auto\">\n<li class=\"break-words\"><strong>Hampaiden suunnittelu<\/strong>\n<ul class=\"marker:text-secondary\" dir=\"auto\">\n<li class=\"break-words\"><strong>Kierukkavaihteisto<\/strong>Yksitt\u00e4iset kierrehampaat (vasen- tai oikeak\u00e4tiset).<\/li>\n<li class=\"break-words\"><strong>Kalanruotopyydykset<\/strong>Symmetrinen kaksoiskierre (vasen- ja oikeak\u00e4tinen yhdistettyn\u00e4).<\/li>\n<\/ul>\n<\/li>\n<li class=\"break-words\"><strong>Ty\u00f6nt\u00f6voima<\/strong>\n<ul class=\"marker:text-secondary\" dir=\"auto\">\n<li class=\"break-words\"><strong>Kierukkavaihteisto<\/strong>: Tuottaa aksiaalista ty\u00f6nt\u00f6voimaa, joka vaatii erikoislaakereita.<\/li>\n<li class=\"break-words\"><strong>Kalanruotopyydykset<\/strong>Symmetrinen rakenne poistaa aksiaalisen ty\u00f6nt\u00f6voiman.<\/li>\n<\/ul>\n<\/li>\n<li class=\"break-words\"><strong>Helix-kulma<\/strong>\n<ul class=\"marker:text-secondary\" dir=\"auto\">\n<li class=\"break-words\"><strong>Kierukkavaihteisto<\/strong>Rajoitettu 20\u201325\u00b0:een ty\u00f6nt\u00f6voiman vuoksi.<\/li>\n<li class=\"break-words\"><strong>Kalanruotopyydykset<\/strong>Jopa 45\u00b0, mik\u00e4 parantaa suorituskyky\u00e4.<\/li>\n<\/ul>\n<\/li>\n<li class=\"break-words\"><strong>Voimansiirto<\/strong>\n<ul class=\"marker:text-secondary\" dir=\"auto\">\n<li class=\"break-words\"><strong>Kierukkavaihteisto<\/strong>Aksiaalinen ty\u00f6nt\u00f6voima rajoittaa v\u00e4\u00e4nt\u00f6momenttikapasiteettia.<\/li>\n<li class=\"break-words\"><strong>Kalanruotopyydykset<\/strong>Suurempi v\u00e4\u00e4nt\u00f6momentti ilman aksiaalivoimaa.<\/li>\n<\/ul>\n<\/li>\n<li class=\"break-words\"><strong>Valmistuksen monimutkaisuus<\/strong>\n<ul class=\"marker:text-secondary\" dir=\"auto\">\n<li class=\"break-words\"><strong>Kierukkavaihteisto<\/strong>Yksinkertainen ja kustannustehokas.<\/li>\n<li class=\"break-words\"><strong>Kalanruotopyydykset<\/strong>Monimutkaista ja kallista.<\/li>\n<\/ul>\n<\/li>\n<li class=\"break-words\"><strong>Laakerit<\/strong>\n<ul class=\"marker:text-secondary\" dir=\"auto\">\n<li class=\"break-words\"><strong>Kierukkavaihteisto<\/strong>Tarvitsee s\u00e4teitt\u00e4iset ja aksiaaliset kuormalaakerit.<\/li>\n<li class=\"break-words\"><strong>Kalanruotopyydykset<\/strong>Vain s\u00e4teitt\u00e4iskuormaa kantavia laakereita tarvitaan.<\/li>\n<\/ul>\n<\/li>\n<li class=\"break-words\"><strong>Sovellukset<\/strong>\n<ul class=\"marker:text-secondary\" dir=\"auto\">\n<li class=\"break-words\"><strong>Kierukkavaihteisto<\/strong>Autoteollisuus, yleiskoneet.<\/li>\n<li class=\"break-words\"><strong>Kalanruotopyydykset<\/strong>Turbiinit, suuret vaihteistot.<\/li>\n<\/ul>\n<\/li>\n<\/ol>\n<table style=\"border-collapse: collapse; width: 101.998%; height: 28px;\" border=\"0\" width=\"160\" cellspacing=\"0\" cellpadding=\"0\">\n<tbody>\n<tr style=\"height: 14.40pt;\">\n<td class=\"et2\" style=\"height: 14px; width: 100%;\" colspan=\"2\" width=\"160\" height=\"24\"><img loading=\"lazy\" decoding=\"async\" class=\"alignnone size-full wp-image-7872\" src=\"https:\/\/fmp-components.com\/wp-content\/uploads\/2025\/04\/Difference-Between-Helical-Gear-and-Herringbone-Gear.webp\" alt=\"Ero kierukkavaihteen ja kalanruotovaihteen v\u00e4lill\u00e4\" width=\"1800\" height=\"600\" title=\"\" srcset=\"https:\/\/fmp-components.com\/wp-content\/uploads\/2025\/04\/Difference-Between-Helical-Gear-and-Herringbone-Gear.webp 1800w, https:\/\/fmp-components.com\/wp-content\/uploads\/2025\/04\/Difference-Between-Helical-Gear-and-Herringbone-Gear-1280x427.webp 1280w, https:\/\/fmp-components.com\/wp-content\/uploads\/2025\/04\/Difference-Between-Helical-Gear-and-Herringbone-Gear-980x327.webp 980w, https:\/\/fmp-components.com\/wp-content\/uploads\/2025\/04\/Difference-Between-Helical-Gear-and-Herringbone-Gear-480x160.webp 480w\" sizes=\"(min-width: 0px) and (max-width: 480px) 480px, (min-width: 481px) and (max-width: 980px) 980px, (min-width: 981px) and (max-width: 1280px) 1280px, (min-width: 1281px) 1800px, 100vw\" \/><\/td>\n<\/tr>\n<tr style=\"height: 14.40pt;\">\n<td style=\"height: 14px; width: 50.105%; text-align: center;\" align=\"right\" height=\"24\"><strong>Vasemmalla: tyypillinen kalanruotopyydys<\/strong><\/td>\n<td style=\"height: 14px; width: 49.895%; text-align: center;\" align=\"right\"><strong>oikealla: tyypillinen kaksoiskierukkavaihteisto<\/strong><\/td>\n<\/tr>\n<\/tbody>\n<\/table>\n<h3 dir=\"auto\">Vertailutaulukko<\/h3>\n<table style=\"width: 100%;\" border=\"1\" width=\"100%\" cellspacing=\"0\" cellpadding=\"0\">\n<thead class=\"border-b border-primary\/20\">\n<tr class=\"border-primary\/10\">\n<th class=\"break-words\"><strong>Aspect<\/strong><\/th>\n<th class=\"break-words\"><strong>Kierukkavaihteisto<\/strong><\/th>\n<th class=\"break-words\"><strong>Kalanruotopyydykset<\/strong><\/th>\n<\/tr>\n<\/thead>\n<tbody>\n<tr class=\"border-primary\/10\">\n<td class=\"break-words\">Hampaiden suunnittelu<\/td>\n<td class=\"break-words\">Yksitt\u00e4inen kierre<\/td>\n<td class=\"break-words\">Kaksinkertainen symmetrinen kierre<\/td>\n<\/tr>\n<tr class=\"border-primary\/10\">\n<td class=\"break-words\">Ty\u00f6nt\u00f6voima<\/td>\n<td class=\"break-words\">Esitt\u00e4\u00e4<\/td>\n<td class=\"break-words\">Ei mit\u00e4\u00e4n<\/td>\n<\/tr>\n<tr class=\"border-primary\/10\">\n<td class=\"break-words\">Helix-kulma<\/td>\n<td class=\"break-words\">20\u201325\u00b0<\/td>\n<td class=\"break-words\">Jopa 45\u00b0<\/td>\n<\/tr>\n<tr class=\"border-primary\/10\">\n<td class=\"break-words\">V\u00e4\u00e4nt\u00f6momenttikapasiteetti<\/td>\n<td class=\"break-words\">Alentaa<\/td>\n<td class=\"break-words\">Korkeampi<\/td>\n<\/tr>\n<tr class=\"border-primary\/10\">\n<td class=\"break-words\">Valmistus<\/td>\n<td class=\"break-words\">Yksinkertainen\/Halpa<\/td>\n<td class=\"break-words\">Monimutkainen\/kallis<\/td>\n<\/tr>\n<tr class=\"border-primary\/10\">\n<td class=\"break-words\">Laakerit<\/td>\n<td class=\"break-words\">Radiaalinen + Aksiaalinen<\/td>\n<td class=\"break-words\">Vain radiaalinen<\/td>\n<\/tr>\n<tr class=\"border-primary\/10\">\n<td class=\"break-words\">Sovellukset<\/td>\n<td class=\"break-words\">Autoteollisuus, koneet<\/td>\n<td class=\"break-words\">Turbiinit, suuret vaihteistot<\/td>\n<\/tr>\n<\/tbody>\n<\/table>\n<\/div>\n<h4 dir=\"auto\">Terminologiahuomautus<\/h4>\n<p class=\"break-words\" dir=\"auto\">\u201dKalanruotohammasrattaista\u201d tyypillisesti puuttuu keskeinen ura, kun taas \u201dkaksoiskierrehammasrattaista\u201d sellainen on, mutta molemmat poistavat aksiaalisen ty\u00f6nt\u00f6voiman.<\/p>\n<p class=\"break-words\" dir=\"auto\">Kierrevaihteet ovat kustannustehokkaita ja monipuolisia yleisk\u00e4ytt\u00f6\u00f6n, kun taas kalanruotovaihteet ovat erinomaisia \u200b\u200bsuuren v\u00e4\u00e4nt\u00f6momentin sovelluksissa korkeammista kustannuksista huolimatta.<\/p>\n<h2 class=\"\" dir=\"auto\">Kalanruotovaihteiden sovellukset<\/h2>\n<p class=\"break-words\" dir=\"auto\">Kalanruotokuvioiset vaihteet loistavat teollisuudenaloilla, jotka vaativat vankkaa ja luotettavaa voimansiirtoa. T\u00e4\u00e4lt\u00e4 l\u00f6yd\u00e4t niit\u00e4 Italiasta ja muualta:<\/p>\n<ul class=\"marker:text-secondary\" dir=\"auto\">\n<li class=\"break-words\">Raskaat koneet: Milanossa, teollisen innovaation keskuksessa, kalanruotokuvioiset hammaspy\u00f6r\u00e4t k\u00e4ytt\u00e4v\u00e4t suuria ty\u00f6st\u00f6koneita ja puristimia varmistaen tehokkuuden tuotantolaitoksissa.<\/li>\n<li class=\"break-words\">Veneiden propulsio: Venetsiassa, joka on kuuluisa merenkulkuperinn\u00f6st\u00e4\u00e4n, n\u00e4m\u00e4 vaihteet ovat olennainen osa laivojen vaihteistoja ja tuottavat luotettavaa v\u00e4\u00e4nt\u00f6momenttia alusten propulsiolle.<\/li>\n<li class=\"break-words\">Autoteollisuus: Bolognassa, Italian autoteollisuuden kulmakivess\u00e4, kalanruotokuvioiset hammaspy\u00f6r\u00e4t parantavat vaihteistoja ja tasauspy\u00f6r\u00e4st\u00f6j\u00e4, mik\u00e4 parantaa ajoneuvojen suorituskyky\u00e4.<\/li>\n<li class=\"break-words\">Energiasektori: Firenzess\u00e4, joka tunnetaan insin\u00f6\u00f6ritaidostaan, kalanruotopy\u00f6r\u00e4st\u00f6t py\u00f6ritt\u00e4v\u00e4t tuuliturbiineja ja kaasuturbiineja, mik\u00e4 tukee kest\u00e4vi\u00e4 energiaratkaisuja.<\/li>\n<\/ul>\n<p class=\"break-words\" dir=\"auto\">Teollisuuden mahtipontisista huipputeknologian yrityksist\u00e4 kalanruotopyydyksill\u00e4 on t\u00e4rke\u00e4 rooli Italian talouden liikkeess\u00e4 pit\u00e4misess\u00e4.<\/p>\n<h2 class=\"\" dir=\"auto\">Kalanruotokuvioisten hammaspy\u00f6rien valmistus<\/h2>\n<p class=\"break-words\" dir=\"auto\">Kalanruotohammaspy\u00f6rien valmistaminen ei ole yksinkertainen teht\u00e4v\u00e4. Niiden monimutkainen V-muotoinen rakenne asettaa haasteita, joita tavalliset hammaspy\u00f6r\u00e4njyrsinkoneet eiv\u00e4t pysty k\u00e4sittelem\u00e4\u00e4n \u2013 perinteiset jyrsimet saattavat h\u00e4irit\u00e4 hammaspy\u00f6r\u00e4n toista puoliskoa. Tarkkuuden saavuttamiseksi tarvitaan erikoislaitteita, kuten Sykesin hammaspy\u00f6r\u00e4nmuotoilija tai edistyneet CNC-koneet. Nykyaikaiset innovaatiot, kuten 3D-tulostus, ovat my\u00f6s mahdollistaneet kevyiden ja tarkkojen kalanruotohammaspy\u00f6rien valmistamisen. FMP:ll\u00e4 hy\u00f6dynn\u00e4mme huipputeknologiaa n\u00e4iden haasteiden ratkaisemiseksi varmistaen, ett\u00e4 jokainen hammaspy\u00f6r\u00e4 t\u00e4ytt\u00e4\u00e4 korkeimmat standardit.<\/p>\n<h2 dir=\"auto\">Liittyv\u00e4t kalanruotopyydykset<\/h2>\n<table style=\"border-collapse: collapse; width: 102.484%; height: 59px;\" border=\"0\" width=\"240\" cellspacing=\"0\" cellpadding=\"0\">\n<tbody>\n<tr style=\"height: 14.40pt;\">\n<td style=\"height: 14.4pt; width: 33.3333%;\" align=\"right\" width=\"80\" height=\"24\"><img loading=\"lazy\" decoding=\"async\" class=\"wp-image-7876 aligncenter\" src=\"https:\/\/fmp-components.com\/wp-content\/uploads\/2025\/04\/forged_steel_pinion_herringbone_gear.webp\" alt=\"taottu_ter\u00e4s_hammaspy\u00f6r\u00e4_kalanruotokuvioinen_vaihde\" width=\"305\" height=\"407\" title=\"\" srcset=\"https:\/\/fmp-components.com\/wp-content\/uploads\/2025\/04\/forged_steel_pinion_herringbone_gear.webp 300w, https:\/\/fmp-components.com\/wp-content\/uploads\/2025\/04\/forged_steel_pinion_herringbone_gear-225x300.webp 225w, https:\/\/fmp-components.com\/wp-content\/uploads\/2025\/04\/forged_steel_pinion_herringbone_gear-9x12.webp 9w\" sizes=\"(max-width: 305px) 100vw, 305px\" \/><\/td>\n<td style=\"width: 33.3333%;\" align=\"right\" width=\"80\"><img loading=\"lazy\" decoding=\"async\" class=\"size-full wp-image-7874 aligncenter\" src=\"https:\/\/fmp-components.com\/wp-content\/uploads\/2025\/04\/pinion_herringbone_gear_set_for_steel_factory.webp\" alt=\"ter\u00e4stehtaan_hammaspy\u00f6r\u00e4sarja_kalanruotokuviolla\" width=\"300\" height=\"400\" title=\"\" srcset=\"https:\/\/fmp-components.com\/wp-content\/uploads\/2025\/04\/pinion_herringbone_gear_set_for_steel_factory.webp 300w, https:\/\/fmp-components.com\/wp-content\/uploads\/2025\/04\/pinion_herringbone_gear_set_for_steel_factory-225x300.webp 225w, https:\/\/fmp-components.com\/wp-content\/uploads\/2025\/04\/pinion_herringbone_gear_set_for_steel_factory-9x12.webp 9w\" sizes=\"(max-width: 300px) 100vw, 300px\" \/><\/td>\n<td style=\"width: 33.3333%;\" align=\"right\" width=\"80\"><img loading=\"lazy\" decoding=\"async\" class=\"size-full wp-image-7875 aligncenter\" src=\"https:\/\/fmp-components.com\/wp-content\/uploads\/2025\/04\/steel_pinion_herringbone_gear_transmission_parts.webp\" alt=\"ter\u00e4shammaspy\u00f6r\u00e4n_kalanruotokuvioiset_vaihteiston_osat\" width=\"300\" height=\"400\" title=\"\" srcset=\"https:\/\/fmp-components.com\/wp-content\/uploads\/2025\/04\/steel_pinion_herringbone_gear_transmission_parts.webp 300w, https:\/\/fmp-components.com\/wp-content\/uploads\/2025\/04\/steel_pinion_herringbone_gear_transmission_parts-225x300.webp 225w, https:\/\/fmp-components.com\/wp-content\/uploads\/2025\/04\/steel_pinion_herringbone_gear_transmission_parts-9x12.webp 9w\" sizes=\"(max-width: 300px) 100vw, 300px\" \/><\/td>\n<\/tr>\n<\/tbody>\n<\/table>\n<table style=\"border-collapse: collapse; width: 104.234%; height: 11px;\" border=\"0\" width=\"240\" cellspacing=\"0\" cellpadding=\"0\">\n<tbody>\n<tr style=\"height: 14.40pt;\">\n<td style=\"height: 14.4pt; width: 32.888%;\" align=\"right\" width=\"80\" height=\"24\"><img loading=\"lazy\" decoding=\"async\" class=\"size-full wp-image-7877 aligncenter\" src=\"https:\/\/fmp-components.com\/wp-content\/uploads\/2025\/04\/steel_double_helical_gear_transmission_gears.webp\" alt=\"ter\u00e4ksiset_kaksoiskierrevaihteiset_vaihteet\" width=\"560\" height=\"400\" title=\"\" srcset=\"https:\/\/fmp-components.com\/wp-content\/uploads\/2025\/04\/steel_double_helical_gear_transmission_gears.webp 560w, https:\/\/fmp-components.com\/wp-content\/uploads\/2025\/04\/steel_double_helical_gear_transmission_gears-480x343.webp 480w\" sizes=\"(min-width: 0px) and (max-width: 480px) 480px, (min-width: 481px) 560px, 100vw\" \/><\/td>\n<td style=\"width: 34.3268%;\" align=\"right\" width=\"80\"><img loading=\"lazy\" decoding=\"async\" class=\"size-full wp-image-7879 aligncenter\" src=\"https:\/\/fmp-components.com\/wp-content\/uploads\/2025\/04\/transmission_herringbone_gears_shaft_16_teeth.webp\" alt=\"vaihteiston_kalanruotokuvioiset_vaihteet_akseli_16_hammasta\" width=\"560\" height=\"373\" title=\"\" srcset=\"https:\/\/fmp-components.com\/wp-content\/uploads\/2025\/04\/transmission_herringbone_gears_shaft_16_teeth.webp 560w, https:\/\/fmp-components.com\/wp-content\/uploads\/2025\/04\/transmission_herringbone_gears_shaft_16_teeth-480x320.webp 480w\" sizes=\"(min-width: 0px) and (max-width: 480px) 480px, (min-width: 481px) 560px, 100vw\" \/><\/td>\n<td style=\"width: 32.6824%;\" align=\"right\" width=\"80\"><img loading=\"lazy\" decoding=\"async\" class=\"size-full wp-image-7878 aligncenter\" src=\"https:\/\/fmp-components.com\/wp-content\/uploads\/2025\/04\/oem_zero_gap_double_helical_and_herringbone_gears_iso_8_9.webp\" alt=\"oem_zero_ground_double_helical_and_herringbone_gears\" width=\"1024\" height=\"730\" title=\"\" srcset=\"https:\/\/fmp-components.com\/wp-content\/uploads\/2025\/04\/oem_zero_gap_double_helical_and_herringbone_gears_iso_8_9.webp 1024w, https:\/\/fmp-components.com\/wp-content\/uploads\/2025\/04\/oem_zero_gap_double_helical_and_herringbone_gears_iso_8_9-980x699.webp 980w, https:\/\/fmp-components.com\/wp-content\/uploads\/2025\/04\/oem_zero_gap_double_helical_and_herringbone_gears_iso_8_9-480x342.webp 480w\" sizes=\"(min-width: 0px) and (max-width: 480px) 480px, (min-width: 481px) and (max-width: 980px) 980px, (min-width: 981px) 1024px, 100vw\" \/><\/td>\n<\/tr>\n<\/tbody>\n<\/table>\n<h2 class=\"\" dir=\"auto\">FMP-yritys: Kalanruotokuvioisten varusteiden asiantuntijasi<\/h2>\n<p>FMP Companylla olemme ylpeit\u00e4 siit\u00e4, ett\u00e4 olemme johtava vinohampaisten hammaspy\u00f6rien valmistaja, ja erityisesti kalanruotohammasrattaat ovat erityisen suosittuja. Olitpa sitten Milanossa, Venetsiassa, Firenzess\u00e4 tai Bolognassa, tuotteemme palvelevat kaikkia teollisuudenaloja autoteollisuudesta meri- ja energiateollisuuteen. Tarjoamme laajan valikoiman vinohampaisia \u200b\u200bhammasrattaita, ja kalanruotohammasrattaamme on suunniteltu tarjoamaan poikkeuksellista suorituskyky\u00e4 suuren v\u00e4\u00e4nt\u00f6momentin ymp\u00e4rist\u00f6iss\u00e4.<\/p>\n<p>Etsitk\u00f6 tietty\u00e4 kalanruotokuvioista hammaspy\u00f6r\u00e4\u00e4? Tarjoamme r\u00e4\u00e4t\u00e4l\u00f6ityj\u00e4 ratkaisuja tarpeisiisi. Jos et l\u00f6yd\u00e4 haluamaasi mallia tuoteluettelostamme, \u00e4l\u00e4 huoli \u2013 sit\u00e4 ei ehk\u00e4 ole viel\u00e4 ladattu. L\u00e4het\u00e4 meille vain s\u00e4hk\u00f6postia ja kerro spesifikaatiosi, niin ammattitaitoiset insin\u00f6\u00f6rimme vastaavat 24 tunnin kuluessa r\u00e4\u00e4t\u00e4l\u00f6idyll\u00e4 ratkaisulla. Ota yhteytt\u00e4 jo t\u00e4n\u00e4\u00e4n ja selvit\u00e4, kuinka FMP voi nostaa koneesi uudelle tasolle huippulaatuisilla kalanruotokuvioisilla hammaspy\u00f6rill\u00e4.<\/p>\n<p>Kalanruotokuvioiset hammaspy\u00f6r\u00e4t ovat osoitus insin\u00f6\u00f6ritaidon kekseli\u00e4isyydest\u00e4 ja tarjoavat vertaansa vailla olevaa lujuutta ja tehokkuutta suuren v\u00e4\u00e4nt\u00f6momentin sovelluksiin. FMP Companylla olemme sitoutuneet toimittamaan n\u00e4it\u00e4 edistyneit\u00e4 hammaspy\u00f6ri\u00e4 asiakkaille kaikkialla Italiassa ja muuallakin. Ota meihin yhteytt\u00e4 s\u00e4hk\u00f6postitse keskustellaksesi tarpeistasi \u2013 tiimimme on valmis tarjoamaan t\u00e4ydellisen hammaspy\u00f6r\u00e4ratkaisun 24 tunnin kuluessa. Anna FMP:n olla kumppanisi tarkkuustekniikassa!<\/p>","protected":false},"excerpt":{"rendered":"<p>What Are Herringbone Gears? A herringbone gear is a specific type of double helical gear characterized by its distinctive V-shaped tooth pattern. Imagine two helical gears with opposite hands\u2014left and right\u2014joined side by side. From above, the grooves resemble the letter &#8220;V,&#8221; forming a herringbone pattern, much like the bones of a fish. Unlike standard [&hellip;]<\/p>","protected":false},"featured_media":7880,"comment_status":"open","ping_status":"closed","template":"","meta":{"_et_pb_use_builder":"","_et_pb_old_content":"","_et_gb_content_width":""},"product_brand":[],"product_cat":[108],"product_tag":[],"class_list":{"0":"post-7870","1":"product","2":"type-product","3":"status-publish","4":"has-post-thumbnail","6":"product_cat-helical-gear","8":"first","9":"instock","10":"shipping-taxable","11":"product-type-simple"},"_links":{"self":[{"href":"https:\/\/fmp-components.com\/fi\/wp-json\/wp\/v2\/product\/7870","targetHints":{"allow":["GET"]}}],"collection":[{"href":"https:\/\/fmp-components.com\/fi\/wp-json\/wp\/v2\/product"}],"about":[{"href":"https:\/\/fmp-components.com\/fi\/wp-json\/wp\/v2\/types\/product"}],"replies":[{"embeddable":true,"href":"https:\/\/fmp-components.com\/fi\/wp-json\/wp\/v2\/comments?post=7870"}],"wp:featuredmedia":[{"embeddable":true,"href":"https:\/\/fmp-components.com\/fi\/wp-json\/wp\/v2\/media\/7880"}],"wp:attachment":[{"href":"https:\/\/fmp-components.com\/fi\/wp-json\/wp\/v2\/media?parent=7870"}],"wp:term":[{"taxonomy":"product_brand","embeddable":true,"href":"https:\/\/fmp-components.com\/fi\/wp-json\/wp\/v2\/product_brand?post=7870"},{"taxonomy":"product_cat","embeddable":true,"href":"https:\/\/fmp-components.com\/fi\/wp-json\/wp\/v2\/product_cat?post=7870"},{"taxonomy":"product_tag","embeddable":true,"href":"https:\/\/fmp-components.com\/fi\/wp-json\/wp\/v2\/product_tag?post=7870"}],"curies":[{"name":"wp","href":"https:\/\/api.w.org\/{rel}","templated":true}]}}