{"id":7819,"date":"2025-04-08T06:29:58","date_gmt":"2025-04-08T06:29:58","guid":{"rendered":"https:\/\/fmp-components.com\/?post_type=product&#038;p=7819"},"modified":"2025-04-08T06:39:47","modified_gmt":"2025-04-08T06:39:47","slug":"differential-ring-and-pinion-gears10-bolt-fmp-d35-456","status":"publish","type":"product","link":"https:\/\/fmp-components.com\/fi\/product\/differential-ring-and-pinion-gears10-bolt-fmp-d35-456\/","title":{"rendered":"Differentiaalin hammaspy\u00f6r\u00e4t ja vetopy\u00f6r\u00e4t (10 pulttia) FMP-D35-456"},"content":{"rendered":"<h2>Tekniset tiedot<\/h2>\n<table style=\"width: 100%;\" border=\"1\" width=\"100%\" cellspacing=\"0\" cellpadding=\"0\">\n<thead>\n<tr>\n<th><strong>Tekniset tiedot<\/strong><\/th>\n<th><strong>Arvo<\/strong><\/th>\n<\/tr>\n<\/thead>\n<tbody>\n<tr>\n<td>Sovellusmalli<\/td>\n<td>Dana 35 Standard<\/td>\n<\/tr>\n<tr>\n<td>Kansipultin m\u00e4\u00e4r\u00e4<\/td>\n<td>10<\/td>\n<\/tr>\n<tr>\n<td>Differentiaalin kantoaallon jarru<\/td>\n<td>3,54 Suhde ja korkeampi<\/td>\n<\/tr>\n<tr>\n<td>Differentiaalikotelon suunnittelutyyppi<\/td>\n<td>Dana 35<\/td>\n<\/tr>\n<tr>\n<td>Vaihdesuhde<\/td>\n<td>4.56<\/td>\n<\/tr>\n<tr>\n<td>Hammaspy\u00f6r\u00e4n hampaiden m\u00e4\u00e4r\u00e4<\/td>\n<td>9<\/td>\n<\/tr>\n<tr>\n<td>Hammaspy\u00f6r\u00e4n akselin halkaisija<\/td>\n<td>1,376 (tuumaa)<\/td>\n<\/tr>\n<tr>\n<td>Hammaspy\u00f6r\u00e4n urien lukum\u00e4\u00e4r\u00e4<\/td>\n<td>26<\/td>\n<\/tr>\n<tr>\n<td>Rengaspy\u00f6r\u00e4n pultin m\u00e4\u00e4r\u00e4<\/td>\n<td>8<\/td>\n<\/tr>\n<tr>\n<td>Rengaspy\u00f6r\u00e4n materiaali<\/td>\n<td>8620 Ter\u00e4s<\/td>\n<\/tr>\n<tr>\n<td>Rengasvaihteen ulkohalkaisija<\/td>\n<td>7,5 (tuumaa)<\/td>\n<\/tr>\n<tr>\n<td>Rengaspy\u00f6r\u00e4n py\u00f6riminen<\/td>\n<td>Standardi<\/td>\n<\/tr>\n<tr>\n<td>Rengaspy\u00f6r\u00e4n hampaan m\u00e4\u00e4r\u00e4<\/td>\n<td>41<\/td>\n<\/tr>\n<tr>\n<td>Taksonomia A<\/td>\n<td>LD-differentiaali<\/td>\n<\/tr>\n<tr>\n<td>Taksonomia B<\/td>\n<td>Rengas ja hammaspy\u00f6r\u00e4<\/td>\n<\/tr>\n<tr>\n<td>Taksonomia C<\/td>\n<td>Edess\u00e4, takana<\/td>\n<\/tr>\n<tr>\n<td>Taksonomia D<\/td>\n<td>4.56<\/td>\n<\/tr>\n<\/tbody>\n<\/table>\n<div>\u00a0<img loading=\"lazy\" decoding=\"async\" class=\"size-full wp-image-7821 aligncenter\" src=\"https:\/\/fmp-components.com\/wp-content\/uploads\/2025\/04\/FMP_D35_456_5.webp\" alt=\"FMP_D35_456\" width=\"1500\" height=\"500\" title=\"\" srcset=\"https:\/\/fmp-components.com\/wp-content\/uploads\/2025\/04\/FMP_D35_456_5.webp 1500w, https:\/\/fmp-components.com\/wp-content\/uploads\/2025\/04\/FMP_D35_456_5-1280x427.webp 1280w, https:\/\/fmp-components.com\/wp-content\/uploads\/2025\/04\/FMP_D35_456_5-980x327.webp 980w, https:\/\/fmp-components.com\/wp-content\/uploads\/2025\/04\/FMP_D35_456_5-480x160.webp 480w\" sizes=\"(min-width: 0px) and (max-width: 480px) 480px, (min-width: 481px) and (max-width: 980px) 980px, (min-width: 981px) and (max-width: 1280px) 1280px, (min-width: 1281px) 1500px, 100vw\" \/><\/div>\n<div class=\"Message_messageMetadataContainer__nBPq7\">\n<h3 class=\"\" dir=\"auto\">FMP: Ensiluokkaiset rengas- ja hammaspy\u00f6r\u00e4ratkaisut<\/h3>\n<p class=\"break-words\" dir=\"auto\">FMP:ll\u00e4 valmistamme ylpe\u00e4n\u00e4 huippuluokan hammaspy\u00f6r\u00e4sarjoja, jotka on suunniteltu yhteensopiviksi Fordin 10,5-tuumaisten tasauspy\u00f6r\u00e4st\u00f6jen kanssa. Ne tarjoavat poikkeuksellista suorituskyky\u00e4 kuljettajille erilaisissa maastoissa. Ajatpa sitten karuilla maastopoluilla tai sujuvasti moottoritiell\u00e4, ensiluokkaiset hammaspy\u00f6r\u00e4sarjamme on suunniteltu parantamaan ajokokemustasi. Yli 40 vuoden kokemuksella FMP on sitoutunut tarjoamaan korkealaatuisia komponentteja, jotka parantavat ajoneuvojen suorituskyky\u00e4 varmistaen, ett\u00e4 nautit sek\u00e4 tehosta ett\u00e4 tarkkuudesta ratin takana.<\/p>\n<p class=\"break-words\" dir=\"auto\">Hammaspy\u00f6r\u00e4- ja vetopy\u00f6r\u00e4sarjamme tarjoavat useita t\u00e4rkeit\u00e4 etuja, jotka on r\u00e4\u00e4t\u00e4l\u00f6ity tarpeisiisi. Ne on valmistettu korkealaatuisesta ter\u00e4ksest\u00e4 edistyneiden tarkkuusleikkaus- ja l\u00e4mp\u00f6k\u00e4sittelyprosessien avulla, ja ne tarjoavat erinomaisen lujuuden ja kest\u00e4vyyden, t\u00e4ytt\u00e4en tai ylitt\u00e4en alkuper\u00e4islaitteiden standardit. T\u00e4m\u00e4 varmistaa luotettavan suorituskyvyn p\u00e4ivitt\u00e4isiss\u00e4 ajo-olosuhteissa tai \u00e4\u00e4rimm\u00e4isiss\u00e4 maastohaasteissa. Optimoidut v\u00e4lityssuhteet parantavat v\u00e4\u00e4nt\u00f6momentin v\u00e4lityst\u00e4 paremman pidon, vetotehokkuuden ja hallinnan saavuttamiseksi samalla parantaen polttoainetehokkuutta moottoritienopeuksilla yll\u00e4pit\u00e4m\u00e4ll\u00e4 ihanteelliset moottorin kierrosluvut. Lis\u00e4ksi vaihteistomme on suunniteltu helposti asennettaviksi ja hiljaisiksi, mik\u00e4 poistaa ei-toivotun melun mukavaa ajoa varten.<\/p>\n<p class=\"break-words\" dir=\"auto\">FMP seisoo jokaisen tuotteen takana luottavaisin mielin ja tarjoaa kahden vuoden takuun valmistusvirheit\u00e4 vastaan. Hammaspy\u00f6r\u00e4- ja vetopy\u00f6r\u00e4sarjamme testataan huolellisesti katu-, maasto- ja jopa kilpa-ajoon, mik\u00e4 tekee niist\u00e4 luotettavan valinnan niin harrastajille kuin ammattilaisillekin. P\u00e4ivitys FMP:ll\u00e4 ei ole vain muutos \u2013 se on investointi suorituskykyyn, tehokkuuteen ja pitk\u00e4aikaiseen luotettavuuteen. Jos tarvitset r\u00e4\u00e4t\u00e4l\u00f6ityj\u00e4 ratkaisuja tai sinulla on erityisi\u00e4 tiedusteluja, ota meihin yhteytt\u00e4, niin omistautunut tiimimme varmistaa, ett\u00e4 saat t\u00e4ydellisen vaihteiston ajoneuvoosi.<\/p>\n<\/div>","protected":false},"excerpt":{"rendered":"<p>Specification Specification Value App Model Dana 35 Standard Cover Bolt Quantity 10 Differential Carrier Break 3.54 Ratio and Higher Differential Case Design Type Dana 35 Gear Ratio 4.56 Pinion Gear Tooth Quantity 9 Pinion Shaft Diameter 1.376 (Inch) Pinion Spline Count 26 Ring Gear Bolt Quantity 8 Ring Gear Material 8620 Steel Ring Gear Outside [&hellip;]<\/p>","protected":false},"featured_media":7820,"comment_status":"open","ping_status":"closed","template":"","meta":{"_et_pb_use_builder":"","_et_pb_old_content":"","_et_gb_content_width":""},"product_brand":[],"product_cat":[115],"product_tag":[],"class_list":{"0":"post-7819","1":"product","2":"type-product","3":"status-publish","4":"has-post-thumbnail","6":"product_cat-ring-and-pinion-gears","8":"first","9":"instock","10":"shipping-taxable","11":"product-type-simple"},"_links":{"self":[{"href":"https:\/\/fmp-components.com\/fi\/wp-json\/wp\/v2\/product\/7819","targetHints":{"allow":["GET"]}}],"collection":[{"href":"https:\/\/fmp-components.com\/fi\/wp-json\/wp\/v2\/product"}],"about":[{"href":"https:\/\/fmp-components.com\/fi\/wp-json\/wp\/v2\/types\/product"}],"replies":[{"embeddable":true,"href":"https:\/\/fmp-components.com\/fi\/wp-json\/wp\/v2\/comments?post=7819"}],"wp:featuredmedia":[{"embeddable":true,"href":"https:\/\/fmp-components.com\/fi\/wp-json\/wp\/v2\/media\/7820"}],"wp:attachment":[{"href":"https:\/\/fmp-components.com\/fi\/wp-json\/wp\/v2\/media?parent=7819"}],"wp:term":[{"taxonomy":"product_brand","embeddable":true,"href":"https:\/\/fmp-components.com\/fi\/wp-json\/wp\/v2\/product_brand?post=7819"},{"taxonomy":"product_cat","embeddable":true,"href":"https:\/\/fmp-components.com\/fi\/wp-json\/wp\/v2\/product_cat?post=7819"},{"taxonomy":"product_tag","embeddable":true,"href":"https:\/\/fmp-components.com\/fi\/wp-json\/wp\/v2\/product_tag?post=7819"}],"curies":[{"name":"wp","href":"https:\/\/api.w.org\/{rel}","templated":true}]}}