{"id":7790,"date":"2025-04-04T07:52:48","date_gmt":"2025-04-04T07:52:48","guid":{"rendered":"https:\/\/fmp-components.com\/?post_type=product&#038;p=7790"},"modified":"2025-04-04T07:53:35","modified_gmt":"2025-04-04T07:53:35","slug":"planetary-ring-gear-2","status":"publish","type":"product","link":"https:\/\/fmp-components.com\/fi\/product\/planetary-ring-gear-2\/","title":{"rendered":"Planeettapy\u00f6r\u00e4n rengas"},"content":{"rendered":"<p>Planeettapy\u00f6r\u00e4, joka tunnetaan my\u00f6s nimell\u00e4 sis\u00e4inen <a href=\"https:\/\/fmp-components.com\/fi\/ring-gear\/\">hammaspy\u00f6r\u00e4<\/a>, on planeettavaihteistojen keskeinen komponentti, jonka hampaat on leikattu sylinterim\u00e4isen renkaan sis\u00e4pinnalle. Se on kytkeytynyt useisiin planeettavaihteisiin, jotka kiert\u00e4v\u00e4t keskell\u00e4 olevaa aurinkopy\u00f6r\u00e4\u00e4, mik\u00e4 mahdollistaa kompaktin, suuren v\u00e4\u00e4nt\u00f6momentin omaavan voimansiirron erinomaisella hy\u00f6tysuhteella. Tyypillisesti evolventtisella hammasprofiililla suunniteltu laakeri varmistaa tasaisen toiminnan ja tasaisen kuorman jakautumisen, kun taas sen suuri halkaisija ja sis\u00e4inen suuntaus mahdollistavat suuret vaihteiden alennussuhteet rajoitetussa tilassa. T\u00e4m\u00e4n vuoksi sit\u00e4 k\u00e4ytet\u00e4\u00e4n laajalti sovelluksissa, kuten autojen vaihteistoissa, teollisuuskoneissa ja ilmailu- ja avaruusj\u00e4rjestelmiss\u00e4.<\/p>\n<h2>Tekniset tiedot<\/h2>\n<table style=\"width: 100%;\" border=\"1\" width=\"100%\" cellspacing=\"0\" cellpadding=\"0\">\n<tbody>\n<tr>\n<td width=\"80\">Mallinumero<\/td>\n<td width=\"531\">M3, M4, M5, M8, M12 ja niin edelleen.<\/td>\n<\/tr>\n<tr>\n<td width=\"80\">Materiaali<\/td>\n<td width=\"531\">Messinki, C45-ter\u00e4s, ruostumaton ter\u00e4s, kupari, POM, alumiini, seos ja niin edelleen<\/td>\n<\/tr>\n<tr>\n<td rowspan=\"2\" width=\"80\">Pintak\u00e4sittely<\/td>\n<td width=\"531\">Sinkitty, nikkel\u00f6ity, passivointi, hapetus, anodisointi,<\/td>\n<\/tr>\n<tr>\n<td width=\"531\">Geomet, dakromet, musta oksidi, fosfatointi, pulverimaalaus ja elektroforeesi<\/td>\n<\/tr>\n<tr>\n<td width=\"80\">Standardi<\/td>\n<td width=\"531\">ISO, DIN, ANSI, JIS, BS ja ei-standardi.<\/td>\n<\/tr>\n<tr>\n<td width=\"80\">Tarkkuus<\/td>\n<td width=\"531\">DIN6, DIN7, DIN8, DIN9.<\/td>\n<\/tr>\n<tr>\n<td width=\"80\">Hampaiden hoito<\/td>\n<td width=\"531\">Karkaistu, jyrsitty tai hiottu<\/td>\n<\/tr>\n<tr>\n<td width=\"80\">Toleranssi<\/td>\n<td width=\"531\">0,001 mm - 0,01 mm - 0,1 mm<\/td>\n<\/tr>\n<tr>\n<td width=\"80\">Valmis<\/td>\n<td width=\"531\">hiekkapuhallus, l\u00e4mp\u00f6k\u00e4sittely, hehkutus, p\u00e4\u00e4st\u00f6, kiillotus, anodisointi, sinkitys<\/td>\n<\/tr>\n<tr>\n<td width=\"80\">Pakkaukset<\/td>\n<td width=\"531\">Muovipussi + laatikot tai puiset pakkaukset<\/td>\n<\/tr>\n<tr>\n<td width=\"80\">Maksuehdot<\/td>\n<td width=\"531\">T\/T, L\/C<\/td>\n<\/tr>\n<tr>\n<td width=\"80\">Tuotannon l\u00e4pimenoaika<\/td>\n<td width=\"531\">20 arkip\u00e4iv\u00e4\u00e4 n\u00e4ytteelle, 25 p\u00e4iv\u00e4\u00e4 irtotavaralle<\/td>\n<\/tr>\n<tr>\n<td rowspan=\"2\" width=\"80\">N\u00e4ytteet<\/td>\n<td width=\"531\">N\u00e4ytehintaluokka $2 - $100.<\/td>\n<\/tr>\n<tr>\n<td width=\"531\">asiakkaiden maksama esimerkki pikapyynn\u00f6st\u00e4<\/td>\n<\/tr>\n<tr>\n<td rowspan=\"8\" width=\"80\">Hakemus<\/td>\n<td width=\"531\">1. Automaattinen ohjauslaite<\/td>\n<\/tr>\n<tr>\n<td width=\"531\">2. Puolijohdeteollisuus<\/td>\n<\/tr>\n<tr>\n<td width=\"531\">3. Yleiset teollisuuskoneet<\/td>\n<\/tr>\n<tr>\n<td width=\"531\">4. L\u00e4\u00e4kinn\u00e4lliset laitteet<\/td>\n<\/tr>\n<tr>\n<td width=\"531\">5. Aurinkoenergialaitteet<\/td>\n<\/tr>\n<tr>\n<td width=\"531\">6. Ty\u00f6st\u00f6kone<\/td>\n<\/tr>\n<tr>\n<td width=\"531\">7. Pys\u00e4k\u00f6intij\u00e4rjestelm\u00e4<\/td>\n<\/tr>\n<tr>\n<td width=\"531\">8. Suurnopeusjuna- ja lentoliikennev\u00e4lineet jne.<\/td>\n<\/tr>\n<\/tbody>\n<\/table>\n<div>\n<h2 dir=\"auto\">Planeettapy\u00f6r\u00e4n renkaan ominaisuudet<\/h2>\n<p class=\"break-words\" dir=\"auto\">Planeettapy\u00f6r\u00e4n keh\u00e4py\u00f6r\u00e4lle on ominaista sen sis\u00e4inen hammaskonfiguraatio, joka on leikattu sylinterim\u00e4isen renkaan sis\u00e4pinnalle, mik\u00e4 erottaa sen ulkoisista hammaspy\u00f6rist\u00e4. Siin\u00e4 k\u00e4ytet\u00e4\u00e4n tyypillisesti evolventtista hammasprofiilia, joka varmistaa sujuvan ja tehokkaan kytkenn\u00e4n planeettapy\u00f6r\u00e4n kanssa, jotka py\u00f6riv\u00e4t keskell\u00e4 olevan aurinkopy\u00f6r\u00e4n ymp\u00e4ri. T\u00e4m\u00e4 rakenne mahdollistaa vakionopeussuhteen ja erinomaisen kuorman jakautumisen, mik\u00e4 edist\u00e4\u00e4 luotettavaa voimansiirtoa kompakteissa kokoonpanoissa.<\/p>\n<p class=\"break-words\" dir=\"auto\">Vaihteen suuri halkaisija ja sis\u00e4inen suuntaus mahdollistavat korkeat v\u00e4lityssuhteet, mik\u00e4 tekee siit\u00e4 elint\u00e4rke\u00e4n komponentin planeettavaihteistoj\u00e4rjestelmiss\u00e4, joissa tila on rajallinen ja vaaditaan suurta v\u00e4\u00e4nt\u00f6momenttia. Sen kyky py\u00f6ri\u00e4 samaan suuntaan kuin planeettavaihteet parantaa j\u00e4rjestelm\u00e4n yksinkertaisuutta, kun taas kovera hampaan muoto voi parantaa kosketuslujuutta ja kest\u00e4vyytt\u00e4. N\u00e4m\u00e4 ominaisuudet tekev\u00e4t siit\u00e4 ihanteellisen vaativiin sovelluksiin, kuten autojen vaihteistoihin ja raskaisiin koneisiin.<\/p>\n<p class=\"break-words\" dir=\"auto\">Planeettapy\u00f6r\u00e4n keh\u00e4py\u00f6r\u00e4n valmistus vaatii usein hammaspy\u00f6r\u00e4n muotoilua sen sis\u00e4isen geometrian vuoksi, mik\u00e4 vaatii tarkkuutta interferenssiongelmien, kuten evolventtien tai trokoidirakenteiden, v\u00e4ltt\u00e4miseksi vastapy\u00f6r\u00e4st\u00f6n kanssa. Profiilisiirtoa k\u00e4ytet\u00e4\u00e4n yleisesti hampaiden vahvistamiseksi ja kytkeytymisongelmien est\u00e4miseksi, mik\u00e4 varmistaa kest\u00e4vyyden. Sen monipuolisuus ja tehokkuus ovat tehneet siit\u00e4 kulmakiven esimerkiksi ilmailu- ja avaruustekniikassa, robotiikassa ja teollisuusautomaatiossa.<\/p>\n<\/div>","protected":false},"excerpt":{"rendered":"<p>A planetary ring gear, also known as an internal ring gear, is a key component in planetary gear systems, featuring teeth cut on the inner surface of a cylindrical ring. It meshes with multiple planet gears that orbit a central sun gear, enabling compact, high-torque power transmission with excellent efficiency. Typically designed with an involute [&hellip;]<\/p>","protected":false},"featured_media":4642,"comment_status":"open","ping_status":"closed","template":"","meta":{"_et_pb_use_builder":"","_et_pb_old_content":"","_et_gb_content_width":""},"product_brand":[],"product_cat":[114],"product_tag":[],"class_list":{"0":"post-7790","1":"product","2":"type-product","3":"status-publish","4":"has-post-thumbnail","6":"product_cat-ring-gear","8":"first","9":"instock","10":"shipping-taxable","11":"product-type-simple"},"_links":{"self":[{"href":"https:\/\/fmp-components.com\/fi\/wp-json\/wp\/v2\/product\/7790","targetHints":{"allow":["GET"]}}],"collection":[{"href":"https:\/\/fmp-components.com\/fi\/wp-json\/wp\/v2\/product"}],"about":[{"href":"https:\/\/fmp-components.com\/fi\/wp-json\/wp\/v2\/types\/product"}],"replies":[{"embeddable":true,"href":"https:\/\/fmp-components.com\/fi\/wp-json\/wp\/v2\/comments?post=7790"}],"wp:featuredmedia":[{"embeddable":true,"href":"https:\/\/fmp-components.com\/fi\/wp-json\/wp\/v2\/media\/4642"}],"wp:attachment":[{"href":"https:\/\/fmp-components.com\/fi\/wp-json\/wp\/v2\/media?parent=7790"}],"wp:term":[{"taxonomy":"product_brand","embeddable":true,"href":"https:\/\/fmp-components.com\/fi\/wp-json\/wp\/v2\/product_brand?post=7790"},{"taxonomy":"product_cat","embeddable":true,"href":"https:\/\/fmp-components.com\/fi\/wp-json\/wp\/v2\/product_cat?post=7790"},{"taxonomy":"product_tag","embeddable":true,"href":"https:\/\/fmp-components.com\/fi\/wp-json\/wp\/v2\/product_tag?post=7790"}],"curies":[{"name":"wp","href":"https:\/\/api.w.org\/{rel}","templated":true}]}}