{"id":7788,"date":"2025-04-04T07:30:31","date_gmt":"2025-04-04T07:30:31","guid":{"rendered":"https:\/\/fmp-components.com\/?post_type=product&#038;p=7788"},"modified":"2025-04-04T07:37:12","modified_gmt":"2025-04-04T07:37:12","slug":"involute-internal-gear","status":"publish","type":"product","link":"https:\/\/fmp-components.com\/fi\/product\/involute-internal-gear\/","title":{"rendered":"Evolventtinen sis\u00e4inen vaihde"},"content":{"rendered":"<p>Evolventtinen sis\u00e4py\u00f6r\u00e4 on hammaspy\u00f6r\u00e4tyyppi, jonka hampaat on leikattu evolventtisen k\u00e4yr\u00e4n suuntaisesti sen sis\u00e4sylinterim\u00e4iselle pinnalle. Se on suunniteltu kytkeytym\u00e4\u00e4n ulkoiseen hammaspy\u00f6r\u00e4\u00e4n, mik\u00e4 tarjoaa tasaisen voimansiirron, korkean hy\u00f6tysuhteen ja v\u00e4hent\u00e4\u00e4 melua mekaanisissa j\u00e4rjestelmiss\u00e4.<\/p>\n<h2>Tuotetiedot<\/h2>\n<div class=\"table-responsive\">\n<table class=\"table\" style=\"width: 99.4216%;\" border=\"1\">\n<tbody>\n<tr>\n<td style=\"width: 38.9027%;\">Hampaiden muoto<\/td>\n<td style=\"width: 191.521%;\">Evolventti<\/td>\n<\/tr>\n<tr>\n<td style=\"width: 38.9027%;\">Materiaali<\/td>\n<td style=\"width: 191.521%;\">Seoster\u00e4s ja ruostumaton ter\u00e4s<\/td>\n<\/tr>\n<tr>\n<td style=\"width: 38.9027%;\">Muoto<\/td>\n<td style=\"width: 191.521%;\">Py\u00f6rist\u00e4\u00e4<\/td>\n<\/tr>\n<tr>\n<td style=\"width: 38.9027%;\">Moduuli<\/td>\n<td style=\"width: 191.521%;\">Enint\u00e4\u00e4n jopa 4,0 mm<\/td>\n<\/tr>\n<tr>\n<td style=\"width: 38.9027%;\">Sis\u00e4halkaisija<\/td>\n<td style=\"width: 191.521%;\">Enint\u00e4\u00e4n 30 mm<\/td>\n<\/tr>\n<tr>\n<td style=\"width: 38.9027%;\">Hakemus<\/td>\n<td style=\"width: 191.521%;\">Planeettavaihteistot ja autoteollisuus.<\/td>\n<\/tr>\n<tr>\n<td style=\"width: 38.9027%;\">Minimitilausm\u00e4\u00e4r\u00e4<\/td>\n<td style=\"width: 191.521%;\">50 kpl<\/td>\n<\/tr>\n<\/tbody>\n<\/table>\n<\/div>\n<p>Sis\u00e4keh\u00e4n hampaat ovat sis\u00e4isi\u00e4 hammaspy\u00f6ri\u00e4, yleens\u00e4 sis\u00e4isiss\u00e4 hammaspy\u00f6r\u00e4mekanismeissa, ja hammaspy\u00f6r\u00e4t <a href=\"https:\/\/fmp-components.com\/fi\/ring-gear\/\">hammaspy\u00f6r\u00e4<\/a> ovat sis\u00e4isi\u00e4.<\/p>\n<h2>Involute Internal Gearin ominaisuudet<\/h2>\n<div>\n<p class=\"break-words\" dir=\"auto\">Evolventtisessa sis\u00e4py\u00f6r\u00e4ss\u00e4 on sylinterim\u00e4isen renkaan sis\u00e4pinnalle leikattu evolventtinen kaarevuusprofiili, joka mahdollistaa sujuvan kytkenn\u00e4n ulkopy\u00f6r\u00e4\u00e4n. Evolventin muoto varmistaa konjugaattitoiminnan ja vakion nopeussuhteen, kun taas tyypillinen 20\u00b0:n painekulma yll\u00e4pit\u00e4\u00e4 tasaista voimanjakoa. T\u00e4m\u00e4 rakenne tukee samaan suuntaan py\u00f6rimist\u00e4 vastapy\u00f6r\u00e4n kanssa, mik\u00e4 erottaa sen ulkoisista hammaspy\u00f6r\u00e4pareista.<\/p>\n<p class=\"break-words\" dir=\"auto\">Vaihteen kompakti rakenne ja merkitt\u00e4v\u00e4 profiilisiirtym\u00e4 auttavat v\u00e4ltt\u00e4m\u00e4\u00e4n h\u00e4iri\u00f6it\u00e4 (evolventti, trokoidi tai trimmaus) ja parantavat hampaiden lujuutta, mik\u00e4 tekee siit\u00e4 ihanteellisen suuren reduktsioonitehon sovelluksiin, kuten planeettaj\u00e4rjestelmiin. Sen kovera hammasprofiili parantaa kuorman jakautumista, mik\u00e4 voi lis\u00e4t\u00e4 kest\u00e4vyytt\u00e4. N\u00e4m\u00e4 ominaisuudet sopivat sille suuren v\u00e4\u00e4nt\u00f6momentin ja ahtaissa tiloissa k\u00e4ytett\u00e4viin k\u00e4ytt\u00f6tarkoituksiin, kuten autojen tasauspy\u00f6r\u00e4st\u00f6ihin ja teollisuuskoneisiin.<\/p>\n<p class=\"break-words\" dir=\"auto\">Sis\u00e4isten hammaspy\u00f6rien valmistus tapahtuu tyypillisesti hammaspy\u00f6rien muotoilulla jyrsinn\u00e4n sijaan niiden sis\u00e4isen geometrian vuoksi, mik\u00e4 vaatii erikoisty\u00f6kaluja. Hy\u00f6kk\u00e4ysten hallinta on kriittist\u00e4, ja sit\u00e4 ratkaistaan \u200b\u200busein s\u00e4\u00e4t\u00e4m\u00e4ll\u00e4 lis\u00e4yksi\u00e4, v\u00e4hennyksi\u00e4 tai profiilisiirtymi\u00e4, mik\u00e4 varmistaa luotettavan suorituskyvyn vaativissa sovelluksissa.<\/p>\n<\/div>","protected":false},"excerpt":{"rendered":"<p>Evolventtipy\u00f6r\u00e4 on hammaspy\u00f6r\u00e4tyyppi, jonka hampaat on leikattu evolventtisen k\u00e4yr\u00e4n suuntaisesti sen sis\u00e4sylinterim\u00e4iselle pinnalle. Se on suunniteltu kytkeytym\u00e4\u00e4n ulkoiseen hammaspy\u00f6r\u00e4\u00e4n, mik\u00e4 tarjoaa tasaisen voimansiirron, korkean hy\u00f6tysuhteen ja alemman melun mekaanisissa j\u00e4rjestelmiss\u00e4. Tuotetiedot Hampaan muoto Evolventti Materiaali Seoster\u00e4s ja ruostumaton ter\u00e4s Muoto Py\u00f6re\u00e4 Moduuli Max [\u2026]<\/p>","protected":false},"featured_media":4640,"comment_status":"open","ping_status":"closed","template":"","meta":{"_et_pb_use_builder":"","_et_pb_old_content":"","_et_gb_content_width":""},"product_brand":[],"product_cat":[114],"product_tag":[],"class_list":{"0":"post-7788","1":"product","2":"type-product","3":"status-publish","4":"has-post-thumbnail","6":"product_cat-ring-gear","8":"first","9":"instock","10":"shipping-taxable","11":"product-type-simple"},"_links":{"self":[{"href":"https:\/\/fmp-components.com\/fi\/wp-json\/wp\/v2\/product\/7788","targetHints":{"allow":["GET"]}}],"collection":[{"href":"https:\/\/fmp-components.com\/fi\/wp-json\/wp\/v2\/product"}],"about":[{"href":"https:\/\/fmp-components.com\/fi\/wp-json\/wp\/v2\/types\/product"}],"replies":[{"embeddable":true,"href":"https:\/\/fmp-components.com\/fi\/wp-json\/wp\/v2\/comments?post=7788"}],"wp:featuredmedia":[{"embeddable":true,"href":"https:\/\/fmp-components.com\/fi\/wp-json\/wp\/v2\/media\/4640"}],"wp:attachment":[{"href":"https:\/\/fmp-components.com\/fi\/wp-json\/wp\/v2\/media?parent=7788"}],"wp:term":[{"taxonomy":"product_brand","embeddable":true,"href":"https:\/\/fmp-components.com\/fi\/wp-json\/wp\/v2\/product_brand?post=7788"},{"taxonomy":"product_cat","embeddable":true,"href":"https:\/\/fmp-components.com\/fi\/wp-json\/wp\/v2\/product_cat?post=7788"},{"taxonomy":"product_tag","embeddable":true,"href":"https:\/\/fmp-components.com\/fi\/wp-json\/wp\/v2\/product_tag?post=7788"}],"curies":[{"name":"wp","href":"https:\/\/api.w.org\/{rel}","templated":true}]}}