{"id":7787,"date":"2025-04-04T07:21:01","date_gmt":"2025-04-04T07:21:01","guid":{"rendered":"https:\/\/fmp-components.com\/?post_type=product&#038;p=7787"},"modified":"2025-04-04T07:21:43","modified_gmt":"2025-04-04T07:21:43","slug":"internal-spur-gear","status":"publish","type":"product","link":"https:\/\/fmp-components.com\/fi\/product\/internal-spur-gear\/","title":{"rendered":"Sis\u00e4inen lieri\u00f6py\u00f6r\u00e4"},"content":{"rendered":"<div>\n<p class=\"break-words\" dir=\"auto\">Sis\u00e4puoliset lieri\u00f6py\u00f6r\u00e4t eroavat tyypillisist\u00e4 lieri\u00f6py\u00f6r\u00e4ist\u00e4 siin\u00e4, ett\u00e4 niiden hampaat on muodostettu aihion sis\u00e4pinnalle. N\u00e4m\u00e4 py\u00f6r\u00e4t ovat yleens\u00e4 vahvempia ja tehokkaampia verrattuna niiden kanssa kytkeytyv\u00e4\u00e4n hammaspy\u00f6r\u00e4\u00e4n. Jotta sis\u00e4puolisen py\u00f6r\u00e4n jakohalkaisija olisi v\u00e4hint\u00e4\u00e4n 1,5 kertaa vastahammaspy\u00f6r\u00e4n halkaisijan suuruinen; muuten hampaiden k\u00e4rjet h\u00e4iritsev\u00e4t toisiaan.<\/p>\n<p class=\"break-words\" dir=\"auto\">Sis\u00e4iset hammaspy\u00f6r\u00e4t tarjoavat suunnittelijoille edun, koska ne mahdollistavat suuremman kosketus- ja v\u00e4lityssuhteen lyhyemmill\u00e4 keski\u00f6v\u00e4leill\u00e4 kuin tavalliset lieri\u00f6py\u00f6r\u00e4t. Lis\u00e4ksi ne mahdollistavat nopeuden s\u00e4\u00e4d\u00f6n ilman suunnanmuutosta, mik\u00e4 eliminoi perinteisten lieri\u00f6py\u00f6r\u00e4st\u00f6jen kanssa tarvittavan v\u00e4lipy\u00f6r\u00e4n tarpeen.<\/p>\n<\/div>\n<h2>Tuotetiedot<\/h2>\n<div class=\"table-responsive\">\n<table class=\"table\" style=\"width: 101.427%; height: 279px;\" border=\"1\">\n<tbody>\n<tr>\n<td>Hampaiden muoto<\/td>\n<td>Asiakkaan vaatimuksen mukaisesti<\/td>\n<\/tr>\n<tr>\n<td>Materiaali<\/td>\n<td>Asiakkaan vaatimuksen mukaisesti<\/td>\n<\/tr>\n<tr>\n<td>Muoto<\/td>\n<td>Asiakkaan vaatimuksen mukaisesti<\/td>\n<\/tr>\n<tr>\n<td>Luokka<\/td>\n<td>Asiakkaan vaatimuksen mukaisesti<\/td>\n<\/tr>\n<tr>\n<td>Tekniikka<\/td>\n<td>Asiakkaan vaatimuksen mukaisesti<\/td>\n<\/tr>\n<tr>\n<td>Painekulma<\/td>\n<td>Asiakkaan vaatimuksen mukaisesti<\/td>\n<\/tr>\n<tr>\n<td>Halkaisija<\/td>\n<td>Asiakkaan vaatimuksen mukaisesti<\/td>\n<\/tr>\n<tr>\n<td>Koko<\/td>\n<td>Asiakkaan vaatimuksen mukaisesti<\/td>\n<\/tr>\n<tr>\n<td>Minimitilausm\u00e4\u00e4r\u00e4<\/td>\n<td>1 yksikk\u00f6<\/td>\n<\/tr>\n<\/tbody>\n<\/table>\n<div>\n<h3 class=\"\" dir=\"auto\">FMP:n huippuosaamista sis\u00e4isill\u00e4 lieri\u00f6rattailla Italian markkinoille<\/h3>\n<p class=\"break-words\" dir=\"auto\">FMP on johtava sis\u00e4hammaspy\u00f6rien valmistaja, joka toimittaa huippulaatua <a href=\"https:\/\/fmp-components.com\/fi\/ring-gear\/\">hammaspy\u00f6r\u00e4t<\/a> teollisuudenaloille kaikkialla Italiassa, Milanosta Venetsiaan. Laajassa luettelossamme on laaja valikoima vaihdetyyppej\u00e4, jotka on suunniteltu tarjoamaan tarkkuutta ja luotettavuutta kone-, auto- ja muissa sovelluksissa. Toimitpa sitten Firenzess\u00e4 tai Bolognassa, FMP varmistaa, ett\u00e4 jokainen sis\u00e4inen lieri\u00f6py\u00f6r\u00e4 t\u00e4ytt\u00e4\u00e4 korkeimmat standardit ja on valmistettu huipputeknologialla tukemaan Italian kukoistavia teollisuudenaloja. Olemme ensisijainen kumppanisi kest\u00e4ville ja tehokkaille vaihderatkaisuille, jotka on r\u00e4\u00e4t\u00e4l\u00f6ity paikallisiin tarpeisiin.<\/p>\n<h3 class=\"\" dir=\"auto\">R\u00e4\u00e4t\u00e4l\u00f6idyt sis\u00e4iset lieri\u00f6py\u00f6r\u00e4t ainutlaatuisiin tarpeisiisi<\/h3>\n<p class=\"break-words\" dir=\"auto\">FMP:ll\u00e4 ylit\u00e4mme vakiotarjouksemme tarjoamalla t\u00e4ysin mukautettavia sis\u00e4hammaspy\u00f6ri\u00e4, jotka sopivat juuri sinun projekteihisi. Jos olet Milanossa, Venetsiassa, Firenzess\u00e4 tai Bolognassa etk\u00e4 l\u00f6yd\u00e4 tarvitsemaasi mallia tuoteluettelostamme, emme todenn\u00e4k\u00f6isesti ole viel\u00e4 ladanneet sit\u00e4 palveluumme \u2013 valikoimamme laajenee jatkuvasti. Ota yhteytt\u00e4 s\u00e4hk\u00f6postitse ja kerro meille spesifikaatiosi, niin ammattitaitoiset insin\u00f6\u00f6rimme vastaavat sinulle 24 tunnin kuluessa r\u00e4\u00e4t\u00e4l\u00f6idyill\u00e4 vaihtoehdoilla. Pyynt\u00f6si monimutkaisuudesta riippumatta FMP on omistautunut tarjoamaan nopeaa ja asiantuntevaa palvelua sek\u00e4 korkealaatuisia hammaspy\u00f6ri\u00e4 yrityksille kaikkialla Italiassa.<\/p>\n<\/div>\n<\/div>","protected":false},"excerpt":{"rendered":"<p>Internal Spur Gears differ from typical spur gears in that their teeth are formed on the inner surface of the blank. These gears tend to be stronger and more efficient compared to the pinion gear they mesh with. For proper function, the pitch diameter of the internal gear should be at least 1.5 times that [&hellip;]<\/p>","protected":false},"featured_media":4639,"comment_status":"open","ping_status":"closed","template":"","meta":{"_et_pb_use_builder":"","_et_pb_old_content":"","_et_gb_content_width":""},"product_brand":[],"product_cat":[114],"product_tag":[],"class_list":{"0":"post-7787","1":"product","2":"type-product","3":"status-publish","4":"has-post-thumbnail","6":"product_cat-ring-gear","8":"first","9":"instock","10":"shipping-taxable","11":"product-type-simple"},"_links":{"self":[{"href":"https:\/\/fmp-components.com\/fi\/wp-json\/wp\/v2\/product\/7787","targetHints":{"allow":["GET"]}}],"collection":[{"href":"https:\/\/fmp-components.com\/fi\/wp-json\/wp\/v2\/product"}],"about":[{"href":"https:\/\/fmp-components.com\/fi\/wp-json\/wp\/v2\/types\/product"}],"replies":[{"embeddable":true,"href":"https:\/\/fmp-components.com\/fi\/wp-json\/wp\/v2\/comments?post=7787"}],"wp:featuredmedia":[{"embeddable":true,"href":"https:\/\/fmp-components.com\/fi\/wp-json\/wp\/v2\/media\/4639"}],"wp:attachment":[{"href":"https:\/\/fmp-components.com\/fi\/wp-json\/wp\/v2\/media?parent=7787"}],"wp:term":[{"taxonomy":"product_brand","embeddable":true,"href":"https:\/\/fmp-components.com\/fi\/wp-json\/wp\/v2\/product_brand?post=7787"},{"taxonomy":"product_cat","embeddable":true,"href":"https:\/\/fmp-components.com\/fi\/wp-json\/wp\/v2\/product_cat?post=7787"},{"taxonomy":"product_tag","embeddable":true,"href":"https:\/\/fmp-components.com\/fi\/wp-json\/wp\/v2\/product_tag?post=7787"}],"curies":[{"name":"wp","href":"https:\/\/api.w.org\/{rel}","templated":true}]}}