{"id":7786,"date":"2025-04-04T07:12:32","date_gmt":"2025-04-04T07:12:32","guid":{"rendered":"https:\/\/fmp-components.com\/?post_type=product&#038;p=7786"},"modified":"2025-04-04T07:12:32","modified_gmt":"2025-04-04T07:12:32","slug":"steel-internal-gear","status":"publish","type":"product","link":"https:\/\/fmp-components.com\/fi\/product\/steel-internal-gear\/","title":{"rendered":"Ter\u00e4ksinen sis\u00e4inen vaihde"},"content":{"rendered":"<h2>Tuotetiedot<\/h2>\n<div class=\"table-responsive\">\n<table class=\"table\" style=\"width: 99.372%; height: 202px;\" border=\"1\" cellspacing=\"0\" cellpadding=\"0\">\n<tbody>\n<tr>\n<td>Hampaiden muoto<\/td>\n<td>Sis\u00e4inen<\/td>\n<\/tr>\n<tr>\n<td>Materiaali<\/td>\n<td>Liev\u00e4 ter\u00e4s<\/td>\n<\/tr>\n<tr>\n<td>Muoto<\/td>\n<td>Py\u00f6rist\u00e4\u00e4<\/td>\n<\/tr>\n<tr>\n<td>Halkaisija<\/td>\n<td>100 mm<\/td>\n<\/tr>\n<tr>\n<td>Alkuper\u00e4maa<\/td>\n<td>Kiina<\/td>\n<\/tr>\n<tr>\n<td>Pinnan viimeistely<\/td>\n<td>Jauhemaalattu<\/td>\n<\/tr>\n<tr>\n<td>Kovuus<\/td>\n<td>45 HRC<\/td>\n<\/tr>\n<\/tbody>\n<\/table>\n<div>\n<h3 class=\"\" dir=\"auto\">FMP:n ter\u00e4ksiset sis\u00e4vaihteiden ratkaisut Italian teollisuudelle<\/h3>\n<p class=\"break-words\" dir=\"auto\">Laaja valikoimamme <a href=\"https:\/\/fmp-components.com\/fi\/ring-gear\/\">hammaspy\u00f6r\u00e4t<\/a> on suunniteltu vastaamaan koneiden ja autoteollisuuden sovellusten monipuolisiin tarpeisiin varmistaen kest\u00e4vyyden ja tarkkuuden jokaisessa tuotteessa. Olitpa sitten Firenzess\u00e4 tai Bolognassa, FMP tarjoaa erilaisia \u200b\u200bvaihdetyyppej\u00e4, mukaan lukien vakio- ja erikoismallit, jotka kaikki on valmistettu edistyneell\u00e4 teknologialla optimaalisen suorituskyvyn saavuttamiseksi. Sitoutumisemme huippuosaamiseen tekee meist\u00e4 luotettavan kumppanin yrityksille, jotka etsiv\u00e4t luotettavia vaihderatkaisuja Italian teollisuuskeskuksissa.<\/p>\n<h3 class=\"\" dir=\"auto\">R\u00e4\u00e4t\u00e4l\u00f6idyt ter\u00e4ksiset sis\u00e4vaihteet tarpeisiisi<\/h3>\n<p class=\"break-words\" dir=\"auto\">FMP:ll\u00e4 ymm\u00e4rr\u00e4mme, ett\u00e4 jokainen projekti on ainutlaatuinen, mink\u00e4 vuoksi tarjoamme my\u00f6s t\u00e4ysin r\u00e4\u00e4t\u00e4l\u00f6ityj\u00e4 ter\u00e4ksisi\u00e4 sis\u00e4hammaspy\u00f6r\u00e4vaihtoehtoja. Jos toimit Milanossa, Venetsiassa, Firenzess\u00e4 tai muualla etk\u00e4 l\u00f6yd\u00e4 tarvitsemaasi mallia tuoteluettelostamme, \u00e4l\u00e4 huoli \u2013 p\u00e4ivit\u00e4mme tarjontaamme jatkuvasti. L\u00e4het\u00e4 meille vain s\u00e4hk\u00f6postia vaatimuksistasi, niin asiantuntevat insin\u00f6\u00f6rimme vastaavat 24 tunnin kuluessa r\u00e4\u00e4t\u00e4l\u00f6idyill\u00e4 ratkaisuilla. Olipa kyseess\u00e4 sitten tietty koko tai mittatilausty\u00f6n\u00e4 tehty malli Bolognan tai muiden Italian kaupunkien toimintoihisi, FMP on t\u00e4\u00e4ll\u00e4 tukemassa yrityst\u00e4si nopealla ja ammattitaitoisella palvelulla sek\u00e4 huippuluokan valmistusosaamisella.<\/p>\n<\/div>\n<\/div>","protected":false},"excerpt":{"rendered":"<p>Product Specification Tooth Form Internal Material Mild Steel Shape Round Diameter 100 mm Country of Origin China Surface Finish Powder Coated Hardness 45 HRC Steel Internal Gear Solutions by FMP for Italian Industries Our extensive range of ring gears is designed to meet the diverse needs of machinery and automotive applications, ensuring durability and precision [&hellip;]<\/p>","protected":false},"featured_media":4647,"comment_status":"open","ping_status":"closed","template":"","meta":{"_et_pb_use_builder":"","_et_pb_old_content":"","_et_gb_content_width":""},"product_brand":[],"product_cat":[114],"product_tag":[],"class_list":{"0":"post-7786","1":"product","2":"type-product","3":"status-publish","4":"has-post-thumbnail","6":"product_cat-ring-gear","8":"first","9":"instock","10":"shipping-taxable","11":"product-type-simple"},"_links":{"self":[{"href":"https:\/\/fmp-components.com\/fi\/wp-json\/wp\/v2\/product\/7786","targetHints":{"allow":["GET"]}}],"collection":[{"href":"https:\/\/fmp-components.com\/fi\/wp-json\/wp\/v2\/product"}],"about":[{"href":"https:\/\/fmp-components.com\/fi\/wp-json\/wp\/v2\/types\/product"}],"replies":[{"embeddable":true,"href":"https:\/\/fmp-components.com\/fi\/wp-json\/wp\/v2\/comments?post=7786"}],"wp:featuredmedia":[{"embeddable":true,"href":"https:\/\/fmp-components.com\/fi\/wp-json\/wp\/v2\/media\/4647"}],"wp:attachment":[{"href":"https:\/\/fmp-components.com\/fi\/wp-json\/wp\/v2\/media?parent=7786"}],"wp:term":[{"taxonomy":"product_brand","embeddable":true,"href":"https:\/\/fmp-components.com\/fi\/wp-json\/wp\/v2\/product_brand?post=7786"},{"taxonomy":"product_cat","embeddable":true,"href":"https:\/\/fmp-components.com\/fi\/wp-json\/wp\/v2\/product_cat?post=7786"},{"taxonomy":"product_tag","embeddable":true,"href":"https:\/\/fmp-components.com\/fi\/wp-json\/wp\/v2\/product_tag?post=7786"}],"curies":[{"name":"wp","href":"https:\/\/api.w.org\/{rel}","templated":true}]}}