{"id":7774,"date":"2025-04-04T06:19:01","date_gmt":"2025-04-04T06:19:01","guid":{"rendered":"https:\/\/fmp-components.com\/?post_type=product&#038;p=7774"},"modified":"2025-04-04T06:39:10","modified_gmt":"2025-04-04T06:39:10","slug":"automotive-internal-gear","status":"publish","type":"product","link":"https:\/\/fmp-components.com\/fi\/product\/automotive-internal-gear\/","title":{"rendered":"Autoteollisuuden sis\u00e4iset vaihteet"},"content":{"rendered":"<h3>erittely<\/h3>\n<table class=\"table\" style=\"width: 100.875%; height: 310px;\" border=\"1\">\n<tbody>\n<tr>\n<td colspan=\"2\">Autoteollisuuden sis\u00e4iset vaihteet<\/td>\n<\/tr>\n<tr>\n<td>Ulottuvuus<\/td>\n<td>\u03a650mm<\/td>\n<\/tr>\n<tr>\n<td>Moduuli<\/td>\n<td>M0.15\u2013M2.2<\/td>\n<\/tr>\n<tr>\n<td>Materiaalityyppi<\/td>\n<td>Metalli, pronssi, ter\u00e4s, seos, POM, sinkki, alumiini, rauta, ruostumaton ter\u00e4s, messinki, kupari<\/td>\n<\/tr>\n<tr>\n<td>Verkkoluokka<\/td>\n<td>ISO6, JGMA 1, JIS 6, AGMA 13, DIN 6, Din5, AGMA12<\/td>\n<\/tr>\n<tr>\n<td>Hakemus<\/td>\n<td>Autoteollisuus, sotilas-, lentokone-, kone-, teollisuus- ja l\u00e4\u00e4ketiede<\/td>\n<\/tr>\n<tr>\n<td>R\u00e4\u00e4t\u00e4l\u00f6ity<\/td>\n<td>ODM\/OEM<\/td>\n<\/tr>\n<tr>\n<td>N\u00e4yte<\/td>\n<td>N\u00e4yte saatavilla<\/td>\n<\/tr>\n<tr>\n<td>Pakkaustavat<\/td>\n<td>Tyhji\u00f6pakattu muovitarjottimella<\/td>\n<\/tr>\n<tr>\n<td>Toimitustavat<\/td>\n<td>DHL UPS<\/td>\n<\/tr>\n<tr>\n<td>Todistus<\/td>\n<td>ISO 9001: 2008\/TS16949<\/td>\n<\/tr>\n<\/tbody>\n<\/table>\n<p><span style=\"color: #333333; font-size: 22px;\">Optimoi autosi sis\u00e4iset vaihderatkaisut FMP:n avulla Italiassa<\/span><\/p>\n<div>\n<p class=\"break-words\" dir=\"auto\">Sis\u00e4iset hammaspy\u00f6r\u00e4t, jotka tunnetaan my\u00f6s ns. <a href=\"https:\/\/fmp-components.com\/fi\/ring-gear\/\">hammaspy\u00f6r\u00e4t<\/a>, ovat elint\u00e4rkeit\u00e4 voimansiirrossa kompakteissa ja tehokkaissa j\u00e4rjestelmiss\u00e4. Toisin kuin ulkoisissa hammaspy\u00f6riss\u00e4, joissa hampaat on leikattu ulkohalkaisijalle, sis\u00e4isten hammaspy\u00f6rien hampaat ovat sylinterim\u00e4isen rakenteen sis\u00e4pinnalla, mik\u00e4 tekee niist\u00e4 ihanteellisia sovelluksiin, jotka vaativat tehokasta v\u00e4\u00e4nt\u00f6momentin siirtoa ahtaissa tiloissa. FMP:ll\u00e4 olemme erikoistuneet valmistamaan laajaa valikoimaa rengashammaspy\u00f6ri\u00e4, mukaan lukien lieri\u00f6- ja kierrehammaspy\u00f6ri\u00e4, jotka on r\u00e4\u00e4t\u00e4l\u00f6ity vastaamaan teollisuuden tarpeisiin kaikkialla Italiassa \u2013 Milanon vilkkaista autoteollisuuden keskuksista Venetsian tarkkuuskonepajayrityksiin.<\/p>\n<p class=\"break-words\" dir=\"auto\">FMP tarjoaa ylpe\u00e4n\u00e4 r\u00e4\u00e4t\u00e4l\u00f6ityj\u00e4 sis\u00e4hammaspy\u00f6r\u00e4ratkaisuja, jotka sopivat erityistarpeisiisi. Jos etsit tietty\u00e4 mallia etk\u00e4 n\u00e4e sit\u00e4 tuoteluettelossamme \u2013 olitpa sitten Milanossa, Venetsiassa, Firenzess\u00e4 tai muualla \u2013 \u00e4l\u00e4 huoli; se tarkoittaa yksinkertaisesti sit\u00e4, ettemme ole viel\u00e4 ladanneet sit\u00e4 palveluumme. L\u00e4het\u00e4 meille s\u00e4hk\u00f6postia haluamistasi tiedoista, niin ammattitaitoiset insin\u00f6\u00f6rimme vastaavat 24 tunnin kuluessa r\u00e4\u00e4t\u00e4l\u00f6idyll\u00e4 ratkaisulla. FMP on luotettava kumppanisi autoteollisuuden sis\u00e4hammaspy\u00f6rille kaikkialla Italiassa, ja se tarjoaa tarkkuutta ja luotettavuutta jokaiseen projektiin.<\/p>\n<\/div>\n<p><img loading=\"lazy\" decoding=\"async\" class=\"size-full wp-image-7775 aligncenter\" src=\"https:\/\/fmp-components.com\/wp-content\/uploads\/2025\/04\/Internal-gear.webp\" alt=\"Sis\u00e4inen vaihde\" width=\"771\" height=\"543\" title=\"\" srcset=\"https:\/\/fmp-components.com\/wp-content\/uploads\/2025\/04\/Internal-gear.webp 771w, https:\/\/fmp-components.com\/wp-content\/uploads\/2025\/04\/Internal-gear-480x338.webp 480w\" sizes=\"(min-width: 0px) and (max-width: 480px) 480px, (min-width: 481px) 771px, 100vw\" \/><\/p>","protected":false},"excerpt":{"rendered":"<p>specification Automotive Internal Gear Dimension \u03a650mm Module M0.15-M2.2 Material Type Metal, Bronze, Steel, Alloy, POM, Zinc, Aluminum, Iron, Stainless, Brass, Copper Meshing Grade ISO6, JGMA 1, JIS 6, AGMA 13, DIN 6,Din5,AGMA12 Application Automotive, Military, Aircraft, Mechanical, industrial, Medical Customized ODM\/OEM Sample Sample available Modes of Packing Vacuum-packed with Plastic Tray Modes of Delivery DHL [&hellip;]<\/p>","protected":false},"featured_media":4635,"comment_status":"open","ping_status":"closed","template":"","meta":{"_et_pb_use_builder":"","_et_pb_old_content":"","_et_gb_content_width":""},"product_brand":[],"product_cat":[114],"product_tag":[],"class_list":{"0":"post-7774","1":"product","2":"type-product","3":"status-publish","4":"has-post-thumbnail","6":"product_cat-ring-gear","8":"first","9":"instock","10":"shipping-taxable","11":"product-type-simple"},"_links":{"self":[{"href":"https:\/\/fmp-components.com\/fi\/wp-json\/wp\/v2\/product\/7774","targetHints":{"allow":["GET"]}}],"collection":[{"href":"https:\/\/fmp-components.com\/fi\/wp-json\/wp\/v2\/product"}],"about":[{"href":"https:\/\/fmp-components.com\/fi\/wp-json\/wp\/v2\/types\/product"}],"replies":[{"embeddable":true,"href":"https:\/\/fmp-components.com\/fi\/wp-json\/wp\/v2\/comments?post=7774"}],"wp:featuredmedia":[{"embeddable":true,"href":"https:\/\/fmp-components.com\/fi\/wp-json\/wp\/v2\/media\/4635"}],"wp:attachment":[{"href":"https:\/\/fmp-components.com\/fi\/wp-json\/wp\/v2\/media?parent=7774"}],"wp:term":[{"taxonomy":"product_brand","embeddable":true,"href":"https:\/\/fmp-components.com\/fi\/wp-json\/wp\/v2\/product_brand?post=7774"},{"taxonomy":"product_cat","embeddable":true,"href":"https:\/\/fmp-components.com\/fi\/wp-json\/wp\/v2\/product_cat?post=7774"},{"taxonomy":"product_tag","embeddable":true,"href":"https:\/\/fmp-components.com\/fi\/wp-json\/wp\/v2\/product_tag?post=7774"}],"curies":[{"name":"wp","href":"https:\/\/api.w.org\/{rel}","templated":true}]}}