{"id":7773,"date":"2025-04-04T06:08:44","date_gmt":"2025-04-04T06:08:44","guid":{"rendered":"https:\/\/fmp-components.com\/?post_type=product&#038;p=7773"},"modified":"2025-04-04T06:38:52","modified_gmt":"2025-04-04T06:38:52","slug":"metal-internal-gear","status":"publish","type":"product","link":"https:\/\/fmp-components.com\/fi\/product\/metal-internal-gear\/","title":{"rendered":"Metallinen sis\u00e4inen vaihde"},"content":{"rendered":"<h2>Mik\u00e4 on metallinen sis\u00e4inen hammaspy\u00f6r\u00e4?<\/h2>\n<p>Metallinen sis\u00e4inen hammaspy\u00f6r\u00e4 on tarkkuusvalmisteinen komponentti, jota k\u00e4ytet\u00e4\u00e4n laajalti mekaanisissa j\u00e4rjestelmiss\u00e4. Sen hampaat on leikattu sylinterim\u00e4isen metallirenkaan sis\u00e4pintaan. Toisin kuin ulkoiset hammaspy\u00f6r\u00e4t, sis\u00e4iset hammaspy\u00f6r\u00e4t ovat kosketuksissa ulkoisten hammaspy\u00f6rien kanssa keh\u00e4ll\u00e4\u00e4n, mik\u00e4 mahdollistaa kompaktin rakenteen ja tehokkaan voimansiirron. Tyypillisesti ne on valmistettu eritt\u00e4in lujista metalleista, kuten ter\u00e4ksest\u00e4 tai seoksista, ja ne tarjoavat kest\u00e4vyytt\u00e4 ja kulutuskest\u00e4vyytt\u00e4, mik\u00e4 tekee niist\u00e4 ihanteellisia sovelluksiin autoteollisuuden vaihteistoissa, teollisuuskoneissa ja robotiikassa. Niiden ainutlaatuinen rakenne mahdollistaa sujuvan toiminnan, alhaisemman melun ja paremman v\u00e4\u00e4nt\u00f6momentin ahtaissa ymp\u00e4rist\u00f6iss\u00e4.<\/p>\n<h3>Tekniset tiedot<\/h3>\n<table class=\"table\" style=\"width: 100.982%; height: 321px;\" border=\"1\">\n<tbody>\n<tr>\n<td colspan=\"2\">Metallinen sis\u00e4inen vaihde<\/td>\n<\/tr>\n<tr>\n<td>Ulottuvuus<\/td>\n<td>\u03a660mm<\/td>\n<\/tr>\n<tr>\n<td>Moduuli<\/td>\n<td>M0.15\u2013M3.0<\/td>\n<\/tr>\n<tr>\n<td>Materiaalityyppi<\/td>\n<td>Metalli, pronssi, ter\u00e4s, seos, POM, sinkki, alumiini, rauta, ruostumaton ter\u00e4s, messinki, kupari<\/td>\n<\/tr>\n<tr>\n<td>Verkkoluokka<\/td>\n<td>ISO6, JGMA 1, JIS 6, AGMA 13, DIN 6, Din5, AGMA12<\/td>\n<\/tr>\n<tr>\n<td>Hakemus<\/td>\n<td>Autoteollisuus, sotilas-, lentokone-, kone-, teollisuus- ja l\u00e4\u00e4ketiede<\/td>\n<\/tr>\n<tr>\n<td>R\u00e4\u00e4t\u00e4l\u00f6ity<\/td>\n<td>ODM\/OEM<\/td>\n<\/tr>\n<tr>\n<td>N\u00e4yte<\/td>\n<td>N\u00e4yte saatavilla<\/td>\n<\/tr>\n<tr>\n<td>Pakkaustavat<\/td>\n<td>Tyhji\u00f6pakattu muovitarjottimella<\/td>\n<\/tr>\n<tr>\n<td>Toimitustavat<\/td>\n<td>DHL ja UPS<\/td>\n<\/tr>\n<tr>\n<td>Todistus<\/td>\n<td>ISO 9001: 2008\/TS16949<\/td>\n<\/tr>\n<\/tbody>\n<\/table>\n<div>\n<h3 class=\"\" dir=\"auto\">Metalliset sis\u00e4vaihteet: Tarkkuustekniikka FMP:lt\u00e4<\/h3>\n<p class=\"break-words\" dir=\"auto\">Metallisten sis\u00e4vaihteiden osalta FMP on johtava valmistaja, joka toimittaa huippuluokan rengasvaihteita teollisuudenaloille kaikkialla Italiassa, Milanon teollisuuskeskuksista Venetsian ammattitaitoisiin ty\u00f6pajoihin. N\u00e4m\u00e4 vaihteet ovat v\u00e4ltt\u00e4m\u00e4tt\u00f6mi\u00e4 koneiden tehokkaalle voimansiirrolle, ja ne tarjoavat kest\u00e4vyytt\u00e4 ja tarkkuutta sovelluksissa autoteollisuudesta raskaisiin laitteisiin. FMP:ll\u00e4 valmistamme monipuolisen valikoiman... <a href=\"https:\/\/fmp-components.com\/fi\/ring-gear\/\">Rengasvaihteet<\/a> K\u00e4yt\u00e4mme eritt\u00e4in lujia metalleja ja huipputeknologiaa varmistaaksemme erinomaisen suorituskyvyn, joka on r\u00e4\u00e4t\u00e4l\u00f6ity asiakkaiden tarpeisiin Firenzess\u00e4, Bolognassa ja muualla. Sitoutumisemme laatuun tekee meist\u00e4 luotettavan kumppanin yrityksille, jotka etsiv\u00e4t luotettavia mekaanisia ratkaisuja.<\/p>\n<h3 class=\"\" dir=\"auto\">Mukauttaminen ja tuki italialaisille asiakkaille<\/h3>\n<p class=\"break-words\" dir=\"auto\">Etk\u00f6 l\u00f6yd\u00e4 tarkkaa mallia tuoteluettelostamme? \u00c4l\u00e4 huoli \u2013 se tarkoittaa vain, ettemme ole viel\u00e4 ladanneet sit\u00e4 palveluumme. L\u00e4het\u00e4 meille vain s\u00e4hk\u00f6postia tarpeistasi, niin asiantuntevat insin\u00f6\u00f6rimme vastaavat 24 tunnin kuluessa r\u00e4\u00e4t\u00e4l\u00f6idyll\u00e4 ratkaisulla. Valitse FMP, jos haluat tarkkuutta, joustavuutta ja italialaisvaikutteista huippuosaamista jokaisessa valmistamassamme varusteessa!<\/p>\n<\/div>","protected":false},"excerpt":{"rendered":"<p>What is Metal Internal Gear? Metal Internal Gear is a precision-engineered component widely used in mechanical systems, characterized by its teeth being cut into the inner surface of a cylindrical metal ring. Unlike external gears, internal gears mesh with external gears inside their circumference, enabling compact designs and efficient power transmission. Typically made from high-strength [&hellip;]<\/p>","protected":false},"featured_media":4641,"comment_status":"open","ping_status":"closed","template":"","meta":{"_et_pb_use_builder":"","_et_pb_old_content":"","_et_gb_content_width":""},"product_brand":[],"product_cat":[114],"product_tag":[],"class_list":{"0":"post-7773","1":"product","2":"type-product","3":"status-publish","4":"has-post-thumbnail","6":"product_cat-ring-gear","8":"first","9":"instock","10":"shipping-taxable","11":"product-type-simple"},"_links":{"self":[{"href":"https:\/\/fmp-components.com\/fi\/wp-json\/wp\/v2\/product\/7773","targetHints":{"allow":["GET"]}}],"collection":[{"href":"https:\/\/fmp-components.com\/fi\/wp-json\/wp\/v2\/product"}],"about":[{"href":"https:\/\/fmp-components.com\/fi\/wp-json\/wp\/v2\/types\/product"}],"replies":[{"embeddable":true,"href":"https:\/\/fmp-components.com\/fi\/wp-json\/wp\/v2\/comments?post=7773"}],"wp:featuredmedia":[{"embeddable":true,"href":"https:\/\/fmp-components.com\/fi\/wp-json\/wp\/v2\/media\/4641"}],"wp:attachment":[{"href":"https:\/\/fmp-components.com\/fi\/wp-json\/wp\/v2\/media?parent=7773"}],"wp:term":[{"taxonomy":"product_brand","embeddable":true,"href":"https:\/\/fmp-components.com\/fi\/wp-json\/wp\/v2\/product_brand?post=7773"},{"taxonomy":"product_cat","embeddable":true,"href":"https:\/\/fmp-components.com\/fi\/wp-json\/wp\/v2\/product_cat?post=7773"},{"taxonomy":"product_tag","embeddable":true,"href":"https:\/\/fmp-components.com\/fi\/wp-json\/wp\/v2\/product_tag?post=7773"}],"curies":[{"name":"wp","href":"https:\/\/api.w.org\/{rel}","templated":true}]}}