{"id":7751,"date":"2025-04-04T03:10:57","date_gmt":"2025-04-04T03:10:57","guid":{"rendered":"https:\/\/fmp-components.com\/?post_type=product&#038;p=7751"},"modified":"2025-04-04T05:33:32","modified_gmt":"2025-04-04T05:33:32","slug":"ring-gear-for-cement-mixer","status":"publish","type":"product","link":"https:\/\/fmp-components.com\/fi\/product\/ring-gear-for-cement-mixer\/","title":{"rendered":"Rengasvaihde sementtisekoittimelle"},"content":{"rendered":"<div>\n<h2 dir=\"auto\">FMP:n korkealaatuiset hammaspy\u00f6r\u00e4t sementtisekoittimille<\/h2>\n<p class=\"break-words\" dir=\"auto\">Italian vilkkaissa rakennusalan keskuksissa, kuten Milanossa, Venetsiassa, Firenzess\u00e4 ja Bolognassa, luotettavien sementtisekoittimien kysynt\u00e4 on jatkuvaa. N\u00e4iden koneiden keskeinen osa on <a href=\"https:\/\/fmp-components.com\/fi\/ring-gear\/\">hammaspy\u00f6r\u00e4<\/a> sementtisekoittimiin tarkoitettu kest\u00e4v\u00e4 py\u00f6re\u00e4 hammaspy\u00f6r\u00e4, joka py\u00f6ritt\u00e4\u00e4 rumpua ja sekoittaa betonia tehokkaasti. FMP:ll\u00e4 olemme erikoistuneet erityyppisten rengasvaihteiden valmistukseen, mukaan lukien ep\u00e4standardit, mittatilausty\u00f6n\u00e4 valmistetut raskaaseen k\u00e4ytt\u00f6\u00f6n tarkoitetut, suurimoduuliset seoster\u00e4ksest\u00e4 valmistetut segmenttivaletut kalanruotokuvioiset kaksoiskierrehammaspy\u00f6r\u00e4t. Eritt\u00e4in lujasta seoster\u00e4ksest\u00e4 valmistetut ja pintahiiletys- tai karkaisuk\u00e4sittelyill\u00e4 parannetut hammaspy\u00f6r\u00e4mme tarjoavat poikkeuksellisen kantavuuden ja kest\u00e4vyyden. Ty\u00f6skenteletp\u00e4 sitten modernien pilvenpiirt\u00e4jien parissa Milanossa tai entis\u00f6it historiallisia rakenteita Firenzess\u00e4, FMP:n rengasvaihteet varmistavat vakaan voimansiirron ja v\u00e4h\u00e4iset iskut, t\u00e4rin\u00e4 ja melu \u2013 t\u00e4ydellinen valinta nopeille, raskaille koneille.<\/p>\n<h2 dir=\"auto\">Tekniset tiedot<\/h2>\n<\/div>\n<table style=\"width: 100%;\" border=\"1\" width=\"100%\" cellspacing=\"0\" cellpadding=\"0\">\n<tbody>\n<tr>\n<td colspan=\"2\" width=\"160\">Tuotteen nimi<\/td>\n<td colspan=\"2\" width=\"611\">Vaihderengas<\/td>\n<\/tr>\n<tr>\n<td colspan=\"2\" width=\"160\">Merkki<\/td>\n<td colspan=\"2\" width=\"611\">FMP<\/td>\n<\/tr>\n<tr>\n<td colspan=\"2\" width=\"160\">K\u00e4sitell\u00e4<\/td>\n<td colspan=\"2\" width=\"611\">Taonta, koneistus, l\u00e4mp\u00f6k\u00e4sittely<\/td>\n<\/tr>\n<tr>\n<td colspan=\"2\" width=\"160\"><\/td>\n<td colspan=\"2\" rowspan=\"2\" width=\"611\">suuret painokoneet, lentokoneet, tuotantokoneet, satamateollisuus, raskaan teollisuuden koneet jne.<\/td>\n<\/tr>\n<tr>\n<td colspan=\"2\" width=\"160\">Hakemus<\/td>\n<\/tr>\n<tr>\n<td colspan=\"2\" width=\"160\">K\u00e4sittelymateriaali<\/td>\n<td colspan=\"2\" width=\"611\">45#40CR 20CRM O20CRNIMO 17CRNIMO620CRMNTI42CRMO jne.<\/td>\n<\/tr>\n<\/tbody>\n<\/table>\n<p>&nbsp;<\/p>\n<table style=\"width: 100%;\" border=\"1\" width=\"100%\" cellspacing=\"0\" cellpadding=\"0\">\n<tbody>\n<tr style=\"height: 27.60pt;\">\n<td class=\"et2\" style=\"height: 27.60pt; width: 48.00pt;\" width=\"80\" height=\"46\">Vaihdemoduuli<\/td>\n<td class=\"et3\" style=\"width: 48.00pt;\" width=\"80\">8-120<\/td>\n<\/tr>\n<tr style=\"height: 41.40pt;\">\n<td class=\"et4\" style=\"height: 41.40pt; width: 48.00pt;\" width=\"80\" height=\"69\">Vaihteiden hionta<\/td>\n<td class=\"et5\" style=\"width: 48.00pt;\" width=\"80\">MAX-moduuli 25<\/td>\n<\/tr>\n<tr style=\"height: 41.40pt;\">\n<td class=\"et4\" style=\"height: 41.40pt; width: 48.00pt;\" width=\"80\" height=\"69\">Vaihteiston halkaisija<\/td>\n<td class=\"et5\" style=\"width: 48.00pt;\" width=\"80\">MAKSIMI 13 000 mm<\/td>\n<\/tr>\n<tr style=\"height: 41.40pt;\">\n<td class=\"et4\" style=\"height: 41.40pt; width: 48.00pt;\" width=\"80\" height=\"69\">Spiraalivaihteen halkaisija<\/td>\n<td class=\"et5\" style=\"width: 48.00pt;\" width=\"80\">MAKS. 2 200 mm<\/td>\n<\/tr>\n<tr style=\"height: 41.40pt;\">\n<td class=\"et4\" style=\"height: 41.40pt; width: 48.00pt;\" width=\"80\" height=\"69\">Vaihteiston akselin pituus<\/td>\n<td class=\"et5\" style=\"width: 48.00pt;\" width=\"80\">MAKSIMI 5 000 mm<\/td>\n<\/tr>\n<tr style=\"height: 82.80pt;\">\n<td class=\"et4\" style=\"height: 82.80pt; width: 48.00pt;\" width=\"80\" height=\"138\">Hammasvaihteiden hampaiden hoito<\/td>\n<td class=\"et5\" style=\"width: 48.00pt;\" width=\"80\">Pinnan kovettuminen, sementointi ja sammutus<\/td>\n<\/tr>\n<tr style=\"height: 55.95pt;\">\n<td class=\"et6\" style=\"height: 55.95pt; width: 48.00pt;\" width=\"80\" height=\"93\">Ty\u00f6paikka<\/td>\n<td class=\"et7\" style=\"width: 48.00pt;\" width=\"80\">Taonta, valaminen ja hitsaus<\/td>\n<\/tr>\n<\/tbody>\n<\/table>\n<p><span style=\"color: #333333; font-size: 22px;\">FMP:n asiantuntemus r\u00e4\u00e4t\u00e4l\u00f6ityjen hammaspy\u00f6r\u00e4valmistusten valmistuksessa<\/span><\/p>\n<div>\n<p class=\"break-words\" dir=\"auto\">FMP erottuu joukosta luotettavana kumppanina Italian rakennus- ja konepajasektorille tarjoamalla laajan valikoiman hammaspy\u00f6ri\u00e4, kuten lieri\u00f6hammaspy\u00f6ri\u00e4, kierrehammaspy\u00f6ri\u00e4 ja kalanruotohammaspy\u00f6ri\u00e4, jotka kaikki on r\u00e4\u00e4t\u00e4l\u00f6ity asiakkaan toiveiden mukaan. Edistykselliset valmistustekniikkamme, mukaan lukien jauhemetallurgia ja ainutlaatuiset l\u00e4mp\u00f6k\u00e4sittelyprosessit, optimoivat hammaspy\u00f6r\u00e4rakenteen parantaen kovuutta, kulutuskest\u00e4vyytt\u00e4 ja iskunkest\u00e4vyytt\u00e4. K\u00e4yt\u00e4mme eritt\u00e4in lujaa ter\u00e4st\u00e4 ja keskitymme pitk\u00e4aikaiseen vakauteen varmistaen, ett\u00e4 komponenttimme menestyv\u00e4t vaativissa sementtisekoitusolosuhteissa. FMP hyv\u00e4ksyy r\u00e4\u00e4t\u00e4l\u00f6ityj\u00e4 tilauksia, jotka vastaavat tarkasti Venetsian yrityksille, jotka toteuttavat ainutlaatuisia kanavanvarsiprojekteja, tai Bolognan konepajavetoisille yrityksille. Valmiutemme ulottuu laajamittaiseen taontaan, valamiseen ja hitsaukseen, ja lis\u00e4k\u00e4sittelyj\u00e4, kuten hammaspy\u00f6rien hiontaa ja nitrausta, on saatavilla pyynn\u00f6st\u00e4.<\/p>\n<\/div>\n<table style=\"border-collapse: collapse; width: 101.637%; height: 5px;\" border=\"0\" width=\"270\" cellspacing=\"0\" cellpadding=\"0\">\n<tbody>\n<tr style=\"height: 14.40pt;\">\n<td style=\"height: 14.4pt; width: 34.4985%;\" align=\"right\" width=\"90\" height=\"24\"><img loading=\"lazy\" decoding=\"async\" class=\"size-full wp-image-7756 aligncenter\" src=\"https:\/\/fmp-components.com\/wp-content\/uploads\/2025\/04\/Ring-Gear-For-Cement-Mixer-Factory-1.webp\" alt=\"Rengasvaihde-sementtisekoittimeen-tehdas\" width=\"889\" height=\"570\" title=\"\" srcset=\"https:\/\/fmp-components.com\/wp-content\/uploads\/2025\/04\/Ring-Gear-For-Cement-Mixer-Factory-1.webp 889w, https:\/\/fmp-components.com\/wp-content\/uploads\/2025\/04\/Ring-Gear-For-Cement-Mixer-Factory-1-480x308.webp 480w\" sizes=\"(min-width: 0px) and (max-width: 480px) 480px, (min-width: 481px) 889px, 100vw\" \/><\/td>\n<td style=\"width: 32.7072%;\" align=\"right\" width=\"90\"><img loading=\"lazy\" decoding=\"async\" class=\"size-full wp-image-7757 aligncenter\" src=\"https:\/\/fmp-components.com\/wp-content\/uploads\/2025\/04\/Ring-Gear-For-Cement-Mixer-Factory-2.webp\" alt=\"Rengasvaihde-sementtisekoittimeen-tehdas\" width=\"885\" height=\"608\" title=\"\" srcset=\"https:\/\/fmp-components.com\/wp-content\/uploads\/2025\/04\/Ring-Gear-For-Cement-Mixer-Factory-2.webp 885w, https:\/\/fmp-components.com\/wp-content\/uploads\/2025\/04\/Ring-Gear-For-Cement-Mixer-Factory-2-480x330.webp 480w\" sizes=\"(min-width: 0px) and (max-width: 480px) 480px, (min-width: 481px) 885px, 100vw\" \/><\/td>\n<td style=\"width: 31.8642%;\" align=\"right\" width=\"90\"><img loading=\"lazy\" decoding=\"async\" class=\"size-full wp-image-7758 aligncenter\" src=\"https:\/\/fmp-components.com\/wp-content\/uploads\/2025\/04\/Ring-Gear-For-Cement-Mixer-Factory-3.webp\" alt=\"Rengasvaihde-sementtisekoittimeen-tehdas\" width=\"500\" height=\"360\" title=\"\" srcset=\"https:\/\/fmp-components.com\/wp-content\/uploads\/2025\/04\/Ring-Gear-For-Cement-Mixer-Factory-3.webp 500w, https:\/\/fmp-components.com\/wp-content\/uploads\/2025\/04\/Ring-Gear-For-Cement-Mixer-Factory-3-480x346.webp 480w\" sizes=\"(min-width: 0px) and (max-width: 480px) 480px, (min-width: 481px) 500px, 100vw\" \/><\/td>\n<\/tr>\n<\/tbody>\n<\/table>\n<div>\n<h3 class=\"\" dir=\"auto\">Tarvitsetko tietty\u00e4 mallia? Ota yhteytt\u00e4 FMP:hen saadaksesi 24 tunnin vasteajan<\/h3>\n<p class=\"break-words\" dir=\"auto\">FMP:ll\u00e4 olemme sitoutuneet tarjoamaan r\u00e4\u00e4t\u00e4l\u00f6ityj\u00e4 ratkaisuja. L\u00e4het\u00e4 meille vain spesifikaatiosi s\u00e4hk\u00f6postitse, niin taitavat insin\u00f6\u00f6rimme vastaavat 24 tunnin kuluessa asiantuntevalla ohjauksella tai r\u00e4\u00e4t\u00e4l\u00f6idyll\u00e4 suunnitteluehdotuksella. Nopea reagointikykymme ja kykymme k\u00e4sitell\u00e4 suuria eri\u00e4 ja lyhytsyklisi\u00e4 valuja tekev\u00e4t meist\u00e4 ihanteellisen valinnan Italian nopeasti muuttuville rakennusmarkkinoille. Tehosta projektisi tehokkuutta FMP:n kest\u00e4vill\u00e4 ja tehokkailla hammaskeh\u00e4py\u00f6rill\u00e4 \u2013 ota meihin yhteytt\u00e4 jo t\u00e4n\u00e4\u00e4n, niin saat tehoa seuraavaan rakennusprojektiisi!<\/p>\n<table style=\"border-collapse: collapse; width: 97.6392%; height: 54px;\" border=\"0\" width=\"243\" cellspacing=\"0\" cellpadding=\"0\">\n<tbody>\n<tr style=\"height: 14.40pt;\">\n<td style=\"height: 14.4pt; width: 31.0307%;\" align=\"right\" width=\"81\" height=\"24\">\u00a0<img loading=\"lazy\" decoding=\"async\" class=\"size-full wp-image-7763 aligncenter\" src=\"https:\/\/fmp-components.com\/wp-content\/uploads\/2025\/04\/Ring-Gear-For-Cement-Mixer-2.webp\" alt=\"Rengasvaihde-sementtisekoittimeen\" width=\"550\" height=\"550\" title=\"\" srcset=\"https:\/\/fmp-components.com\/wp-content\/uploads\/2025\/04\/Ring-Gear-For-Cement-Mixer-2.webp 550w, https:\/\/fmp-components.com\/wp-content\/uploads\/2025\/04\/Ring-Gear-For-Cement-Mixer-2-480x480.webp 480w\" sizes=\"(min-width: 0px) and (max-width: 480px) 480px, (min-width: 481px) 550px, 100vw\" \/><\/td>\n<td style=\"width: 32.7851%;\" align=\"right\" width=\"81\"><img loading=\"lazy\" decoding=\"async\" class=\"size-full wp-image-7764 aligncenter\" src=\"https:\/\/fmp-components.com\/wp-content\/uploads\/2025\/04\/Ring-Gear-For-Cement-Mixer-3.webp\" alt=\"Rengasvaihde-sementtisekoittimeen\" width=\"550\" height=\"550\" title=\"\" srcset=\"https:\/\/fmp-components.com\/wp-content\/uploads\/2025\/04\/Ring-Gear-For-Cement-Mixer-3.webp 550w, https:\/\/fmp-components.com\/wp-content\/uploads\/2025\/04\/Ring-Gear-For-Cement-Mixer-3-480x480.webp 480w\" sizes=\"(min-width: 0px) and (max-width: 480px) 480px, (min-width: 481px) 550px, 100vw\" \/><\/td>\n<td style=\"width: 36.1842%;\" align=\"right\" width=\"81\"><img loading=\"lazy\" decoding=\"async\" class=\"size-full wp-image-7762 aligncenter\" src=\"https:\/\/fmp-components.com\/wp-content\/uploads\/2025\/04\/Ring-Gear-For-Cement-Mixer-5.webp\" alt=\"Rengasvaihde-sementtisekoittimeen\" width=\"1024\" height=\"756\" title=\"\" srcset=\"https:\/\/fmp-components.com\/wp-content\/uploads\/2025\/04\/Ring-Gear-For-Cement-Mixer-5.webp 1024w, https:\/\/fmp-components.com\/wp-content\/uploads\/2025\/04\/Ring-Gear-For-Cement-Mixer-5-980x724.webp 980w, https:\/\/fmp-components.com\/wp-content\/uploads\/2025\/04\/Ring-Gear-For-Cement-Mixer-5-480x354.webp 480w\" sizes=\"(min-width: 0px) and (max-width: 480px) 480px, (min-width: 481px) and (max-width: 980px) 980px, (min-width: 981px) 1024px, 100vw\" \/><\/td>\n<\/tr>\n<\/tbody>\n<\/table>\n<\/div>","protected":false},"excerpt":{"rendered":"<p>High-Quality Ring Gears for Cement Mixers by FMP In the bustling construction hubs of Italy, such as Milan, Venice, Florence, and Bologna, the demand for reliable cement mixers is ever-present. A key component in these machines is the ring gear for cement mixers, a robust circular gear that drives the drum\u2019s rotation to blend concrete [&hellip;]<\/p>","protected":false},"featured_media":7759,"comment_status":"open","ping_status":"closed","template":"","meta":{"_et_pb_use_builder":"","_et_pb_old_content":"","_et_gb_content_width":""},"product_brand":[],"product_cat":[114],"product_tag":[],"class_list":{"0":"post-7751","1":"product","2":"type-product","3":"status-publish","4":"has-post-thumbnail","6":"product_cat-ring-gear","8":"first","9":"instock","10":"shipping-taxable","11":"product-type-simple"},"_links":{"self":[{"href":"https:\/\/fmp-components.com\/fi\/wp-json\/wp\/v2\/product\/7751","targetHints":{"allow":["GET"]}}],"collection":[{"href":"https:\/\/fmp-components.com\/fi\/wp-json\/wp\/v2\/product"}],"about":[{"href":"https:\/\/fmp-components.com\/fi\/wp-json\/wp\/v2\/types\/product"}],"replies":[{"embeddable":true,"href":"https:\/\/fmp-components.com\/fi\/wp-json\/wp\/v2\/comments?post=7751"}],"wp:featuredmedia":[{"embeddable":true,"href":"https:\/\/fmp-components.com\/fi\/wp-json\/wp\/v2\/media\/7759"}],"wp:attachment":[{"href":"https:\/\/fmp-components.com\/fi\/wp-json\/wp\/v2\/media?parent=7751"}],"wp:term":[{"taxonomy":"product_brand","embeddable":true,"href":"https:\/\/fmp-components.com\/fi\/wp-json\/wp\/v2\/product_brand?post=7751"},{"taxonomy":"product_cat","embeddable":true,"href":"https:\/\/fmp-components.com\/fi\/wp-json\/wp\/v2\/product_cat?post=7751"},{"taxonomy":"product_tag","embeddable":true,"href":"https:\/\/fmp-components.com\/fi\/wp-json\/wp\/v2\/product_tag?post=7751"}],"curies":[{"name":"wp","href":"https:\/\/api.w.org\/{rel}","templated":true}]}}