{"id":774,"date":"2024-12-18T06:44:58","date_gmt":"2024-12-18T06:44:58","guid":{"rendered":"https:\/\/fmp-components.com\/?page_id=8"},"modified":"2024-12-18T06:54:43","modified_gmt":"2024-12-18T06:54:43","slug":"hydraulic-cylinder-for-reach-stacker","status":"publish","type":"product","link":"https:\/\/fmp-components.com\/fi\/product\/hydraulic-cylinder-for-reach-stacker\/","title":{"rendered":"Hydraulinen sylinteri kurottajalle"},"content":{"rendered":"<p style=\"text-align: center;\"><span style=\"font-size: 18pt;\">Hydraulinen sylinteri kurottajalle<\/span><\/p>\n<p>Konttikurottajien hydraulisylinteri on olennainen hydraulinen komponentti, joka on suunniteltu parantamaan logistiikassa ja konttien k\u00e4sittelyss\u00e4 k\u00e4ytett\u00e4vien konttikurottajien nosto- ja jatkekyky\u00e4. T\u00e4ll\u00e4 sylinterill\u00e4 on ratkaiseva rooli pinoajan puomin sujuvassa ja tarkassa liikkeess\u00e4, mik\u00e4 mahdollistaa konttien ja raskaiden kuormien tehokkaan lastaamisen, purkamisen ja pinoamisen.<\/p>\n<p><img loading=\"lazy\" decoding=\"async\" class=\"alignnone size-full wp-image-788\" src=\"https:\/\/fmp-components.com\/wp-content\/uploads\/2024\/12\/Reach-Stacker-Luffing-Cylinders-2.webp\" alt=\"Reach-Stocker-Luffing-Cylinders-2\" width=\"870\" height=\"535\" title=\"\" srcset=\"https:\/\/fmp-components.com\/wp-content\/uploads\/2024\/12\/Reach-Stacker-Luffing-Cylinders-2.webp 870w, https:\/\/fmp-components.com\/wp-content\/uploads\/2024\/12\/Reach-Stacker-Luffing-Cylinders-2-480x295.webp 480w\" sizes=\"(min-width: 0px) and (max-width: 480px) 480px, (min-width: 481px) 870px, 100vw\" \/><\/p>\n<h4>T\u00e4rkeimm\u00e4t ominaisuudet:<\/h4>\n<ul>\n<li><strong>Suuri kuormituskapasiteetti:<\/strong> Merkitt\u00e4vien painojen k\u00e4sittelyyn suunniteltu hydraulisylinteri varmistaa luotettavan suorituskyvyn raskaiden nostotoimintojen aikana, mik\u00e4 on ratkaisevan t\u00e4rke\u00e4\u00e4 tehokkaan lastinhallinnan kannalta.<\/li>\n<li><strong>Kest\u00e4v\u00e4 rakenne:<\/strong> Se on valmistettu eritt\u00e4in lujista materiaaleista ja suunniteltu kest\u00e4m\u00e4\u00e4n raskaan toiminnan tiukat vaatimukset merenkulku- ja logistiikkaymp\u00e4rist\u00f6iss\u00e4 varmistaen pitk\u00e4aikaisen kest\u00e4vyyden ja luotettavuuden.<\/li>\n<li><strong>Sujuva toiminta:<\/strong> Edistyksellinen hydraulinen rakenne mahdollistaa sujuvat ja hallitut liikkeet, mik\u00e4 mahdollistaa nopeat s\u00e4\u00e4d\u00f6t lastaus- ja purkuprosessien aikana ja minimoi laitteiden kulumisen.<\/li>\n<li><strong>Parannettu turvallisuus:<\/strong> Varustettu turvaominaisuuksilla, jotka est\u00e4v\u00e4t ylikuormituksen ja varmistavat turvallisen k\u00e4yt\u00f6n, suojaten sek\u00e4 k\u00e4ytt\u00e4ji\u00e4 ett\u00e4 kuormaa k\u00e4sittelyteht\u00e4vien aikana.<\/li>\n<li><strong>Monipuolinen sovellus:<\/strong> T\u00e4m\u00e4 hydraulisylinteri soveltuu erilaisiin kurottajakokoonpanoihin ja mukautuu erilaisiin k\u00e4ytt\u00f6tarpeisiin, mik\u00e4 tekee siit\u00e4 ihanteellisen valinnan monipuolisiin konttien k\u00e4sittelyteht\u00e4viin.<\/li>\n<li><strong>V\u00e4h\u00e4iset huoltovaatimukset:<\/strong> Se on suunniteltu minimoimaan kulumisen, mik\u00e4 v\u00e4hent\u00e4\u00e4 tihe\u00e4n huollon tarvetta, mik\u00e4 lis\u00e4\u00e4 tuottavuutta ja alentaa k\u00e4ytt\u00f6kustannuksia.<\/li>\n<\/ul>\n<p>Yhteenvetona voidaan todeta, ett\u00e4 kurottajien hydraulisylinteri on t\u00e4rke\u00e4 komponentti, joka optimoi kurottajien suorituskyvyn ja tehokkuuden parantaen merkitt\u00e4v\u00e4sti niiden tehokkuutta konttien k\u00e4sittelyss\u00e4 ja logistiikassa.<\/p>\n<h2>Konttikurottajien teleskooppisylinteri<\/h2>\n<p><img loading=\"lazy\" decoding=\"async\" class=\"size-full wp-image-786 aligncenter\" src=\"https:\/\/fmp-components.com\/wp-content\/uploads\/2024\/12\/Reach-Stacker-Telescopic-Cylinder.webp\" alt=\"Konttikurottajien teleskooppisylinteri\" width=\"500\" height=\"200\" title=\"\" srcset=\"https:\/\/fmp-components.com\/wp-content\/uploads\/2024\/12\/Reach-Stacker-Telescopic-Cylinder.webp 500w, https:\/\/fmp-components.com\/wp-content\/uploads\/2024\/12\/Reach-Stacker-Telescopic-Cylinder-480x192.webp 480w\" sizes=\"(min-width: 0px) and (max-width: 480px) 480px, (min-width: 481px) 500px, 100vw\" \/><\/p>\n<table style=\"width: 83.0024%; height: 162px;\" border=\"1\" cellspacing=\"0\" cellpadding=\"0\">\n<tbody>\n<tr>\n<td>Tuotteen nimi<\/td>\n<td>Konttikurottajien teleskooppisylinteri<\/td>\n<\/tr>\n<tr>\n<td>Ominaisuudet:<\/td>\n<td>Toteuta puomin lineaarinen teleskooppinen liike<\/td>\n<\/tr>\n<tr>\n<td>Rei\u00e4n halkaisija:<\/td>\n<td>200 mm\uff5e220 mm<\/td>\n<\/tr>\n<tr>\n<td>Tangon halkaisija:<\/td>\n<td>150 mm\uff5e180 mm<br \/>\nIsku \u22648000 mm<\/td>\n<\/tr>\n<tr>\n<td>Paine:<\/td>\n<td>Enimm\u00e4ispaine 30 MPa<\/td>\n<\/tr>\n<tr>\n<td>Sovellukset:<\/td>\n<td>Konttikurottaja<\/td>\n<\/tr>\n<\/tbody>\n<\/table>\n<p><img loading=\"lazy\" decoding=\"async\" class=\"alignnone wp-image-790\" src=\"https:\/\/fmp-components.com\/wp-content\/uploads\/2024\/12\/Stacker-Telescopic-Cylinder.webp\" alt=\"Pinoamislaite-teleskooppisylinteri\" width=\"761\" height=\"457\" title=\"\"><\/p>\n<p><img loading=\"lazy\" decoding=\"async\" class=\"alignnone wp-image-789\" src=\"https:\/\/fmp-components.com\/wp-content\/uploads\/2024\/12\/Stacker-Telescopic-Cylinder-1.webp\" alt=\"Pinoamislaite-teleskooppisylinteri\" width=\"764\" height=\"383\" title=\"\"><\/p>\n<h2>Reach Stacker -kuormaajan sylinteri<\/h2>\n<p><img loading=\"lazy\" decoding=\"async\" class=\"size-full wp-image-784 aligncenter\" src=\"https:\/\/fmp-components.com\/wp-content\/uploads\/2024\/12\/Reach-Stacker-Luffing-Cylinder-1.webp\" alt=\"Reach Stacker -kuormaajan sylinteri\" width=\"500\" height=\"200\" title=\"\" srcset=\"https:\/\/fmp-components.com\/wp-content\/uploads\/2024\/12\/Reach-Stacker-Luffing-Cylinder-1.webp 500w, https:\/\/fmp-components.com\/wp-content\/uploads\/2024\/12\/Reach-Stacker-Luffing-Cylinder-1-480x192.webp 480w\" sizes=\"(min-width: 0px) and (max-width: 480px) 480px, (min-width: 481px) 500px, 100vw\" \/><\/p>\n<table style=\"width: 84.0327%; height: 185px;\" border=\"1\" cellspacing=\"0\" cellpadding=\"0\">\n<tbody>\n<tr>\n<td>Tuotteen nimi<\/td>\n<td>Reach Stacker -kuormaajan sylinteri<\/td>\n<\/tr>\n<tr>\n<td>Ominaisuudet:<\/td>\n<td>Toteuta puomin yl\u00f6s-alas kallistus<\/td>\n<\/tr>\n<tr>\n<td>Rei\u00e4n halkaisija:<\/td>\n<td>100 mm\uff5e220 mm<\/td>\n<\/tr>\n<tr>\n<td>Tangon halkaisija:<\/td>\n<td>60 mm\uff5e140 mm<br \/>\nIsku \u22645000 mm<\/td>\n<\/tr>\n<tr>\n<td>Paine:<\/td>\n<td>Enimm\u00e4ispaine 30 MPa<\/td>\n<\/tr>\n<tr>\n<td>Sovellukset:<\/td>\n<td>Konttikurottaja<\/td>\n<\/tr>\n<\/tbody>\n<\/table>\n<p><img loading=\"lazy\" decoding=\"async\" class=\"alignnone wp-image-782\" src=\"https:\/\/fmp-components.com\/wp-content\/uploads\/2024\/12\/Reach-Stacker-Luffing-Cylinder.webp\" alt=\"Reach Stacker -kuormaajan sylinteri\" width=\"780\" height=\"285\" title=\"\" srcset=\"https:\/\/fmp-components.com\/wp-content\/uploads\/2024\/12\/Reach-Stacker-Luffing-Cylinder.webp 780w, https:\/\/fmp-components.com\/wp-content\/uploads\/2024\/12\/Reach-Stacker-Luffing-Cylinder-480x175.webp 480w\" sizes=\"(min-width: 0px) and (max-width: 480px) 480px, (min-width: 481px) 780px, 100vw\" \/><\/p>\n<p><img loading=\"lazy\" decoding=\"async\" class=\"alignnone wp-image-787\" src=\"https:\/\/fmp-components.com\/wp-content\/uploads\/2024\/12\/Reach-Stacker-Luffing-Cylinder-2.webp\" alt=\"Reach-Stocker-Luffing-Cylinder-2\" width=\"774\" height=\"503\" title=\"\"><\/p>\n<h2>Konttikurottajan ohjaussylinteri<\/h2>\n<p><img loading=\"lazy\" decoding=\"async\" class=\"size-full wp-image-785 aligncenter\" src=\"https:\/\/fmp-components.com\/wp-content\/uploads\/2024\/12\/Reach-Stacker-Steering-Cylinder.webp\" alt=\"Konttikurottajan ohjaussylinteri\" width=\"500\" height=\"200\" title=\"\" srcset=\"https:\/\/fmp-components.com\/wp-content\/uploads\/2024\/12\/Reach-Stacker-Steering-Cylinder.webp 500w, https:\/\/fmp-components.com\/wp-content\/uploads\/2024\/12\/Reach-Stacker-Steering-Cylinder-480x192.webp 480w\" sizes=\"(min-width: 0px) and (max-width: 480px) 480px, (min-width: 481px) 500px, 100vw\" \/><\/p>\n<table style=\"width: 84.0349%; height: 200px;\" border=\"1\" cellspacing=\"0\" cellpadding=\"0\">\n<tbody>\n<tr style=\"height: 23px;\">\n<td style=\"height: 23px;\">Tuotteen nimi<\/td>\n<td style=\"height: 23px;\">Reach Stacker -kuormaajan sylinteri<\/td>\n<\/tr>\n<tr style=\"height: 23px;\">\n<td style=\"height: 23px;\">Ominaisuudet:<\/td>\n<td style=\"height: 23px;\">Toteuta nosturin renkaiden suunnan s\u00e4\u00e4t\u00f6<\/td>\n<\/tr>\n<tr style=\"height: 23px;\">\n<td style=\"height: 23px;\">Rei\u00e4n halkaisija:<\/td>\n<td style=\"height: 23px;\">80 mm\uff5e200 mm<\/td>\n<\/tr>\n<tr style=\"height: 47px;\">\n<td style=\"height: 47px;\">Tangon halkaisija:<\/td>\n<td style=\"height: 47px;\">60 mm\uff5e100 mm<br \/>\nIsku \u22649500 mm<\/td>\n<\/tr>\n<tr style=\"height: 23px;\">\n<td style=\"height: 23px;\">Paine:<\/td>\n<td style=\"height: 23px;\">Enimm\u00e4ispaine 25 MPa<\/td>\n<\/tr>\n<tr style=\"height: 23px;\">\n<td style=\"height: 23px;\">Sovellukset:<\/td>\n<td style=\"height: 23px;\">Konttikurottaja<\/td>\n<\/tr>\n<\/tbody>\n<\/table>\n<p><img loading=\"lazy\" decoding=\"async\" class=\"alignnone wp-image-793\" src=\"https:\/\/fmp-components.com\/wp-content\/uploads\/2024\/12\/Reach-Stacker-Steering-Cylinder-1.webp\" alt=\"Konttikurottajan ohjaussylinteri\" width=\"794\" height=\"269\" title=\"\" srcset=\"https:\/\/fmp-components.com\/wp-content\/uploads\/2024\/12\/Reach-Stacker-Steering-Cylinder-1.webp 794w, https:\/\/fmp-components.com\/wp-content\/uploads\/2024\/12\/Reach-Stacker-Steering-Cylinder-1-480x163.webp 480w\" sizes=\"(min-width: 0px) and (max-width: 480px) 480px, (min-width: 481px) 794px, 100vw\" \/><\/p>\n<p><img loading=\"lazy\" decoding=\"async\" class=\"alignnone size-full wp-image-794\" src=\"https:\/\/fmp-components.com\/wp-content\/uploads\/2024\/12\/Reach-Stacker-Steering-Cylinder1.webp\" alt=\"Konttikurottajan ohjaussylinteri1\" width=\"828\" height=\"297\" title=\"\" srcset=\"https:\/\/fmp-components.com\/wp-content\/uploads\/2024\/12\/Reach-Stacker-Steering-Cylinder1.webp 828w, https:\/\/fmp-components.com\/wp-content\/uploads\/2024\/12\/Reach-Stacker-Steering-Cylinder1-480x172.webp 480w\" sizes=\"(min-width: 0px) and (max-width: 480px) 480px, (min-width: 481px) 828px, 100vw\" \/><\/p>\n<h2>Reach Stacker Hydraulisylinterin edut<\/h2>\n<p>Konttikurottajien hydraulisylinteri tarjoaa useita merkitt\u00e4vi\u00e4 etuja, jotka parantavat konttikurottajien suorituskyky\u00e4 ja luotettavuutta logistiikassa ja konttien k\u00e4sittelyss\u00e4.<\/p>\n<p>Yksi t\u00e4rkeimmist\u00e4 eduista on sen suuri kuormituskapasiteetti, jonka ansiosta hydraulisylinteri voi nostaa ja k\u00e4sitell\u00e4 raskaita kontteja ja kuormia turvallisesti. T\u00e4m\u00e4 ominaisuus on ratkaisevan t\u00e4rke\u00e4 tehokkaalle lastinhallinnalle kiireisiss\u00e4 merenkulku- ja logistiikkaymp\u00e4rist\u00f6iss\u00e4.<\/p>\n<p>Sylinteri tarjoaa tarkan ohjauksen, joka mahdollistaa konttikurottajan puomin sujuvat ja tarkat liikkeet. T\u00e4m\u00e4 tarkkuus auttaa k\u00e4ytt\u00e4ji\u00e4 sijoittamaan kontteja tarkasti, mik\u00e4 v\u00e4hent\u00e4\u00e4 onnettomuusriski\u00e4 ja parantaa toiminnan yleist\u00e4 tehokkuutta.<\/p>\n<p>Kest\u00e4vist\u00e4 materiaaleista valmistettu hydraulisylinteri on suunniteltu kest\u00e4m\u00e4\u00e4n raskaan k\u00e4yt\u00f6n vaativat olosuhteet. Sen kest\u00e4vyys varmistaa pitk\u00e4aikaisen suorituskyvyn my\u00f6s ankarissa olosuhteissa, mik\u00e4 v\u00e4hent\u00e4\u00e4 korjausten ja osien vaihtotarvetta.<\/p>\n<p>Toinen etu on hydrauliseen rakenteeseen integroidut parannetut turvaominaisuudet. N\u00e4m\u00e4 ominaisuudet auttavat est\u00e4m\u00e4\u00e4n ylikuormitusta ja varmistavat turvallisen k\u00e4yt\u00f6n suojaten sek\u00e4 laitteita ett\u00e4 henkil\u00f6st\u00f6\u00e4 k\u00e4sittelyteht\u00e4vien aikana.<\/p>\n<p>Hydraulisylinteri helpottaa my\u00f6s sujuvaa toimintaa, mik\u00e4 minimoi sek\u00e4 sylinterin ett\u00e4 itse kurottajan kulumisen. T\u00e4m\u00e4 sujuva toiminta parantaa tuottavuutta mahdollistamalla nopeammat lastaus- ja purkuprosessit.<\/p>\n<p>Lis\u00e4ksi hydraulisylinterin monipuolisuus mahdollistaa sen k\u00e4yt\u00f6n erilaisissa konttikurottajien malleissa, mik\u00e4 tekee siit\u00e4 mukautettavan erilaisiin k\u00e4ytt\u00f6tarpeisiin ja parantaa sen hy\u00f6dyllisyytt\u00e4 konttien k\u00e4sittelyss\u00e4.<\/p>\n<p>Lopuksi, hydraulisylinterin v\u00e4h\u00e4iset huoltotarpeet v\u00e4hent\u00e4v\u00e4t seisokkiaikoja ja k\u00e4ytt\u00f6kustannuksia. Sen suunnittelussa keskityt\u00e4\u00e4n luotettavuuteen ja pitk\u00e4ik\u00e4isyyteen, mik\u00e4 varmistaa, ett\u00e4 konttikurottajat voivat toimia tehokkaasti ilman toistuvia keskeytyksi\u00e4.<\/p>\n<p>Yhteenvetona voidaan todeta, ett\u00e4 kurottajien hydraulisylinteri on olennainen kurottajien tehokkuuden, turvallisuuden ja luotettavuuden optimoimiseksi, mik\u00e4 parantaa merkitt\u00e4v\u00e4sti niiden suorituskyky\u00e4 konttien k\u00e4sittelyss\u00e4 ja logistiikassa.<\/p>\n<p><img loading=\"lazy\" decoding=\"async\" class=\"alignnone  wp-image-795\" src=\"https:\/\/fmp-components.com\/wp-content\/uploads\/2024\/12\/Choose-Reach-Stacker-Steering-Cylinder.webp\" alt=\"Valitse-Kurontavaunun-Ohjaussylinteri\" width=\"853\" height=\"443\" title=\"\"><\/p>\n<h3>Tietoja FMP:st\u00e4<\/h3>\n<p>FMP on hydraulisten sylinterien tuotantoon erikoistunut konepajayritys. Perustamisestaan \u200b\u200bl\u00e4htien yritys on keskittynyt hydraulisen teknologian tutkimukseen ja valmistukseen ja siirtynyt menestyksekk\u00e4\u00e4sti monipuolisesta tuotevalikoimasta, joka sis\u00e4lsi sadonkorjuu- ja rakennuskoneita, maataloustraktorien osiin erikoistumiseen. Yli kymmenen vuoden kokemuksella valmistuksesta ja johtamisesta FMP varmistaa korkealaatuiset tuotteet edistyneiden tuotantotekniikoiden avulla.<\/p>\n<p>Yrityksen kehittyess\u00e4 se on kehitt\u00e4nyt kattavan koneistuslinjan, kokoonpanolinjan ja pinnoituslinjan. Tiimimme koostuu ammattitaitoisesta johtohenkil\u00f6st\u00f6st\u00e4, kokeneista mekaanisista suunnittelijoista ja korkeasti koulutetuista teknikoista, jotka ty\u00f6skentelev\u00e4t yhdess\u00e4 yll\u00e4pit\u00e4\u00e4kseen vakaata tuotannon laatua ja samalla tehokkaasti hallitakseen prosessin jatkuvuutta ja tehokkuutta.<\/p>\n<p>FMP noudattaa filosofiaa, jonka mukaan \u201dteknologinen innovaatio edist\u00e4\u00e4 kehityst\u00e4, laatu luo br\u00e4ndej\u00e4, k\u00e4sity\u00f6taito varmistaa laadun ja rakentaa pitk\u00e4aikaisia, kaikkia hy\u00f6dytt\u00e4vi\u00e4 suhteita\u201d. Sitoutumisemme korkealaatuisten tuotteiden ja erinomaisen asiakaspalvelun tarjoamiseen on edelleen keskeinen tavoitteemme, kun jatkamme markkinoiden kehittyvien tarpeiden t\u00e4ytt\u00e4mist\u00e4.<\/p>\n<p><img loading=\"lazy\" decoding=\"async\" class=\"alignnone size-full wp-image-426\" src=\"https:\/\/fmp-components.com\/wp-content\/uploads\/2024\/12\/Sanitation-Machinery-Locking-Hydraulic-Cylinder-factory.webp\" sizes=\"(min-width: 0px) and (max-width: 480px) 480px, (min-width: 481px) and (max-width: 980px) 980px, (min-width: 981px) and (max-width: 1280px) 1280px, (min-width: 1281px) 1414px, 100vw\" srcset=\"https:\/\/fmp-components.com\/wp-content\/uploads\/2024\/12\/Sanitation-Machinery-Locking-Hydraulic-Cylinder-factory.webp 1414w, https:\/\/fmp-components.com\/wp-content\/uploads\/2024\/12\/Sanitation-Machinery-Locking-Hydraulic-Cylinder-factory-1280x529.webp 1280w, https:\/\/fmp-components.com\/wp-content\/uploads\/2024\/12\/Sanitation-Machinery-Locking-Hydraulic-Cylinder-factory-980x405.webp 980w, https:\/\/fmp-components.com\/wp-content\/uploads\/2024\/12\/Sanitation-Machinery-Locking-Hydraulic-Cylinder-factory-480x198.webp 480w\" alt=\"Sanitaatio-Koneet-Lukitus-Hydraulinen-Sylinteri-tehdas\" width=\"1414\" height=\"584\" title=\"\"><\/p>\n<p>Tekij\u00e4: CX<\/p>","protected":false},"excerpt":{"rendered":"<p>Konttikurottajan hydraulisylinteri on t\u00e4rke\u00e4 hydraulinen komponentti, joka on suunniteltu tarjoamaan tarvittava nosto- ja ojennusvoima konttikurottajan puomille. T\u00e4m\u00e4 sylinteri mahdollistaa sujuvat ja tarkat liikkeet, joiden avulla k\u00e4ytt\u00e4j\u00e4t voivat tehokkaasti nostaa, laskea ja ojentaa konttikurottajan puomeja konttien ja raskaiden kuormien k\u00e4sittely\u00e4 varten. Se on valmistettu eritt\u00e4in lujista materiaaleista ja suunniteltu kest\u00e4m\u00e4\u00e4n raskaiden toimintojen vaatimuksia logistiikka- ja kuljetusymp\u00e4rist\u00f6iss\u00e4 varmistaen kest\u00e4vyyden ja luotettavuuden. Edistyksellinen hydraulinen rakenne mahdollistaa nopeat s\u00e4\u00e4d\u00f6t ja paremman hallinnan, mik\u00e4 parantaa toiminnan tehokkuutta ja turvallisuutta konttien k\u00e4sittelyteht\u00e4viss\u00e4. T\u00e4m\u00e4 hydraulisylinteri on v\u00e4ltt\u00e4m\u00e4t\u00f6n konttikurottajien suorituskyvyn optimoimiseksi ja edist\u00e4\u00e4 merkitt\u00e4v\u00e4sti tehokasta lastink\u00e4sittely\u00e4 satamissa ja varastoissa.<\/p>","protected":false},"featured_media":783,"comment_status":"open","ping_status":"closed","template":"","meta":{"_et_pb_use_builder":"","_et_pb_old_content":"","_et_gb_content_width":""},"product_brand":[],"product_cat":[28],"product_tag":[],"class_list":{"0":"post-774","1":"product","2":"type-product","3":"status-publish","4":"has-post-thumbnail","6":"product_cat-offshore-hydraulic-cylinders","8":"first","9":"instock","10":"shipping-taxable","11":"product-type-simple"},"_links":{"self":[{"href":"https:\/\/fmp-components.com\/fi\/wp-json\/wp\/v2\/product\/774","targetHints":{"allow":["GET"]}}],"collection":[{"href":"https:\/\/fmp-components.com\/fi\/wp-json\/wp\/v2\/product"}],"about":[{"href":"https:\/\/fmp-components.com\/fi\/wp-json\/wp\/v2\/types\/product"}],"replies":[{"embeddable":true,"href":"https:\/\/fmp-components.com\/fi\/wp-json\/wp\/v2\/comments?post=774"}],"wp:featuredmedia":[{"embeddable":true,"href":"https:\/\/fmp-components.com\/fi\/wp-json\/wp\/v2\/media\/783"}],"wp:attachment":[{"href":"https:\/\/fmp-components.com\/fi\/wp-json\/wp\/v2\/media?parent=774"}],"wp:term":[{"taxonomy":"product_brand","embeddable":true,"href":"https:\/\/fmp-components.com\/fi\/wp-json\/wp\/v2\/product_brand?post=774"},{"taxonomy":"product_cat","embeddable":true,"href":"https:\/\/fmp-components.com\/fi\/wp-json\/wp\/v2\/product_cat?post=774"},{"taxonomy":"product_tag","embeddable":true,"href":"https:\/\/fmp-components.com\/fi\/wp-json\/wp\/v2\/product_tag?post=774"}],"curies":[{"name":"wp","href":"https:\/\/api.w.org\/{rel}","templated":true}]}}