{"id":7727,"date":"2025-04-03T06:15:43","date_gmt":"2025-04-03T06:15:43","guid":{"rendered":"https:\/\/fmp-components.com\/?post_type=product&#038;p=7727"},"modified":"2025-04-03T06:27:46","modified_gmt":"2025-04-03T06:27:46","slug":"planetary-ring-gear","status":"publish","type":"product","link":"https:\/\/fmp-components.com\/fi\/product\/planetary-ring-gear\/","title":{"rendered":"Planeettapy\u00f6r\u00e4n rengas"},"content":{"rendered":"<div>\n<h2>Ensiluokkaiset planeettapy\u00f6r\u00e4t FMP:ll\u00e4 Italiassa<\/h2>\n<p class=\"break-words\">Tarkkuustekniikan ja luotettavien koneenosien osalta planeettapy\u00f6r\u00e4 on kriittinen elementti lukemattomissa sovelluksissa autoj\u00e4rjestelmist\u00e4 teollisuuslaitteisiin. FMP:ll\u00e4 olemme ylpeit\u00e4 siit\u00e4, ett\u00e4 olemme johtava korkealaatuisten planeettapy\u00f6r\u00e4st\u00f6jen valmistaja, joka palvelee yrityksi\u00e4 ja teollisuudenaloja kaikkialla Italiassa, mukaan lukien kaupungit kuten Milano, Venetsia, Firenze ja Bologna. Laaja planeettapy\u00f6r\u00e4st\u00f6valikoimamme on suunniteltu vastaamaan monipuolisiin suorituskykytarpeisiin varmistaen kest\u00e4vyyden, tehokkuuden ja saumattoman integroinnin j\u00e4rjestelmiisi.<\/p>\n<\/div>\n<h3>Tekniset tiedot<\/h3>\n<table style=\"width: 100%;\" border=\"1\" width=\"100%\" cellspacing=\"0\" cellpadding=\"0\">\n<tbody>\n<tr style=\"height: 30.00pt;\">\n<td class=\"et2\" style=\"height: 30.00pt; width: 48.00pt;\" width=\"80\" height=\"50\">Mallinumero<\/td>\n<td class=\"et2\" style=\"width: 318.60pt;\" width=\"531\">M3, M4, M5, M8, M12 ja niin edelleen.<\/td>\n<\/tr>\n<tr style=\"height: 30.00pt;\">\n<td class=\"et2\" style=\"height: 30.00pt; width: 48.00pt;\" width=\"80\" height=\"50\">Materiaali<\/td>\n<td class=\"et2\" style=\"width: 318.60pt;\" width=\"531\">Messinki, C45-ter\u00e4s, ruostumaton ter\u00e4s, kupari, POM, alumiini, seos ja niin edelleen<\/td>\n<\/tr>\n<tr style=\"height: 30.00pt;\">\n<td class=\"et2\" style=\"height: 60.00pt; width: 48.00pt;\" rowspan=\"2\" width=\"80\" height=\"100\">Pintak\u00e4sittely<\/td>\n<td class=\"et2\" style=\"width: 318.60pt;\" width=\"531\">Sinkitty, nikkel\u00f6ity, passivointi, hapetus, anodisointi,<\/td>\n<\/tr>\n<tr style=\"height: 30.00pt;\">\n<td class=\"et2\" style=\"width: 318.60pt;\" width=\"531\">Geomet, dakromet, musta oksidi, fosfatointi, pulverimaalaus ja elektroforeesi<\/td>\n<\/tr>\n<tr style=\"height: 30.00pt;\">\n<td class=\"et2\" style=\"height: 30.00pt; width: 48.00pt;\" width=\"80\" height=\"50\">Standardi<\/td>\n<td class=\"et2\" style=\"width: 318.60pt;\" width=\"531\">ISO, DIN, ANSI, JIS, BS ja ei-standardi.<\/td>\n<\/tr>\n<tr style=\"height: 30.00pt;\">\n<td class=\"et2\" style=\"height: 30.00pt; width: 48.00pt;\" width=\"80\" height=\"50\">Tarkkuus<\/td>\n<td class=\"et2\" style=\"width: 318.60pt;\" width=\"531\">DIN6, DIN7, DIN8, DIN9.<\/td>\n<\/tr>\n<tr style=\"height: 45.00pt;\">\n<td class=\"et2\" style=\"height: 45.00pt; width: 48.00pt;\" width=\"80\" height=\"75\">Hampaiden hoito<\/td>\n<td class=\"et2\" style=\"width: 318.60pt;\" width=\"531\">Karkaistu, jyrsitty tai hiottu<\/td>\n<\/tr>\n<tr style=\"height: 30.00pt;\">\n<td class=\"et2\" style=\"height: 30.00pt; width: 48.00pt;\" width=\"80\" height=\"50\">Toleranssi<\/td>\n<td class=\"et2\" style=\"width: 318.60pt;\" width=\"531\">0,001 mm - 0,01 mm - 0,1 mm<\/td>\n<\/tr>\n<tr style=\"height: 30.00pt;\">\n<td class=\"et2\" style=\"height: 30.00pt; width: 48.00pt;\" width=\"80\" height=\"50\">Valmis<\/td>\n<td class=\"et2\" style=\"width: 318.60pt;\" width=\"531\">hiekkapuhallus, l\u00e4mp\u00f6k\u00e4sittely, hehkutus, p\u00e4\u00e4st\u00f6, kiillotus, anodisointi, sinkitys<\/td>\n<\/tr>\n<tr style=\"height: 30.00pt;\">\n<td class=\"et2\" style=\"height: 30.00pt; width: 48.00pt;\" width=\"80\" height=\"50\">Pakkaukset<\/td>\n<td class=\"et2\" style=\"width: 318.60pt;\" width=\"531\">Muovipussi + laatikot tai puiset pakkaukset<\/td>\n<\/tr>\n<tr style=\"height: 15.00pt;\">\n<td class=\"et2\" style=\"height: 30.00pt; width: 48.00pt;\" rowspan=\"2\" width=\"80\" height=\"50\">N\u00e4ytteet<\/td>\n<td class=\"et2\" style=\"width: 318.60pt;\" width=\"531\">N\u00e4ytehintaluokka $2 - $100.<\/td>\n<\/tr>\n<tr style=\"height: 15.00pt;\">\n<td class=\"et2\" style=\"width: 318.60pt;\" width=\"531\">asiakkaiden maksama esimerkki pikapyynn\u00f6st\u00e4<\/td>\n<\/tr>\n<tr style=\"height: 15.00pt;\">\n<td class=\"et2\" style=\"height: 135.00pt; width: 48.00pt;\" rowspan=\"8\" width=\"80\" height=\"225\">Hakemus<\/td>\n<td class=\"et2\" style=\"width: 318.60pt;\" width=\"531\">1. Automaattinen ohjauslaite<\/td>\n<\/tr>\n<tr style=\"height: 15.00pt;\">\n<td class=\"et2\" style=\"width: 318.60pt;\" width=\"531\">2. Puolijohdeteollisuus<\/td>\n<\/tr>\n<tr style=\"height: 15.00pt;\">\n<td class=\"et2\" style=\"width: 318.60pt;\" width=\"531\">3. Yleiset teollisuuskoneet<\/td>\n<\/tr>\n<tr style=\"height: 15.00pt;\">\n<td class=\"et2\" style=\"width: 318.60pt;\" width=\"531\">4. L\u00e4\u00e4kinn\u00e4lliset laitteet<\/td>\n<\/tr>\n<tr style=\"height: 15.00pt;\">\n<td class=\"et2\" style=\"width: 318.60pt;\" width=\"531\">5. Aurinkoenergialaitteet<\/td>\n<\/tr>\n<tr style=\"height: 15.00pt;\">\n<td class=\"et2\" style=\"width: 318.60pt;\" width=\"531\">6. Ty\u00f6st\u00f6kone<\/td>\n<\/tr>\n<tr style=\"height: 15.00pt;\">\n<td class=\"et2\" style=\"width: 318.60pt;\" width=\"531\">7. Pys\u00e4k\u00f6intij\u00e4rjestelm\u00e4<\/td>\n<\/tr>\n<tr style=\"height: 30.00pt;\">\n<td class=\"et2\" style=\"width: 318.60pt;\" width=\"531\">8. Suurnopeusjuna- ja lentoliikennev\u00e4lineet jne.<\/td>\n<\/tr>\n<\/tbody>\n<\/table>\n<div>\n<h4>Miksi valita FMP planeettavaihteisiin?<\/h4>\n<p class=\"break-words\">Italian syd\u00e4mess\u00e4 sijaitseva FMP on erikoistunut valmistamaan erilaisia \u200b\u200bplaneettapy\u00f6r\u00e4st\u00f6j\u00e4, jotka on r\u00e4\u00e4t\u00e4l\u00f6ity erityistarpeisiisi. Etsitp\u00e4 sitten komponentteja edistyneeseen valmistukseen Milanossa, ty\u00f6skentelet Venetsiassa laivatekniikan projekteissa, parannat automaatioj\u00e4rjestelmi\u00e4 Firenzess\u00e4 tai p\u00e4ivit\u00e4t autoteollisuuden malleja Bolognassa, meilt\u00e4 l\u00f6yd\u00e4t etsim\u00e4si. Tuotteemme valmistetaan tarkasti ja kest\u00e4v\u00e4t ankarimpia olosuhteita, mik\u00e4 tekee niist\u00e4 ensiluokkaisen valinnan Italian teollisuudelle.<\/p>\n<p class=\"break-words\">Vakiovalikoimamme lis\u00e4ksi tarjoamme my\u00f6s r\u00e4\u00e4t\u00e4l\u00f6ityj\u00e4 planeettapy\u00f6r\u00e4st\u00f6j\u00e4, jotka vastaavat ainutlaatuisia tarpeitasi. FMP:ll\u00e4 ymm\u00e4rr\u00e4mme, ett\u00e4 jokainen projekti on erilainen, ja ammattitaitoinen insin\u00f6\u00f6ritiimimme on valmis tekem\u00e4\u00e4n yhteisty\u00f6t\u00e4 kanssasi t\u00e4ydellisen ratkaisun luomiseksi. Materiaalivalinnasta hammaspy\u00f6rien mitoitukseen varmistamme, ett\u00e4 r\u00e4\u00e4t\u00e4l\u00f6ity hammaspy\u00f6r\u00e4st\u00f6si toimii moitteettomasti sovelluksessasi.<\/p>\n<\/div>\n<table style=\"width: 99.375%; height: 49px;\" border=\"0\" width=\"240\" cellspacing=\"0\" cellpadding=\"0\">\n<tbody>\n<tr>\n<td width=\"80\" height=\"24\">\u00a0\u00a0<img loading=\"lazy\" decoding=\"async\" class=\"size-full wp-image-7731 aligncenter\" src=\"https:\/\/fmp-components.com\/wp-content\/uploads\/2025\/04\/Internal-Spur-Gear-Rings-3.webp\" alt=\"Sis\u00e4iset lieri\u00f6hammaspy\u00f6r\u00e4n renkaat\" width=\"600\" height=\"600\" title=\"\" srcset=\"https:\/\/fmp-components.com\/wp-content\/uploads\/2025\/04\/Internal-Spur-Gear-Rings-3.webp 600w, https:\/\/fmp-components.com\/wp-content\/uploads\/2025\/04\/Internal-Spur-Gear-Rings-3-480x480.webp 480w\" sizes=\"(min-width: 0px) and (max-width: 480px) 480px, (min-width: 481px) 600px, 100vw\" \/><\/td>\n<td width=\"80\"><img loading=\"lazy\" decoding=\"async\" class=\"size-full wp-image-7729 aligncenter\" src=\"https:\/\/fmp-components.com\/wp-content\/uploads\/2025\/04\/Internal-Spur-Gear-Rings-1.webp\" alt=\"Sis\u00e4iset lieri\u00f6hammaspy\u00f6r\u00e4n renkaat\" width=\"600\" height=\"600\" title=\"\" srcset=\"https:\/\/fmp-components.com\/wp-content\/uploads\/2025\/04\/Internal-Spur-Gear-Rings-1.webp 600w, https:\/\/fmp-components.com\/wp-content\/uploads\/2025\/04\/Internal-Spur-Gear-Rings-1-480x480.webp 480w\" sizes=\"(min-width: 0px) and (max-width: 480px) 480px, (min-width: 481px) 600px, 100vw\" \/><\/td>\n<td width=\"80\"><strong><img loading=\"lazy\" decoding=\"async\" class=\"size-full wp-image-7730 aligncenter\" src=\"https:\/\/fmp-components.com\/wp-content\/uploads\/2025\/04\/Internal-Spur-Gear-Rings-4.webp\" alt=\"Sis\u00e4iset lieri\u00f6hammaspy\u00f6r\u00e4n renkaat\" width=\"1024\" height=\"1024\" title=\"\" srcset=\"https:\/\/fmp-components.com\/wp-content\/uploads\/2025\/04\/Internal-Spur-Gear-Rings-4.webp 1024w, https:\/\/fmp-components.com\/wp-content\/uploads\/2025\/04\/Internal-Spur-Gear-Rings-4-980x980.webp 980w, https:\/\/fmp-components.com\/wp-content\/uploads\/2025\/04\/Internal-Spur-Gear-Rings-4-480x480.webp 480w\" sizes=\"(min-width: 0px) and (max-width: 480px) 480px, (min-width: 481px) and (max-width: 980px) 980px, (min-width: 981px) 1024px, 100vw\" \/><\/strong><\/td>\n<\/tr>\n<\/tbody>\n<\/table>\n<p>&nbsp;<\/p>","protected":false},"excerpt":{"rendered":"<p>Ensiluokkaiset planeettapy\u00f6r\u00e4t FMP:lt\u00e4 Italiassa Tarkkuustekniikassa ja luotettavissa koneenosissa planeettapy\u00f6r\u00e4 on kriittinen elementti lukemattomissa sovelluksissa autoj\u00e4rjestelmist\u00e4 teollisuuslaitteisiin. FMP:ll\u00e4 olemme ylpeit\u00e4 siit\u00e4, ett\u00e4 olemme johtava korkealaatuisten planeettapy\u00f6r\u00e4st\u00f6jen valmistaja, joka palvelee yrityksi\u00e4 ja teollisuudenaloja kaikkialla [\u2026]<\/p>","protected":false},"featured_media":7729,"comment_status":"open","ping_status":"closed","template":"","meta":{"_et_pb_use_builder":"","_et_pb_old_content":"","_et_gb_content_width":""},"product_brand":[],"product_cat":[113],"product_tag":[],"class_list":{"0":"post-7727","1":"product","2":"type-product","3":"status-publish","4":"has-post-thumbnail","6":"product_cat-planetary-gear","8":"first","9":"instock","10":"shipping-taxable","11":"product-type-simple"},"_links":{"self":[{"href":"https:\/\/fmp-components.com\/fi\/wp-json\/wp\/v2\/product\/7727","targetHints":{"allow":["GET"]}}],"collection":[{"href":"https:\/\/fmp-components.com\/fi\/wp-json\/wp\/v2\/product"}],"about":[{"href":"https:\/\/fmp-components.com\/fi\/wp-json\/wp\/v2\/types\/product"}],"replies":[{"embeddable":true,"href":"https:\/\/fmp-components.com\/fi\/wp-json\/wp\/v2\/comments?post=7727"}],"wp:featuredmedia":[{"embeddable":true,"href":"https:\/\/fmp-components.com\/fi\/wp-json\/wp\/v2\/media\/7729"}],"wp:attachment":[{"href":"https:\/\/fmp-components.com\/fi\/wp-json\/wp\/v2\/media?parent=7727"}],"wp:term":[{"taxonomy":"product_brand","embeddable":true,"href":"https:\/\/fmp-components.com\/fi\/wp-json\/wp\/v2\/product_brand?post=7727"},{"taxonomy":"product_cat","embeddable":true,"href":"https:\/\/fmp-components.com\/fi\/wp-json\/wp\/v2\/product_cat?post=7727"},{"taxonomy":"product_tag","embeddable":true,"href":"https:\/\/fmp-components.com\/fi\/wp-json\/wp\/v2\/product_tag?post=7727"}],"curies":[{"name":"wp","href":"https:\/\/api.w.org\/{rel}","templated":true}]}}