{"id":7721,"date":"2025-04-03T05:48:55","date_gmt":"2025-04-03T05:48:55","guid":{"rendered":"https:\/\/fmp-components.com\/?post_type=product&#038;p=7721"},"modified":"2025-04-03T05:54:27","modified_gmt":"2025-04-03T05:54:27","slug":"internal-planetary-gear","status":"publish","type":"product","link":"https:\/\/fmp-components.com\/fi\/product\/internal-planetary-gear\/","title":{"rendered":"Sis\u00e4inen planeettapy\u00f6r\u00e4st\u00f6"},"content":{"rendered":"<h2>Sis\u00e4iset planeettavaihteet: Tarkkuutta ja tehoa FMP:lt\u00e4<\/h2>\n<p>Sis\u00e4iset planeettapy\u00f6r\u00e4t, planeettavaihteiden mekanismien elint\u00e4rke\u00e4 osa, tunnetaan kyvyst\u00e4\u00e4n tuottaa suurta v\u00e4\u00e4nt\u00f6momenttia ja tarkkaa nopeuden alennusta kompakteissa malleissa. N\u00e4iss\u00e4 j\u00e4rjestelmiss\u00e4 on keskell\u00e4 oleva aurinkopy\u00f6r\u00e4, kiert\u00e4v\u00e4t planeettapy\u00f6r\u00e4t ja sis\u00e4inen keh\u00e4py\u00f6r\u00e4, joka on sis\u00e4isesti kytkeytynyt planeettapy\u00f6r\u00e4st\u00f6ihin. T\u00e4m\u00e4 ainutlaatuinen kokoonpano tekee sis\u00e4isist\u00e4 planeettapy\u00f6r\u00e4st\u00f6ist\u00e4 v\u00e4ltt\u00e4m\u00e4tt\u00f6mi\u00e4 teollisuudenaloille kaikkialla Italiassa, Milanon autokorjaamoista Bolognan konepajoihin. FMP:ll\u00e4 olemme erikoistuneet n\u00e4iden edistyneiden vaihdej\u00e4rjestelmien valmistukseen ja tarjoamme r\u00e4\u00e4t\u00e4l\u00f6ityj\u00e4 ratkaisuja asiakkaidemme monipuolisten tarpeiden t\u00e4ytt\u00e4miseksi.<\/p>\n<div>\n<h3>Mit\u00e4 ovat sis\u00e4iset planeettapy\u00f6r\u00e4t?<\/h3>\n<p class=\"break-words\">Sis\u00e4inen planeettapy\u00f6r\u00e4st\u00f6j\u00e4rjestelm\u00e4 koostuu:<\/p>\n<ul class=\"marker:text-secondary\">\n<li class=\"break-words\"><strong>Aurinkovarusteet<\/strong>Keskushammaspy\u00f6r\u00e4, joka k\u00e4ytt\u00e4\u00e4 mekanismia.<\/li>\n<li class=\"break-words\"><strong>Planeettavaihteet<\/strong>Aurinkopy\u00f6r\u00e4\u00e4 kiert\u00e4v\u00e4t ja kantoaallon yhdist\u00e4m\u00e4t rattaat.<\/li>\n<li class=\"break-words\"><strong>Sis\u00e4inen vaihde (keh\u00e4vaihde)<\/strong>Hammaspy\u00f6r\u00e4, jonka sis\u00e4pinnalla on hampaat ja joka on kytkeytynyt planeettapy\u00f6r\u00e4n hammaspy\u00f6riin.<\/li>\n<\/ul>\n<p class=\"break-words\">Toisin kuin ulkoiset vaihdej\u00e4rjestelm\u00e4t, sis\u00e4inen vaihderakenne mahdollistaa suuremmat alennussuhteet pienemm\u00e4ss\u00e4 koossa, mik\u00e4 tekee siit\u00e4 ihanteellisen sovelluksiin, jotka vaativat teho- ja tilatehokkuutta. Kiinnitt\u00e4m\u00e4ll\u00e4 eri komponentteja (kuten sis\u00e4ist\u00e4 vaihdetta tai kannatinta) j\u00e4rjestelm\u00e4 voi saavuttaa erilaisia \u200b\u200balennussuhteita, mik\u00e4 tarjoaa joustavuutta insin\u00f6\u00f6reille kaikkialla.<\/p>\n<\/div>\n<h3>Tekniset tiedot<\/h3>\n<table style=\"width: 100%;\" border=\"1\" width=\"100%\" cellspacing=\"0\" cellpadding=\"0\">\n<tbody>\n<tr>\n<td width=\"80\">Mallinumero<\/td>\n<td width=\"531\">M3, M4, M5, M8, M12 ja niin edelleen.<\/td>\n<\/tr>\n<tr>\n<td width=\"80\">Materiaali<\/td>\n<td width=\"531\">Messinki, C45-ter\u00e4s, ruostumaton ter\u00e4s, kupari, POM, alumiini, seos ja niin edelleen<\/td>\n<\/tr>\n<tr>\n<td rowspan=\"2\" width=\"80\">Pintak\u00e4sittely<\/td>\n<td width=\"531\">Sinkitty, nikkel\u00f6ity, passivointi, hapetus, anodisointi,<\/td>\n<\/tr>\n<tr>\n<td width=\"531\">Geomet, dakromet, musta oksidi, fosfatointi, pulverimaalaus ja elektroforeesi<\/td>\n<\/tr>\n<tr>\n<td width=\"80\">Standardi<\/td>\n<td width=\"531\">ISO, DIN, ANSI, JIS, BS ja ei-standardi.<\/td>\n<\/tr>\n<tr>\n<td width=\"80\">Tarkkuus<\/td>\n<td width=\"531\">DIN6, DIN7, DIN8, DIN9.<\/td>\n<\/tr>\n<tr>\n<td width=\"80\">Hampaiden hoito<\/td>\n<td width=\"531\">Karkaistu, jyrsitty tai hiottu<\/td>\n<\/tr>\n<tr>\n<td width=\"80\">Toleranssi<\/td>\n<td width=\"531\">0,001 mm - 0,01 mm - 0,1 mm<\/td>\n<\/tr>\n<tr>\n<td width=\"80\">Valmis<\/td>\n<td width=\"531\">hiekkapuhallus, l\u00e4mp\u00f6k\u00e4sittely, hehkutus, p\u00e4\u00e4st\u00f6, kiillotus, anodisointi, sinkitys<\/td>\n<\/tr>\n<tr>\n<td width=\"80\">Pakkaukset<\/td>\n<td width=\"531\">Muovipussi + laatikot tai puiset pakkaukset<\/td>\n<\/tr>\n<tr>\n<td width=\"80\">Tuotannon l\u00e4pimenoaika<\/td>\n<td width=\"531\">20 arkip\u00e4iv\u00e4\u00e4 n\u00e4ytteelle, 25 p\u00e4iv\u00e4\u00e4 irtotavaralle<\/td>\n<\/tr>\n<tr>\n<td rowspan=\"8\" width=\"80\">Hakemus<\/td>\n<td width=\"531\">1. Automaattinen ohjauslaite<\/td>\n<\/tr>\n<tr>\n<td width=\"531\">2. Puolijohdeteollisuus<\/td>\n<\/tr>\n<tr>\n<td width=\"531\">3. Yleiset teollisuuskoneet<\/td>\n<\/tr>\n<tr>\n<td width=\"531\">4. L\u00e4\u00e4kinn\u00e4lliset laitteet<\/td>\n<\/tr>\n<tr>\n<td width=\"531\">5. Aurinkoenergialaitteet<\/td>\n<\/tr>\n<tr>\n<td width=\"531\">6. Ty\u00f6st\u00f6kone<\/td>\n<\/tr>\n<tr>\n<td width=\"531\">7. Pys\u00e4k\u00f6intij\u00e4rjestelm\u00e4<\/td>\n<\/tr>\n<tr>\n<td width=\"531\">8. Suurnopeusjuna- ja lentoliikennev\u00e4lineet jne.<\/td>\n<\/tr>\n<\/tbody>\n<\/table>\n<div>\n<h3>Miksi valita sis\u00e4iset planeettavaihteet?<\/h3>\n<p class=\"break-words\">Sis\u00e4isten planeettavaihteiden etuihin kuuluvat:<\/p>\n<ul class=\"marker:text-secondary\">\n<li class=\"break-words\"><strong>Korkeat alennussuhteet<\/strong>Saavutetaan sis\u00e4isen hammaspy\u00f6r\u00e4n ja planeettapy\u00f6r\u00e4st\u00f6n vuorovaikutuksen kautta.<\/li>\n<li class=\"break-words\"><strong>Kompakti koko<\/strong>T\u00e4ydellinen tilarajoitteisiin sovelluksiin.<\/li>\n<li class=\"break-words\"><strong>Vankka v\u00e4\u00e4nt\u00f6momentti<\/strong>Ihanteellinen raskaisiin teht\u00e4viin.<\/li>\n<li class=\"break-words\"><strong>Monipuolisuus<\/strong>S\u00e4\u00e4dett\u00e4v\u00e4t kokoonpanot sopivat monenlaisiin tarpeisiin.<\/li>\n<\/ul>\n<p class=\"break-words\">Milanon autoteollisuuden tai Firenzen teollisuusalueiden yrityksille n\u00e4m\u00e4 edut tarkoittavat parantunutta tehokkuutta ja kest\u00e4vyytt\u00e4.<\/p>\n<h2>FMP: Planeettavaihteiden asiantuntijasi Italiassa<\/h2>\n<p class=\"break-words\">FMP:ll\u00e4 olemme ylpeit\u00e4 siit\u00e4, ett\u00e4 olemme johtava planeettavaihteiden valmistaja ja palvelemme asiakkaita Venetsiasta Bolognaan. Tarjontamme sis\u00e4lt\u00e4\u00e4:<\/p>\n<ul class=\"marker:text-secondary\">\n<li class=\"break-words\"><strong>Monipuolinen valikoima<\/strong>Valmistamme erityyppisi\u00e4 sis\u00e4isi\u00e4 planeettavaihteita vakiomalleista monimutkaisiin j\u00e4rjestelmiin.<\/li>\n<li class=\"break-words\"><strong>Mukauttaminen<\/strong>Tarvitsetko r\u00e4\u00e4t\u00e4l\u00f6ity\u00e4 ratkaisua? Insin\u00f6\u00f6rimme voivat suunnitella ja valmistaa r\u00e4\u00e4t\u00e4l\u00f6ityj\u00e4 sis\u00e4isi\u00e4 planeettavaihteita tarpeidesi mukaan.<\/li>\n<li class=\"break-words\"><strong>Tarkka k\u00e4sity\u00f6taito<\/strong>Hy\u00f6dynt\u00e4m\u00e4ll\u00e4 edistynytt\u00e4 teknologiaa varmistamme, ett\u00e4 jokainen varuste t\u00e4ytt\u00e4\u00e4 tiukat laatustandardit.<\/li>\n<\/ul>\n<table style=\"width: 100.875%; height: 89px;\" border=\"0\" width=\"240\" cellspacing=\"0\" cellpadding=\"0\">\n<tbody>\n<tr>\n<td width=\"80\" height=\"24\"><img loading=\"lazy\" decoding=\"async\" class=\"size-full wp-image-7717 aligncenter\" src=\"https:\/\/fmp-components.com\/wp-content\/uploads\/2025\/04\/Planetary-Gear-set-factory-2-scaled.webp\" sizes=\"(min-width: 0px) and (max-width: 480px) 480px, (min-width: 481px) and (max-width: 980px) 980px, (min-width: 981px) and (max-width: 1280px) 1280px, (min-width: 1281px) 2560px, 100vw\" srcset=\"https:\/\/fmp-components.com\/wp-content\/uploads\/2025\/04\/Planetary-Gear-set-factory-2-scaled.webp 2560w, https:\/\/fmp-components.com\/wp-content\/uploads\/2025\/04\/Planetary-Gear-set-factory-2-1280x1280.webp 1280w, https:\/\/fmp-components.com\/wp-content\/uploads\/2025\/04\/Planetary-Gear-set-factory-2-980x980.webp 980w, https:\/\/fmp-components.com\/wp-content\/uploads\/2025\/04\/Planetary-Gear-set-factory-2-480x480.webp 480w\" alt=\"\u884c\u661f\u9f7f\u8f6e\u7ec4\u5de5\u5382\" width=\"2560\" height=\"2560\" title=\"\"><\/td>\n<td width=\"80\"><img loading=\"lazy\" decoding=\"async\" class=\"size-full wp-image-7718 aligncenter\" src=\"https:\/\/fmp-components.com\/wp-content\/uploads\/2025\/04\/Planetary-Gear-set-factory-4.webp\" sizes=\"(min-width: 0px) and (max-width: 480px) 480px, (min-width: 481px) 600px, 100vw\" srcset=\"https:\/\/fmp-components.com\/wp-content\/uploads\/2025\/04\/Planetary-Gear-set-factory-4.webp 600w, https:\/\/fmp-components.com\/wp-content\/uploads\/2025\/04\/Planetary-Gear-set-factory-4-480x480.webp 480w\" alt=\"\u884c\u661f\u9f7f\u8f6e\u7ec4\u5de5\u5382\" width=\"600\" height=\"600\" title=\"\"><\/td>\n<td width=\"80\"><strong><img loading=\"lazy\" decoding=\"async\" class=\"size-full wp-image-7719 aligncenter\" src=\"https:\/\/fmp-components.com\/wp-content\/uploads\/2025\/04\/Planetary-Gear-set-factory-1-scaled.webp\" sizes=\"(min-width: 0px) and (max-width: 480px) 480px, (min-width: 481px) and (max-width: 980px) 980px, (min-width: 981px) and (max-width: 1280px) 1280px, (min-width: 1281px) 2560px, 100vw\" srcset=\"https:\/\/fmp-components.com\/wp-content\/uploads\/2025\/04\/Planetary-Gear-set-factory-1-scaled.webp 2560w, https:\/\/fmp-components.com\/wp-content\/uploads\/2025\/04\/Planetary-Gear-set-factory-1-1280x1280.webp 1280w, https:\/\/fmp-components.com\/wp-content\/uploads\/2025\/04\/Planetary-Gear-set-factory-1-980x980.webp 980w, https:\/\/fmp-components.com\/wp-content\/uploads\/2025\/04\/Planetary-Gear-set-factory-1-480x480.webp 480w\" alt=\"\u884c\u661f\u9f7f\u8f6e\u7ec4\u5de5\u5382\" width=\"2560\" height=\"2560\" title=\"\"><\/strong><\/td>\n<\/tr>\n<\/tbody>\n<\/table>\n<\/div>","protected":false},"excerpt":{"rendered":"<p>Internal Planetary Gears: Precision and Power by FMP Internal planetary gears, a vital component of planetary gear mechanisms, are renowned for their ability to deliver high torque and precise speed reduction in compact designs. These systems feature a central sun gear, orbiting planet gears, and an internal ring gear that meshes internally with the planet [&hellip;]<\/p>","protected":false},"featured_media":4625,"comment_status":"open","ping_status":"closed","template":"","meta":{"_et_pb_use_builder":"","_et_pb_old_content":"","_et_gb_content_width":""},"product_brand":[],"product_cat":[113],"product_tag":[],"class_list":{"0":"post-7721","1":"product","2":"type-product","3":"status-publish","4":"has-post-thumbnail","6":"product_cat-planetary-gear","8":"first","9":"instock","10":"shipping-taxable","11":"product-type-simple"},"_links":{"self":[{"href":"https:\/\/fmp-components.com\/fi\/wp-json\/wp\/v2\/product\/7721","targetHints":{"allow":["GET"]}}],"collection":[{"href":"https:\/\/fmp-components.com\/fi\/wp-json\/wp\/v2\/product"}],"about":[{"href":"https:\/\/fmp-components.com\/fi\/wp-json\/wp\/v2\/types\/product"}],"replies":[{"embeddable":true,"href":"https:\/\/fmp-components.com\/fi\/wp-json\/wp\/v2\/comments?post=7721"}],"wp:featuredmedia":[{"embeddable":true,"href":"https:\/\/fmp-components.com\/fi\/wp-json\/wp\/v2\/media\/4625"}],"wp:attachment":[{"href":"https:\/\/fmp-components.com\/fi\/wp-json\/wp\/v2\/media?parent=7721"}],"wp:term":[{"taxonomy":"product_brand","embeddable":true,"href":"https:\/\/fmp-components.com\/fi\/wp-json\/wp\/v2\/product_brand?post=7721"},{"taxonomy":"product_cat","embeddable":true,"href":"https:\/\/fmp-components.com\/fi\/wp-json\/wp\/v2\/product_cat?post=7721"},{"taxonomy":"product_tag","embeddable":true,"href":"https:\/\/fmp-components.com\/fi\/wp-json\/wp\/v2\/product_tag?post=7721"}],"curies":[{"name":"wp","href":"https:\/\/api.w.org\/{rel}","templated":true}]}}