{"id":7713,"date":"2025-04-03T05:19:05","date_gmt":"2025-04-03T05:19:05","guid":{"rendered":"https:\/\/fmp-components.com\/?post_type=product&#038;p=7713"},"modified":"2025-04-03T05:39:42","modified_gmt":"2025-04-03T05:39:42","slug":"planetary-gear-sets","status":"publish","type":"product","link":"https:\/\/fmp-components.com\/fi\/product\/planetary-gear-sets\/","title":{"rendered":"Planeettapy\u00f6r\u00e4st\u00f6t"},"content":{"rendered":"<div>\n<h2>Planeettavaihteistojen perusteet<\/h2>\n<p class=\"break-words\">Planeettapy\u00f6r\u00e4st\u00f6t, jotka tunnetaan my\u00f6s episyklisin\u00e4 vaihdej\u00e4rjestelmin\u00e4, ovat modernin konetekniikan kulmakivi. N\u00e4iden j\u00e4rjestelmien ytimess\u00e4 on keskell\u00e4 oleva aurinkopy\u00f6r\u00e4, kantavaan kiinnitetyt kiert\u00e4v\u00e4t planeettapy\u00f6r\u00e4t ja ulkokeh\u00e4py\u00f6r\u00e4. T\u00e4m\u00e4 ainutlaatuinen j\u00e4rjestely mahdollistaa planeettapy\u00f6r\u00e4st\u00f6jen poikkeuksellisen v\u00e4\u00e4nt\u00f6momentin, nopeuden alentamisen ja tehokkuuden kompaktissa rakenteessa. Olitpa sitten Milanossa, Venetsiassa, Firenzess\u00e4 tai Bolognassa, teollisuus kaikkialla Italiassa luottaa n\u00e4ihin kest\u00e4viin j\u00e4rjestelmiin sovelluksissa aina autoteollisuuden vaihteistoista teollisuuskoneisiin.<\/p>\n<p class=\"break-words\">FMP:ll\u00e4 olemme erikoistuneet korkealaatuisten planeettavaihteiden valmistukseen, jotka on r\u00e4\u00e4t\u00e4l\u00f6ity vastaamaan erilaisiin tarpeisiin. Sitoutumalla tarkkuuteen ja innovaatioon palvelemme asiakkaita kaikkialla Italiassa ja sen ulkopuolella varmistaen huippuluokan suorituskyvyn jokaisessa valmistamassamme vaihteessa.<\/p>\n<\/div>\n<p><img loading=\"lazy\" decoding=\"async\" class=\"size-full wp-image-7714 aligncenter\" src=\"https:\/\/fmp-components.com\/wp-content\/uploads\/2025\/04\/Planetary-Gear-set-1.webp\" alt=\"Planeettapy\u00f6r\u00e4st\u00f6\" width=\"943\" height=\"634\" title=\"\" srcset=\"https:\/\/fmp-components.com\/wp-content\/uploads\/2025\/04\/Planetary-Gear-set-1.webp 943w, https:\/\/fmp-components.com\/wp-content\/uploads\/2025\/04\/Planetary-Gear-set-1-480x323.webp 480w\" sizes=\"(min-width: 0px) and (max-width: 480px) 480px, (min-width: 481px) 943px, 100vw\" \/><\/p>\n<div>\n<h4>Mit\u00e4 ovat planeettapy\u00f6r\u00e4st\u00f6t?<\/h4>\n<p class=\"break-words\">Planeettavaihteisto toimii kolmen keskeisen komponentin avulla:<\/p>\n<ul class=\"marker:text-secondary\">\n<li class=\"break-words\"><strong>Aurinkovarusteet<\/strong>Keskusvaihde (usein merkitty keltaisella), joka k\u00e4ytt\u00e4\u00e4 j\u00e4rjestelm\u00e4\u00e4.<\/li>\n<li class=\"break-words\"><strong>Planeettavaihteet<\/strong>Useita rattaita (yleens\u00e4 sinisi\u00e4), jotka kiert\u00e4v\u00e4t aurinkoratasta ja ovat asennettu liikkuvalle alustalle (vihre\u00e4).<\/li>\n<li class=\"break-words\"><strong>Rengasvaihde<\/strong>Ulkopy\u00f6r\u00e4 (vaaleanpunainen), joka on hammastuksissa planeettapy\u00f6rien kanssa ja sulkee j\u00e4rjestelm\u00e4n sis\u00e4\u00e4ns\u00e4.<\/li>\n<\/ul>\n<p class=\"break-words\">T\u00e4m\u00e4 kokoonpano mahdollistaa monipuoliset v\u00e4lityssuhteet ja suuren v\u00e4\u00e4nt\u00f6momentin, mik\u00e4 tekee planeettavaihteista ihanteellisia sovelluksiin, joissa tila ja paino ovat kriittisi\u00e4. Yksinkertaisista malleista monimutkaisiin yhdistelm\u00e4j\u00e4rjestelmiin, niiden mukautuvuus sopii monille eri teollisuudenaloille.<\/p>\n<h4>Planeettavaihteistojen sovellukset<\/h4>\n<p class=\"break-words\">Planeettavaihteita k\u00e4ytet\u00e4\u00e4n laajalti kaikkialla Italiassa Milanon ja Bolognan teollisuuskeskuksista Firenzen ja Venetsian konepajoihin. Niiden kyky tarjota merkitt\u00e4v\u00e4\u00e4 nopeuden alennusta ja v\u00e4\u00e4nt\u00f6momenttia kompaktissa muodossa tekee niist\u00e4 v\u00e4ltt\u00e4m\u00e4tt\u00f6mi\u00e4 seuraavissa:<\/p>\n<ul class=\"marker:text-secondary\">\n<li class=\"break-words\"><strong>Autot ja maastoajoneuvot<\/strong>: L\u00f6ytyy automaattivaihteistoista ja vetolaitteista.<\/li>\n<li class=\"break-words\"><strong>Teollisuuskoneet<\/strong>Kuljettimien, sekoittimien ja mets\u00e4koneiden voimanl\u00e4hde.<\/li>\n<li class=\"break-words\"><strong>Kuluttajatuotteet<\/strong>K\u00e4ytet\u00e4\u00e4n s\u00e4hk\u00f6k\u00e4ytt\u00f6isiss\u00e4 ruuvimeisseleiss\u00e4 ja polkupy\u00f6rien vaihdej\u00e4rjestelmiss\u00e4.<\/li>\n<li class=\"break-words\"><strong>Raskaat sovellukset<\/strong>: Tukee traktoreita, rakennuskoneita ja turbiinimoottoreita.<\/li>\n<\/ul>\n<p class=\"break-words\">Useiden planeettavaihteiden kuormanjako takaa kest\u00e4vyyden ja kulumisenkest\u00e4vyyden, ominaisuuden, jota italialaiset valmistajat ja insin\u00f6\u00f6rit esimerkiksi Milanossa ja Bolognassa arvostavat erityisesti iskunkest\u00e4v\u00e4ss\u00e4 k\u00e4yt\u00f6ss\u00e4.<\/p>\n<div>\n<h4>Miksi valita planeettavaihteistot?<\/h4>\n<p class=\"break-words\">Planeettavaihteiden edut ovat selv\u00e4t:<\/p>\n<ul class=\"marker:text-secondary\">\n<li class=\"break-words\"><strong>Korkea v\u00e4\u00e4nt\u00f6momenttitiheys<\/strong>Useat planeettapy\u00f6r\u00e4t jakavat kuorman, mik\u00e4 parantaa tehoa.<\/li>\n<li class=\"break-words\"><strong>Kompakti muotoilu<\/strong>Ihanteellinen ahtaisiin sovelluksiin.<\/li>\n<li class=\"break-words\"><strong>Kest\u00e4vyys<\/strong>Tasainen kuorman jakautuminen pident\u00e4\u00e4 vaihteiston k\u00e4ytt\u00f6ik\u00e4\u00e4.<\/li>\n<li class=\"break-words\"><strong>Joustavuus<\/strong>Helposti s\u00e4\u00e4dett\u00e4v\u00e4t v\u00e4lityssuhteet muokkaamalla kantopy\u00f6r\u00e4\u00e4 tai aurinkopy\u00f6r\u00e4\u00e4.<\/li>\n<\/ul>\n<p class=\"break-words\">Venetsiassa tai Firenzess\u00e4 toimiville yrityksille, jotka haluavat optimoida koneidensa suorituskyvyn, n\u00e4m\u00e4 edut n\u00e4kyv\u00e4t tehokkuutena ja luotettavuutena, mik\u00e4 v\u00e4hent\u00e4\u00e4 seisokkiaikoja ja yll\u00e4pitokustannuksia.<\/p>\n<p><img loading=\"lazy\" decoding=\"async\" class=\"wp-image-7716 aligncenter\" src=\"https:\/\/fmp-components.com\/wp-content\/uploads\/2025\/04\/Planetary-Gear-set-2.webp\" alt=\"Planeettapy\u00f6r\u00e4st\u00f6\" width=\"809\" height=\"539\" title=\"\" srcset=\"https:\/\/fmp-components.com\/wp-content\/uploads\/2025\/04\/Planetary-Gear-set-2.webp 809w, https:\/\/fmp-components.com\/wp-content\/uploads\/2025\/04\/Planetary-Gear-set-2-480x320.webp 480w\" sizes=\"(min-width: 0px) and (max-width: 480px) 480px, (min-width: 481px) 809px, 100vw\" \/><\/p>\n<h4>FMP: Luotettu planeettavaihteiden valmistaja Italiassa<\/h4>\n<p class=\"break-words\">FMP:ll\u00e4 olemme ylpeit\u00e4 siit\u00e4, ett\u00e4 olemme johtava planeettavaihteiden valmistaja, joka palvelee asiakkaita kaikkialla Italiassa ja maailmanlaajuisesti. Laajan suunnitteluosaamisemme pohjalta tarjoamme:<\/p>\n<ul class=\"marker:text-secondary\">\n<li class=\"break-words\"><strong>Erilaisia \u200b\u200btyyppej\u00e4<\/strong>Vakiorakenteista monimutkaisiin yhdistelm\u00e4j\u00e4rjestelmiin, valmistamme planeettavaihteistoja kaikkiin sovelluksiin.<\/li>\n<li class=\"break-words\"><strong>Mukauttaminen<\/strong>Tarvitsetko tietyn kokoonpanon? Taitavat insin\u00f6\u00f6rimme Italiassa voivat suunnitella ja valmistaa r\u00e4\u00e4t\u00e4l\u00f6ityj\u00e4 planeettavaihteistoja juuri sinun tarpeisiisi.<\/li>\n<li class=\"break-words\"><strong>Tarkkuusvalmistus<\/strong>K\u00e4yt\u00e4mme edistyneit\u00e4 tekniikoita varmistaaksemme, ett\u00e4 jokainen varuste t\u00e4ytt\u00e4\u00e4 korkeimmat laatu- ja suorituskykystandardit.<\/li>\n<\/ul>\n<p class=\"break-words\">Olitpa sitten Milanon vilkkaalla teollisuussektorilla, Venetsian innovatiivisissa ty\u00f6pajoissa, Bolognan konepajakeskuksissa tai Firenzen k\u00e4sity\u00f6l\u00e4iskeskuksissa, FMP on ensisijainen kumppanisi planeettavaihteiden ratkaisuihin.<\/p>\n<table style=\"border-collapse: collapse; width: 101.625%; height: 50px;\" border=\"0\" width=\"240\" cellspacing=\"0\" cellpadding=\"0\">\n<tbody>\n<tr style=\"height: 14.40pt;\">\n<td style=\"height: 14.40pt; width: 48.00pt;\" width=\"80\" height=\"24\"><img loading=\"lazy\" decoding=\"async\" class=\"size-full wp-image-7717 aligncenter\" src=\"https:\/\/fmp-components.com\/wp-content\/uploads\/2025\/04\/Planetary-Gear-set-factory-2-scaled.webp\" alt=\"Planeettapy\u00f6r\u00e4st\u00f6tehdas\" width=\"2560\" height=\"2560\" title=\"\" srcset=\"https:\/\/fmp-components.com\/wp-content\/uploads\/2025\/04\/Planetary-Gear-set-factory-2-scaled.webp 2560w, https:\/\/fmp-components.com\/wp-content\/uploads\/2025\/04\/Planetary-Gear-set-factory-2-1280x1280.webp 1280w, https:\/\/fmp-components.com\/wp-content\/uploads\/2025\/04\/Planetary-Gear-set-factory-2-980x980.webp 980w, https:\/\/fmp-components.com\/wp-content\/uploads\/2025\/04\/Planetary-Gear-set-factory-2-480x480.webp 480w\" sizes=\"(min-width: 0px) and (max-width: 480px) 480px, (min-width: 481px) and (max-width: 980px) 980px, (min-width: 981px) and (max-width: 1280px) 1280px, (min-width: 1281px) 2560px, 100vw\" \/><\/td>\n<td style=\"width: 48.00pt;\" width=\"80\"><img loading=\"lazy\" decoding=\"async\" class=\"size-full wp-image-7718 aligncenter\" src=\"https:\/\/fmp-components.com\/wp-content\/uploads\/2025\/04\/Planetary-Gear-set-factory-4.webp\" alt=\"Planeettapy\u00f6r\u00e4st\u00f6tehdas\" width=\"600\" height=\"600\" title=\"\" srcset=\"https:\/\/fmp-components.com\/wp-content\/uploads\/2025\/04\/Planetary-Gear-set-factory-4.webp 600w, https:\/\/fmp-components.com\/wp-content\/uploads\/2025\/04\/Planetary-Gear-set-factory-4-480x480.webp 480w\" sizes=\"(min-width: 0px) and (max-width: 480px) 480px, (min-width: 481px) 600px, 100vw\" \/><\/td>\n<td style=\"width: 48.00pt;\" width=\"80\"><strong><img loading=\"lazy\" decoding=\"async\" class=\"size-full wp-image-7719 aligncenter\" src=\"https:\/\/fmp-components.com\/wp-content\/uploads\/2025\/04\/Planetary-Gear-set-factory-1-scaled.webp\" alt=\"Planeettapy\u00f6r\u00e4st\u00f6tehdas\" width=\"2560\" height=\"2560\" title=\"\" srcset=\"https:\/\/fmp-components.com\/wp-content\/uploads\/2025\/04\/Planetary-Gear-set-factory-1-scaled.webp 2560w, https:\/\/fmp-components.com\/wp-content\/uploads\/2025\/04\/Planetary-Gear-set-factory-1-1280x1280.webp 1280w, https:\/\/fmp-components.com\/wp-content\/uploads\/2025\/04\/Planetary-Gear-set-factory-1-980x980.webp 980w, https:\/\/fmp-components.com\/wp-content\/uploads\/2025\/04\/Planetary-Gear-set-factory-1-480x480.webp 480w\" sizes=\"(min-width: 0px) and (max-width: 480px) 480px, (min-width: 481px) and (max-width: 980px) 980px, (min-width: 981px) and (max-width: 1280px) 1280px, (min-width: 1281px) 2560px, 100vw\" \/><\/strong><\/td>\n<\/tr>\n<\/tbody>\n<\/table>\n<\/div>\n<\/div>","protected":false},"excerpt":{"rendered":"<p>Planeettavaihteiden perusteet Planeettavaihteet, jotka tunnetaan my\u00f6s episyklisin\u00e4 vaihdej\u00e4rjestelmin\u00e4, ovat modernin konetekniikan kulmakivi. N\u00e4iden j\u00e4rjestelmien ytimess\u00e4 ovat keskell\u00e4 oleva aurinkopy\u00f6r\u00e4, kantajalle asennetut kiert\u00e4v\u00e4t planeettapy\u00f6r\u00e4t ja ulkokeh\u00e4py\u00f6r\u00e4. T\u00e4m\u00e4 ainutlaatuinen j\u00e4rjestely mahdollistaa planeettavaihteiden poikkeuksellisen [\u2026]<\/p>","protected":false},"featured_media":7720,"comment_status":"open","ping_status":"closed","template":"","meta":{"_et_pb_use_builder":"","_et_pb_old_content":"","_et_gb_content_width":""},"product_brand":[],"product_cat":[113],"product_tag":[],"class_list":{"0":"post-7713","1":"product","2":"type-product","3":"status-publish","4":"has-post-thumbnail","6":"product_cat-planetary-gear","8":"first","9":"instock","10":"shipping-taxable","11":"product-type-simple"},"_links":{"self":[{"href":"https:\/\/fmp-components.com\/fi\/wp-json\/wp\/v2\/product\/7713","targetHints":{"allow":["GET"]}}],"collection":[{"href":"https:\/\/fmp-components.com\/fi\/wp-json\/wp\/v2\/product"}],"about":[{"href":"https:\/\/fmp-components.com\/fi\/wp-json\/wp\/v2\/types\/product"}],"replies":[{"embeddable":true,"href":"https:\/\/fmp-components.com\/fi\/wp-json\/wp\/v2\/comments?post=7713"}],"wp:featuredmedia":[{"embeddable":true,"href":"https:\/\/fmp-components.com\/fi\/wp-json\/wp\/v2\/media\/7720"}],"wp:attachment":[{"href":"https:\/\/fmp-components.com\/fi\/wp-json\/wp\/v2\/media?parent=7713"}],"wp:term":[{"taxonomy":"product_brand","embeddable":true,"href":"https:\/\/fmp-components.com\/fi\/wp-json\/wp\/v2\/product_brand?post=7713"},{"taxonomy":"product_cat","embeddable":true,"href":"https:\/\/fmp-components.com\/fi\/wp-json\/wp\/v2\/product_cat?post=7713"},{"taxonomy":"product_tag","embeddable":true,"href":"https:\/\/fmp-components.com\/fi\/wp-json\/wp\/v2\/product_tag?post=7713"}],"curies":[{"name":"wp","href":"https:\/\/api.w.org\/{rel}","templated":true}]}}