{"id":761,"date":"2024-12-18T06:11:37","date_gmt":"2024-12-18T06:11:37","guid":{"rendered":"https:\/\/fmp-components.com\/?page_id=8"},"modified":"2024-12-18T06:27:29","modified_gmt":"2024-12-18T06:27:29","slug":"hydraulic-cylinder-for-offshore-crane","status":"publish","type":"product","link":"https:\/\/fmp-components.com\/fi\/product\/hydraulic-cylinder-for-offshore-crane\/","title":{"rendered":"Hydraulinen sylinteri offshore-nosturille"},"content":{"rendered":"<p style=\"text-align: center;\"><span style=\"font-size: 18pt;\">Hydraulinen sylinteri offshore-nosturille<\/span><\/p>\n<p>Offshore-nosturin hydraulisylinteri on olennainen hydraulinen komponentti, joka on suunniteltu tarjoamaan offshore-nostureiden toiminnan edellytt\u00e4m\u00e4t nosto- ja laskuominaisuudet. T\u00e4ll\u00e4 sylinterill\u00e4 on ratkaiseva rooli nosturin puomin ja muiden mekanismien tarkassa ohjauksessa ja liikkeess\u00e4, mik\u00e4 varmistaa raskaiden kuormien turvallisen ja tehokkaan k\u00e4sittelyn vaativissa meriymp\u00e4rist\u00f6iss\u00e4.<\/p>\n<p><img loading=\"lazy\" decoding=\"async\" class=\"alignnone wp-image-780\" src=\"https:\/\/fmp-components.com\/wp-content\/uploads\/2024\/12\/Offshore-Crane-Folding-Arm-Tilt-Cylinder-2.webp\" alt=\"Offshore-nosturin taittovarren kallistussylinteri\" width=\"935\" height=\"304\" title=\"\" srcset=\"https:\/\/fmp-components.com\/wp-content\/uploads\/2024\/12\/Offshore-Crane-Folding-Arm-Tilt-Cylinder-2.webp 935w, https:\/\/fmp-components.com\/wp-content\/uploads\/2024\/12\/Offshore-Crane-Folding-Arm-Tilt-Cylinder-2-480x156.webp 480w\" sizes=\"(min-width: 0px) and (max-width: 480px) 480px, (min-width: 481px) 935px, 100vw\" \/><\/p>\n<h4>T\u00e4rkeimm\u00e4t ominaisuudet:<\/h4>\n<ul>\n<li><strong>Suuri kuormituskapasiteetti:<\/strong> T\u00e4m\u00e4 hydraulisylinteri on suunniteltu k\u00e4sittelem\u00e4\u00e4n merkitt\u00e4vi\u00e4 painoja ja se varmistaa luotettavan suorituskyvyn raskaissa nostot\u00f6iss\u00e4, mik\u00e4 on ratkaisevan t\u00e4rke\u00e4\u00e4 offshore-rakentamisessa ja -kunnossapidossa.<\/li>\n<li><strong>Kest\u00e4v\u00e4 rakenne:<\/strong> Se on valmistettu eritt\u00e4in lujista materiaaleista ja suunniteltu kest\u00e4m\u00e4\u00e4n offshore-ymp\u00e4rist\u00f6ille tyypillisi\u00e4 ankaria olosuhteita, kuten altistumista suolavedelle, korkeille paineille ja \u00e4\u00e4rimm\u00e4isille s\u00e4\u00e4olosuhteille.<\/li>\n<li><strong>Sujuva toiminta:<\/strong> Edistyksellinen hydraulinen rakenne mahdollistaa sujuvat ja hallitut liikkeet, mik\u00e4 mahdollistaa nopeat s\u00e4\u00e4d\u00f6t ja parantaa yleist\u00e4 toiminnan tehokkuutta.<\/li>\n<li><strong>Turvamekanismit:<\/strong> Varustettu sis\u00e4\u00e4nrakennetuilla turvaominaisuuksilla, jotka est\u00e4v\u00e4t ylikuormituksen ja varmistavat turvallisen k\u00e4yt\u00f6n, suojaten sek\u00e4 henkil\u00f6st\u00f6\u00e4 ett\u00e4 laitteita nostotoimintojen aikana.<\/li>\n<li><strong>Monipuolinen sovellus:<\/strong> T\u00e4m\u00e4 hydraulisylinteri soveltuu erilaisiin offshore-nosturikokoonpanoihin ja mukautuu erilaisiin k\u00e4ytt\u00f6tarpeisiin, mik\u00e4 tekee siit\u00e4 monipuolisen monenlaisiin merisovelluksiin.<\/li>\n<li><strong>V\u00e4h\u00e4iset huoltovaatimukset:<\/strong> Se on suunniteltu minimoimaan kulumisen, mik\u00e4 v\u00e4hent\u00e4\u00e4 huoltotarvetta ja k\u00e4ytt\u00f6katkoksia, mik\u00e4 osaltaan lis\u00e4\u00e4 tuottavuutta.<\/li>\n<\/ul>\n<p>Yhteenvetona voidaan todeta, ett\u00e4 offshore-nostureiden hydraulisylinteri on elint\u00e4rke\u00e4 komponentti, joka optimoi offshore-nostureiden suorituskyvyn ja turvallisuuden parantaen merkitt\u00e4v\u00e4sti merirakennus-, poraus- ja kunnossapitotoimintojen tehokkuutta.<\/p>\n<h2>Offshore-nosturin p\u00e4\u00e4puomin luffing-sylinteri<\/h2>\n<p>Offshore-nosturin p\u00e4\u00e4puomin nosto- ja s\u00e4\u00e4t\u00f6sylinteri on kriittinen hydraulinen komponentti, joka vastaa nosturin p\u00e4\u00e4puomin nostoliikkeen ohjaamisesta. T\u00e4m\u00e4 sylinteri mahdollistaa puomin tarkan nostamisen ja laskemisen, mik\u00e4 mahdollistaa optimaalisen asemoinnin nostotoimintojen aikana. Se on valmistettu eritt\u00e4in lujista materiaaleista ja suunniteltu kest\u00e4m\u00e4\u00e4n offshore-ymp\u00e4rist\u00f6jen vaativia olosuhteita, kuten altistumista suolavedelle ja \u00e4\u00e4rimm\u00e4isille s\u00e4\u00e4olosuhteille. Sujuva hydraulinen toiminta mahdollistaa nopeat ja tarkat s\u00e4\u00e4d\u00f6t, mik\u00e4 parantaa toiminnan tehokkuutta ja turvallisuutta. T\u00e4m\u00e4 nosto- ja s\u00e4\u00e4t\u00f6sylinteri on v\u00e4ltt\u00e4m\u00e4t\u00f6n offshore-nostureiden tehokkaalle suorituskyvylle ja edist\u00e4\u00e4 merkitt\u00e4v\u00e4sti merirakennus-, huolto- ja poraustoiminnan onnistumista.<\/p>\n<p><img loading=\"lazy\" decoding=\"async\" class=\"size-full wp-image-773 aligncenter\" src=\"https:\/\/fmp-components.com\/wp-content\/uploads\/2024\/12\/Offshore-Crane-Main-Boom-Luffing-Cylinder.webp\" alt=\"Offshore-nosturin p\u00e4\u00e4puomin luffing-sylinteri\" width=\"500\" height=\"200\" title=\"\" srcset=\"https:\/\/fmp-components.com\/wp-content\/uploads\/2024\/12\/Offshore-Crane-Main-Boom-Luffing-Cylinder.webp 500w, https:\/\/fmp-components.com\/wp-content\/uploads\/2024\/12\/Offshore-Crane-Main-Boom-Luffing-Cylinder-480x192.webp 480w\" sizes=\"(min-width: 0px) and (max-width: 480px) 480px, (min-width: 481px) 500px, 100vw\" \/><\/p>\n<table style=\"width: 87.4644%; height: 209px;\" border=\"1\" cellspacing=\"0\" cellpadding=\"0\">\n<tbody>\n<tr>\n<td>Tuotteen nimi<\/td>\n<td>Offshore-nosturin p\u00e4\u00e4puomin luffing-sylinteri<\/td>\n<\/tr>\n<tr>\n<td>Ominaisuudet:<\/td>\n<td>Tarjoaa ty\u00f6nt\u00f6voimaa nosturin puomin kallistuksen toteuttamiseksi<\/td>\n<\/tr>\n<tr>\n<td>Rei\u00e4n halkaisija:<\/td>\n<td>Jopa 580 mm<\/td>\n<\/tr>\n<tr>\n<td>Tangon halkaisija:<\/td>\n<td>Jopa 440 mm<br \/>\nIskunpituus jopa 5635 mm<\/td>\n<\/tr>\n<tr>\n<td>Ty\u00f6nt\u00f6voima:<\/td>\n<td>Enimm\u00e4isteho 8454 kN<br \/>\n(Sylinterien halkaisija 580 mm \/ paine 32 MPa)<\/td>\n<\/tr>\n<tr>\n<td>Sovellukset:<\/td>\n<td>Offshore-nosturi<\/td>\n<\/tr>\n<\/tbody>\n<\/table>\n<p><img loading=\"lazy\" decoding=\"async\" class=\"alignnone wp-image-778\" src=\"https:\/\/fmp-components.com\/wp-content\/uploads\/2024\/12\/Offshore-Crane-Main-Boom-Luffing-Cylinder-1.webp\" alt=\"Offshore-Crane-P\u00e4\u00e4puomi-Luffing-Sylinteri-1\" width=\"810\" height=\"480\" title=\"\"><\/p>\n<p><img loading=\"lazy\" decoding=\"async\" class=\"alignnone wp-image-781\" src=\"https:\/\/fmp-components.com\/wp-content\/uploads\/2024\/12\/Offshore-Crane-Main-Boom-Luffing-Cylinder-2.webp\" alt=\"Offshore-nosturin p\u00e4\u00e4puomin luffing-sylinteri\" width=\"813\" height=\"254\" title=\"\" srcset=\"https:\/\/fmp-components.com\/wp-content\/uploads\/2024\/12\/Offshore-Crane-Main-Boom-Luffing-Cylinder-2.webp 813w, https:\/\/fmp-components.com\/wp-content\/uploads\/2024\/12\/Offshore-Crane-Main-Boom-Luffing-Cylinder-2-480x150.webp 480w\" sizes=\"(min-width: 0px) and (max-width: 480px) 480px, (min-width: 481px) 813px, 100vw\" \/><\/p>\n<h2>Offshore-nosturin taittovarren kallistussylinteri<\/h2>\n<p>Offshore-nosturin taittovarren kallistussylinteri on t\u00e4rke\u00e4 hydraulinen komponentti, joka helpottaa nosturin taittovarren kallistusliikett\u00e4. T\u00e4m\u00e4 sylinteri tarjoaa tarvittavan voiman varren nostamiseen ja laskemiseen, mik\u00e4 mahdollistaa tarkan asemoinnin lastaus- ja purkutoimintojen aikana. Se on valmistettu eritt\u00e4in lujista materiaaleista ja suunniteltu kest\u00e4m\u00e4\u00e4n ankaria meriymp\u00e4rist\u00f6j\u00e4, mukaan lukien altistuminen suolavedelle ja korkeille paineille. Hydraulij\u00e4rjestelm\u00e4 mahdollistaa sujuvat ja hallitut liikkeet, mik\u00e4 parantaa toiminnan tehokkuutta ja turvallisuutta nosturin k\u00e4yt\u00f6n aikana. T\u00e4m\u00e4 kallistussylinteri on v\u00e4ltt\u00e4m\u00e4t\u00f6n offshore-nostureiden suorituskyvyn optimoimiseksi ja edist\u00e4\u00e4 merkitt\u00e4v\u00e4sti merirakennus-, kunnossapito- ja logistiikkateht\u00e4vien tehokkuutta.<\/p>\n<p><img loading=\"lazy\" decoding=\"async\" class=\"size-full wp-image-772 aligncenter\" src=\"https:\/\/fmp-components.com\/wp-content\/uploads\/2024\/12\/Offshore-Crane-Folding-Arm-Tilt-Cylinder.webp\" alt=\"Offshore-nosturin taittovarren kallistussylinteri\" width=\"500\" height=\"200\" title=\"\" srcset=\"https:\/\/fmp-components.com\/wp-content\/uploads\/2024\/12\/Offshore-Crane-Folding-Arm-Tilt-Cylinder.webp 500w, https:\/\/fmp-components.com\/wp-content\/uploads\/2024\/12\/Offshore-Crane-Folding-Arm-Tilt-Cylinder-480x192.webp 480w\" sizes=\"(min-width: 0px) and (max-width: 480px) 480px, (min-width: 481px) 500px, 100vw\" \/><\/p>\n<table style=\"width: 86.8088%; height: 199px;\" border=\"1\" cellspacing=\"0\" cellpadding=\"0\">\n<tbody>\n<tr>\n<td>Tuotteen nimi<\/td>\n<td>Offshore-nosturin taittovarren kallistussylinteri<\/td>\n<\/tr>\n<tr>\n<td>Ominaisuudet:<\/td>\n<td>Tarjoaa ty\u00f6nt\u00f6voiman ja vetovoiman, joita k\u00e4ytet\u00e4\u00e4n nosturin kyyn\u00e4rvarren vaakasuoran kulman s\u00e4\u00e4t\u00e4miseen<\/td>\n<\/tr>\n<tr>\n<td>Rei\u00e4n halkaisija:<\/td>\n<td>Jopa 580 mm<\/td>\n<\/tr>\n<tr>\n<td>Tangon halkaisija:<\/td>\n<td>Jopa 400 mm<br \/>\nIskunpituus jopa 5170 mm<\/td>\n<\/tr>\n<tr>\n<td>Ty\u00f6nt\u00f6voima \/ Vetovoima:<\/td>\n<td>Enimm\u00e4ism\u00e4\u00e4r\u00e4 8454 kN\/3589 kN<br \/>\n(Sylinterien halkaisija 580 mm \/ paine 32 MPa)<\/td>\n<\/tr>\n<tr>\n<td>Sovellukset:<\/td>\n<td>Offshore-nosturi<\/td>\n<\/tr>\n<\/tbody>\n<\/table>\n<p><img loading=\"lazy\" decoding=\"async\" class=\"alignnone wp-image-777\" src=\"https:\/\/fmp-components.com\/wp-content\/uploads\/2024\/12\/Offshore-Crane-Folding-Arm-Tilt-Cylinder-1.webp\" alt=\"Offshore-nosturin-taittuvavartinen-kallistussylinteri\" width=\"803\" height=\"481\" title=\"\"><\/p>\n<h2>Offshore-nosturi A-tyypin mastonosturin luffing-sylinteri<\/h2>\n<p>Offshore Crane A -tyypin mastonosturin luffaussylinteri on t\u00e4rke\u00e4 hydraulinen komponentti, joka on suunniteltu ohjaamaan nosturin maston luffausliikett\u00e4. T\u00e4m\u00e4 sylinteri tarjoaa tarvittavan voiman maston nostamiseen ja laskemiseen, mik\u00e4 mahdollistaa tarkat s\u00e4\u00e4d\u00f6t optimaalisen sijoittelun saavuttamiseksi nostotoimintojen aikana. Se on valmistettu eritt\u00e4in lujista materiaaleista ja suunniteltu kest\u00e4m\u00e4\u00e4n offshore-ymp\u00e4rist\u00f6jen haastavia olosuhteita, kuten altistumista suolavedelle ja \u00e4\u00e4rimm\u00e4isille s\u00e4\u00e4olosuhteille. Sujuva hydraulinen toiminta varmistaa nopeat ja tarkat liikkeet, mik\u00e4 parantaa toiminnan tehokkuutta ja turvallisuutta. T\u00e4m\u00e4 luffaussylinteri on v\u00e4ltt\u00e4m\u00e4t\u00f6n A-tyypin mastonostureiden tehokkaalle suorituskyvylle ja edist\u00e4\u00e4 merkitt\u00e4v\u00e4sti merirakennus-, poraus- ja kunnossapitotoimintojen onnistumista.<\/p>\n<p><img loading=\"lazy\" decoding=\"async\" class=\"size-full wp-image-771 aligncenter\" src=\"https:\/\/fmp-components.com\/wp-content\/uploads\/2024\/12\/Offshore-Crane-A-Type-Mast-Crane-Luffing-Cylinder.webp\" alt=\"Offshore-nosturi A-tyypin mastonosturin luffing-sylinteri\" width=\"500\" height=\"200\" title=\"\" srcset=\"https:\/\/fmp-components.com\/wp-content\/uploads\/2024\/12\/Offshore-Crane-A-Type-Mast-Crane-Luffing-Cylinder.webp 500w, https:\/\/fmp-components.com\/wp-content\/uploads\/2024\/12\/Offshore-Crane-A-Type-Mast-Crane-Luffing-Cylinder-480x192.webp 480w\" sizes=\"(min-width: 0px) and (max-width: 480px) 480px, (min-width: 481px) 500px, 100vw\" \/><\/p>\n<table style=\"width: 87.239%; height: 196px;\" border=\"1\" cellspacing=\"0\" cellpadding=\"0\">\n<tbody>\n<tr>\n<td>Tuotteen nimi<\/td>\n<td>Offshore-nosturi A-tyypin mastonosturin luffing-sylinteri<\/td>\n<\/tr>\n<tr>\n<td>Ominaisuudet:<\/td>\n<td>Tarjoaa ty\u00f6nt\u00f6voiman ja vetovoiman, joita k\u00e4ytet\u00e4\u00e4n nosturin kyyn\u00e4rvarren vaakasuoran kulman s\u00e4\u00e4t\u00e4miseen<\/td>\n<\/tr>\n<tr>\n<td>Rei\u00e4n halkaisija:<\/td>\n<td>Jopa 580 mm<\/td>\n<\/tr>\n<tr>\n<td>Tangon halkaisija:<\/td>\n<td>Jopa 400 mm<br \/>\nIskunpituus jopa 5170 mm<\/td>\n<\/tr>\n<tr>\n<td>Ty\u00f6nt\u00f6voima \/ Vetovoima:<\/td>\n<td>Enimm\u00e4ism\u00e4\u00e4r\u00e4 8454 kN\/3589 kN<br \/>\n(Sylinterien halkaisija 580 mm \/ paine 32 MPa)<\/td>\n<\/tr>\n<tr>\n<td>Sovellukset:<\/td>\n<td>Offshore-nosturi<\/td>\n<\/tr>\n<\/tbody>\n<\/table>\n<p data-sourcepos=\"14:1-14:90\"><img loading=\"lazy\" decoding=\"async\" class=\"alignnone wp-image-779\" src=\"https:\/\/fmp-components.com\/wp-content\/uploads\/2024\/12\/Offshore-Crane-A-Type-Mast-Crane-Luffing-Cylinder-1.webp\" alt=\"Offshore-nosturi A-tyypin mastonosturin luffing-sylinteri\" width=\"811\" height=\"404\" title=\"\" srcset=\"https:\/\/fmp-components.com\/wp-content\/uploads\/2024\/12\/Offshore-Crane-A-Type-Mast-Crane-Luffing-Cylinder-1.webp 811w, https:\/\/fmp-components.com\/wp-content\/uploads\/2024\/12\/Offshore-Crane-A-Type-Mast-Crane-Luffing-Cylinder-1-480x239.webp 480w\" sizes=\"(min-width: 0px) and (max-width: 480px) 480px, (min-width: 481px) 811px, 100vw\" \/><\/p>\n<h2>Offshore-nosturin hydraulisylinterin edut<\/h2>\n<p>Offshore-nosturin hydraulisylinteri tarjoaa useita keskeisi\u00e4 etuja, jotka parantavat offshore-nostureiden suorituskyky\u00e4 ja luotettavuutta meri- ja teollisuussovelluksissa.<\/p>\n<p>Yksi t\u00e4rkeimmist\u00e4 eduista on sen suuri kuormituskapasiteetti, joka mahdollistaa offshore-toiminnassa tyypillisten raskaiden kuormien turvallisen nostamisen ja k\u00e4sittelyn. T\u00e4m\u00e4 kapasiteetti on olennaista toiminnan tehokkuuden ja turvallisuuden yll\u00e4pit\u00e4miseksi monimutkaisissa nostoteht\u00e4viss\u00e4.<\/p>\n<p>Hydraulisylinteri tarjoaa my\u00f6s tarkan ohjauksen, joka mahdollistaa puomin asennon sujuvan ja tarkan s\u00e4\u00e4d\u00f6n. T\u00e4m\u00e4 tarkkuus on ratkaisevan t\u00e4rke\u00e4\u00e4 turvallisen toiminnan varmistamiseksi, erityisesti haastavissa offshore-ymp\u00e4rist\u00f6iss\u00e4, joissa olosuhteet voivat muuttua nopeasti.<\/p>\n<p>Kest\u00e4vist\u00e4 materiaaleista valmistettu sylinteri on suunniteltu kest\u00e4m\u00e4\u00e4n ankaria meriolosuhteita, kuten altistumista suolavedelle, sy\u00f6vytt\u00e4ville aineille ja \u00e4\u00e4rimm\u00e4isille l\u00e4mp\u00f6tiloille. T\u00e4m\u00e4 kest\u00e4vyys varmistaa pitk\u00e4ik\u00e4isen suorituskyvyn ja v\u00e4hent\u00e4\u00e4 tarvetta usein vaihdettaville osille.<\/p>\n<p>Toinen merkitt\u00e4v\u00e4 etu on hydrauliseen rakenteeseen integroidut parannetut turvaominaisuudet. N\u00e4m\u00e4 ominaisuudet auttavat est\u00e4m\u00e4\u00e4n ylikuormitusta ja varmistamaan turvallisen k\u00e4yt\u00f6n suojaten sek\u00e4 henkil\u00f6st\u00f6\u00e4 ett\u00e4 laitteita nostotoimintojen aikana.<\/p>\n<p>Hydraulij\u00e4rjestelm\u00e4 helpottaa my\u00f6s sujuvaa toimintaa, mik\u00e4 minimoi sek\u00e4 sylinterin ett\u00e4 itse nosturin kulumisen. T\u00e4m\u00e4 sujuva toiminta auttaa parantamaan yleist\u00e4 toiminnan tehokkuutta ja v\u00e4hent\u00e4m\u00e4\u00e4n huoltotarvetta.<\/p>\n<p>Lis\u00e4ksi hydraulisylinterin monipuolisuus mahdollistaa sen mukauttamisen erilaisiin offshore-nosturikokoonpanoihin, mik\u00e4 tekee siit\u00e4 sopivan monenlaisiin k\u00e4ytt\u00f6tarkoituksiin rakentamisesta kunnossapitoon ja porausteht\u00e4viin.<\/p>\n<p>Lopuksi, hydraulisylinterin alhaiset huoltovaatimukset v\u00e4hent\u00e4v\u00e4t seisokkiaikoja ja k\u00e4ytt\u00f6kustannuksia. Sen suunnittelussa keskityt\u00e4\u00e4n luotettavuuteen ja pitk\u00e4ik\u00e4isyyteen, mik\u00e4 varmistaa, ett\u00e4 offshore-toiminta voi jatkua keskeytyksett\u00e4.<\/p>\n<p>Yhteenvetona voidaan todeta, ett\u00e4 offshore-nosturin hydraulisylinteri on v\u00e4ltt\u00e4m\u00e4t\u00f6n offshore-nostureiden tehokkuuden, turvallisuuden ja luotettavuuden optimoimiseksi, mik\u00e4 parantaa merkitt\u00e4v\u00e4sti niiden suorituskyky\u00e4 vaativissa meriymp\u00e4rist\u00f6iss\u00e4.<\/p>\n<p data-sourcepos=\"14:1-14:90\"><img loading=\"lazy\" decoding=\"async\" class=\"alignnone wp-image-776\" src=\"https:\/\/fmp-components.com\/wp-content\/uploads\/2024\/12\/A-Type-Mast-Crane-Luffing-Cylinder-for-Offshore-Crane.webp\" alt=\"A-tyypin mastonosturi-luffing-sylinteri-offshore-nosturiin\" width=\"840\" height=\"442\" title=\"\"><\/p>\n<h3>Tietoja FMP:st\u00e4<\/h3>\n<p>FMP on hydraulisten sylinterien tuotantoon erikoistunut konepajayritys. Perustamisestaan \u200b\u200bl\u00e4htien yritys on keskittynyt hydraulisen teknologian tutkimukseen ja valmistukseen ja siirtynyt menestyksekk\u00e4\u00e4sti monipuolisesta tuotevalikoimasta, joka sis\u00e4lsi sadonkorjuu- ja rakennuskoneita, maataloustraktorien osiin erikoistumiseen. Yli kymmenen vuoden kokemuksella valmistuksesta ja johtamisesta FMP varmistaa korkealaatuiset tuotteet edistyneiden tuotantotekniikoiden avulla.<\/p>\n<p>Yrityksen kehittyess\u00e4 se on kehitt\u00e4nyt kattavan koneistuslinjan, kokoonpanolinjan ja pinnoituslinjan. Tiimimme koostuu ammattitaitoisesta johtohenkil\u00f6st\u00f6st\u00e4, kokeneista mekaanisista suunnittelijoista ja korkeasti koulutetuista teknikoista, jotka ty\u00f6skentelev\u00e4t yhdess\u00e4 yll\u00e4pit\u00e4\u00e4kseen vakaata tuotannon laatua ja samalla tehokkaasti hallitakseen prosessin jatkuvuutta ja tehokkuutta.<\/p>\n<p>FMP noudattaa filosofiaa, jonka mukaan \u201dteknologinen innovaatio edist\u00e4\u00e4 kehityst\u00e4, laatu luo br\u00e4ndej\u00e4, k\u00e4sity\u00f6taito varmistaa laadun ja rakentaa pitk\u00e4aikaisia, kaikkia hy\u00f6dytt\u00e4vi\u00e4 suhteita\u201d. Sitoutumisemme korkealaatuisten tuotteiden ja erinomaisen asiakaspalvelun tarjoamiseen on edelleen keskeinen tavoitteemme, kun jatkamme markkinoiden kehittyvien tarpeiden t\u00e4ytt\u00e4mist\u00e4.<\/p>\n<p><img loading=\"lazy\" decoding=\"async\" class=\"alignnone size-full wp-image-426\" src=\"https:\/\/fmp-components.com\/wp-content\/uploads\/2024\/12\/Sanitation-Machinery-Locking-Hydraulic-Cylinder-factory.webp\" sizes=\"(min-width: 0px) and (max-width: 480px) 480px, (min-width: 481px) and (max-width: 980px) 980px, (min-width: 981px) and (max-width: 1280px) 1280px, (min-width: 1281px) 1414px, 100vw\" srcset=\"https:\/\/fmp-components.com\/wp-content\/uploads\/2024\/12\/Sanitation-Machinery-Locking-Hydraulic-Cylinder-factory.webp 1414w, https:\/\/fmp-components.com\/wp-content\/uploads\/2024\/12\/Sanitation-Machinery-Locking-Hydraulic-Cylinder-factory-1280x529.webp 1280w, https:\/\/fmp-components.com\/wp-content\/uploads\/2024\/12\/Sanitation-Machinery-Locking-Hydraulic-Cylinder-factory-980x405.webp 980w, https:\/\/fmp-components.com\/wp-content\/uploads\/2024\/12\/Sanitation-Machinery-Locking-Hydraulic-Cylinder-factory-480x198.webp 480w\" alt=\"Sanitaatio-Koneet-Lukitus-Hydraulinen-Sylinteri-tehdas\" width=\"1414\" height=\"584\" title=\"\"><\/p>\n<p>Tekij\u00e4: CX<\/p>","protected":false},"excerpt":{"rendered":"<p>Offshore-nosturin hydraulisylinteri on t\u00e4rke\u00e4 komponentti, joka on suunniteltu tarjoamaan tarvittava nosto- ja laskuvoima nosturin puomille ja muille k\u00e4ytt\u00f6mekanismeille. T\u00e4m\u00e4 hydraulisylinteri mahdollistaa tarkan ohjauksen ja liikkeen, mik\u00e4 mahdollistaa raskaiden kuormien turvallisen k\u00e4sittelyn haastavissa offshore-ymp\u00e4rist\u00f6iss\u00e4. Se on valmistettu eritt\u00e4in lujista materiaaleista ja suunniteltu kest\u00e4m\u00e4\u00e4n ankaria meriolosuhteita, kuten suolavesialtistusta ja \u00e4\u00e4rimm\u00e4isi\u00e4 s\u00e4\u00e4olosuhteita, varmistaen kest\u00e4vyyden ja luotettavuuden. Sujuva hydraulinen toiminta mahdollistaa nopeat s\u00e4\u00e4d\u00f6t, mik\u00e4 parantaa toiminnan tehokkuutta ja turvallisuutta nostotoimintojen aikana. T\u00e4m\u00e4 hydraulisylinteri on v\u00e4ltt\u00e4m\u00e4t\u00f6n offshore-nostureiden suorituskyvyn optimoimiseksi ja edist\u00e4\u00e4 merkitt\u00e4v\u00e4sti merirakennus-, poraus- ja kunnossapitotoimintojen tehokkuutta.<\/p>","protected":false},"featured_media":770,"comment_status":"open","ping_status":"closed","template":"","meta":{"_et_pb_use_builder":"","_et_pb_old_content":"","_et_gb_content_width":""},"product_brand":[],"product_cat":[28],"product_tag":[],"class_list":{"0":"post-761","1":"product","2":"type-product","3":"status-publish","4":"has-post-thumbnail","6":"product_cat-offshore-hydraulic-cylinders","8":"first","9":"instock","10":"shipping-taxable","11":"product-type-simple"},"_links":{"self":[{"href":"https:\/\/fmp-components.com\/fi\/wp-json\/wp\/v2\/product\/761","targetHints":{"allow":["GET"]}}],"collection":[{"href":"https:\/\/fmp-components.com\/fi\/wp-json\/wp\/v2\/product"}],"about":[{"href":"https:\/\/fmp-components.com\/fi\/wp-json\/wp\/v2\/types\/product"}],"replies":[{"embeddable":true,"href":"https:\/\/fmp-components.com\/fi\/wp-json\/wp\/v2\/comments?post=761"}],"wp:featuredmedia":[{"embeddable":true,"href":"https:\/\/fmp-components.com\/fi\/wp-json\/wp\/v2\/media\/770"}],"wp:attachment":[{"href":"https:\/\/fmp-components.com\/fi\/wp-json\/wp\/v2\/media?parent=761"}],"wp:term":[{"taxonomy":"product_brand","embeddable":true,"href":"https:\/\/fmp-components.com\/fi\/wp-json\/wp\/v2\/product_brand?post=761"},{"taxonomy":"product_cat","embeddable":true,"href":"https:\/\/fmp-components.com\/fi\/wp-json\/wp\/v2\/product_cat?post=761"},{"taxonomy":"product_tag","embeddable":true,"href":"https:\/\/fmp-components.com\/fi\/wp-json\/wp\/v2\/product_tag?post=761"}],"curies":[{"name":"wp","href":"https:\/\/api.w.org\/{rel}","templated":true}]}}