{"id":755,"date":"2024-12-18T05:50:35","date_gmt":"2024-12-18T05:50:35","guid":{"rendered":"https:\/\/fmp-components.com\/?page_id=8"},"modified":"2024-12-18T08:51:40","modified_gmt":"2024-12-18T08:51:40","slug":"hydraulic-cylinder-for-ro-ro-platform","status":"publish","type":"product","link":"https:\/\/fmp-components.com\/fi\/product\/hydraulic-cylinder-for-ro-ro-platform\/","title":{"rendered":"Hydraulinen sylinteri ro-ro-alustalle"},"content":{"rendered":"<p style=\"text-align: center;\">\u00a0 <span style=\"font-size: 18pt;\">Hydraulinen sylinteri ro-ro-alustalle<\/span><\/p>\n<p>Ro-ro-alustan hydraulisylinteri on olennainen hydraulinen komponentti, joka on suunniteltu parantamaan ro-ro-alusten (ro-ro) toimivuutta ja tehokkuutta. T\u00e4ll\u00e4 sylinterill\u00e4 on ratkaiseva rooli alustan ramppien toiminnassa, sill\u00e4 se mahdollistaa sujuvan nostamisen ja laskemisen, mik\u00e4 helpottaa ajoneuvojen ja lastin saumatonta lastaamista ja purkua.<\/p>\n<p><img loading=\"lazy\" decoding=\"async\" class=\"alignnone size-full wp-image-765\" src=\"https:\/\/fmp-components.com\/wp-content\/uploads\/2024\/12\/Ro-ro-Platform-Main-Operating-Cylinder-2.webp\" alt=\"Ro-ro-alustan-p\u00e4\u00e4k\u00e4ytt\u00f6sylinteri\" width=\"1024\" height=\"526\" title=\"\" srcset=\"https:\/\/fmp-components.com\/wp-content\/uploads\/2024\/12\/Ro-ro-Platform-Main-Operating-Cylinder-2.webp 1024w, https:\/\/fmp-components.com\/wp-content\/uploads\/2024\/12\/Ro-ro-Platform-Main-Operating-Cylinder-2-980x503.webp 980w, https:\/\/fmp-components.com\/wp-content\/uploads\/2024\/12\/Ro-ro-Platform-Main-Operating-Cylinder-2-480x247.webp 480w\" sizes=\"(min-width: 0px) and (max-width: 480px) 480px, (min-width: 481px) and (max-width: 980px) 980px, (min-width: 981px) 1024px, 100vw\" \/><\/p>\n<h4>T\u00e4rkeimm\u00e4t ominaisuudet:<\/h4>\n<ul>\n<li><strong>Suuri kuormituskapasiteetti:<\/strong> Merkitt\u00e4vien painojen k\u00e4sittelyyn suunniteltu hydraulisylinteri varmistaa turvallisen ja luotettavan toiminnan ro-ro-toiminnoille tyypillisten raskaiden kuormien alla.<\/li>\n<li><strong>Kest\u00e4v\u00e4 rakenne:<\/strong> Se on valmistettu eritt\u00e4in lujista materiaaleista ja kest\u00e4\u00e4 ankarat meriolosuhteet, kuten altistumisen merivedelle ja \u00e4\u00e4rimm\u00e4isille olosuhteille, mik\u00e4 takaa pitk\u00e4n k\u00e4ytt\u00f6i\u00e4n ja luotettavuuden.<\/li>\n<li><strong>Sujuva toiminta:<\/strong> Edistyksellinen hydraulinen rakenne mahdollistaa tarkan ohjauksen ja sujuvat liikkeet, mik\u00e4 mahdollistaa nopeat s\u00e4\u00e4d\u00f6t lastaus- ja purkuprosessien aikana.<\/li>\n<li><strong>Parannettu turvallisuus:<\/strong> Varustettu turvaominaisuuksilla, jotka est\u00e4v\u00e4t vahingossa tapahtuvan aktivoitumisen ja varmistavat turvallisen toiminnan suojaten sek\u00e4 henkil\u00f6st\u00f6\u00e4 ett\u00e4 lastia.<\/li>\n<li><strong>Monipuolinen sovellus:<\/strong> T\u00e4m\u00e4 hydraulisylinteri soveltuu erilaisille ro-ro-alustoille ja mukautuu erilaisiin operatiivisiin tarpeisiin, mik\u00e4 tekee siit\u00e4 ihanteellisen valinnan monipuolisiin merilogistiikan teht\u00e4viin.<\/li>\n<li><strong>V\u00e4h\u00e4iset huoltovaatimukset:<\/strong> Se on suunniteltu minimoimaan kulumisen, mik\u00e4 v\u00e4hent\u00e4\u00e4 huoltotarvetta ja k\u00e4ytt\u00f6katkoksia, mik\u00e4 parantaa kokonaistuottavuutta.<\/li>\n<\/ul>\n<p>Yhteenvetona voidaan todeta, ett\u00e4 ro-ro-alustan hydraulisylinteri on olennainen osa ro-ro-alusten suorituskyvyn ja turvallisuuden optimointia, mik\u00e4 parantaa merkitt\u00e4v\u00e4sti merikuljetusten ja lastink\u00e4sittelytoimintojen tehokkuutta.<\/p>\n<h2>Ro-ro-alustan p\u00e4\u00e4k\u00e4ytt\u00f6sylinteri<\/h2>\n<p>Ro-ro-alustan p\u00e4\u00e4k\u00e4ytt\u00f6sylinteri on t\u00e4rke\u00e4 hydraulinen komponentti, joka on suunniteltu ro-ro-alusten ensisijaisten nosto- ja laskutoimintojen hallintaan. T\u00e4m\u00e4 sylinteri tarjoaa tarvittavan voiman alustan ramppien ja muiden mekanismien k\u00e4ytt\u00e4miseen varmistaen ajoneuvojen ja lastin sujuvan ja tehokkaan lastaamisen ja purkamisen. Se on valmistettu eritt\u00e4in lujista materiaaleista ja kest\u00e4\u00e4 ankaraa meriymp\u00e4rist\u00f6\u00e4 ja raskaisiin kuormiin liittyvi\u00e4 merkitt\u00e4vi\u00e4 rasituksia, mik\u00e4 varmistaa pitk\u00e4ik\u00e4isen kest\u00e4vyyden ja luotettavan suorituskyvyn. Edistyksellinen hydraulinen rakenne mahdollistaa tarkan ohjauksen ja nopeat s\u00e4\u00e4d\u00f6t, mik\u00e4 parantaa toiminnan tehokkuutta ja turvallisuutta lastink\u00e4sittelyn aikana. T\u00e4m\u00e4 p\u00e4\u00e4k\u00e4ytt\u00f6sylinteri on v\u00e4ltt\u00e4m\u00e4t\u00f6n ro-ro-alustojen toiminnan optimoimiseksi ja edist\u00e4\u00e4 merkitt\u00e4v\u00e4sti tehokasta merilogistiikkaa ja -kuljetuksia.<\/p>\n<p><img loading=\"lazy\" decoding=\"async\" class=\"size-full wp-image-760 aligncenter\" src=\"https:\/\/fmp-components.com\/wp-content\/uploads\/2024\/12\/Ro-ro-Platform-Main-Operating-Cylinder.webp\" alt=\"Ro-ro-alustan p\u00e4\u00e4k\u00e4ytt\u00f6sylinteri\" width=\"500\" height=\"200\" title=\"\" srcset=\"https:\/\/fmp-components.com\/wp-content\/uploads\/2024\/12\/Ro-ro-Platform-Main-Operating-Cylinder.webp 500w, https:\/\/fmp-components.com\/wp-content\/uploads\/2024\/12\/Ro-ro-Platform-Main-Operating-Cylinder-480x192.webp 480w\" sizes=\"(min-width: 0px) and (max-width: 480px) 480px, (min-width: 481px) 500px, 100vw\" \/><\/p>\n<table style=\"width: 90.4021%; height: 192px;\" border=\"1\" cellspacing=\"0\" cellpadding=\"0\">\n<tbody>\n<tr>\n<td style=\"width: 21.9833%;\">Tuotteen nimi<\/td>\n<td style=\"width: 77.7778%;\">Ro-ro-alustan p\u00e4\u00e4k\u00e4ytt\u00f6sylinteri<\/td>\n<\/tr>\n<tr>\n<td style=\"width: 21.9833%;\">Ominaisuudet:<\/td>\n<td style=\"width: 77.7778%;\">Ved\u00e4 ponnahduslauta ja ramppi sis\u00e4\u00e4n<\/td>\n<\/tr>\n<tr>\n<td style=\"width: 21.9833%;\">Rei\u00e4n halkaisija:<\/td>\n<td style=\"width: 77.7778%;\">100 mm\uff5e400 mm<\/td>\n<\/tr>\n<tr>\n<td style=\"width: 21.9833%;\">Tangon halkaisija:<\/td>\n<td style=\"width: 77.7778%;\">50 mm\uff5e180 mm<br \/>\nIsku \u22647300 mm<\/td>\n<\/tr>\n<tr>\n<td style=\"width: 21.9833%;\">Ty\u00f6nt\u00f6voima:<\/td>\n<td style=\"width: 77.7778%;\">Enimm\u00e4isteho 3500 kN<br \/>\n(Sylinterin halkaisija: 125 mm \/ paine 28 MPa)<\/td>\n<\/tr>\n<tr>\n<td style=\"width: 21.9833%;\">Sovellukset:<\/td>\n<td style=\"width: 77.7778%;\">Ro-ro-alusta<\/td>\n<\/tr>\n<\/tbody>\n<\/table>\n<p><img loading=\"lazy\" decoding=\"async\" class=\"alignnone wp-image-766\" src=\"https:\/\/fmp-components.com\/wp-content\/uploads\/2024\/12\/Ro-ro-Platform-Main-Operating-Cylinder-1.webp\" alt=\"Ro-ro-alustan-p\u00e4\u00e4k\u00e4ytt\u00f6sylinteri\" width=\"841\" height=\"425\" title=\"\"><\/p>\n<h2>Ro-ro-alustan salpasylinteri (mekaaninen itselukittuva)<\/h2>\n<p>Ro-Ro-alustan salpasylinteri (mekaaninen itselukittuva) on ro-ro-sovelluksiin suunniteltu erikoishydraulinen komponentti, joka varmistaa alustan mekanismien turvallisen ja luotettavan lukituksen lastaus- ja purkutoimintojen aikana. T\u00e4ss\u00e4 itselukittuvassa sylinteriss\u00e4 on kest\u00e4v\u00e4 mekaaninen rakenne, joka kytkeytyy automaattisesti, kun alusta on paikallaan, est\u00e4en vahingossa tapahtuvan irtoamisen ja parantaen turvallisuutta. Sen kest\u00e4v\u00e4 rakenne on suunniteltu kest\u00e4m\u00e4\u00e4n ankaria meriymp\u00e4rist\u00f6j\u00e4, joten se sopii ihanteellisesti k\u00e4ytett\u00e4v\u00e4ksi erilaisissa kuljetus- ja logistiikkatilanteissa. Tarkan ohjauksen ja helppok\u00e4ytt\u00f6isyyden ansiosta ro-ro-alustan salpasylinteri varmistaa lastin tehokkaan ja turvallisen k\u00e4sittelyn, mik\u00e4 edist\u00e4\u00e4 logistiikkaprosessien virtaviivaistamista.<\/p>\n<p><img loading=\"lazy\" decoding=\"async\" class=\"size-full wp-image-758 aligncenter\" src=\"https:\/\/fmp-components.com\/wp-content\/uploads\/2024\/12\/Ro-ro-Platform-Latch-Cylinder.webp\" alt=\"Ro-ro-alustan salpasylinteri\" width=\"500\" height=\"200\" title=\"\" srcset=\"https:\/\/fmp-components.com\/wp-content\/uploads\/2024\/12\/Ro-ro-Platform-Latch-Cylinder.webp 500w, https:\/\/fmp-components.com\/wp-content\/uploads\/2024\/12\/Ro-ro-Platform-Latch-Cylinder-480x192.webp 480w\" sizes=\"(min-width: 0px) and (max-width: 480px) 480px, (min-width: 481px) 500px, 100vw\" \/><\/p>\n<table style=\"width: 90.3483%; height: 195px;\" border=\"1\" cellspacing=\"0\" cellpadding=\"0\">\n<tbody>\n<tr>\n<td>Tuotteen nimi<\/td>\n<td>Ro-ro-alustan salpasylinteri<\/td>\n<\/tr>\n<tr>\n<td>Ominaisuudet:<\/td>\n<td>Lukitse pultti sen j\u00e4lkeen, kun ponnahduslauta tai ramppi on palautettu paikalleen<\/td>\n<\/tr>\n<tr>\n<td>Tekniset tiedot:<\/td>\n<td>Tekniset tiedot: 80\/45*S, 60\/32*S, lukittava edess\u00e4 ja takana<br \/>\nDNVGL-tyyppihyv\u00e4ksynt\u00e4<br \/>\nVakiokokoisten sarjojen valikoimalla<\/td>\n<\/tr>\n<tr>\n<td>Paine<\/td>\n<td>25MPa<br \/>\n(ruostumattomasta ter\u00e4ksest\u00e4 valmistettu m\u00e4nn\u00e4nvarsi)<\/td>\n<\/tr>\n<tr>\n<td>Sovellukset:<\/td>\n<td>Ro-ro-alusta<\/td>\n<\/tr>\n<\/tbody>\n<\/table>\n<p><img loading=\"lazy\" decoding=\"async\" class=\"alignnone wp-image-763\" src=\"https:\/\/fmp-components.com\/wp-content\/uploads\/2024\/12\/Ro-Ro-Platform-Jacking-Cylinder-1.webp\" alt=\"Ro-Ro-alustan tunkkaussylinteri\" width=\"855\" height=\"429\" title=\"\" srcset=\"https:\/\/fmp-components.com\/wp-content\/uploads\/2024\/12\/Ro-Ro-Platform-Jacking-Cylinder-1.webp 855w, https:\/\/fmp-components.com\/wp-content\/uploads\/2024\/12\/Ro-Ro-Platform-Jacking-Cylinder-1-480x241.webp 480w\" sizes=\"(min-width: 0px) and (max-width: 480px) 480px, (min-width: 481px) 855px, 100vw\" \/><\/p>\n<h2>Ro-Ro-alustan salpasylinteri (hydraulinen itselukittuva)<\/h2>\n<p>Ro-ro-alustan salpasylinteri on olennainen hydraulinen komponentti, joka lukitsee ja vapauttaa rampit ro-ro-aluksissa. T\u00e4m\u00e4 sylinteri tarjoaa tarvittavan voiman salpausmekanismin kytkemiseksi varmistaen, ett\u00e4 rampit lukittuvat turvallisesti kuljetuksen aikana ja vapautuvat helposti lastaus- ja purkutoimintoja varten. Se on valmistettu eritt\u00e4in lujista materiaaleista ja suunniteltu kest\u00e4m\u00e4\u00e4n ankaraa meriymp\u00e4rist\u00f6\u00e4 ja lastink\u00e4sittelyyn liittyvi\u00e4 raskaita rasituksia. Sujuva hydraulinen toiminta mahdollistaa nopean ja tarkan toiminnan, mik\u00e4 parantaa turvallisuutta ja tehokkuutta lastinsiirtojen aikana. T\u00e4m\u00e4 salpasylinteri on elint\u00e4rke\u00e4 ro-ro-alustojen luotettavan suorituskyvyn kannalta ja parantaa merkitt\u00e4v\u00e4sti merilogistiikkaa ja toiminnan tehokkuutta.<\/p>\n<p><img loading=\"lazy\" decoding=\"async\" class=\"size-full wp-image-759 aligncenter\" src=\"https:\/\/fmp-components.com\/wp-content\/uploads\/2024\/12\/Ro-Ro-Platform-Latch-Cylinder2.webp\" alt=\"Ro-Ro-alustan salpasylinteri2\" width=\"500\" height=\"200\" title=\"\" srcset=\"https:\/\/fmp-components.com\/wp-content\/uploads\/2024\/12\/Ro-Ro-Platform-Latch-Cylinder2.webp 500w, https:\/\/fmp-components.com\/wp-content\/uploads\/2024\/12\/Ro-Ro-Platform-Latch-Cylinder2-480x192.webp 480w\" sizes=\"(min-width: 0px) and (max-width: 480px) 480px, (min-width: 481px) 500px, 100vw\" \/><\/p>\n<table style=\"width: 89.8796%; height: 236px;\" border=\"1\" cellspacing=\"0\" cellpadding=\"0\">\n<tbody>\n<tr style=\"height: 23px;\">\n<td style=\"height: 23px;\">Tuotteen nimi<\/td>\n<td style=\"height: 23px;\">Ro-ro-alustan salpasylinteri<\/td>\n<\/tr>\n<tr style=\"height: 47px;\">\n<td style=\"height: 47px;\">Ominaisuudet:<\/td>\n<td style=\"height: 47px;\">Lukitse pultti sen j\u00e4lkeen, kun ponnahduslauta tai ramppi on palautettu paikalleen<\/td>\n<\/tr>\n<tr style=\"height: 71px;\">\n<td style=\"height: 71px;\">Tekniset tiedot:<\/td>\n<td style=\"height: 71px;\">Tekniset tiedot: 80\/50*S, 63\/40*S, 40\/28*S, edess\u00e4 ja takana<br \/>\nDNVGL-tyyppihyv\u00e4ksynt\u00e4<br \/>\nVakiokokoisten sarjojen valikoimalla<\/td>\n<\/tr>\n<tr style=\"height: 47px;\">\n<td style=\"height: 47px;\">Paine<\/td>\n<td style=\"height: 47px;\">25MPa<br \/>\n(ruostumattomasta ter\u00e4ksest\u00e4 valmistettu m\u00e4nn\u00e4nvarsi)<\/td>\n<\/tr>\n<tr style=\"height: 23px;\">\n<td style=\"height: 23px;\">Sovellukset:<\/td>\n<td style=\"height: 23px;\">Ro-ro-alusta<\/td>\n<\/tr>\n<\/tbody>\n<\/table>\n<p><img loading=\"lazy\" decoding=\"async\" class=\"alignnone wp-image-769\" src=\"https:\/\/fmp-components.com\/wp-content\/uploads\/2024\/12\/Hydraulic-Self-Locking-Latch-Cylinder-for-Ro-Ro-Platform.webp\" alt=\"Hydraulinen itselukittuva salpasylinteri ro-ro-tasolle\" width=\"801\" height=\"313\" title=\"\"><\/p>\n<h2>Ro-Ro-alustan tunkkaussylinteri<\/h2>\n<p><img loading=\"lazy\" decoding=\"async\" class=\"size-full wp-image-757 aligncenter\" src=\"https:\/\/fmp-components.com\/wp-content\/uploads\/2024\/12\/Ro-Ro-Platform-Jacking-Cylinder.webp\" alt=\"Ro-Ro-alustan tunkkaussylinteri\" width=\"500\" height=\"200\" title=\"\" srcset=\"https:\/\/fmp-components.com\/wp-content\/uploads\/2024\/12\/Ro-Ro-Platform-Jacking-Cylinder.webp 500w, https:\/\/fmp-components.com\/wp-content\/uploads\/2024\/12\/Ro-Ro-Platform-Jacking-Cylinder-480x192.webp 480w\" sizes=\"(min-width: 0px) and (max-width: 480px) 480px, (min-width: 481px) 500px, 100vw\" \/><\/p>\n<table style=\"width: 89.281%; height: 179px;\" border=\"1\" cellspacing=\"0\" cellpadding=\"0\">\n<tbody>\n<tr>\n<td>Tuotteen nimi<\/td>\n<td>Ro-Ro-alustan tunkkaussylinteri<\/td>\n<\/tr>\n<tr>\n<td>Ominaisuudet:<\/td>\n<td>Ved\u00e4 ponnahduslauta ja ramppi sis\u00e4\u00e4n<\/td>\n<\/tr>\n<tr>\n<td>Rei\u00e4n halkaisija:<\/td>\n<td>50 mm\uff5e125 mm<\/td>\n<\/tr>\n<tr>\n<td>Tangon halkaisija:<\/td>\n<td>25 mm\uff5e75 mm<br \/>\nIsku \u22641000 mm<\/td>\n<\/tr>\n<tr>\n<td>Ty\u00f6nt\u00f6voima:<\/td>\n<td>Enimm\u00e4isteho 361 kN<br \/>\n(Rei\u00e4n halkaisija: 125 mm \/ paine 29,4 MPa)<\/td>\n<\/tr>\n<tr>\n<td>Sovellukset:<\/td>\n<td>Ro-ro-alusta<\/td>\n<\/tr>\n<\/tbody>\n<\/table>\n<p><img loading=\"lazy\" decoding=\"async\" class=\"alignnone wp-image-767\" src=\"https:\/\/fmp-components.com\/wp-content\/uploads\/2024\/12\/Ro-Ro-Platform-Jacking-Cylinder-1-1.webp\" alt=\"Ro-Ro-lavan-tunkkaussylinteri-1\" width=\"839\" height=\"529\" title=\"\"><\/p>\n<h2>Ro-Ro-alustan hydraulisylinterin edut<\/h2>\n<p>Ro-ro-alustan hydraulisylinteri tarjoaa lukuisia etuja, jotka parantavat ro-ro-alusten (Ro-Ro) suorituskyky\u00e4 ja luotettavuutta.<\/p>\n<p>Yksi t\u00e4rkeimmist\u00e4 eduista on sen <strong>h<\/strong>Suuri kantavuus, joka mahdollistaa raskaiden ajoneuvojen ja lastin turvallisen ja tehokkaan k\u00e4sittelyn lastaus- ja purkutoimenpiteiden aikana. T\u00e4m\u00e4 varmistaa, ett\u00e4 lava pystyy k\u00e4sittelem\u00e4\u00e4n erilaisia \u200b\u200bkuormia vaarantamatta turvallisuutta.<\/p>\n<p>Hydraulisylinteri tarjoaa my\u00f6s tarkan ohjauksen, joka mahdollistaa ramppien sujuvan ja tarkan liikkeen. T\u00e4m\u00e4 tarkkuus on ratkaisevan t\u00e4rke\u00e4\u00e4 onnettomuuksien ehk\u00e4isemiseksi ja sen varmistamiseksi, ett\u00e4 ajoneuvot voivat liikkua turvallisesti laiturille ja sielt\u00e4 pois.<\/p>\n<p>Kest\u00e4vist\u00e4 materiaaleista valmistettu sylinteri on suunniteltu kest\u00e4m\u00e4\u00e4n ankaraa meriymp\u00e4rist\u00f6\u00e4, mukaan lukien altistuminen suolavedelle ja \u00e4\u00e4rimm\u00e4isille s\u00e4\u00e4olosuhteille. T\u00e4m\u00e4 kest\u00e4vyys varmistaa pitk\u00e4n k\u00e4ytt\u00f6i\u00e4n ja v\u00e4hent\u00e4\u00e4 tarvetta usein tapahtuville vaihdoille tai korjauksille.<\/p>\n<p>Toinen merkitt\u00e4v\u00e4 etu on hydrauliseen rakenteeseen integroidut parannetut turvaominaisuudet. N\u00e4m\u00e4 ominaisuudet auttavat est\u00e4m\u00e4\u00e4n tahattoman aktivoinnin ja yliojentumisen, suojaten sek\u00e4 henkil\u00f6st\u00f6\u00e4 ett\u00e4 lastia toiminnan aikana.<\/p>\n<p>Hydraulisylinterin monipuolisuus mahdollistaa sen k\u00e4yt\u00f6n erilaisten ro-ro-alustojen kanssa, mik\u00e4 tekee siit\u00e4 mukautuvan erilaisiin operatiivisiin tarpeisiin ja parantaa sen hy\u00f6dyllisyytt\u00e4 merilogistiikassa.<\/p>\n<p>Lis\u00e4ksi se vaatii v\u00e4h\u00e4n huoltoa, mik\u00e4 auttaa minimoimaan seisokkiaikoja ja k\u00e4ytt\u00f6kustannuksia. Suunnittelussa keskityt\u00e4\u00e4n kulumisen v\u00e4hent\u00e4miseen varmistaen, ett\u00e4 sylinteri pysyy toimintakunnossa pitki\u00e4 aikoja.<\/p>\n<p>Lopuksi, sylinterin tarjoama tasainen hydraulinen toiminta edist\u00e4\u00e4 yleist\u00e4 toiminnan tehokkuutta. Nopeat s\u00e4\u00e4d\u00f6t nopeuttavat lastaus- ja purkuprosesseja, mik\u00e4 parantaa l\u00e4pimenoaikoja ja tuottavuutta merikuljetuksissa.<\/p>\n<p>Kaiken kaikkiaan Ro-Ro-alustan hydraulisylinteri on olennainen Ro-Ro-alusten tehokkuuden, turvallisuuden ja luotettavuuden optimoimiseksi logistiikka- ja merenkulkualalla.<\/p>\n<p><img loading=\"lazy\" decoding=\"async\" class=\"alignnone wp-image-764\" src=\"https:\/\/fmp-components.com\/wp-content\/uploads\/2024\/12\/Ro-Ro-Platform-Jacking-Cylinder2.webp\" alt=\"Ro-Ro-alustan tunkkaussylinteri\" width=\"935\" height=\"317\" title=\"\" srcset=\"https:\/\/fmp-components.com\/wp-content\/uploads\/2024\/12\/Ro-Ro-Platform-Jacking-Cylinder2.webp 935w, https:\/\/fmp-components.com\/wp-content\/uploads\/2024\/12\/Ro-Ro-Platform-Jacking-Cylinder2-480x163.webp 480w\" sizes=\"(min-width: 0px) and (max-width: 480px) 480px, (min-width: 481px) 935px, 100vw\" \/><\/p>\n<h2>Ro-Ro-alustan hydraulisylinterin k\u00e4ytt\u00f6<\/h2>\n<p>Ro-Ro-alustan hydraulisylinteri\u00e4 k\u00e4ytet\u00e4\u00e4n useissa eri sovelluksissa merenkulku- ja logistiikka-aloilla, ja sill\u00e4 on t\u00e4rke\u00e4 rooli ro-ro-alusten tehokkuuden ja turvallisuuden parantamisessa. T\u00e4ss\u00e4 on joitakin keskeisi\u00e4 sovelluksia:<\/p>\n<p>Ajoneuvokuljetuksissa hydraulisylinteri on v\u00e4ltt\u00e4m\u00e4t\u00f6n Ro-Ro-alusten ramppien nostamiseen ja laskemiseen, mik\u00e4 mahdollistaa autojen, kuorma-autojen ja muiden ajoneuvojen saumattoman lastaamisen ja purkamisen. T\u00e4m\u00e4 sovellus on ratkaisevan t\u00e4rke\u00e4 lauttaliikenteelle ja laivayhti\u00f6ille, jotka kuljettavat ajoneuvoja vesill\u00e4.<\/p>\n<p>Lastia k\u00e4sitelt\u00e4ess\u00e4 hydraulisylinteri helpottaa erilaisten lastien, kuten raskaiden koneiden ja laitteiden, siirt\u00e4mist\u00e4 varmistaen turvalliset ja tehokkaat siirrot. Sen tarkka ohjaus mahdollistaa operaattoreille lastausprosessin tehokkaan hallinnan ja v\u00e4hent\u00e4\u00e4 onnettomuusriski\u00e4.<\/p>\n<p>Merilogistiikassa hydraulisylinteri\u00e4 k\u00e4ytet\u00e4\u00e4n ro-ro-terminaalien ja laiturien toiminnan optimointiin. Mahdollistamalla ramppien nopeat s\u00e4\u00e4d\u00f6t se parantaa lastaus- ja purkutoimintojen kokonaistehokkuutta ja auttaa minimoimaan alusten k\u00e4\u00e4nt\u00f6aikoja.<\/p>\n<p>Hydraulisylinteri on ratkaisevan t\u00e4rke\u00e4 my\u00f6s lauttaliikenteess\u00e4, jossa se mahdollistaa matkustajien ja ajoneuvojen nopean ja turvallisen nousun ja poistumisen. T\u00e4m\u00e4 sovellus on elint\u00e4rke\u00e4 aikataulujen pit\u00e4misen ja asiakastyytyv\u00e4isyyden varmistamiseksi matkustajaliikenteess\u00e4.<\/p>\n<p>Rakennus- ja infrastruktuuriprojekteissa hydraulisylintereill\u00e4 varustettuja Ro-Ro-aluksia k\u00e4ytet\u00e4\u00e4n raskaiden materiaalien ja laitteiden kuljettamiseen offshore-kohteisiin. Kyky lastata ja purkaa suuria esineit\u00e4 nopeasti tekee n\u00e4ist\u00e4 aluksista ihanteellisen valinnan t\u00e4llaisiin k\u00e4ytt\u00f6tarkoituksiin.<\/p>\n<p>Lis\u00e4ksi hydraulisylinterill\u00e4 on rooli h\u00e4t\u00e4tilanteissa, joissa ro-ro-aluksia voidaan k\u00e4ytt\u00e4\u00e4 pelastuskaluston ja -henkil\u00f6st\u00f6n kuljettamiseen katastrofialueille. N\u00e4iden alusten tehokkaat lastaus- ja purkuominaisuudet voivat olla ratkaisevan t\u00e4rkeit\u00e4 katastrofiaputilanteissa.<\/p>\n<p>Kaiken kaikkiaan Ro-Ro-alustan hydraulisylinteri on olennainen osa useita eri sovelluksia, ja se edist\u00e4\u00e4 merkitt\u00e4v\u00e4sti meritoimintojen tehokkuutta, turvallisuutta ja luotettavuutta eri sektoreilla.<\/p>\n<p><img loading=\"lazy\" decoding=\"async\" class=\"alignnone size-full wp-image-768\" src=\"https:\/\/fmp-components.com\/wp-content\/uploads\/2024\/12\/Ro-Ro-Platform-Latch-Cylinder-2.webp\" alt=\"Ro-Ro-Lavan-Salpa-Sylinteri-2\" width=\"1000\" height=\"520\" title=\"\" srcset=\"https:\/\/fmp-components.com\/wp-content\/uploads\/2024\/12\/Ro-Ro-Platform-Latch-Cylinder-2.webp 1000w, https:\/\/fmp-components.com\/wp-content\/uploads\/2024\/12\/Ro-Ro-Platform-Latch-Cylinder-2-980x510.webp 980w, https:\/\/fmp-components.com\/wp-content\/uploads\/2024\/12\/Ro-Ro-Platform-Latch-Cylinder-2-480x250.webp 480w\" sizes=\"(min-width: 0px) and (max-width: 480px) 480px, (min-width: 481px) and (max-width: 980px) 980px, (min-width: 981px) 1000px, 100vw\" \/><\/p>\n<h3>Tietoja FMP:st\u00e4<\/h3>\n<p>FMP on hydraulisten sylinterien tuotantoon erikoistunut konepajayritys. Perustamisestaan \u200b\u200bl\u00e4htien yritys on keskittynyt hydraulisen teknologian tutkimukseen ja valmistukseen ja siirtynyt menestyksekk\u00e4\u00e4sti monipuolisesta tuotevalikoimasta, joka sis\u00e4lsi sadonkorjuu- ja rakennuskoneita, maataloustraktorien osiin erikoistumiseen. Yli kymmenen vuoden kokemuksella valmistuksesta ja johtamisesta FMP varmistaa korkealaatuiset tuotteet edistyneiden tuotantotekniikoiden avulla.<\/p>\n<p>Yrityksen kehittyess\u00e4 se on kehitt\u00e4nyt kattavan koneistuslinjan, kokoonpanolinjan ja pinnoituslinjan. Tiimimme koostuu ammattitaitoisesta johtohenkil\u00f6st\u00f6st\u00e4, kokeneista mekaanisista suunnittelijoista ja korkeasti koulutetuista teknikoista, jotka ty\u00f6skentelev\u00e4t yhdess\u00e4 yll\u00e4pit\u00e4\u00e4kseen vakaata tuotannon laatua ja samalla tehokkaasti hallitakseen prosessin jatkuvuutta ja tehokkuutta.<\/p>\n<p>FMP noudattaa filosofiaa, jonka mukaan \u201dteknologinen innovaatio edist\u00e4\u00e4 kehityst\u00e4, laatu luo br\u00e4ndej\u00e4, k\u00e4sity\u00f6taito varmistaa laadun ja rakentaa pitk\u00e4aikaisia, kaikkia hy\u00f6dytt\u00e4vi\u00e4 suhteita\u201d. Sitoutumisemme korkealaatuisten tuotteiden ja erinomaisen asiakaspalvelun tarjoamiseen on edelleen keskeinen tavoitteemme, kun jatkamme markkinoiden kehittyvien tarpeiden t\u00e4ytt\u00e4mist\u00e4.<\/p>\n<p><img loading=\"lazy\" decoding=\"async\" class=\"alignnone size-full wp-image-426\" src=\"https:\/\/fmp-components.com\/wp-content\/uploads\/2024\/12\/Sanitation-Machinery-Locking-Hydraulic-Cylinder-factory.webp\" sizes=\"(min-width: 0px) and (max-width: 480px) 480px, (min-width: 481px) and (max-width: 980px) 980px, (min-width: 981px) and (max-width: 1280px) 1280px, (min-width: 1281px) 1414px, 100vw\" srcset=\"https:\/\/fmp-components.com\/wp-content\/uploads\/2024\/12\/Sanitation-Machinery-Locking-Hydraulic-Cylinder-factory.webp 1414w, https:\/\/fmp-components.com\/wp-content\/uploads\/2024\/12\/Sanitation-Machinery-Locking-Hydraulic-Cylinder-factory-1280x529.webp 1280w, https:\/\/fmp-components.com\/wp-content\/uploads\/2024\/12\/Sanitation-Machinery-Locking-Hydraulic-Cylinder-factory-980x405.webp 980w, https:\/\/fmp-components.com\/wp-content\/uploads\/2024\/12\/Sanitation-Machinery-Locking-Hydraulic-Cylinder-factory-480x198.webp 480w\" alt=\"Sanitaatio-Koneet-Lukitus-Hydraulinen-Sylinteri-tehdas\" width=\"1414\" height=\"584\" title=\"\"><\/p>\n<p>Tekij\u00e4: CX<\/p>","protected":false},"excerpt":{"rendered":"<p>Ro-ro-alustan hydraulisylinteri on t\u00e4rke\u00e4 hydraulinen komponentti, joka helpottaa ro-ro-alusten tehokasta toimintaa. T\u00e4m\u00e4 sylinteri vastaa alustan ramppien nostamisesta ja laskemisesta, mik\u00e4 mahdollistaa ajoneuvojen ja lastin saumattoman lastaamisen ja purkamisen. Se on valmistettu eritt\u00e4in lujista materiaaleista ja suunniteltu kest\u00e4m\u00e4\u00e4n haastavaa meriymp\u00e4rist\u00f6\u00e4 ja tukemaan ro-ro-toiminnoille tyypillisi\u00e4 raskaita kuormia varmistaen kest\u00e4vyyden ja luotettavuuden. Hydraulinen rakenne mahdollistaa sujuvat ja tarkat liikkeet, mik\u00e4 parantaa toiminnan tehokkuutta ja turvallisuutta lastink\u00e4sittelyn aikana. T\u00e4m\u00e4 hydraulisylinteri on v\u00e4ltt\u00e4m\u00e4t\u00f6n ro-ro-alustojen suorituskyvyn optimoimiseksi, mik\u00e4 edist\u00e4\u00e4 merkitt\u00e4v\u00e4sti tehokasta merilogistiikkaa ja -kuljetuksia.<\/p>","protected":false},"featured_media":756,"comment_status":"open","ping_status":"closed","template":"","meta":{"_et_pb_use_builder":"","_et_pb_old_content":"","_et_gb_content_width":""},"product_brand":[],"product_cat":[28],"product_tag":[],"class_list":{"0":"post-755","1":"product","2":"type-product","3":"status-publish","4":"has-post-thumbnail","6":"product_cat-offshore-hydraulic-cylinders","8":"first","9":"instock","10":"shipping-taxable","11":"product-type-simple"},"_links":{"self":[{"href":"https:\/\/fmp-components.com\/fi\/wp-json\/wp\/v2\/product\/755","targetHints":{"allow":["GET"]}}],"collection":[{"href":"https:\/\/fmp-components.com\/fi\/wp-json\/wp\/v2\/product"}],"about":[{"href":"https:\/\/fmp-components.com\/fi\/wp-json\/wp\/v2\/types\/product"}],"replies":[{"embeddable":true,"href":"https:\/\/fmp-components.com\/fi\/wp-json\/wp\/v2\/comments?post=755"}],"wp:featuredmedia":[{"embeddable":true,"href":"https:\/\/fmp-components.com\/fi\/wp-json\/wp\/v2\/media\/756"}],"wp:attachment":[{"href":"https:\/\/fmp-components.com\/fi\/wp-json\/wp\/v2\/media?parent=755"}],"wp:term":[{"taxonomy":"product_brand","embeddable":true,"href":"https:\/\/fmp-components.com\/fi\/wp-json\/wp\/v2\/product_brand?post=755"},{"taxonomy":"product_cat","embeddable":true,"href":"https:\/\/fmp-components.com\/fi\/wp-json\/wp\/v2\/product_cat?post=755"},{"taxonomy":"product_tag","embeddable":true,"href":"https:\/\/fmp-components.com\/fi\/wp-json\/wp\/v2\/product_tag?post=755"}],"curies":[{"name":"wp","href":"https:\/\/api.w.org\/{rel}","templated":true}]}}