{"id":7460,"date":"2025-03-26T08:31:31","date_gmt":"2025-03-26T08:31:31","guid":{"rendered":"https:\/\/fmp-components.com\/?post_type=product&#038;p=7460"},"modified":"2025-03-26T08:38:13","modified_gmt":"2025-03-26T08:38:13","slug":"spur-gears-european-standard","status":"publish","type":"product","link":"https:\/\/fmp-components.com\/fi\/product\/spur-gears-european-standard\/","title":{"rendered":"Lieri\u00f6py\u00f6r\u00e4t (eurooppalainen standardi)"},"content":{"rendered":"<div>\n<h3>Korkealaatuiset lieri\u00f6py\u00f6r\u00e4t (eurooppalainen standardi) FMP:lt\u00e4<\/h3>\n<p class=\"break-words\">FMP on johtava italialainen lieri\u00f6py\u00f6r\u00e4st\u00f6n (eurooppalainen standardi) valmistaja, joka tarjoaa laajan valikoiman lieri\u00f6py\u00f6r\u00e4si\u00e4, jotka on suunniteltu vastaamaan eri teollisuudenalojen tarpeisiin. Lieri\u00f6py\u00f6r\u00e4mme ovat eurooppalaisten standardien, kuten DIN-standardin, mukaisia, mik\u00e4 varmistaa poikkeuksellisen tarkkuuden ja luotettavuuden. Olitpa sitten koneenrakennuksessa, autoteollisuudessa tai ilmailu- ja avaruusteollisuudessa, FMP toimittaa huippuluokan tuotteita, jotka on r\u00e4\u00e4t\u00e4l\u00f6ity tarpeidesi mukaan. Vakiovalikoimamme lis\u00e4ksi olemme erikoistuneet r\u00e4\u00e4t\u00e4l\u00f6ityihin lieri\u00f6py\u00f6r\u00e4ratkaisuihin. Jos et l\u00f6yd\u00e4 tarvitsemaasi mallia tuoteluettelostamme, \u00e4l\u00e4 huoli \u2013 se tarkoittaa vain, ettemme ole viel\u00e4 ladanneet sit\u00e4 palveluun. L\u00e4het\u00e4 meille s\u00e4hk\u00f6postia vaatimuksistasi, ja taitavat insin\u00f6\u00f6rimme vastaavat ammattimaisella ratkaisulla 24 tunnin kuluessa.<\/p>\n<h3>Tekniset tiedot<\/h3>\n<\/div>\n<p><img loading=\"lazy\" decoding=\"async\" class=\"size-full wp-image-7461 aligncenter\" src=\"https:\/\/fmp-components.com\/wp-content\/uploads\/2025\/03\/hex5.webp\" alt=\"Lieri\u00f6py\u00f6r\u00e4t (eurooppalainen standardi)\" width=\"664\" height=\"934\" title=\"\" srcset=\"https:\/\/fmp-components.com\/wp-content\/uploads\/2025\/03\/hex5.webp 664w, https:\/\/fmp-components.com\/wp-content\/uploads\/2025\/03\/hex5-480x675.webp 480w\" sizes=\"(min-width: 0px) and (max-width: 480px) 480px, (min-width: 481px) 664px, 100vw\" \/> <img loading=\"lazy\" decoding=\"async\" class=\"size-full wp-image-7462 aligncenter\" src=\"https:\/\/fmp-components.com\/wp-content\/uploads\/2025\/03\/hex5-1.webp\" alt=\"Lieri\u00f6py\u00f6r\u00e4t (eurooppalainen standardi)\" width=\"664\" height=\"918\" title=\"\" srcset=\"https:\/\/fmp-components.com\/wp-content\/uploads\/2025\/03\/hex5-1.webp 664w, https:\/\/fmp-components.com\/wp-content\/uploads\/2025\/03\/hex5-1-480x664.webp 480w\" sizes=\"(min-width: 0px) and (max-width: 480px) 480px, (min-width: 481px) 664px, 100vw\" \/><\/p>\n<div>\n<h3>Palvelemme Italiaa paikallisella asiantuntemuksella<\/h3>\n<p class=\"break-words\">Tuotteisiimme luotetaan Italiassa ja ymp\u00e4ri maailmaa, ja ne tarjoavat yrityksille korkealaatuisia varusteratkaisuja, jotka auttavat niit\u00e4 menestym\u00e4\u00e4n. Kun valitset FMP:n, ty\u00f6skentelet italialaisen yrityksen kanssa, joka on sitoutunut huippuosaamiseen ja tarjoaa sek\u00e4 vakio- ett\u00e4 r\u00e4\u00e4t\u00e4l\u00f6ityj\u00e4 varusteita. <a href=\"https:\/\/fmp-components.com\/fi\/spur-gear-2\/\">lieri\u00f6py\u00f6r\u00e4t<\/a> tehostamaan toimintaasi. Ota meihin yhteytt\u00e4 jo t\u00e4n\u00e4\u00e4n ja anna meid\u00e4n auttaa yrityst\u00e4si menestym\u00e4\u00e4n lieri\u00f6py\u00f6r\u00e4asiantuntemuksemme avulla (eurooppalaiset standardit)!<\/p>\n<\/div>","protected":false},"excerpt":{"rendered":"<p>High-Quality Spur Gears (European Standard) by FMP FMP is a leading Italian manufacturer of Spur Gears (European Standard), offering a wide range of spur gears designed to meet the needs of various industries. Our spur gears comply with European standards, such as the DIN standard, ensuring exceptional precision and reliability. Whether you\u2019re in mechanical engineering, [&hellip;]<\/p>","protected":false},"featured_media":7463,"comment_status":"open","ping_status":"closed","template":"","meta":{"_et_pb_use_builder":"","_et_pb_old_content":"","_et_gb_content_width":""},"product_brand":[],"product_cat":[109],"product_tag":[],"class_list":{"0":"post-7460","1":"product","2":"type-product","3":"status-publish","4":"has-post-thumbnail","6":"product_cat-spur-gear","8":"first","9":"instock","10":"shipping-taxable","11":"product-type-simple"},"_links":{"self":[{"href":"https:\/\/fmp-components.com\/fi\/wp-json\/wp\/v2\/product\/7460","targetHints":{"allow":["GET"]}}],"collection":[{"href":"https:\/\/fmp-components.com\/fi\/wp-json\/wp\/v2\/product"}],"about":[{"href":"https:\/\/fmp-components.com\/fi\/wp-json\/wp\/v2\/types\/product"}],"replies":[{"embeddable":true,"href":"https:\/\/fmp-components.com\/fi\/wp-json\/wp\/v2\/comments?post=7460"}],"wp:featuredmedia":[{"embeddable":true,"href":"https:\/\/fmp-components.com\/fi\/wp-json\/wp\/v2\/media\/7463"}],"wp:attachment":[{"href":"https:\/\/fmp-components.com\/fi\/wp-json\/wp\/v2\/media?parent=7460"}],"wp:term":[{"taxonomy":"product_brand","embeddable":true,"href":"https:\/\/fmp-components.com\/fi\/wp-json\/wp\/v2\/product_brand?post=7460"},{"taxonomy":"product_cat","embeddable":true,"href":"https:\/\/fmp-components.com\/fi\/wp-json\/wp\/v2\/product_cat?post=7460"},{"taxonomy":"product_tag","embeddable":true,"href":"https:\/\/fmp-components.com\/fi\/wp-json\/wp\/v2\/product_tag?post=7460"}],"curies":[{"name":"wp","href":"https:\/\/api.w.org\/{rel}","templated":true}]}}