{"id":7451,"date":"2025-03-26T07:59:56","date_gmt":"2025-03-26T07:59:56","guid":{"rendered":"https:\/\/fmp-components.com\/?post_type=product&#038;p=7451"},"modified":"2025-03-26T08:37:56","modified_gmt":"2025-03-26T08:37:56","slug":"plastic-spur-gears","status":"publish","type":"product","link":"https:\/\/fmp-components.com\/fi\/product\/plastic-spur-gears\/","title":{"rendered":"Muoviset lieri\u00f6py\u00f6r\u00e4t"},"content":{"rendered":"<h2>Muoviset lieri\u00f6py\u00f6r\u00e4t: Laatu ja r\u00e4\u00e4t\u00e4l\u00f6inti<\/h2>\n<p class=\"break-words\">Muoviset lieri\u00f6py\u00f6r\u00e4t ovat elint\u00e4rkeit\u00e4 osia nykyaikaisissa koneissa, ja niill\u00e4 on keskeinen rooli esimerkiksi autoteollisuudessa, elektroniikassa ja l\u00e4\u00e4ketieteellisiss\u00e4 laitteissa. N\u00e4m\u00e4 kevyet ja kest\u00e4v\u00e4t rattaat on suunniteltu siirt\u00e4m\u00e4\u00e4n liikett\u00e4 tehokkaasti ja samalla v\u00e4hent\u00e4m\u00e4\u00e4n melua ja kulumista. FMP:ll\u00e4 olemme ylpeit\u00e4 siit\u00e4, ett\u00e4 olemme johtava muoviosien valmistaja. <a href=\"https:\/\/fmp-components.com\/fi\/spur-gear-2\/\">Lieripy\u00f6r\u00e4t<\/a>, joka tarjoaa laajan valikoiman vakiovaihtoehtoja ja r\u00e4\u00e4t\u00e4l\u00f6ityj\u00e4 ratkaisuja vastaamaan erityistarpeitasi. Olitpa sitten Milanossa, Venetsiassa, Firenzess\u00e4 tai Bolognassa, FMP on luotettava kumppanisi korkealaatuisten hammaspy\u00f6r\u00e4ratkaisujen toimittamiseen.<\/p>\n<table style=\"border-collapse: collapse; width: 98.5%; height: 51px;\" border=\"0\" width=\"240\" cellspacing=\"0\" cellpadding=\"0\">\n<tbody>\n<tr style=\"height: 14.40pt;\">\n<td style=\"height: 14.40pt; width: 48.00pt;\" align=\"right\" width=\"80\" height=\"24\">\u00a0\u00a0<img loading=\"lazy\" decoding=\"async\" class=\"size-full wp-image-7456 aligncenter\" src=\"https:\/\/fmp-components.com\/wp-content\/uploads\/2025\/03\/plastic-spur-gear-5_1.webp\" alt=\"muovinen hammaspy\u00f6r\u00e4\" width=\"600\" height=\"600\" title=\"\" srcset=\"https:\/\/fmp-components.com\/wp-content\/uploads\/2025\/03\/plastic-spur-gear-5_1.webp 600w, https:\/\/fmp-components.com\/wp-content\/uploads\/2025\/03\/plastic-spur-gear-5_1-480x480.webp 480w\" sizes=\"(min-width: 0px) and (max-width: 480px) 480px, (min-width: 481px) 600px, 100vw\" \/><\/td>\n<td style=\"width: 48.00pt;\" align=\"right\" width=\"80\"><img loading=\"lazy\" decoding=\"async\" class=\"size-full wp-image-7457 aligncenter\" src=\"https:\/\/fmp-components.com\/wp-content\/uploads\/2025\/03\/plastic-spur-gear-4_1.webp\" alt=\"muovinen hammaspy\u00f6r\u00e4\" width=\"800\" height=\"800\" title=\"\" srcset=\"https:\/\/fmp-components.com\/wp-content\/uploads\/2025\/03\/plastic-spur-gear-4_1.webp 800w, https:\/\/fmp-components.com\/wp-content\/uploads\/2025\/03\/plastic-spur-gear-4_1-480x480.webp 480w\" sizes=\"(min-width: 0px) and (max-width: 480px) 480px, (min-width: 481px) 800px, 100vw\" \/><\/td>\n<td style=\"width: 48.00pt;\" align=\"right\" width=\"80\"><img loading=\"lazy\" decoding=\"async\" class=\"size-full wp-image-7458 aligncenter\" src=\"https:\/\/fmp-components.com\/wp-content\/uploads\/2025\/03\/plastic-spur-gear-3.webp\" alt=\"muovinen hammaspy\u00f6r\u00e4\" width=\"600\" height=\"600\" title=\"\" srcset=\"https:\/\/fmp-components.com\/wp-content\/uploads\/2025\/03\/plastic-spur-gear-3.webp 600w, https:\/\/fmp-components.com\/wp-content\/uploads\/2025\/03\/plastic-spur-gear-3-480x480.webp 480w\" sizes=\"(min-width: 0px) and (max-width: 480px) 480px, (min-width: 481px) 600px, 100vw\" \/><\/td>\n<\/tr>\n<\/tbody>\n<\/table>\n<h3>FMP: Asiantunteva muovisten hammaspy\u00f6rien valmistaja<\/h3>\n<p class=\"break-words\">FMP on ammattimainen valmistaja, joka on erikoistunut muovisten lieri\u00f6hammaspy\u00f6rien tuotantoon. Huipputeknologian ja ammattitaitoisen suunnittelutiimin avulla toimitamme tuotteita, jotka t\u00e4ytt\u00e4v\u00e4t tiukat laatustandardit. Sitoutumisemme huippuosaamiseen tekee meist\u00e4 ensisijaisen toimittajan yrityksille kaikkialla Italiassa ja muualla.<\/p>\n<div>\n<h3>FMP:n muovisten lieri\u00f6hammaspy\u00f6rien ominaisuudet<\/h3>\n<p class=\"break-words\">Muoviset lieri\u00f6py\u00f6r\u00e4mme on valmistettu ensiluokkaisista materiaaleista, mik\u00e4 tarjoaa selkeit\u00e4 etuja perinteisiin metallivaihtoehtoihin verrattuna. T\u00e4ss\u00e4 on tuotteemme, jotka erottavat ne muista:<\/p>\n<ul class=\"marker:text-secondary\">\n<li class=\"break-words\"><strong>Kest\u00e4vyys<\/strong>Suunniteltu kulutuskest\u00e4viksi, mik\u00e4 varmistaa pitk\u00e4aikaisen luotettavuuden my\u00f6s vaativissa olosuhteissa.<\/li>\n<li class=\"break-words\"><strong>Kevyt muotoilu<\/strong>T\u00e4ydellinen sovelluksiin, joissa painon v\u00e4hent\u00e4minen on olennaista, kuten kannettavissa laitteissa tai ajoneuvoissa.<\/li>\n<li class=\"break-words\"><strong>Hiljainen k\u00e4ytt\u00f6<\/strong>Minimoi \u00e4\u00e4nenvoimakkuuden, mik\u00e4 tekee niist\u00e4 ihanteellisia meluherkille ymp\u00e4rist\u00f6ille, kuten l\u00e4\u00e4ketieteellisille laitoksille tai toimistoille.<\/li>\n<li class=\"break-words\"><strong>Korroosionkest\u00e4vyys<\/strong>Toisin kuin metallivaihteet, muovivaihteemme kest\u00e4v\u00e4t ruostetta ja kulumista, mik\u00e4 tarjoaa erinomaisen suorituskyvyn vaativissa olosuhteissa.<\/li>\n<\/ul>\n<p class=\"break-words\">Valmistamme erityyppisi\u00e4 muovisia lieri\u00f6hammaspy\u00f6ri\u00e4 erilaisiin k\u00e4ytt\u00f6tarkoituksiin, vakiomalleista erikoismalleihin, joilla on parannettu lujuus tai ainutlaatuiset ominaisuudet.<\/p>\n<div>\n<h2>Muoviset hammaspy\u00f6r\u00e4t r\u00e4\u00e4t\u00e4l\u00f6ityn\u00e4 tarpeisiisi<\/h2>\n<p class=\"break-words\">FMP:ll\u00e4 ymm\u00e4rr\u00e4mme, ett\u00e4 valmiit ratkaisut eiv\u00e4t aina sovi kaikkiin projekteihin. Siksi tarjoamme kattavia r\u00e4\u00e4t\u00e4l\u00f6intipalveluita. Tarvitsetpa sitten tietyn koon, materiaalin tai kokoonpanon, tiimimme on valmiina suunnittelemaan ja valmistamaan muovisia lieri\u00f6hammaspy\u00f6ri\u00e4 tarkkojen eritelmiesi mukaisesti.<\/p>\n<p class=\"break-words\">Jos et l\u00f6yd\u00e4 tarvitsemaasi mallia tuoteluettelostamme, \u00e4l\u00e4 huoli \u2013 se voi yksinkertaisesti tarkoittaa, ettemme ole ehtineet p\u00e4ivitt\u00e4\u00e4 luetteloamme. Ota meihin yhteytt\u00e4 s\u00e4hk\u00f6postitse osoitteeseen <a href=\"mailto:info@fmpcomponents.it\">info@fmpcomponents.it<\/a>\u00a0vaatimuksiasi koskevilla yksityiskohdilla. Insin\u00f6\u00f6rimme vastaavat 24 tunnin kuluessa ja tarjoavat asiantuntevaa ohjausta sek\u00e4 r\u00e4\u00e4t\u00e4l\u00f6idyn ratkaisun tarpeisiisi.<\/p>\n<table style=\"border-collapse: collapse; width: 98.5%; height: 41px;\" border=\"0\" width=\"240\" cellspacing=\"0\" cellpadding=\"0\">\n<tbody>\n<tr style=\"height: 14.40pt;\">\n<td style=\"height: 14.40pt; width: 48.00pt;\" align=\"right\" width=\"80\" height=\"24\"><img loading=\"lazy\" decoding=\"async\" class=\"size-full wp-image-7455 aligncenter\" src=\"https:\/\/fmp-components.com\/wp-content\/uploads\/2025\/03\/plastic-spur-gear-6_1.webp\" alt=\"muovinen hammaspy\u00f6r\u00e4\" width=\"600\" height=\"600\" title=\"\" srcset=\"https:\/\/fmp-components.com\/wp-content\/uploads\/2025\/03\/plastic-spur-gear-6_1.webp 600w, https:\/\/fmp-components.com\/wp-content\/uploads\/2025\/03\/plastic-spur-gear-6_1-480x480.webp 480w\" sizes=\"(min-width: 0px) and (max-width: 480px) 480px, (min-width: 481px) 600px, 100vw\" \/><\/td>\n<td style=\"width: 48.00pt;\" align=\"right\" width=\"80\"><img loading=\"lazy\" decoding=\"async\" class=\"alignnone size-full wp-image-7459\" src=\"https:\/\/fmp-components.com\/wp-content\/uploads\/2025\/03\/plastic-spur-gear-2.webp\" alt=\"muovinen hammaspy\u00f6r\u00e4\" width=\"720\" height=\"720\" title=\"\" srcset=\"https:\/\/fmp-components.com\/wp-content\/uploads\/2025\/03\/plastic-spur-gear-2.webp 720w, https:\/\/fmp-components.com\/wp-content\/uploads\/2025\/03\/plastic-spur-gear-2-480x480.webp 480w\" sizes=\"(min-width: 0px) and (max-width: 480px) 480px, (min-width: 481px) 720px, 100vw\" \/><\/td>\n<td style=\"width: 48.00pt;\" align=\"right\" width=\"80\"><img loading=\"lazy\" decoding=\"async\" class=\"alignnone size-full wp-image-7454\" src=\"https:\/\/fmp-components.com\/wp-content\/uploads\/2025\/03\/plastic-spur-gear-7.webp\" alt=\"muovinen hammaspy\u00f6r\u00e4\" width=\"600\" height=\"600\" title=\"\" srcset=\"https:\/\/fmp-components.com\/wp-content\/uploads\/2025\/03\/plastic-spur-gear-7.webp 600w, https:\/\/fmp-components.com\/wp-content\/uploads\/2025\/03\/plastic-spur-gear-7-480x480.webp 480w\" sizes=\"(min-width: 0px) and (max-width: 480px) 480px, (min-width: 481px) 600px, 100vw\" \/><\/td>\n<\/tr>\n<\/tbody>\n<\/table>\n<\/div>\n<\/div>","protected":false},"excerpt":{"rendered":"<p>Plastic Spur Gears: Quality and Customization Plastic Spur Gears are vital components in modern machinery, playing a key role in industries such as automotive, electronics, and medical equipment. These lightweight, durable gears are designed to transmit motion efficiently while reducing noise and wear. At FMP, we take pride in being a leading manufacturer of Plastic [&hellip;]<\/p>","protected":false},"featured_media":7452,"comment_status":"open","ping_status":"closed","template":"","meta":{"_et_pb_use_builder":"","_et_pb_old_content":"","_et_gb_content_width":""},"product_brand":[],"product_cat":[109],"product_tag":[],"class_list":{"0":"post-7451","1":"product","2":"type-product","3":"status-publish","4":"has-post-thumbnail","6":"product_cat-spur-gear","8":"first","9":"instock","10":"shipping-taxable","11":"product-type-simple"},"_links":{"self":[{"href":"https:\/\/fmp-components.com\/fi\/wp-json\/wp\/v2\/product\/7451","targetHints":{"allow":["GET"]}}],"collection":[{"href":"https:\/\/fmp-components.com\/fi\/wp-json\/wp\/v2\/product"}],"about":[{"href":"https:\/\/fmp-components.com\/fi\/wp-json\/wp\/v2\/types\/product"}],"replies":[{"embeddable":true,"href":"https:\/\/fmp-components.com\/fi\/wp-json\/wp\/v2\/comments?post=7451"}],"wp:featuredmedia":[{"embeddable":true,"href":"https:\/\/fmp-components.com\/fi\/wp-json\/wp\/v2\/media\/7452"}],"wp:attachment":[{"href":"https:\/\/fmp-components.com\/fi\/wp-json\/wp\/v2\/media?parent=7451"}],"wp:term":[{"taxonomy":"product_brand","embeddable":true,"href":"https:\/\/fmp-components.com\/fi\/wp-json\/wp\/v2\/product_brand?post=7451"},{"taxonomy":"product_cat","embeddable":true,"href":"https:\/\/fmp-components.com\/fi\/wp-json\/wp\/v2\/product_cat?post=7451"},{"taxonomy":"product_tag","embeddable":true,"href":"https:\/\/fmp-components.com\/fi\/wp-json\/wp\/v2\/product_tag?post=7451"}],"curies":[{"name":"wp","href":"https:\/\/api.w.org\/{rel}","templated":true}]}}