{"id":744,"date":"2024-12-18T05:28:55","date_gmt":"2024-12-18T05:28:55","guid":{"rendered":"https:\/\/fmp-components.com\/?page_id=8"},"modified":"2024-12-18T05:32:12","modified_gmt":"2024-12-18T05:32:12","slug":"drilling-platform-steel-wire-rope-tensioner-cylinder","status":"publish","type":"product","link":"https:\/\/fmp-components.com\/fi\/product\/drilling-platform-steel-wire-rope-tensioner-cylinder\/","title":{"rendered":"Porauslautan ter\u00e4sk\u00f6yden kiristinsylinteri"},"content":{"rendered":"<p style=\"text-align: center;\"><span style=\"font-size: 18pt;\">Porauslautan ter\u00e4sk\u00f6yden kiristinsylinteri<\/span><\/p>\n<p>Porauslautan ter\u00e4sk\u00f6yden kiristyssylinteri on olennainen hydraulinen komponentti, joka on suunniteltu varmistamaan poraussovelluksissa k\u00e4ytett\u00e4vien ter\u00e4sk\u00f6ysien optimaalinen kireys. T\u00e4ll\u00e4 sylinterill\u00e4 on ratkaiseva rooli poraustoimintojen turvallisuuden ja tehokkuuden yll\u00e4pit\u00e4misess\u00e4, sill\u00e4 se tarjoaa tarvittavan voiman vaijerin kireyden s\u00e4\u00e4t\u00e4miseen ja vakauttamiseen, mik\u00e4 on elint\u00e4rke\u00e4\u00e4 porauslaitteiden moitteettoman toiminnan kannalta.<\/p>\n<p><img loading=\"lazy\" decoding=\"async\" class=\"alignnone size-full wp-image-745\" src=\"https:\/\/fmp-components.com\/wp-content\/uploads\/2024\/12\/Drilling-Platform-Steel-Wire-Rope-Tensioner-Cylinder.webp\" alt=\"Porausalusta-Ter\u00e4sk\u00f6ysi-Kiristyssylinteri\" width=\"1024\" height=\"607\" title=\"\" srcset=\"https:\/\/fmp-components.com\/wp-content\/uploads\/2024\/12\/Drilling-Platform-Steel-Wire-Rope-Tensioner-Cylinder.webp 1024w, https:\/\/fmp-components.com\/wp-content\/uploads\/2024\/12\/Drilling-Platform-Steel-Wire-Rope-Tensioner-Cylinder-980x581.webp 980w, https:\/\/fmp-components.com\/wp-content\/uploads\/2024\/12\/Drilling-Platform-Steel-Wire-Rope-Tensioner-Cylinder-480x285.webp 480w\" sizes=\"(min-width: 0px) and (max-width: 480px) 480px, (min-width: 481px) and (max-width: 980px) 980px, (min-width: 981px) 1024px, 100vw\" \/><\/p>\n<h4>T\u00e4rkeimm\u00e4t ominaisuudet:<\/h4>\n<ul>\n<li><strong>Korkea j\u00e4nnityskapasiteetti:<\/strong> T\u00e4m\u00e4 sylinteri on suunniteltu k\u00e4sittelem\u00e4\u00e4n merkitt\u00e4vi\u00e4 kuormia ja se hallitsee tehokkaasti ter\u00e4sk\u00f6ysien kireytt\u00e4 varmistaen tasaisen suorituskyvyn vaativissa olosuhteissa.<\/li>\n<li><strong>Kest\u00e4v\u00e4 rakenne:<\/strong> Eritt\u00e4in lujista materiaaleista valmistettu kiristyssylinteri on rakennettu kest\u00e4m\u00e4\u00e4n poraustoiminnoille tyypillisi\u00e4 ankaria ymp\u00e4rist\u00f6j\u00e4 ja korkeita paineita, mik\u00e4 tarjoaa pitk\u00e4aikaisen kest\u00e4vyyden ja luotettavuuden.<\/li>\n<li><strong>Sujuva toiminta:<\/strong> Edistyksellinen hydraulinen rakenne mahdollistaa sujuvat ja tarkat s\u00e4\u00e4d\u00f6t, mik\u00e4 helpottaa j\u00e4nnityksen nopeita muutoksia tarvittaessa poraustoiminnan aikana.<\/li>\n<li><strong>Turvamekanismit:<\/strong> Sis\u00e4lt\u00e4\u00e4 turvaominaisuuksia, jotka est\u00e4v\u00e4t ylikiristyksen ja varmistavat turvallisen k\u00e4yt\u00f6n, mik\u00e4 parantaa poraustoimintojen yleist\u00e4 turvallisuutta.<\/li>\n<li><strong>Monipuolinen sovellus:<\/strong> T\u00e4m\u00e4 sylinteri sopii erilaisille porausalustoille ja mukautuu erilaisiin k\u00e4ytt\u00f6tarpeisiin, mik\u00e4 tekee siit\u00e4 monipuolisen valinnan erilaisiin porausymp\u00e4rist\u00f6ihin.<\/li>\n<li><strong>V\u00e4h\u00e4iset huoltovaatimukset:<\/strong> Se on suunniteltu minimoimaan kulumisen, mik\u00e4 v\u00e4hent\u00e4\u00e4 huoltotarvetta ja k\u00e4ytt\u00f6katkoksia, mik\u00e4 osaltaan lis\u00e4\u00e4 tuottavuutta.<\/li>\n<\/ul>\n<p>Yhteenvetona voidaan todeta, ett\u00e4 porauslautan ter\u00e4sk\u00f6yden kiristinsylinteri on v\u00e4ltt\u00e4m\u00e4t\u00f6n poraustoimintojen suorituskyvyn ja turvallisuuden optimoimiseksi, mik\u00e4 parantaa merkitt\u00e4v\u00e4sti porauslauttojen tehokkuutta ja luotettavuutta kent\u00e4ll\u00e4.<\/p>\n<h2>Porauslautan ter\u00e4sk\u00f6yden kiristinsylinteri<\/h2>\n<p><img loading=\"lazy\" decoding=\"async\" class=\"size-full wp-image-749 aligncenter\" src=\"https:\/\/fmp-components.com\/wp-content\/uploads\/2024\/12\/Drilling-Platform-Steel-Wire-Rope-Tensioner-Cylinder-1-1.webp\" alt=\"Porausalusta-Ter\u00e4sk\u00f6ysi-Kiristyssylinteri\" width=\"600\" height=\"600\" title=\"\" srcset=\"https:\/\/fmp-components.com\/wp-content\/uploads\/2024\/12\/Drilling-Platform-Steel-Wire-Rope-Tensioner-Cylinder-1-1.webp 600w, https:\/\/fmp-components.com\/wp-content\/uploads\/2024\/12\/Drilling-Platform-Steel-Wire-Rope-Tensioner-Cylinder-1-1-480x480.webp 480w\" sizes=\"(min-width: 0px) and (max-width: 480px) 480px, (min-width: 481px) 600px, 100vw\" \/><\/p>\n<table style=\"width: 96.3174%; height: 185px;\" border=\"1\" cellspacing=\"0\" cellpadding=\"0\">\n<tbody>\n<tr>\n<td>Tuotteen nimi<\/td>\n<td>Porauslautan ter\u00e4sk\u00f6yden kiristinsylinteri<\/td>\n<\/tr>\n<tr>\n<td>Ominaisuudet:<\/td>\n<td>Tarjoaa ty\u00f6nt\u00f6voimaa ja kirist\u00e4\u00e4 vaijerik\u00f6ytt\u00e4 hihnapy\u00f6r\u00e4n kautta<\/td>\n<\/tr>\n<tr>\n<td>Rei\u00e4n halkaisija:<\/td>\n<td>Jopa 620 mm<\/td>\n<\/tr>\n<tr>\n<td>Tangon halkaisija:<\/td>\n<td>Jopa 580 mm<\/td>\n<\/tr>\n<tr>\n<td>Ty\u00f6nt\u00f6voima:<\/td>\n<td>Enimm\u00e4isteho 8500 kN<\/td>\n<\/tr>\n<tr>\n<td>Tekniset tiedot:<\/td>\n<td>Tarjoaa 889KN, 1112KN, 1245KN ja muita sylintereit\u00e4, joilla on erilaiset kireysvaatimukset<\/td>\n<\/tr>\n<tr>\n<td>Sovellukset:<\/td>\n<td>Jack-up Offshore -alusta<\/td>\n<\/tr>\n<\/tbody>\n<\/table>\n<h2>Porausalustan ter\u00e4sk\u00f6ysikiristyssylinterin edut<\/h2>\n<p>Porauslautan ter\u00e4sk\u00f6yden kiristinsylinteri tarjoaa lukuisia etuja, jotka korostavat sen merkityst\u00e4 offshore-poraustoiminnassa. T\u00e4ss\u00e4 on joitakin keskeisi\u00e4 etuja:<\/p>\n<p>Yksi t\u00e4rkeimmist\u00e4 eduista on tarkka kireyden s\u00e4\u00e4t\u00f6. T\u00e4m\u00e4n sylinterin avulla k\u00e4ytt\u00e4j\u00e4t voivat hienos\u00e4\u00e4t\u00e4\u00e4 ter\u00e4sk\u00f6ysien kireytt\u00e4 moduloimalla hydraulipainetta. Oikean kireystason saavuttaminen on ratkaisevan t\u00e4rke\u00e4\u00e4 vaijereiden optimaalisen suorituskyvyn varmistamiseksi poraustoiminnan aikana.<\/p>\n<p>Toinen merkitt\u00e4v\u00e4 etu on parannettu turvallisuus. Kiristyssylinteri on varustettu edistyneill\u00e4 turvaominaisuuksilla, kuten paineantureilla ja suojamekanismeilla, jotka auttavat est\u00e4m\u00e4\u00e4n ylikiristyksen tai j\u00e4nnityksen \u00e4killisen purkautumisen. N\u00e4m\u00e4 ominaisuudet varmistavat turvallisen k\u00e4yt\u00f6n ja suojaavat sek\u00e4 henkil\u00f6st\u00f6\u00e4 ett\u00e4 laitteita mahdollisilta vaaroilta.<\/p>\n<p>Sylinteri parantaa my\u00f6s toiminnan tehokkuutta. Yll\u00e4pit\u00e4m\u00e4ll\u00e4 vaijereiden oikeanlaista kireytt\u00e4 se varmistaa porak\u00f6yden tasaisen ja hallitun liikkeen ja helpottaa raskaiden kuormien nostamista. T\u00e4m\u00e4 johtaa lis\u00e4\u00e4ntyneeseen tuottavuuteen ja lyhyempiin seisokkiaikoihin poraustoiminnoissa.<\/p>\n<p>Lis\u00e4ksi kiristyssylinterin kest\u00e4vyys ja luotettavuus ovat huomionarvoisia. Se on valmistettu eritt\u00e4in lujista materiaaleista ja suunniteltu kest\u00e4m\u00e4\u00e4n offshore-porauksen ankaria olosuhteita, kuten sy\u00f6vytt\u00e4v\u00e4\u00e4 suolavett\u00e4, korkeita paineita ja \u00e4\u00e4rimm\u00e4isi\u00e4 l\u00e4mp\u00f6tiloja. T\u00e4m\u00e4 kest\u00e4vyys varmistaa tasaisen suorituskyvyn ajan kuluessa.<\/p>\n<p>Lis\u00e4ksi kiristyssylinteri tarjoaa monipuolisuutta sovelluksissaan. Sit\u00e4 voidaan k\u00e4ytt\u00e4\u00e4 erikokoisten ja -tyyppisten ter\u00e4sk\u00f6ysien kanssa, joten se soveltuu erilaisiin porausteht\u00e4viin, kuten poraamiseen, nostamiseen ja kuormank\u00e4sittelyyn. T\u00e4m\u00e4 joustavuus tarjoaa kattavan ratkaisun vaijerin kireyden yll\u00e4pit\u00e4miseen useissa eri toiminnoissa.<\/p>\n<p>Lopuksi, kiristyssylinterin suunnittelussa korostetaan huoltoa ja huollettavuutta. Sen komponentit ovat helposti tarkastettavissa ja huollettavissa, mik\u00e4 auttaa varmistamaan optimaalisen toiminnan ja minimoimaan seisokkiajat. T\u00e4m\u00e4 helppo huolto edist\u00e4\u00e4 poraustoimintojen kokonaistehokkuutta ja varmistaa, ett\u00e4 laitteet pysyv\u00e4t huippukunnossa.<\/p>\n<p><img loading=\"lazy\" decoding=\"async\" class=\"alignnone wp-image-746\" src=\"https:\/\/fmp-components.com\/wp-content\/uploads\/2024\/12\/Drilling-Platform-Steel-Wire-Rope-Tensioner-Cylinder-1.webp\" alt=\"Porauslautan ter\u00e4sk\u00f6yden kiristinsylinteri\" width=\"925\" height=\"648\" title=\"\" srcset=\"https:\/\/fmp-components.com\/wp-content\/uploads\/2024\/12\/Drilling-Platform-Steel-Wire-Rope-Tensioner-Cylinder-1.webp 925w, https:\/\/fmp-components.com\/wp-content\/uploads\/2024\/12\/Drilling-Platform-Steel-Wire-Rope-Tensioner-Cylinder-1-480x336.webp 480w\" sizes=\"(min-width: 0px) and (max-width: 480px) 480px, (min-width: 481px) 925px, 100vw\" \/><\/p>\n<h3>Tietoja FMP:st\u00e4<\/h3>\n<p>FMP on hydraulisten sylinterien tuotantoon erikoistunut konepajayritys. Perustamisestaan \u200b\u200bl\u00e4htien yritys on keskittynyt hydraulisen teknologian tutkimukseen ja valmistukseen ja siirtynyt menestyksekk\u00e4\u00e4sti monipuolisesta tuotevalikoimasta, joka sis\u00e4lsi sadonkorjuu- ja rakennuskoneita, maataloustraktorien osiin erikoistumiseen. Yli kymmenen vuoden kokemuksella valmistuksesta ja johtamisesta FMP varmistaa korkealaatuiset tuotteet edistyneiden tuotantotekniikoiden avulla.<\/p>\n<p>Yrityksen kehittyess\u00e4 se on kehitt\u00e4nyt kattavan koneistuslinjan, kokoonpanolinjan ja pinnoituslinjan. Tiimimme koostuu ammattitaitoisesta johtohenkil\u00f6st\u00f6st\u00e4, kokeneista mekaanisista suunnittelijoista ja korkeasti koulutetuista teknikoista, jotka ty\u00f6skentelev\u00e4t yhdess\u00e4 yll\u00e4pit\u00e4\u00e4kseen vakaata tuotannon laatua ja samalla tehokkaasti hallitakseen prosessin jatkuvuutta ja tehokkuutta.<\/p>\n<p>FMP noudattaa filosofiaa, jonka mukaan \u201dteknologinen innovaatio edist\u00e4\u00e4 kehityst\u00e4, laatu luo br\u00e4ndej\u00e4, k\u00e4sity\u00f6taito varmistaa laadun ja rakentaa pitk\u00e4aikaisia, kaikkia hy\u00f6dytt\u00e4vi\u00e4 suhteita\u201d. Sitoutumisemme korkealaatuisten tuotteiden ja erinomaisen asiakaspalvelun tarjoamiseen on edelleen keskeinen tavoitteemme, kun jatkamme markkinoiden kehittyvien tarpeiden t\u00e4ytt\u00e4mist\u00e4.<\/p>\n<p><img loading=\"lazy\" decoding=\"async\" class=\"alignnone size-full wp-image-426\" src=\"https:\/\/fmp-components.com\/wp-content\/uploads\/2024\/12\/Sanitation-Machinery-Locking-Hydraulic-Cylinder-factory.webp\" sizes=\"(min-width: 0px) and (max-width: 480px) 480px, (min-width: 481px) and (max-width: 980px) 980px, (min-width: 981px) and (max-width: 1280px) 1280px, (min-width: 1281px) 1414px, 100vw\" srcset=\"https:\/\/fmp-components.com\/wp-content\/uploads\/2024\/12\/Sanitation-Machinery-Locking-Hydraulic-Cylinder-factory.webp 1414w, https:\/\/fmp-components.com\/wp-content\/uploads\/2024\/12\/Sanitation-Machinery-Locking-Hydraulic-Cylinder-factory-1280x529.webp 1280w, https:\/\/fmp-components.com\/wp-content\/uploads\/2024\/12\/Sanitation-Machinery-Locking-Hydraulic-Cylinder-factory-980x405.webp 980w, https:\/\/fmp-components.com\/wp-content\/uploads\/2024\/12\/Sanitation-Machinery-Locking-Hydraulic-Cylinder-factory-480x198.webp 480w\" alt=\"Sanitaatio-Koneet-Lukitus-Hydraulinen-Sylinteri-tehdas\" width=\"1414\" height=\"584\" title=\"\"><\/p>\n<p>Tekij\u00e4: CX<\/p>","protected":false},"excerpt":{"rendered":"<p>Porauslautan ter\u00e4sk\u00f6yden kiristyssylinteri on t\u00e4rke\u00e4 hydraulinen komponentti, joka on suunniteltu yll\u00e4pit\u00e4m\u00e4\u00e4n optimaalista kireytt\u00e4 poraustoiminnassa k\u00e4ytett\u00e4viss\u00e4 ter\u00e4sk\u00f6ysiss\u00e4. T\u00e4m\u00e4 sylinteri tarjoaa tarvittavan voiman vaijereiden kireyden s\u00e4\u00e4t\u00e4miseen ja vakauttamiseen varmistaen porauslautan turvallisen ja tehokkaan toiminnan. Se on valmistettu eritt\u00e4in lujista materiaaleista ja suunniteltu kest\u00e4m\u00e4\u00e4n porausymp\u00e4rist\u00f6iss\u00e4 tyypillisi\u00e4 vaativia olosuhteita ja korkeita paineita, mik\u00e4 varmistaa kest\u00e4vyyden ja luotettavuuden. Sujuva hydraulinen toiminta mahdollistaa tarkat s\u00e4\u00e4d\u00f6t, mik\u00e4 parantaa toiminnan tehokkuutta ja turvallisuutta poraustoiminnan aikana. T\u00e4m\u00e4 kiristyssylinteri on v\u00e4ltt\u00e4m\u00e4t\u00f6n porausalustojen suorituskyvyn optimoimiseksi, ja se edist\u00e4\u00e4 merkitt\u00e4v\u00e4sti poraustoimintojen tehokkuutta ja laitteiden yleist\u00e4 eheytt\u00e4.<\/p>","protected":false},"featured_media":749,"comment_status":"open","ping_status":"closed","template":"","meta":{"_et_pb_use_builder":"","_et_pb_old_content":"","_et_gb_content_width":""},"product_brand":[],"product_cat":[28],"product_tag":[],"class_list":{"0":"post-744","1":"product","2":"type-product","3":"status-publish","4":"has-post-thumbnail","6":"product_cat-offshore-hydraulic-cylinders","8":"first","9":"instock","10":"shipping-taxable","11":"product-type-simple"},"_links":{"self":[{"href":"https:\/\/fmp-components.com\/fi\/wp-json\/wp\/v2\/product\/744","targetHints":{"allow":["GET"]}}],"collection":[{"href":"https:\/\/fmp-components.com\/fi\/wp-json\/wp\/v2\/product"}],"about":[{"href":"https:\/\/fmp-components.com\/fi\/wp-json\/wp\/v2\/types\/product"}],"replies":[{"embeddable":true,"href":"https:\/\/fmp-components.com\/fi\/wp-json\/wp\/v2\/comments?post=744"}],"wp:featuredmedia":[{"embeddable":true,"href":"https:\/\/fmp-components.com\/fi\/wp-json\/wp\/v2\/media\/749"}],"wp:attachment":[{"href":"https:\/\/fmp-components.com\/fi\/wp-json\/wp\/v2\/media?parent=744"}],"wp:term":[{"taxonomy":"product_brand","embeddable":true,"href":"https:\/\/fmp-components.com\/fi\/wp-json\/wp\/v2\/product_brand?post=744"},{"taxonomy":"product_cat","embeddable":true,"href":"https:\/\/fmp-components.com\/fi\/wp-json\/wp\/v2\/product_cat?post=744"},{"taxonomy":"product_tag","embeddable":true,"href":"https:\/\/fmp-components.com\/fi\/wp-json\/wp\/v2\/product_tag?post=744"}],"curies":[{"name":"wp","href":"https:\/\/api.w.org\/{rel}","templated":true}]}}