{"id":7437,"date":"2025-03-26T06:16:07","date_gmt":"2025-03-26T06:16:07","guid":{"rendered":"https:\/\/fmp-components.com\/?post_type=product&#038;p=7437"},"modified":"2025-03-26T08:37:43","modified_gmt":"2025-03-26T08:37:43","slug":"nylon-spur-gears","status":"publish","type":"product","link":"https:\/\/fmp-components.com\/fi\/product\/nylon-spur-gears\/","title":{"rendered":"Nylon-kantapy\u00f6r\u00e4t"},"content":{"rendered":"<h2>Mit\u00e4 ovat nailonhammaspy\u00f6r\u00e4t?<\/h2>\n<p class=\"break-words\">Nylon <a href=\"https:\/\/fmp-components.com\/fi\/spur-gear-2\/\">Lieripy\u00f6r\u00e4t<\/a> ovat er\u00e4\u00e4nlainen muovinen hammaspy\u00f6r\u00e4tyyppi, jota k\u00e4ytet\u00e4\u00e4n laajalti eri teollisuudenaloilla niiden poikkeuksellisten ominaisuuksien vuoksi. N\u00e4m\u00e4 hammaspy\u00f6r\u00e4t on valmistettu teknisist\u00e4 muoveista, kuten MC Nylonista (polyamidihartsi) ja polyasetaalista (POM), ja niiss\u00e4 on suorat hampaat sylinterim\u00e4isell\u00e4 pinnalla, mik\u00e4 tekee niist\u00e4 ihanteellisia liikkeen ja voiman siirt\u00e4miseen rinnakkaisten akseleiden v\u00e4lill\u00e4. Niiden merkitys ulottuu muun muassa elintarviketuotantoon, kulutuselektroniikkaan, kemikaaleihin, leluihin ja l\u00e4\u00e4kinn\u00e4llisiin laitteisiin kevyen rakenteensa, ruostumattomuutensa ja hiljaisen k\u00e4ynti\u00e4\u00e4nens\u00e4 ansiosta.<\/p>\n<p><img loading=\"lazy\" decoding=\"async\" class=\"size-full wp-image-7447 aligncenter\" src=\"https:\/\/fmp-components.com\/wp-content\/uploads\/2025\/03\/Nylon-Spur-Gears-2.webp\" alt=\"Nylon-kantarattaat\" width=\"1024\" height=\"800\" title=\"\" srcset=\"https:\/\/fmp-components.com\/wp-content\/uploads\/2025\/03\/Nylon-Spur-Gears-2.webp 1024w, https:\/\/fmp-components.com\/wp-content\/uploads\/2025\/03\/Nylon-Spur-Gears-2-980x766.webp 980w, https:\/\/fmp-components.com\/wp-content\/uploads\/2025\/03\/Nylon-Spur-Gears-2-480x375.webp 480w\" sizes=\"(min-width: 0px) and (max-width: 480px) 480px, (min-width: 481px) and (max-width: 980px) 980px, (min-width: 981px) 1024px, 100vw\" \/><\/p>\n<div>\n<h2>Miksi valita nailonista valmistetut lieri\u00f6py\u00f6r\u00e4t?<\/h2>\n<h3>Keskeiset edut<\/h3>\n<ul class=\"marker:text-secondary\">\n<li class=\"break-words\"><strong>Kevyt<\/strong>Metallivaihteisiin verrattuna nailonhammasrattaat v\u00e4hent\u00e4v\u00e4t merkitt\u00e4v\u00e4sti koneiden painoa ja parantavat tehokkuutta.<\/li>\n<li class=\"break-words\"><strong>Ruostumaton<\/strong>Toisin kuin ter\u00e4s, nailon ei ruostu, joten se sopii t\u00e4ydellisesti kosteisiin tai sy\u00f6vytt\u00e4vi\u00e4 ymp\u00e4rist\u00f6ihin.<\/li>\n<li class=\"break-words\"><strong>Hiljainen toiminta<\/strong>Niiden luontainen voitelevuus varmistaa tasaisen ja \u00e4\u00e4nett\u00f6m\u00e4n toiminnan, mik\u00e4 on ihanteellista kulutuselektroniikalle tai l\u00e4\u00e4kinn\u00e4llisille laitteille.<\/li>\n<li class=\"break-words\"><strong>Itsevoiteleva<\/strong>Monet nailonvaihteet toimivat ilman lis\u00e4voitelua metallivaihteiden kanssa, mik\u00e4 v\u00e4hent\u00e4\u00e4 yll\u00e4pitokustannuksia.<\/li>\n<li class=\"break-words\"><strong>Kustannustehokas<\/strong>Ruiskuvalu mahdollistaa laajamittaisen tuotannon alhaisemmilla kustannuksilla.<\/li>\n<\/ul>\n<h3>Sovellukset kaikkialla Italiassa<\/h3>\n<p class=\"break-words\">Milanon elintarviketehtaista Firenzen lelujen valmistukseen ja Bolognan l\u00e4\u00e4ketieteellisten laitteiden tuotantoon \u2013 nailonista valmistetut lieri\u00f6py\u00f6r\u00e4t ovat monipuolinen valinta. Venetsiassa, jossa kosteudenkest\u00e4vyys on avainasemassa kostean ilmaston vuoksi, niiden ruostumattomat ominaisuudet loistavat.<\/p>\n<h2>Taian takana olevat materiaalit<\/h2>\n<p class=\"break-words\">FMP-yritys k\u00e4ytt\u00e4\u00e4 korkean suorituskyvyn muoveja, kuten:<\/p>\n<ul class=\"marker:text-secondary\">\n<li class=\"break-words\"><strong>MC-nailon<\/strong>Parannetusta lujuudestaan \u200b\u200bja l\u00e4mp\u00f6stabiilisuudestaan \u200b\u200btunnettu tuote on vakio-PS- ja PSA-sarjoissamme vakiomateriaali.<\/li>\n<li class=\"break-words\"><strong>Asetaalikopolymeeri (POM)<\/strong>Kiteinen kestomuovi, jolla on erinomainen kemikaalienkest\u00e4vyys ja pitk\u00e4ik\u00e4isyys, jota k\u00e4ytet\u00e4\u00e4n valetuissa lieri\u00f6hammaspy\u00f6riss\u00e4mme.<\/li>\n<\/ul>\n<p class=\"break-words\">Vaativiin sovelluksiin \u2013 kuten suuriin l\u00e4mp\u00f6tilanvaihteluihin tai raskaisiin kuormiin \u2013 voimme sis\u00e4llytt\u00e4\u00e4 nailonhampaisiin metallinavat (esim. S45C tai ruostumaton ter\u00e4s), jotka on sulatettu tai ruuvattu, mik\u00e4 varmistaa kest\u00e4vyyden tinkim\u00e4tt\u00e4 muovin eduista.<\/p>\n<h3>Mekaaniset ja l\u00e4mp\u00f6ominaisuudet<\/h3>\n<p class=\"break-words\">T\u00e4ss\u00e4 on tilannekuva siit\u00e4, mik\u00e4 tekee n\u00e4ist\u00e4 materiaaleista erottuvia:<\/p>\n<div class=\"overflow-x-auto my-2\">\n<table style=\"width: 100%;\" border=\"1\" width=\"100%\" cellspacing=\"0\" cellpadding=\"0\">\n<thead class=\"border-b border-primary\/20\">\n<tr class=\"border-primary\/10\">\n<th class=\"break-words\"><strong>Kiinteist\u00f6<\/strong><\/th>\n<th class=\"break-words\"><strong>MC-nailon<\/strong><\/th>\n<th class=\"break-words\"><strong>Asetaalikopolymeeri<\/strong><\/th>\n<\/tr>\n<\/thead>\n<tbody>\n<tr class=\"border-primary\/10\">\n<td class=\"break-words\"><strong>Vetolujuus<\/strong><\/td>\n<td class=\"break-words\">Korkea<\/td>\n<td class=\"break-words\">Kohtalainen<\/td>\n<\/tr>\n<tr class=\"border-primary\/10\">\n<td class=\"break-words\"><strong>L\u00e4mp\u00f6laajeneminen<\/strong><\/td>\n<td class=\"break-words\">9 \u00d7 10\u207b\u2075 \/\u00b0C<\/td>\n<td class=\"break-words\">Matalampi kuin nailon<\/td>\n<\/tr>\n<tr class=\"border-primary\/10\">\n<td class=\"break-words\"><strong>Kemiallinen kest\u00e4vyys<\/strong><\/td>\n<td class=\"break-words\">Erinomainen<\/td>\n<td class=\"break-words\">Erinomainen<\/td>\n<\/tr>\n<tr class=\"border-primary\/10\">\n<td class=\"break-words\"><strong>Veden imeytyminen<\/strong><\/td>\n<td class=\"break-words\">Korkeampi<\/td>\n<td class=\"break-words\">Alentaa<\/td>\n<\/tr>\n<\/tbody>\n<\/table>\n<\/div>\n<p class=\"break-words\"><em>Huomautus<\/em>MC Nylon -tiedot perustuvat kuiviin olosuhteisiin; lujuus heikkenee l\u00e4mp\u00f6tilan noustessa tai kosteuden imeytyess\u00e4.<\/p>\n<div>\n<h4>Mittamuutoksen esimerkki<\/h4>\n<p class=\"break-words\">Tarkastellaan MC Nylon -hammastankoa (1010 mm pitk\u00e4) 20 \u00b0C:ssa. Jos l\u00e4mp\u00f6tila nousee 40 \u00b0C:een:<\/p>\n<ul class=\"marker:text-secondary\">\n<li class=\"break-words\"><strong>Lineaarisen laajenemisen kerroin<\/strong>: 9 \u00d7 10\u207b\u2075 \/\u00b0C<\/li>\n<li class=\"break-words\"><strong>Laskeminen<\/strong>Mittamuutos = 9 \u00d7 10\u207b\u2075 \u00d7 1010 mm \u00d7 20 \u00b0C = 1,818 mm<\/li>\n<\/ul>\n<p class=\"break-words\">T\u00e4m\u00e4 venym\u00e4 korostaa tarvetta ottaa huomioon l\u00e4mp\u00f6- ja kosteusvaikutukset suunnittelussa \u2013 FMP:n insin\u00f6\u00f6rit k\u00e4sittelev\u00e4t t\u00e4m\u00e4n asian asiantuntevasti.<\/p>\n<div>\n<h2>FMP-yritys: Nailonista valmistettujen kannusratasten asiantuntijasi<\/h2>\n<p class=\"break-words\">Klo <strong>FMP-yritys<\/strong>Olemme erikoistuneet laajan valikoiman nailonista valmistettujen lieri\u00f6hammaspy\u00f6rien valmistukseen vastataksemme erilaisiin tarpeisiin Italiassa ja muuallakin. Tarjontamme sis\u00e4lt\u00e4\u00e4:<\/p>\n<ul class=\"marker:text-secondary\">\n<li class=\"break-words\"><strong>DSL-sarja<\/strong>Helppo kiinnitys vaihteille ja akseleille.<\/li>\n<li class=\"break-words\"><strong>NSU- ja PU-sarjat<\/strong>Nailonhampaat ja metalliytimet parantavat lujuutta ja helpottavat ty\u00f6st\u00f6\u00e4.<\/li>\n<li class=\"break-words\"><strong>PS- ja PSA-sarjat<\/strong>Vakiovaihtoehdot MC Nylon, PSA-mallissa on kohoumaton muotoilu.<\/li>\n<li class=\"break-words\"><strong>DS-sarja<\/strong>Kustannustehokkaat, matalan lujuuden omaavat hammaspy\u00f6r\u00e4t ruiskuvalun avulla.<\/li>\n<\/ul>\n<h3>R\u00e4\u00e4t\u00e4l\u00f6idyt ratkaisut<\/h3>\n<p class=\"break-words\">Eik\u00f6 etsim\u00e4\u00e4si mallia l\u00f6ydy luettelostamme? Ei h\u00e4t\u00e4\u00e4! FMP Company on erikoistunut mittatilausty\u00f6n\u00e4 tehtyihin tilauksiin. Olitpa sitten Milanossa suunnittelemassa kulutuselektroniikkaa tai Venetsiassa valmistamassa kemiallisia laitteita, valmistamme r\u00e4\u00e4t\u00e4l\u00f6ityj\u00e4 vaihteita tarpeidesi mukaan. Jos mallia ei ole luettelossa, se tarkoittaa yksinkertaisesti sit\u00e4, ettemme ole viel\u00e4 ladanneet sit\u00e4 palveluumme. L\u00e4het\u00e4 meille s\u00e4hk\u00f6postia osoitteeseen <a href=\"mailto:info@fmpcomponents.it\">info@fmpcomponents.it<\/a> vaatimuksiasi, ja insin\u00f6\u00f6rimme vastaavat sinulle kuluessa <strong>24 tuntia<\/strong> ratkaisun kanssa.<\/p>\n<table style=\"border-collapse: collapse; width: 99.375%; height: 66px;\" border=\"0\" width=\"240\" cellspacing=\"0\" cellpadding=\"0\">\n<tbody>\n<tr style=\"height: 14.40pt;\">\n<td style=\"height: 14.40pt; width: 48.00pt;\" align=\"right\" width=\"80\" height=\"24\"><img loading=\"lazy\" decoding=\"async\" class=\"alignnone size-full wp-image-7448\" src=\"https:\/\/fmp-components.com\/wp-content\/uploads\/2025\/03\/nylon-spur-gear-5.webp\" alt=\"nailon-hammaspy\u00f6r\u00e4\" width=\"768\" height=\"768\" title=\"\" srcset=\"https:\/\/fmp-components.com\/wp-content\/uploads\/2025\/03\/nylon-spur-gear-5.webp 768w, https:\/\/fmp-components.com\/wp-content\/uploads\/2025\/03\/nylon-spur-gear-5-480x480.webp 480w\" sizes=\"(min-width: 0px) and (max-width: 480px) 480px, (min-width: 481px) 768px, 100vw\" \/><\/td>\n<td style=\"width: 48.00pt;\" align=\"right\" width=\"80\"><img loading=\"lazy\" decoding=\"async\" class=\"alignnone size-full wp-image-7449\" src=\"https:\/\/fmp-components.com\/wp-content\/uploads\/2025\/03\/nylon-spur-gear-6.webp\" alt=\"nailon-hammaspy\u00f6r\u00e4\" width=\"750\" height=\"750\" title=\"\" srcset=\"https:\/\/fmp-components.com\/wp-content\/uploads\/2025\/03\/nylon-spur-gear-6.webp 750w, https:\/\/fmp-components.com\/wp-content\/uploads\/2025\/03\/nylon-spur-gear-6-480x480.webp 480w\" sizes=\"(min-width: 0px) and (max-width: 480px) 480px, (min-width: 481px) 750px, 100vw\" \/><\/td>\n<td style=\"width: 48.00pt;\" align=\"right\" width=\"80\"><img loading=\"lazy\" decoding=\"async\" class=\"alignnone size-full wp-image-7450\" src=\"https:\/\/fmp-components.com\/wp-content\/uploads\/2025\/03\/nylon-spur-gear-7.webp\" alt=\"nailon-hammaspy\u00f6r\u00e4\" width=\"540\" height=\"540\" title=\"\" srcset=\"https:\/\/fmp-components.com\/wp-content\/uploads\/2025\/03\/nylon-spur-gear-7.webp 540w, https:\/\/fmp-components.com\/wp-content\/uploads\/2025\/03\/nylon-spur-gear-7-480x480.webp 480w\" sizes=\"(min-width: 0px) and (max-width: 480px) 480px, (min-width: 481px) 540px, 100vw\" \/><\/td>\n<\/tr>\n<\/tbody>\n<\/table>\n<\/div>\n<\/div>\n<\/div>","protected":false},"excerpt":{"rendered":"<p>What Are Nylon Spur Gears? Nylon Spur Gears are a type of plastic gear widely used across industries for their exceptional properties. Made from engineering plastics like MC Nylon (a polyamide resin) and polyacetal (POM), these gears feature straight teeth on a cylindrical surface, making them ideal for transmitting motion and power between parallel shafts. [&hellip;]<\/p>","protected":false},"featured_media":7445,"comment_status":"open","ping_status":"closed","template":"","meta":{"_et_pb_use_builder":"","_et_pb_old_content":"","_et_gb_content_width":""},"product_brand":[],"product_cat":[109],"product_tag":[],"class_list":{"0":"post-7437","1":"product","2":"type-product","3":"status-publish","4":"has-post-thumbnail","6":"product_cat-spur-gear","8":"first","9":"instock","10":"shipping-taxable","11":"product-type-simple"},"_links":{"self":[{"href":"https:\/\/fmp-components.com\/fi\/wp-json\/wp\/v2\/product\/7437","targetHints":{"allow":["GET"]}}],"collection":[{"href":"https:\/\/fmp-components.com\/fi\/wp-json\/wp\/v2\/product"}],"about":[{"href":"https:\/\/fmp-components.com\/fi\/wp-json\/wp\/v2\/types\/product"}],"replies":[{"embeddable":true,"href":"https:\/\/fmp-components.com\/fi\/wp-json\/wp\/v2\/comments?post=7437"}],"wp:featuredmedia":[{"embeddable":true,"href":"https:\/\/fmp-components.com\/fi\/wp-json\/wp\/v2\/media\/7445"}],"wp:attachment":[{"href":"https:\/\/fmp-components.com\/fi\/wp-json\/wp\/v2\/media?parent=7437"}],"wp:term":[{"taxonomy":"product_brand","embeddable":true,"href":"https:\/\/fmp-components.com\/fi\/wp-json\/wp\/v2\/product_brand?post=7437"},{"taxonomy":"product_cat","embeddable":true,"href":"https:\/\/fmp-components.com\/fi\/wp-json\/wp\/v2\/product_cat?post=7437"},{"taxonomy":"product_tag","embeddable":true,"href":"https:\/\/fmp-components.com\/fi\/wp-json\/wp\/v2\/product_tag?post=7437"}],"curies":[{"name":"wp","href":"https:\/\/api.w.org\/{rel}","templated":true}]}}