{"id":7435,"date":"2025-03-26T05:47:29","date_gmt":"2025-03-26T05:47:29","guid":{"rendered":"https:\/\/fmp-components.com\/?post_type=product&#038;p=7435"},"modified":"2025-03-26T08:37:19","modified_gmt":"2025-03-26T08:37:19","slug":"plastic-double-spur-gear","status":"publish","type":"product","link":"https:\/\/fmp-components.com\/fi\/product\/plastic-double-spur-gear\/","title":{"rendered":"Muovinen kaksoishammaspy\u00f6r\u00e4"},"content":{"rendered":"<div>\n<h2>Korkealaatuiset muoviset kaksoishammaspy\u00f6r\u00e4t italialaiselle teollisuudelle<\/h2>\n<p class=\"break-words\">Muoviset kaksoishammaspy\u00f6r\u00e4t ovat olennaisia \u200b\u200bkomponentteja monenlaisissa koneissa teollisuuslaitteista kuluttajatuotteisiin. N\u00e4m\u00e4 kest\u00e4vyydest\u00e4\u00e4n, tarkkuudestaan \u200b\u200bja tehokkuudestaan \u200b\u200btunnetut hammaspy\u00f6r\u00e4t ovat ratkaisevassa roolissa sujuvan mekaanisen toiminnan varmistamisessa. FMP Companylla olemme erikoistuneet korkealaatuisten muovisten kaksoishammaspy\u00f6rien tuotantoon. <a href=\"https:\/\/fmp-components.com\/fi\/spur-gear-2\/\">Lieripy\u00f6r\u00e4t<\/a>, joka tarjoaa laajan valikoiman vakiomalleja ja r\u00e4\u00e4t\u00e4l\u00f6ityj\u00e4 ratkaisuja vastaamaan yritysten ainutlaatuisiin tarpeisiin kaikkialla Italiassa. Sijainnit olivatpa sitten Milanon vilkkaissa teollisuuskeskuksissa, Firenzen historiallisilla kaduilla, Venetsian kulttuurikeskittym\u00e4ss\u00e4 tai Bolognan innovatiivisissa keskuksissa, FMP on luotettava kumppanisi luotettavien ja tehokkaiden vaihderatkaisujen l\u00f6yt\u00e4miseen.<\/p>\n<h3>Mit\u00e4 ovat muoviset kaksoishammaspy\u00f6r\u00e4t?<\/h3>\n<p class=\"break-words\">Muoviset kaksoishammaspy\u00f6r\u00e4t ovat er\u00e4\u00e4nlainen vaihdej\u00e4rjestelm\u00e4, joka koostuu kahdesta rinnakkaisesta lieri\u00f6py\u00f6r\u00e4st\u00e4, jotka on asennettu yhdelle akselille. Ne on suunniteltu siirt\u00e4m\u00e4\u00e4n liikett\u00e4 ja voimaa rinnakkaisten akseleiden v\u00e4lill\u00e4, mik\u00e4 tarjoaa sujuvan ja tehokkaan v\u00e4\u00e4nt\u00f6momentin siirron. Korkealaatuisista muovimateriaaleista valmistetuilla rattailla on useita etuja perinteisiin metallirattaisiin verrattuna, kuten pienempi paino, korroosionkest\u00e4vyys ja hiljaisempi k\u00e4ynti\u00e4\u00e4ni. Monipuolisuuden ansiosta ne sopivat ihanteellisesti erilaisiin sovelluksiin, kuten autoj\u00e4rjestelmiin, robotiikkaan, l\u00e4\u00e4kinn\u00e4llisiin laitteisiin ja kodinkoneisiin.<\/p>\n<table style=\"border-collapse: collapse; width: 102.903%; height: 10px;\" border=\"0\" width=\"160\" cellspacing=\"0\" cellpadding=\"0\">\n<tbody>\n<tr style=\"height: 14.40pt;\">\n<td style=\"height: 10px; width: 48pt;\" align=\"right\" width=\"80\" height=\"24\"><img loading=\"lazy\" decoding=\"async\" class=\"size-full wp-image-7441 alignnone\" src=\"https:\/\/fmp-components.com\/wp-content\/uploads\/2025\/03\/Plastic-Double-Spur-Gear-6.webp\" alt=\"Muovinen kaksoishammaspy\u00f6r\u00e4\" width=\"1000\" height=\"1000\" title=\"\" srcset=\"https:\/\/fmp-components.com\/wp-content\/uploads\/2025\/03\/Plastic-Double-Spur-Gear-6.webp 1000w, https:\/\/fmp-components.com\/wp-content\/uploads\/2025\/03\/Plastic-Double-Spur-Gear-6-980x980.webp 980w, https:\/\/fmp-components.com\/wp-content\/uploads\/2025\/03\/Plastic-Double-Spur-Gear-6-480x480.webp 480w\" sizes=\"(min-width: 0px) and (max-width: 480px) 480px, (min-width: 481px) and (max-width: 980px) 980px, (min-width: 981px) 1000px, 100vw\" \/><\/td>\n<td style=\"width: 48pt; height: 10px;\" align=\"right\" width=\"80\"><img loading=\"lazy\" decoding=\"async\" class=\"size-full wp-image-7440 aligncenter\" src=\"https:\/\/fmp-components.com\/wp-content\/uploads\/2025\/03\/Plastic-Double-Spur-Gear-5.webp\" alt=\"Muovinen kaksoishammaspy\u00f6r\u00e4\" width=\"1000\" height=\"1000\" title=\"\" srcset=\"https:\/\/fmp-components.com\/wp-content\/uploads\/2025\/03\/Plastic-Double-Spur-Gear-5.webp 1000w, https:\/\/fmp-components.com\/wp-content\/uploads\/2025\/03\/Plastic-Double-Spur-Gear-5-980x980.webp 980w, https:\/\/fmp-components.com\/wp-content\/uploads\/2025\/03\/Plastic-Double-Spur-Gear-5-480x480.webp 480w\" sizes=\"(min-width: 0px) and (max-width: 480px) 480px, (min-width: 481px) and (max-width: 980px) 980px, (min-width: 981px) 1000px, 100vw\" \/><\/td>\n<\/tr>\n<\/tbody>\n<\/table>\n<div>\n<h3>FMP Company: Luotettu kumppanisi muovisten kaksoishammaspy\u00f6rien toimittamiseen<\/h3>\n<p class=\"break-words\">FMP Companylla olemme ylpeit\u00e4 siit\u00e4, ett\u00e4 olemme johtava muovisten kaksoishammaspy\u00f6rien valmistaja. Vuosien kokemuksella ja sitoutumisella innovaatioihin valmistamme vaihteita, jotka t\u00e4ytt\u00e4v\u00e4t korkeimmat laatu- ja suorituskykystandardit. Tuotevalikoimaamme kuuluu laaja valikoima vakiomallisia muovisia kaksoishammaspy\u00f6ri\u00e4, jotka on suunniteltu sopimaan saumattomasti olemassa oleviin koneisiisi. Jokainen vaihde on valmistettu tarkasti, mik\u00e4 varmistaa optimaalisen toimivuuden ja pitk\u00e4n k\u00e4ytt\u00f6i\u00e4n.<\/p>\n<p class=\"break-words\">Sitoutumisemme laatuun ulottuu vakiotarjontaamme pidemm\u00e4lle. Ymm\u00e4rr\u00e4mme, ett\u00e4 jokaisella yrityksell\u00e4 on ainutlaatuiset vaatimukset, mink\u00e4 vuoksi olemme erikoistuneet my\u00f6s r\u00e4\u00e4t\u00e4l\u00f6ityihin vaihderatkaisuihin. Tarvitsetpa sitten tietyn koon, materiaalin tai kokoonpanon, ammattitaitoisten insin\u00f6\u00f6riemme tiimi on valmis suunnittelemaan ja valmistamaan muovisia kaksoishammasrattaita r\u00e4\u00e4t\u00e4l\u00f6ityn\u00e4 tarkkojen eritelmiesi mukaisesti.<\/p>\n<h3>R\u00e4\u00e4t\u00e4l\u00f6ityj\u00e4 ratkaisuja ainutlaatuisiin tarpeisiisi<\/h3>\n<p class=\"break-words\">Yksi FMP Companyn valinnan t\u00e4rkeimmist\u00e4 eduista on kykymme ottaa vastaan \u200b\u200b\u200b\u200berikoistilauksia. Ymm\u00e4rr\u00e4mme, ett\u00e4 kaikkia koneita ei voida palvella valmiilla komponenteilla, etenk\u00e4\u00e4n erikoistuneilla teollisuudenaloilla. R\u00e4\u00e4t\u00e4l\u00f6idyt muoviset kaksoishammaspy\u00f6r\u00e4mme on suunniteltu vastaamaan laitteidesi tarkkoja tarpeita varmistaen maksimaalisen tehokkuuden ja suorituskyvyn.<\/p>\n<p class=\"break-words\">Valitsemalla FMP:n r\u00e4\u00e4t\u00e4l\u00f6idyt vaihteet hy\u00f6dyt seuraavista eduista:<\/p>\n<ul class=\"marker:text-secondary\">\n<li class=\"break-words\"><strong>R\u00e4\u00e4t\u00e4l\u00f6ity suunnittelu<\/strong>Vaihteet, jotka on suunniteltu sopimaan juuri sinun sovellukseesi.<\/li>\n<li class=\"break-words\"><strong>Korkean suorituskyvyn materiaalit<\/strong>Parhaiden muovimateriaalien valinta kest\u00e4vyyden ja lujuuden takaamiseksi.<\/li>\n<li class=\"break-words\"><strong>Tarkkuusvalmistus<\/strong>Huippuluokan tuotantotekniikat tarkkojen toleranssien saavuttamiseksi.<\/li>\n<li class=\"break-words\"><strong>Asiantuntijatuki<\/strong>Yhteisty\u00f6ss\u00e4 suunnittelutiimimme kanssa varmistamme, ett\u00e4 varusteesi t\u00e4ytt\u00e4v\u00e4t kaikki vaatimukset.<\/li>\n<\/ul>\n<p class=\"break-words\">Olitpa sitten Milanon autoteollisuudessa, Venetsian tuotantolaitoksissa, Firenzen tarkkuustekniikan ty\u00f6pajoissa tai Bolognan robotiikkateollisuudessa, FMP:n r\u00e4\u00e4t\u00e4l\u00f6idyt ratkaisut on suunniteltu parantamaan toimintaasi.<\/p>\n<table style=\"border-collapse: collapse; width: 99.25%; height: 28px;\" border=\"0\" width=\"160\" cellspacing=\"0\" cellpadding=\"0\">\n<tbody>\n<tr style=\"height: 14.40pt;\">\n<td style=\"height: 14px; width: 48pt;\" align=\"right\" width=\"80\" height=\"24\"><img loading=\"lazy\" decoding=\"async\" class=\"size-full wp-image-7442 aligncenter\" src=\"https:\/\/fmp-components.com\/wp-content\/uploads\/2025\/03\/Double-Plastic-Spur-Gear-Plastic-2.webp\" alt=\"Muovinen kaksoishammaspy\u00f6r\u00e4\" width=\"700\" height=\"525\" title=\"\" srcset=\"https:\/\/fmp-components.com\/wp-content\/uploads\/2025\/03\/Double-Plastic-Spur-Gear-Plastic-2.webp 700w, https:\/\/fmp-components.com\/wp-content\/uploads\/2025\/03\/Double-Plastic-Spur-Gear-Plastic-2-480x360.webp 480w\" sizes=\"(min-width: 0px) and (max-width: 480px) 480px, (min-width: 481px) 700px, 100vw\" \/><\/td>\n<td style=\"width: 48pt; height: 14px;\" align=\"right\" width=\"80\"><img loading=\"lazy\" decoding=\"async\" class=\"size-full wp-image-7439 aligncenter\" src=\"https:\/\/fmp-components.com\/wp-content\/uploads\/2025\/03\/Double-Plastic-Spur-Gear-Plastic-3.webp\" alt=\"Kaksinkertainen muovinen lieri\u00f6py\u00f6r\u00e4\" width=\"700\" height=\"525\" title=\"\" srcset=\"https:\/\/fmp-components.com\/wp-content\/uploads\/2025\/03\/Double-Plastic-Spur-Gear-Plastic-3.webp 700w, https:\/\/fmp-components.com\/wp-content\/uploads\/2025\/03\/Double-Plastic-Spur-Gear-Plastic-3-480x360.webp 480w\" sizes=\"(min-width: 0px) and (max-width: 480px) 480px, (min-width: 481px) 700px, 100vw\" \/><\/td>\n<\/tr>\n<tr style=\"height: 14.40pt;\">\n<td style=\"height: 14px;\" align=\"right\" height=\"24\"><img loading=\"lazy\" decoding=\"async\" class=\"size-full wp-image-7443 aligncenter\" src=\"https:\/\/fmp-components.com\/wp-content\/uploads\/2025\/03\/Double-Spur-Gear-Plastic-Manufacturers-Suppliers-1.webp\" alt=\"Kaksoishammaspy\u00f6r\u00e4isten muovisten vaihteiden valmistajat ja toimittajat\" width=\"960\" height=\"960\" title=\"\" srcset=\"https:\/\/fmp-components.com\/wp-content\/uploads\/2025\/03\/Double-Spur-Gear-Plastic-Manufacturers-Suppliers-1.webp 960w, https:\/\/fmp-components.com\/wp-content\/uploads\/2025\/03\/Double-Spur-Gear-Plastic-Manufacturers-Suppliers-1-480x480.webp 480w\" sizes=\"(min-width: 0px) and (max-width: 480px) 480px, (min-width: 481px) 960px, 100vw\" \/><\/td>\n<td style=\"height: 14px;\" align=\"right\"><img loading=\"lazy\" decoding=\"async\" class=\"size-full wp-image-7444 aligncenter\" src=\"https:\/\/fmp-components.com\/wp-content\/uploads\/2025\/03\/Double-Spur-Gear-Plastic-Manufacturers-Suppliers-2.webp\" alt=\"Kaksoishammaspy\u00f6r\u00e4isten muovisten vaihteiden valmistajat ja toimittajat\" width=\"960\" height=\"960\" title=\"\" srcset=\"https:\/\/fmp-components.com\/wp-content\/uploads\/2025\/03\/Double-Spur-Gear-Plastic-Manufacturers-Suppliers-2.webp 960w, https:\/\/fmp-components.com\/wp-content\/uploads\/2025\/03\/Double-Spur-Gear-Plastic-Manufacturers-Suppliers-2-480x480.webp 480w\" sizes=\"(min-width: 0px) and (max-width: 480px) 480px, (min-width: 481px) 960px, 100vw\" \/><\/td>\n<\/tr>\n<\/tbody>\n<\/table>\n<\/div>\n<div>\n<h3>Tiedustelut tervetulleita: Ota yhteytt\u00e4 listaamattomien mallien osalta<\/h3>\n<p class=\"break-words\">Vaikka tarjoamme laajan valikoiman muovisia kaksoishammaspy\u00f6ri\u00e4, ymm\u00e4rr\u00e4mme, ett\u00e4 jotkut yritykset saattavat tarvita tiettyj\u00e4 malleja, joita ei t\u00e4ll\u00e4 hetkell\u00e4 ole tuoteluettelossamme. Jos et l\u00f6yd\u00e4 juuri tarvitsemaasi vaihdetta, \u00e4l\u00e4 huoli \u2013 tiimimme on t\u00e4\u00e4ll\u00e4 auttaakseen. L\u00e4het\u00e4 meille vain s\u00e4hk\u00f6postia ja kerro kysymyksesi, niin yksi insin\u00f6\u00f6reist\u00e4mme vastaa 24 tunnin kuluessa keskustellakseen tarpeistasi ja tarjotakseen ratkaisun.<\/p>\n<p class=\"break-words\">FMP Companylla olemme sitoutuneet varmistamaan, ett\u00e4 jokainen asiakas l\u00f6yt\u00e4\u00e4 oikean laitteen k\u00e4ytt\u00f6tarkoitukseensa. Nopea reagointiaikamme ja yksil\u00f6llinen palvelumme tekev\u00e4t tarvitsemiesi komponenttien hankkimisesta helppoa, vaikka niit\u00e4 ei viel\u00e4 olisikaan verkkosivuillamme.<\/p>\n<\/div>\n<\/div>","protected":false},"excerpt":{"rendered":"<p>High-Quality Plastic Double Spur Gears for Italian Industries Plastic Double Spur Gears are essential components in a wide range of machinery, from industrial equipment to consumer products. These gears, known for their durability, precision, and efficiency, play a critical role in ensuring smooth mechanical operations. At FMP Company, we specialize in the production of high-quality [&hellip;]<\/p>","protected":false},"featured_media":7436,"comment_status":"open","ping_status":"closed","template":"","meta":{"_et_pb_use_builder":"","_et_pb_old_content":"","_et_gb_content_width":""},"product_brand":[],"product_cat":[109],"product_tag":[],"class_list":{"0":"post-7435","1":"product","2":"type-product","3":"status-publish","4":"has-post-thumbnail","6":"product_cat-spur-gear","8":"first","9":"instock","10":"shipping-taxable","11":"product-type-simple"},"_links":{"self":[{"href":"https:\/\/fmp-components.com\/fi\/wp-json\/wp\/v2\/product\/7435","targetHints":{"allow":["GET"]}}],"collection":[{"href":"https:\/\/fmp-components.com\/fi\/wp-json\/wp\/v2\/product"}],"about":[{"href":"https:\/\/fmp-components.com\/fi\/wp-json\/wp\/v2\/types\/product"}],"replies":[{"embeddable":true,"href":"https:\/\/fmp-components.com\/fi\/wp-json\/wp\/v2\/comments?post=7435"}],"wp:featuredmedia":[{"embeddable":true,"href":"https:\/\/fmp-components.com\/fi\/wp-json\/wp\/v2\/media\/7436"}],"wp:attachment":[{"href":"https:\/\/fmp-components.com\/fi\/wp-json\/wp\/v2\/media?parent=7435"}],"wp:term":[{"taxonomy":"product_brand","embeddable":true,"href":"https:\/\/fmp-components.com\/fi\/wp-json\/wp\/v2\/product_brand?post=7435"},{"taxonomy":"product_cat","embeddable":true,"href":"https:\/\/fmp-components.com\/fi\/wp-json\/wp\/v2\/product_cat?post=7435"},{"taxonomy":"product_tag","embeddable":true,"href":"https:\/\/fmp-components.com\/fi\/wp-json\/wp\/v2\/product_tag?post=7435"}],"curies":[{"name":"wp","href":"https:\/\/api.w.org\/{rel}","templated":true}]}}