{"id":7423,"date":"2025-03-26T04:00:13","date_gmt":"2025-03-26T04:00:13","guid":{"rendered":"https:\/\/fmp-components.com\/?post_type=product&#038;p=7423"},"modified":"2025-03-26T08:37:09","modified_gmt":"2025-03-26T08:37:09","slug":"double-spur-gear","status":"publish","type":"product","link":"https:\/\/fmp-components.com\/fi\/product\/double-spur-gear\/","title":{"rendered":"Tuplahammaspy\u00f6r\u00e4"},"content":{"rendered":"<h2>Kaksoishammaspy\u00f6r\u00e4t: FMP Companyn suunnittelemaa huippuosaamista Italiaan ja muualle<\/h2>\n<p class=\"break-words\">Italialaisena johtavana kaksoishammaspy\u00f6r\u00e4valmistajana FMP Company on ylpe\u00e4 voidessaan toimittaa korkealaatuisia vaihderatkaisuja eri teollisuudenaloille maailmanlaajuisesti, mukaan lukien t\u00e4rkeimm\u00e4t Italian markkinat, kuten Milano, Venetsia, Firenze ja Bologna. Olemme erikoistuneet laajaan valikoimaan kaksoishammaspy\u00f6ri\u00e4 \u2013 mukaan lukien muoviset kaksoishammaspy\u00f6r\u00e4t. <a href=\"https:\/\/fmp-components.com\/fi\/spur-gear-2\/\">Lieripy\u00f6r\u00e4t<\/a>\u2014Yhdist\u00e4v\u00e4t tarkkuustekniikan r\u00e4\u00e4t\u00e4l\u00f6intimahdollisuuksiin vastataksemme ainutlaatuisiin tarpeisiisi.<\/p>\n<p><img loading=\"lazy\" decoding=\"async\" class=\"size-full wp-image-7434 aligncenter\" src=\"https:\/\/fmp-components.com\/wp-content\/uploads\/2025\/03\/double-spur-gear.webp\" alt=\"kaksoishammaspy\u00f6r\u00e4\" width=\"1024\" height=\"862\" title=\"\" srcset=\"https:\/\/fmp-components.com\/wp-content\/uploads\/2025\/03\/double-spur-gear.webp 1024w, https:\/\/fmp-components.com\/wp-content\/uploads\/2025\/03\/double-spur-gear-980x825.webp 980w, https:\/\/fmp-components.com\/wp-content\/uploads\/2025\/03\/double-spur-gear-480x404.webp 480w\" sizes=\"(min-width: 0px) and (max-width: 480px) 480px, (min-width: 481px) and (max-width: 980px) 980px, (min-width: 981px) 1024px, 100vw\" \/><\/p>\n<h2>Mit\u00e4 ovat kaksoishammaspy\u00f6r\u00e4t?<\/h2>\n<p class=\"break-words\">Kaksoishammaspy\u00f6r\u00e4t, joita usein kutsutaan suoriksi hammaspy\u00f6riksi, ovat yksinkertaisin ja laajimmin tunnettu hammaspy\u00f6r\u00e4tyyppi. Ne on suunniteltu siirt\u00e4m\u00e4\u00e4n liikett\u00e4 ja voimaa kahden rinnakkaisen akselin v\u00e4lill\u00e4, ja niiss\u00e4 on saumattomasti toisiinsa kytkeytyv\u00e4t suorat hampaat. Kun kaksi kaksoishammaspy\u00f6r\u00e4\u00e4 kytkeytyy toisiinsa, useampihampaista hammaspy\u00f6r\u00e4\u00e4 kutsutaan \"rattaaksi\", kun taas v\u00e4hemm\u00e4n hampaita sis\u00e4lt\u00e4v\u00e4\u00e4 hammaspy\u00f6r\u00e4\u00e4 kutsutaan \"vetopy\u00f6r\u00e4ksi\".<\/p>\n<p class=\"break-words\">Vaikka niiden yksinkertainen rakenne tekee niist\u00e4 helposti visualisoitavia ja toteutettavia, kaksoislievityshammaspy\u00f6rill\u00e4 on huomattava haittapuoli: ne voivat aiheuttaa melua hampaiden t\u00f6rm\u00e4yksen vuoksi kytkenn\u00e4n aikana. T\u00e4st\u00e4 huolimatta niiden tehokkuus ja monipuolisuus tekev\u00e4t niist\u00e4 perusratkaisun mekaanisissa j\u00e4rjestelmiss\u00e4 eri teollisuudenaloilla.<\/p>\n<p class=\"break-words\">FMP Companylla valmistamme kansainv\u00e4listen standardien mukaisia \u200b\u200bkaksoislievityshammaspy\u00f6ri\u00e4, joissa yleinen kokoyksikk\u00f6 on \"moduuli\" (ISO-ohjeiden mukaisesti) ja tyypillinen puristuskulma 20 astetta. Vaihteistamme on usein evolventtinen hammasprofiili, jota k\u00e4ytet\u00e4\u00e4n laajalti kaupallisissa koneissa optimaalisen suorituskyvyn saavuttamiseksi.<\/p>\n<div>\n<h3>Kaksoishammaspy\u00f6rien t\u00e4rkeimm\u00e4t toiminnot<\/h3>\n<p class=\"break-words\">Kaksoishammaspy\u00f6r\u00e4t ovat olennainen osa mekaanisia j\u00e4rjestelmi\u00e4 ja tarjoavat useita kriittisi\u00e4 toimintoja:<\/p>\n<ul class=\"marker:text-secondary\">\n<li class=\"break-words\"><strong>Nopeuden s\u00e4\u00e4t\u00f6:<\/strong> Ne mahdollistavat vaihteiden alennusvaihteen k\u00e4yt\u00f6n nopeuden pienent\u00e4miseksi ja v\u00e4\u00e4nt\u00f6momentin lis\u00e4\u00e4miseksi tai p\u00e4invastoin nopeuden lis\u00e4\u00e4miseksi tietyiss\u00e4 sovelluksissa.<\/li>\n<li class=\"break-words\"><strong>Voimanvahvistus:<\/strong> Pieni, nopeasti py\u00f6riv\u00e4 moottori yhdess\u00e4 alennusvaihteen kanssa voi tuottaa huomattavan v\u00e4\u00e4nt\u00f6momentin, mik\u00e4 tekee kaksoislievitysvaihteista ihanteellisia moottoroituihin laitteisiin.<\/li>\n<li class=\"break-words\"><strong>Suunnanmuutos:<\/strong> Kun kaksi hammaspy\u00f6r\u00e4\u00e4 on kytketty toisiinsa, toinen py\u00f6rii vastakkaiseen suuntaan. Erikoismallit, kuten tasauspy\u00f6r\u00e4st\u00f6jen kartiopy\u00f6r\u00e4t, voivat ohjata voimaa kulmien (esim. 90 asteen) kautta.<\/li>\n<\/ul>\n<p class=\"break-words\">N\u00e4m\u00e4 ominaisuudet tekev\u00e4t kaksoislievitysvaihteista v\u00e4ltt\u00e4m\u00e4tt\u00f6mi\u00e4 monissa sovelluksissa teollisuuskoneista kuluttajalaitteisiin.<\/p>\n<div>\n<h3>Kaksoishammaspy\u00f6rien monipuoliset k\u00e4ytt\u00f6kohteet<\/h3>\n<p class=\"break-words\">FMP:n kaksoishammaspy\u00f6r\u00e4vaihteita k\u00e4ytet\u00e4\u00e4n monilla eri teollisuudenaloilla, mukaan lukien:<\/p>\n<ul class=\"marker:text-secondary\">\n<li class=\"break-words\">Maatalouskoneet<\/li>\n<li class=\"break-words\">Insin\u00f6\u00f6ri- ja rakennuslaitteet<\/li>\n<li class=\"break-words\">Tehdasautomaatio ja teollisuusrobotit<\/li>\n<li class=\"break-words\">Pakkaus- ja elintarvikkeiden jalostuskoneet<\/li>\n<li class=\"break-words\">Autoteollisuus ja ty\u00f6st\u00f6koneteollisuus<\/li>\n<li class=\"break-words\">Materiaalink\u00e4sittely- ja painokoneet<\/li>\n<li class=\"break-words\">L\u00e4\u00e4ketieteelliset, kosmetiikka- ja puun-\/lasinjalostuslaitteet<\/li>\n<li class=\"break-words\">\u00d6ljyn, sokerin, l\u00e4mp\u00f6voiman ja muiden tuotteiden tuotanto<\/li>\n<\/ul>\n<p class=\"break-words\">Firenzen k\u00e4sity\u00f6pajoista Milanon teollisuuskeskuksiin, laitteemme tuottavat tasaisia \u200b\u200bja tehokkaita tuloksia.<\/p>\n<h3>Tuotteen tekniset tiedot<\/h3>\n<p class=\"break-words\">Kaksoishammaspy\u00f6r\u00e4mme ovat saatavilla useista materiaaleista ja kokoonpanoista:<\/p>\n<ul class=\"marker:text-secondary\">\n<li class=\"break-words\"><strong>Materiaalit:<\/strong> C45 (1045), A3 (v\u00e4h\u00e4hiilinen ter\u00e4s), 40Cr, 20CrMnTi, 42CrMo, valurauta, pallografiittivalurauta, kupari, ruostumaton ter\u00e4s ja muovit.<\/li>\n<li class=\"break-words\"><strong>L\u00e4mp\u00f6k\u00e4sittely:<\/strong> Korkeataajuinen sammutus, hiiletys, kuulapuhallus, sammutus ja p\u00e4\u00e4st\u00f6, nitraus.<\/li>\n<li class=\"break-words\"><strong>Pintak\u00e4sittely:<\/strong> Mustaus, galvanointi, kromaus, sinkitys, hiekkapuhallus, pulverimaalaus ja paljon muuta.<\/li>\n<li class=\"break-words\"><strong>Suorituskyky:<\/strong> Korkea tarkkuus, kulutuskest\u00e4vyys, lujuus, alhainen melutaso ja sujuva toiminta.<\/li>\n<li class=\"break-words\"><strong>Standardit:<\/strong> ANSI-, DIN-, JIS- ja ei-standardivaihtoehdot.<\/li>\n<\/ul>\n<\/div>\n<div>\n<h2>FMP-yrityksen valmistusosaaminen<\/h2>\n<p class=\"break-words\">FMP Companylla k\u00e4yt\u00e4mme huippuluokan tekniikoita valmistaaksemme r\u00e4\u00e4t\u00e4l\u00f6ityj\u00e4 kaksoishammaspy\u00f6ri\u00e4 tarpeidesi mukaan. Ensisijainen menetelm\u00e4mme on hammaspy\u00f6rien leikkaus, jossa k\u00e4yt\u00e4mme edistyneit\u00e4 ty\u00f6kaluja, kuten hammaspy\u00f6rien jyrsint\u00e4koneita ja CNC-koneistusta. Sovelluksiin, joissa \u00e4\u00e4rimm\u00e4inen tarkkuus tai kovuus ei ole kriittist\u00e4, prosessiimme kuuluu:<\/p>\n<ol class=\"marker:text-secondary\">\n<li class=\"break-words\">Py\u00f6re\u00e4n tangon materiaalin leikkaaminen<\/li>\n<li class=\"break-words\">Aihioiden sorvaaminen sorvilla<\/li>\n<li class=\"break-words\">Hampaiden jyrsint\u00e4<\/li>\n<li class=\"break-words\">J\u00e4ysteenpoisto sile\u00e4n pinnan saavuttamiseksi<\/li>\n<li class=\"break-words\">Lis\u00e4\u00e4 tarvittaessa kiinnitysruuvien reiki\u00e4 tai kiilauria<\/li>\n<\/ol>\n<p class=\"break-words\">Koneistusmahdollisuutemme ulottuvat leikkauksen lis\u00e4ksi CNC-koneistukseen, uranmuodostukseen, kierteiden valssaukseen, keski\u00f6tt\u00f6m\u00e4\u00e4n hiontaan, avarrukseen, poraukseen, jyrsint\u00e4\u00e4n, sorvaukseen, avennukseen, kierteitykseen ja lankakipin\u00e4ty\u00f6st\u00f6\u00f6n.<\/p>\n<p class=\"break-words\">Kest\u00e4vyyden parantamiseksi kaksoislievityshammaspy\u00f6r\u00e4mme k\u00e4yv\u00e4t l\u00e4pi integroidun sammutuksen ja p\u00e4\u00e4st\u00f6n, mik\u00e4 varmistaa suuren lujuuden ja muodonmuutoksen kest\u00e4vyyden raskaissa kuormissa. Lis\u00e4ksi suurtaajuussammutus parantaa hampaiden kovuutta ja kulutuskest\u00e4vyytt\u00e4, mik\u00e4 takaa pitk\u00e4ik\u00e4isen suorituskyvyn.<\/p>\n<div>\n<h2>Mukauttaminen: R\u00e4\u00e4t\u00e4l\u00f6idyt kaksoishammaspy\u00f6r\u00e4t tarpeisiisi<\/h2>\n<p class=\"break-words\">FMP-yritys on erinomainen suunnittelussa ja valmistuksessa <strong>mukautetut kaksoishammaspy\u00f6r\u00e4t<\/strong>, mukaan lukien <strong>muoviset kaksoispy\u00f6r\u00e4iset hammaspy\u00f6r\u00e4t<\/strong>, vastaamaan spesifikaatioitasi. Tarvitsetpa sitten tietyn moduulin, puristuskulman, hammasm\u00e4\u00e4r\u00e4n tai materiaalin, insin\u00f6\u00f6rimme ovat valmiita toimittamaan sen.<\/p>\n<p class=\"break-words\">Jos et l\u00f6yd\u00e4 tarvitsemaasi mallia tuoteluettelostamme, \u00e4l\u00e4 huoli \u2013 luettelomme laajenee jatkuvasti, ja joitakin tuotteita ei v\u00e4ltt\u00e4m\u00e4tt\u00e4 ole viel\u00e4 listattu. L\u00e4het\u00e4 meille s\u00e4hk\u00f6postia osoitteeseen <a href=\"mailto:info@fmpcomponents.it\">info@fmpcomponents.it<\/a>\u00a0vaatimuksiasi, ja tiimimme vastaa sinulle kuluessa <strong>24 tuntia<\/strong> r\u00e4\u00e4t\u00e4l\u00f6idyll\u00e4 ratkaisulla. Milanosta Bolognaan, olemme sitoutuneet vastaamaan italialaisten yritysten tarpeisiin tarkasti ja nopeasti.<\/p>\n<div>\n<h2>Kest\u00e4v\u00e4t kaksoishammaspy\u00f6r\u00e4t vaativiin sovelluksiin<\/h2>\n<p class=\"break-words\">FMP Company valmistaa kest\u00e4vi\u00e4 ratkaisuja vaativille teollisuudenaloille raskaita kaksoishammaspy\u00f6ri\u00e4, jotka on suunniteltu kest\u00e4m\u00e4\u00e4n vaativia olosuhteita. N\u00e4m\u00e4 vaihteet valmistetaan koneella leikkaamalla, liekkileikkaamalla tai laserleikkaamalla (ohuemmille materiaaleille), mik\u00e4 tasapainottaa kustannustehokkuuden ja tarkkuuden. Yleisi\u00e4 k\u00e4ytt\u00f6kohteita ovat:<\/p>\n<ul class=\"marker:text-secondary\">\n<li class=\"break-words\">Kaivostoiminta ja louhinta<\/li>\n<li class=\"break-words\">Rakentaminen<\/li>\n<li class=\"break-words\">Meri- ja offshore-toiminnot<\/li>\n<li class=\"break-words\">J\u00e4te- ja kierr\u00e4tysj\u00e4rjestelm\u00e4t<\/li>\n<li class=\"break-words\">Vedenk\u00e4sittelylaitokset<\/li>\n<\/ul>\n<p class=\"break-words\">Kest\u00e4v\u00e4t vaihteistomme takaavat ongelmattoman asennuksen ja poikkeuksellisen pitk\u00e4n k\u00e4ytt\u00f6i\u00e4n, mik\u00e4 tekee niist\u00e4 luotettavan valinnan yrityksille kaikkialla Italiassa.<\/p>\n<\/div>\n<\/div>\n<\/div>\n<\/div>","protected":false},"excerpt":{"rendered":"<p>Double Spur Gears: Engineered Excellence by FMP Company for Italy and Beyond As a leading Double Spur Gear manufacturer based in Italy, FMP Company is proud to deliver high-quality gear solutions to industries worldwide, including key Italian markets such as Milan, Venice, Florence, and Bologna. Specializing in a wide range of Double Spur Gears\u2014including plastic [&hellip;]<\/p>","protected":false},"featured_media":7433,"comment_status":"open","ping_status":"closed","template":"","meta":{"_et_pb_use_builder":"","_et_pb_old_content":"","_et_gb_content_width":""},"product_brand":[],"product_cat":[109],"product_tag":[],"class_list":{"0":"post-7423","1":"product","2":"type-product","3":"status-publish","4":"has-post-thumbnail","6":"product_cat-spur-gear","8":"first","9":"instock","10":"shipping-taxable","11":"product-type-simple"},"_links":{"self":[{"href":"https:\/\/fmp-components.com\/fi\/wp-json\/wp\/v2\/product\/7423","targetHints":{"allow":["GET"]}}],"collection":[{"href":"https:\/\/fmp-components.com\/fi\/wp-json\/wp\/v2\/product"}],"about":[{"href":"https:\/\/fmp-components.com\/fi\/wp-json\/wp\/v2\/types\/product"}],"replies":[{"embeddable":true,"href":"https:\/\/fmp-components.com\/fi\/wp-json\/wp\/v2\/comments?post=7423"}],"wp:featuredmedia":[{"embeddable":true,"href":"https:\/\/fmp-components.com\/fi\/wp-json\/wp\/v2\/media\/7433"}],"wp:attachment":[{"href":"https:\/\/fmp-components.com\/fi\/wp-json\/wp\/v2\/media?parent=7423"}],"wp:term":[{"taxonomy":"product_brand","embeddable":true,"href":"https:\/\/fmp-components.com\/fi\/wp-json\/wp\/v2\/product_brand?post=7423"},{"taxonomy":"product_cat","embeddable":true,"href":"https:\/\/fmp-components.com\/fi\/wp-json\/wp\/v2\/product_cat?post=7423"},{"taxonomy":"product_tag","embeddable":true,"href":"https:\/\/fmp-components.com\/fi\/wp-json\/wp\/v2\/product_tag?post=7423"}],"curies":[{"name":"wp","href":"https:\/\/api.w.org\/{rel}","templated":true}]}}