{"id":7404,"date":"2025-03-25T07:23:21","date_gmt":"2025-03-25T07:23:21","guid":{"rendered":"https:\/\/fmp-components.com\/?post_type=product&#038;p=7404"},"modified":"2025-03-26T08:39:36","modified_gmt":"2025-03-26T08:39:36","slug":"medical-stainless-spur-gear","status":"publish","type":"product","link":"https:\/\/fmp-components.com\/fi\/product\/medical-stainless-spur-gear\/","title":{"rendered":"L\u00e4\u00e4ketieteellinen ruostumattomasta ter\u00e4ksest\u00e4 valmistettu hammaspy\u00f6r\u00e4"},"content":{"rendered":"<div>\n<h3>Ruostumattomasta ter\u00e4ksest\u00e4 valmistetut hammaspy\u00f6r\u00e4t l\u00e4\u00e4ketieteellisiss\u00e4 sovelluksissa<\/h3>\n<p class=\"break-words\">Tarkkuustekniikassa ruostumattomasta ter\u00e4ksest\u00e4 valmistetut hammaspy\u00f6r\u00e4t ovat t\u00e4rke\u00e4 osa eri teollisuudenaloja, erityisesti l\u00e4\u00e4ketieteen alalla. FMP:ll\u00e4 olemme erikoistuneet valmistamaan korkealaatuisia ruostumattomasta ter\u00e4ksest\u00e4 valmistettuja hammaspy\u00f6ri\u00e4, jotka on r\u00e4\u00e4t\u00e4l\u00f6ity vastaamaan l\u00e4\u00e4ketieteellisten laitteiden tiukkoja vaatimuksia. Olitpa sitten Milanossa, Venetsiassa, Firenzess\u00e4, Bolognassa tai miss\u00e4 tahansa muualla Italiassa, asiantuntemuksemme varmistaa, ett\u00e4 kest\u00e4vyyden ja luotettavuuden tarpeesi t\u00e4yttyv\u00e4t. <a href=\"https:\/\/fmp-components.com\/fi\/spur-gear-2\/\">lieri\u00f6py\u00f6r\u00e4t<\/a> kohtaavat erinomaisuutta.<\/p>\n<table style=\"border-collapse: collapse; width: 98.7077%; height: 14px;\" border=\"0\" width=\"162\" cellspacing=\"0\" cellpadding=\"0\">\n<tbody>\n<tr style=\"height: 14.40pt;\">\n<td style=\"height: 14px; width: 49.8728%;\" align=\"right\" width=\"81\" height=\"24\"><img loading=\"lazy\" decoding=\"async\" class=\"size-full wp-image-7414 aligncenter\" src=\"https:\/\/fmp-components.com\/wp-content\/uploads\/2025\/03\/Stainless-steel-Spur-Gear-1.webp\" alt=\"Ruostumattomasta ter\u00e4ksest\u00e4 valmistettu lieri\u00f6py\u00f6r\u00e4\" width=\"250\" height=\"250\" title=\"\" srcset=\"https:\/\/fmp-components.com\/wp-content\/uploads\/2025\/03\/Stainless-steel-Spur-Gear-1.webp 250w, https:\/\/fmp-components.com\/wp-content\/uploads\/2025\/03\/Stainless-steel-Spur-Gear-1-150x150.webp 150w, https:\/\/fmp-components.com\/wp-content\/uploads\/2025\/03\/Stainless-steel-Spur-Gear-1-12x12.webp 12w, https:\/\/fmp-components.com\/wp-content\/uploads\/2025\/03\/Stainless-steel-Spur-Gear-1-100x100.webp 100w\" sizes=\"(max-width: 250px) 100vw, 250px\" \/><\/td>\n<td style=\"width: 49.8728%; height: 14px;\" align=\"right\" width=\"81\"><img loading=\"lazy\" decoding=\"async\" class=\"size-full wp-image-7413 aligncenter\" src=\"https:\/\/fmp-components.com\/wp-content\/uploads\/2025\/03\/Stainless-steel-Spur-Gear-2.webp\" alt=\"Ruostumattomasta ter\u00e4ksest\u00e4 valmistettu lieri\u00f6py\u00f6r\u00e4\" width=\"300\" height=\"300\" title=\"\" srcset=\"https:\/\/fmp-components.com\/wp-content\/uploads\/2025\/03\/Stainless-steel-Spur-Gear-2.webp 300w, https:\/\/fmp-components.com\/wp-content\/uploads\/2025\/03\/Stainless-steel-Spur-Gear-2-150x150.webp 150w, https:\/\/fmp-components.com\/wp-content\/uploads\/2025\/03\/Stainless-steel-Spur-Gear-2-12x12.webp 12w, https:\/\/fmp-components.com\/wp-content\/uploads\/2025\/03\/Stainless-steel-Spur-Gear-2-100x100.webp 100w\" sizes=\"(max-width: 300px) 100vw, 300px\" \/><\/td>\n<\/tr>\n<\/tbody>\n<\/table>\n<h2>Mit\u00e4 ovat ruostumattomasta ter\u00e4ksest\u00e4 valmistetut hammaspy\u00f6r\u00e4t?<\/h2>\n<p class=\"break-words\">Lieri\u00f6hammaspy\u00f6r\u00e4t ovat yksinkertaisin ja kustannustehokkain tarkkuushammaspy\u00f6r\u00e4tyyppi, jossa on suorat hampaat, jotka ovat yhdensuuntaiset hammaspy\u00f6r\u00e4n py\u00f6rimisakselin kanssa. N\u00e4m\u00e4 hammaspy\u00f6r\u00e4t siirt\u00e4v\u00e4t tehokkaasti liikett\u00e4 ja voimaa yhdensuuntaisten, vastakkaisiin suuntiin py\u00f6rivien akseleiden v\u00e4lill\u00e4. Ruostumaton ter\u00e4s korroosionkest\u00e4vyytens\u00e4 ja kest\u00e4vyytens\u00e4 ansiosta tekee n\u00e4ist\u00e4 hammaspy\u00f6rist\u00e4 ihanteellisen valinnan sovelluksiin, jotka vaativat hygieniaa ja pitk\u00e4ik\u00e4isyytt\u00e4 \u2013 keskeisi\u00e4 ominaisuuksia l\u00e4\u00e4ketieteen alalla.<\/p>\n<p class=\"break-words\">FMP:ll\u00e4 tarjoamme lieri\u00f6hammaspy\u00f6ri\u00e4, jotka t\u00e4ytt\u00e4v\u00e4t ja ylitt\u00e4v\u00e4t AGMA:n (American Gear Manufacturers Association) laatustandardit. Ruostumattomasta ter\u00e4ksest\u00e4 valmistetuille lieri\u00f6hammaspy\u00f6rillemme on saatavilla mukautettavia vaihtoehtoja, kuten 14,5\u00b0 tai 20\u00b0 puristuskulmat, erilaiset sylinterin koot ja nousuhalkaisijat 4 DP:st\u00e4 96 DP:hen.<\/p>\n<\/div>\n<h2>Tekniset tiedot<\/h2>\n<p>Mitat: \u03a63mm - \u03a6120mm<br \/>\nModuuli: M0.25<br \/>\nMateriaalityyppi: Ruostumaton ter\u00e4s, asiakkaan vaatimusten mukaisesti<\/p>\n<div class=\"table-responsive\">\n<table class=\"table\" style=\"width: 101.186%; height: 344px;\" border=\"1\">\n<tbody>\n<tr>\n<td colspan=\"2\">L\u00e4\u00e4ketieteellinen ruostumaton ter\u00e4s hammaspy\u00f6r\u00e4<\/td>\n<\/tr>\n<tr>\n<td>Ulottuvuus<\/td>\n<td>\u03a65mm<\/td>\n<\/tr>\n<tr>\n<td>Moduuli<\/td>\n<td>M0.15, M0.2, M0.25-M0.8, M0.8<br \/>\nM1.0<\/td>\n<\/tr>\n<tr>\n<td>Materiaalityyppi<\/td>\n<td>Ruostumaton ter\u00e4s<\/td>\n<\/tr>\n<tr>\n<td>Verkkoluokka<\/td>\n<td>ISO 6, JGMA 1, JIS 6, AGMA 13, DIN 6, Din5, AGMA12<\/td>\n<\/tr>\n<tr>\n<td>Hakemus<\/td>\n<td>Autoteollisuus, sotilasajoneuvot, lentokoneet, mekaaninen<\/td>\n<\/tr>\n<tr>\n<td>R\u00e4\u00e4t\u00e4l\u00f6ity<\/td>\n<td>ODM\/OEM<\/td>\n<\/tr>\n<tr>\n<td>N\u00e4yte<\/td>\n<td>N\u00e4yte saatavilla<\/td>\n<\/tr>\n<tr>\n<td>Pakkaustavat<\/td>\n<td>Tyhji\u00f6pakattu muovitarjottimella<\/td>\n<\/tr>\n<tr>\n<td>Toimitustavat<\/td>\n<td>DHL UPS<\/td>\n<\/tr>\n<tr>\n<td>Todistus<\/td>\n<td>ISO 9001: 2008\/TS16949<\/td>\n<\/tr>\n<\/tbody>\n<\/table>\n<div>\n<h3>Ruostumattomasta ter\u00e4ksest\u00e4 valmistettujen hammaspy\u00f6rien sovellukset l\u00e4\u00e4ketieteellisiss\u00e4 laitteissa<\/h3>\n<p class=\"break-words\">L\u00e4\u00e4ketieteen teollisuudessa tarkkuus, luotettavuus ja puhtaus ovat ehdottomia vaatimuksia. Ruostumattomasta ter\u00e4ksest\u00e4 valmistetuilla lieri\u00f6hammaspy\u00f6rill\u00e4 on ratkaiseva rooli esimerkiksi seuraavissa laitteissa:<\/p>\n<ul class=\"marker:text-secondary\">\n<li class=\"break-words\"><strong>Sentrifugit<\/strong>N\u00e4it\u00e4 koneita k\u00e4ytet\u00e4\u00e4n Milanon ja Bolognan laboratorioissa nesteiden erottamiseen, ja ne perustuvat lieri\u00f6hammaspy\u00f6riin tasaisen py\u00f6rimistehon takaamiseksi.<\/li>\n<li class=\"break-words\"><strong>L\u00e4\u00e4ketieteelliset pumput<\/strong>Infuusiopumpuista dialyysilaitteisiin, ruostumattomasta ter\u00e4ksest\u00e4 valmistetut lieri\u00f6py\u00f6r\u00e4t varmistavat sujuvan ja tarkan nesteen annostelun, mik\u00e4 on v\u00e4ltt\u00e4m\u00e4t\u00f6nt\u00e4 Venetsian ja Firenzen sairaaloissa.<\/li>\n<li class=\"break-words\"><strong>Kirurgiset ty\u00f6kalut<\/strong>Tarkkuusinstrumentit, kuten robottikirurgiset j\u00e4rjestelm\u00e4t, ovat riippuvaisia \u200b\u200bruostumattomasta ter\u00e4ksest\u00e4 valmistettujen vaihteiden kest\u00e4vyydest\u00e4 ja korroosionkest\u00e4vyydest\u00e4 moitteettoman suorituskyvyn varmistamiseksi.<\/li>\n<li class=\"break-words\"><strong>Tunkit ja nostolaitteet<\/strong>Kuntoutuslaitteissa tai leikkausp\u00f6ydiss\u00e4 lieri\u00f6py\u00f6r\u00e4t tarjoavat mekaanisen edun, jota tarvitaan potilaiden turvalliseen k\u00e4sittelyyn.<\/li>\n<\/ul>\n<p class=\"break-words\">Ruostumattoman ter\u00e4ksen luontaiset ominaisuudet \u2013 ruosteenkest\u00e4vyys, helppo sterilointi ja lujuus \u2013 tekev\u00e4t siit\u00e4 ensisijaisen materiaalin n\u00e4ihin sovelluksiin ja varmistavat tiukkojen l\u00e4\u00e4ketieteellisten standardien noudattamisen.<\/p>\n<div>\n<h4>FMP: Luotettu kumppanisi ruostumattomasta ter\u00e4ksest\u00e4 valmistettujen lieri\u00f6hammaspy\u00f6rien toimittamiseen Italiassa<\/h4>\n<p class=\"break-words\">FMP:ll\u00e4 olemme ylpeit\u00e4 siit\u00e4, ett\u00e4 olemme johtava ruostumattomasta ter\u00e4ksest\u00e4 valmistettujen hammaspy\u00f6rien valmistaja, joka palvelee laitevalmistajia, jakelijoita ja tarkkuuskonemarkkinoita. Vuosien kokemuksella valmistamme laajan valikoiman hammaspy\u00f6ri\u00e4 eri materiaaleista, kuten ter\u00e4ksest\u00e4, ruostumattomasta ter\u00e4ksest\u00e4, alumiinista ja messingist\u00e4. Tarjontamme sis\u00e4lt\u00e4\u00e4:<\/p>\n<ul class=\"marker:text-secondary\">\n<li class=\"break-words\"><strong>Vakiohammaspy\u00f6r\u00e4t<\/strong>Saatavilla navoilla, sylinterin halkaisija alkaen 0,437 tuumaa ja mukautettavilla jakov\u00e4lin halkaisijoilla.<\/li>\n<li class=\"break-words\"><strong>Mukautetut lieri\u00f6py\u00f6r\u00e4t<\/strong>R\u00e4\u00e4t\u00e4l\u00f6ity erityistarpeisiisi, olipa kyseess\u00e4 sitten ainutlaatuinen hammasluku, puristuskulma tai materiaali.<\/li>\n<\/ul>\n<p class=\"break-words\">Ymm\u00e4rr\u00e4mme, ett\u00e4 jokainen projekti on ainutlaatuinen. Siksi tarjoamme r\u00e4\u00e4t\u00e4l\u00f6ityj\u00e4 hammaspy\u00f6rien valmistusta asiakkaille kaikkialla Italiassa, Milanon vilkkaista teollisuuskeskuksista Venetsian innovatiivisiin teknologiakeskuksiin. Tarvitsetpa sitten lieri\u00f6hammaspy\u00f6ri\u00e4, kartiohammaspy\u00f6ri\u00e4, vinohammaspy\u00f6ri\u00e4 tai jopa hammaspy\u00f6r\u00e4aihioita, insin\u00f6\u00f6rimme ovat valmiita toimittamaan tarkasti valmistettuja ratkaisuja.<\/p>\n<h4>Eik\u00f6 mallia l\u00f6ydy? Ota yhteytt\u00e4!<\/h4>\n<p class=\"break-words\">Jos selaat tuoteluetteloamme etk\u00e4 l\u00f6yd\u00e4 juuri tarvitsemaasi ruostumattomasta ter\u00e4ksest\u00e4 valmistettua hammaspy\u00f6r\u00e4\u00e4, \u00e4l\u00e4 huoli \u2013 emme todenn\u00e4k\u00f6isesti ole viel\u00e4 ehtineet ladata sit\u00e4 palveluumme. Varastomme on laaja, ja kykymme ulottuvat paljon listattua laajemmalle. L\u00e4het\u00e4 meille vain s\u00e4hk\u00f6postia vaatimuksistasi, niin tiimimme vastaa sinulle kuluessa. <strong>24 tuntia<\/strong>.<\/p>\n<p class=\"break-words\">\n<\/div>\n<\/div>\n<\/div>","protected":false},"excerpt":{"rendered":"<p>Stainless Steel Spur Gears in Medical Applications When it comes to precision engineering, stainless steel spur gears stand out as a vital component across various industries, particularly in the medical sector. At FMP, we specialize in producing high-quality stainless steel spur gears tailored to meet the rigorous demands of medical equipment. Whether you\u2019re in Milan, [&hellip;]<\/p>","protected":false},"featured_media":7412,"comment_status":"open","ping_status":"closed","template":"","meta":{"_et_pb_use_builder":"","_et_pb_old_content":"","_et_gb_content_width":""},"product_brand":[],"product_cat":[109],"product_tag":[],"class_list":{"0":"post-7404","1":"product","2":"type-product","3":"status-publish","4":"has-post-thumbnail","6":"product_cat-spur-gear","8":"first","9":"instock","10":"shipping-taxable","11":"product-type-simple"},"_links":{"self":[{"href":"https:\/\/fmp-components.com\/fi\/wp-json\/wp\/v2\/product\/7404","targetHints":{"allow":["GET"]}}],"collection":[{"href":"https:\/\/fmp-components.com\/fi\/wp-json\/wp\/v2\/product"}],"about":[{"href":"https:\/\/fmp-components.com\/fi\/wp-json\/wp\/v2\/types\/product"}],"replies":[{"embeddable":true,"href":"https:\/\/fmp-components.com\/fi\/wp-json\/wp\/v2\/comments?post=7404"}],"wp:featuredmedia":[{"embeddable":true,"href":"https:\/\/fmp-components.com\/fi\/wp-json\/wp\/v2\/media\/7412"}],"wp:attachment":[{"href":"https:\/\/fmp-components.com\/fi\/wp-json\/wp\/v2\/media?parent=7404"}],"wp:term":[{"taxonomy":"product_brand","embeddable":true,"href":"https:\/\/fmp-components.com\/fi\/wp-json\/wp\/v2\/product_brand?post=7404"},{"taxonomy":"product_cat","embeddable":true,"href":"https:\/\/fmp-components.com\/fi\/wp-json\/wp\/v2\/product_cat?post=7404"},{"taxonomy":"product_tag","embeddable":true,"href":"https:\/\/fmp-components.com\/fi\/wp-json\/wp\/v2\/product_tag?post=7404"}],"curies":[{"name":"wp","href":"https:\/\/api.w.org\/{rel}","templated":true}]}}