{"id":7398,"date":"2025-03-25T03:17:43","date_gmt":"2025-03-25T03:17:43","guid":{"rendered":"https:\/\/fmp-components.com\/?post_type=product&#038;p=7398"},"modified":"2025-03-26T08:39:56","modified_gmt":"2025-03-26T08:39:56","slug":"plastic-spur-gears-with-steel-core","status":"publish","type":"product","link":"https:\/\/fmp-components.com\/fi\/product\/plastic-spur-gears-with-steel-core\/","title":{"rendered":"Muoviset lieri\u00f6py\u00f6r\u00e4t ter\u00e4sytimell\u00e4"},"content":{"rendered":"<div>\n<h3>Korkealaatuiset muoviset lieri\u00f6py\u00f6r\u00e4t<\/h3>\n<p class=\"break-words\">Luotettavien ja tehokkaiden mekaanisten komponenttien osalta muoviset lieri\u00f6py\u00f6r\u00e4t erottuvat edukseen monipuolisena ja kustannustehokkaana ratkaisuna. FMP:ll\u00e4 olemme ylpeit\u00e4 siit\u00e4, ett\u00e4 olemme johtava muovisten lieri\u00f6py\u00f6r\u00e4sten valmistaja, joka tarjoaa laajan valikoiman vakiotuotteita ja r\u00e4\u00e4t\u00e4l\u00f6ityj\u00e4 ratkaisuja juuri sinun tarpeisiisi. Olitpa sitten Milanossa, Venetsiassa, Firenzess\u00e4, Bolognassa tai miss\u00e4 tahansa muualla Italiassa, FMP on luotettava kumppanisi huippuluokan muovisten lieri\u00f6py\u00f6r\u00e4sten toimittamiseen, jotka on suunniteltu vastaamaan eri teollisuudenalojen vaatimuksiin.<\/p>\n<p><img loading=\"lazy\" decoding=\"async\" class=\"wp-image-7405 aligncenter\" src=\"https:\/\/fmp-components.com\/wp-content\/uploads\/2025\/03\/Plastic-spur-Gears.webp\" alt=\"Muoviset lieri\u00f6hammaspy\u00f6r\u00e4t\" width=\"734\" height=\"418\" title=\"\" srcset=\"https:\/\/fmp-components.com\/wp-content\/uploads\/2025\/03\/Plastic-spur-Gears.webp 734w, https:\/\/fmp-components.com\/wp-content\/uploads\/2025\/03\/Plastic-spur-Gears-480x273.webp 480w\" sizes=\"(min-width: 0px) and (max-width: 480px) 480px, (min-width: 481px) 734px, 100vw\" \/><\/p>\n<h4>Miksi valita muoviset lieri\u00f6py\u00f6r\u00e4t?<\/h4>\n<p class=\"break-words\">Muoviset lieri\u00f6py\u00f6r\u00e4t ovat suosittu valinta keveytens\u00e4, korroosionkest\u00e4vyytens\u00e4 ja hiljaisen k\u00e4ynti\u00e4\u00e4nens\u00e4 ansiosta verrattuna metallisiin vastineisiinsa. N\u00e4m\u00e4 rattaat sopivat ihanteellisesti autoteollisuuden j\u00e4rjestelmiin, l\u00e4\u00e4kinn\u00e4llisiin laitteisiin, robotiikkaan ja kulutuselektroniikkaan. FMP:ll\u00e4 k\u00e4yt\u00e4mme edistyneit\u00e4 materiaaleja, kuten nailonia, asetaalia (POM) ja polykarbonaattia, varmistaaksemme kest\u00e4vyyden, tarkkuuden ja erinomaisen suorituskyvyn erilaisissa olosuhteissa.<\/p>\n<\/div>\n<table style=\"border-collapse: collapse; width: 98.7077%; height: 14px;\" border=\"0\" width=\"162\" cellspacing=\"0\" cellpadding=\"0\">\n<tbody>\n<tr style=\"height: 14.40pt;\">\n<td style=\"height: 14px; width: 48.6pt;\" align=\"right\" width=\"81\" height=\"24\"><img loading=\"lazy\" decoding=\"async\" class=\"wp-image-7399 aligncenter\" src=\"https:\/\/fmp-components.com\/wp-content\/uploads\/2025\/03\/spur-gear-5.webp\" alt=\"muovinen hammaspy\u00f6r\u00e4\" width=\"435\" height=\"290\" title=\"\" srcset=\"https:\/\/fmp-components.com\/wp-content\/uploads\/2025\/03\/spur-gear-5.webp 300w, https:\/\/fmp-components.com\/wp-content\/uploads\/2025\/03\/spur-gear-5-18x12.webp 18w\" sizes=\"(max-width: 435px) 100vw, 435px\" \/><\/td>\n<td style=\"width: 48.6pt; height: 14px;\" align=\"right\" width=\"81\"><img loading=\"lazy\" decoding=\"async\" class=\"wp-image-7400 aligncenter\" src=\"https:\/\/fmp-components.com\/wp-content\/uploads\/2025\/03\/spur-gear-4.webp\" alt=\"muovinen hammaspy\u00f6r\u00e4\" width=\"410\" height=\"273\" title=\"\" srcset=\"https:\/\/fmp-components.com\/wp-content\/uploads\/2025\/03\/spur-gear-4.webp 300w, https:\/\/fmp-components.com\/wp-content\/uploads\/2025\/03\/spur-gear-4-18x12.webp 18w\" sizes=\"(max-width: 410px) 100vw, 410px\" \/><\/td>\n<\/tr>\n<\/tbody>\n<\/table>\n<h2>Tekniset tiedot<\/h2>\n<div class=\"row\">\n<div class=\"col-xs-12\">\n<div id=\"specifications\" class=\"pdct-table\">\n<div class=\"row\">\n<div class=\"col-xs-12 col-sm-6\">\n<div class=\"table-wrap\">\n<table class=\"table table-striped\" style=\"height: 400px; width: 100%; border-style: solid; border-color: #0f0b0b;\" border=\"1\">\n<thead>\n<tr>\n<th colspan=\"2\">Muoviset hammaspy\u00f6r\u00e4t ter\u00e4sytimill\u00e4<\/th>\n<\/tr>\n<\/thead>\n<tbody class=\"specification-table\">\n<tr>\n<td><b>Tarkkuusluokka<\/b><\/td>\n<td>JIS-luokka N9 (JIS B1702-1: 1998) JIS-luokka 5 (JIS B1702: 1976)<\/td>\n<\/tr>\n<tr>\n<td><b>Vaihteiston hampaat<\/b><\/td>\n<td>Normaali t\u00e4yssyvyys<\/td>\n<\/tr>\n<tr>\n<td><b>Painekulma<\/b><\/td>\n<td>20\u00b0<\/td>\n<\/tr>\n<tr>\n<td><b>Materiaali<\/b><\/td>\n<td>MC602ST S45C-ytimell\u00e4<\/td>\n<\/tr>\n<tr>\n<td><b>L\u00e4mp\u00f6k\u00e4sittely<\/b><\/td>\n<td>\u2014<\/td>\n<\/tr>\n<tr>\n<td><b>Hampaan kovuus<\/b><\/td>\n<td>(115 ~ 120 tuntia)<\/td>\n<\/tr>\n<\/tbody>\n<\/table>\n<\/div>\n<\/div>\n<div class=\"col-xs-12 col-sm-6\">\n<div class=\"table-wrap\"><span style=\"color: #333333; font-size: 26px;\">\u00a0<\/span><\/div>\n<\/div>\n<\/div>\n<\/div>\n<\/div>\n<\/div>\n<div id=\"table-wrap\">\n<div class=\"gear-rge\">\n<div class=\"table-responsive\">\n<table class=\"product-list-table table-striped table table-bordered\" style=\"height: 352px; width: 100%; border-style: solid; border-color: #0f0b0b;\" border=\"1\">\n<tbody>\n<tr class=\"product-names\" style=\"height: 44px;\">\n<th style=\"height: 44px;\" colspan=\"4\">Tuotenumero NSU1-50<\/th>\n<\/tr>\n<tr class=\"product-fields\" style=\"height: 44px;\">\n<th class=\"odd\" style=\"height: 44px;\">Moduuli<\/th>\n<td class=\"odd\" style=\"height: 44px;\">1<\/td>\n<th class=\"even\" style=\"height: 44px;\">Hampaiden lukum\u00e4\u00e4r\u00e4<\/th>\n<td class=\"even\" style=\"height: 44px;\">50<\/td>\n<\/tr>\n<tr class=\"product-fields\" style=\"height: 44px;\">\n<th class=\"odd\" style=\"height: 44px;\">Muoto<\/th>\n<td class=\"odd\" style=\"height: 44px;\">S1<\/td>\n<th class=\"even\" style=\"height: 44px;\">Reik\u00e4 (A)<\/th>\n<td class=\"even\" style=\"height: 44px;\">10 mm<\/td>\n<\/tr>\n<tr class=\"product-fields\" style=\"height: 44px;\">\n<th class=\"odd\" style=\"height: 44px;\">Navan halkaisija (B)<\/th>\n<td class=\"odd\" style=\"height: 44px;\">30 mm<\/td>\n<th class=\"even\" style=\"height: 44px;\">Jakohalkaisija (C)<\/th>\n<td class=\"even\" style=\"height: 44px;\">50 mm<\/td>\n<\/tr>\n<tr class=\"product-fields\" style=\"height: 44px;\">\n<th class=\"odd\" style=\"height: 44px;\">Ulkohalkaisija (D)<\/th>\n<td class=\"odd\" style=\"height: 44px;\">52 mm<\/td>\n<th class=\"even\" style=\"height: 44px;\">Pinnan leveys (E)<\/th>\n<td class=\"even\" style=\"height: 44px;\">10 mm<\/td>\n<\/tr>\n<tr class=\"product-fields\" style=\"height: 44px;\">\n<th class=\"odd\" style=\"height: 44px;\">Navan leveys (F)<\/th>\n<td class=\"odd\" style=\"height: 44px;\">10 mm<\/td>\n<th class=\"even\" style=\"height: 44px;\">Kokonaispituus (G)<\/th>\n<td class=\"even\" style=\"height: 44px;\">20 mm<\/td>\n<\/tr>\n<tr class=\"product-fields\" style=\"height: 44px;\">\n<th class=\"odd\" style=\"height: 44px;\">Metalliytimen halkaisija<\/th>\n<td class=\"odd\" style=\"height: 44px;\">34<\/td>\n<th class=\"even\" style=\"height: 44px;\">Sarjakoodi<\/th>\n<td class=\"even\" style=\"height: 44px;\">12<\/td>\n<\/tr>\n<tr class=\"product-fields\" style=\"height: 44px;\">\n<th class=\"odd\" style=\"height: 44px;\">V\u00e4h\u00e4inen vastareaktio<\/th>\n<td class=\"odd\" style=\"height: 44px;\">0 mm<\/td>\n<th class=\"even\" style=\"height: 44px;\">Vastareaktio yl\u00f6s<\/th>\n<td class=\"even\" style=\"height: 44px;\">0,34 mm<\/td>\n<\/tr>\n<\/tbody>\n<\/table>\n<div>\n<table style=\"border-collapse: collapse; width: 98.7077%; height: 14px;\" border=\"0\" width=\"162\" cellspacing=\"0\" cellpadding=\"0\">\n<tbody>\n<tr style=\"height: 14.40pt;\">\n<td style=\"height: 14px; width: 48.6pt;\" align=\"right\" width=\"81\" height=\"24\"><img loading=\"lazy\" decoding=\"async\" class=\"wp-image-7402 aligncenter\" src=\"https:\/\/fmp-components.com\/wp-content\/uploads\/2025\/03\/spur-gear-7.webp\" alt=\"lieri\u00f6py\u00f6r\u00e4\" width=\"353\" height=\"235\" title=\"\" srcset=\"https:\/\/fmp-components.com\/wp-content\/uploads\/2025\/03\/spur-gear-7.webp 300w, https:\/\/fmp-components.com\/wp-content\/uploads\/2025\/03\/spur-gear-7-18x12.webp 18w\" sizes=\"(max-width: 353px) 100vw, 353px\" \/><\/td>\n<td style=\"width: 48.6pt; height: 14px;\" align=\"right\" width=\"81\"><img loading=\"lazy\" decoding=\"async\" class=\"size-full wp-image-7403 aligncenter\" src=\"https:\/\/fmp-components.com\/wp-content\/uploads\/2025\/03\/spur-gear-6.webp\" alt=\"lieri\u00f6py\u00f6r\u00e4\" width=\"300\" height=\"200\" title=\"\" srcset=\"https:\/\/fmp-components.com\/wp-content\/uploads\/2025\/03\/spur-gear-6.webp 300w, https:\/\/fmp-components.com\/wp-content\/uploads\/2025\/03\/spur-gear-6-18x12.webp 18w\" sizes=\"(max-width: 300px) 100vw, 300px\" \/><\/td>\n<\/tr>\n<\/tbody>\n<\/table>\n<h4>FMP: Muovisten lieri\u00f6hammaspy\u00f6rien toimittaja Italiassa<\/h4>\n<p class=\"break-words\">Vuosien kokemukseen perustuen FMP tuottaa laajan valikoiman muovituotteita <a href=\"https:\/\/fmp-components.com\/fi\/spur-gear-2\/\">lieri\u00f6py\u00f6r\u00e4t<\/a> sopii yrityksille kaikkialla Italiassa, Milanon ja Bolognan teollisuuskeskuksista Firenzen ja Venetsian innovaatiovetoisiin alueisiin. Tuotevalikoimaamme kuuluu erikokoisia, -hammaslukum\u00e4\u00e4r\u00e4lt\u00e4\u00e4n ja -ominaisuuksiltaan erilaisia \u200b\u200bhammaspy\u00f6ri\u00e4, mik\u00e4 varmistaa, ett\u00e4 l\u00f6yd\u00e4t projektiisi t\u00e4ydellisen ratkaisun.<\/p>\n<ul class=\"marker:text-secondary\">\n<li class=\"break-words\"><strong>Standardi muovinen lieri\u00f6py\u00f6r\u00e4t<\/strong>Useissa kokoonpanoissa saatavilla olevat k\u00e4ytt\u00f6valmiit vaihteemme on suunniteltu saumattomaan integrointiin j\u00e4rjestelmiisi.<\/li>\n<li class=\"break-words\"><strong>Mukautetut muoviset hammaspy\u00f6r\u00e4t<\/strong>Tarvitsetko ainutlaatuisen suunnittelun? FMP on erikoistunut r\u00e4\u00e4t\u00e4l\u00f6intiin. Olipa kyseess\u00e4 sitten tietty moduuli, piki tai materiaalivaatimus, tiimimme tekee tiivist\u00e4 yhteisty\u00f6t\u00e4 kanssasi toimittaakseen juuri sen, mit\u00e4 tarvitset.<\/li>\n<\/ul>\n<p class=\"break-words\">Verkkotuoteluettelomme laajenee jatkuvasti, mutta jos et l\u00f6yd\u00e4 juuri etsim\u00e4\u00e4si muovista hammaspy\u00f6r\u00e4\u00e4, \u00e4l\u00e4 huoli \u2013 emme ole viel\u00e4 ehtineet listata kaikkia vaihtoehtoja! Milanossa, Venetsiassa, Firenzess\u00e4, Bolognassa tai muualla asuville asiakkaillemme suosittelemme ottamaan suoraan yhteytt\u00e4. L\u00e4het\u00e4 meille s\u00e4hk\u00f6postia ja kerro tarvitsemasi mallin tiedot, niin ammattitaitoiset insin\u00f6\u00f6rimme vastaavat sinulle kuluessa. <strong>24 tuntia<\/strong> r\u00e4\u00e4t\u00e4l\u00f6idyll\u00e4 ratkaisulla.<\/p>\n<\/div>\n<\/div>\n<\/div>\n<\/div>\n<h3>Aiheeseen liittyv\u00e4t muoviset hammaspy\u00f6r\u00e4t<\/h3>\n<p><img loading=\"lazy\" decoding=\"async\" class=\"size-full wp-image-7409 aligncenter\" src=\"https:\/\/fmp-components.com\/wp-content\/uploads\/2025\/03\/ralated-plastic-spur-gear.webp\" alt=\"muovinen lieri\u00f6py\u00f6r\u00e4\" width=\"900\" height=\"900\" title=\"\" srcset=\"https:\/\/fmp-components.com\/wp-content\/uploads\/2025\/03\/ralated-plastic-spur-gear.webp 900w, https:\/\/fmp-components.com\/wp-content\/uploads\/2025\/03\/ralated-plastic-spur-gear-480x480.webp 480w\" sizes=\"(min-width: 0px) and (max-width: 480px) 480px, (min-width: 481px) 900px, 100vw\" \/><\/p>\n<p>&nbsp;<\/p>","protected":false},"excerpt":{"rendered":"<p>High-Quality Plastic Spur Gears When it comes to reliable and efficient mechanical components, plastic spur gears stand out as a versatile and cost-effective solution. At FMP, we take pride in being a leading manufacturer of plastic spur gears, offering a wide range of standard products and bespoke solutions tailored to your specific requirements. Whether you&#8217;re [&hellip;]<\/p>","protected":false},"featured_media":7406,"comment_status":"open","ping_status":"closed","template":"","meta":{"_et_pb_use_builder":"","_et_pb_old_content":"","_et_gb_content_width":""},"product_brand":[],"product_cat":[109],"product_tag":[],"class_list":{"0":"post-7398","1":"product","2":"type-product","3":"status-publish","4":"has-post-thumbnail","6":"product_cat-spur-gear","8":"first","9":"instock","10":"shipping-taxable","11":"product-type-simple"},"_links":{"self":[{"href":"https:\/\/fmp-components.com\/fi\/wp-json\/wp\/v2\/product\/7398","targetHints":{"allow":["GET"]}}],"collection":[{"href":"https:\/\/fmp-components.com\/fi\/wp-json\/wp\/v2\/product"}],"about":[{"href":"https:\/\/fmp-components.com\/fi\/wp-json\/wp\/v2\/types\/product"}],"replies":[{"embeddable":true,"href":"https:\/\/fmp-components.com\/fi\/wp-json\/wp\/v2\/comments?post=7398"}],"wp:featuredmedia":[{"embeddable":true,"href":"https:\/\/fmp-components.com\/fi\/wp-json\/wp\/v2\/media\/7406"}],"wp:attachment":[{"href":"https:\/\/fmp-components.com\/fi\/wp-json\/wp\/v2\/media?parent=7398"}],"wp:term":[{"taxonomy":"product_brand","embeddable":true,"href":"https:\/\/fmp-components.com\/fi\/wp-json\/wp\/v2\/product_brand?post=7398"},{"taxonomy":"product_cat","embeddable":true,"href":"https:\/\/fmp-components.com\/fi\/wp-json\/wp\/v2\/product_cat?post=7398"},{"taxonomy":"product_tag","embeddable":true,"href":"https:\/\/fmp-components.com\/fi\/wp-json\/wp\/v2\/product_tag?post=7398"}],"curies":[{"name":"wp","href":"https:\/\/api.w.org\/{rel}","templated":true}]}}