{"id":7390,"date":"2025-03-25T02:48:22","date_gmt":"2025-03-25T02:48:22","guid":{"rendered":"https:\/\/fmp-components.com\/?post_type=product&#038;p=7390"},"modified":"2025-03-26T08:40:29","modified_gmt":"2025-03-26T08:40:29","slug":"tractor-spur-gears","status":"publish","type":"product","link":"https:\/\/fmp-components.com\/fi\/product\/tractor-spur-gears\/","title":{"rendered":"Traktorin lieri\u00f6py\u00f6r\u00e4t"},"content":{"rendered":"<div>\n<h3>Lieri\u00f6vaihteiden rooli traktoreissa<\/h3>\n<p class=\"break-words\">Kun on kyse Italian maatalousalueiden \u2013 kuten Milanon l\u00e4hell\u00e4 sijaitsevien hedelm\u00e4llisten peltojen, Firenzen ymp\u00e4rill\u00e4 olevien Toscanan kumpuilevien kukkuloiden tai Bolognan tuottavien tasankojen \u2013 voimanl\u00e4hteen\u00e4 olevista vankoista koneista, traktorit ovat korvaamattomia. N\u00e4iden koneiden ytimess\u00e4 on kriittinen komponentti: <a href=\"https:\/\/fmp-components.com\/fi\/spur-gear-2\/\">lieri\u00f6py\u00f6r\u00e4<\/a>Johtavana korkealaatuisten lieri\u00f6hammaspy\u00f6rien valmistajana FMP Company tukee ylpe\u00e4n\u00e4 teollisuudenaloja kaikkialla Italiassa Venetsiasta Firenzeen traktoreihin ja muuhun k\u00e4ytt\u00f6\u00f6n r\u00e4\u00e4t\u00e4l\u00f6idyill\u00e4 tarkkuusratkaisuilla.<\/p>\n<table style=\"border-collapse: collapse; width: 97.3608%; height: 31px;\" border=\"0\" width=\"243\" cellspacing=\"0\" cellpadding=\"0\">\n<tbody>\n<tr style=\"height: 14.40pt;\">\n<td style=\"height: 14.40pt; width: 48.60pt;\" align=\"right\" width=\"81\" height=\"24\">\u00a0<img loading=\"lazy\" decoding=\"async\" class=\"size-full wp-image-7393 aligncenter\" src=\"https:\/\/fmp-components.com\/wp-content\/uploads\/2025\/03\/spur-gear-in-tractor-2.webp\" alt=\"lieri\u00f6py\u00f6r\u00e4 traktorissa\" width=\"800\" height=\"800\" title=\"\" srcset=\"https:\/\/fmp-components.com\/wp-content\/uploads\/2025\/03\/spur-gear-in-tractor-2.webp 800w, https:\/\/fmp-components.com\/wp-content\/uploads\/2025\/03\/spur-gear-in-tractor-2-480x480.webp 480w\" sizes=\"(min-width: 0px) and (max-width: 480px) 480px, (min-width: 481px) 800px, 100vw\" \/><\/td>\n<td style=\"width: 48.60pt;\" align=\"right\" width=\"81\"><img loading=\"lazy\" decoding=\"async\" class=\"size-full wp-image-7394 aligncenter\" src=\"https:\/\/fmp-components.com\/wp-content\/uploads\/2025\/03\/spur-gear-in-tractor-3.webp\" alt=\"lieri\u00f6py\u00f6r\u00e4 traktorissa\" width=\"800\" height=\"800\" title=\"\" srcset=\"https:\/\/fmp-components.com\/wp-content\/uploads\/2025\/03\/spur-gear-in-tractor-3.webp 800w, https:\/\/fmp-components.com\/wp-content\/uploads\/2025\/03\/spur-gear-in-tractor-3-480x480.webp 480w\" sizes=\"(min-width: 0px) and (max-width: 480px) 480px, (min-width: 481px) 800px, 100vw\" \/><\/td>\n<td style=\"width: 48.60pt;\" align=\"right\" width=\"81\"><img loading=\"lazy\" decoding=\"async\" class=\"size-full wp-image-7392 aligncenter\" src=\"https:\/\/fmp-components.com\/wp-content\/uploads\/2025\/03\/spur-gear-in-tractor-1.webp\" alt=\"lieri\u00f6py\u00f6r\u00e4 traktorissa\" width=\"800\" height=\"800\" title=\"\" srcset=\"https:\/\/fmp-components.com\/wp-content\/uploads\/2025\/03\/spur-gear-in-tractor-1.webp 800w, https:\/\/fmp-components.com\/wp-content\/uploads\/2025\/03\/spur-gear-in-tractor-1-480x480.webp 480w\" sizes=\"(min-width: 0px) and (max-width: 480px) 480px, (min-width: 481px) 800px, 100vw\" \/><\/td>\n<\/tr>\n<\/tbody>\n<\/table>\n<\/div>\n<h3>Tekniset tiedot<\/h3>\n<table style=\"width: 103.5%; height: 281px;\" border=\"1\">\n<tbody>\n<tr>\n<td style=\"width: 33.1311%;\"><strong>Tuotteen nimi<\/strong><\/td>\n<td style=\"width: 66.1408%;\">Traktorin lieri\u00f6py\u00f6r\u00e4 17-vaihteisella hammaspy\u00f6r\u00e4ll\u00e4<\/td>\n<\/tr>\n<tr>\n<td style=\"width: 33.1311%;\"><strong>Hakemus\u00a0<\/strong><\/td>\n<td style=\"width: 66.1408%;\">Traktori<\/td>\n<\/tr>\n<tr>\n<td style=\"width: 33.1311%;\"><strong>Materiaalit<\/strong><\/td>\n<td style=\"width: 66.1408%;\">Ter\u00e4s<\/td>\n<\/tr>\n<tr>\n<td style=\"width: 33.1311%;\"><strong>Koko<\/strong><\/td>\n<td style=\"width: 66.1408%;\">5 cm * 9 cm * 9 cm<\/td>\n<\/tr>\n<tr>\n<td style=\"width: 33.1311%;\"><strong>Paino<\/strong><\/td>\n<td style=\"width: 66.1408%;\">0,87 kg<\/td>\n<\/tr>\n<tr>\n<td style=\"width: 33.1311%;\"><strong>OEM-valmistaja\u00a0<\/strong><\/td>\n<td style=\"width: 66.1408%;\">50-1701212A<\/td>\n<\/tr>\n<tr>\n<td style=\"width: 33.1311%;\"><strong>M\u00e4\u00e4r\u00e4<\/strong><\/td>\n<td style=\"width: 66.1408%;\">30<\/td>\n<\/tr>\n<tr>\n<td style=\"width: 33.1311%;\"><strong>Halkaisija<\/strong><\/td>\n<td style=\"width: 66.1408%;\">9 cm<\/td>\n<\/tr>\n<tr>\n<td style=\"width: 33.1311%;\"><strong>Laatu<\/strong><\/td>\n<td style=\"width: 66.1408%;\">100%-testattu<\/td>\n<\/tr>\n<tr>\n<td style=\"width: 33.1311%;\"><strong>Pakkaus<\/strong><\/td>\n<td style=\"width: 66.1408%;\">Kartonki<\/td>\n<\/tr>\n<\/tbody>\n<\/table>\n<div>\n<h2>Lierivaihteet traktorikoneissa<\/h2>\n<p class=\"break-words\">Traktoreissa lieri\u00f6py\u00f6r\u00e4st\u00f6ill\u00e4 on keskeinen rooli voimansiirtoj\u00e4rjestelm\u00e4ss\u00e4, sill\u00e4 ne varmistavat tasaisen voimansiirron moottorista py\u00f6riin. Esimerkiksi lieri\u00f6py\u00f6r\u00e4st\u00f6mme, kuten metallurgisissa osissa ja traktorikoneiden jauhemaalaussovelluksissa k\u00e4ytett\u00e4v\u00e4t, on suunniteltu tarkasti (ISO6-tarkkuus) kest\u00e4m\u00e4\u00e4n maatalousty\u00f6n vaativia olosuhteita. N\u00e4in ne vaikuttavat:<\/p>\n<ul class=\"marker:text-secondary\">\n<li class=\"break-words\"><strong>Voimansiirto<\/strong>Lieri\u00f6py\u00f6r\u00e4t siirt\u00e4v\u00e4t tehokkaasti py\u00f6rimisenergiaa rinnakkaisten akseleiden v\u00e4lill\u00e4 ja k\u00e4ytt\u00e4v\u00e4t traktorin py\u00f6ri\u00e4 ja ty\u00f6laitteita.<\/li>\n<li class=\"break-words\"><strong>Kest\u00e4vyys<\/strong>Kest\u00e4vist\u00e4 materiaaleista, kuten 16MnCrn5, valmistettu ja l\u00e4mp\u00f6k\u00e4sitelty hiilett\u00e4m\u00e4ll\u00e4 58\u201362 HRC:n kovuuteen, hammaspy\u00f6r\u00e4mme kest\u00e4v\u00e4t raskaiden teht\u00e4vien kulumista.<\/li>\n<li class=\"break-words\"><strong>Tarkkuus<\/strong>4,6 tuuman moduulilla ja 20\u00b0 puristuskulmalla varustettujen lieri\u00f6py\u00f6r\u00e4st\u00f6jemme profiili- ja nousumuokkaukset (K-kaavion mukaisesti optimoitu) minimoivat melun ja maksimoivat tehokkuuden.<\/li>\n<\/ul>\n<p class=\"break-words\">Firenzen viinitarhoilta Milanon teollisuuskeskuksiin italialaiset maanviljelij\u00e4t ja valmistajat luottavat luotettavilla lieri\u00f6py\u00f6r\u00e4vaihteilla varustettuihin traktoreihin tuottavuuden yll\u00e4pit\u00e4miseksi. Olipa kyseess\u00e4 sitten kynt\u00f6peltojen kynt\u00f6 Bolognan l\u00e4hell\u00e4 tai tavaroiden kuljetukset Venetsiassa, n\u00e4m\u00e4 vaihteet varmistavat tasaisen suorituskyvyn.<\/p>\n<div>\n<h4>Miksi valita FMP-yritys lieri\u00f6vaihteisiin?<\/h4>\n<p class=\"break-words\">FMP:ll\u00e4 olemme erikoistuneet laajan valikoiman lieri\u00f6hammaspy\u00f6rien valmistukseen, jotka on r\u00e4\u00e4t\u00e4l\u00f6ity eri teollisuudenaloille, mukaan lukien maatalous. Tuotevalikoimaamme kuuluu sek\u00e4 vakiomalleja ett\u00e4 t\u00e4ysin mukautettavia vaihtoehtoja, jotka vastaavat erityistarpeitasi. Vuosien kokemuksella palvelemme asiakkaita kaikkialla Italiassa varmistaen, ett\u00e4 Milanon, Venetsian, Firenzen, Bolognan ja muiden alueiden yrityksill\u00e4 on p\u00e4\u00e4sy huippuluokan komponentteihin.<\/p>\n<ul class=\"marker:text-secondary\">\n<li class=\"break-words\"><strong>Monipuolisuus<\/strong>Valmistamme tarkkuudella ja huolella valmistettuja lieri\u00f6hammaspy\u00f6ri\u00e4 traktoreihin, metallurgisiin laitteisiin ja muihin laitteisiin.<\/li>\n<li class=\"break-words\"><strong>Mukauttaminen<\/strong>Tarvitsetko traktoriisi ainutlaatuisen vaihteiston? Otamme vastaan \u200b\u200bmittatilausty\u00f6n\u00e4 tehtyj\u00e4 vaihteita, jotka vastaavat tarkkoja vaatimuksiasi.<\/li>\n<li class=\"break-words\"><strong>Tukea<\/strong>Jos et l\u00f6yd\u00e4 tarvitsemaasi mallia tuoteluettelostamme, \u00e4l\u00e4 huoli! Sit\u00e4 ei ehk\u00e4 ole viel\u00e4 ladattu. L\u00e4het\u00e4 meille s\u00e4hk\u00f6postia vaatimuksistasi, niin insin\u00f6\u00f6rimme vastaavat ratkaisulla 24 tunnin kuluessa.<\/li>\n<\/ul>\n<p class=\"break-words\">Italian maataloussektori kukoistaa innovaatioiden ja luotettavuuden varassa, ja FMP on ylpe\u00e4 voidessaan edist\u00e4\u00e4 t\u00e4t\u00e4 perint\u00f6\u00e4. FMP:ll\u00e4 olemme sitoutuneet menestyksesi vauhdittamiseen \u2013 vaihde kerrallaan.<\/p>\n<\/div>\n<\/div>","protected":false},"excerpt":{"rendered":"<p>The Role of Spur Gears in Tractors When it comes to the robust machinery powering Italy\u2019s agricultural heartlands\u2014such as the fertile fields near Milan, the rolling hills of Tuscany around Florence, or the productive plains of Bologna\u2014tractors are indispensable. At the core of these machines lies a critical component: the spur gear. As a leading [&hellip;]<\/p>","protected":false},"featured_media":7393,"comment_status":"open","ping_status":"closed","template":"","meta":{"_et_pb_use_builder":"","_et_pb_old_content":"","_et_gb_content_width":""},"product_brand":[],"product_cat":[109],"product_tag":[],"class_list":{"0":"post-7390","1":"product","2":"type-product","3":"status-publish","4":"has-post-thumbnail","6":"product_cat-spur-gear","8":"first","9":"instock","10":"shipping-taxable","11":"product-type-simple"},"_links":{"self":[{"href":"https:\/\/fmp-components.com\/fi\/wp-json\/wp\/v2\/product\/7390","targetHints":{"allow":["GET"]}}],"collection":[{"href":"https:\/\/fmp-components.com\/fi\/wp-json\/wp\/v2\/product"}],"about":[{"href":"https:\/\/fmp-components.com\/fi\/wp-json\/wp\/v2\/types\/product"}],"replies":[{"embeddable":true,"href":"https:\/\/fmp-components.com\/fi\/wp-json\/wp\/v2\/comments?post=7390"}],"wp:featuredmedia":[{"embeddable":true,"href":"https:\/\/fmp-components.com\/fi\/wp-json\/wp\/v2\/media\/7393"}],"wp:attachment":[{"href":"https:\/\/fmp-components.com\/fi\/wp-json\/wp\/v2\/media?parent=7390"}],"wp:term":[{"taxonomy":"product_brand","embeddable":true,"href":"https:\/\/fmp-components.com\/fi\/wp-json\/wp\/v2\/product_brand?post=7390"},{"taxonomy":"product_cat","embeddable":true,"href":"https:\/\/fmp-components.com\/fi\/wp-json\/wp\/v2\/product_cat?post=7390"},{"taxonomy":"product_tag","embeddable":true,"href":"https:\/\/fmp-components.com\/fi\/wp-json\/wp\/v2\/product_tag?post=7390"}],"curies":[{"name":"wp","href":"https:\/\/api.w.org\/{rel}","templated":true}]}}