{"id":7384,"date":"2025-03-24T06:59:56","date_gmt":"2025-03-24T06:59:56","guid":{"rendered":"https:\/\/fmp-components.com\/?post_type=product&#038;p=7384"},"modified":"2025-03-26T08:41:37","modified_gmt":"2025-03-26T08:41:37","slug":"ground-helical-gears","status":"publish","type":"product","link":"https:\/\/fmp-components.com\/fi\/product\/ground-helical-gears\/","title":{"rendered":"Hiotut kierukkavaihteet"},"content":{"rendered":"<div>\n<p class=\"break-words\">Kun tarkkuus, kest\u00e4vyys ja sujuva toiminta ovat ensiarvoisen t\u00e4rkeit\u00e4, hiotut kierukkavaihteet ovat erinomainen valinta voimansiirtoj\u00e4rjestelmiin. N\u00e4m\u00e4 vaihteet, joille on ominaista kulmikkaat hampaat ja huolellisesti hiotut pinnat, tarjoavat erinomaisen suorituskyvyn suuren kuormituksen ja nopean k\u00e4yt\u00f6n sovelluksissa. FMP Companylla olemme ylpeit\u00e4 voidessamme valmistaa laajan valikoiman hiottuja... <a href=\"https:\/\/fmp-components.com\/fi\/helical-gears\/\">kierrevaihteet<\/a>, joka palvelee eri teollisuudenaloja maailmanlaajuisesti sek\u00e4 vakio- ett\u00e4 r\u00e4\u00e4t\u00e4l\u00f6idyill\u00e4 ratkaisuilla. T\u00e4ss\u00e4 artikkelissa tutkimme k\u00e4ytettyj\u00e4 materiaaleja, saatavilla olevia malleja ja sit\u00e4, miten FMP toimittaa huippulaatuisia vaihteita tarpeisiisi r\u00e4\u00e4t\u00e4l\u00f6ityin\u00e4.<\/p>\n<h2>Mit\u00e4 ovat hiotut kierukkavaihteet?<\/h2>\n<p class=\"break-words\">Hiotut kierukkavaihteet ovat er\u00e4\u00e4nlainen kierukkavaihteisto, jossa hampaan pinnat hiotaan tarkkuushiomalla l\u00e4mp\u00f6k\u00e4sittelyn j\u00e4lkeen poikkeuksellisen tarkkuuden ja tasaisuuden saavuttamiseksi. Kierukkarakenne \u2013 jossa hampaat on leikattu kulmassa hammaspy\u00f6r\u00e4n akseliin n\u00e4hden \u2013 varmistaa asteittaisen kytkeytymisen, mik\u00e4 v\u00e4hent\u00e4\u00e4 melua ja t\u00e4rin\u00e4\u00e4 verrattuna lieri\u00f6hammaspy\u00f6riin. Hiontaprosessi parantaa pinnanlaatua ja mittatarkkuutta, mik\u00e4 tekee n\u00e4ist\u00e4 vaihteista ihanteellisia sovelluksiin, jotka vaativat minimaalisen v\u00e4lyksen ja maksimaalisen hy\u00f6tysuhteen, kuten vaihteistot, autoj\u00e4rjestelm\u00e4t ja teollisuuskoneet.<\/p>\n<\/div>\n<h2>Tekniset tiedot<\/h2>\n<table style=\"width: 100%;\" border=\"1\" width=\"100%\" cellspacing=\"0\" cellpadding=\"0\">\n<thead><\/thead>\n<tbody>\n<tr>\n<td>Rei\u00e4n tyyppi<\/td>\n<td>Maa<\/td>\n<\/tr>\n<tr>\n<td>Poikittainen moduuli<\/td>\n<td>1<\/td>\n<\/tr>\n<tr>\n<td>Hampaiden lukum\u00e4\u00e4r\u00e4<\/td>\n<td>100<\/td>\n<\/tr>\n<tr>\n<td>Helixin suunta<\/td>\n<td>Vasen k\u00e4si<\/td>\n<\/tr>\n<tr>\n<td>Muoto<\/td>\n<td>S1<\/td>\n<\/tr>\n<tr>\n<td>Reik\u00e4 (A)<\/td>\n<td>15,0 (mm)<\/td>\n<\/tr>\n<tr>\n<td>Navan halkaisija (B)<\/td>\n<td>50,0 (mm)<\/td>\n<\/tr>\n<tr>\n<td>Jakohalkaisija (C)<\/td>\n<td>100,00 (mm)<\/td>\n<\/tr>\n<tr>\n<td>Ulkohalkaisija (D)<\/td>\n<td>102,00 (mm)<\/td>\n<\/tr>\n<tr>\n<td>Pinnan leveys (E)<\/td>\n<td>8,0 (mm)<\/td>\n<\/tr>\n<tr>\n<td>Navan leveys (F)<\/td>\n<td>10,0 (mm)<\/td>\n<\/tr>\n<tr>\n<td>Kokonaispituus (G)<\/td>\n<td>18,00 (mm)<\/td>\n<\/tr>\n<tr>\n<td>Helix-kulma<\/td>\n<td>21\u00b030\u2032<\/td>\n<\/tr>\n<tr>\n<td>Painekulma<\/td>\n<td>20\u00b0<\/td>\n<\/tr>\n<\/tbody>\n<\/table>\n<div>\n<h3>Hiottujen kierukkavaihteiden materiaalit<\/h3>\n<p class=\"break-words\">Materiaalivalinnat ovat ratkaisevan t\u00e4rkeit\u00e4 hiottujen vinohampaisten hammaspy\u00f6rien suorituskyvylle. FMP:ll\u00e4 valitsemme korkealaatuisia materiaaleja lujuuden, kulutuskest\u00e4vyyden ja pitk\u00e4n k\u00e4ytt\u00f6i\u00e4n varmistamiseksi. Alla olevassa taulukossa on yleisi\u00e4 materiaaleja ja niiden ominaisuuksia:<\/p>\n<div class=\"overflow-x-auto my-2\">\n<table style=\"width: 100%;\" border=\"1\" width=\"100%\" cellspacing=\"0\" cellpadding=\"0\">\n<thead class=\"border-b border-primary\/20\">\n<tr class=\"border-primary\/10\">\n<th class=\"break-words\"><strong>Materiaali<\/strong><\/th>\n<th class=\"break-words\"><strong>Ominaisuudet<\/strong><\/th>\n<th class=\"break-words\"><strong>Yleisi\u00e4 sovelluksia<\/strong><\/th>\n<\/tr>\n<\/thead>\n<tbody>\n<tr class=\"border-primary\/10\">\n<td class=\"break-words\"><strong>Hiiliter\u00e4s (esim. C45)<\/strong><\/td>\n<td class=\"break-words\">Korkea lujuus, kustannustehokas, hyv\u00e4 ty\u00f6stett\u00e4vyys<\/td>\n<td class=\"break-words\">Yleiskoneet, autoteollisuuden vaihteet<\/td>\n<\/tr>\n<tr class=\"border-primary\/10\">\n<td class=\"break-words\"><strong>Seoster\u00e4s (esim. 4140)<\/strong><\/td>\n<td class=\"break-words\">Parannettu sitkeys, kulutuskest\u00e4vyys<\/td>\n<td class=\"break-words\">Raskaat vaihteistot, teollisuusk\u00e4yt\u00f6t<\/td>\n<\/tr>\n<tr class=\"border-primary\/10\">\n<td class=\"break-words\"><strong>Ruostumaton ter\u00e4s<\/strong><\/td>\n<td class=\"break-words\">Korroosionkest\u00e4vyys, kest\u00e4vyys<\/td>\n<td class=\"break-words\">Elintarvikkeiden jalostus, merisovellukset<\/td>\n<\/tr>\n<tr class=\"border-primary\/10\">\n<td class=\"break-words\"><strong>Karkaistu ter\u00e4s<\/strong><\/td>\n<td class=\"break-words\">Kova pinta, kova ydin<\/td>\n<td class=\"break-words\">Suuren kuormituksen ja tarkkuuden j\u00e4rjestelm\u00e4t<\/td>\n<\/tr>\n<tr class=\"border-primary\/10\">\n<td class=\"break-words\"><strong>Ty\u00f6kaluter\u00e4s<\/strong><\/td>\n<td class=\"break-words\">\u00c4\u00e4rimm\u00e4inen kovuus, l\u00e4mm\u00f6nkest\u00e4vyys<\/td>\n<td class=\"break-words\">Erikoistuneet suurnopeuskoneet<\/td>\n<\/tr>\n<\/tbody>\n<\/table>\n<\/div>\n<p class=\"break-words\">N\u00e4iden materiaalien avulla voimme valmistaa vaihteita, jotka kest\u00e4v\u00e4t vaativien ymp\u00e4rist\u00f6jen rasitukset teollisuuslaitoksista tarkkuustekniikan ty\u00f6pajoihin.<\/p>\n<h3>Saatavilla olevat mallit hiotuista kierukkavaihteista<\/h3>\n<p class=\"break-words\">FMP Company tarjoaa laajan valikoiman hiottuja vinohammaspy\u00f6r\u00e4malleja erilaisiin tarpeisiin. Alla olevassa taulukossa on esitetty joitakin vakiotarjontaamme, mutta voimme r\u00e4\u00e4t\u00e4l\u00f6id\u00e4 ne tarkkojen tarpeidesi mukaan:<\/p>\n<div class=\"overflow-x-auto my-2\">\n<table style=\"width: 100%;\" border=\"1\" width=\"100%\" cellspacing=\"0\" cellpadding=\"0\">\n<thead class=\"border-b border-primary\/20\">\n<tr class=\"border-primary\/10\">\n<th class=\"break-words\"><strong>Malli<\/strong><\/th>\n<th class=\"break-words\"><strong>Moduuli<\/strong><\/th>\n<th class=\"break-words\"><strong>Hampaiden lukum\u00e4\u00e4r\u00e4<\/strong><\/th>\n<th class=\"break-words\"><strong>Painekulma<\/strong><\/th>\n<th class=\"break-words\"><strong>Helix-kulma<\/strong><\/th>\n<th class=\"break-words\"><strong>Materiaalivaihtoehdot<\/strong><\/th>\n<\/tr>\n<\/thead>\n<tbody>\n<tr class=\"border-primary\/10\">\n<td class=\"break-words\">Kasvihuonekaasu-101<\/td>\n<td class=\"break-words\">1.0<\/td>\n<td class=\"break-words\">20<\/td>\n<td class=\"break-words\">20\u00b0<\/td>\n<td class=\"break-words\">15\u00b0<\/td>\n<td class=\"break-words\">Hiiliter\u00e4s, seoster\u00e4s<\/td>\n<\/tr>\n<tr class=\"border-primary\/10\">\n<td class=\"break-words\">Kasvihuonekaasu-152<\/td>\n<td class=\"break-words\">1.5<\/td>\n<td class=\"break-words\">30<\/td>\n<td class=\"break-words\">20\u00b0<\/td>\n<td class=\"break-words\">20\u00b0<\/td>\n<td class=\"break-words\">Ruostumaton ter\u00e4s, ty\u00f6kaluter\u00e4s<\/td>\n<\/tr>\n<tr class=\"border-primary\/10\">\n<td class=\"break-words\">Kasvihuonekaasu-203<\/td>\n<td class=\"break-words\">2.0<\/td>\n<td class=\"break-words\">25<\/td>\n<td class=\"break-words\">20\u00b0<\/td>\n<td class=\"break-words\">15\u00b0<\/td>\n<td class=\"break-words\">Karkaistu ter\u00e4s<\/td>\n<\/tr>\n<tr class=\"border-primary\/10\">\n<td class=\"break-words\">Kasvihuonekaasu-305<\/td>\n<td class=\"break-words\">3.0<\/td>\n<td class=\"break-words\">40<\/td>\n<td class=\"break-words\">20\u00b0<\/td>\n<td class=\"break-words\">25\u00b0<\/td>\n<td class=\"break-words\">Seoster\u00e4s, ruostumaton ter\u00e4s<\/td>\n<\/tr>\n<tr class=\"border-primary\/10\">\n<td class=\"break-words\">Kasvihuonekaasup\u00e4\u00e4st\u00f6t mukautettuna<\/td>\n<td class=\"break-words\">Mukautettu<\/td>\n<td class=\"break-words\">Mukautettu<\/td>\n<td class=\"break-words\">Mukautettu<\/td>\n<td class=\"break-words\">Mukautettu<\/td>\n<td class=\"break-words\">Mik\u00e4 tahansa<\/td>\n<\/tr>\n<\/tbody>\n<\/table>\n<\/div>\n<p class=\"break-words\">N\u00e4m\u00e4 mallit on suunniteltu tarkkuutta ja luotettavuutta ajatellen, mik\u00e4 varmistaa optimaalisen suorituskyvyn sovelluksissa pienist\u00e4 laitteista suuriin teollisuusj\u00e4rjestelmiin.<\/p>\n<div>\n<h4>FMP Company: Hiottujen kierukkavaihteiden toimittaja<\/h4>\n<p class=\"break-words\">FMP:ll\u00e4 olemme erikoistuneet hiottujen kartiohammaspy\u00f6rien valmistukseen, jotka t\u00e4ytt\u00e4v\u00e4t korkeimmat laatu- ja suorituskykystandardit. Tarvitsetpa sitten vakiomallin tai r\u00e4\u00e4t\u00e4l\u00f6idyn ratkaisun, meilt\u00e4 l\u00f6yd\u00e4t etsim\u00e4si. Tarjontaamme kuuluvat:<\/p>\n<ul class=\"marker:text-secondary\">\n<li class=\"break-words\"><strong>Laaja valikoima<\/strong>Kevyist\u00e4 vaihteista raskaaseen k\u00e4ytt\u00f6\u00f6n, palvelemme kaikkia teollisuudenaloja.<\/li>\n<li class=\"break-words\"><strong>Mukauttaminen<\/strong>Tiimimme voi suunnitella ja valmistaa hiottuja vinohampaisia \u200b\u200bhammaspy\u00f6ri\u00e4 r\u00e4\u00e4t\u00e4l\u00f6ityn\u00e4 juuri sinun tarpeisiisi varmistaen t\u00e4ydellisen sopivuuden sovellukseesi.<\/li>\n<li class=\"break-words\"><strong>Tarkkuushionta<\/strong>Jokainen vaihde on hiottu tarkkojen toleranssien mukaisesti, mik\u00e4 takaa alhaisen melutason, korkean hy\u00f6tysuhteen ja pidemm\u00e4n k\u00e4ytt\u00f6i\u00e4n.<\/li>\n<\/ul>\n<p class=\"break-words\">Jos et l\u00f6yd\u00e4 tarvitsemaasi mallia listaltamme, \u00e4l\u00e4 huoli \u2013 tuoteluettelomme laajenee jatkuvasti. On mahdollista, ett\u00e4 emme ole viel\u00e4 p\u00e4ivitt\u00e4neet sit\u00e4 uusimmilla malleillamme. L\u00e4het\u00e4 meille vain s\u00e4hk\u00f6postia vaatimuksistasi, niin asiantuntevat insin\u00f6\u00f6rimme vastaavat sinulle kuluessa. <strong>24 tuntia<\/strong> projektiisi r\u00e4\u00e4t\u00e4l\u00f6idyll\u00e4 ratkaisulla. Olemme sitoutuneet t\u00e4ytt\u00e4m\u00e4\u00e4n tarpeesi monimutkaisuudesta riippumatta.<\/p>\n<h4>Maadoitettujen kierukkavaihteiden sovellukset<\/h4>\n<p class=\"break-words\">Hiottuja kierrevaihteita arvostetaan monipuolisuutensa ja tarkkuutensa ansiosta, mink\u00e4 vuoksi ne ovat v\u00e4ltt\u00e4m\u00e4tt\u00f6mi\u00e4 lukuisilla teollisuudenaloilla:<\/p>\n<ul class=\"marker:text-secondary\">\n<li class=\"break-words\"><strong>Autoteollisuus<\/strong>K\u00e4ytet\u00e4\u00e4n vaihteistoj\u00e4rjestelmiss\u00e4 tasaisen ja hiljaisen toiminnan takaamiseksi.<\/li>\n<li class=\"break-words\"><strong>Teollisuuskoneet<\/strong>Vaihteistojen ja k\u00e4ytt\u00f6laitteiden k\u00e4ytt\u00f6 tuotantolaitoksissa.<\/li>\n<li class=\"break-words\"><strong>Ilmailu<\/strong>Tarkkuuskomponentit tehokkaisiin laitteisiin.<\/li>\n<li class=\"break-words\"><strong>Meren<\/strong>Kest\u00e4v\u00e4t vaihteet propulsio- ja apuj\u00e4rjestelmiin.<\/li>\n<\/ul>\n<p class=\"break-words\">Niiden kyky k\u00e4sitell\u00e4 suuria kuormia ja s\u00e4ilytt\u00e4\u00e4 tarkkuus vaativissa olosuhteissa tekee niist\u00e4 ensisijaisen valinnan insin\u00f6\u00f6reille ja valmistajille.<\/p>\n<h4>Miksi valita FMP?<\/h4>\n<p class=\"break-words\">FMP Company erottuu luotettavana hiottujen vinohampaisten hammaspy\u00f6rien valmistajana sitoutumisemme laatuun ja asiakastyytyv\u00e4isyyteen ansiosta. Hy\u00f6dynn\u00e4mme edistyneit\u00e4 hiontatekniikoita ja tiukkaa laadunvalvontaa varmistaaksemme, ett\u00e4 jokainen hammaspy\u00f6r\u00e4 t\u00e4ytt\u00e4\u00e4 odotuksesi. Nopea reagointiaikamme \u2013 insin\u00f6\u00f6rit vastaavat 24 tunnin kuluessa \u2013 ja kykymme r\u00e4\u00e4t\u00e4l\u00f6id\u00e4 asiakkaita tekev\u00e4t meist\u00e4 luotettavan kumppanin yrityksille maailmanlaajuisesti.<\/p>\n<p><img loading=\"lazy\" decoding=\"async\" class=\"size-full wp-image-7387 aligncenter\" src=\"https:\/\/fmp-components.com\/wp-content\/uploads\/2025\/03\/Ground-Helical-Gears-Product-2.webp\" alt=\"Maadoitetut kierrevaihteet\" width=\"1200\" height=\"300\" title=\"\" srcset=\"https:\/\/fmp-components.com\/wp-content\/uploads\/2025\/03\/Ground-Helical-Gears-Product-2.webp 1200w, https:\/\/fmp-components.com\/wp-content\/uploads\/2025\/03\/Ground-Helical-Gears-Product-2-980x245.webp 980w, https:\/\/fmp-components.com\/wp-content\/uploads\/2025\/03\/Ground-Helical-Gears-Product-2-480x120.webp 480w\" sizes=\"(min-width: 0px) and (max-width: 480px) 480px, (min-width: 481px) and (max-width: 980px) 980px, (min-width: 981px) 1200px, 100vw\" \/><\/p>\n<\/div>\n<\/div>","protected":false},"excerpt":{"rendered":"<p>When precision, durability, and smooth operation are paramount, Ground Helical Gears emerge as an exceptional choice for power transmission systems. These gears, characterized by their angled teeth and meticulously ground surfaces, offer superior performance in high-load and high-speed applications. At FMP Company, we are proud to manufacture a wide variety of ground helical gears, serving [&hellip;]<\/p>","protected":false},"featured_media":7386,"comment_status":"open","ping_status":"closed","template":"","meta":{"_et_pb_use_builder":"","_et_pb_old_content":"","_et_gb_content_width":""},"product_brand":[],"product_cat":[108],"product_tag":[],"class_list":{"0":"post-7384","1":"product","2":"type-product","3":"status-publish","4":"has-post-thumbnail","6":"product_cat-helical-gear","8":"first","9":"instock","10":"shipping-taxable","11":"product-type-simple"},"_links":{"self":[{"href":"https:\/\/fmp-components.com\/fi\/wp-json\/wp\/v2\/product\/7384","targetHints":{"allow":["GET"]}}],"collection":[{"href":"https:\/\/fmp-components.com\/fi\/wp-json\/wp\/v2\/product"}],"about":[{"href":"https:\/\/fmp-components.com\/fi\/wp-json\/wp\/v2\/types\/product"}],"replies":[{"embeddable":true,"href":"https:\/\/fmp-components.com\/fi\/wp-json\/wp\/v2\/comments?post=7384"}],"wp:featuredmedia":[{"embeddable":true,"href":"https:\/\/fmp-components.com\/fi\/wp-json\/wp\/v2\/media\/7386"}],"wp:attachment":[{"href":"https:\/\/fmp-components.com\/fi\/wp-json\/wp\/v2\/media?parent=7384"}],"wp:term":[{"taxonomy":"product_brand","embeddable":true,"href":"https:\/\/fmp-components.com\/fi\/wp-json\/wp\/v2\/product_brand?post=7384"},{"taxonomy":"product_cat","embeddable":true,"href":"https:\/\/fmp-components.com\/fi\/wp-json\/wp\/v2\/product_cat?post=7384"},{"taxonomy":"product_tag","embeddable":true,"href":"https:\/\/fmp-components.com\/fi\/wp-json\/wp\/v2\/product_tag?post=7384"}],"curies":[{"name":"wp","href":"https:\/\/api.w.org\/{rel}","templated":true}]}}