{"id":7380,"date":"2025-03-24T06:05:22","date_gmt":"2025-03-24T06:05:22","guid":{"rendered":"https:\/\/fmp-components.com\/?post_type=product&#038;p=7380"},"modified":"2025-03-26T08:41:57","modified_gmt":"2025-03-26T08:41:57","slug":"plastic-helical-gear","status":"publish","type":"product","link":"https:\/\/fmp-components.com\/fi\/product\/plastic-helical-gear\/","title":{"rendered":"Muoviset kierukkavaihteet"},"content":{"rendered":"<div>\n<h2>Muoviset kierukkavaihteet<\/h2>\n<p class=\"break-words\">Tehokkaan voimansiirron ja sujuvan toiminnan kannalta muoviset kierukkavaihteet ovat ensisijainen valinta teollisuudelle maailmanlaajuisesti. N\u00e4m\u00e4 vaihteet tunnetaan kulmikkaasta hampaistaan \u200b\u200bja hiljaisesta suorituskyvyst\u00e4\u00e4n, ja ne ovat yh\u00e4 suositumpia sovelluksissa aina autoj\u00e4rjestelmist\u00e4 teollisuuskoneisiin. FMP Companylla olemme erikoistuneet monenlaisten muoviosien valmistukseen. <a href=\"https:\/\/fmp-components.com\/fi\/helical-gears\/\">kierrevaihteet<\/a>, joka tarjoaa sek\u00e4 vakiomalleja ett\u00e4 r\u00e4\u00e4t\u00e4l\u00f6ityj\u00e4 ratkaisuja vastaamaan yritysten monipuolisiin tarpeisiin kaikkialla Italiassa \u2013 Milanon valmistuskeskuksista Venetsian meriteollisuuteen.<\/p>\n<h3>Miksi muoviset kierukkavaihteet?<\/h3>\n<p class=\"break-words\">Muoviset vinohampaiset hammaspy\u00f6r\u00e4t yhdist\u00e4v\u00e4t vinohampaisen rakenteen edut \u2013 kuten asteittaisen hampaiden kytkeytymisen, joka v\u00e4hent\u00e4\u00e4 melua ja suurentaa kuormituskapasiteettia \u2013 muovimateriaalien etuihin, kuten korroosionkest\u00e4vyyteen, kevyeen rakenteeseen ja kustannustehokkuuteen. Toisin kuin metalliset vastineensa, muoviset vinohampaiset hammaspy\u00f6r\u00e4t sopivat ihanteellisesti sovelluksiin, joissa painonpudotus ja hiljaisempi k\u00e4ynti ovat etusijalla, mik\u00e4 tekee niist\u00e4 perustuotteen menestyvill\u00e4 aloilla esimerkiksi Bolognan ja Firenzen kaupungeissa.<\/p>\n<\/div>\n<p><img loading=\"lazy\" decoding=\"async\" class=\"alignnone size-full wp-image-7382\" src=\"https:\/\/fmp-components.com\/wp-content\/uploads\/2025\/03\/plastic-helical-gear-2.webp\" alt=\"muovinen kierukkapy\u00f6r\u00e4\" width=\"900\" height=\"300\" title=\"\" srcset=\"https:\/\/fmp-components.com\/wp-content\/uploads\/2025\/03\/plastic-helical-gear-2.webp 900w, https:\/\/fmp-components.com\/wp-content\/uploads\/2025\/03\/plastic-helical-gear-2-480x160.webp 480w\" sizes=\"(min-width: 0px) and (max-width: 480px) 480px, (min-width: 481px) 900px, 100vw\" \/><\/p>\n<p>\u3001<\/p>\n<div>\n<h4>Muovisissa kierukkavaihteissa k\u00e4ytetyt materiaalit<\/h4>\n<p class=\"break-words\">Muovisen vinohammaspy\u00f6r\u00e4n suorituskyky riippuu suuresti sen valmistusmateriaalista. FMP:ll\u00e4 k\u00e4yt\u00e4mme korkealaatuisia polymeerej\u00e4, jotka on r\u00e4\u00e4t\u00e4l\u00f6ity tiettyihin sovelluksiin. Alla olevassa taulukossa esitet\u00e4\u00e4n yleisi\u00e4 materiaaleja ja niiden ominaisuuksia:<\/p>\n<div class=\"overflow-x-auto my-2\">\n<table style=\"width: 100%;\" border=\"1\" width=\"100%\" cellspacing=\"0\" cellpadding=\"0\">\n<thead class=\"border-b border-primary\/20\">\n<tr class=\"border-primary\/10\">\n<th class=\"break-words\"><strong>Materiaali<\/strong><\/th>\n<th class=\"break-words\"><strong>Ominaisuudet<\/strong><\/th>\n<th class=\"break-words\"><strong>Yleisi\u00e4 sovelluksia<\/strong><\/th>\n<\/tr>\n<\/thead>\n<tbody>\n<tr class=\"border-primary\/10\">\n<td class=\"break-words\"><strong>Nailon (PA)<\/strong><\/td>\n<td class=\"break-words\">Suuri lujuus, kulutuskest\u00e4vyys, pieni kitka<\/td>\n<td class=\"break-words\">Teollisuuskoneet, autonosat<\/td>\n<\/tr>\n<tr class=\"border-primary\/10\">\n<td class=\"break-words\"><strong>POM (asetaali)<\/strong><\/td>\n<td class=\"break-words\">Erinomainen mittapysyvyys, alhainen kosteuden imeytyminen<\/td>\n<td class=\"break-words\">Tarkkuusvaihteet, pumput, kuljettimet<\/td>\n<\/tr>\n<tr class=\"border-primary\/10\">\n<td class=\"break-words\"><strong>KURKISTAA<\/strong><\/td>\n<td class=\"break-words\">Korkea l\u00e4mm\u00f6nkest\u00e4vyys, kemikaalien kest\u00e4vyys<\/td>\n<td class=\"break-words\">Ilmailu, l\u00e4\u00e4kinn\u00e4lliset laitteet<\/td>\n<\/tr>\n<tr class=\"border-primary\/10\">\n<td class=\"break-words\"><strong>Polykarbonaatti (PC)<\/strong><\/td>\n<td class=\"break-words\">Iskunkest\u00e4vyys, l\u00e4pin\u00e4kyvyys<\/td>\n<td class=\"break-words\">Kulutuselektroniikka, kevyet vaihteet<\/td>\n<\/tr>\n<tr class=\"border-primary\/10\">\n<td class=\"break-words\"><strong>PP (polypropeeni)<\/strong><\/td>\n<td class=\"break-words\">Kevyt, kemikaalinkest\u00e4v\u00e4<\/td>\n<td class=\"break-words\">Nestej\u00e4rjestelm\u00e4t, matalan kuormituksen sovellukset<\/td>\n<\/tr>\n<\/tbody>\n<\/table>\n<\/div>\n<p class=\"break-words\">N\u00e4iden materiaalien ansiosta voimme valmistaa vaihteita, jotka t\u00e4ytt\u00e4v\u00e4t teollisuuden erityisvaatimukset Milanossa, jossa tarkkuustekniikka on vallitsevaa, tai Venetsiassa, jossa korroosionkest\u00e4v\u00e4t komponentit ovat v\u00e4ltt\u00e4m\u00e4tt\u00f6mi\u00e4 meriymp\u00e4rist\u00f6iss\u00e4.<\/p>\n<h4>Saatavilla olevat muovisten kierukkavaihteiden mallit<\/h4>\n<p class=\"break-words\">FMP Company tarjoaa laajan valikoiman muovisia vinohammaspy\u00f6ri\u00e4 erilaisiin tarpeisiin. Alla olevassa taulukossa esitell\u00e4\u00e4n joitakin vakiomallejamme, vaikkakin osaamisemme ulottuu paljon t\u00e4t\u00e4 listaa pidemm\u00e4lle:<\/p>\n<div class=\"overflow-x-auto my-2\">\n<table style=\"width: 100%;\" border=\"1\" width=\"100%\" cellspacing=\"0\" cellpadding=\"0\">\n<thead class=\"border-b border-primary\/20\">\n<tr class=\"border-primary\/10\">\n<th class=\"break-words\"><strong>Malli<\/strong><\/th>\n<th class=\"break-words\"><strong>Moduuli<\/strong><\/th>\n<th class=\"break-words\"><strong>Hampaiden lukum\u00e4\u00e4r\u00e4<\/strong><\/th>\n<th class=\"break-words\"><strong>Painekulma<\/strong><\/th>\n<th class=\"break-words\"><strong>Helix-kulma<\/strong><\/th>\n<th class=\"break-words\"><strong>Materiaalivaihtoehdot<\/strong><\/th>\n<\/tr>\n<\/thead>\n<tbody>\n<tr class=\"border-primary\/10\">\n<td class=\"break-words\">PHG-101<\/td>\n<td class=\"break-words\">1.0<\/td>\n<td class=\"break-words\">20<\/td>\n<td class=\"break-words\">20\u00b0<\/td>\n<td class=\"break-words\">15\u00b0<\/td>\n<td class=\"break-words\">Nailon, POM<\/td>\n<\/tr>\n<tr class=\"border-primary\/10\">\n<td class=\"break-words\">PHG-152<\/td>\n<td class=\"break-words\">1.5<\/td>\n<td class=\"break-words\">30<\/td>\n<td class=\"break-words\">20\u00b0<\/td>\n<td class=\"break-words\">20\u00b0<\/td>\n<td class=\"break-words\">POM, PEEK<\/td>\n<\/tr>\n<tr class=\"border-primary\/10\">\n<td class=\"break-words\">PHG-203<\/td>\n<td class=\"break-words\">2.0<\/td>\n<td class=\"break-words\">25<\/td>\n<td class=\"break-words\">20\u00b0<\/td>\n<td class=\"break-words\">15\u00b0<\/td>\n<td class=\"break-words\">Nailon, Polykarbonaatti<\/td>\n<\/tr>\n<tr class=\"border-primary\/10\">\n<td class=\"break-words\">PHG-305<\/td>\n<td class=\"break-words\">3.0<\/td>\n<td class=\"break-words\">40<\/td>\n<td class=\"break-words\">20\u00b0<\/td>\n<td class=\"break-words\">25\u00b0<\/td>\n<td class=\"break-words\">PEEK, PP<\/td>\n<\/tr>\n<tr class=\"border-primary\/10\">\n<td class=\"break-words\">PHG-mukautettu<\/td>\n<td class=\"break-words\">Mukautettu<\/td>\n<td class=\"break-words\">Mukautettu<\/td>\n<td class=\"break-words\">Mukautettu<\/td>\n<td class=\"break-words\">Mukautettu<\/td>\n<td class=\"break-words\">Mik\u00e4 tahansa<\/td>\n<\/tr>\n<\/tbody>\n<\/table>\n<\/div>\n<p class=\"break-words\">N\u00e4m\u00e4 mallit on suunniteltu monenlaisiin k\u00e4ytt\u00f6tarkoituksiin Firenzen k\u00e4sity\u00f6pajojen pienimuotoisista laitteista Bolognan teollisuusalueiden raskaisiin j\u00e4rjestelmiin. Jokainen vaihde on suunniteltu optimaalista suorituskyky\u00e4 varten, mik\u00e4 varmistaa sujuvan voimansiirron ja kest\u00e4vyyden.<\/p>\n<div>\n<h3>FMP-yritys: Kumppanisi muovisten kierukkavaihteiden toimittamiseen Italiassa<\/h3>\n<p class=\"break-words\">FMP:ll\u00e4 olemme ylpeit\u00e4 siit\u00e4, ett\u00e4 olemme Italian johtava muovisten vinohammaspy\u00f6rien valmistaja. Olitpa sitten Milanossa, Venetsiassa, Firenzess\u00e4 tai Bolognassa, tarjoamme:<\/p>\n<ul class=\"marker:text-secondary\">\n<li class=\"break-words\"><strong>Monipuolinen tuotevalikoima<\/strong>Vakiomalleista erikoismalleihin, katamme kaikki varustetarpeesi.<\/li>\n<li class=\"break-words\"><strong>R\u00e4\u00e4t\u00e4l\u00f6intipalvelut<\/strong>Tarvitsetko ainutlaatuisen hammaspy\u00f6r\u00e4n tiettyyn projektiin? Tiimimme voi suunnitella ja valmistaa mittatilausty\u00f6n\u00e4 valmistettuja muovisia vinohammaspy\u00f6ri\u00e4 tarkkojen eritelmiesi mukaisesti.<\/li>\n<li class=\"break-words\"><strong>Paikallinen asiantuntemus<\/strong>Ymm\u00e4rr\u00e4mme Italian teollisuusmaiseman ja varmistamme, ett\u00e4 ratkaisumme vastaavat paikallisten markkinoiden tarpeita.<\/li>\n<\/ul>\n<h3>Etk\u00f6 l\u00f6yd\u00e4 malliasi?<\/h3>\n<p class=\"break-words\">Jos tarvitsemaasi mallia ei l\u00f6ydy yll\u00e4 olevasta luettelosta, \u00e4l\u00e4 huoli \u2013 tuoteluettelomme kehittyy jatkuvasti. On mahdollista, ett\u00e4 emme ole viel\u00e4 ladanneet uusimpia lis\u00e4yksi\u00e4. L\u00e4het\u00e4 meille vain s\u00e4hk\u00f6postia vaatimuksistasi, niin taitavat insin\u00f6\u00f6rimme vastaavat ratkaisulla 24 tunnin kuluessa.<\/p>\n<\/div>\n<\/div>","protected":false},"excerpt":{"rendered":"<p>Plastic Helical Gears When it comes to efficient power transmission and smooth operation, Plastic Helical Gears are a top choice for industries worldwide. Known for their angled teeth and quiet performance, these gears are increasingly popular in applications ranging from automotive systems to industrial machinery. At FMP Company, we specialize in manufacturing a wide range [&hellip;]<\/p>","protected":false},"featured_media":7381,"comment_status":"open","ping_status":"closed","template":"","meta":{"_et_pb_use_builder":"","_et_pb_old_content":"","_et_gb_content_width":""},"product_brand":[],"product_cat":[108],"product_tag":[],"class_list":{"0":"post-7380","1":"product","2":"type-product","3":"status-publish","4":"has-post-thumbnail","6":"product_cat-helical-gear","8":"first","9":"instock","10":"shipping-taxable","11":"product-type-simple"},"_links":{"self":[{"href":"https:\/\/fmp-components.com\/fi\/wp-json\/wp\/v2\/product\/7380","targetHints":{"allow":["GET"]}}],"collection":[{"href":"https:\/\/fmp-components.com\/fi\/wp-json\/wp\/v2\/product"}],"about":[{"href":"https:\/\/fmp-components.com\/fi\/wp-json\/wp\/v2\/types\/product"}],"replies":[{"embeddable":true,"href":"https:\/\/fmp-components.com\/fi\/wp-json\/wp\/v2\/comments?post=7380"}],"wp:featuredmedia":[{"embeddable":true,"href":"https:\/\/fmp-components.com\/fi\/wp-json\/wp\/v2\/media\/7381"}],"wp:attachment":[{"href":"https:\/\/fmp-components.com\/fi\/wp-json\/wp\/v2\/media?parent=7380"}],"wp:term":[{"taxonomy":"product_brand","embeddable":true,"href":"https:\/\/fmp-components.com\/fi\/wp-json\/wp\/v2\/product_brand?post=7380"},{"taxonomy":"product_cat","embeddable":true,"href":"https:\/\/fmp-components.com\/fi\/wp-json\/wp\/v2\/product_cat?post=7380"},{"taxonomy":"product_tag","embeddable":true,"href":"https:\/\/fmp-components.com\/fi\/wp-json\/wp\/v2\/product_tag?post=7380"}],"curies":[{"name":"wp","href":"https:\/\/api.w.org\/{rel}","templated":true}]}}