{"id":7369,"date":"2025-03-24T02:45:01","date_gmt":"2025-03-24T02:45:01","guid":{"rendered":"https:\/\/fmp-components.com\/?post_type=product&#038;p=7369"},"modified":"2025-03-26T08:42:56","modified_gmt":"2025-03-26T08:42:56","slug":"mining-machinery-carburized-helical-gear","status":"publish","type":"product","link":"https:\/\/fmp-components.com\/fi\/product\/mining-machinery-carburized-helical-gear\/","title":{"rendered":"Kaivoskoneiden hiiletetyt kierukkavaihteet"},"content":{"rendered":"<div class=\"sliderTable mt10 mb10 sliderTable-index0 change-to-org\">\n<div class=\"inner\">\n<div>\n<p class=\"break-words\">Alan johtavana valmistajana FMP Company on erikoistunut laajan valikoiman kaivoskoneiden hiiletettyjen ter\u00e4sten valmistukseen. <a href=\"https:\/\/fmp-components.com\/fi\/helical-gears\/\">Kierrevaihteet<\/a> Suunniteltu vastaamaan kaivostoiminnan vaativiin tarpeisiin. Vaihteistomme valmistetaan tarkasti ja niiss\u00e4 k\u00e4ytet\u00e4\u00e4n edistyneit\u00e4 hiiletystekniikoita, jotka takaavat poikkeuksellisen kest\u00e4vyyden, lujuuden ja suorituskyvyn \u00e4\u00e4rimm\u00e4isiss\u00e4 olosuhteissa. Tarvitsetpa sitten vakiomalleja tai r\u00e4\u00e4t\u00e4l\u00f6ityj\u00e4 ratkaisuja, FMP tarjoaa r\u00e4\u00e4t\u00e4l\u00f6ityj\u00e4 vaihtoehtoja, jotka on r\u00e4\u00e4t\u00e4l\u00f6ity erityistarpeisiisi varmistaen kaivoskoneidesi optimaalisen tehokkuuden ja luotettavuuden.<\/p>\n<p class=\"break-words\">FMP:ll\u00e4 olemme ylpeit\u00e4 laajasta tuotevalikoimastamme, mutta jos et l\u00f6yd\u00e4 luettelostamme juuri sit\u00e4 kaivoskoneiden hiiletettyjen kierukkavaihteiden mallia, ei h\u00e4t\u00e4\u00e4 \u2013 se tarkoittaa yksinkertaisesti sit\u00e4, ettemme ole viel\u00e4 ehtineet listata sit\u00e4. Kannustamme sinua ottamaan meihin yhteytt\u00e4 s\u00e4hk\u00f6postitse ja kertomaan etsim\u00e4si mallin tiedot. Omistautunut insin\u00f6\u00f6ritiimimme vastaa 24 tunnin kuluessa ja tarjoaa asiantuntevaa ohjausta ja ratkaisuja tarpeisiisi varmistaen, ett\u00e4 saat t\u00e4ydellisen vaihteen sovellukseesi.<\/p>\n<p><img loading=\"lazy\" decoding=\"async\" class=\"wp-image-7378 aligncenter\" src=\"https:\/\/fmp-components.com\/wp-content\/uploads\/2025\/03\/Mining-Machinery-Carburized-Helical-Gear-1.webp\" alt=\"Kaivoskoneiden hiiletetyt kierukkavaihteet\" width=\"899\" height=\"600\" title=\"\" srcset=\"https:\/\/fmp-components.com\/wp-content\/uploads\/2025\/03\/Mining-Machinery-Carburized-Helical-Gear-1.webp 899w, https:\/\/fmp-components.com\/wp-content\/uploads\/2025\/03\/Mining-Machinery-Carburized-Helical-Gear-1-480x320.webp 480w\" sizes=\"(min-width: 0px) and (max-width: 480px) 480px, (min-width: 481px) 899px, 100vw\" \/><\/p>\n<\/div>\n<h2>Tekniset tiedot<\/h2>\n<table border=\"1\" width=\"100%\">\n<tbody>\n<tr class=\"firstRow\">\n<th colspan=\"2\" valign=\"top\">Vaihteiden perustiedot<\/th>\n<\/tr>\n<tr>\n<td valign=\"center\">Vaihteen hampaan muoto<\/td>\n<td valign=\"center\">evolventti<\/td>\n<\/tr>\n<tr>\n<td valign=\"center\">Vaihteiden materiaali<\/td>\n<td valign=\"center\">18CrNiMo6<\/td>\n<\/tr>\n<tr>\n<td valign=\"center\">Vaihdeprosessi<\/td>\n<td valign=\"center\">taonta, hiiletys, taso- ja sis\u00e4hionta, hammashionta, linjaleikkaus<\/td>\n<\/tr>\n<tr>\n<td valign=\"center\">Painekulma<\/td>\n<td valign=\"center\">20\u00b0<\/td>\n<\/tr>\n<tr>\n<td valign=\"center\">Laatutaso<\/td>\n<td valign=\"center\">DIN 3962 luokka 6<\/td>\n<\/tr>\n<tr>\n<td valign=\"center\">Vaihteiston tyyppi<\/td>\n<td valign=\"center\">M=9, Z=33, a=20\u00b0, \u03b2=8\u00b0, x=0,2, oikeak\u00e4tinen<\/td>\n<\/tr>\n<\/tbody>\n<\/table>\n<\/div>\n<\/div>\n<h3>Vaihteiden\/urien ominaisuudet<\/h3>\n<div class=\"sliderTable mt10 mb10 sliderTable-index1 change-to-org\">\n<div class=\"inner\">\n<table border=\"1\" width=\"100%\">\n<tbody>\n<tr class=\"firstRow\">\n<th colspan=\"4\" valign=\"top\">Sis\u00e4iset hammaspy\u00f6r\u00e4t ja sis\u00e4iset urat<\/th>\n<\/tr>\n<tr>\n<td valign=\"top\"><\/td>\n<td valign=\"top\">JYRSINT\u00c4<\/td>\n<td valign=\"top\">MUOTOILU<\/td>\n<td valign=\"top\">HAMPAIDEN HIOMA<\/td>\n<\/tr>\n<tr>\n<td valign=\"top\">Suurin ulkohalkaisija<\/td>\n<td valign=\"top\">2500 mm<\/td>\n<td valign=\"top\">2500 mm<\/td>\n<td valign=\"top\">2500 mm<\/td>\n<\/tr>\n<tr>\n<td valign=\"top\">V\u00e4himm\u00e4ishenkil\u00f6llisyystodistus<\/td>\n<td valign=\"top\">650 mm<\/td>\n<td valign=\"top\">50 mm<\/td>\n<td valign=\"top\">100 mm<\/td>\n<\/tr>\n<tr>\n<td valign=\"top\">Suurin kasvojen leveys<\/td>\n<td valign=\"top\">500 mm<\/td>\n<td valign=\"top\">500 mm<\/td>\n<td valign=\"top\">500 mm<\/td>\n<\/tr>\n<tr>\n<td valign=\"top\">Suurin halkaisijan nousu<\/td>\n<td valign=\"top\">DP 1<\/td>\n<td valign=\"top\">DP 1<\/td>\n<td valign=\"top\">DP 0.5<\/td>\n<\/tr>\n<tr>\n<td valign=\"top\">Maksimimoduuli<\/td>\n<td valign=\"top\">26 mm<\/td>\n<td valign=\"top\">26 mm<\/td>\n<td valign=\"top\">45 mm<\/td>\n<\/tr>\n<tr>\n<td valign=\"top\">AGMA-taso\/ DIN-taso<\/td>\n<td valign=\"top\">DIN-luokka 8<\/td>\n<td valign=\"top\">DIN-luokka 8<\/td>\n<td valign=\"top\">DIN-luokka 4<\/td>\n<\/tr>\n<tr>\n<td valign=\"top\">Hampaan pinnan viimeistely<\/td>\n<td valign=\"top\">Ra 3.2<\/td>\n<td valign=\"top\">Ra 3.2<\/td>\n<td valign=\"top\">Ra 0,6<\/td>\n<\/tr>\n<tr>\n<td valign=\"top\">Suurin kierrekulma<\/td>\n<td valign=\"top\">\u00b122,5\u00b0<\/td>\n<td valign=\"top\">\u00b122,5\u00b0<\/td>\n<td valign=\"top\">\u00b145\u00b0<\/td>\n<\/tr>\n<tr>\n<th colspan=\"4\" valign=\"top\">Ulkoiset hammaspy\u00f6r\u00e4t ja ulkoiset urat<\/th>\n<\/tr>\n<tr>\n<td valign=\"top\"><\/td>\n<td valign=\"top\">HOBBING<\/td>\n<td valign=\"top\">JYRSINT\u00c4<\/td>\n<td valign=\"top\">HAMPAIDEN HIOMA<\/td>\n<\/tr>\n<tr>\n<td valign=\"top\">Suurin ulkohalkaisija<\/td>\n<td valign=\"top\">1250 mm<\/td>\n<td valign=\"top\">2500 mm<\/td>\n<td valign=\"top\">2500 mm<\/td>\n<\/tr>\n<tr>\n<td valign=\"top\">Minimiulotteinen ulkohalkaisija<\/td>\n<td valign=\"top\">20 mm<\/td>\n<td valign=\"top\">200 mm<\/td>\n<td valign=\"top\">20 mm<\/td>\n<\/tr>\n<tr>\n<td valign=\"top\">Suurin kasvojen leveys<\/td>\n<td valign=\"top\">500 mm<\/td>\n<td valign=\"top\">500 mm<\/td>\n<td valign=\"top\">1480 mm<\/td>\n<\/tr>\n<tr>\n<td valign=\"top\">Suurin halkaisijan nousu<\/td>\n<td valign=\"top\">DP 1<\/td>\n<td valign=\"top\">DP 1<\/td>\n<td valign=\"top\">DP 0.5<\/td>\n<\/tr>\n<tr>\n<td valign=\"top\">Maksimimoduuli<\/td>\n<td valign=\"top\">26 mm<\/td>\n<td valign=\"top\">26 mm<\/td>\n<td valign=\"top\">45 mm<\/td>\n<\/tr>\n<tr>\n<td valign=\"top\">AGMA-taso\/ DIN-taso<\/td>\n<td valign=\"top\">DIN-luokka 8<\/td>\n<td valign=\"top\">DIN-luokka 8<\/td>\n<td valign=\"top\">DIN-luokka 4<\/td>\n<\/tr>\n<tr>\n<td valign=\"top\">Hampaan pinnan viimeistely<\/td>\n<td valign=\"top\">Ra 3.2<\/td>\n<td valign=\"top\">Ra 3.2<\/td>\n<td valign=\"top\">Ra 0,6<\/td>\n<\/tr>\n<tr>\n<td valign=\"top\">Suurin kierrekulma<\/td>\n<td valign=\"top\">\u00b145\u00b0<\/td>\n<td valign=\"top\">\u00b145\u00b0<\/td>\n<td valign=\"top\">\u00b145\u00b0<\/td>\n<\/tr>\n<\/tbody>\n<\/table>\n<\/div>\n<\/div>","protected":false},"excerpt":{"rendered":"<ul class=\"pro-info-list fix\">\n<li class=\"prod-specifics-brand\"><label>Vaihteiston hampaan muoto:\u00a0<\/label>evolventti<\/li>\n<li class=\"prod-specifics-brand\"><label>Vaihteiden materiaali:<\/label>18CrNiMo6<\/li>\n<li class=\"prod-specifics-brand\"><label>Painekulma:<\/label>20\u00b0<\/li>\n<li class=\"prod-specifics-brand\"><label>Laatutaso:\u00a0<\/label>DIN 3962 luokka 6<\/li>\n<\/ul>","protected":false},"featured_media":4595,"comment_status":"open","ping_status":"closed","template":"","meta":{"_et_pb_use_builder":"","_et_pb_old_content":"","_et_gb_content_width":""},"product_brand":[],"product_cat":[108],"product_tag":[],"class_list":{"0":"post-7369","1":"product","2":"type-product","3":"status-publish","4":"has-post-thumbnail","6":"product_cat-helical-gear","8":"first","9":"instock","10":"shipping-taxable","11":"product-type-simple"},"_links":{"self":[{"href":"https:\/\/fmp-components.com\/fi\/wp-json\/wp\/v2\/product\/7369","targetHints":{"allow":["GET"]}}],"collection":[{"href":"https:\/\/fmp-components.com\/fi\/wp-json\/wp\/v2\/product"}],"about":[{"href":"https:\/\/fmp-components.com\/fi\/wp-json\/wp\/v2\/types\/product"}],"replies":[{"embeddable":true,"href":"https:\/\/fmp-components.com\/fi\/wp-json\/wp\/v2\/comments?post=7369"}],"wp:featuredmedia":[{"embeddable":true,"href":"https:\/\/fmp-components.com\/fi\/wp-json\/wp\/v2\/media\/4595"}],"wp:attachment":[{"href":"https:\/\/fmp-components.com\/fi\/wp-json\/wp\/v2\/media?parent=7369"}],"wp:term":[{"taxonomy":"product_brand","embeddable":true,"href":"https:\/\/fmp-components.com\/fi\/wp-json\/wp\/v2\/product_brand?post=7369"},{"taxonomy":"product_cat","embeddable":true,"href":"https:\/\/fmp-components.com\/fi\/wp-json\/wp\/v2\/product_cat?post=7369"},{"taxonomy":"product_tag","embeddable":true,"href":"https:\/\/fmp-components.com\/fi\/wp-json\/wp\/v2\/product_tag?post=7369"}],"curies":[{"name":"wp","href":"https:\/\/api.w.org\/{rel}","templated":true}]}}