{"id":7367,"date":"2025-03-24T02:34:28","date_gmt":"2025-03-24T02:34:28","guid":{"rendered":"https:\/\/fmp-components.com\/?post_type=product&#038;p=7367"},"modified":"2025-03-26T08:43:11","modified_gmt":"2025-03-26T08:43:11","slug":"metallurgy-machinery-soft-tooth-flank-helical-gear","status":"publish","type":"product","link":"https:\/\/fmp-components.com\/fi\/product\/metallurgy-machinery-soft-tooth-flank-helical-gear\/","title":{"rendered":"Metallurgiakoneet Pehme\u00e4hampainen kylkipy\u00f6r\u00e4"},"content":{"rendered":"<div class=\"sliderTable mt10 mb10 sliderTable-index0 change-to-org\">\n<div class=\"inner\">\n<p>Alan johtavana valmistajana FMP Company on erikoistunut laajan valikoiman metallurgisten koneiden pehme\u00e4hampaisia \u200b\u200b\u200b\u200bkylkivaihteita valmistamaan, jotka on suunniteltu vastaamaan erilaisiin teollisuuden tarpeisiin. Tuotteemme on suunniteltu tarkasti, mik\u00e4 varmistaa optimaalisen suorituskyvyn, kest\u00e4vyyden ja tehokkuuden sovelluksissa, kuten raskaissa koneissa, kaivoslaitteissa ja metallurgisissa prosessij\u00e4rjestelmiss\u00e4. Tarvitsetpa sitten vakiom\u00e4\u00e4rityksi\u00e4 tai ainutlaatuisia, toimintoihisi r\u00e4\u00e4t\u00e4l\u00f6ityj\u00e4 malleja, FMP tarjoaa r\u00e4\u00e4t\u00e4l\u00f6intipalveluita toimittaakseen vaihteita, jotka vastaavat t\u00e4ydellisesti tarpeitasi, parantavat tuottavuutta ja v\u00e4hent\u00e4v\u00e4t seisokkiaikoja.<\/p>\n<p>Jos et l\u00f6yd\u00e4 tietty\u00e4 Metallurgy Machinery Soft Tooth Flank -mallia <a href=\"https:\/\/fmp-components.com\/fi\/helical-gears\/\">Kierukkavaihteisto<\/a> Jos etsit jotakin tuoteluettelostamme, \u00e4l\u00e4 huoli \u2013 emme ehk\u00e4 ole viel\u00e4 ehtineet p\u00e4ivitt\u00e4\u00e4 sit\u00e4. FMP:ll\u00e4 olemme sitoutuneet vastaamaan tarpeisiisi, joten l\u00e4het\u00e4 meille s\u00e4hk\u00f6postia ja kerro meille tarvitsemasi mallin tiedot. Omistautunut insin\u00f6\u00f6ritiimimme vastaa 24 tunnin kuluessa ja tarjoaa asiantuntevaa ohjausta ja ratkaisuja varmistaakseen, ett\u00e4 saat juuri tarvitsemasi tuotteen projektiisi. Ota yhteytt\u00e4 jo t\u00e4n\u00e4\u00e4n ja selvit\u00e4, kuinka FMP voi tukea yrityst\u00e4si huippulaatuisilla vinohampaisilla hammaspy\u00f6rill\u00e4!<\/p>\n<h2>Tekniset tiedot<\/h2>\n<table border=\"1\" width=\"100%\">\n<tbody>\n<tr class=\"firstRow\">\n<th colspan=\"2\" valign=\"top\">Vaihteiden perustiedot<\/th>\n<\/tr>\n<tr>\n<td valign=\"center\">Vaihteen hampaan muoto<\/td>\n<td valign=\"center\">evolventti<\/td>\n<\/tr>\n<tr>\n<td valign=\"center\">Vaihteiden materiaali<\/td>\n<td valign=\"center\">45<\/td>\n<\/tr>\n<tr>\n<td valign=\"center\">Vaihdeprosessi<\/td>\n<td valign=\"center\">taonta, sorvaus, vierint\u00e4jyrsint\u00e4, ulkopuolinen hionta, kiilaurajyrsint\u00e4, hammashionta<\/td>\n<\/tr>\n<tr>\n<td valign=\"center\">Painekulma<\/td>\n<td valign=\"center\">20\u00b0<\/td>\n<\/tr>\n<tr>\n<td valign=\"center\">Laatutaso<\/td>\n<td valign=\"center\">DIN 3962 luokka 6<\/td>\n<\/tr>\n<tr>\n<td valign=\"center\">Vaihteiston tyyppi<\/td>\n<td valign=\"center\">Mn=3, Z=128, \u03b2=11,5\u00b0, \u03b1=20\u00b0, vasenk\u00e4tinen<\/td>\n<\/tr>\n<\/tbody>\n<\/table>\n<\/div>\n<\/div>\n<p><strong>Vaihteiden\/urien ominaisuudet<\/strong><\/p>\n<div class=\"sliderTable mt10 mb10 sliderTable-index1 change-to-org\">\n<div class=\"inner\">\n<table border=\"1\" width=\"100%\">\n<tbody>\n<tr class=\"firstRow\">\n<th colspan=\"4\" valign=\"top\">Sis\u00e4iset hammaspy\u00f6r\u00e4t ja sis\u00e4iset urat<\/th>\n<\/tr>\n<tr>\n<td valign=\"top\"><\/td>\n<td valign=\"top\">JYRSINT\u00c4<\/td>\n<td valign=\"top\">MUOTOILU<\/td>\n<td valign=\"top\">HAMPAIDEN HIOMA<\/td>\n<\/tr>\n<tr>\n<td valign=\"top\">Suurin ulkohalkaisija<\/td>\n<td valign=\"top\">2500 mm<\/td>\n<td valign=\"top\">2500 mm<\/td>\n<td valign=\"top\">2500 mm<\/td>\n<\/tr>\n<tr>\n<td valign=\"top\">V\u00e4himm\u00e4ishenkil\u00f6llisyystodistus<\/td>\n<td valign=\"top\">650 mm<\/td>\n<td valign=\"top\">50 mm<\/td>\n<td valign=\"top\">100 mm<\/td>\n<\/tr>\n<tr>\n<td valign=\"top\">Suurin kasvojen leveys<\/td>\n<td valign=\"top\">500 mm<\/td>\n<td valign=\"top\">500 mm<\/td>\n<td valign=\"top\">500 mm<\/td>\n<\/tr>\n<tr>\n<td valign=\"top\">Suurin halkaisijan nousu<\/td>\n<td valign=\"top\">DP 1<\/td>\n<td valign=\"top\">DP 1<\/td>\n<td valign=\"top\">DP 0.5<\/td>\n<\/tr>\n<tr>\n<td valign=\"top\">Maksimimoduuli<\/td>\n<td valign=\"top\">26 mm<\/td>\n<td valign=\"top\">26 mm<\/td>\n<td valign=\"top\">45 mm<\/td>\n<\/tr>\n<tr>\n<td valign=\"top\">AGMA-taso\/ DIN-taso<\/td>\n<td valign=\"top\">DIN-luokka 8<\/td>\n<td valign=\"top\">DIN-luokka 8<\/td>\n<td valign=\"top\">DIN-luokka 4<\/td>\n<\/tr>\n<tr>\n<td valign=\"top\">Hampaan pinnan viimeistely<\/td>\n<td valign=\"top\">Ra 3.2<\/td>\n<td valign=\"top\">Ra 3.2<\/td>\n<td valign=\"top\">Ra 0,6<\/td>\n<\/tr>\n<tr>\n<td valign=\"top\">Suurin kierrekulma<\/td>\n<td valign=\"top\">\u00b122,5\u00b0<\/td>\n<td valign=\"top\">\u00b122,5\u00b0<\/td>\n<td valign=\"top\">\u00b145\u00b0<\/td>\n<\/tr>\n<tr>\n<th colspan=\"4\" valign=\"top\">Ulkoiset hammaspy\u00f6r\u00e4t ja ulkoiset urat<\/th>\n<\/tr>\n<tr>\n<td valign=\"top\"><\/td>\n<td valign=\"top\">HOBBING<\/td>\n<td valign=\"top\">JYRSINT\u00c4<\/td>\n<td valign=\"top\">HAMPAIDEN HIOMA<\/td>\n<\/tr>\n<tr>\n<td valign=\"top\">Suurin ulkohalkaisija<\/td>\n<td valign=\"top\">1250 mm<\/td>\n<td valign=\"top\">2500 mm<\/td>\n<td valign=\"top\">2500 mm<\/td>\n<\/tr>\n<tr>\n<td valign=\"top\">Minimiulotteinen ulkohalkaisija<\/td>\n<td valign=\"top\">20 mm<\/td>\n<td valign=\"top\">200 mm<\/td>\n<td valign=\"top\">20 mm<\/td>\n<\/tr>\n<tr>\n<td valign=\"top\">Suurin kasvojen leveys<\/td>\n<td valign=\"top\">500 mm<\/td>\n<td valign=\"top\">500 mm<\/td>\n<td valign=\"top\">1480 mm<\/td>\n<\/tr>\n<tr>\n<td valign=\"top\">Suurin halkaisijan nousu<\/td>\n<td valign=\"top\">DP 1<\/td>\n<td valign=\"top\">DP 1<\/td>\n<td valign=\"top\">DP 0.5<\/td>\n<\/tr>\n<tr>\n<td valign=\"top\">Maksimimoduuli<\/td>\n<td valign=\"top\">26 mm<\/td>\n<td valign=\"top\">26 mm<\/td>\n<td valign=\"top\">45 mm<\/td>\n<\/tr>\n<tr>\n<td valign=\"top\">AGMA-taso\/ DIN-taso<\/td>\n<td valign=\"top\">DIN-luokka 8<\/td>\n<td valign=\"top\">DIN-luokka 8<\/td>\n<td valign=\"top\">DIN-luokka 4<\/td>\n<\/tr>\n<tr>\n<td valign=\"top\">Hampaan pinnan viimeistely<\/td>\n<td valign=\"top\">Ra 3.2<\/td>\n<td valign=\"top\">Ra 3.2<\/td>\n<td valign=\"top\">Ra 0,6<\/td>\n<\/tr>\n<tr>\n<td valign=\"top\">Suurin kierrekulma<\/td>\n<td valign=\"top\">\u00b145\u00b0<\/td>\n<td valign=\"top\">\u00b145\u00b0<\/td>\n<td valign=\"top\">\u00b145\u00b0<\/td>\n<\/tr>\n<\/tbody>\n<\/table>\n<\/div>\n<\/div>","protected":false},"excerpt":{"rendered":"<ul class=\"pro-info-list fix\">\n<li class=\"prod-specifics-brand\"><label>Vaihteiston hampaan muoto:\u00a0<\/label>evolventti<\/li>\n<li class=\"prod-specifics-brand\"><label>Vaihteiden materiaali:<\/label>45<\/li>\n<li class=\"prod-specifics-brand\"><label>Painekulma:<\/label>20\u00b0<\/li>\n<li class=\"prod-specifics-brand\"><label>Laatutaso:\u00a0<\/label>DIN 3962 luokka 6<\/li>\n<\/ul>","protected":false},"featured_media":4594,"comment_status":"open","ping_status":"closed","template":"","meta":{"_et_pb_use_builder":"","_et_pb_old_content":"","_et_gb_content_width":""},"product_brand":[],"product_cat":[108],"product_tag":[],"class_list":{"0":"post-7367","1":"product","2":"type-product","3":"status-publish","4":"has-post-thumbnail","6":"product_cat-helical-gear","8":"first","9":"instock","10":"shipping-taxable","11":"product-type-simple"},"_links":{"self":[{"href":"https:\/\/fmp-components.com\/fi\/wp-json\/wp\/v2\/product\/7367","targetHints":{"allow":["GET"]}}],"collection":[{"href":"https:\/\/fmp-components.com\/fi\/wp-json\/wp\/v2\/product"}],"about":[{"href":"https:\/\/fmp-components.com\/fi\/wp-json\/wp\/v2\/types\/product"}],"replies":[{"embeddable":true,"href":"https:\/\/fmp-components.com\/fi\/wp-json\/wp\/v2\/comments?post=7367"}],"wp:featuredmedia":[{"embeddable":true,"href":"https:\/\/fmp-components.com\/fi\/wp-json\/wp\/v2\/media\/4594"}],"wp:attachment":[{"href":"https:\/\/fmp-components.com\/fi\/wp-json\/wp\/v2\/media?parent=7367"}],"wp:term":[{"taxonomy":"product_brand","embeddable":true,"href":"https:\/\/fmp-components.com\/fi\/wp-json\/wp\/v2\/product_brand?post=7367"},{"taxonomy":"product_cat","embeddable":true,"href":"https:\/\/fmp-components.com\/fi\/wp-json\/wp\/v2\/product_cat?post=7367"},{"taxonomy":"product_tag","embeddable":true,"href":"https:\/\/fmp-components.com\/fi\/wp-json\/wp\/v2\/product_tag?post=7367"}],"curies":[{"name":"wp","href":"https:\/\/api.w.org\/{rel}","templated":true}]}}