{"id":7366,"date":"2025-03-24T02:32:27","date_gmt":"2025-03-24T02:32:27","guid":{"rendered":"https:\/\/fmp-components.com\/?post_type=product&#038;p=7366"},"modified":"2025-03-26T08:43:42","modified_gmt":"2025-03-26T08:43:42","slug":"beverage-packing-machinery-helical-gear","status":"publish","type":"product","link":"https:\/\/fmp-components.com\/fi\/product\/beverage-packing-machinery-helical-gear\/","title":{"rendered":"Juomapakkauskoneiden kierukkavaihteet"},"content":{"rendered":"<div class=\"sliderTable mt10 mb10 sliderTable-index0 change-to-org\">\n<div class=\"inner\">\n<div>\n<h2>Kierukkavaihteiden rooli juomapakkauskoneissa<\/h2>\n<p class=\"break-words\">Kierukkavaihteilla on t\u00e4rke\u00e4 rooli juomien pakkauskoneissa, sill\u00e4 ne parantavat tehokkuutta ja tarkkuutta suurnopeustuotantolinjoilla. Toisin kuin perinteiset... <a href=\"https:\/\/fmp-components.com\/fi\/spur-gear-2\/\">lieri\u00f6py\u00f6r\u00e4t<\/a>, <a href=\"https:\/\/fmp-components.com\/fi\/helical-gears\/\">kierrevaihteet<\/a> niiss\u00e4 on kulmikkaat hampaat, jotka takaavat tasaisemman ja hiljaisemman toiminnan sek\u00e4 suuremman kuormituskapasiteetin. T\u00e4m\u00e4 tekee niist\u00e4 erinomaisen valinnan juomapakkausten vaativaan ymp\u00e4rist\u00f6\u00f6n, jossa tasainen suorituskyky ja lyhyemm\u00e4t seisokkiajat ovat olennaisia. Minimoimalla t\u00e4rin\u00e4\u00e4 ja kulumista kierrehammaspy\u00f6r\u00e4t parantavat koneiden kest\u00e4vyytt\u00e4, mik\u00e4 tekee niist\u00e4 v\u00e4ltt\u00e4m\u00e4tt\u00f6mi\u00e4 pullotus- ja pakkauslaitoksissa.<\/p>\n<\/div>\n<h2>Tekniset tiedot<\/h2>\n<table border=\"1\" width=\"100%\">\n<tbody>\n<tr class=\"firstRow\">\n<th colspan=\"2\" valign=\"top\">Vaihteiden perustiedot<\/th>\n<\/tr>\n<tr>\n<td valign=\"center\">Vaihteen hampaan muoto<\/td>\n<td valign=\"center\">evolventti<\/td>\n<\/tr>\n<tr>\n<td valign=\"center\">Vaihteiden materiaali<\/td>\n<td valign=\"center\">20CrNiMoA<\/td>\n<\/tr>\n<tr>\n<td valign=\"center\">Vaihdeprosessi<\/td>\n<td valign=\"center\">taonta, hiiletys, linjaleikkaus, hampaiden hionta<\/td>\n<\/tr>\n<tr>\n<td valign=\"center\">Painekulma<\/td>\n<td valign=\"center\">15\u00b0<\/td>\n<\/tr>\n<tr>\n<td valign=\"center\">Laatutaso<\/td>\n<td valign=\"center\">AGMA-luokka 8<\/td>\n<\/tr>\n<tr>\n<td valign=\"center\">Vaihteiston tyyppi<\/td>\n<td valign=\"center\">Mn=3,35, Z=9, a=15\u00b0, \u03b2=45\u00b0, vasenk\u00e4tinen<\/td>\n<\/tr>\n<\/tbody>\n<\/table>\n<\/div>\n<\/div>\n<p><strong>Vaihteiden\/urien ominaisuudet<\/strong><\/p>\n<div class=\"sliderTable mt10 mb10 sliderTable-index1 change-to-org\">\n<div class=\"inner\">\n<table border=\"1\" width=\"100%\">\n<tbody>\n<tr class=\"firstRow\">\n<th colspan=\"4\" valign=\"top\">Sis\u00e4iset hammaspy\u00f6r\u00e4t ja sis\u00e4iset urat<\/th>\n<\/tr>\n<tr>\n<td valign=\"top\"><\/td>\n<td valign=\"top\">JYRSINT\u00c4<\/td>\n<td valign=\"top\">MUOTOILU<\/td>\n<td valign=\"top\">HAMPAIDEN HIOMA<\/td>\n<\/tr>\n<tr>\n<td valign=\"top\">Suurin ulkohalkaisija<\/td>\n<td valign=\"top\">2500 mm<\/td>\n<td valign=\"top\">2500 mm<\/td>\n<td valign=\"top\">2500 mm<\/td>\n<\/tr>\n<tr>\n<td valign=\"top\">V\u00e4himm\u00e4ishenkil\u00f6llisyystodistus<\/td>\n<td valign=\"top\">650 mm<\/td>\n<td valign=\"top\">50 mm<\/td>\n<td valign=\"top\">100 mm<\/td>\n<\/tr>\n<tr>\n<td valign=\"top\">Suurin kasvojen leveys<\/td>\n<td valign=\"top\">500 mm<\/td>\n<td valign=\"top\">500 mm<\/td>\n<td valign=\"top\">500 mm<\/td>\n<\/tr>\n<tr>\n<td valign=\"top\">Suurin halkaisijan nousu<\/td>\n<td valign=\"top\">DP 1<\/td>\n<td valign=\"top\">DP 1<\/td>\n<td valign=\"top\">DP 0.5<\/td>\n<\/tr>\n<tr>\n<td valign=\"top\">Maksimimoduuli<\/td>\n<td valign=\"top\">26 mm<\/td>\n<td valign=\"top\">26 mm<\/td>\n<td valign=\"top\">45 mm<\/td>\n<\/tr>\n<tr>\n<td valign=\"top\">AGMA-taso\/ DIN-taso<\/td>\n<td valign=\"top\">DIN-luokka 8<\/td>\n<td valign=\"top\">DIN-luokka 8<\/td>\n<td valign=\"top\">DIN-luokka 4<\/td>\n<\/tr>\n<tr>\n<td valign=\"top\">Hampaan pinnan viimeistely<\/td>\n<td valign=\"top\">Ra 3.2<\/td>\n<td valign=\"top\">Ra 3.2<\/td>\n<td valign=\"top\">Ra 0,6<\/td>\n<\/tr>\n<tr>\n<td valign=\"top\">Suurin kierrekulma<\/td>\n<td valign=\"top\">\u00b122,5\u00b0<\/td>\n<td valign=\"top\">\u00b122,5\u00b0<\/td>\n<td valign=\"top\">\u00b145\u00b0<\/td>\n<\/tr>\n<tr>\n<td valign=\"top\"><\/td>\n<td valign=\"top\"><\/td>\n<td valign=\"top\"><\/td>\n<td valign=\"top\"><\/td>\n<\/tr>\n<tr>\n<th colspan=\"4\" valign=\"top\">Ulkoiset hammaspy\u00f6r\u00e4t ja ulkoiset urat<\/th>\n<\/tr>\n<tr>\n<td valign=\"top\"><\/td>\n<td valign=\"top\">HOBBING<\/td>\n<td valign=\"top\">JYRSINT\u00c4<\/td>\n<td valign=\"top\">HAMPAIDEN HIOMA<\/td>\n<\/tr>\n<tr>\n<td valign=\"top\">Suurin ulkohalkaisija<\/td>\n<td valign=\"top\">1250 mm<\/td>\n<td valign=\"top\">2500 mm<\/td>\n<td valign=\"top\">2500 mm<\/td>\n<\/tr>\n<tr>\n<td valign=\"top\">Minimiulotteinen ulkohalkaisija<\/td>\n<td valign=\"top\">20 mm<\/td>\n<td valign=\"top\">200 mm<\/td>\n<td valign=\"top\">20 mm<\/td>\n<\/tr>\n<tr>\n<td valign=\"top\">Suurin kasvojen leveys<\/td>\n<td valign=\"top\">500 mm<\/td>\n<td valign=\"top\">500 mm<\/td>\n<td valign=\"top\">1480 mm<\/td>\n<\/tr>\n<tr>\n<td valign=\"top\">Suurin halkaisijan nousu<\/td>\n<td valign=\"top\">DP 1<\/td>\n<td valign=\"top\">DP 1<\/td>\n<td valign=\"top\">DP 0.5<\/td>\n<\/tr>\n<tr>\n<td valign=\"top\">Maksimimoduuli<\/td>\n<td valign=\"top\">26 mm<\/td>\n<td valign=\"top\">26 mm<\/td>\n<td valign=\"top\">45 mm<\/td>\n<\/tr>\n<tr>\n<td valign=\"top\">AGMA-taso\/ DIN-taso<\/td>\n<td valign=\"top\">DIN-luokka 8<\/td>\n<td valign=\"top\">DIN-luokka 8<\/td>\n<td valign=\"top\">DIN-luokka 4<\/td>\n<\/tr>\n<tr>\n<td valign=\"top\">Hampaan pinnan viimeistely<\/td>\n<td valign=\"top\">Ra 3.2<\/td>\n<td valign=\"top\">Ra 3.2<\/td>\n<td valign=\"top\">Ra 0,6<\/td>\n<\/tr>\n<tr>\n<td valign=\"top\">Suurin kierrekulma<\/td>\n<td valign=\"top\">\u00b145\u00b0<\/td>\n<td valign=\"top\">\u00b145\u00b0<\/td>\n<td valign=\"top\">\u00b145\u00b0<\/td>\n<\/tr>\n<\/tbody>\n<\/table>\n<div>\n<h3>FMP Company: Luotettava kumppanisi kierukkavaihteisiin<\/h3>\n<p class=\"break-words\">FMP Companylla olemme erikoistuneet juomapakkauskoneille r\u00e4\u00e4t\u00e4l\u00f6ityjen kierukkavaihteiden valmistukseen. Tarvitsetpa sitten vakiovaihtoehtoja tai r\u00e4\u00e4t\u00e4l\u00f6ityj\u00e4 ratkaisuja, vaihteemme on valmistettu tarkasti ja kest\u00e4vin\u00e4 vastaamaan suuren volyymin tuotannon ainutlaatuisiin vaatimuksiin. Jos et l\u00f6yd\u00e4 etsim\u00e4\u00e4si vaihdemallia tuoteluettelostamme, \u00e4l\u00e4 huoli \u2013 se tarkoittaa vain, ettemme ole viel\u00e4 ladanneet sit\u00e4 palveluun. L\u00e4het\u00e4 meille s\u00e4hk\u00f6postia ja kerro tarpeistasi, niin asiantuntevat insin\u00f6\u00f6rimme ottavat sinuun yhteytt\u00e4 24 tunnin kuluessa ja tarjoavat t\u00e4ydellisen vaihderatkaisun tarpeisiisi.<\/p>\n<\/div>\n<\/div>\n<\/div>","protected":false},"excerpt":{"rendered":"<ul class=\"pro-info-list fix\">\n<li class=\"prod-specifics-brand\"><label>Vaihteiston hampaan muoto:\u00a0<\/label>evolventti<\/li>\n<li class=\"prod-specifics-brand\"><label>Vaihteiden materiaali:<\/label>20CrNiMoA<\/li>\n<li class=\"prod-specifics-brand\"><label>Painekulma:<\/label>15\u00b0<\/li>\n<li class=\"prod-specifics-brand\"><label>Laatutaso:\u00a0<\/label>AGMA-luokka 8<\/li>\n<\/ul>","protected":false},"featured_media":4582,"comment_status":"open","ping_status":"closed","template":"","meta":{"_et_pb_use_builder":"","_et_pb_old_content":"","_et_gb_content_width":""},"product_brand":[],"product_cat":[108],"product_tag":[],"class_list":{"0":"post-7366","1":"product","2":"type-product","3":"status-publish","4":"has-post-thumbnail","6":"product_cat-helical-gear","8":"first","9":"instock","10":"shipping-taxable","11":"product-type-simple"},"_links":{"self":[{"href":"https:\/\/fmp-components.com\/fi\/wp-json\/wp\/v2\/product\/7366","targetHints":{"allow":["GET"]}}],"collection":[{"href":"https:\/\/fmp-components.com\/fi\/wp-json\/wp\/v2\/product"}],"about":[{"href":"https:\/\/fmp-components.com\/fi\/wp-json\/wp\/v2\/types\/product"}],"replies":[{"embeddable":true,"href":"https:\/\/fmp-components.com\/fi\/wp-json\/wp\/v2\/comments?post=7366"}],"wp:featuredmedia":[{"embeddable":true,"href":"https:\/\/fmp-components.com\/fi\/wp-json\/wp\/v2\/media\/4582"}],"wp:attachment":[{"href":"https:\/\/fmp-components.com\/fi\/wp-json\/wp\/v2\/media?parent=7366"}],"wp:term":[{"taxonomy":"product_brand","embeddable":true,"href":"https:\/\/fmp-components.com\/fi\/wp-json\/wp\/v2\/product_brand?post=7366"},{"taxonomy":"product_cat","embeddable":true,"href":"https:\/\/fmp-components.com\/fi\/wp-json\/wp\/v2\/product_cat?post=7366"},{"taxonomy":"product_tag","embeddable":true,"href":"https:\/\/fmp-components.com\/fi\/wp-json\/wp\/v2\/product_tag?post=7366"}],"curies":[{"name":"wp","href":"https:\/\/api.w.org\/{rel}","templated":true}]}}