{"id":7346,"date":"2025-03-23T08:27:19","date_gmt":"2025-03-23T08:27:19","guid":{"rendered":"https:\/\/fmp-components.com\/?post_type=product&#038;p=7346"},"modified":"2025-03-26T08:45:56","modified_gmt":"2025-03-26T08:45:56","slug":"heavy-machinery-double-helical-gear","status":"publish","type":"product","link":"https:\/\/fmp-components.com\/fi\/product\/heavy-machinery-double-helical-gear\/","title":{"rendered":"Raskaiden koneiden kaksoiskierukkavaihteisto"},"content":{"rendered":"<div>\n<h2>Raskaiden koneiden kaksoiskierukkavaihteisto: Tarkkuutta ja tehoa teollisiin sovelluksiin<\/h2>\n<p class=\"break-words\">FMP Companylla olemme ylpeit\u00e4 voidessamme valmistaa laajan valikoiman n\u00e4it\u00e4 poikkeuksellisia vaihteita, jotka on r\u00e4\u00e4t\u00e4l\u00f6ity vastaamaan raskaan teollisuuden vaatimuksiin kaikkialla Italiassa \u2013 mukaan lukien keskeiset keskukset, kuten Milano, Venetsia, Firenze ja Bologna \u2013 ja muualla.<\/p>\n<table style=\"border-collapse: collapse; width: 100.102%; height: 95px;\" border=\"0\" width=\"243\" cellspacing=\"0\" cellpadding=\"0\">\n<tbody>\n<tr style=\"height: 14.40pt;\">\n<td style=\"height: 14px; width: 33.262%;\" align=\"right\" width=\"81\" height=\"24\"><img loading=\"lazy\" decoding=\"async\" class=\"size-full wp-image-7353 aligncenter\" src=\"https:\/\/fmp-components.com\/wp-content\/uploads\/2025\/03\/Heavy-Machinery-Double-Helical-Gear-6.webp\" alt=\"Raskaiden koneiden kaksoiskierrevaihde\" width=\"500\" height=\"500\" title=\"\" srcset=\"https:\/\/fmp-components.com\/wp-content\/uploads\/2025\/03\/Heavy-Machinery-Double-Helical-Gear-6.webp 500w, https:\/\/fmp-components.com\/wp-content\/uploads\/2025\/03\/Heavy-Machinery-Double-Helical-Gear-6-480x480.webp 480w\" sizes=\"(min-width: 0px) and (max-width: 480px) 480px, (min-width: 481px) 500px, 100vw\" \/><\/td>\n<td style=\"width: 33.6898%; height: 14px;\" align=\"right\" width=\"81\"><img loading=\"lazy\" decoding=\"async\" class=\"size-full wp-image-7354 aligncenter\" src=\"https:\/\/fmp-components.com\/wp-content\/uploads\/2025\/03\/Heavy-Machinery-Double-Helical-Gear-5.webp\" alt=\"Raskaiden koneiden kaksoiskierrevaihde\" width=\"500\" height=\"500\" title=\"\" srcset=\"https:\/\/fmp-components.com\/wp-content\/uploads\/2025\/03\/Heavy-Machinery-Double-Helical-Gear-5.webp 500w, https:\/\/fmp-components.com\/wp-content\/uploads\/2025\/03\/Heavy-Machinery-Double-Helical-Gear-5-480x480.webp 480w\" sizes=\"(min-width: 0px) and (max-width: 480px) 480px, (min-width: 481px) 500px, 100vw\" \/><\/td>\n<td style=\"width: 32.8342%; height: 14px;\" align=\"right\" width=\"81\"><img loading=\"lazy\" decoding=\"async\" class=\"size-full wp-image-7355 aligncenter\" src=\"https:\/\/fmp-components.com\/wp-content\/uploads\/2025\/03\/Heavy-Machinery-Double-Helical-Gear-2.webp\" alt=\"Raskaiden koneiden kaksoiskierrevaihde\" width=\"500\" height=\"500\" title=\"\" srcset=\"https:\/\/fmp-components.com\/wp-content\/uploads\/2025\/03\/Heavy-Machinery-Double-Helical-Gear-2.webp 500w, https:\/\/fmp-components.com\/wp-content\/uploads\/2025\/03\/Heavy-Machinery-Double-Helical-Gear-2-480x480.webp 480w\" sizes=\"(min-width: 0px) and (max-width: 480px) 480px, (min-width: 481px) 500px, 100vw\" \/><\/td>\n<\/tr>\n<\/tbody>\n<\/table>\n<h3>Mit\u00e4 ovat kaksoiskierrevaihteet?<\/h3>\n<p class=\"break-words\">Kaksoiskierrevaihteet, joita usein kutsutaan kalanruotovaihteiksi, on suunniteltu erottuvalla V-muotoisella rakenteella, joka muodostuu kahdesta vastakkaisesta kierreosasta. T\u00e4m\u00e4 innovatiivinen rakenne poistaa aksiaalisen ty\u00f6nt\u00f6voiman, mik\u00e4 varmistaa sujuvan ja tehokkaan toiminnan ilman ty\u00f6nt\u00f6laakereita \u2013 t\u00e4rke\u00e4 etu perinteisiin vaihteisiin verrattuna. <a href=\"https:\/\/fmp-components.com\/fi\/helical-gears\/\">kierrevaihteet<\/a>Teollisuudenaloilla, jotka vaativat suurta v\u00e4\u00e4nt\u00f6momenttia ja kest\u00e4vyytt\u00e4, kuten Milanon vilkkaalla valmistussektorilla tai Venetsian laivatekniikan keskuksissa, kaksoiskierukkavaihteet ovat v\u00e4ltt\u00e4m\u00e4t\u00f6n osa raskaissa koneissa.<\/p>\n<h3>Kaksoiskierrevaihteiden t\u00e4rkeimm\u00e4t edut<\/h3>\n<p class=\"break-words\">Kaksoiskierrevaihteiden erinomainen suorituskyky johtuu niiden harkitusta suunnittelusta. T\u00e4ss\u00e4 syyt, miksi ne loistavat teollisissa sovelluksissa:<\/p>\n<ol class=\"marker:text-secondary\">\n<li class=\"break-words\"><strong>Aksiaalikuormituksen poistaminen<\/strong><br \/>\nSymmetrinen V-muoto poistaa aksiaalisen ty\u00f6nt\u00f6voiman, jolloin lis\u00e4laakereita ei tarvita. T\u00e4m\u00e4 yksinkertaistaa vaihteiston suunnittelua, v\u00e4hent\u00e4\u00e4 yll\u00e4pitokustannuksia ja parantaa luotettavuutta \u2013 t\u00e4ydellinen ratkaisu Florencen tarkkuusk\u00e4ytt\u00f6isille teollisuudenaloille.<\/li>\n<li class=\"break-words\"><strong>Suuri kuormituskapasiteetti<\/strong><br \/>\nLeve\u00e4mm\u00e4n hammastuksen ansiosta n\u00e4m\u00e4 hammaspy\u00f6r\u00e4t jakavat kuorman tehokkaammin, mik\u00e4 tekee niist\u00e4 ihanteellisia kaivoslaitteiden raskaisiin vaatimuksiin Bolognassa tai metallinty\u00f6st\u00f6koneiden raskaisiin vaatimuksiin kaikkialla Italiassa.<\/li>\n<li class=\"break-words\"><strong>Lis\u00e4\u00e4ntynyt tehokkuus<\/strong><br \/>\nJatkuva hammaskosketus minimoi t\u00e4rin\u00e4n ja melun, mik\u00e4 takaa tasaisemman toiminnan ja parantaa vaihteiston suorituskyky\u00e4. T\u00e4m\u00e4 tehokkuus on elint\u00e4rke\u00e4\u00e4 sovelluksissa, joissa tarkkuudesta ei tingit\u00e4, kuten Venetsian laivojen propulsioj\u00e4rjestelmiss\u00e4.<\/li>\n<li class=\"break-words\"><strong>Kest\u00e4vyys<\/strong><br \/>\nTasapainoinen rakenne v\u00e4hent\u00e4\u00e4 kulumista ja varmistaa pitk\u00e4n k\u00e4ytt\u00f6i\u00e4n my\u00f6s vaativissa olosuhteissa. T\u00e4m\u00e4 kest\u00e4vyys tekee kaksoiskierukkavaihteista kustannustehokkaan vaihtoehdon pitk\u00e4aikaiseen teolliseen k\u00e4ytt\u00f6\u00f6n Milanon voimalaitoksista syrj\u00e4isiin \u00f6ljykenttiin.<\/li>\n<\/ol>\n<\/div>\n<h2>Mukautetut vaihteiston osat \u2013 raskaaseen k\u00e4ytt\u00f6\u00f6n tarkoitetut kaksoiskierrevaihteet<\/h2>\n<table class=\"table\" style=\"width: 101.217%; height: 208px;\" border=\"1\">\n<tbody>\n<tr>\n<td>Sovellus:<\/td>\n<td>Moottori, s\u00e4hk\u00f6autot, moottoripy\u00f6r\u00e4t, koneet, merikoneet, lelut, maatalouskoneet, autot<\/td>\n<\/tr>\n<tr>\n<td>Kovuus:<\/td>\n<td>Pehme\u00e4 hampaan pinta<\/td>\n<\/tr>\n<tr>\n<td>Vaihteiston asento:<\/td>\n<td>Ulkoinen vaihde<\/td>\n<\/tr>\n<tr>\n<td>Valmistusmenetelm\u00e4:<\/td>\n<td>Leikkausvaihteisto<\/td>\n<\/tr>\n<tr>\n<td>Hammastetun osan muoto:<\/td>\n<td>Tuplakierukkavaihteisto<\/td>\n<\/tr>\n<tr>\n<td>Materiaali:<\/td>\n<td>Valettu ter\u00e4s<\/td>\n<\/tr>\n<\/tbody>\n<\/table>\n<div class=\"table-responsive\">\n<table class=\"table\" style=\"width: 101.339%;\" border=\"1\">\n<tbody>\n<tr>\n<td style=\"width: 44.1558%;\">Materiaali<\/td>\n<td style=\"width: 264.756%;\">Mittatilausty\u00f6n\u00e4 tehty<\/td>\n<\/tr>\n<tr>\n<td style=\"width: 44.1558%;\">Vaihteiden jyrsint\u00e4<\/td>\n<td style=\"width: 264.756%;\"><b>\u221a<\/b><\/td>\n<\/tr>\n<tr>\n<td style=\"width: 44.1558%;\">Vaihteiden hionta<\/td>\n<td style=\"width: 264.756%;\">Null<\/td>\n<\/tr>\n<tr>\n<td style=\"width: 44.1558%;\">Painekulma<\/td>\n<td style=\"width: 264.756%;\">20\u00b0<\/td>\n<\/tr>\n<tr>\n<td style=\"width: 44.1558%;\">Kierteinen kulma<\/td>\n<td style=\"width: 264.756%;\">Mittatilausty\u00f6n\u00e4 tehty<\/td>\n<\/tr>\n<tr>\n<td style=\"width: 44.1558%;\">L\u00e4mp\u00f6k\u00e4sittely<\/td>\n<td style=\"width: 264.756%;\">Sammutus ja p\u00e4\u00e4st\u00f6<\/td>\n<\/tr>\n<tr>\n<td style=\"width: 44.1558%;\">Pinnan kovuus<\/td>\n<td style=\"width: 264.756%;\">Vaihtoehdot<\/td>\n<\/tr>\n<tr>\n<td style=\"width: 44.1558%;\">Vaihteiden tarkkuusluokka<\/td>\n<td style=\"width: 264.756%;\">8-9-luokka (ISO 1328)<\/td>\n<\/tr>\n<\/tbody>\n<\/table>\n<\/div>\n<p>Raskaan koneen kaksoiskierrevaihteisto<\/p>\n<div class=\"table-responsive\">\n<table class=\"table\" style=\"width: 99.7297%;\" border=\"1\">\n<tbody>\n<tr>\n<td style=\"width: 41.806%;\">TER\u00c4SLAADUN VERTAILU<\/td>\n<td style=\"width: 12.3746%;\"><\/td>\n<td style=\"width: 11.8729%;\"><\/td>\n<td style=\"width: 7.19064%;\"><\/td>\n<td style=\"width: 11.3712%;\"><\/td>\n<td style=\"width: 69.7324%;\"><\/td>\n<\/tr>\n<tr>\n<td style=\"width: 41.806%;\">KIINA\/GB<\/td>\n<td style=\"width: 12.3746%;\">ISO<\/td>\n<td style=\"width: 11.8729%;\">GOST<\/td>\n<td style=\"width: 7.19064%;\">ASTM<\/td>\n<td style=\"width: 11.3712%;\">JIS<\/td>\n<td style=\"width: 69.7324%;\">DIN-koodi<\/td>\n<\/tr>\n<tr>\n<td style=\"width: 41.806%;\">45<\/td>\n<td style=\"width: 12.3746%;\">C45E4<\/td>\n<td style=\"width: 11.8729%;\">45<\/td>\n<td style=\"width: 7.19064%;\">1045<\/td>\n<td style=\"width: 11.3712%;\">S45C<\/td>\n<td style=\"width: 69.7324%;\">CK45<\/td>\n<\/tr>\n<tr>\n<td style=\"width: 41.806%;\">40Cr<\/td>\n<td style=\"width: 12.3746%;\">41Cr4<\/td>\n<td style=\"width: 11.8729%;\">40 kertaa<\/td>\n<td style=\"width: 7.19064%;\">5140<\/td>\n<td style=\"width: 11.3712%;\">SCr440<\/td>\n<td style=\"width: 69.7324%;\">41Cr4<\/td>\n<\/tr>\n<tr>\n<td style=\"width: 41.806%;\">20CrMo<\/td>\n<td style=\"width: 12.3746%;\">18CrMo4<\/td>\n<td style=\"width: 11.8729%;\">20HM<\/td>\n<td style=\"width: 7.19064%;\">4118<\/td>\n<td style=\"width: 11.3712%;\">SCM22<\/td>\n<td style=\"width: 69.7324%;\">25CrMo4<\/td>\n<\/tr>\n<tr>\n<td style=\"width: 41.806%;\">42CrMo<\/td>\n<td style=\"width: 12.3746%;\">42CrMo4<\/td>\n<td style=\"width: 11.8729%;\">38XM<\/td>\n<td style=\"width: 7.19064%;\">4140<\/td>\n<td style=\"width: 11.3712%;\">SCM440<\/td>\n<td style=\"width: 69.7324%;\">42CrMo4<\/td>\n<\/tr>\n<tr>\n<td style=\"width: 41.806%;\">20CrMnTi<\/td>\n<td style=\"width: 12.3746%;\"><\/td>\n<td style=\"width: 11.8729%;\">18X\u0413T<\/td>\n<td style=\"width: 7.19064%;\"><\/td>\n<td style=\"width: 11.3712%;\">SMK22<\/td>\n<td style=\"width: 69.7324%;\"><\/td>\n<\/tr>\n<tr>\n<td style=\"width: 41.806%;\">20Cr2Ni4<\/td>\n<td style=\"width: 12.3746%;\"><\/td>\n<td style=\"width: 11.8729%;\">20X2H4A<\/td>\n<td style=\"width: 7.19064%;\"><\/td>\n<td style=\"width: 11.3712%;\"><\/td>\n<td style=\"width: 69.7324%;\"><\/td>\n<\/tr>\n<tr>\n<td style=\"width: 41.806%;\">20CrNiMo<\/td>\n<td style=\"width: 12.3746%;\">20CrNiMo2<\/td>\n<td style=\"width: 11.8729%;\">20XHM<\/td>\n<td style=\"width: 7.19064%;\">8720<\/td>\n<td style=\"width: 11.3712%;\">SNCM220<\/td>\n<td style=\"width: 69.7324%;\">21NiCrMo2<\/td>\n<\/tr>\n<tr>\n<td style=\"width: 41.806%;\">40CrNiMoA<\/td>\n<td style=\"width: 12.3746%;\"><\/td>\n<td style=\"width: 11.8729%;\">40XH2MA\/<br \/>\n40XHMA<\/td>\n<td style=\"width: 7.19064%;\">4340<\/td>\n<td style=\"width: 11.3712%;\">SNCM439<\/td>\n<td style=\"width: 69.7324%;\">40NiCrMo6\/<br \/>\n36NiCrMo4<\/td>\n<\/tr>\n<tr>\n<td style=\"width: 41.806%;\">20CrNi2Mo<\/td>\n<td style=\"width: 12.3746%;\">20NiCrMo7<\/td>\n<td style=\"width: 11.8729%;\">20XH2MA<\/td>\n<td style=\"width: 7.19064%;\">4320<\/td>\n<td style=\"width: 11.3712%;\">SNCM420<\/td>\n<td style=\"width: 69.7324%;\"><\/td>\n<\/tr>\n<\/tbody>\n<\/table>\n<p>&nbsp;<\/p>\n<div>\n<h2>Sovellukset teollisuusvaihteistoissa<\/h2>\n<p class=\"break-words\">Tarkat kaksoiskierukkavaihteet ovat ensisijainen ratkaisu moniin raskaisiin sovelluksiin:<\/p>\n<ul class=\"marker:text-secondary\">\n<li class=\"break-words\"><strong>Raskaat koneet<\/strong><br \/>\nV\u00e4ltt\u00e4m\u00e4t\u00f6n kaivoslaitteille ja metallinty\u00f6st\u00f6koneille, joissa suuri v\u00e4\u00e4nt\u00f6momentti ja luotettavuus ovat kriittisi\u00e4.<\/li>\n<li class=\"break-words\"><strong>Meripropulsioj\u00e4rjestelm\u00e4t<\/strong><br \/>\nVarmistaa sujuvan ja hiljaisen voimansiirron laivoissa \u2013 siunaus Venetsian merenkulkuteollisuudelle.<\/li>\n<li class=\"break-words\"><strong>\u00d6ljy- ja kaasuteollisuus<\/strong><br \/>\nTarjoaa vankan v\u00e4\u00e4nt\u00f6momentin siirron poraus- ja pumppausj\u00e4rjestelmille ja tukee tuottavuutta haastavissa olosuhteissa.<\/li>\n<li class=\"break-words\"><strong>Voimalaitokset<\/strong><br \/>\nK\u00e4ytet\u00e4\u00e4n turbiineissa ja generaattoreissa vakaan suorituskyvyn yll\u00e4pit\u00e4miseksi ja seisokkiaikojen v\u00e4hent\u00e4miseksi Milanon energiasektorilla.<\/li>\n<\/ul>\n<div>\n<h2>FMP Company: Luotettu kumppanisi Italiassa<\/h2>\n<p class=\"break-words\">Klo <strong>FMP-yritys<\/strong>Olemme erikoistuneet laajan valikoiman raskaiden koneiden kaksoiskierukkavaihteiden valmistukseen. Ne on valmistettu tarkasti k\u00e4ytt\u00e4en edistyneit\u00e4 materiaaleja ja huipputeknologiaa. Olitpa sitten Milanossa, Venetsiassa, Firenzess\u00e4 tai Bolognassa, vaihteemme on suunniteltu t\u00e4ytt\u00e4m\u00e4\u00e4n korkeimmat laatu- ja suorituskykystandardit, ja ne erinomaisia \u200b\u200bvaativimmissakin teollisuusymp\u00e4rist\u00f6iss\u00e4.<\/p>\n<h3>Tarpeisiisi r\u00e4\u00e4t\u00e4l\u00f6idyt ratkaisut<\/h3>\n<p class=\"break-words\">Ymm\u00e4rr\u00e4mme, ett\u00e4 jokaisella projektilla on ainutlaatuiset vaatimukset. Siksi FMP tarjoaa r\u00e4\u00e4t\u00e4l\u00f6ityj\u00e4 valmistuspalveluita kaksoiskierukkavaihteille. Jos et l\u00f6yd\u00e4 tarvitsemaasi mallia tuoteluettelostamme, \u00e4l\u00e4 huoli \u2013 se tarkoittaa yksinkertaisesti, ettemme ole viel\u00e4 ehtineet listata sit\u00e4! Kutsumme sinut l\u00e4hett\u00e4m\u00e4\u00e4n meille s\u00e4hk\u00f6postia ja kertomaan erityistarpeistasi. Omistautunut insin\u00f6\u00f6ritiimimme vastaa 24 tunnin kuluessa ja on valmis yhteisty\u00f6h\u00f6n r\u00e4\u00e4t\u00e4l\u00f6idyn ratkaisun l\u00f6yt\u00e4miseksi tarpeisiisi, olitpa sitten Firenzen historiallisen teollisuusalueen syd\u00e4mess\u00e4 tai Bolognan moderneilla tuotantolaitoksilla.<\/p>\n<h3>Paikallista asiantuntemusta kaikkialla Italiassa<\/h3>\n<p class=\"break-words\">FMP Company on ylpe\u00e4 voidessaan palvella asiakkaita kaikkialla Italiassa ja hy\u00f6dynt\u00e4\u00e4 syv\u00e4llist\u00e4 paikallisten markkinoiden tuntemustaan \u200b\u200br\u00e4\u00e4t\u00e4l\u00f6ityjen ratkaisujen toimittamiseksi. Milanosta, teollisen innovaation keskus, Venetsiaan, sen rikkaaseen merelliseen perint\u00f6\u00f6n, ja Firenzest\u00e4, joka on tunnettu tarkkuusk\u00e4sity\u00f6taidon ytimest\u00e4, Bolognaan, insin\u00f6\u00f6ritaidon huippuosaamisen keskukseen \u2013 FMP on paikallinen kumppanisi ensiluokkaisten kaksoiskierukkavaihteiden toimittamiseen. Maailmanlaajuinen valmistuskapasiteettimme yhdistettyn\u00e4 paikalliseen tukeen takaavat huippuluokan palvelun ja tuotteet miss\u00e4 tahansa oletkin.<\/p>\n<h2>Miksi valita FMP-yritys?<\/h2>\n<ul class=\"marker:text-secondary\">\n<li class=\"break-words\"><strong>Tarkkuusvalmistus<\/strong>Vaihteistomme on rakennettu suorituskykyyn ja vastaamaan Italian teollisuuden tiukkoihin vaatimuksiin.<\/li>\n<li class=\"break-words\"><strong>Mukautettava joustavuus<\/strong>Sopeudumme tarpeisiisi, olivatpa ne kuinka ainutlaatuisia tahansa.<\/li>\n<li class=\"break-words\"><strong>Nopea reagointi<\/strong>Ota meihin yhteytt\u00e4 jo t\u00e4n\u00e4\u00e4n, niin insin\u00f6\u00f6rimme vastaavat sinulle 24 tunnin kuluessa.<\/li>\n<li class=\"break-words\"><strong>Paikallinen l\u00e4sn\u00e4olo<\/strong>Tuemme Milanoa, Venetsiaa, Firenze\u00e4, Bolognaa ja muita kohteita vertaansa vailla olevalla asiantuntemuksella.<\/li>\n<\/ul>\n<p class=\"break-words\">Jos haluat lis\u00e4tietoja raskaiden koneiden kaksoiskierukkavaihteistamme tai keskustella r\u00e4\u00e4t\u00e4l\u00f6idyist\u00e4 tarpeistasi, ota yhteytt\u00e4 FMP Companyyn. Olitpa sitten optimoimassa vaihdelaatikkoa Milanossa, k\u00e4ytt\u00e4m\u00e4ss\u00e4 laivaa Venetsiassa tai k\u00e4ytt\u00e4m\u00e4ss\u00e4 turbiinia Firenzess\u00e4, tiimimme on t\u00e4\u00e4ll\u00e4 tarjotakseen parhaat vaihderatkaisut teollisiin sovelluksiisi. L\u00e4het\u00e4 meille s\u00e4hk\u00f6postia nyt, niin tuodaan tarkkuutta ja tehoa seuraavaan projektiisi!<\/p>\n<\/div>\n<\/div>\n<table style=\"border-collapse: collapse; width: 100.237%; height: 33px;\" border=\"0\" width=\"243\" cellspacing=\"0\" cellpadding=\"0\">\n<tbody>\n<tr style=\"height: 14.40pt;\">\n<td style=\"height: 14.40pt; width: 48.60pt;\" align=\"right\" width=\"81\" height=\"24\"><img loading=\"lazy\" decoding=\"async\" class=\"size-full wp-image-7348 aligncenter\" src=\"https:\/\/fmp-components.com\/wp-content\/uploads\/2025\/03\/Heavy-Machinery-Double-Helical-Gear-product-3.webp\" alt=\"Raskaiden koneiden kaksoiskierrevaihde-tuote-3\" width=\"317\" height=\"243\" title=\"\" srcset=\"https:\/\/fmp-components.com\/wp-content\/uploads\/2025\/03\/Heavy-Machinery-Double-Helical-Gear-product-3.webp 317w, https:\/\/fmp-components.com\/wp-content\/uploads\/2025\/03\/Heavy-Machinery-Double-Helical-Gear-product-3-300x230.webp 300w, https:\/\/fmp-components.com\/wp-content\/uploads\/2025\/03\/Heavy-Machinery-Double-Helical-Gear-product-3-16x12.webp 16w\" sizes=\"(max-width: 317px) 100vw, 317px\" \/><\/td>\n<td style=\"width: 48.60pt;\" align=\"right\" width=\"81\"><img loading=\"lazy\" decoding=\"async\" class=\"size-full wp-image-7349 aligncenter\" src=\"https:\/\/fmp-components.com\/wp-content\/uploads\/2025\/03\/Heavy-Machinery-Double-Helical-Gear-product-2.webp\" alt=\"Raskaiden koneiden kaksoiskierrevaihde\" width=\"318\" height=\"247\" title=\"\" srcset=\"https:\/\/fmp-components.com\/wp-content\/uploads\/2025\/03\/Heavy-Machinery-Double-Helical-Gear-product-2.webp 318w, https:\/\/fmp-components.com\/wp-content\/uploads\/2025\/03\/Heavy-Machinery-Double-Helical-Gear-product-2-300x233.webp 300w, https:\/\/fmp-components.com\/wp-content\/uploads\/2025\/03\/Heavy-Machinery-Double-Helical-Gear-product-2-15x12.webp 15w\" sizes=\"(max-width: 318px) 100vw, 318px\" \/><\/td>\n<td style=\"width: 48.60pt;\" align=\"right\" width=\"81\"><img loading=\"lazy\" decoding=\"async\" class=\"size-full wp-image-7350 aligncenter\" src=\"https:\/\/fmp-components.com\/wp-content\/uploads\/2025\/03\/Heavy-Machinery-Double-Helical-Gear-product-1.webp\" alt=\"Raskaiden koneiden kaksoiskierrevaihde\" width=\"400\" height=\"293\" title=\"\" srcset=\"https:\/\/fmp-components.com\/wp-content\/uploads\/2025\/03\/Heavy-Machinery-Double-Helical-Gear-product-1.webp 400w, https:\/\/fmp-components.com\/wp-content\/uploads\/2025\/03\/Heavy-Machinery-Double-Helical-Gear-product-1-300x220.webp 300w, https:\/\/fmp-components.com\/wp-content\/uploads\/2025\/03\/Heavy-Machinery-Double-Helical-Gear-product-1-16x12.webp 16w\" sizes=\"(max-width: 400px) 100vw, 400px\" \/><\/td>\n<\/tr>\n<\/tbody>\n<\/table>\n<table style=\"border-collapse: collapse; width: 100.046%; height: 10px;\" border=\"0\" width=\"162\" cellspacing=\"0\" cellpadding=\"0\">\n<tbody>\n<tr style=\"height: 14.40pt;\">\n<td style=\"height: 10px; width: 45.8244%;\" align=\"right\" width=\"81\" height=\"24\"><img loading=\"lazy\" decoding=\"async\" class=\"wp-image-7351 aligncenter\" src=\"https:\/\/fmp-components.com\/wp-content\/uploads\/2025\/03\/Heavy-Machinery-Double-Helical-Gear-product-5.webp\" alt=\"Raskaiden koneiden kaksoiskierrevaihde\" width=\"472\" height=\"765\" title=\"\" srcset=\"https:\/\/fmp-components.com\/wp-content\/uploads\/2025\/03\/Heavy-Machinery-Double-Helical-Gear-product-5.webp 400w, https:\/\/fmp-components.com\/wp-content\/uploads\/2025\/03\/Heavy-Machinery-Double-Helical-Gear-product-5-185x300.webp 185w, https:\/\/fmp-components.com\/wp-content\/uploads\/2025\/03\/Heavy-Machinery-Double-Helical-Gear-product-5-7x12.webp 7w\" sizes=\"(max-width: 472px) 100vw, 472px\" \/><\/td>\n<td style=\"width: 54.1756%; height: 10px;\" align=\"right\" width=\"81\"><img loading=\"lazy\" decoding=\"async\" class=\"wp-image-7352 aligncenter\" src=\"https:\/\/fmp-components.com\/wp-content\/uploads\/2025\/03\/Heavy-Machinery-Double-Helical-Gear-product-4.webp\" alt=\"Raskaiden koneiden kaksoiskierrevaihde\" width=\"518\" height=\"715\" title=\"\" srcset=\"https:\/\/fmp-components.com\/wp-content\/uploads\/2025\/03\/Heavy-Machinery-Double-Helical-Gear-product-4.webp 400w, https:\/\/fmp-components.com\/wp-content\/uploads\/2025\/03\/Heavy-Machinery-Double-Helical-Gear-product-4-217x300.webp 217w, https:\/\/fmp-components.com\/wp-content\/uploads\/2025\/03\/Heavy-Machinery-Double-Helical-Gear-product-4-9x12.webp 9w\" sizes=\"(max-width: 518px) 100vw, 518px\" \/><\/td>\n<\/tr>\n<\/tbody>\n<\/table>\n<\/div>","protected":false},"excerpt":{"rendered":"<p>Heavy Machinery Double Helical Gear: Precision and Power for Industrial Applications At FMP Company, we pride ourselves on manufacturing a wide range of these exceptional gears, tailored to meet the demands of heavy-duty industries across Italy\u2014including key hubs like Milan, Venice, Florence, and Bologna\u2014and beyond. What Are Double Helical Gears? Double helical gears, often referred [&hellip;]<\/p>","protected":false},"featured_media":4588,"comment_status":"open","ping_status":"closed","template":"","meta":{"_et_pb_use_builder":"","_et_pb_old_content":"","_et_gb_content_width":""},"product_brand":[],"product_cat":[108],"product_tag":[],"class_list":{"0":"post-7346","1":"product","2":"type-product","3":"status-publish","4":"has-post-thumbnail","6":"product_cat-helical-gear","8":"first","9":"instock","10":"shipping-taxable","11":"product-type-simple"},"_links":{"self":[{"href":"https:\/\/fmp-components.com\/fi\/wp-json\/wp\/v2\/product\/7346","targetHints":{"allow":["GET"]}}],"collection":[{"href":"https:\/\/fmp-components.com\/fi\/wp-json\/wp\/v2\/product"}],"about":[{"href":"https:\/\/fmp-components.com\/fi\/wp-json\/wp\/v2\/types\/product"}],"replies":[{"embeddable":true,"href":"https:\/\/fmp-components.com\/fi\/wp-json\/wp\/v2\/comments?post=7346"}],"wp:featuredmedia":[{"embeddable":true,"href":"https:\/\/fmp-components.com\/fi\/wp-json\/wp\/v2\/media\/4588"}],"wp:attachment":[{"href":"https:\/\/fmp-components.com\/fi\/wp-json\/wp\/v2\/media?parent=7346"}],"wp:term":[{"taxonomy":"product_brand","embeddable":true,"href":"https:\/\/fmp-components.com\/fi\/wp-json\/wp\/v2\/product_brand?post=7346"},{"taxonomy":"product_cat","embeddable":true,"href":"https:\/\/fmp-components.com\/fi\/wp-json\/wp\/v2\/product_cat?post=7346"},{"taxonomy":"product_tag","embeddable":true,"href":"https:\/\/fmp-components.com\/fi\/wp-json\/wp\/v2\/product_tag?post=7346"}],"curies":[{"name":"wp","href":"https:\/\/api.w.org\/{rel}","templated":true}]}}