{"id":7344,"date":"2025-03-23T08:16:42","date_gmt":"2025-03-23T08:16:42","guid":{"rendered":"https:\/\/fmp-components.com\/?post_type=product&#038;p=7344"},"modified":"2025-03-26T08:46:39","modified_gmt":"2025-03-26T08:46:39","slug":"industrial-double-helical-gears","status":"publish","type":"product","link":"https:\/\/fmp-components.com\/fi\/product\/industrial-double-helical-gears\/","title":{"rendered":"Teolliset kaksoiskierrevaihteet"},"content":{"rendered":"<div>\n<h2>FMP:n ensiluokkaiset teollisuuskaksoiskierrevaihteet<\/h2>\n<p class=\"break-words\">Teollisuuden kaksoiskierukkavaihteet ovat elint\u00e4rkeit\u00e4 komponentteja raskaissa koneissa, ja niit\u00e4 arvostetaan kyvyst\u00e4\u00e4n v\u00e4litt\u00e4\u00e4 suurta v\u00e4\u00e4nt\u00f6momenttia poikkeuksellisen tasaisesti ja minimaalisella melulla. Toisin kuin yksinkertaisemmat lieri\u00f6py\u00f6r\u00e4t, niiden V-muotoinen hammasrakenne tekee niist\u00e4 monimutkaisempia ja kalliimpia valmistaa, mutta niiden hy\u00f6dyksi on vertaansa vailla oleva suorituskyky vaativissa sovelluksissa. Nostureiden ja nestepumppujen voimanl\u00e4hteist\u00e4 sotilasalusten propulsioj\u00e4rjestelmiin, n\u00e4m\u00e4 vaihteet erinomaisia \u200b\u200balueilla, joilla hiljainen k\u00e4ynti ja v\u00e4h\u00e4inen t\u00e4rin\u00e4 ovat kriittisi\u00e4. FMP Companylla olemme ylpeit\u00e4 siit\u00e4, ett\u00e4 olemme yksi johtavista kaksoiskierukkavaihteista. <a href=\"https:\/\/fmp-components.com\/fi\/helical-gears\/\">kierukkavaihteisto<\/a> Kiinassa toimivia valmistajia, jotka tarjoavat laajan valikoiman korkealaatuisia hammaspy\u00f6ri\u00e4. Edistykselliset valmistuskykymme mahdollistavat hammaspy\u00f6rien valmistuksen, joiden ulkohalkaisija on enint\u00e4\u00e4n 1370 mm (54 tuumaa) ja t\u00e4ysleveys 250 mm (10 tuumaa) 30 asteen kierukkakulmalla, mik\u00e4 varmistaa tarkkuuden ja kest\u00e4vyyden vaikeimmissakin haasteissa.<\/p>\n<h3>R\u00e4\u00e4t\u00e4l\u00f6idyt ratkaisut ja asiantunteva tuki<\/h3>\n<p class=\"break-words\">Yli vuosikymmenen kokemuksellaan FMP Company erottuu luotettavana teollisuusvaihteiden toimittajana Kiinassa ja toimittaa sek\u00e4 vakio- ett\u00e4 r\u00e4\u00e4t\u00e4l\u00f6ityj\u00e4 ratkaisuja kilpailukykyiseen hintaan. Tehtaallamme on laaja valikoima jakojyrsimi\u00e4, ja se ottaa mielell\u00e4\u00e4n vastaan \u200b\u200br\u00e4\u00e4t\u00e4l\u00f6ityj\u00e4 tilauksia ainutlaatuisten vaatimustesi mukaisesti, olipa kyseess\u00e4 sitten teollisuus-, sotilas- tai erikoissovellutukset. Etk\u00f6 l\u00f6yd\u00e4 tarvitsemaasi mallia tuoteluettelostamme? Se tarkoittaa vain, ett\u00e4 emme ole viel\u00e4 ehtineet ladata sit\u00e4 palveluumme! L\u00e4het\u00e4 meille s\u00e4hk\u00f6postia vaatimuksistasi, niin omistautuneet insin\u00f6\u00f6rimme vastaavat 24 tunnin kuluessa r\u00e4\u00e4t\u00e4l\u00f6idyll\u00e4 tuella. FMP:ll\u00e4 olemme sitoutuneet huippuosaamiseen, mik\u00e4 tekee meist\u00e4 ensisijaisen kumppanisi ensiluokkaisten kaksoiskierukkavaihteiden ja erinomaisen asiakaspalvelun saamiseksi. Ota yhteytt\u00e4 jo t\u00e4n\u00e4\u00e4n tukkumyyntitiedusteluihin tai r\u00e4\u00e4t\u00e4l\u00f6ityihin vaihderatkaisuihin!<\/p>\n<\/div>\n<h2>Tuotetiedot<\/h2>\n<div class=\"table-responsive\">\n<table class=\"table\" style=\"width: 97.2464%; height: 208px;\" border=\"1\">\n<tbody>\n<tr style=\"height: 26px;\">\n<td style=\"height: 26px;\">Vaihteiston tyyppi<\/td>\n<td style=\"height: 26px;\">Kalanruoto<\/td>\n<\/tr>\n<tr style=\"height: 26px;\">\n<td style=\"height: 26px;\">K\u00e4ytt\u00f6\/Soveltaminen<\/td>\n<td style=\"height: 26px;\">Teollinen<\/td>\n<\/tr>\n<tr style=\"height: 26px;\">\n<td style=\"height: 26px;\">Hampaiden muoto<\/td>\n<td style=\"height: 26px;\">Kalanruoto<\/td>\n<\/tr>\n<tr style=\"height: 26px;\">\n<td style=\"height: 26px;\">Materiaali<\/td>\n<td style=\"height: 26px;\">R\u00e4\u00e4t\u00e4l\u00f6ity<\/td>\n<\/tr>\n<tr style=\"height: 26px;\">\n<td style=\"height: 26px;\">Muoto<\/td>\n<td style=\"height: 26px;\">Py\u00f6rist\u00e4\u00e4<\/td>\n<\/tr>\n<tr style=\"height: 26px;\">\n<td style=\"height: 26px;\">Kapasiteetti<\/td>\n<td style=\"height: 26px;\">R\u00e4\u00e4t\u00e4l\u00f6ity<\/td>\n<\/tr>\n<tr style=\"height: 26px;\">\n<td style=\"height: 26px;\">Halkaisija<\/td>\n<td style=\"height: 26px;\">R\u00e4\u00e4t\u00e4l\u00f6ity<\/td>\n<\/tr>\n<tr style=\"height: 26px;\">\n<td style=\"height: 26px;\">Koko<\/td>\n<td style=\"height: 26px;\">R\u00e4\u00e4t\u00e4l\u00f6ity<\/td>\n<\/tr>\n<\/tbody>\n<\/table>\n<\/div>","protected":false},"excerpt":{"rendered":"<p>Premium Industrial Double Helical Gears from FMP Industrial Double Helical Gears are vital components in heavy-duty machinery, prized for their ability to transmit high torque with exceptional smoothness and minimal noise. Unlike simpler spur gears, their V-shaped tooth design makes them more complex and costly to produce, but the payoff is unmatched performance in demanding [&hellip;]<\/p>","protected":false},"featured_media":4592,"comment_status":"open","ping_status":"closed","template":"","meta":{"_et_pb_use_builder":"","_et_pb_old_content":"","_et_gb_content_width":""},"product_brand":[],"product_cat":[108],"product_tag":[],"class_list":{"0":"post-7344","1":"product","2":"type-product","3":"status-publish","4":"has-post-thumbnail","6":"product_cat-helical-gear","8":"first","9":"instock","10":"shipping-taxable","11":"product-type-simple"},"_links":{"self":[{"href":"https:\/\/fmp-components.com\/fi\/wp-json\/wp\/v2\/product\/7344","targetHints":{"allow":["GET"]}}],"collection":[{"href":"https:\/\/fmp-components.com\/fi\/wp-json\/wp\/v2\/product"}],"about":[{"href":"https:\/\/fmp-components.com\/fi\/wp-json\/wp\/v2\/types\/product"}],"replies":[{"embeddable":true,"href":"https:\/\/fmp-components.com\/fi\/wp-json\/wp\/v2\/comments?post=7344"}],"wp:featuredmedia":[{"embeddable":true,"href":"https:\/\/fmp-components.com\/fi\/wp-json\/wp\/v2\/media\/4592"}],"wp:attachment":[{"href":"https:\/\/fmp-components.com\/fi\/wp-json\/wp\/v2\/media?parent=7344"}],"wp:term":[{"taxonomy":"product_brand","embeddable":true,"href":"https:\/\/fmp-components.com\/fi\/wp-json\/wp\/v2\/product_brand?post=7344"},{"taxonomy":"product_cat","embeddable":true,"href":"https:\/\/fmp-components.com\/fi\/wp-json\/wp\/v2\/product_cat?post=7344"},{"taxonomy":"product_tag","embeddable":true,"href":"https:\/\/fmp-components.com\/fi\/wp-json\/wp\/v2\/product_tag?post=7344"}],"curies":[{"name":"wp","href":"https:\/\/api.w.org\/{rel}","templated":true}]}}