{"id":7343,"date":"2025-03-23T08:14:08","date_gmt":"2025-03-23T08:14:08","guid":{"rendered":"https:\/\/fmp-components.com\/?post_type=product&#038;p=7343"},"modified":"2025-03-26T08:46:51","modified_gmt":"2025-03-26T08:46:51","slug":"steel-double-helical-gear","status":"publish","type":"product","link":"https:\/\/fmp-components.com\/fi\/product\/steel-double-helical-gear\/","title":{"rendered":"Ter\u00e4ksinen kaksoiskierukkavaihde"},"content":{"rendered":"<div>\n<h2>FMP:n ensiluokkaiset ter\u00e4ksiset kaksoiskierukkavaihteet<\/h2>\n<p class=\"break-words\">Ter\u00e4ksiset kaksoiskierukkavaihteet ovat elint\u00e4rkeit\u00e4 komponentteja raskaissa koneissa, ja niit\u00e4 arvostetaan kyvyst\u00e4\u00e4n siirt\u00e4\u00e4 suurta v\u00e4\u00e4nt\u00f6momenttia samalla minimoiden melua ja t\u00e4rin\u00e4\u00e4. N\u00e4m\u00e4 V-muotoisten hampaidensa ansiosta erottuvat vaihteet ovat v\u00e4ltt\u00e4m\u00e4tt\u00f6mi\u00e4 esimerkiksi ter\u00e4ksen valmistuksessa, energiantuotannossa ja kaivostoiminnassa, joissa luotettavuus ja tehokkuus ovat kriittisi\u00e4. FMP:ll\u00e4, luotettavana hammaspy\u00f6r\u00e4valmistuksen johtajana, tuotamme laajan valikoiman ter\u00e4ksisi\u00e4 kaksoiskierukkavaihteita. <a href=\"https:\/\/fmp-components.com\/fi\/helical-gears\/\">Kierrevaihteet<\/a> vastaamaan n\u00e4iden alojen monipuolisiin vaatimuksiin. Vakiomalleista erikoismalleihin, jokainen vaihde on valmistettu huolellisesti korkealaatuisesta ter\u00e4ksest\u00e4 ja huippuluokan valmistustekniikoilla, mik\u00e4 varmistaa poikkeuksellisen tarkkuuden ja kest\u00e4vyyden jopa haastavimmissa sovelluksissa.<\/p>\n<h3>R\u00e4\u00e4t\u00e4l\u00f6idyt ratkaisut ja asiantunteva tuki<\/h3>\n<p class=\"break-words\">FMP:ll\u00e4 ymm\u00e4rr\u00e4mme, ett\u00e4 jokaisella projektilla on ainutlaatuiset vaatimukset, mink\u00e4 vuoksi tarjoamme r\u00e4\u00e4t\u00e4l\u00f6ityj\u00e4 ter\u00e4svaihdelaatikoiden valmistuspalveluita. Tarvitsetpa sitten tietty\u00e4 kokoa, materiaalia tai r\u00e4\u00e4t\u00e4l\u00f6ity\u00e4 suunnittelua, ammattitaitoinen insin\u00f6\u00f6ritiimimme on valmiina luomaan juuri sinun tarpeisiisi r\u00e4\u00e4t\u00e4l\u00f6idyn ratkaisun. Jos et l\u00f6yd\u00e4 etsim\u00e4\u00e4si mallia tuoteluettelostamme, se tarkoittaa yksinkertaisesti sit\u00e4, ettemme ole viel\u00e4 ehtineet listata sit\u00e4. Pyyd\u00e4mme sinua ottamaan meihin yhteytt\u00e4 s\u00e4hk\u00f6postitse ja kertomaan vaatimuksistasi, niin omistautunut tiimimme vastaa 24 tunnin kuluessa keskustellakseen siit\u00e4, miten voimme t\u00e4ytt\u00e4\u00e4 tarpeesi. FMP:n avulla voit luottaa henkil\u00f6kohtaiseen palveluun ja alan johtavaan asiantuntemukseen t\u00e4ydellisen vaihderatkaisun toimittamiseksi.<\/p>\n<\/div>\n<p>Ter\u00e4ksinen kaksoiskierukkavaihde<\/p>\n<p>Materiaali: SS, r\u00e4\u00e4t\u00e4l\u00f6ity<\/p>\n<p>Halkaisija: 20 mm, r\u00e4\u00e4t\u00e4l\u00f6ity<\/p>\n<h2>Tuotetiedot<\/h2>\n<div class=\"table-responsive\">\n<table class=\"table\" style=\"width: 99.1008%; height: 212px;\" border=\"1\">\n<tbody>\n<tr>\n<td>Vaihteiston tyyppi<\/td>\n<td>Kierukkavaihteisto<\/td>\n<\/tr>\n<tr>\n<td>Materiaali<\/td>\n<td>SS<\/td>\n<\/tr>\n<tr>\n<td>Muoto<\/td>\n<td>Py\u00f6rist\u00e4\u00e4<\/td>\n<\/tr>\n<tr>\n<td>Halkaisija<\/td>\n<td>20 mm<\/td>\n<\/tr>\n<tr>\n<td>Pintak\u00e4sittely<\/td>\n<td>Kiilt\u00e4v\u00e4<\/td>\n<\/tr>\n<tr>\n<td>Alkuper\u00e4maa<\/td>\n<td>Valmistettu Kiinassa<\/td>\n<\/tr>\n<\/tbody>\n<\/table>\n<p>&nbsp;<\/p>\n<p><img loading=\"lazy\" decoding=\"async\" class=\"size-full wp-image-4579 aligncenter\" src=\"https:\/\/fmp-components.com\/wp-content\/uploads\/2025\/01\/Steel-Double-Helical-Gear.webp\" alt=\"Ter\u00e4ksinen kaksoiskierukkavaihde\" width=\"800\" height=\"800\" title=\"\" srcset=\"https:\/\/fmp-components.com\/wp-content\/uploads\/2025\/01\/Steel-Double-Helical-Gear.webp 800w, https:\/\/fmp-components.com\/wp-content\/uploads\/2025\/01\/Steel-Double-Helical-Gear-480x480.webp 480w\" sizes=\"(min-width: 0px) and (max-width: 480px) 480px, (min-width: 481px) 800px, 100vw\" \/><\/p>\n<\/div>","protected":false},"excerpt":{"rendered":"<p>Premium Steel Double Helical Gears from FMP Steel Double Helical Gears are vital components in heavy-duty machinery, prized for their ability to transmit high torque while minimizing noise and vibration. These gears, distinguished by their V-shaped teeth, are indispensable in industries such as steel manufacturing, power generation, and mining, where reliability and efficiency are critical. [&hellip;]<\/p>","protected":false},"featured_media":4579,"comment_status":"open","ping_status":"closed","template":"","meta":{"_et_pb_use_builder":"","_et_pb_old_content":"","_et_gb_content_width":""},"product_brand":[],"product_cat":[108],"product_tag":[],"class_list":{"0":"post-7343","1":"product","2":"type-product","3":"status-publish","4":"has-post-thumbnail","6":"product_cat-helical-gear","8":"first","9":"instock","10":"shipping-taxable","11":"product-type-simple"},"_links":{"self":[{"href":"https:\/\/fmp-components.com\/fi\/wp-json\/wp\/v2\/product\/7343","targetHints":{"allow":["GET"]}}],"collection":[{"href":"https:\/\/fmp-components.com\/fi\/wp-json\/wp\/v2\/product"}],"about":[{"href":"https:\/\/fmp-components.com\/fi\/wp-json\/wp\/v2\/types\/product"}],"replies":[{"embeddable":true,"href":"https:\/\/fmp-components.com\/fi\/wp-json\/wp\/v2\/comments?post=7343"}],"wp:featuredmedia":[{"embeddable":true,"href":"https:\/\/fmp-components.com\/fi\/wp-json\/wp\/v2\/media\/4579"}],"wp:attachment":[{"href":"https:\/\/fmp-components.com\/fi\/wp-json\/wp\/v2\/media?parent=7343"}],"wp:term":[{"taxonomy":"product_brand","embeddable":true,"href":"https:\/\/fmp-components.com\/fi\/wp-json\/wp\/v2\/product_brand?post=7343"},{"taxonomy":"product_cat","embeddable":true,"href":"https:\/\/fmp-components.com\/fi\/wp-json\/wp\/v2\/product_cat?post=7343"},{"taxonomy":"product_tag","embeddable":true,"href":"https:\/\/fmp-components.com\/fi\/wp-json\/wp\/v2\/product_tag?post=7343"}],"curies":[{"name":"wp","href":"https:\/\/api.w.org\/{rel}","templated":true}]}}