{"id":7315,"date":"2025-03-23T06:22:18","date_gmt":"2025-03-23T06:22:18","guid":{"rendered":"https:\/\/fmp-components.com\/?post_type=product&#038;p=7315"},"modified":"2025-03-26T08:48:09","modified_gmt":"2025-03-26T08:48:09","slug":"double-helical-gear","status":"publish","type":"product","link":"https:\/\/fmp-components.com\/fi\/product\/double-helical-gear\/","title":{"rendered":"Tuplakierukkavaihteisto"},"content":{"rendered":"<p><img loading=\"lazy\" decoding=\"async\" class=\"alignnone size-full wp-image-7319\" src=\"https:\/\/fmp-components.com\/wp-content\/uploads\/2025\/03\/double-helical-gear-2.webp\" alt=\"kaksoiskierukkavaihde\" width=\"1500\" height=\"1004\" title=\"\" srcset=\"https:\/\/fmp-components.com\/wp-content\/uploads\/2025\/03\/double-helical-gear-2.webp 1500w, https:\/\/fmp-components.com\/wp-content\/uploads\/2025\/03\/double-helical-gear-2-1280x857.webp 1280w, https:\/\/fmp-components.com\/wp-content\/uploads\/2025\/03\/double-helical-gear-2-980x656.webp 980w, https:\/\/fmp-components.com\/wp-content\/uploads\/2025\/03\/double-helical-gear-2-480x321.webp 480w\" sizes=\"(min-width: 0px) and (max-width: 480px) 480px, (min-width: 481px) and (max-width: 980px) 980px, (min-width: 981px) and (max-width: 1280px) 1280px, (min-width: 1281px) 1500px, 100vw\" \/>\u00a0Kaksoiskierrevaihteet, joita usein kutsutaan kalanruotovaihteiksi, edustavat vaihdetekniikan insin\u00f6\u00f6ritaidon huippua. N\u00e4m\u00e4 vaihteet yhdist\u00e4v\u00e4t seuraavien vahvuudet: <a href=\"https:\/\/fmp-components.com\/fi\/helical-gears\/\">kierrevaihteet<\/a>\u2014kuten tasainen toiminta ja suuri kuormituskapasiteetti \u2014 ainutlaatuisella rakenteella, joka poistaa aksiaalisen ty\u00f6nt\u00f6voiman, mik\u00e4 tekee niist\u00e4 v\u00e4ltt\u00e4m\u00e4tt\u00f6mi\u00e4 vaativissa teollisissa sovelluksissa. FMP Companylla olemme erikoistuneet valmistamaan laajan valikoiman kaksoiskierukkavaihteita, jotka on r\u00e4\u00e4t\u00e4l\u00f6ity vastaamaan erilaisiin tarpeisiin kaikkialla Italiassa, Milanon ja Bolognan teollisuuskeskuksista Firenzen ja Venetsian insin\u00f6\u00f6rikeskuksiin.<\/p>\n<div>\n<h2>Mit\u00e4 ovat kaksoiskierrevaihteet?<\/h2>\n<p class=\"break-words\">Kaksoiskierrevaihteet koostuvat kahdesta kierrehammasparista \u2013 toisessa on vasemmalle ja toisessa oikealle kierre \u2013 jotka on j\u00e4rjestetty symmetrisesti yhdelle hammaspy\u00f6r\u00e4lle. T\u00e4m\u00e4 V-muotoinen rakenne erottaa ne yksikierrevaihteista ja kalanruotovaihteista, joista j\u00e4lkimm\u00e4isiss\u00e4 ei ole keskiuraa. Vastakkaiset kierrekulmat kumoavat aksiaalivoimat, mik\u00e4 varmistaa tasaisemman ja hiljaisemman toiminnan ja v\u00e4hent\u00e4\u00e4 laakereiden kulumista. Etsitp\u00e4 sitten tarkkuusvaihteita turbokoneisiin Milanossa tai laivojen propulsiokomponentteja Venetsiassa, kaksikierrevaihteet tarjoavat vertaansa vailla olevaa luotettavuutta.<\/p>\n<h3>Suunnittelu ja rakenne<\/h3>\n<p class=\"break-words\">Kaksoiskierukkavaihteen tunnusmerkki on sen kaksoiskierukkarakenne:<\/p>\n<ul class=\"marker:text-secondary\">\n<li class=\"break-words\"><strong>Helix-kulma<\/strong>Vasemman ja oikeanpuoleisilla kierteill\u00e4 on identtiset kulmat, mutta vastakkaiset suunnat, mik\u00e4 neutraloi aksiaalisen ty\u00f6nt\u00f6voiman.<\/li>\n<li class=\"break-words\"><strong>Keskiaukko<\/strong>Toisin kuin kalanruotohammaspy\u00f6riss\u00e4, kaksoiskierukkavaihteissa on pieni ura kierteiden v\u00e4liss\u00e4, mik\u00e4 helpottaa valmistusta ja kokoonpanoa.<\/li>\n<li class=\"break-words\"><strong>Hampaiden kiinnittyminen<\/strong>P\u00e4\u00e4llekk\u00e4iset hampaat tarjoavat paremman kosketussuhteen, mik\u00e4 jakaa kuorman tasaisesti ja parantaa kest\u00e4vyytt\u00e4.<\/li>\n<\/ul>\n<p class=\"break-words\">T\u00e4m\u00e4 rakenne varmistaa optimaalisen suorituskyvyn suuren v\u00e4\u00e4nt\u00f6momentin sovelluksissa, mik\u00e4 on ominaisuus, jota Bolognan raskaskoneteollisuuden ja Firenzen ilmailuteollisuuden insin\u00f6\u00f6rit arvostavat.<\/p>\n<table style=\"border-collapse: collapse; width: 98.2154%; height: 5px;\" border=\"0\" width=\"162\" cellspacing=\"0\" cellpadding=\"0\">\n<tbody>\n<tr style=\"height: 14.40pt;\">\n<td style=\"height: 14.40pt; width: 48.60pt;\" width=\"81\" height=\"24\"><img loading=\"lazy\" decoding=\"async\" class=\"wp-image-7318 aligncenter\" src=\"https:\/\/fmp-components.com\/wp-content\/uploads\/2025\/03\/double-helical-gear-3.webp\" alt=\"kaksoiskierukkavaihde\" width=\"462\" height=\"307\" title=\"\"><\/td>\n<td style=\"width: 48.60pt;\" align=\"right\" width=\"81\"><img loading=\"lazy\" decoding=\"async\" class=\"size-full wp-image-7320 aligncenter\" src=\"https:\/\/fmp-components.com\/wp-content\/uploads\/2025\/03\/double-helical-gear-1.webp\" alt=\"kaksoiskierukkavaihde\" width=\"600\" height=\"399\" title=\"\" srcset=\"https:\/\/fmp-components.com\/wp-content\/uploads\/2025\/03\/double-helical-gear-1.webp 600w, https:\/\/fmp-components.com\/wp-content\/uploads\/2025\/03\/double-helical-gear-1-480x319.webp 480w\" sizes=\"(min-width: 0px) and (max-width: 480px) 480px, (min-width: 481px) 600px, 100vw\" \/><\/td>\n<\/tr>\n<\/tbody>\n<\/table>\n<h3>Kuinka kaksoiskierrevaihteet toimivat<\/h3>\n<p class=\"break-words\">Kaksoiskierrehammaspy\u00f6r\u00e4t v\u00e4litt\u00e4v\u00e4t py\u00f6rimisliikett\u00e4 rinnakkaisten akseleiden v\u00e4lill\u00e4 poikkeuksellisen tehokkaasti. Vastakkaisten kierrehammaspy\u00f6rien samanaikainen kytkeytyminen tasapainottaa aksiaalivoimia, mik\u00e4 poistaa tarpeen lis\u00e4laakereille \u2013 merkitt\u00e4v\u00e4 etu yksitt\u00e4isiin kierrehammaspy\u00f6riin verrattuna. T\u00e4m\u00e4 v\u00e4hent\u00e4\u00e4 t\u00e4rin\u00e4\u00e4 ja melua, mik\u00e4 tekee niist\u00e4 ihanteellisia Italian kukoistavien teollisuuskaupunkien, kuten Milanon ja Torinon, nopeisiin k\u00e4ytt\u00f6ihin.<\/p>\n<div>\n<h2>Tuplakierukkavaihteiden edut<\/h2>\n<p class=\"break-words\">Kaksoiskierrevaihteet tarjoavat lukuisia etuja:<\/p>\n<ul class=\"marker:text-secondary\">\n<li class=\"break-words\"><strong>Suuri kuormituskapasiteetti<\/strong>T\u00e4ydellinen Bolognan kaivos- ja ter\u00e4steollisuuden raskaisiin sovelluksiin.<\/li>\n<li class=\"break-words\"><strong>Hiljainen toiminta<\/strong>Tasainen hampaiden kosketus minimoi melun, mik\u00e4 on Florencen tarkkuusvalmistuksen avaintekij\u00e4.<\/li>\n<li class=\"break-words\"><strong>Ei aksiaalista ty\u00f6nt\u00f6voimaa<\/strong>Tasapainoinen rakenne pident\u00e4\u00e4 laakerin k\u00e4ytt\u00f6ik\u00e4\u00e4 ja v\u00e4hent\u00e4\u00e4 yll\u00e4pitokustannuksia Venicen meriteollisuudessa.<\/li>\n<li class=\"break-words\"><strong>Parannettu tehokkuus<\/strong>Jatkuva hammaskosketus tehostaa v\u00e4\u00e4nt\u00f6momentin siirtoa ja optimoi energiankulutuksen.<\/li>\n<li class=\"break-words\"><strong>Kest\u00e4vyys<\/strong>Tasainen kuorman jakautuminen varmistaa pitk\u00e4n k\u00e4ytt\u00f6i\u00e4n, mik\u00e4 on elint\u00e4rke\u00e4\u00e4 Milanon s\u00e4hk\u00f6ntuotantolaitoksille.<\/li>\n<li class=\"break-words\"><strong>Kompakti muotoilu<\/strong>Korkea suorituskyky pienemm\u00e4ss\u00e4 koossa sopii ahtaisiin sovelluksiin.<\/li>\n<\/ul>\n<p class=\"break-words\">N\u00e4m\u00e4 edut tekev\u00e4t kaksoiskierukkavaihteista ensisijaisen vaihtoehdon Italian monipuolisessa teollisuusmaisemassa.<\/p>\n<h3>Kaksoiskierrevaihteiden sovellukset<\/h3>\n<p class=\"break-words\">Kaksoiskierrevaihteet erinomaisia \u200b\u200buseilla eri aloilla:<\/p>\n<ul class=\"marker:text-secondary\">\n<li class=\"break-words\"><strong>Raskaat koneet<\/strong>K\u00e4ytet\u00e4\u00e4n murskaimissa ja kuljettimissa Bolognan teollisuusalueilla.<\/li>\n<li class=\"break-words\"><strong>S\u00e4hk\u00f6ntuotanto<\/strong>Integroitu osa turbiinivaihteistoja Milanon energialaitoksissa.<\/li>\n<li class=\"break-words\"><strong>\u00d6ljy ja kaasu<\/strong>V\u00e4ltt\u00e4m\u00e4t\u00f6n Venetsian l\u00e4hell\u00e4 sijaitsevien offshore-lauttojen porausj\u00e4rjestelmille.<\/li>\n<li class=\"break-words\"><strong>Autoteollisuus ja ilmailuteollisuus<\/strong>Suuriv\u00e4\u00e4nt\u00f6iset vaihteistot Firenzen konepajakeskuksissa.<\/li>\n<li class=\"break-words\"><strong>Meripropulsio<\/strong>Laivojen polttoaineensy\u00f6tt\u00f6 Italian rannikkokaupungeissa, kuten Genovassa ja Venetsiassa.<\/li>\n<\/ul>\n<h2>FMP Company: Kumppanisi kaksoiskierukkavaihteiden ratkaisuissa<\/h2>\n<p>Valmistamme kaksoiskierrekruunuisia kruunupy\u00f6ri\u00e4 ja -akseleita jopa \u00d8 2\u00a0000 mm:iin asti. Optimaaliset korjaukset hammasprofiilin kruunun, hampaan k\u00e4rjen ja juuren viimeistelyn sek\u00e4 juuren s\u00e4teen suhteen takaavat tasaisen ja hiljaisen k\u00e4ynnin sek\u00e4 optimaaliset k\u00e4ytt\u00f6meluominaisuudet.<\/p>\n<p class=\"break-words\">FMP Companylla olemme ylpeit\u00e4 voidessamme valmistaa laajan valikoiman kaksoiskierukkavaihteita vakiomalleista pienirakoisiin malleihin, kierukkavaihteisiin, lieri\u00f6vaihteisiin, sis\u00e4hammaspy\u00f6riin ja hammaspy\u00f6riin. Italiassa sijaitsevamme palvelee asiakkaita Milanossa, Venetsiassa, Firenzess\u00e4, Bolognassa ja muualla toimittaen tarkkuusteknisi\u00e4 ratkaisuja jokaiseen projektiin.<\/p>\n<ul class=\"marker:text-secondary\">\n<li class=\"break-words\"><strong>Mukautetut vaihteet<\/strong>Tarvitsetko tietyn mallin? Tarjoamme t\u00e4ysin r\u00e4\u00e4t\u00e4l\u00f6ityj\u00e4 kaksoiskierukkavaihteita, jotka on r\u00e4\u00e4t\u00e4l\u00f6ity tarpeidesi mukaan, olipa kyseess\u00e4 sitten ilmailu- ja avaruustekniikka Firenzess\u00e4 tai merisovellukset Venetsiassa.<\/li>\n<li class=\"break-words\"><strong>Laaja valikoima<\/strong>Tuotevalikoimaamme kuuluu jopa 8 metrin halkaisijaltaan olevia kaksoiskierukkavaihteita, jotka on valmistettu edistyneill\u00e4 koneilla ja eritt\u00e4in lujista ter\u00e4ksist\u00e4 kest\u00e4m\u00e4\u00e4n vaativia ymp\u00e4rist\u00f6j\u00e4.<\/li>\n<li class=\"break-words\"><strong>Eik\u00f6 luettelossamme?<\/strong>Jos et l\u00f6yd\u00e4 tarvitsemaasi mallia tuoteluettelostamme \u2013 olitpa sitten Milanossa tai Bolognassa \u2013 emme todenn\u00e4k\u00f6isesti ole viel\u00e4 ladanneet sit\u00e4 palveluumme. L\u00e4het\u00e4 meille s\u00e4hk\u00f6postia osoitteeseen <a href=\"mailto:info@fmpcomponents.it\">info@fmpcomponents.it<\/a> spesifikaatioidesi mukaisesti, ja insin\u00f6\u00f6rimme vastaavat ratkaisulla 24 tunnin kuluessa.<\/li>\n<\/ul>\n<table style=\"border-collapse: collapse; width: 101.516%; height: 681px;\" border=\"0\" width=\"589\" cellspacing=\"0\" cellpadding=\"0\">\n<tbody>\n<tr style=\"height: 16.20pt;\">\n<td class=\"et2\" style=\"height: 48px; width: 52.6196%;\" rowspan=\"2\" width=\"526\" height=\"54\">\u00a0\u00a0<img loading=\"lazy\" decoding=\"async\" class=\"size-full wp-image-7325 aligncenter\" src=\"https:\/\/fmp-components.com\/wp-content\/uploads\/2025\/03\/double-helical-gear-7.webp\" alt=\"kaksoiskierukkavaihde\" width=\"1152\" height=\"1536\" title=\"\" srcset=\"https:\/\/fmp-components.com\/wp-content\/uploads\/2025\/03\/double-helical-gear-7.webp 1152w, https:\/\/fmp-components.com\/wp-content\/uploads\/2025\/03\/double-helical-gear-7-980x1307.webp 980w, https:\/\/fmp-components.com\/wp-content\/uploads\/2025\/03\/double-helical-gear-7-480x640.webp 480w\" sizes=\"(min-width: 0px) and (max-width: 480px) 480px, (min-width: 481px) and (max-width: 980px) 980px, (min-width: 981px) 1152px, 100vw\" \/><\/td>\n<td class=\"et3\" style=\"width: 47.2665%; height: 25px;\" align=\"right\" width=\"63\"><img loading=\"lazy\" decoding=\"async\" class=\"size-full wp-image-7323 aligncenter\" src=\"https:\/\/fmp-components.com\/wp-content\/uploads\/2025\/03\/double-helical-gear-9.webp\" alt=\"kaksoiskierukkavaihde\" width=\"1600\" height=\"1200\" title=\"\" srcset=\"https:\/\/fmp-components.com\/wp-content\/uploads\/2025\/03\/double-helical-gear-9.webp 1600w, https:\/\/fmp-components.com\/wp-content\/uploads\/2025\/03\/double-helical-gear-9-1280x960.webp 1280w, https:\/\/fmp-components.com\/wp-content\/uploads\/2025\/03\/double-helical-gear-9-980x735.webp 980w, https:\/\/fmp-components.com\/wp-content\/uploads\/2025\/03\/double-helical-gear-9-480x360.webp 480w\" sizes=\"(min-width: 0px) and (max-width: 480px) 480px, (min-width: 481px) and (max-width: 980px) 980px, (min-width: 981px) and (max-width: 1280px) 1280px, (min-width: 1281px) 1600px, 100vw\" \/><\/td>\n<\/tr>\n<tr style=\"height: 16.20pt;\">\n<td class=\"et3\" style=\"height: 23px; width: 47.2665%;\" align=\"right\"><img loading=\"lazy\" decoding=\"async\" class=\"size-full wp-image-7324 aligncenter\" src=\"https:\/\/fmp-components.com\/wp-content\/uploads\/2025\/03\/double-helical-gear-8.webp\" alt=\"kaksoiskierukkavaihde\" width=\"2048\" height=\"1366\" title=\"\" srcset=\"https:\/\/fmp-components.com\/wp-content\/uploads\/2025\/03\/double-helical-gear-8.webp 2048w, https:\/\/fmp-components.com\/wp-content\/uploads\/2025\/03\/double-helical-gear-8-1280x854.webp 1280w, https:\/\/fmp-components.com\/wp-content\/uploads\/2025\/03\/double-helical-gear-8-980x654.webp 980w, https:\/\/fmp-components.com\/wp-content\/uploads\/2025\/03\/double-helical-gear-8-480x320.webp 480w\" sizes=\"(min-width: 0px) and (max-width: 480px) 480px, (min-width: 481px) and (max-width: 980px) 980px, (min-width: 981px) and (max-width: 1280px) 1280px, (min-width: 1281px) 2048px, 100vw\" \/><\/td>\n<\/tr>\n<\/tbody>\n<\/table>\n<h4>Optimoitu valmistus Italian markkinoille<\/h4>\n<p class=\"break-words\">FMP hy\u00f6dynt\u00e4\u00e4 huipputeknologiaa, kuten FE-pohjaista hammaskosketusanalyysi\u00e4 ja jatkuvaa generoivaa hiontaa, tarkkuuden ja laadun varmistamiseksi. Vaihteistomme t\u00e4ytt\u00e4v\u00e4t AGMA:n laatustandardit 12, mik\u00e4 tarjoaa erinomaista suorituskyky\u00e4 Torinon, Genovan ja muiden alueiden teollisuudenaloille. Olitpa sitten optimoimassa tehotiheytt\u00e4 Milanon turbovaihteissa tai v\u00e4hent\u00e4m\u00e4ss\u00e4 melua Firenzen s\u00e4hk\u00f6liikkuvuusprojekteissa, FMP toimittaa.<\/p>\n<p class=\"break-words\">Kaksoiskierrevaihteet ovat modernin suunnittelun kulmakivi, sill\u00e4 ne yhdist\u00e4v\u00e4t lujuuden, tehokkuuden ja hiljaisen k\u00e4ynnin. FMP Companylla olemme sitoutuneet tarjoamaan Italian teollisuusjohtajille \u2013 Milanosta Venetsiaan \u2013 huippuluokan vaihderatkaisuja. Tarvitsetpa sitten valmiita tuotteita tai r\u00e4\u00e4t\u00e4l\u00f6ityj\u00e4 malleja, ota meihin yhteytt\u00e4 jo t\u00e4n\u00e4\u00e4n. Jos haluamaasi mallia ei ole listalla, \u00e4l\u00e4 ep\u00e4r\u00f6i l\u00e4hett\u00e4\u00e4 meille s\u00e4hk\u00f6postia \u2013 tiimimme on valmis auttamaan 24 tunnin kuluessa. Anna FMP:n tehostaa seuraavaa projektiasi tarkasti ja luotettavasti.<\/p>\n<p><img loading=\"lazy\" decoding=\"async\" class=\"wp-image-7321 aligncenter\" src=\"https:\/\/fmp-components.com\/wp-content\/uploads\/2025\/03\/double-helical-gear-5.webp\" alt=\"kaksoiskierukkavaihde\" width=\"944\" height=\"707\" title=\"\" srcset=\"https:\/\/fmp-components.com\/wp-content\/uploads\/2025\/03\/double-helical-gear-5.webp 944w, https:\/\/fmp-components.com\/wp-content\/uploads\/2025\/03\/double-helical-gear-5-480x359.webp 480w\" sizes=\"(min-width: 0px) and (max-width: 480px) 480px, (min-width: 481px) 944px, 100vw\" \/><\/p>\n<\/div>\n<\/div>","protected":false},"excerpt":{"rendered":"<p>\u00a0Double helical gears, often referred to as herringbone gears, represent a pinnacle of engineering ingenuity in gear technology. These gears combine the strengths of helical gears\u2014such as smooth operation and high load capacity\u2014with a unique design that eliminates axial thrust, making them indispensable in demanding industrial applications. At FMP Company, we specialize in manufacturing a [&hellip;]<\/p>","protected":false},"featured_media":7322,"comment_status":"open","ping_status":"closed","template":"","meta":{"_et_pb_use_builder":"","_et_pb_old_content":"","_et_gb_content_width":""},"product_brand":[],"product_cat":[108],"product_tag":[],"class_list":{"0":"post-7315","1":"product","2":"type-product","3":"status-publish","4":"has-post-thumbnail","6":"product_cat-helical-gear","8":"first","9":"instock","10":"shipping-taxable","11":"product-type-simple"},"_links":{"self":[{"href":"https:\/\/fmp-components.com\/fi\/wp-json\/wp\/v2\/product\/7315","targetHints":{"allow":["GET"]}}],"collection":[{"href":"https:\/\/fmp-components.com\/fi\/wp-json\/wp\/v2\/product"}],"about":[{"href":"https:\/\/fmp-components.com\/fi\/wp-json\/wp\/v2\/types\/product"}],"replies":[{"embeddable":true,"href":"https:\/\/fmp-components.com\/fi\/wp-json\/wp\/v2\/comments?post=7315"}],"wp:featuredmedia":[{"embeddable":true,"href":"https:\/\/fmp-components.com\/fi\/wp-json\/wp\/v2\/media\/7322"}],"wp:attachment":[{"href":"https:\/\/fmp-components.com\/fi\/wp-json\/wp\/v2\/media?parent=7315"}],"wp:term":[{"taxonomy":"product_brand","embeddable":true,"href":"https:\/\/fmp-components.com\/fi\/wp-json\/wp\/v2\/product_brand?post=7315"},{"taxonomy":"product_cat","embeddable":true,"href":"https:\/\/fmp-components.com\/fi\/wp-json\/wp\/v2\/product_cat?post=7315"},{"taxonomy":"product_tag","embeddable":true,"href":"https:\/\/fmp-components.com\/fi\/wp-json\/wp\/v2\/product_tag?post=7315"}],"curies":[{"name":"wp","href":"https:\/\/api.w.org\/{rel}","templated":true}]}}