{"id":7243,"date":"2025-03-21T01:45:53","date_gmt":"2025-03-21T01:45:53","guid":{"rendered":"https:\/\/fmp-components.com\/?post_type=product&#038;p=7243"},"modified":"2025-04-05T06:52:39","modified_gmt":"2025-04-05T06:52:39","slug":"plastic-worm-gears","status":"publish","type":"product","link":"https:\/\/fmp-components.com\/fi\/product\/plastic-worm-gears\/","title":{"rendered":"Muoviset matovaihteet"},"content":{"rendered":"<h2>Muoviset matovaihteet: Kest\u00e4vi\u00e4 ja mukautettavia ratkaisuja FMP-yritykselt\u00e4<\/h2>\n<p class=\"break-words\">Muoviset matovaihteet ovat elint\u00e4rkeit\u00e4 osia nykyaikaisissa koneissa, ja ne tarjoavat ainutlaatuisen yhdistelm\u00e4n kest\u00e4vyytt\u00e4, monipuolisuutta ja tehokkuutta. FMP Companylla olemme erikoistuneet korkealaatuisten muoviosien valmistukseen. <a href=\"https:\/\/fmp-components.com\/fi\/worm-gear-and-worm-shaft-2\/\">matovaihteet<\/a> suunniteltu vastaamaan eri teollisuudenalojen monipuolisiin tarpeisiin kaikkialla Italiassa ja muualla. Tarvitsetpa sitten vakiomalleja tai r\u00e4\u00e4t\u00e4l\u00f6ityj\u00e4 ratkaisuja, asiantuntemuksemme takaa, ett\u00e4 saat luotettavia ja r\u00e4\u00e4t\u00e4l\u00f6ityj\u00e4 tuotteita.<\/p>\n<p><img loading=\"lazy\" decoding=\"async\" class=\"size-full wp-image-7245 aligncenter\" src=\"https:\/\/fmp-components.com\/wp-content\/uploads\/2025\/03\/plastic-worm-gear-2.webp\" alt=\"muovinen matovaihde\" width=\"975\" height=\"762\" title=\"\" srcset=\"https:\/\/fmp-components.com\/wp-content\/uploads\/2025\/03\/plastic-worm-gear-2.webp 975w, https:\/\/fmp-components.com\/wp-content\/uploads\/2025\/03\/plastic-worm-gear-2-480x375.webp 480w\" sizes=\"(min-width: 0px) and (max-width: 480px) 480px, (min-width: 481px) 975px, 100vw\" \/><\/p>\n<div>\n<h3>Miksi valita muoviset matovaihteet?<\/h3>\n<p class=\"break-words\">Muoviset matovaihteet tarjoavat selkeit\u00e4 etuja metallisiin vastineisiinsa verrattuna, mik\u00e4 tekee niist\u00e4 ensisijaisen valinnan useissa sovelluksissa:<\/p>\n<ul class=\"marker:text-secondary\">\n<li class=\"break-words\"><strong>Kevyt muotoilu<\/strong>Merkitt\u00e4v\u00e4sti metallivaihteita kevyemm\u00e4t muoviset matovaihteet v\u00e4hent\u00e4v\u00e4t koneiden painoa ja parantavat energiatehokkuutta.<\/li>\n<li class=\"break-words\"><strong>Ruostumaton kest\u00e4vyys<\/strong>Korroosionkest\u00e4v\u00e4t, ne toimivat erinomaisesti kosteissa tai ankarissa ymp\u00e4rist\u00f6iss\u00e4 varmistaen pitk\u00e4aikaisen suorituskyvyn.<\/li>\n<li class=\"break-words\"><strong>Hiljainen k\u00e4ytt\u00f6<\/strong>Niiden tasainen toiminta minimoi melun, mik\u00e4 on ihanteellinen hiljaista suorituskyky\u00e4 vaativiin sovelluksiin, kuten l\u00e4\u00e4kinn\u00e4llisiin laitteisiin tai kulutuselektroniikkaan.<\/li>\n<li class=\"break-words\"><strong>Kustannustehokas tuotanto<\/strong>Ruiskuvalu mahdollistaa edullisen ja laajamittaisen valmistuksen laadusta tinkim\u00e4tt\u00e4.<\/li>\n<li class=\"break-words\"><strong>Itsevoitelevat ominaisuudet<\/strong>Ne on valmistettu materiaaleista, kuten polyasetaalista (POM) ja MC-nailonista, ja ne toimivat usein ilman lis\u00e4voitelua, mik\u00e4 v\u00e4hent\u00e4\u00e4 huoltotarvetta.<\/li>\n<\/ul>\n<p class=\"break-words\">Italiassa esimerkiksi elintarviketuotanto, kulutuselektroniikka ja l\u00e4\u00e4kinn\u00e4llisten laitteiden valmistus vaativat n\u00e4it\u00e4 ominaisuuksia yh\u00e4 enemm\u00e4n. Muovisten matovaihteiden kevyt ja ruostumaton rakenne vastaa t\u00e4ydellisesti tehokkaita ja luotettavia ratkaisuja etsivien italialaisten yritysten tarpeisiin.<\/p>\n<p><img loading=\"lazy\" decoding=\"async\" class=\"size-full wp-image-7247 aligncenter\" src=\"https:\/\/fmp-components.com\/wp-content\/uploads\/2025\/03\/plastic-worm-gear-3.webp\" alt=\"muovinen matovaihde\" width=\"813\" height=\"473\" title=\"\" srcset=\"https:\/\/fmp-components.com\/wp-content\/uploads\/2025\/03\/plastic-worm-gear-3.webp 813w, https:\/\/fmp-components.com\/wp-content\/uploads\/2025\/03\/plastic-worm-gear-3-480x279.webp 480w\" sizes=\"(min-width: 0px) and (max-width: 480px) 480px, (min-width: 481px) 813px, 100vw\" \/><\/p>\n<h2>Tekniset tiedot<\/h2>\n<table style=\"width: 100%;\" border=\"1\" width=\"100%\" cellspacing=\"0\" cellpadding=\"0\">\n<tbody>\n<tr style=\"height: 15.15pt;\">\n<td style=\"height: 15.15pt; width: 48.00pt;\" align=\"right\" width=\"80\" height=\"25\">\u00a0\u00a0<img loading=\"lazy\" decoding=\"async\" class=\"wp-image-7796 aligncenter\" src=\"https:\/\/fmp-components.com\/wp-content\/uploads\/2025\/03\/plastic-worm-gear-manufacturer.jpg\" alt=\"muovisten matovaihteiden valmistaja\" width=\"448\" height=\"356\" title=\"\" srcset=\"https:\/\/fmp-components.com\/wp-content\/uploads\/2025\/03\/plastic-worm-gear-manufacturer.jpg 195w, https:\/\/fmp-components.com\/wp-content\/uploads\/2025\/03\/plastic-worm-gear-manufacturer-15x12.jpg 15w\" sizes=\"(max-width: 448px) 100vw, 448px\" \/><\/td>\n<td style=\"width: 48.00pt;\" align=\"right\" width=\"80\"><img loading=\"lazy\" decoding=\"async\" class=\"wp-image-7795 aligncenter\" src=\"https:\/\/fmp-components.com\/wp-content\/uploads\/2025\/03\/worm-gear-manufacturer.jpg\" alt=\"muovisen matovaihteen erittely\" width=\"488\" height=\"334\" title=\"\" srcset=\"https:\/\/fmp-components.com\/wp-content\/uploads\/2025\/03\/worm-gear-manufacturer.jpg 190w, https:\/\/fmp-components.com\/wp-content\/uploads\/2025\/03\/worm-gear-manufacturer-18x12.jpg 18w\" sizes=\"(max-width: 488px) 100vw, 488px\" \/><\/td>\n<\/tr>\n<tr style=\"height: 15.15pt;\">\n<td class=\"et2\" style=\"height: 15.15pt; width: 48.00pt;\" width=\"80\" height=\"25\">Tyyppi<\/td>\n<td class=\"et3\" style=\"width: 48.00pt;\" width=\"80\">Mato<\/td>\n<\/tr>\n<tr style=\"height: 29.55pt;\">\n<td class=\"et2\" style=\"height: 29.55pt; width: 48.00pt;\" width=\"80\" height=\"49\">Moduuli<\/td>\n<td class=\"et3\" style=\"width: 48.00pt;\" width=\"80\">M0.2\u2013M2.0<\/td>\n<\/tr>\n<tr style=\"height: 58.35pt;\">\n<td class=\"et2\" style=\"height: 58.35pt; width: 48.00pt;\" width=\"80\" height=\"97\">Materiaali<\/td>\n<td class=\"et3\" style=\"width: 48.00pt;\" width=\"80\">Polyasetaali (POM) \/ Nailon<\/td>\n<\/tr>\n<tr style=\"height: 58.35pt;\">\n<td class=\"et2\" style=\"height: 58.35pt; width: 48.00pt;\" width=\"80\" height=\"97\">Poraus<\/td>\n<td class=\"et3\" style=\"width: 48.00pt;\" width=\"80\">\u00d81,40 mm \/ \u00d81,90 mm<\/td>\n<\/tr>\n<tr style=\"height: 101.55pt;\">\n<td class=\"et2\" style=\"height: 101.55pt; width: 48.00pt;\" width=\"80\" height=\"169\">Ulkohalkaisija<\/td>\n<td class=\"et3\" style=\"width: 48.00pt;\" width=\"80\">\u00d84,0 mm\/ \u00d85,0 mm\/ \u00d86,0 mm (joustava)<\/td>\n<\/tr>\n<tr style=\"height: 72.75pt;\">\n<td class=\"et2\" style=\"height: 72.75pt; width: 48.00pt;\" width=\"80\" height=\"121\">Pituus<\/td>\n<td class=\"et3\" style=\"width: 48.00pt;\" width=\"80\">6,0 mm \/ 8,5 mm \/ 10,0 mm (joustava)<\/td>\n<\/tr>\n<\/tbody>\n<\/table>\n<div><\/div>\n<div>\n<table style=\"width: 100%;\" border=\"1\" width=\"100%\" cellspacing=\"0\" cellpadding=\"0\">\n<tbody>\n<tr style=\"height: 15.15pt;\">\n<td class=\"et2\" style=\"height: 15.15pt; width: 96.00pt;\" colspan=\"2\" width=\"160\" height=\"25\"><img loading=\"lazy\" decoding=\"async\" class=\"alignnone wp-image-7797\" src=\"https:\/\/fmp-components.com\/wp-content\/uploads\/2025\/03\/plastic-worm-gear-manufacturer-1.jpg\" alt=\"muovinen matovaihde\" width=\"938\" height=\"376\" title=\"\" srcset=\"https:\/\/fmp-components.com\/wp-content\/uploads\/2025\/03\/plastic-worm-gear-manufacturer-1.jpg 938w, https:\/\/fmp-components.com\/wp-content\/uploads\/2025\/03\/plastic-worm-gear-manufacturer-1-480x192.jpg 480w\" sizes=\"(min-width: 0px) and (max-width: 480px) 480px, (min-width: 481px) 938px, 100vw\" \/><\/td>\n<\/tr>\n<tr style=\"height: 55.95pt;\">\n<td class=\"et3\" style=\"height: 55.95pt; width: 48.00pt;\" width=\"80\" height=\"93\">Tuote<\/td>\n<td class=\"et4\" style=\"width: 48.00pt;\" width=\"80\">M0.4 * 30T Vaihde + mato<\/td>\n<\/tr>\n<tr style=\"height: 28.35pt;\">\n<td class=\"et3\" style=\"height: 28.35pt; width: 48.00pt;\" width=\"80\" height=\"47\">Materiaali<\/td>\n<td class=\"et4\" style=\"width: 48.00pt;\" width=\"80\">TEPCON_M90-10<\/td>\n<\/tr>\n<tr style=\"height: 14.55pt;\">\n<td class=\"et3\" style=\"height: 14.55pt; width: 48.00pt;\" width=\"80\" height=\"24\">Moduuli<\/td>\n<td class=\"et4\" style=\"width: 48.00pt;\" width=\"80\">M0.4<\/td>\n<\/tr>\n<tr style=\"height: 28.35pt;\">\n<td class=\"et3\" style=\"height: 28.35pt; width: 48.00pt;\" width=\"80\" height=\"47\">Hampaiden lukum\u00e4\u00e4r\u00e4<\/td>\n<td class=\"et4\" style=\"width: 48.00pt;\" width=\"80\">30T \/ 1T<\/td>\n<\/tr>\n<tr style=\"height: 28.35pt;\">\n<td class=\"et3\" style=\"height: 28.35pt; width: 48.00pt;\" width=\"80\" height=\"47\">Paino<\/td>\n<td class=\"et4\" style=\"width: 48.00pt;\" width=\"80\">0,75 g \/ kpl<\/td>\n<\/tr>\n<tr style=\"height: 55.95pt;\">\n<td class=\"et3\" style=\"height: 55.95pt; width: 48.00pt;\" width=\"80\" height=\"93\">Hakemus<\/td>\n<td class=\"et4\" style=\"width: 48.00pt;\" width=\"80\">IP-kamera, n\u00e4ytt\u00f6 yms.<\/td>\n<\/tr>\n<\/tbody>\n<\/table>\n<\/div>\n<\/div>\n<table style=\"width: 100%;\" border=\"1\" width=\"100%\" cellspacing=\"0\" cellpadding=\"0\">\n<tbody>\n<tr style=\"height: 15.15pt;\">\n<td class=\"et2\" style=\"height: 15.15pt; width: 96.00pt;\" colspan=\"2\" width=\"160\" height=\"25\"><img loading=\"lazy\" decoding=\"async\" class=\"alignnone wp-image-7798\" src=\"https:\/\/fmp-components.com\/wp-content\/uploads\/2025\/03\/plastic-worm-gear-manufacturer-2.jpg\" alt=\"muovinen matovaihde\" width=\"930\" height=\"371\" title=\"\" srcset=\"https:\/\/fmp-components.com\/wp-content\/uploads\/2025\/03\/plastic-worm-gear-manufacturer-2.jpg 930w, https:\/\/fmp-components.com\/wp-content\/uploads\/2025\/03\/plastic-worm-gear-manufacturer-2-480x191.jpg 480w\" sizes=\"(min-width: 0px) and (max-width: 480px) 480px, (min-width: 481px) 930px, 100vw\" \/><\/td>\n<\/tr>\n<tr style=\"height: 28.35pt;\">\n<td class=\"et3\" style=\"height: 28.35pt; width: 48.00pt;\" width=\"80\" height=\"47\">Tuote<\/td>\n<td class=\"et4\" style=\"width: 48.00pt;\" width=\"80\">M0.4 RH-mato<\/td>\n<\/tr>\n<tr style=\"height: 28.35pt;\">\n<td class=\"et3\" style=\"height: 28.35pt; width: 48.00pt;\" width=\"80\" height=\"47\">Materiaali<\/td>\n<td class=\"et4\" style=\"width: 48.00pt;\" width=\"80\">TEPCON_M90-10<\/td>\n<\/tr>\n<tr style=\"height: 14.55pt;\">\n<td class=\"et3\" style=\"height: 14.55pt; width: 48.00pt;\" width=\"80\" height=\"24\">Moduuli<\/td>\n<td class=\"et4\" style=\"width: 48.00pt;\" width=\"80\">M0.4<\/td>\n<\/tr>\n<tr style=\"height: 28.35pt;\">\n<td class=\"et3\" style=\"height: 28.35pt; width: 48.00pt;\" width=\"80\" height=\"47\">Hampaiden lukum\u00e4\u00e4r\u00e4<\/td>\n<td class=\"et4\" style=\"width: 48.00pt;\" width=\"80\">1T (oikeak\u00e4tinen)<\/td>\n<\/tr>\n<tr style=\"height: 28.35pt;\">\n<td class=\"et3\" style=\"height: 28.35pt; width: 48.00pt;\" width=\"80\" height=\"47\">Paino<\/td>\n<td class=\"et4\" style=\"width: 48.00pt;\" width=\"80\">0,22 g \/ kpl<\/td>\n<\/tr>\n<tr style=\"height: 124.95pt;\">\n<td class=\"et3\" style=\"height: 124.95pt; width: 48.00pt;\" width=\"80\" height=\"208\">Hakemus<\/td>\n<td class=\"et4\" style=\"width: 48.00pt;\" width=\"80\">Koskee auton taustapeilin s\u00e4\u00e4t\u00f6vaihteistoa.<\/td>\n<\/tr>\n<\/tbody>\n<\/table>\n<div><\/div>\n<div>\n<div>\n<table style=\"width: 100%;\" border=\"1\" width=\"100%\" cellspacing=\"0\" cellpadding=\"0\">\n<tbody>\n<tr style=\"height: 15.15pt;\">\n<td class=\"et2\" style=\"height: 15.15pt; width: 96.00pt;\" colspan=\"2\" width=\"160\" height=\"25\"><img loading=\"lazy\" decoding=\"async\" class=\"wp-image-7794 aligncenter\" src=\"https:\/\/fmp-components.com\/wp-content\/uploads\/2025\/03\/plastic-worm-gear-manufacturer-3.jpg\" alt=\"muovisten matovaihteiden valmistaja\" width=\"960\" height=\"378\" title=\"\" srcset=\"https:\/\/fmp-components.com\/wp-content\/uploads\/2025\/03\/plastic-worm-gear-manufacturer-3.jpg 960w, https:\/\/fmp-components.com\/wp-content\/uploads\/2025\/03\/plastic-worm-gear-manufacturer-3-480x189.jpg 480w\" sizes=\"(min-width: 0px) and (max-width: 480px) 480px, (min-width: 481px) 960px, 100vw\" \/><\/td>\n<\/tr>\n<tr style=\"height: 55.95pt;\">\n<td class=\"et3\" style=\"height: 55.95pt; width: 48.00pt;\" width=\"80\" height=\"93\">Tuote<\/td>\n<td class=\"et4\" style=\"width: 48.00pt;\" width=\"80\">Vaihderuuvi ja ruuvimutteri<\/td>\n<\/tr>\n<tr style=\"height: 14.55pt;\">\n<td class=\"et3\" style=\"height: 14.55pt; width: 48.00pt;\" width=\"80\" height=\"24\">Materiaali<\/td>\n<td class=\"et4\" style=\"width: 48.00pt;\" width=\"80\">ODM<\/td>\n<\/tr>\n<tr style=\"height: 14.55pt;\">\n<td class=\"et3\" style=\"height: 14.55pt; width: 48.00pt;\" width=\"80\" height=\"24\">Moduuli<\/td>\n<td class=\"et4\" style=\"width: 48.00pt;\" width=\"80\">ODM<\/td>\n<\/tr>\n<tr style=\"height: 28.35pt;\">\n<td class=\"et3\" style=\"height: 28.35pt; width: 48.00pt;\" width=\"80\" height=\"47\">Hampaiden lukum\u00e4\u00e4r\u00e4<\/td>\n<td class=\"et4\" style=\"width: 48.00pt;\" width=\"80\">ODM<\/td>\n<\/tr>\n<tr style=\"height: 14.55pt;\">\n<td class=\"et3\" style=\"height: 14.55pt; width: 48.00pt;\" width=\"80\" height=\"24\">Paino<\/td>\n<td class=\"et4\" style=\"width: 48.00pt;\" width=\"80\">ODM<\/td>\n<\/tr>\n<tr style=\"height: 97.35pt;\">\n<td class=\"et3\" style=\"height: 97.35pt; width: 48.00pt;\" width=\"80\" height=\"162\">Hakemus<\/td>\n<td class=\"et4\" style=\"width: 48.00pt;\" width=\"80\">Koskee s\u00e4\u00e4t\u00f6vesiventtiilin vaihteistoa.<\/td>\n<\/tr>\n<\/tbody>\n<\/table>\n<h2>FMP-yhti\u00f6n muoviset matovaihteet: laatu ja r\u00e4\u00e4t\u00e4l\u00f6inti<\/h2>\n<p class=\"break-words\">FMP Companylla olemme ylpeit\u00e4 voidessamme toimittaa laajan valikoiman muovisia matovaihteita erilaisiin k\u00e4ytt\u00f6tarkoituksiin:<\/p>\n<ul class=\"marker:text-secondary\">\n<li class=\"break-words\"><strong>Monipuolinen tuotevalikoima<\/strong>Luettelostamme l\u00f6ytyy vakiomallisia muovisia matovaihteita, joiden moduulit vaihtelevat 0,5:st\u00e4 3:een ja nopeussuhteet 10:st\u00e4 50:een. Ne on valmistettu korkealaatuisesta MC-nailonista tai POM:sta.<\/li>\n<li class=\"break-words\"><strong>R\u00e4\u00e4t\u00e4l\u00f6intipalvelut<\/strong>Ymm\u00e4rr\u00e4mme, ett\u00e4 jokaisella projektilla on ainutlaatuiset vaatimukset. Tiimimme tarjoaa r\u00e4\u00e4t\u00e4l\u00f6ityj\u00e4 muovisia matovaihteita, jotka on r\u00e4\u00e4t\u00e4l\u00f6ity tarpeidesi mukaan varmistaen optimaalisen suorituskyvyn juuri sinun sovelluksessasi.<\/li>\n<li class=\"break-words\"><strong>Etk\u00f6 l\u00f6yd\u00e4 malliasi?<\/strong>Jos tarvitsemaasi varustetta ei ole luettelossa, \u00e4l\u00e4 huoli \u2013 sit\u00e4 ei ehk\u00e4 ole viel\u00e4 ladattu tuoteluetteloomme. L\u00e4het\u00e4 meille s\u00e4hk\u00f6postia osoitteeseen <a href=\"mailto:info@fmpcomponents.it\">info@fmpcomponents.it<\/a>\u00a0vaatimuksiasi, ja insin\u00f6\u00f6rimme vastaavat 24 tunnin kuluessa auttaakseen sinua.<\/li>\n<\/ul>\n<p class=\"break-words\">Sitoutumisemme laatuun ja joustavuuteen tekee FMP Companysta luotettavan kumppanin italialaisille teollisuudelle, jotka etsiv\u00e4t kest\u00e4vi\u00e4 muovivaihteita.<\/p>\n<p><img loading=\"lazy\" decoding=\"async\" class=\"size-full wp-image-7248 aligncenter\" src=\"https:\/\/fmp-components.com\/wp-content\/uploads\/2025\/03\/plastic-worm-gear-4.webp\" alt=\"muovinen matovaihde\" width=\"760\" height=\"518\" title=\"\" srcset=\"https:\/\/fmp-components.com\/wp-content\/uploads\/2025\/03\/plastic-worm-gear-4.webp 760w, https:\/\/fmp-components.com\/wp-content\/uploads\/2025\/03\/plastic-worm-gear-4-480x327.webp 480w\" sizes=\"(min-width: 0px) and (max-width: 480px) 480px, (min-width: 481px) 760px, 100vw\" \/><\/p>\n<div>\n<h3>Materiaalien ja valmistuksen huippuosaaminen<\/h3>\n<p class=\"break-words\">Muovisten matovaihteiden suorituskyky riippuu niiden valmistuksessa k\u00e4ytetyist\u00e4 materiaaleista ja prosesseista:<\/p>\n<ul class=\"marker:text-secondary\">\n<li class=\"break-words\"><strong>Ensiluokkaiset materiaalit<\/strong>K\u00e4yt\u00e4mme teknisi\u00e4 muoveja, kuten POM:ia (polyasetaalia) ja MC-nailonia, jotka tunnetaan lujuudestaan, kulutuskest\u00e4vyydest\u00e4\u00e4n ja toimivuudestaan \u200b\u200bilman voitelua. Vaativiin sovelluksiin, joissa l\u00e4mp\u00f6tilan vaihtelut tai suuret kuormitukset ovat l\u00e4sn\u00e4, voimme integroida metallinavat (esim. S45C tai ruostumatonta ter\u00e4st\u00e4) lis\u00e4vakauden takaamiseksi.<\/li>\n<li class=\"break-words\"><strong>Edistynyt valmistus<\/strong>Tuotannossamme yhdistyv\u00e4t tarkka ruiskuvalu ja asiantunteva koneistus, mik\u00e4 varmistaa, ett\u00e4 jokainen vaihde t\u00e4ytt\u00e4\u00e4 tiukat laatustandardit. T\u00e4m\u00e4 prosessi takaa kest\u00e4vyyden, mittatarkkuuden ja kustannustehokkuuden.<\/li>\n<\/ul>\n<p class=\"break-words\">N\u00e4iden ominaisuuksien ansiosta pystymme valmistamaan muovisia matovaihteita, jotka loistavat Italian monipuolisessa teollisuusmaisemassa aina rannikoiden elintarvikejalostuslaitoksista huipputeknologisten elektroniikkatuotteiden valmistajiin.<\/p>\n<table style=\"border-collapse: collapse; width: 104.125%; height: 59px;\" border=\"0\" width=\"160\" cellspacing=\"0\" cellpadding=\"0\">\n<tbody>\n<tr style=\"height: 14.40pt;\">\n<td style=\"height: 14.4pt; width: 56.4815%;\" align=\"right\" width=\"80\" height=\"24\"><img loading=\"lazy\" decoding=\"async\" class=\"size-full wp-image-7799 aligncenter\" src=\"https:\/\/fmp-components.com\/wp-content\/uploads\/2025\/03\/nylon-Electronic-Power-Steering-System-Worm-Gear.webp\" alt=\"nailonista valmistettu elektroninen ohjaustehostinj\u00e4rjestelm\u00e4 matovaihde\" width=\"1920\" height=\"1440\" title=\"\" srcset=\"https:\/\/fmp-components.com\/wp-content\/uploads\/2025\/03\/nylon-Electronic-Power-Steering-System-Worm-Gear.webp 1920w, https:\/\/fmp-components.com\/wp-content\/uploads\/2025\/03\/nylon-Electronic-Power-Steering-System-Worm-Gear-1280x960.webp 1280w, https:\/\/fmp-components.com\/wp-content\/uploads\/2025\/03\/nylon-Electronic-Power-Steering-System-Worm-Gear-980x735.webp 980w, https:\/\/fmp-components.com\/wp-content\/uploads\/2025\/03\/nylon-Electronic-Power-Steering-System-Worm-Gear-480x360.webp 480w\" sizes=\"(min-width: 0px) and (max-width: 480px) 480px, (min-width: 481px) and (max-width: 980px) 980px, (min-width: 981px) and (max-width: 1280px) 1280px, (min-width: 1281px) 1920px, 100vw\" \/><\/td>\n<td style=\"width: 43.5185%;\" align=\"right\" width=\"80\"><img loading=\"lazy\" decoding=\"async\" class=\"size-full wp-image-7800 aligncenter\" src=\"https:\/\/fmp-components.com\/wp-content\/uploads\/2025\/03\/plastic-worm-gear-manufacturer-5.webp\" alt=\"muovisten matovaihteiden valmistaja\" width=\"1920\" height=\"1792\" title=\"\" srcset=\"https:\/\/fmp-components.com\/wp-content\/uploads\/2025\/03\/plastic-worm-gear-manufacturer-5.webp 1920w, https:\/\/fmp-components.com\/wp-content\/uploads\/2025\/03\/plastic-worm-gear-manufacturer-5-1280x1195.webp 1280w, https:\/\/fmp-components.com\/wp-content\/uploads\/2025\/03\/plastic-worm-gear-manufacturer-5-980x915.webp 980w, https:\/\/fmp-components.com\/wp-content\/uploads\/2025\/03\/plastic-worm-gear-manufacturer-5-480x448.webp 480w\" sizes=\"(min-width: 0px) and (max-width: 480px) 480px, (min-width: 481px) and (max-width: 980px) 980px, (min-width: 981px) and (max-width: 1280px) 1280px, (min-width: 1281px) 1920px, 100vw\" \/><\/td>\n<\/tr>\n<\/tbody>\n<\/table>\n<h3>Sovellukset Italiassa<\/h3>\n<p class=\"break-words\">FMP Companyn muoviset matovaihteet ovat osoittaneet arvonsa Italian markkinoilla:<\/p>\n<ul class=\"marker:text-secondary\">\n<li class=\"break-words\"><strong>Elintarviketuotanto<\/strong>Hygieniaa ja kosteudenkest\u00e4vyytt\u00e4 vaativissa koneissa ruostumattomat vaihteemme varmistavat luotettavan toiminnan ilman kontaminaatioriskej\u00e4.<\/li>\n<li class=\"break-words\"><strong>Kulutuselektroniikka<\/strong>Niiden kevyt ja hiljainen suorituskyky parantaa laitteita, kuten tulostimia ja kameroita, ja vastaa Italian innovatiivisen teknologian kysynt\u00e4\u00e4n.<\/li>\n<li class=\"break-words\"><strong>L\u00e4\u00e4ketieteelliset laitteet<\/strong>Vaihteistomme alhainen melutaso ja kest\u00e4vyys tukevat tarkkuusinstrumentteja, jotka ovat kasvava sektori Italian terveydenhuoltoalalla.<\/li>\n<\/ul>\n<\/div>\n<\/div>\n<\/div>","protected":false},"excerpt":{"rendered":"<p>Plastic Worm Gears: Durable, Customizable Solutions from FMP Company Plastic worm gears are vital components in modern machinery, offering a unique combination of durability, versatility, and efficiency. At FMP Company, we specialize in manufacturing high-quality plastic worm gears designed to meet the diverse needs of industries across Italy and beyond. Whether you require standard models [&hellip;]<\/p>","protected":false},"featured_media":7244,"comment_status":"open","ping_status":"closed","template":"","meta":{"_et_pb_use_builder":"","_et_pb_old_content":"","_et_gb_content_width":""},"product_brand":[],"product_cat":[107],"product_tag":[],"class_list":{"0":"post-7243","1":"product","2":"type-product","3":"status-publish","4":"has-post-thumbnail","6":"product_cat-worm-gear","8":"first","9":"instock","10":"shipping-taxable","11":"product-type-simple"},"_links":{"self":[{"href":"https:\/\/fmp-components.com\/fi\/wp-json\/wp\/v2\/product\/7243","targetHints":{"allow":["GET"]}}],"collection":[{"href":"https:\/\/fmp-components.com\/fi\/wp-json\/wp\/v2\/product"}],"about":[{"href":"https:\/\/fmp-components.com\/fi\/wp-json\/wp\/v2\/types\/product"}],"replies":[{"embeddable":true,"href":"https:\/\/fmp-components.com\/fi\/wp-json\/wp\/v2\/comments?post=7243"}],"wp:featuredmedia":[{"embeddable":true,"href":"https:\/\/fmp-components.com\/fi\/wp-json\/wp\/v2\/media\/7244"}],"wp:attachment":[{"href":"https:\/\/fmp-components.com\/fi\/wp-json\/wp\/v2\/media?parent=7243"}],"wp:term":[{"taxonomy":"product_brand","embeddable":true,"href":"https:\/\/fmp-components.com\/fi\/wp-json\/wp\/v2\/product_brand?post=7243"},{"taxonomy":"product_cat","embeddable":true,"href":"https:\/\/fmp-components.com\/fi\/wp-json\/wp\/v2\/product_cat?post=7243"},{"taxonomy":"product_tag","embeddable":true,"href":"https:\/\/fmp-components.com\/fi\/wp-json\/wp\/v2\/product_tag?post=7243"}],"curies":[{"name":"wp","href":"https:\/\/api.w.org\/{rel}","templated":true}]}}